{"id":57618,"date":"2022-09-26T12:13:30","date_gmt":"2022-09-26T12:13:30","guid":{"rendered":"https:\/\/sales-ai-agents.com\/templates\/client-proposal\/"},"modified":"2023-12-31T17:37:18","modified_gmt":"2023-12-31T17:37:18","slug":"client-proposal","status":"publish","type":"product","link":"https:\/\/sales-ai-agents.com\/tr\/templates\/client-proposal\/","title":{"rendered":"M\u00fc\u015fteri Teklifi"},"content":{"rendered":"<p>&nbsp;<\/p>\n<h2>M\u00fc\u015fteri Teklifi \u015eablonu<\/h2>\n<p class=\"desc-text\">Nimbus ile m\u00fc\u015fteri teklifiniz i\u00e7in t\u00fcm \u00f6nemli bilgileri tek bir sayfada toplayabilirsiniz. \u015eirket a\u00e7\u0131klaman\u0131z\u0131 ekleyin, dosyalar ve yerle\u015ftirmeler ekleyin ve potansiyel m\u00fc\u015fterilerinizi sekmeden ayr\u0131lmadan sizinle bir toplant\u0131 ayarlamaya davet edin!<br \/>\nM\u00fc\u015fterilerinizin teklifinizi daha kolay kabul edebilmesi i\u00e7in Nimbus sayfalar\u0131n\u0131za sohbet veya CTA \u00f6\u011feleri de ekleyebilirsiniz.<\/p>\n<h5>Nas\u0131l kullan\u0131l\u0131r?<\/h5>\n<ul class=\"desc-item_list\">\n<li class=\"desc-item_list__point\">Potansiyel m\u00fc\u015fterilerinize nas\u0131l yard\u0131mc\u0131 olabilece\u011finizle ba\u015flay\u0131n. Onlar i\u00e7in ne yapaca\u011f\u0131n\u0131z\u0131 ve bunun ne gibi sonu\u00e7lar getirebilece\u011fini g\u00f6sterin.<\/li>\n<li class=\"desc-item_list__point\">\u015eirketiniz ve hizmetleriniz hakk\u0131nda bilgi ekleyin.<\/li>\n<li class=\"desc-item_list__point\">Potansiyel m\u00fc\u015fterilerinize sonraki ad\u0131mlar\u0131 anlat\u0131n: ne yapmal\u0131lar? (Bir toplant\u0131 ayarlay\u0131n, &#8220;Teklifi kabul et&#8221; d\u00fc\u011fmesine t\u0131klay\u0131n).<\/li>\n<li class=\"desc-item_list__point\">Bir toplant\u0131ya ihtiya\u00e7 varsa, Calendly&#8217;yi do\u011frudan Nimbus sayfas\u0131na yerle\u015ftirin. Tart\u0131\u015fmak istedi\u011finiz noktalar\u0131 yazmay\u0131 unutmay\u0131n!<\/li>\n<\/ul>\n","protected":false},"excerpt":{"rendered":"<p>Bu \u00fccretsiz \u00f6zelle\u015ftirilebilir \u015fablonla \u00f6ne \u00e7\u0131kan bir m\u00fc\u015fteri teklifi haz\u0131rlay\u0131n. Hizmetlerinizi ayr\u0131nt\u0131l\u0131 olarak a\u00e7\u0131klay\u0131n, gerekli t\u00fcm dosyalar\u0131 ve ba\u011flant\u0131lar\u0131 ve daha fazlas\u0131n\u0131 ekleyin.<\/p>\n","protected":false},"featured_media":57621,"template":"","meta":{"_acf_changed":false,"inline_featured_image":false},"product_brand":[],"product_cat":[217,227,248],"product_tag":[],"class_list":{"0":"post-57618","1":"product","2":"type-product","3":"status-publish","4":"has-post-thumbnail","6":"product_cat-entrepreneur","7":"product_cat-marketing-clients","8":"product_cat-sales-proposals","9":"collections-client","11":"first","12":"instock","13":"virtual","14":"sold-individually","15":"product-type-simple"},"acf":[],"yoast_head":"<!-- This site is optimized with the Yoast SEO plugin v25.3.1 - https:\/\/yoast.com\/wordpress\/plugins\/seo\/ -->\n<title>M\u00fc\u015fteri Teklifi \u015eablonu - Sales AI Agents<\/title>\n<meta name=\"description\" content=\"Bu \u00fccretsiz \u00f6zelle\u015ftirilebilir \u015fablonla \u00f6ne \u00e7\u0131kan bir m\u00fc\u015fteri teklifi haz\u0131rlay\u0131n. Hizmetlerinizi ayr\u0131nt\u0131l\u0131 olarak a\u00e7\u0131klay\u0131n, gerekli t\u00fcm dosyalar\u0131 ve ba\u011flant\u0131lar\u0131 ve daha fazlas\u0131n\u0131 ekleyin!\" \/>\n<meta name=\"robots\" content=\"index, follow, max-snippet:-1, max-image-preview:large, max-video-preview:-1\" \/>\n<link rel=\"canonical\" href=\"https:\/\/sales-ai-agents.com\/tr\/templates\/client-proposal\/\" \/>\n<meta property=\"og:locale\" content=\"tr_TR\" \/>\n<meta property=\"og:type\" content=\"article\" \/>\n<meta property=\"og:title\" content=\"M\u00fc\u015fteri Teklifi \u015eablonu - Sales AI Agents\" \/>\n<meta property=\"og:description\" content=\"Bu \u00fccretsiz \u00f6zelle\u015ftirilebilir \u015fablonla \u00f6ne \u00e7\u0131kan bir m\u00fc\u015fteri teklifi haz\u0131rlay\u0131n. Hizmetlerinizi ayr\u0131nt\u0131l\u0131 olarak a\u00e7\u0131klay\u0131n, gerekli t\u00fcm dosyalar\u0131 ve ba\u011flant\u0131lar\u0131 ve daha fazlas\u0131n\u0131 ekleyin!\" \/>\n<meta property=\"og:url\" content=\"https:\/\/sales-ai-agents.com\/tr\/templates\/client-proposal\/\" \/>\n<meta property=\"og:site_name\" content=\"Sales AI Agents\" \/>\n<meta property=\"article:modified_time\" content=\"2023-12-31T17:37:18+00:00\" \/>\n<meta property=\"og:image\" content=\"https:\/\/sales-ai-agents.com\/wp-content\/uploads\/2022\/09\/Client-Proposal-Template.png\" \/>\n\t<meta property=\"og:image:width\" content=\"1700\" \/>\n\t<meta property=\"og:image:height\" content=\"1100\" \/>\n\t<meta property=\"og:image:type\" content=\"image\/png\" \/>\n<meta name=\"twitter:card\" content=\"summary_large_image\" \/>\n<script type=\"application\/ld+json\" class=\"yoast-schema-graph\">{\"@context\":\"https:\/\/schema.org\",\"@graph\":[{\"@type\":\"WebPage\",\"@id\":\"https:\/\/sales-ai-agents.com\/tr\/templates\/client-proposal\/\",\"url\":\"https:\/\/sales-ai-agents.com\/tr\/templates\/client-proposal\/\",\"name\":\"M\u00fc\u015fteri Teklifi \u015eablonu - Sales AI Agents\",\"isPartOf\":{\"@id\":\"https:\/\/sales-ai-agents.com\/#website\"},\"primaryImageOfPage\":{\"@id\":\"https:\/\/sales-ai-agents.com\/tr\/templates\/client-proposal\/#primaryimage\"},\"image\":{\"@id\":\"https:\/\/sales-ai-agents.com\/tr\/templates\/client-proposal\/#primaryimage\"},\"thumbnailUrl\":\"https:\/\/sales-ai-agents.com\/wp-content\/uploads\/2022\/09\/Client-Proposal-Template.png\",\"datePublished\":\"2022-09-26T12:13:30+00:00\",\"dateModified\":\"2023-12-31T17:37:18+00:00\",\"description\":\"Bu \u00fccretsiz \u00f6zelle\u015ftirilebilir \u015fablonla \u00f6ne \u00e7\u0131kan bir m\u00fc\u015fteri teklifi haz\u0131rlay\u0131n. Hizmetlerinizi ayr\u0131nt\u0131l\u0131 olarak a\u00e7\u0131klay\u0131n, gerekli t\u00fcm dosyalar\u0131 ve ba\u011flant\u0131lar\u0131 ve daha fazlas\u0131n\u0131 ekleyin!\",\"inLanguage\":\"tr\",\"potentialAction\":[{\"@type\":\"ReadAction\",\"target\":[\"https:\/\/sales-ai-agents.com\/tr\/templates\/client-proposal\/\"]}]},{\"@type\":\"ImageObject\",\"inLanguage\":\"tr\",\"@id\":\"https:\/\/sales-ai-agents.com\/tr\/templates\/client-proposal\/#primaryimage\",\"url\":\"https:\/\/sales-ai-agents.com\/wp-content\/uploads\/2022\/09\/Client-Proposal-Template.png\",\"contentUrl\":\"https:\/\/sales-ai-agents.com\/wp-content\/uploads\/2022\/09\/Client-Proposal-Template.png\",\"width\":1700,\"height\":1100},{\"@type\":\"WebSite\",\"@id\":\"https:\/\/sales-ai-agents.com\/#website\",\"url\":\"https:\/\/sales-ai-agents.com\/\",\"name\":\"FuseBase\",\"description\":\"Sales AI Agents - Free Online Collaboration Software for Remote Teams. Build your wikis, client portals and more with the Nimbus Platform collaboration tool ? A perfect space for online work\",\"publisher\":{\"@id\":\"https:\/\/sales-ai-agents.com\/#organization\"},\"potentialAction\":[{\"@type\":\"SearchAction\",\"target\":{\"@type\":\"EntryPoint\",\"urlTemplate\":\"https:\/\/sales-ai-agents.com\/?s={search_term_string}\"},\"query-input\":{\"@type\":\"PropertyValueSpecification\",\"valueRequired\":true,\"valueName\":\"search_term_string\"}}],\"inLanguage\":\"tr\"},{\"@type\":\"Organization\",\"@id\":\"https:\/\/sales-ai-agents.com\/#organization\",\"name\":\"FuseBase\",\"url\":\"https:\/\/sales-ai-agents.com\/\",\"logo\":{\"@type\":\"ImageObject\",\"inLanguage\":\"tr\",\"@id\":\"https:\/\/sales-ai-agents.com\/#\/schema\/logo\/image\/\",\"url\":\"https:\/\/sales-ai-agents.com\/wp-content\/uploads\/2023\/11\/icon-7.svg\",\"contentUrl\":\"https:\/\/sales-ai-agents.com\/wp-content\/uploads\/2023\/11\/icon-7.svg\",\"width\":128,\"height\":128,\"caption\":\"FuseBase\"},\"image\":{\"@id\":\"https:\/\/sales-ai-agents.com\/#\/schema\/logo\/image\/\"}}]}<\/script>\n<!-- \/ Yoast SEO plugin. -->","yoast_head_json":{"title":"M\u00fc\u015fteri Teklifi \u015eablonu - Sales AI Agents","description":"Bu \u00fccretsiz \u00f6zelle\u015ftirilebilir \u015fablonla \u00f6ne \u00e7\u0131kan bir m\u00fc\u015fteri teklifi haz\u0131rlay\u0131n. Hizmetlerinizi ayr\u0131nt\u0131l\u0131 olarak a\u00e7\u0131klay\u0131n, gerekli t\u00fcm dosyalar\u0131 ve ba\u011flant\u0131lar\u0131 ve daha fazlas\u0131n\u0131 ekleyin!","robots":{"index":"index","follow":"follow","max-snippet":"max-snippet:-1","max-image-preview":"max-image-preview:large","max-video-preview":"max-video-preview:-1"},"canonical":"https:\/\/sales-ai-agents.com\/tr\/templates\/client-proposal\/","og_locale":"tr_TR","og_type":"article","og_title":"M\u00fc\u015fteri Teklifi \u015eablonu - Sales AI Agents","og_description":"Bu \u00fccretsiz \u00f6zelle\u015ftirilebilir \u015fablonla \u00f6ne \u00e7\u0131kan bir m\u00fc\u015fteri teklifi haz\u0131rlay\u0131n. Hizmetlerinizi ayr\u0131nt\u0131l\u0131 olarak a\u00e7\u0131klay\u0131n, gerekli t\u00fcm dosyalar\u0131 ve ba\u011flant\u0131lar\u0131 ve daha fazlas\u0131n\u0131 ekleyin!","og_url":"https:\/\/sales-ai-agents.com\/tr\/templates\/client-proposal\/","og_site_name":"Sales AI Agents","article_modified_time":"2023-12-31T17:37:18+00:00","og_image":[{"width":1700,"height":1100,"url":"https:\/\/sales-ai-agents.com\/wp-content\/uploads\/2022\/09\/Client-Proposal-Template.png","type":"image\/png"}],"twitter_card":"summary_large_image","schema":{"@context":"https:\/\/schema.org","@graph":[{"@type":"WebPage","@id":"https:\/\/sales-ai-agents.com\/tr\/templates\/client-proposal\/","url":"https:\/\/sales-ai-agents.com\/tr\/templates\/client-proposal\/","name":"M\u00fc\u015fteri Teklifi \u015eablonu - Sales AI Agents","isPartOf":{"@id":"https:\/\/sales-ai-agents.com\/#website"},"primaryImageOfPage":{"@id":"https:\/\/sales-ai-agents.com\/tr\/templates\/client-proposal\/#primaryimage"},"image":{"@id":"https:\/\/sales-ai-agents.com\/tr\/templates\/client-proposal\/#primaryimage"},"thumbnailUrl":"https:\/\/sales-ai-agents.com\/wp-content\/uploads\/2022\/09\/Client-Proposal-Template.png","datePublished":"2022-09-26T12:13:30+00:00","dateModified":"2023-12-31T17:37:18+00:00","description":"Bu \u00fccretsiz \u00f6zelle\u015ftirilebilir \u015fablonla \u00f6ne \u00e7\u0131kan bir m\u00fc\u015fteri teklifi haz\u0131rlay\u0131n. Hizmetlerinizi ayr\u0131nt\u0131l\u0131 olarak a\u00e7\u0131klay\u0131n, gerekli t\u00fcm dosyalar\u0131 ve ba\u011flant\u0131lar\u0131 ve daha fazlas\u0131n\u0131 ekleyin!","inLanguage":"tr","potentialAction":[{"@type":"ReadAction","target":["https:\/\/sales-ai-agents.com\/tr\/templates\/client-proposal\/"]}]},{"@type":"ImageObject","inLanguage":"tr","@id":"https:\/\/sales-ai-agents.com\/tr\/templates\/client-proposal\/#primaryimage","url":"https:\/\/sales-ai-agents.com\/wp-content\/uploads\/2022\/09\/Client-Proposal-Template.png","contentUrl":"https:\/\/sales-ai-agents.com\/wp-content\/uploads\/2022\/09\/Client-Proposal-Template.png","width":1700,"height":1100},{"@type":"WebSite","@id":"https:\/\/sales-ai-agents.com\/#website","url":"https:\/\/sales-ai-agents.com\/","name":"FuseBase","description":"Sales AI Agents - Free Online Collaboration Software for Remote Teams. Build your wikis, client portals and more with the Nimbus Platform collaboration tool ? A perfect space for online work","publisher":{"@id":"https:\/\/sales-ai-agents.com\/#organization"},"potentialAction":[{"@type":"SearchAction","target":{"@type":"EntryPoint","urlTemplate":"https:\/\/sales-ai-agents.com\/?s={search_term_string}"},"query-input":{"@type":"PropertyValueSpecification","valueRequired":true,"valueName":"search_term_string"}}],"inLanguage":"tr"},{"@type":"Organization","@id":"https:\/\/sales-ai-agents.com\/#organization","name":"FuseBase","url":"https:\/\/sales-ai-agents.com\/","logo":{"@type":"ImageObject","inLanguage":"tr","@id":"https:\/\/sales-ai-agents.com\/#\/schema\/logo\/image\/","url":"https:\/\/sales-ai-agents.com\/wp-content\/uploads\/2023\/11\/icon-7.svg","contentUrl":"https:\/\/sales-ai-agents.com\/wp-content\/uploads\/2023\/11\/icon-7.svg","width":128,"height":128,"caption":"FuseBase"},"image":{"@id":"https:\/\/sales-ai-agents.com\/#\/schema\/logo\/image\/"}}]}},"_links":{"self":[{"href":"https:\/\/sales-ai-agents.com\/tr\/wp-json\/wp\/v2\/product\/57618","targetHints":{"allow":["GET"]}}],"collection":[{"href":"https:\/\/sales-ai-agents.com\/tr\/wp-json\/wp\/v2\/product"}],"about":[{"href":"https:\/\/sales-ai-agents.com\/tr\/wp-json\/wp\/v2\/types\/product"}],"wp:featuredmedia":[{"embeddable":true,"href":"https:\/\/sales-ai-agents.com\/tr\/wp-json\/wp\/v2\/media\/57621"}],"wp:attachment":[{"href":"https:\/\/sales-ai-agents.com\/tr\/wp-json\/wp\/v2\/media?parent=57618"}],"wp:term":[{"taxonomy":"product_brand","embeddable":true,"href":"https:\/\/sales-ai-agents.com\/tr\/wp-json\/wp\/v2\/product_brand?post=57618"},{"taxonomy":"product_cat","embeddable":true,"href":"https:\/\/sales-ai-agents.com\/tr\/wp-json\/wp\/v2\/product_cat?post=57618"},{"taxonomy":"product_tag","embeddable":true,"href":"https:\/\/sales-ai-agents.com\/tr\/wp-json\/wp\/v2\/product_tag?post=57618"}],"curies":[{"name":"wp","href":"https:\/\/api.w.org\/{rel}","templated":true}]}}