{"id":57626,"date":"2022-09-26T12:13:24","date_gmt":"2022-09-26T12:13:24","guid":{"rendered":"https:\/\/sales-ai-agents.com\/templates\/personal-daily-tasks\/"},"modified":"2023-12-31T17:48:29","modified_gmt":"2023-12-31T17:48:29","slug":"personal-daily-tasks","status":"publish","type":"product","link":"https:\/\/sales-ai-agents.com\/tr\/templates\/personal-daily-tasks\/","title":{"rendered":"Ki\u015fisel G\u00fcnl\u00fck G\u00f6revler"},"content":{"rendered":"<p>&nbsp;<\/p>\n<h2>Ki\u015fisel G\u00fcnl\u00fck G\u00f6revler \u015eablonu<\/h2>\n<p class=\"desc-text\">Zaman\u0131n\u0131z\u0131 d\u00fczenlemek ve y\u00f6netmek i\u00e7in g\u00fcnl\u00fck \u00e7al\u0131\u015fma program\u0131 \u015fablonlar\u0131n\u0131 kullan\u0131n. G\u00fcn\u00fcn\u00fcz\u00fc planlamak, yap\u0131lacaklar listesi olu\u015fturmak veya t\u00fcm g\u00f6revlerinizi tamamlad\u0131\u011f\u0131n\u0131zdan emin olmak i\u00e7in bu \u015fablonlar\u0131 doldurun. \u0130\u015f g\u00fcn\u00fcn\u00fcz\u00fc d\u00fczenleyin ve \u00f6nemli randevular\u0131, etkinlikleri ve tarihleri \u00f6nceden planlay\u0131n.<\/p>\n<h5>Nas\u0131l kullan\u0131l\u0131r?<\/h5>\n<ul class=\"desc-item_list\">\n<li class=\"desc-item_list__point\">\u00d6nce tamamlanmas\u0131 gereken g\u00f6revleri belirleyin.<\/li>\n<li class=\"desc-item_list__point\">Ek \u00f6nemli g\u00f6revlerin listesini belirtin.<\/li>\n<li class=\"desc-item_list__point\">Kendiniz i\u00e7in \u00f6zel i\u015faretler ve notlar ekleyin.<\/li>\n<li class=\"desc-item_list__point\">Yerleri, tarihleri ve saatleri belirterek program tablosunu doldurun.<\/li>\n<li class=\"desc-item_list__point\">G\u00f6revler tamamland\u0131\u011f\u0131nda onay kutular\u0131n\u0131 i\u015faretleyin.<\/li>\n<\/ul>\n","protected":false},"excerpt":{"rendered":"<p>Zaman\u0131n\u0131z\u0131 d\u00fczenlemek ve y\u00f6netmek i\u00e7in bir \u00e7al\u0131\u015fma program\u0131 \u015fablonu kullan\u0131n. G\u00fcn\u00fcn\u00fcz\u00fc planlamak, yap\u0131lacaklar listesi olu\u015fturmak veya g\u00f6revlerinizi tamamlad\u0131\u011f\u0131n\u0131zdan emin olmak i\u00e7in bu \u015fablonlar\u0131 doldurun.<\/p>\n","protected":false},"featured_media":57627,"template":"","meta":{"_acf_changed":false,"inline_featured_image":false},"product_brand":[],"product_cat":[257,256],"product_tag":[],"class_list":{"0":"post-57626","1":"product","2":"type-product","3":"status-publish","4":"has-post-thumbnail","6":"product_cat-personal","7":"product_cat-organizers-planners","9":"first","10":"instock","11":"virtual","12":"sold-individually","13":"product-type-simple"},"acf":[],"yoast_head":"<!-- This site is optimized with the Yoast SEO plugin v25.3.1 - https:\/\/yoast.com\/wordpress\/plugins\/seo\/ -->\n<title>Ki\u015fisel G\u00fcnl\u00fck G\u00f6revler \u015eablonu - Sales AI Agents<\/title>\n<meta name=\"description\" content=\"Zaman\u0131n\u0131z\u0131 d\u00fczenlemek ve y\u00f6netmek i\u00e7in bir \u00e7al\u0131\u015fma program\u0131 \u015fablonu kullan\u0131n. G\u00fcn\u00fcn\u00fcz\u00fc planlamak, yap\u0131lacaklar listesi olu\u015fturmak veya g\u00f6revlerinizi tamamlad\u0131\u011f\u0131n\u0131zdan emin olmak i\u00e7in bu \u015fablonlar\u0131 doldurun\" \/>\n<meta name=\"robots\" content=\"index, follow, max-snippet:-1, max-image-preview:large, max-video-preview:-1\" \/>\n<link rel=\"canonical\" href=\"https:\/\/sales-ai-agents.com\/tr\/templates\/personal-daily-tasks\/\" \/>\n<meta property=\"og:locale\" content=\"tr_TR\" \/>\n<meta property=\"og:type\" content=\"article\" \/>\n<meta property=\"og:title\" content=\"Ki\u015fisel G\u00fcnl\u00fck G\u00f6revler \u015eablonu - Sales AI Agents\" \/>\n<meta property=\"og:description\" content=\"Zaman\u0131n\u0131z\u0131 d\u00fczenlemek ve y\u00f6netmek i\u00e7in bir \u00e7al\u0131\u015fma program\u0131 \u015fablonu kullan\u0131n. G\u00fcn\u00fcn\u00fcz\u00fc planlamak, yap\u0131lacaklar listesi olu\u015fturmak veya g\u00f6revlerinizi tamamlad\u0131\u011f\u0131n\u0131zdan emin olmak i\u00e7in bu \u015fablonlar\u0131 doldurun\" \/>\n<meta property=\"og:url\" content=\"https:\/\/sales-ai-agents.com\/tr\/templates\/personal-daily-tasks\/\" \/>\n<meta property=\"og:site_name\" content=\"Sales AI Agents\" \/>\n<meta property=\"article:modified_time\" content=\"2023-12-31T17:48:29+00:00\" \/>\n<meta property=\"og:image\" content=\"https:\/\/sales-ai-agents.com\/wp-content\/uploads\/2022\/09\/Personal-Daily-Tasks-Template.png\" \/>\n\t<meta property=\"og:image:width\" content=\"1700\" \/>\n\t<meta property=\"og:image:height\" content=\"1100\" \/>\n\t<meta property=\"og:image:type\" content=\"image\/png\" \/>\n<meta name=\"twitter:card\" content=\"summary_large_image\" \/>\n<script type=\"application\/ld+json\" class=\"yoast-schema-graph\">{\"@context\":\"https:\/\/schema.org\",\"@graph\":[{\"@type\":\"WebPage\",\"@id\":\"https:\/\/sales-ai-agents.com\/tr\/templates\/personal-daily-tasks\/\",\"url\":\"https:\/\/sales-ai-agents.com\/tr\/templates\/personal-daily-tasks\/\",\"name\":\"Ki\u015fisel G\u00fcnl\u00fck G\u00f6revler \u015eablonu - Sales AI Agents\",\"isPartOf\":{\"@id\":\"https:\/\/sales-ai-agents.com\/#website\"},\"primaryImageOfPage\":{\"@id\":\"https:\/\/sales-ai-agents.com\/tr\/templates\/personal-daily-tasks\/#primaryimage\"},\"image\":{\"@id\":\"https:\/\/sales-ai-agents.com\/tr\/templates\/personal-daily-tasks\/#primaryimage\"},\"thumbnailUrl\":\"https:\/\/sales-ai-agents.com\/wp-content\/uploads\/2022\/09\/Personal-Daily-Tasks-Template.png\",\"datePublished\":\"2022-09-26T12:13:24+00:00\",\"dateModified\":\"2023-12-31T17:48:29+00:00\",\"description\":\"Zaman\u0131n\u0131z\u0131 d\u00fczenlemek ve y\u00f6netmek i\u00e7in bir \u00e7al\u0131\u015fma program\u0131 \u015fablonu kullan\u0131n. G\u00fcn\u00fcn\u00fcz\u00fc planlamak, yap\u0131lacaklar listesi olu\u015fturmak veya g\u00f6revlerinizi tamamlad\u0131\u011f\u0131n\u0131zdan emin olmak i\u00e7in bu \u015fablonlar\u0131 doldurun\",\"inLanguage\":\"tr\",\"potentialAction\":[{\"@type\":\"ReadAction\",\"target\":[\"https:\/\/sales-ai-agents.com\/tr\/templates\/personal-daily-tasks\/\"]}]},{\"@type\":\"ImageObject\",\"inLanguage\":\"tr\",\"@id\":\"https:\/\/sales-ai-agents.com\/tr\/templates\/personal-daily-tasks\/#primaryimage\",\"url\":\"https:\/\/sales-ai-agents.com\/wp-content\/uploads\/2022\/09\/Personal-Daily-Tasks-Template.png\",\"contentUrl\":\"https:\/\/sales-ai-agents.com\/wp-content\/uploads\/2022\/09\/Personal-Daily-Tasks-Template.png\",\"width\":1700,\"height\":1100},{\"@type\":\"WebSite\",\"@id\":\"https:\/\/sales-ai-agents.com\/#website\",\"url\":\"https:\/\/sales-ai-agents.com\/\",\"name\":\"FuseBase\",\"description\":\"Sales AI Agents - Free Online Collaboration Software for Remote Teams. Build your wikis, client portals and more with the Nimbus Platform collaboration tool ? A perfect space for online work\",\"publisher\":{\"@id\":\"https:\/\/sales-ai-agents.com\/#organization\"},\"potentialAction\":[{\"@type\":\"SearchAction\",\"target\":{\"@type\":\"EntryPoint\",\"urlTemplate\":\"https:\/\/sales-ai-agents.com\/?s={search_term_string}\"},\"query-input\":{\"@type\":\"PropertyValueSpecification\",\"valueRequired\":true,\"valueName\":\"search_term_string\"}}],\"inLanguage\":\"tr\"},{\"@type\":\"Organization\",\"@id\":\"https:\/\/sales-ai-agents.com\/#organization\",\"name\":\"FuseBase\",\"url\":\"https:\/\/sales-ai-agents.com\/\",\"logo\":{\"@type\":\"ImageObject\",\"inLanguage\":\"tr\",\"@id\":\"https:\/\/sales-ai-agents.com\/#\/schema\/logo\/image\/\",\"url\":\"https:\/\/sales-ai-agents.com\/wp-content\/uploads\/2023\/11\/icon-7.svg\",\"contentUrl\":\"https:\/\/sales-ai-agents.com\/wp-content\/uploads\/2023\/11\/icon-7.svg\",\"width\":128,\"height\":128,\"caption\":\"FuseBase\"},\"image\":{\"@id\":\"https:\/\/sales-ai-agents.com\/#\/schema\/logo\/image\/\"}}]}<\/script>\n<!-- \/ Yoast SEO plugin. -->","yoast_head_json":{"title":"Ki\u015fisel G\u00fcnl\u00fck G\u00f6revler \u015eablonu - Sales AI Agents","description":"Zaman\u0131n\u0131z\u0131 d\u00fczenlemek ve y\u00f6netmek i\u00e7in bir \u00e7al\u0131\u015fma program\u0131 \u015fablonu kullan\u0131n. G\u00fcn\u00fcn\u00fcz\u00fc planlamak, yap\u0131lacaklar listesi olu\u015fturmak veya g\u00f6revlerinizi tamamlad\u0131\u011f\u0131n\u0131zdan emin olmak i\u00e7in bu \u015fablonlar\u0131 doldurun","robots":{"index":"index","follow":"follow","max-snippet":"max-snippet:-1","max-image-preview":"max-image-preview:large","max-video-preview":"max-video-preview:-1"},"canonical":"https:\/\/sales-ai-agents.com\/tr\/templates\/personal-daily-tasks\/","og_locale":"tr_TR","og_type":"article","og_title":"Ki\u015fisel G\u00fcnl\u00fck G\u00f6revler \u015eablonu - Sales AI Agents","og_description":"Zaman\u0131n\u0131z\u0131 d\u00fczenlemek ve y\u00f6netmek i\u00e7in bir \u00e7al\u0131\u015fma program\u0131 \u015fablonu kullan\u0131n. G\u00fcn\u00fcn\u00fcz\u00fc planlamak, yap\u0131lacaklar listesi olu\u015fturmak veya g\u00f6revlerinizi tamamlad\u0131\u011f\u0131n\u0131zdan emin olmak i\u00e7in bu \u015fablonlar\u0131 doldurun","og_url":"https:\/\/sales-ai-agents.com\/tr\/templates\/personal-daily-tasks\/","og_site_name":"Sales AI Agents","article_modified_time":"2023-12-31T17:48:29+00:00","og_image":[{"width":1700,"height":1100,"url":"https:\/\/sales-ai-agents.com\/wp-content\/uploads\/2022\/09\/Personal-Daily-Tasks-Template.png","type":"image\/png"}],"twitter_card":"summary_large_image","schema":{"@context":"https:\/\/schema.org","@graph":[{"@type":"WebPage","@id":"https:\/\/sales-ai-agents.com\/tr\/templates\/personal-daily-tasks\/","url":"https:\/\/sales-ai-agents.com\/tr\/templates\/personal-daily-tasks\/","name":"Ki\u015fisel G\u00fcnl\u00fck G\u00f6revler \u015eablonu - Sales AI Agents","isPartOf":{"@id":"https:\/\/sales-ai-agents.com\/#website"},"primaryImageOfPage":{"@id":"https:\/\/sales-ai-agents.com\/tr\/templates\/personal-daily-tasks\/#primaryimage"},"image":{"@id":"https:\/\/sales-ai-agents.com\/tr\/templates\/personal-daily-tasks\/#primaryimage"},"thumbnailUrl":"https:\/\/sales-ai-agents.com\/wp-content\/uploads\/2022\/09\/Personal-Daily-Tasks-Template.png","datePublished":"2022-09-26T12:13:24+00:00","dateModified":"2023-12-31T17:48:29+00:00","description":"Zaman\u0131n\u0131z\u0131 d\u00fczenlemek ve y\u00f6netmek i\u00e7in bir \u00e7al\u0131\u015fma program\u0131 \u015fablonu kullan\u0131n. G\u00fcn\u00fcn\u00fcz\u00fc planlamak, yap\u0131lacaklar listesi olu\u015fturmak veya g\u00f6revlerinizi tamamlad\u0131\u011f\u0131n\u0131zdan emin olmak i\u00e7in bu \u015fablonlar\u0131 doldurun","inLanguage":"tr","potentialAction":[{"@type":"ReadAction","target":["https:\/\/sales-ai-agents.com\/tr\/templates\/personal-daily-tasks\/"]}]},{"@type":"ImageObject","inLanguage":"tr","@id":"https:\/\/sales-ai-agents.com\/tr\/templates\/personal-daily-tasks\/#primaryimage","url":"https:\/\/sales-ai-agents.com\/wp-content\/uploads\/2022\/09\/Personal-Daily-Tasks-Template.png","contentUrl":"https:\/\/sales-ai-agents.com\/wp-content\/uploads\/2022\/09\/Personal-Daily-Tasks-Template.png","width":1700,"height":1100},{"@type":"WebSite","@id":"https:\/\/sales-ai-agents.com\/#website","url":"https:\/\/sales-ai-agents.com\/","name":"FuseBase","description":"Sales AI Agents - Free Online Collaboration Software for Remote Teams. Build your wikis, client portals and more with the Nimbus Platform collaboration tool ? A perfect space for online work","publisher":{"@id":"https:\/\/sales-ai-agents.com\/#organization"},"potentialAction":[{"@type":"SearchAction","target":{"@type":"EntryPoint","urlTemplate":"https:\/\/sales-ai-agents.com\/?s={search_term_string}"},"query-input":{"@type":"PropertyValueSpecification","valueRequired":true,"valueName":"search_term_string"}}],"inLanguage":"tr"},{"@type":"Organization","@id":"https:\/\/sales-ai-agents.com\/#organization","name":"FuseBase","url":"https:\/\/sales-ai-agents.com\/","logo":{"@type":"ImageObject","inLanguage":"tr","@id":"https:\/\/sales-ai-agents.com\/#\/schema\/logo\/image\/","url":"https:\/\/sales-ai-agents.com\/wp-content\/uploads\/2023\/11\/icon-7.svg","contentUrl":"https:\/\/sales-ai-agents.com\/wp-content\/uploads\/2023\/11\/icon-7.svg","width":128,"height":128,"caption":"FuseBase"},"image":{"@id":"https:\/\/sales-ai-agents.com\/#\/schema\/logo\/image\/"}}]}},"_links":{"self":[{"href":"https:\/\/sales-ai-agents.com\/tr\/wp-json\/wp\/v2\/product\/57626","targetHints":{"allow":["GET"]}}],"collection":[{"href":"https:\/\/sales-ai-agents.com\/tr\/wp-json\/wp\/v2\/product"}],"about":[{"href":"https:\/\/sales-ai-agents.com\/tr\/wp-json\/wp\/v2\/types\/product"}],"wp:featuredmedia":[{"embeddable":true,"href":"https:\/\/sales-ai-agents.com\/tr\/wp-json\/wp\/v2\/media\/57627"}],"wp:attachment":[{"href":"https:\/\/sales-ai-agents.com\/tr\/wp-json\/wp\/v2\/media?parent=57626"}],"wp:term":[{"taxonomy":"product_brand","embeddable":true,"href":"https:\/\/sales-ai-agents.com\/tr\/wp-json\/wp\/v2\/product_brand?post=57626"},{"taxonomy":"product_cat","embeddable":true,"href":"https:\/\/sales-ai-agents.com\/tr\/wp-json\/wp\/v2\/product_cat?post=57626"},{"taxonomy":"product_tag","embeddable":true,"href":"https:\/\/sales-ai-agents.com\/tr\/wp-json\/wp\/v2\/product_tag?post=57626"}],"curies":[{"name":"wp","href":"https:\/\/api.w.org\/{rel}","templated":true}]}}