{"id":57631,"date":"2022-09-26T12:13:21","date_gmt":"2022-09-26T12:13:21","guid":{"rendered":"https:\/\/sales-ai-agents.com\/templates\/technical-docs\/"},"modified":"2023-12-26T14:56:09","modified_gmt":"2023-12-26T14:56:09","slug":"technical-docs","status":"publish","type":"product","link":"https:\/\/sales-ai-agents.com\/tr\/templates\/technical-docs\/","title":{"rendered":"Teknik Dok\u00fcmanlar"},"content":{"rendered":"<p>&nbsp;<\/p>\n<h2>Teknik Dok\u00fcmanlar \u015eablonu<\/h2>\n<p class=\"desc-text\">Teknik belgelerinizi bu \u015fablonu kullanarak saklay\u0131n. Bu belgeye Nimbus Note ile herhangi bir cihazdan eri\u015febilirsiniz. \u0130htiyac\u0131n\u0131z olan t\u00fcm belgeleri ekleyin veya ba\u011flay\u0131n. Notlar ve gereksinimler ekleyin. Herkesin ayn\u0131 bilgilere kolayca eri\u015febilmesi i\u00e7in bunu ekibinizle payla\u015f\u0131n.<\/p>\n<h5>Nas\u0131l kullan\u0131l\u0131r?<\/h5>\n<ul class=\"desc-item_list\">\n<li class=\"desc-item_list__point\">Teknik belgeleri ba\u011flay\u0131n veya ekleyin<\/li>\n<li class=\"desc-item_list__point\">Notlar\u0131 ve gereksinimleri ekleyin<\/li>\n<li class=\"desc-item_list__point\">Gerekirse talimatlar\u0131 ekleyin<\/li>\n<li class=\"desc-item_list__point\">Ekibinizle payla\u015f\u0131n<\/li>\n<\/ul>\n","protected":false},"excerpt":{"rendered":"<p>Teknik belgelerinizi bu \u015fablonu kullanarak saklay\u0131n ve kolayca eri\u015fin. Herkesin ayn\u0131 bilgilere rahat\u00e7a ula\u015fabilmesi i\u00e7in bunlar\u0131 ekibinizle payla\u015f\u0131n.<\/p>\n","protected":false},"featured_media":57632,"template":"","meta":{"_acf_changed":false,"inline_featured_image":false},"product_brand":[],"product_cat":[278],"product_tag":[],"class_list":{"0":"post-57631","1":"product","2":"type-product","3":"status-publish","4":"has-post-thumbnail","6":"product_cat-programmer-engineer","8":"first","9":"instock","10":"virtual","11":"sold-individually","12":"product-type-simple"},"acf":[],"yoast_head":"<!-- This site is optimized with the Yoast SEO plugin v25.3.1 - https:\/\/yoast.com\/wordpress\/plugins\/seo\/ -->\n<title>Teknik Dok\u00fcmanlar \u015eablonu - Sales AI Agents<\/title>\n<meta name=\"description\" content=\"Bu \u015fablonu kullanarak teknik belgelerinizi saklay\u0131n ve onlara kolayca eri\u015fin. Herkesin ayn\u0131 bilgiye ula\u015fabilmesi i\u00e7in bunu ekibinizle payla\u015f\u0131n.\" \/>\n<meta name=\"robots\" content=\"index, follow, max-snippet:-1, max-image-preview:large, max-video-preview:-1\" \/>\n<link rel=\"canonical\" href=\"https:\/\/sales-ai-agents.com\/tr\/templates\/technical-docs\/\" \/>\n<meta property=\"og:locale\" content=\"tr_TR\" \/>\n<meta property=\"og:type\" content=\"article\" \/>\n<meta property=\"og:title\" content=\"Teknik Dok\u00fcmanlar \u015eablonu - Sales AI Agents\" \/>\n<meta property=\"og:description\" content=\"Bu \u015fablonu kullanarak teknik belgelerinizi saklay\u0131n ve onlara kolayca eri\u015fin. Herkesin ayn\u0131 bilgiye ula\u015fabilmesi i\u00e7in bunu ekibinizle payla\u015f\u0131n.\" \/>\n<meta property=\"og:url\" content=\"https:\/\/sales-ai-agents.com\/tr\/templates\/technical-docs\/\" \/>\n<meta property=\"og:site_name\" content=\"Sales AI Agents\" \/>\n<meta property=\"article:modified_time\" content=\"2023-12-26T14:56:09+00:00\" \/>\n<meta property=\"og:image\" content=\"https:\/\/sales-ai-agents.com\/wp-content\/uploads\/2022\/09\/Technical-Docs-Template.png\" \/>\n\t<meta property=\"og:image:width\" content=\"1700\" \/>\n\t<meta property=\"og:image:height\" content=\"1100\" \/>\n\t<meta property=\"og:image:type\" content=\"image\/png\" \/>\n<meta name=\"twitter:card\" content=\"summary_large_image\" \/>\n<script type=\"application\/ld+json\" class=\"yoast-schema-graph\">{\"@context\":\"https:\/\/schema.org\",\"@graph\":[{\"@type\":\"WebPage\",\"@id\":\"https:\/\/sales-ai-agents.com\/tr\/templates\/technical-docs\/\",\"url\":\"https:\/\/sales-ai-agents.com\/tr\/templates\/technical-docs\/\",\"name\":\"Teknik Dok\u00fcmanlar \u015eablonu - Sales AI Agents\",\"isPartOf\":{\"@id\":\"https:\/\/sales-ai-agents.com\/#website\"},\"primaryImageOfPage\":{\"@id\":\"https:\/\/sales-ai-agents.com\/tr\/templates\/technical-docs\/#primaryimage\"},\"image\":{\"@id\":\"https:\/\/sales-ai-agents.com\/tr\/templates\/technical-docs\/#primaryimage\"},\"thumbnailUrl\":\"https:\/\/sales-ai-agents.com\/wp-content\/uploads\/2022\/09\/Technical-Docs-Template.png\",\"datePublished\":\"2022-09-26T12:13:21+00:00\",\"dateModified\":\"2023-12-26T14:56:09+00:00\",\"description\":\"Bu \u015fablonu kullanarak teknik belgelerinizi saklay\u0131n ve onlara kolayca eri\u015fin. Herkesin ayn\u0131 bilgiye ula\u015fabilmesi i\u00e7in bunu ekibinizle payla\u015f\u0131n.\",\"inLanguage\":\"tr\",\"potentialAction\":[{\"@type\":\"ReadAction\",\"target\":[\"https:\/\/sales-ai-agents.com\/tr\/templates\/technical-docs\/\"]}]},{\"@type\":\"ImageObject\",\"inLanguage\":\"tr\",\"@id\":\"https:\/\/sales-ai-agents.com\/tr\/templates\/technical-docs\/#primaryimage\",\"url\":\"https:\/\/sales-ai-agents.com\/wp-content\/uploads\/2022\/09\/Technical-Docs-Template.png\",\"contentUrl\":\"https:\/\/sales-ai-agents.com\/wp-content\/uploads\/2022\/09\/Technical-Docs-Template.png\",\"width\":1700,\"height\":1100},{\"@type\":\"WebSite\",\"@id\":\"https:\/\/sales-ai-agents.com\/#website\",\"url\":\"https:\/\/sales-ai-agents.com\/\",\"name\":\"FuseBase\",\"description\":\"Sales AI Agents - Free Online Collaboration Software for Remote Teams. Build your wikis, client portals and more with the Nimbus Platform collaboration tool ? A perfect space for online work\",\"publisher\":{\"@id\":\"https:\/\/sales-ai-agents.com\/#organization\"},\"potentialAction\":[{\"@type\":\"SearchAction\",\"target\":{\"@type\":\"EntryPoint\",\"urlTemplate\":\"https:\/\/sales-ai-agents.com\/?s={search_term_string}\"},\"query-input\":{\"@type\":\"PropertyValueSpecification\",\"valueRequired\":true,\"valueName\":\"search_term_string\"}}],\"inLanguage\":\"tr\"},{\"@type\":\"Organization\",\"@id\":\"https:\/\/sales-ai-agents.com\/#organization\",\"name\":\"FuseBase\",\"url\":\"https:\/\/sales-ai-agents.com\/\",\"logo\":{\"@type\":\"ImageObject\",\"inLanguage\":\"tr\",\"@id\":\"https:\/\/sales-ai-agents.com\/#\/schema\/logo\/image\/\",\"url\":\"https:\/\/sales-ai-agents.com\/wp-content\/uploads\/2023\/11\/icon-7.svg\",\"contentUrl\":\"https:\/\/sales-ai-agents.com\/wp-content\/uploads\/2023\/11\/icon-7.svg\",\"width\":128,\"height\":128,\"caption\":\"FuseBase\"},\"image\":{\"@id\":\"https:\/\/sales-ai-agents.com\/#\/schema\/logo\/image\/\"}}]}<\/script>\n<!-- \/ Yoast SEO plugin. -->","yoast_head_json":{"title":"Teknik Dok\u00fcmanlar \u015eablonu - Sales AI Agents","description":"Bu \u015fablonu kullanarak teknik belgelerinizi saklay\u0131n ve onlara kolayca eri\u015fin. Herkesin ayn\u0131 bilgiye ula\u015fabilmesi i\u00e7in bunu ekibinizle payla\u015f\u0131n.","robots":{"index":"index","follow":"follow","max-snippet":"max-snippet:-1","max-image-preview":"max-image-preview:large","max-video-preview":"max-video-preview:-1"},"canonical":"https:\/\/sales-ai-agents.com\/tr\/templates\/technical-docs\/","og_locale":"tr_TR","og_type":"article","og_title":"Teknik Dok\u00fcmanlar \u015eablonu - Sales AI Agents","og_description":"Bu \u015fablonu kullanarak teknik belgelerinizi saklay\u0131n ve onlara kolayca eri\u015fin. Herkesin ayn\u0131 bilgiye ula\u015fabilmesi i\u00e7in bunu ekibinizle payla\u015f\u0131n.","og_url":"https:\/\/sales-ai-agents.com\/tr\/templates\/technical-docs\/","og_site_name":"Sales AI Agents","article_modified_time":"2023-12-26T14:56:09+00:00","og_image":[{"width":1700,"height":1100,"url":"https:\/\/sales-ai-agents.com\/wp-content\/uploads\/2022\/09\/Technical-Docs-Template.png","type":"image\/png"}],"twitter_card":"summary_large_image","schema":{"@context":"https:\/\/schema.org","@graph":[{"@type":"WebPage","@id":"https:\/\/sales-ai-agents.com\/tr\/templates\/technical-docs\/","url":"https:\/\/sales-ai-agents.com\/tr\/templates\/technical-docs\/","name":"Teknik Dok\u00fcmanlar \u015eablonu - Sales AI Agents","isPartOf":{"@id":"https:\/\/sales-ai-agents.com\/#website"},"primaryImageOfPage":{"@id":"https:\/\/sales-ai-agents.com\/tr\/templates\/technical-docs\/#primaryimage"},"image":{"@id":"https:\/\/sales-ai-agents.com\/tr\/templates\/technical-docs\/#primaryimage"},"thumbnailUrl":"https:\/\/sales-ai-agents.com\/wp-content\/uploads\/2022\/09\/Technical-Docs-Template.png","datePublished":"2022-09-26T12:13:21+00:00","dateModified":"2023-12-26T14:56:09+00:00","description":"Bu \u015fablonu kullanarak teknik belgelerinizi saklay\u0131n ve onlara kolayca eri\u015fin. Herkesin ayn\u0131 bilgiye ula\u015fabilmesi i\u00e7in bunu ekibinizle payla\u015f\u0131n.","inLanguage":"tr","potentialAction":[{"@type":"ReadAction","target":["https:\/\/sales-ai-agents.com\/tr\/templates\/technical-docs\/"]}]},{"@type":"ImageObject","inLanguage":"tr","@id":"https:\/\/sales-ai-agents.com\/tr\/templates\/technical-docs\/#primaryimage","url":"https:\/\/sales-ai-agents.com\/wp-content\/uploads\/2022\/09\/Technical-Docs-Template.png","contentUrl":"https:\/\/sales-ai-agents.com\/wp-content\/uploads\/2022\/09\/Technical-Docs-Template.png","width":1700,"height":1100},{"@type":"WebSite","@id":"https:\/\/sales-ai-agents.com\/#website","url":"https:\/\/sales-ai-agents.com\/","name":"FuseBase","description":"Sales AI Agents - Free Online Collaboration Software for Remote Teams. Build your wikis, client portals and more with the Nimbus Platform collaboration tool ? A perfect space for online work","publisher":{"@id":"https:\/\/sales-ai-agents.com\/#organization"},"potentialAction":[{"@type":"SearchAction","target":{"@type":"EntryPoint","urlTemplate":"https:\/\/sales-ai-agents.com\/?s={search_term_string}"},"query-input":{"@type":"PropertyValueSpecification","valueRequired":true,"valueName":"search_term_string"}}],"inLanguage":"tr"},{"@type":"Organization","@id":"https:\/\/sales-ai-agents.com\/#organization","name":"FuseBase","url":"https:\/\/sales-ai-agents.com\/","logo":{"@type":"ImageObject","inLanguage":"tr","@id":"https:\/\/sales-ai-agents.com\/#\/schema\/logo\/image\/","url":"https:\/\/sales-ai-agents.com\/wp-content\/uploads\/2023\/11\/icon-7.svg","contentUrl":"https:\/\/sales-ai-agents.com\/wp-content\/uploads\/2023\/11\/icon-7.svg","width":128,"height":128,"caption":"FuseBase"},"image":{"@id":"https:\/\/sales-ai-agents.com\/#\/schema\/logo\/image\/"}}]}},"_links":{"self":[{"href":"https:\/\/sales-ai-agents.com\/tr\/wp-json\/wp\/v2\/product\/57631","targetHints":{"allow":["GET"]}}],"collection":[{"href":"https:\/\/sales-ai-agents.com\/tr\/wp-json\/wp\/v2\/product"}],"about":[{"href":"https:\/\/sales-ai-agents.com\/tr\/wp-json\/wp\/v2\/types\/product"}],"wp:featuredmedia":[{"embeddable":true,"href":"https:\/\/sales-ai-agents.com\/tr\/wp-json\/wp\/v2\/media\/57632"}],"wp:attachment":[{"href":"https:\/\/sales-ai-agents.com\/tr\/wp-json\/wp\/v2\/media?parent=57631"}],"wp:term":[{"taxonomy":"product_brand","embeddable":true,"href":"https:\/\/sales-ai-agents.com\/tr\/wp-json\/wp\/v2\/product_brand?post=57631"},{"taxonomy":"product_cat","embeddable":true,"href":"https:\/\/sales-ai-agents.com\/tr\/wp-json\/wp\/v2\/product_cat?post=57631"},{"taxonomy":"product_tag","embeddable":true,"href":"https:\/\/sales-ai-agents.com\/tr\/wp-json\/wp\/v2\/product_tag?post=57631"}],"curies":[{"name":"wp","href":"https:\/\/api.w.org\/{rel}","templated":true}]}}