{"id":57634,"date":"2022-09-26T12:13:18","date_gmt":"2022-09-26T12:13:18","guid":{"rendered":"https:\/\/sales-ai-agents.com\/templates\/lesson-notes\/"},"modified":"2023-12-31T16:40:42","modified_gmt":"2023-12-31T16:40:42","slug":"lesson-notes","status":"publish","type":"product","link":"https:\/\/sales-ai-agents.com\/tr\/templates\/lesson-notes\/","title":{"rendered":"Ders Notlar\u0131"},"content":{"rendered":"<p>&nbsp;<\/p>\n<h2>Ders Notlar\u0131 \u015eablonu<\/h2>\n<p class=\"desc-text\">Her ders veya s\u0131n\u0131f i\u00e7in not olu\u015fturmak zaman al\u0131c\u0131 olabilir. Bu nedenle, \u00f6zel s\u0131n\u0131f y\u00f6netimi ara\u00e7lar\u0131n\u0131n yard\u0131m\u0131yla ders veya ders notlar\u0131n\u0131z\u0131 bi\u00e7imlendirmek i\u00e7in temel yap\u0131y\u0131 sa\u011flayan bu dok\u00fcman\u0131 olu\u015fturduk. Ayr\u0131nt\u0131lar\u0131 doldurmak ve iletmek istedi\u011finiz fikirler ve \u00e7\u0131kar\u0131mlar hakk\u0131nda beyin f\u0131rt\u0131nas\u0131 yapmak i\u00e7in sa\u011flanan alan\u0131 kullan\u0131n. \u00d6\u011frencilerinizle tam olarak ne payla\u015fmak istedi\u011finizi planlamak i\u00e7in son tablodaki alan\u0131 kullan\u0131n. Bu notlar\u0131 Nimbus Note&#8217;da saklay\u0131n ve gelecek y\u0131l i\u00e7in g\u00fcncelleyin ve yeniden kullan\u0131n.<\/p>\n<h5>Nas\u0131l kullan\u0131l\u0131r?<\/h5>\n<ul class=\"desc-item_list\">\n<li class=\"desc-item_list__point\">Kursunuz hakk\u0131nda bilgi ekleyin<\/li>\n<li class=\"desc-item_list__point\">Kitaplar, Google Slaytlar, e\u011fitim uygulamalar\u0131 vb. gibi kaynaklara veya referanslara ba\u011flant\u0131 verin.<\/li>\n<li class=\"desc-item_list__point\">Dersiniz i\u00e7in ana \u00e7\u0131kar\u0131mlar\u0131 yaz\u0131n<\/li>\n<li class=\"desc-item_list__point\">Sorulacak sorular\u0131n bir listesini olu\u015fturun<\/li>\n<li class=\"desc-item_list__point\">Kontrol etmek i\u00e7in tabloya g\u00f6revler ekleyin<\/li>\n<li class=\"desc-item_list__point\">Notlar\u0131n\u0131z\u0131 son kutuya planlay\u0131n<\/li>\n<\/ul>\n","protected":false},"excerpt":{"rendered":"<p>Her ders veya s\u0131n\u0131f i\u00e7in not olu\u015fturmak zaman al\u0131c\u0131 olabilir. Kurs veya ders notlar\u0131n\u0131z\u0131 bi\u00e7imlendirmek i\u00e7in temel yap\u0131y\u0131 sa\u011flayan bu \u015fablonu kullan\u0131n.<\/p>\n","protected":false},"featured_media":57635,"template":"","meta":{"_acf_changed":false,"inline_featured_image":false},"product_brand":[],"product_cat":[267,268],"product_tag":[],"class_list":{"0":"post-57634","1":"product","2":"type-product","3":"status-publish","4":"has-post-thumbnail","6":"product_cat-student","7":"product_cat-teacher","9":"first","10":"instock","11":"virtual","12":"sold-individually","13":"product-type-simple"},"acf":[],"yoast_head":"<!-- This site is optimized with the Yoast SEO plugin v25.3.1 - https:\/\/yoast.com\/wordpress\/plugins\/seo\/ -->\n<title>Ders Notlar\u0131 \u015eablonu - Sales AI Agents<\/title>\n<meta name=\"description\" content=\"Her ders veya s\u0131n\u0131f i\u00e7in not olu\u015fturmak zor olabilir. Kurs veya ders notlar\u0131n\u0131z\u0131 bi\u00e7imlendirmek i\u00e7in temel yap\u0131y\u0131 sa\u011flayan bu \u015fablonu kullan\u0131n.\" \/>\n<meta name=\"robots\" content=\"index, follow, max-snippet:-1, max-image-preview:large, max-video-preview:-1\" \/>\n<link rel=\"canonical\" href=\"https:\/\/sales-ai-agents.com\/tr\/templates\/lesson-notes\/\" \/>\n<meta property=\"og:locale\" content=\"tr_TR\" \/>\n<meta property=\"og:type\" content=\"article\" \/>\n<meta property=\"og:title\" content=\"Ders Notlar\u0131 \u015eablonu - Sales AI Agents\" \/>\n<meta property=\"og:description\" content=\"Her ders veya s\u0131n\u0131f i\u00e7in not olu\u015fturmak zor olabilir. Kurs veya ders notlar\u0131n\u0131z\u0131 bi\u00e7imlendirmek i\u00e7in temel yap\u0131y\u0131 sa\u011flayan bu \u015fablonu kullan\u0131n.\" \/>\n<meta property=\"og:url\" content=\"https:\/\/sales-ai-agents.com\/tr\/templates\/lesson-notes\/\" \/>\n<meta property=\"og:site_name\" content=\"Sales AI Agents\" \/>\n<meta property=\"article:modified_time\" content=\"2023-12-31T16:40:42+00:00\" \/>\n<meta property=\"og:image\" content=\"https:\/\/sales-ai-agents.com\/wp-content\/uploads\/2023\/01\/image-preview121948.png\" \/>\n\t<meta property=\"og:image:width\" content=\"1078\" \/>\n\t<meta property=\"og:image:height\" content=\"1712\" \/>\n\t<meta property=\"og:image:type\" content=\"image\/png\" \/>\n<meta name=\"twitter:card\" content=\"summary_large_image\" \/>\n<script type=\"application\/ld+json\" class=\"yoast-schema-graph\">{\"@context\":\"https:\/\/schema.org\",\"@graph\":[{\"@type\":\"WebPage\",\"@id\":\"https:\/\/sales-ai-agents.com\/tr\/templates\/lesson-notes\/\",\"url\":\"https:\/\/sales-ai-agents.com\/tr\/templates\/lesson-notes\/\",\"name\":\"Ders Notlar\u0131 \u015eablonu - Sales AI Agents\",\"isPartOf\":{\"@id\":\"https:\/\/sales-ai-agents.com\/#website\"},\"primaryImageOfPage\":{\"@id\":\"https:\/\/sales-ai-agents.com\/tr\/templates\/lesson-notes\/#primaryimage\"},\"image\":{\"@id\":\"https:\/\/sales-ai-agents.com\/tr\/templates\/lesson-notes\/#primaryimage\"},\"thumbnailUrl\":\"https:\/\/sales-ai-agents.com\/wp-content\/uploads\/2023\/01\/image-preview121948.png\",\"datePublished\":\"2022-09-26T12:13:18+00:00\",\"dateModified\":\"2023-12-31T16:40:42+00:00\",\"description\":\"Her ders veya s\u0131n\u0131f i\u00e7in not olu\u015fturmak zor olabilir. Kurs veya ders notlar\u0131n\u0131z\u0131 bi\u00e7imlendirmek i\u00e7in temel yap\u0131y\u0131 sa\u011flayan bu \u015fablonu kullan\u0131n.\",\"inLanguage\":\"tr\",\"potentialAction\":[{\"@type\":\"ReadAction\",\"target\":[\"https:\/\/sales-ai-agents.com\/tr\/templates\/lesson-notes\/\"]}]},{\"@type\":\"ImageObject\",\"inLanguage\":\"tr\",\"@id\":\"https:\/\/sales-ai-agents.com\/tr\/templates\/lesson-notes\/#primaryimage\",\"url\":\"https:\/\/sales-ai-agents.com\/wp-content\/uploads\/2023\/01\/image-preview121948.png\",\"contentUrl\":\"https:\/\/sales-ai-agents.com\/wp-content\/uploads\/2023\/01\/image-preview121948.png\",\"width\":1078,\"height\":1712},{\"@type\":\"WebSite\",\"@id\":\"https:\/\/sales-ai-agents.com\/#website\",\"url\":\"https:\/\/sales-ai-agents.com\/\",\"name\":\"FuseBase\",\"description\":\"Sales AI Agents - Free Online Collaboration Software for Remote Teams. Build your wikis, client portals and more with the Nimbus Platform collaboration tool ? A perfect space for online work\",\"publisher\":{\"@id\":\"https:\/\/sales-ai-agents.com\/#organization\"},\"potentialAction\":[{\"@type\":\"SearchAction\",\"target\":{\"@type\":\"EntryPoint\",\"urlTemplate\":\"https:\/\/sales-ai-agents.com\/?s={search_term_string}\"},\"query-input\":{\"@type\":\"PropertyValueSpecification\",\"valueRequired\":true,\"valueName\":\"search_term_string\"}}],\"inLanguage\":\"tr\"},{\"@type\":\"Organization\",\"@id\":\"https:\/\/sales-ai-agents.com\/#organization\",\"name\":\"FuseBase\",\"url\":\"https:\/\/sales-ai-agents.com\/\",\"logo\":{\"@type\":\"ImageObject\",\"inLanguage\":\"tr\",\"@id\":\"https:\/\/sales-ai-agents.com\/#\/schema\/logo\/image\/\",\"url\":\"https:\/\/sales-ai-agents.com\/wp-content\/uploads\/2023\/11\/icon-7.svg\",\"contentUrl\":\"https:\/\/sales-ai-agents.com\/wp-content\/uploads\/2023\/11\/icon-7.svg\",\"width\":128,\"height\":128,\"caption\":\"FuseBase\"},\"image\":{\"@id\":\"https:\/\/sales-ai-agents.com\/#\/schema\/logo\/image\/\"}}]}<\/script>\n<!-- \/ Yoast SEO plugin. -->","yoast_head_json":{"title":"Ders Notlar\u0131 \u015eablonu - Sales AI Agents","description":"Her ders veya s\u0131n\u0131f i\u00e7in not olu\u015fturmak zor olabilir. Kurs veya ders notlar\u0131n\u0131z\u0131 bi\u00e7imlendirmek i\u00e7in temel yap\u0131y\u0131 sa\u011flayan bu \u015fablonu kullan\u0131n.","robots":{"index":"index","follow":"follow","max-snippet":"max-snippet:-1","max-image-preview":"max-image-preview:large","max-video-preview":"max-video-preview:-1"},"canonical":"https:\/\/sales-ai-agents.com\/tr\/templates\/lesson-notes\/","og_locale":"tr_TR","og_type":"article","og_title":"Ders Notlar\u0131 \u015eablonu - Sales AI Agents","og_description":"Her ders veya s\u0131n\u0131f i\u00e7in not olu\u015fturmak zor olabilir. Kurs veya ders notlar\u0131n\u0131z\u0131 bi\u00e7imlendirmek i\u00e7in temel yap\u0131y\u0131 sa\u011flayan bu \u015fablonu kullan\u0131n.","og_url":"https:\/\/sales-ai-agents.com\/tr\/templates\/lesson-notes\/","og_site_name":"Sales AI Agents","article_modified_time":"2023-12-31T16:40:42+00:00","og_image":[{"width":1078,"height":1712,"url":"https:\/\/sales-ai-agents.com\/wp-content\/uploads\/2023\/01\/image-preview121948.png","type":"image\/png"}],"twitter_card":"summary_large_image","schema":{"@context":"https:\/\/schema.org","@graph":[{"@type":"WebPage","@id":"https:\/\/sales-ai-agents.com\/tr\/templates\/lesson-notes\/","url":"https:\/\/sales-ai-agents.com\/tr\/templates\/lesson-notes\/","name":"Ders Notlar\u0131 \u015eablonu - Sales AI Agents","isPartOf":{"@id":"https:\/\/sales-ai-agents.com\/#website"},"primaryImageOfPage":{"@id":"https:\/\/sales-ai-agents.com\/tr\/templates\/lesson-notes\/#primaryimage"},"image":{"@id":"https:\/\/sales-ai-agents.com\/tr\/templates\/lesson-notes\/#primaryimage"},"thumbnailUrl":"https:\/\/sales-ai-agents.com\/wp-content\/uploads\/2023\/01\/image-preview121948.png","datePublished":"2022-09-26T12:13:18+00:00","dateModified":"2023-12-31T16:40:42+00:00","description":"Her ders veya s\u0131n\u0131f i\u00e7in not olu\u015fturmak zor olabilir. Kurs veya ders notlar\u0131n\u0131z\u0131 bi\u00e7imlendirmek i\u00e7in temel yap\u0131y\u0131 sa\u011flayan bu \u015fablonu kullan\u0131n.","inLanguage":"tr","potentialAction":[{"@type":"ReadAction","target":["https:\/\/sales-ai-agents.com\/tr\/templates\/lesson-notes\/"]}]},{"@type":"ImageObject","inLanguage":"tr","@id":"https:\/\/sales-ai-agents.com\/tr\/templates\/lesson-notes\/#primaryimage","url":"https:\/\/sales-ai-agents.com\/wp-content\/uploads\/2023\/01\/image-preview121948.png","contentUrl":"https:\/\/sales-ai-agents.com\/wp-content\/uploads\/2023\/01\/image-preview121948.png","width":1078,"height":1712},{"@type":"WebSite","@id":"https:\/\/sales-ai-agents.com\/#website","url":"https:\/\/sales-ai-agents.com\/","name":"FuseBase","description":"Sales AI Agents - Free Online Collaboration Software for Remote Teams. Build your wikis, client portals and more with the Nimbus Platform collaboration tool ? A perfect space for online work","publisher":{"@id":"https:\/\/sales-ai-agents.com\/#organization"},"potentialAction":[{"@type":"SearchAction","target":{"@type":"EntryPoint","urlTemplate":"https:\/\/sales-ai-agents.com\/?s={search_term_string}"},"query-input":{"@type":"PropertyValueSpecification","valueRequired":true,"valueName":"search_term_string"}}],"inLanguage":"tr"},{"@type":"Organization","@id":"https:\/\/sales-ai-agents.com\/#organization","name":"FuseBase","url":"https:\/\/sales-ai-agents.com\/","logo":{"@type":"ImageObject","inLanguage":"tr","@id":"https:\/\/sales-ai-agents.com\/#\/schema\/logo\/image\/","url":"https:\/\/sales-ai-agents.com\/wp-content\/uploads\/2023\/11\/icon-7.svg","contentUrl":"https:\/\/sales-ai-agents.com\/wp-content\/uploads\/2023\/11\/icon-7.svg","width":128,"height":128,"caption":"FuseBase"},"image":{"@id":"https:\/\/sales-ai-agents.com\/#\/schema\/logo\/image\/"}}]}},"_links":{"self":[{"href":"https:\/\/sales-ai-agents.com\/tr\/wp-json\/wp\/v2\/product\/57634","targetHints":{"allow":["GET"]}}],"collection":[{"href":"https:\/\/sales-ai-agents.com\/tr\/wp-json\/wp\/v2\/product"}],"about":[{"href":"https:\/\/sales-ai-agents.com\/tr\/wp-json\/wp\/v2\/types\/product"}],"wp:featuredmedia":[{"embeddable":true,"href":"https:\/\/sales-ai-agents.com\/tr\/wp-json\/wp\/v2\/media\/57635"}],"wp:attachment":[{"href":"https:\/\/sales-ai-agents.com\/tr\/wp-json\/wp\/v2\/media?parent=57634"}],"wp:term":[{"taxonomy":"product_brand","embeddable":true,"href":"https:\/\/sales-ai-agents.com\/tr\/wp-json\/wp\/v2\/product_brand?post=57634"},{"taxonomy":"product_cat","embeddable":true,"href":"https:\/\/sales-ai-agents.com\/tr\/wp-json\/wp\/v2\/product_cat?post=57634"},{"taxonomy":"product_tag","embeddable":true,"href":"https:\/\/sales-ai-agents.com\/tr\/wp-json\/wp\/v2\/product_tag?post=57634"}],"curies":[{"name":"wp","href":"https:\/\/api.w.org\/{rel}","templated":true}]}}