{"id":57643,"date":"2022-09-26T12:13:08","date_gmt":"2022-09-26T12:13:08","guid":{"rendered":"https:\/\/sales-ai-agents.com\/templates\/meeting-wrap-up-for-clients\/"},"modified":"2023-12-31T16:36:38","modified_gmt":"2023-12-31T16:36:38","slug":"meeting-wrap-up-for-clients","status":"publish","type":"product","link":"https:\/\/sales-ai-agents.com\/tr\/templates\/meeting-wrap-up-for-clients\/","title":{"rendered":"M\u00fc\u015fteriler i\u00e7in Toplant\u0131 \u00d6zeti"},"content":{"rendered":"<p>&nbsp;<\/p>\n<h2>M\u00fc\u015fteriler i\u00e7in Toplant\u0131 \u00d6zeti<\/h2>\n<p class=\"desc-text\">Toplant\u0131 notlar\u0131n\u0131z\u0131 Nimbus ile d\u00fczenleyin! Nimbus sayfalar\u0131na toplant\u0131 \u00f6ncesi g\u00fcndemi, toplant\u0131 kay\u0131tlar\u0131n\u0131 ve \u00f6nemli anlar\u0131 ekleyebilirsiniz. Proje ge\u00e7mi\u015fini kolayca takip edin!<\/p>\n<h5>Nas\u0131l kullan\u0131l\u0131r?<\/h5>\n<ul class=\"desc-item_list\">\n<li class=\"desc-item_list__point\">\u00d6nemli konu\u015fma noktalar\u0131n\u0131 unutmamak i\u00e7in toplant\u0131 \u00f6ncesi bir g\u00fcndem olu\u015fturun.<\/li>\n<li class=\"desc-item_list__point\">Toplant\u0131 kay\u0131tlar\u0131n\u0131 ekleyin.<\/li>\n<li class=\"desc-item_list__point\">Toplant\u0131n\u0131n \u00f6nemli noktalar\u0131n\u0131 ve sonraki ad\u0131mlar\u0131n\u0131z\u0131 not edin.<\/li>\n<li class=\"desc-item_list__point\">Gerekirse, faturalama veya geri bildirim platformlar\u0131n\u0131 yerle\u015ftirin.<\/li>\n<\/ul>\n","protected":false},"excerpt":{"rendered":"<p>En iyi Toplant\u0131 \u00d6zeti \u015fablonumuzla toplant\u0131lar\u0131n\u0131z\u0131 takip edin! Toplant\u0131larla ilgili t\u00fcm bilgileri tek bir sayfada toplay\u0131n ve m\u00fc\u015fterilerinizle kolayca payla\u015f\u0131n.<\/p>\n","protected":false},"featured_media":57644,"template":"","meta":{"_acf_changed":false,"inline_featured_image":false},"product_brand":[],"product_cat":[217,227,228,248,230],"product_tag":[],"class_list":{"0":"post-57643","1":"product","2":"type-product","3":"status-publish","4":"has-post-thumbnail","6":"product_cat-entrepreneur","7":"product_cat-marketing-clients","8":"product_cat-sales-account","9":"product_cat-sales-proposals","10":"product_cat-meeting","11":"collections-client","13":"first","14":"instock","15":"virtual","16":"sold-individually","17":"product-type-simple"},"acf":[],"yoast_head":"<!-- This site is optimized with the Yoast SEO plugin v25.3.1 - https:\/\/yoast.com\/wordpress\/plugins\/seo\/ -->\n<title>M\u00fc\u015fteriler i\u00e7in Toplant\u0131 \u00d6zeti \u015eablonu - Sales AI Agents<\/title>\n<meta name=\"description\" content=\"En iyi Toplant\u0131 \u00d6zeti \u015fablonumuzla toplant\u0131lar\u0131n\u0131z\u0131 takip edin! Toplant\u0131larla ilgili t\u00fcm bilgileri tek bir sayfada toplay\u0131n ve m\u00fc\u015fterilerinizle kolayca payla\u015f\u0131n!\" \/>\n<meta name=\"robots\" content=\"index, follow, max-snippet:-1, max-image-preview:large, max-video-preview:-1\" \/>\n<link rel=\"canonical\" href=\"https:\/\/sales-ai-agents.com\/tr\/templates\/meeting-wrap-up-for-clients\/\" \/>\n<meta property=\"og:locale\" content=\"tr_TR\" \/>\n<meta property=\"og:type\" content=\"article\" \/>\n<meta property=\"og:title\" content=\"M\u00fc\u015fteriler i\u00e7in Toplant\u0131 \u00d6zeti \u015eablonu - Sales AI Agents\" \/>\n<meta property=\"og:description\" content=\"En iyi Toplant\u0131 \u00d6zeti \u015fablonumuzla toplant\u0131lar\u0131n\u0131z\u0131 takip edin! Toplant\u0131larla ilgili t\u00fcm bilgileri tek bir sayfada toplay\u0131n ve m\u00fc\u015fterilerinizle kolayca payla\u015f\u0131n!\" \/>\n<meta property=\"og:url\" content=\"https:\/\/sales-ai-agents.com\/tr\/templates\/meeting-wrap-up-for-clients\/\" \/>\n<meta property=\"og:site_name\" content=\"Sales AI Agents\" \/>\n<meta property=\"article:modified_time\" content=\"2023-12-31T16:36:38+00:00\" \/>\n<meta property=\"og:image\" content=\"https:\/\/sales-ai-agents.com\/wp-content\/uploads\/2022\/09\/Meeting-Wrap-Up-for-Clients-Template.png\" \/>\n\t<meta property=\"og:image:width\" content=\"1700\" \/>\n\t<meta property=\"og:image:height\" content=\"1100\" \/>\n\t<meta property=\"og:image:type\" content=\"image\/png\" \/>\n<meta name=\"twitter:card\" content=\"summary_large_image\" \/>\n<script type=\"application\/ld+json\" class=\"yoast-schema-graph\">{\"@context\":\"https:\/\/schema.org\",\"@graph\":[{\"@type\":\"WebPage\",\"@id\":\"https:\/\/sales-ai-agents.com\/tr\/templates\/meeting-wrap-up-for-clients\/\",\"url\":\"https:\/\/sales-ai-agents.com\/tr\/templates\/meeting-wrap-up-for-clients\/\",\"name\":\"M\u00fc\u015fteriler i\u00e7in Toplant\u0131 \u00d6zeti \u015eablonu - Sales AI Agents\",\"isPartOf\":{\"@id\":\"https:\/\/sales-ai-agents.com\/#website\"},\"primaryImageOfPage\":{\"@id\":\"https:\/\/sales-ai-agents.com\/tr\/templates\/meeting-wrap-up-for-clients\/#primaryimage\"},\"image\":{\"@id\":\"https:\/\/sales-ai-agents.com\/tr\/templates\/meeting-wrap-up-for-clients\/#primaryimage\"},\"thumbnailUrl\":\"https:\/\/sales-ai-agents.com\/wp-content\/uploads\/2022\/09\/Meeting-Wrap-Up-for-Clients-Template.png\",\"datePublished\":\"2022-09-26T12:13:08+00:00\",\"dateModified\":\"2023-12-31T16:36:38+00:00\",\"description\":\"En iyi Toplant\u0131 \u00d6zeti \u015fablonumuzla toplant\u0131lar\u0131n\u0131z\u0131 takip edin! Toplant\u0131larla ilgili t\u00fcm bilgileri tek bir sayfada toplay\u0131n ve m\u00fc\u015fterilerinizle kolayca payla\u015f\u0131n!\",\"inLanguage\":\"tr\",\"potentialAction\":[{\"@type\":\"ReadAction\",\"target\":[\"https:\/\/sales-ai-agents.com\/tr\/templates\/meeting-wrap-up-for-clients\/\"]}]},{\"@type\":\"ImageObject\",\"inLanguage\":\"tr\",\"@id\":\"https:\/\/sales-ai-agents.com\/tr\/templates\/meeting-wrap-up-for-clients\/#primaryimage\",\"url\":\"https:\/\/sales-ai-agents.com\/wp-content\/uploads\/2022\/09\/Meeting-Wrap-Up-for-Clients-Template.png\",\"contentUrl\":\"https:\/\/sales-ai-agents.com\/wp-content\/uploads\/2022\/09\/Meeting-Wrap-Up-for-Clients-Template.png\",\"width\":1700,\"height\":1100},{\"@type\":\"WebSite\",\"@id\":\"https:\/\/sales-ai-agents.com\/#website\",\"url\":\"https:\/\/sales-ai-agents.com\/\",\"name\":\"FuseBase\",\"description\":\"Sales AI Agents - Free Online Collaboration Software for Remote Teams. Build your wikis, client portals and more with the Nimbus Platform collaboration tool ? A perfect space for online work\",\"publisher\":{\"@id\":\"https:\/\/sales-ai-agents.com\/#organization\"},\"potentialAction\":[{\"@type\":\"SearchAction\",\"target\":{\"@type\":\"EntryPoint\",\"urlTemplate\":\"https:\/\/sales-ai-agents.com\/?s={search_term_string}\"},\"query-input\":{\"@type\":\"PropertyValueSpecification\",\"valueRequired\":true,\"valueName\":\"search_term_string\"}}],\"inLanguage\":\"tr\"},{\"@type\":\"Organization\",\"@id\":\"https:\/\/sales-ai-agents.com\/#organization\",\"name\":\"FuseBase\",\"url\":\"https:\/\/sales-ai-agents.com\/\",\"logo\":{\"@type\":\"ImageObject\",\"inLanguage\":\"tr\",\"@id\":\"https:\/\/sales-ai-agents.com\/#\/schema\/logo\/image\/\",\"url\":\"https:\/\/sales-ai-agents.com\/wp-content\/uploads\/2023\/11\/icon-7.svg\",\"contentUrl\":\"https:\/\/sales-ai-agents.com\/wp-content\/uploads\/2023\/11\/icon-7.svg\",\"width\":128,\"height\":128,\"caption\":\"FuseBase\"},\"image\":{\"@id\":\"https:\/\/sales-ai-agents.com\/#\/schema\/logo\/image\/\"}}]}<\/script>\n<!-- \/ Yoast SEO plugin. -->","yoast_head_json":{"title":"M\u00fc\u015fteriler i\u00e7in Toplant\u0131 \u00d6zeti \u015eablonu - Sales AI Agents","description":"En iyi Toplant\u0131 \u00d6zeti \u015fablonumuzla toplant\u0131lar\u0131n\u0131z\u0131 takip edin! Toplant\u0131larla ilgili t\u00fcm bilgileri tek bir sayfada toplay\u0131n ve m\u00fc\u015fterilerinizle kolayca payla\u015f\u0131n!","robots":{"index":"index","follow":"follow","max-snippet":"max-snippet:-1","max-image-preview":"max-image-preview:large","max-video-preview":"max-video-preview:-1"},"canonical":"https:\/\/sales-ai-agents.com\/tr\/templates\/meeting-wrap-up-for-clients\/","og_locale":"tr_TR","og_type":"article","og_title":"M\u00fc\u015fteriler i\u00e7in Toplant\u0131 \u00d6zeti \u015eablonu - Sales AI Agents","og_description":"En iyi Toplant\u0131 \u00d6zeti \u015fablonumuzla toplant\u0131lar\u0131n\u0131z\u0131 takip edin! Toplant\u0131larla ilgili t\u00fcm bilgileri tek bir sayfada toplay\u0131n ve m\u00fc\u015fterilerinizle kolayca payla\u015f\u0131n!","og_url":"https:\/\/sales-ai-agents.com\/tr\/templates\/meeting-wrap-up-for-clients\/","og_site_name":"Sales AI Agents","article_modified_time":"2023-12-31T16:36:38+00:00","og_image":[{"width":1700,"height":1100,"url":"https:\/\/sales-ai-agents.com\/wp-content\/uploads\/2022\/09\/Meeting-Wrap-Up-for-Clients-Template.png","type":"image\/png"}],"twitter_card":"summary_large_image","schema":{"@context":"https:\/\/schema.org","@graph":[{"@type":"WebPage","@id":"https:\/\/sales-ai-agents.com\/tr\/templates\/meeting-wrap-up-for-clients\/","url":"https:\/\/sales-ai-agents.com\/tr\/templates\/meeting-wrap-up-for-clients\/","name":"M\u00fc\u015fteriler i\u00e7in Toplant\u0131 \u00d6zeti \u015eablonu - Sales AI Agents","isPartOf":{"@id":"https:\/\/sales-ai-agents.com\/#website"},"primaryImageOfPage":{"@id":"https:\/\/sales-ai-agents.com\/tr\/templates\/meeting-wrap-up-for-clients\/#primaryimage"},"image":{"@id":"https:\/\/sales-ai-agents.com\/tr\/templates\/meeting-wrap-up-for-clients\/#primaryimage"},"thumbnailUrl":"https:\/\/sales-ai-agents.com\/wp-content\/uploads\/2022\/09\/Meeting-Wrap-Up-for-Clients-Template.png","datePublished":"2022-09-26T12:13:08+00:00","dateModified":"2023-12-31T16:36:38+00:00","description":"En iyi Toplant\u0131 \u00d6zeti \u015fablonumuzla toplant\u0131lar\u0131n\u0131z\u0131 takip edin! Toplant\u0131larla ilgili t\u00fcm bilgileri tek bir sayfada toplay\u0131n ve m\u00fc\u015fterilerinizle kolayca payla\u015f\u0131n!","inLanguage":"tr","potentialAction":[{"@type":"ReadAction","target":["https:\/\/sales-ai-agents.com\/tr\/templates\/meeting-wrap-up-for-clients\/"]}]},{"@type":"ImageObject","inLanguage":"tr","@id":"https:\/\/sales-ai-agents.com\/tr\/templates\/meeting-wrap-up-for-clients\/#primaryimage","url":"https:\/\/sales-ai-agents.com\/wp-content\/uploads\/2022\/09\/Meeting-Wrap-Up-for-Clients-Template.png","contentUrl":"https:\/\/sales-ai-agents.com\/wp-content\/uploads\/2022\/09\/Meeting-Wrap-Up-for-Clients-Template.png","width":1700,"height":1100},{"@type":"WebSite","@id":"https:\/\/sales-ai-agents.com\/#website","url":"https:\/\/sales-ai-agents.com\/","name":"FuseBase","description":"Sales AI Agents - Free Online Collaboration Software for Remote Teams. Build your wikis, client portals and more with the Nimbus Platform collaboration tool ? A perfect space for online work","publisher":{"@id":"https:\/\/sales-ai-agents.com\/#organization"},"potentialAction":[{"@type":"SearchAction","target":{"@type":"EntryPoint","urlTemplate":"https:\/\/sales-ai-agents.com\/?s={search_term_string}"},"query-input":{"@type":"PropertyValueSpecification","valueRequired":true,"valueName":"search_term_string"}}],"inLanguage":"tr"},{"@type":"Organization","@id":"https:\/\/sales-ai-agents.com\/#organization","name":"FuseBase","url":"https:\/\/sales-ai-agents.com\/","logo":{"@type":"ImageObject","inLanguage":"tr","@id":"https:\/\/sales-ai-agents.com\/#\/schema\/logo\/image\/","url":"https:\/\/sales-ai-agents.com\/wp-content\/uploads\/2023\/11\/icon-7.svg","contentUrl":"https:\/\/sales-ai-agents.com\/wp-content\/uploads\/2023\/11\/icon-7.svg","width":128,"height":128,"caption":"FuseBase"},"image":{"@id":"https:\/\/sales-ai-agents.com\/#\/schema\/logo\/image\/"}}]}},"_links":{"self":[{"href":"https:\/\/sales-ai-agents.com\/tr\/wp-json\/wp\/v2\/product\/57643","targetHints":{"allow":["GET"]}}],"collection":[{"href":"https:\/\/sales-ai-agents.com\/tr\/wp-json\/wp\/v2\/product"}],"about":[{"href":"https:\/\/sales-ai-agents.com\/tr\/wp-json\/wp\/v2\/types\/product"}],"wp:featuredmedia":[{"embeddable":true,"href":"https:\/\/sales-ai-agents.com\/tr\/wp-json\/wp\/v2\/media\/57644"}],"wp:attachment":[{"href":"https:\/\/sales-ai-agents.com\/tr\/wp-json\/wp\/v2\/media?parent=57643"}],"wp:term":[{"taxonomy":"product_brand","embeddable":true,"href":"https:\/\/sales-ai-agents.com\/tr\/wp-json\/wp\/v2\/product_brand?post=57643"},{"taxonomy":"product_cat","embeddable":true,"href":"https:\/\/sales-ai-agents.com\/tr\/wp-json\/wp\/v2\/product_cat?post=57643"},{"taxonomy":"product_tag","embeddable":true,"href":"https:\/\/sales-ai-agents.com\/tr\/wp-json\/wp\/v2\/product_tag?post=57643"}],"curies":[{"name":"wp","href":"https:\/\/api.w.org\/{rel}","templated":true}]}}