{"id":57648,"date":"2022-09-26T12:12:58","date_gmt":"2022-09-26T12:12:58","guid":{"rendered":"https:\/\/sales-ai-agents.com\/templates\/employee-performance-review-2\/"},"modified":"2023-12-26T15:16:37","modified_gmt":"2023-12-26T15:16:37","slug":"employee-performance-review-2","status":"publish","type":"product","link":"https:\/\/sales-ai-agents.com\/tr\/templates\/employee-performance-review-2\/","title":{"rendered":"Detayl\u0131 Performans \u0130ncelemesi"},"content":{"rendered":"<p>&nbsp;<\/p>\n<h2 class=\"ng-binding ng-scope\">Detayl\u0131 Performans \u0130nceleme \u015eablonu<\/h2>\n<p class=\"desc-text\">\u00c7al\u0131\u015fan de\u011ferlendirmeleri, ekibinizdeki herkesin standartlar\u0131, hedefleri ve ama\u00e7lar\u0131 yakalamas\u0131na yard\u0131mc\u0131 olur. \u0130lerleme ve b\u00fcy\u00fcme \u00fczerine d\u00fc\u015f\u00fcnmek i\u00e7in etkili bir yoldur. \u00c7al\u0131\u015fanlar\u0131n\u0131z\u0131 de\u011ferlendirmek i\u00e7in bu performans \u015fablonunu kullan\u0131n. Tan\u0131mlanm\u0131\u015f fakt\u00f6rler i\u00e7in derecelendirmeler kullanarak incelemelerinizin objektif ve standart oldu\u011fundan emin olun. T\u00fcm ekibinizin h\u0131zl\u0131 bir \u015fekilde g\u00fcncellenmesine yard\u0131mc\u0131 olmak i\u00e7in incelemeleri ve notlar\u0131 an\u0131nda payla\u015f\u0131n.<\/p>\n<h5>Nas\u0131l kullan\u0131l\u0131r?<\/h5>\n<ul class=\"desc-item_list\">\n<li class=\"desc-item_list__point\">Performans de\u011ferlendirmesiyle ilgili ayr\u0131nt\u0131lar\u0131 ekleyin<\/li>\n<li class=\"desc-item_list__point\">Dereceli puanlama anahtar\u0131n\u0131 g\u00f6zden ge\u00e7irin<\/li>\n<li class=\"desc-item_list__point\">Her inceleme fakt\u00f6r\u00fc i\u00e7in bir derecelendirme atay\u0131n<\/li>\n<li class=\"desc-item_list__point\">Her fakt\u00f6r i\u00e7in ayr\u0131nt\u0131l\u0131 yorumlar ekleyin<\/li>\n<li class=\"desc-item_list__point\">\u0130ncelemeleri ve derecelendirmeleri \u00e7al\u0131\u015fan\u0131n\u0131zla payla\u015f\u0131n<\/li>\n<li class=\"desc-item_list__point\">Bir \u00e7al\u0131\u015fan\u0131n yorum eklemesine izin verin<\/li>\n<li class=\"desc-item_list__point\">Doldurulan belgeyi imzalay\u0131n ve tarih at\u0131n<\/li>\n<\/ul>\n","protected":false},"excerpt":{"rendered":"<p>\u00c7al\u0131\u015fan de\u011ferlendirmeleri, ekibinizdeki herkesin standartlar\u0131, hedefleri ve ama\u00e7lar\u0131 yakalamas\u0131na yard\u0131mc\u0131 olur. \u00c7al\u0131\u015fanlar\u0131n\u0131z\u0131 de\u011ferlendirmek i\u00e7in bu performans \u015fablonunu kullan\u0131n.<\/p>\n","protected":false},"featured_media":57649,"template":"","meta":{"_acf_changed":false,"inline_featured_image":false},"product_brand":[],"product_cat":[218],"product_tag":[],"class_list":{"0":"post-57648","1":"product","2":"type-product","3":"status-publish","4":"has-post-thumbnail","6":"product_cat-operations","8":"first","9":"instock","10":"virtual","11":"sold-individually","12":"product-type-simple"},"acf":[],"yoast_head":"<!-- This site is optimized with the Yoast SEO plugin v25.3.1 - https:\/\/yoast.com\/wordpress\/plugins\/seo\/ -->\n<title>Detayl\u0131 Performans De\u011ferlendirme \u015eablonu - Sales AI Agents<\/title>\n<meta name=\"description\" content=\"\u00c7al\u0131\u015fan de\u011ferlendirmeleri, ekibinizdeki herkesin standartlar\u0131, hedefleri ve ama\u00e7lar\u0131 yakalamas\u0131na yard\u0131mc\u0131 olur. \u00c7al\u0131\u015fanlar\u0131n\u0131z\u0131 de\u011ferlendirmek i\u00e7in bu performans \u015fablonunu kullan\u0131n.\" \/>\n<meta name=\"robots\" content=\"index, follow, max-snippet:-1, max-image-preview:large, max-video-preview:-1\" \/>\n<link rel=\"canonical\" href=\"https:\/\/sales-ai-agents.com\/tr\/templates\/employee-performance-review-2\/\" \/>\n<meta property=\"og:locale\" content=\"tr_TR\" \/>\n<meta property=\"og:type\" content=\"article\" \/>\n<meta property=\"og:title\" content=\"Detayl\u0131 Performans De\u011ferlendirme \u015eablonu - Sales AI Agents\" \/>\n<meta property=\"og:description\" content=\"\u00c7al\u0131\u015fan de\u011ferlendirmeleri, ekibinizdeki herkesin standartlar\u0131, hedefleri ve ama\u00e7lar\u0131 yakalamas\u0131na yard\u0131mc\u0131 olur. \u00c7al\u0131\u015fanlar\u0131n\u0131z\u0131 de\u011ferlendirmek i\u00e7in bu performans \u015fablonunu kullan\u0131n.\" \/>\n<meta property=\"og:url\" content=\"https:\/\/sales-ai-agents.com\/tr\/templates\/employee-performance-review-2\/\" \/>\n<meta property=\"og:site_name\" content=\"Sales AI Agents\" \/>\n<meta property=\"article:modified_time\" content=\"2023-12-26T15:16:37+00:00\" \/>\n<meta property=\"og:image\" content=\"https:\/\/sales-ai-agents.com\/wp-content\/uploads\/2022\/09\/Detailed-Performance-Review-Template.png\" \/>\n\t<meta property=\"og:image:width\" content=\"1700\" \/>\n\t<meta property=\"og:image:height\" content=\"1100\" \/>\n\t<meta property=\"og:image:type\" content=\"image\/png\" \/>\n<meta name=\"twitter:card\" content=\"summary_large_image\" \/>\n<script type=\"application\/ld+json\" class=\"yoast-schema-graph\">{\"@context\":\"https:\/\/schema.org\",\"@graph\":[{\"@type\":\"WebPage\",\"@id\":\"https:\/\/sales-ai-agents.com\/tr\/templates\/employee-performance-review-2\/\",\"url\":\"https:\/\/sales-ai-agents.com\/tr\/templates\/employee-performance-review-2\/\",\"name\":\"Detayl\u0131 Performans De\u011ferlendirme \u015eablonu - Sales AI Agents\",\"isPartOf\":{\"@id\":\"https:\/\/sales-ai-agents.com\/#website\"},\"primaryImageOfPage\":{\"@id\":\"https:\/\/sales-ai-agents.com\/tr\/templates\/employee-performance-review-2\/#primaryimage\"},\"image\":{\"@id\":\"https:\/\/sales-ai-agents.com\/tr\/templates\/employee-performance-review-2\/#primaryimage\"},\"thumbnailUrl\":\"https:\/\/sales-ai-agents.com\/wp-content\/uploads\/2022\/09\/Detailed-Performance-Review-Template.png\",\"datePublished\":\"2022-09-26T12:12:58+00:00\",\"dateModified\":\"2023-12-26T15:16:37+00:00\",\"description\":\"\u00c7al\u0131\u015fan de\u011ferlendirmeleri, ekibinizdeki herkesin standartlar\u0131, hedefleri ve ama\u00e7lar\u0131 yakalamas\u0131na yard\u0131mc\u0131 olur. \u00c7al\u0131\u015fanlar\u0131n\u0131z\u0131 de\u011ferlendirmek i\u00e7in bu performans \u015fablonunu kullan\u0131n.\",\"inLanguage\":\"tr\",\"potentialAction\":[{\"@type\":\"ReadAction\",\"target\":[\"https:\/\/sales-ai-agents.com\/tr\/templates\/employee-performance-review-2\/\"]}]},{\"@type\":\"ImageObject\",\"inLanguage\":\"tr\",\"@id\":\"https:\/\/sales-ai-agents.com\/tr\/templates\/employee-performance-review-2\/#primaryimage\",\"url\":\"https:\/\/sales-ai-agents.com\/wp-content\/uploads\/2022\/09\/Detailed-Performance-Review-Template.png\",\"contentUrl\":\"https:\/\/sales-ai-agents.com\/wp-content\/uploads\/2022\/09\/Detailed-Performance-Review-Template.png\",\"width\":1700,\"height\":1100},{\"@type\":\"WebSite\",\"@id\":\"https:\/\/sales-ai-agents.com\/#website\",\"url\":\"https:\/\/sales-ai-agents.com\/\",\"name\":\"FuseBase\",\"description\":\"Sales AI Agents - Free Online Collaboration Software for Remote Teams. Build your wikis, client portals and more with the Nimbus Platform collaboration tool ? A perfect space for online work\",\"publisher\":{\"@id\":\"https:\/\/sales-ai-agents.com\/#organization\"},\"potentialAction\":[{\"@type\":\"SearchAction\",\"target\":{\"@type\":\"EntryPoint\",\"urlTemplate\":\"https:\/\/sales-ai-agents.com\/?s={search_term_string}\"},\"query-input\":{\"@type\":\"PropertyValueSpecification\",\"valueRequired\":true,\"valueName\":\"search_term_string\"}}],\"inLanguage\":\"tr\"},{\"@type\":\"Organization\",\"@id\":\"https:\/\/sales-ai-agents.com\/#organization\",\"name\":\"FuseBase\",\"url\":\"https:\/\/sales-ai-agents.com\/\",\"logo\":{\"@type\":\"ImageObject\",\"inLanguage\":\"tr\",\"@id\":\"https:\/\/sales-ai-agents.com\/#\/schema\/logo\/image\/\",\"url\":\"https:\/\/sales-ai-agents.com\/wp-content\/uploads\/2023\/11\/icon-7.svg\",\"contentUrl\":\"https:\/\/sales-ai-agents.com\/wp-content\/uploads\/2023\/11\/icon-7.svg\",\"width\":128,\"height\":128,\"caption\":\"FuseBase\"},\"image\":{\"@id\":\"https:\/\/sales-ai-agents.com\/#\/schema\/logo\/image\/\"}}]}<\/script>\n<!-- \/ Yoast SEO plugin. -->","yoast_head_json":{"title":"Detayl\u0131 Performans De\u011ferlendirme \u015eablonu - Sales AI Agents","description":"\u00c7al\u0131\u015fan de\u011ferlendirmeleri, ekibinizdeki herkesin standartlar\u0131, hedefleri ve ama\u00e7lar\u0131 yakalamas\u0131na yard\u0131mc\u0131 olur. \u00c7al\u0131\u015fanlar\u0131n\u0131z\u0131 de\u011ferlendirmek i\u00e7in bu performans \u015fablonunu kullan\u0131n.","robots":{"index":"index","follow":"follow","max-snippet":"max-snippet:-1","max-image-preview":"max-image-preview:large","max-video-preview":"max-video-preview:-1"},"canonical":"https:\/\/sales-ai-agents.com\/tr\/templates\/employee-performance-review-2\/","og_locale":"tr_TR","og_type":"article","og_title":"Detayl\u0131 Performans De\u011ferlendirme \u015eablonu - Sales AI Agents","og_description":"\u00c7al\u0131\u015fan de\u011ferlendirmeleri, ekibinizdeki herkesin standartlar\u0131, hedefleri ve ama\u00e7lar\u0131 yakalamas\u0131na yard\u0131mc\u0131 olur. \u00c7al\u0131\u015fanlar\u0131n\u0131z\u0131 de\u011ferlendirmek i\u00e7in bu performans \u015fablonunu kullan\u0131n.","og_url":"https:\/\/sales-ai-agents.com\/tr\/templates\/employee-performance-review-2\/","og_site_name":"Sales AI Agents","article_modified_time":"2023-12-26T15:16:37+00:00","og_image":[{"width":1700,"height":1100,"url":"https:\/\/sales-ai-agents.com\/wp-content\/uploads\/2022\/09\/Detailed-Performance-Review-Template.png","type":"image\/png"}],"twitter_card":"summary_large_image","schema":{"@context":"https:\/\/schema.org","@graph":[{"@type":"WebPage","@id":"https:\/\/sales-ai-agents.com\/tr\/templates\/employee-performance-review-2\/","url":"https:\/\/sales-ai-agents.com\/tr\/templates\/employee-performance-review-2\/","name":"Detayl\u0131 Performans De\u011ferlendirme \u015eablonu - Sales AI Agents","isPartOf":{"@id":"https:\/\/sales-ai-agents.com\/#website"},"primaryImageOfPage":{"@id":"https:\/\/sales-ai-agents.com\/tr\/templates\/employee-performance-review-2\/#primaryimage"},"image":{"@id":"https:\/\/sales-ai-agents.com\/tr\/templates\/employee-performance-review-2\/#primaryimage"},"thumbnailUrl":"https:\/\/sales-ai-agents.com\/wp-content\/uploads\/2022\/09\/Detailed-Performance-Review-Template.png","datePublished":"2022-09-26T12:12:58+00:00","dateModified":"2023-12-26T15:16:37+00:00","description":"\u00c7al\u0131\u015fan de\u011ferlendirmeleri, ekibinizdeki herkesin standartlar\u0131, hedefleri ve ama\u00e7lar\u0131 yakalamas\u0131na yard\u0131mc\u0131 olur. \u00c7al\u0131\u015fanlar\u0131n\u0131z\u0131 de\u011ferlendirmek i\u00e7in bu performans \u015fablonunu kullan\u0131n.","inLanguage":"tr","potentialAction":[{"@type":"ReadAction","target":["https:\/\/sales-ai-agents.com\/tr\/templates\/employee-performance-review-2\/"]}]},{"@type":"ImageObject","inLanguage":"tr","@id":"https:\/\/sales-ai-agents.com\/tr\/templates\/employee-performance-review-2\/#primaryimage","url":"https:\/\/sales-ai-agents.com\/wp-content\/uploads\/2022\/09\/Detailed-Performance-Review-Template.png","contentUrl":"https:\/\/sales-ai-agents.com\/wp-content\/uploads\/2022\/09\/Detailed-Performance-Review-Template.png","width":1700,"height":1100},{"@type":"WebSite","@id":"https:\/\/sales-ai-agents.com\/#website","url":"https:\/\/sales-ai-agents.com\/","name":"FuseBase","description":"Sales AI Agents - Free Online Collaboration Software for Remote Teams. Build your wikis, client portals and more with the Nimbus Platform collaboration tool ? A perfect space for online work","publisher":{"@id":"https:\/\/sales-ai-agents.com\/#organization"},"potentialAction":[{"@type":"SearchAction","target":{"@type":"EntryPoint","urlTemplate":"https:\/\/sales-ai-agents.com\/?s={search_term_string}"},"query-input":{"@type":"PropertyValueSpecification","valueRequired":true,"valueName":"search_term_string"}}],"inLanguage":"tr"},{"@type":"Organization","@id":"https:\/\/sales-ai-agents.com\/#organization","name":"FuseBase","url":"https:\/\/sales-ai-agents.com\/","logo":{"@type":"ImageObject","inLanguage":"tr","@id":"https:\/\/sales-ai-agents.com\/#\/schema\/logo\/image\/","url":"https:\/\/sales-ai-agents.com\/wp-content\/uploads\/2023\/11\/icon-7.svg","contentUrl":"https:\/\/sales-ai-agents.com\/wp-content\/uploads\/2023\/11\/icon-7.svg","width":128,"height":128,"caption":"FuseBase"},"image":{"@id":"https:\/\/sales-ai-agents.com\/#\/schema\/logo\/image\/"}}]}},"_links":{"self":[{"href":"https:\/\/sales-ai-agents.com\/tr\/wp-json\/wp\/v2\/product\/57648","targetHints":{"allow":["GET"]}}],"collection":[{"href":"https:\/\/sales-ai-agents.com\/tr\/wp-json\/wp\/v2\/product"}],"about":[{"href":"https:\/\/sales-ai-agents.com\/tr\/wp-json\/wp\/v2\/types\/product"}],"wp:featuredmedia":[{"embeddable":true,"href":"https:\/\/sales-ai-agents.com\/tr\/wp-json\/wp\/v2\/media\/57649"}],"wp:attachment":[{"href":"https:\/\/sales-ai-agents.com\/tr\/wp-json\/wp\/v2\/media?parent=57648"}],"wp:term":[{"taxonomy":"product_brand","embeddable":true,"href":"https:\/\/sales-ai-agents.com\/tr\/wp-json\/wp\/v2\/product_brand?post=57648"},{"taxonomy":"product_cat","embeddable":true,"href":"https:\/\/sales-ai-agents.com\/tr\/wp-json\/wp\/v2\/product_cat?post=57648"},{"taxonomy":"product_tag","embeddable":true,"href":"https:\/\/sales-ai-agents.com\/tr\/wp-json\/wp\/v2\/product_tag?post=57648"}],"curies":[{"name":"wp","href":"https:\/\/api.w.org\/{rel}","templated":true}]}}