{"id":57653,"date":"2022-09-26T12:12:54","date_gmt":"2022-09-26T12:12:54","guid":{"rendered":"https:\/\/sales-ai-agents.com\/templates\/mom\/"},"modified":"2024-01-02T13:25:02","modified_gmt":"2024-01-02T13:25:02","slug":"mom","status":"publish","type":"product","link":"https:\/\/sales-ai-agents.com\/tr\/templates\/mom\/","title":{"rendered":"ANNE"},"content":{"rendered":"<p>&nbsp;<\/p>\n<h2>MOM \u015eablonu<\/h2>\n<p class=\"desc-text\">Toplant\u0131 tutanaklar\u0131n\u0131z\u0131 haz\u0131rlamak i\u00e7in basit kelime i\u015flemcileri kullanmay\u0131 b\u0131rak\u0131n. Bu toplant\u0131 \u015fablonu, notlar\u0131n\u0131z\u0131 kolayca takip edebilmeniz i\u00e7in basit bir tablo ile d\u00fczenlenmi\u015ftir. Ortak \u00e7al\u0131\u015fanlar ekleyin ve t\u00fcm ekibinizle payla\u015f\u0131n, b\u00f6ylece herkes h\u0131zla g\u00fcncellensin. Bu \u015fablon, t\u00fcm grubunuzun temel g\u00fcncellemeleri, duyurular\u0131 ve daha fazlas\u0131n\u0131 takip etmesi i\u00e7in m\u00fckemmeldir.<\/p>\n<h5>Nas\u0131l kullan\u0131l\u0131r?<\/h5>\n<ul class=\"desc-item_list\">\n<li class=\"desc-item_list__point\">Toplant\u0131 ad\u0131n\u0131 ve tarihini ekleyin<\/li>\n<li class=\"desc-item_list__point\">Kat\u0131l\u0131mc\u0131lar\u0131 etiketleyin ve onlardan bahsedin<\/li>\n<li class=\"desc-item_list__point\">Sonraki ad\u0131mlar\u0131 ve son tarihleri olu\u015fturun<\/li>\n<li class=\"desc-item_list__point\">Son kutuya toplant\u0131 notlar\u0131 al\u0131n<\/li>\n<li class=\"desc-item_list__point\">Notlar\u0131n\u0131z\u0131 t\u00fcm ekibinizle payla\u015f\u0131n<\/li>\n<\/ul>\n","protected":false},"excerpt":{"rendered":"<p>Toplant\u0131 tutanaklar\u0131n\u0131z\u0131 haz\u0131rlamak i\u00e7in basit kelime i\u015flemcileri kullanmay\u0131 b\u0131rak\u0131n. Bu toplant\u0131 \u015fablonu, notlar\u0131n\u0131z\u0131 takip etmeyi kolayla\u015ft\u0131rmak i\u00e7in bir tablo ile d\u00fczenlenmi\u015ftir.<\/p>\n","protected":false},"featured_media":57654,"template":"","meta":{"_acf_changed":false,"inline_featured_image":false},"product_brand":[],"product_cat":[218,231,230],"product_tag":[],"class_list":{"0":"post-57653","1":"product","2":"type-product","3":"status-publish","4":"has-post-thumbnail","6":"product_cat-operations","7":"product_cat-project-management","8":"product_cat-meeting","9":"collections-team","11":"first","12":"instock","13":"virtual","14":"sold-individually","15":"product-type-simple"},"acf":[],"yoast_head":"<!-- This site is optimized with the Yoast SEO plugin v25.3.1 - https:\/\/yoast.com\/wordpress\/plugins\/seo\/ -->\n<title>MOM \u015eablonu - Sales AI Agents<\/title>\n<meta name=\"description\" content=\"Toplant\u0131 tutanaklar\u0131n\u0131z\u0131 haz\u0131rlamak i\u00e7in basit kelime i\u015flemcileri kullanmay\u0131 b\u0131rak\u0131n. Bu toplant\u0131 \u015fablonu bir tablo ile d\u00fczenlenmi\u015ftir - notlar\u0131n\u0131z\u0131 takip etmeyi kolayla\u015ft\u0131r\u0131n!\" \/>\n<meta name=\"robots\" content=\"index, follow, max-snippet:-1, max-image-preview:large, max-video-preview:-1\" \/>\n<link rel=\"canonical\" href=\"https:\/\/sales-ai-agents.com\/tr\/templates\/mom\/\" \/>\n<meta property=\"og:locale\" content=\"tr_TR\" \/>\n<meta property=\"og:type\" content=\"article\" \/>\n<meta property=\"og:title\" content=\"MOM \u015eablonu - Sales AI Agents\" \/>\n<meta property=\"og:description\" content=\"Toplant\u0131 tutanaklar\u0131n\u0131z\u0131 haz\u0131rlamak i\u00e7in basit kelime i\u015flemcileri kullanmay\u0131 b\u0131rak\u0131n. Bu toplant\u0131 \u015fablonu bir tablo ile d\u00fczenlenmi\u015ftir - notlar\u0131n\u0131z\u0131 takip etmeyi kolayla\u015ft\u0131r\u0131n!\" \/>\n<meta property=\"og:url\" content=\"https:\/\/sales-ai-agents.com\/tr\/templates\/mom\/\" \/>\n<meta property=\"og:site_name\" content=\"Sales AI Agents\" \/>\n<meta property=\"article:modified_time\" content=\"2024-01-02T13:25:02+00:00\" \/>\n<meta property=\"og:image\" content=\"https:\/\/sales-ai-agents.com\/wp-content\/uploads\/2023\/01\/image-preview121839.png\" \/>\n\t<meta property=\"og:image:width\" content=\"1078\" \/>\n\t<meta property=\"og:image:height\" content=\"1150\" \/>\n\t<meta property=\"og:image:type\" content=\"image\/png\" \/>\n<meta name=\"twitter:card\" content=\"summary_large_image\" \/>\n<script type=\"application\/ld+json\" class=\"yoast-schema-graph\">{\"@context\":\"https:\/\/schema.org\",\"@graph\":[{\"@type\":\"WebPage\",\"@id\":\"https:\/\/sales-ai-agents.com\/tr\/templates\/mom\/\",\"url\":\"https:\/\/sales-ai-agents.com\/tr\/templates\/mom\/\",\"name\":\"MOM \u015eablonu - Sales AI Agents\",\"isPartOf\":{\"@id\":\"https:\/\/sales-ai-agents.com\/#website\"},\"primaryImageOfPage\":{\"@id\":\"https:\/\/sales-ai-agents.com\/tr\/templates\/mom\/#primaryimage\"},\"image\":{\"@id\":\"https:\/\/sales-ai-agents.com\/tr\/templates\/mom\/#primaryimage\"},\"thumbnailUrl\":\"https:\/\/sales-ai-agents.com\/wp-content\/uploads\/2023\/01\/image-preview121839.png\",\"datePublished\":\"2022-09-26T12:12:54+00:00\",\"dateModified\":\"2024-01-02T13:25:02+00:00\",\"description\":\"Toplant\u0131 tutanaklar\u0131n\u0131z\u0131 haz\u0131rlamak i\u00e7in basit kelime i\u015flemcileri kullanmay\u0131 b\u0131rak\u0131n. Bu toplant\u0131 \u015fablonu bir tablo ile d\u00fczenlenmi\u015ftir - notlar\u0131n\u0131z\u0131 takip etmeyi kolayla\u015ft\u0131r\u0131n!\",\"inLanguage\":\"tr\",\"potentialAction\":[{\"@type\":\"ReadAction\",\"target\":[\"https:\/\/sales-ai-agents.com\/tr\/templates\/mom\/\"]}]},{\"@type\":\"ImageObject\",\"inLanguage\":\"tr\",\"@id\":\"https:\/\/sales-ai-agents.com\/tr\/templates\/mom\/#primaryimage\",\"url\":\"https:\/\/sales-ai-agents.com\/wp-content\/uploads\/2023\/01\/image-preview121839.png\",\"contentUrl\":\"https:\/\/sales-ai-agents.com\/wp-content\/uploads\/2023\/01\/image-preview121839.png\",\"width\":1078,\"height\":1150},{\"@type\":\"WebSite\",\"@id\":\"https:\/\/sales-ai-agents.com\/#website\",\"url\":\"https:\/\/sales-ai-agents.com\/\",\"name\":\"FuseBase\",\"description\":\"Sales AI Agents - Free Online Collaboration Software for Remote Teams. Build your wikis, client portals and more with the Nimbus Platform collaboration tool ? A perfect space for online work\",\"publisher\":{\"@id\":\"https:\/\/sales-ai-agents.com\/#organization\"},\"potentialAction\":[{\"@type\":\"SearchAction\",\"target\":{\"@type\":\"EntryPoint\",\"urlTemplate\":\"https:\/\/sales-ai-agents.com\/?s={search_term_string}\"},\"query-input\":{\"@type\":\"PropertyValueSpecification\",\"valueRequired\":true,\"valueName\":\"search_term_string\"}}],\"inLanguage\":\"tr\"},{\"@type\":\"Organization\",\"@id\":\"https:\/\/sales-ai-agents.com\/#organization\",\"name\":\"FuseBase\",\"url\":\"https:\/\/sales-ai-agents.com\/\",\"logo\":{\"@type\":\"ImageObject\",\"inLanguage\":\"tr\",\"@id\":\"https:\/\/sales-ai-agents.com\/#\/schema\/logo\/image\/\",\"url\":\"https:\/\/sales-ai-agents.com\/wp-content\/uploads\/2023\/11\/icon-7.svg\",\"contentUrl\":\"https:\/\/sales-ai-agents.com\/wp-content\/uploads\/2023\/11\/icon-7.svg\",\"width\":128,\"height\":128,\"caption\":\"FuseBase\"},\"image\":{\"@id\":\"https:\/\/sales-ai-agents.com\/#\/schema\/logo\/image\/\"}}]}<\/script>\n<!-- \/ Yoast SEO plugin. -->","yoast_head_json":{"title":"MOM \u015eablonu - Sales AI Agents","description":"Toplant\u0131 tutanaklar\u0131n\u0131z\u0131 haz\u0131rlamak i\u00e7in basit kelime i\u015flemcileri kullanmay\u0131 b\u0131rak\u0131n. Bu toplant\u0131 \u015fablonu bir tablo ile d\u00fczenlenmi\u015ftir - notlar\u0131n\u0131z\u0131 takip etmeyi kolayla\u015ft\u0131r\u0131n!","robots":{"index":"index","follow":"follow","max-snippet":"max-snippet:-1","max-image-preview":"max-image-preview:large","max-video-preview":"max-video-preview:-1"},"canonical":"https:\/\/sales-ai-agents.com\/tr\/templates\/mom\/","og_locale":"tr_TR","og_type":"article","og_title":"MOM \u015eablonu - Sales AI Agents","og_description":"Toplant\u0131 tutanaklar\u0131n\u0131z\u0131 haz\u0131rlamak i\u00e7in basit kelime i\u015flemcileri kullanmay\u0131 b\u0131rak\u0131n. Bu toplant\u0131 \u015fablonu bir tablo ile d\u00fczenlenmi\u015ftir - notlar\u0131n\u0131z\u0131 takip etmeyi kolayla\u015ft\u0131r\u0131n!","og_url":"https:\/\/sales-ai-agents.com\/tr\/templates\/mom\/","og_site_name":"Sales AI Agents","article_modified_time":"2024-01-02T13:25:02+00:00","og_image":[{"width":1078,"height":1150,"url":"https:\/\/sales-ai-agents.com\/wp-content\/uploads\/2023\/01\/image-preview121839.png","type":"image\/png"}],"twitter_card":"summary_large_image","schema":{"@context":"https:\/\/schema.org","@graph":[{"@type":"WebPage","@id":"https:\/\/sales-ai-agents.com\/tr\/templates\/mom\/","url":"https:\/\/sales-ai-agents.com\/tr\/templates\/mom\/","name":"MOM \u015eablonu - Sales AI Agents","isPartOf":{"@id":"https:\/\/sales-ai-agents.com\/#website"},"primaryImageOfPage":{"@id":"https:\/\/sales-ai-agents.com\/tr\/templates\/mom\/#primaryimage"},"image":{"@id":"https:\/\/sales-ai-agents.com\/tr\/templates\/mom\/#primaryimage"},"thumbnailUrl":"https:\/\/sales-ai-agents.com\/wp-content\/uploads\/2023\/01\/image-preview121839.png","datePublished":"2022-09-26T12:12:54+00:00","dateModified":"2024-01-02T13:25:02+00:00","description":"Toplant\u0131 tutanaklar\u0131n\u0131z\u0131 haz\u0131rlamak i\u00e7in basit kelime i\u015flemcileri kullanmay\u0131 b\u0131rak\u0131n. Bu toplant\u0131 \u015fablonu bir tablo ile d\u00fczenlenmi\u015ftir - notlar\u0131n\u0131z\u0131 takip etmeyi kolayla\u015ft\u0131r\u0131n!","inLanguage":"tr","potentialAction":[{"@type":"ReadAction","target":["https:\/\/sales-ai-agents.com\/tr\/templates\/mom\/"]}]},{"@type":"ImageObject","inLanguage":"tr","@id":"https:\/\/sales-ai-agents.com\/tr\/templates\/mom\/#primaryimage","url":"https:\/\/sales-ai-agents.com\/wp-content\/uploads\/2023\/01\/image-preview121839.png","contentUrl":"https:\/\/sales-ai-agents.com\/wp-content\/uploads\/2023\/01\/image-preview121839.png","width":1078,"height":1150},{"@type":"WebSite","@id":"https:\/\/sales-ai-agents.com\/#website","url":"https:\/\/sales-ai-agents.com\/","name":"FuseBase","description":"Sales AI Agents - Free Online Collaboration Software for Remote Teams. Build your wikis, client portals and more with the Nimbus Platform collaboration tool ? A perfect space for online work","publisher":{"@id":"https:\/\/sales-ai-agents.com\/#organization"},"potentialAction":[{"@type":"SearchAction","target":{"@type":"EntryPoint","urlTemplate":"https:\/\/sales-ai-agents.com\/?s={search_term_string}"},"query-input":{"@type":"PropertyValueSpecification","valueRequired":true,"valueName":"search_term_string"}}],"inLanguage":"tr"},{"@type":"Organization","@id":"https:\/\/sales-ai-agents.com\/#organization","name":"FuseBase","url":"https:\/\/sales-ai-agents.com\/","logo":{"@type":"ImageObject","inLanguage":"tr","@id":"https:\/\/sales-ai-agents.com\/#\/schema\/logo\/image\/","url":"https:\/\/sales-ai-agents.com\/wp-content\/uploads\/2023\/11\/icon-7.svg","contentUrl":"https:\/\/sales-ai-agents.com\/wp-content\/uploads\/2023\/11\/icon-7.svg","width":128,"height":128,"caption":"FuseBase"},"image":{"@id":"https:\/\/sales-ai-agents.com\/#\/schema\/logo\/image\/"}}]}},"_links":{"self":[{"href":"https:\/\/sales-ai-agents.com\/tr\/wp-json\/wp\/v2\/product\/57653","targetHints":{"allow":["GET"]}}],"collection":[{"href":"https:\/\/sales-ai-agents.com\/tr\/wp-json\/wp\/v2\/product"}],"about":[{"href":"https:\/\/sales-ai-agents.com\/tr\/wp-json\/wp\/v2\/types\/product"}],"wp:featuredmedia":[{"embeddable":true,"href":"https:\/\/sales-ai-agents.com\/tr\/wp-json\/wp\/v2\/media\/57654"}],"wp:attachment":[{"href":"https:\/\/sales-ai-agents.com\/tr\/wp-json\/wp\/v2\/media?parent=57653"}],"wp:term":[{"taxonomy":"product_brand","embeddable":true,"href":"https:\/\/sales-ai-agents.com\/tr\/wp-json\/wp\/v2\/product_brand?post=57653"},{"taxonomy":"product_cat","embeddable":true,"href":"https:\/\/sales-ai-agents.com\/tr\/wp-json\/wp\/v2\/product_cat?post=57653"},{"taxonomy":"product_tag","embeddable":true,"href":"https:\/\/sales-ai-agents.com\/tr\/wp-json\/wp\/v2\/product_tag?post=57653"}],"curies":[{"name":"wp","href":"https:\/\/api.w.org\/{rel}","templated":true}]}}