{"id":57667,"date":"2022-09-26T12:12:50","date_gmt":"2022-09-26T12:12:50","guid":{"rendered":"https:\/\/sales-ai-agents.com\/templates\/lesson-plan-database\/"},"modified":"2024-01-02T11:25:37","modified_gmt":"2024-01-02T11:25:37","slug":"lesson-plan-database","status":"publish","type":"product","link":"https:\/\/sales-ai-agents.com\/tr\/templates\/lesson-plan-database\/","title":{"rendered":"Ders Plan\u0131 Veritaban\u0131"},"content":{"rendered":"<p>&nbsp;<\/p>\n<h2>Ders Plan\u0131 Veritaban\u0131 \u015eablonu<\/h2>\n<p class=\"desc-text\">Bir \u00f6\u011fretmen olarak, muhtemelen bilgisayar\u0131n\u0131zda bir y\u0131\u011f\u0131n ders plan\u0131 notu vard\u0131r. Haz\u0131r bir \u00f6\u011fretmen ara\u00e7 kutusu ve e\u011fitim ara\u00e7lar\u0131 i\u00e7eren bu veritaban\u0131, t\u00fcm ders planlar\u0131n\u0131z\u0131 tek bir yerde d\u00fczenlemenize yard\u0131mc\u0131 olur. Tamamlanmam\u0131\u015f belgeleri takip edin ve g\u00f6zden ka\u00e7mamalar\u0131 i\u00e7in renk kodlamas\u0131 yap\u0131n. Dosyalar\u0131 daha sonra kolayca bulabilmek ve geri getirebilmek i\u00e7in etiketler kullan\u0131n.<\/p>\n<h5>Nas\u0131l kullan\u0131l\u0131r?<\/h5>\n<ul class=\"desc-item_list\">\n<li class=\"desc-item_list__point\">Dersinizin ad\u0131n\u0131 listeleyin<\/li>\n<li class=\"desc-item_list__point\">Ders plan\u0131 dosyalar\u0131n\u0131z\u0131 ekleyin<\/li>\n<li class=\"desc-item_list__point\">Dersin planlanan tarihini ekleyin<\/li>\n<li class=\"desc-item_list__point\">Durumu g\u00fcncelleyin: Bitti, Devam Ediyor veya Ba\u015flamad\u0131<\/li>\n<li class=\"desc-item_list__point\">Her ders t\u00fcr\u00fcn\u00fc etiketleyin<\/li>\n<li class=\"desc-item_list__point\">Dosyan\u0131n olu\u015fturuldu\u011fu tarihi se\u00e7in<\/li>\n<\/ul>\n","protected":false},"excerpt":{"rendered":"<p>Bu veritaban\u0131 \u015fablonu ile t\u00fcm ders planlar\u0131n\u0131z\u0131 tek bir yerde organize edebilirsiniz. Bilgisayar\u0131n\u0131zda ders plan\u0131 notlar\u0131n\u0131z\u0131 i\u00e7eren \u00e7ok say\u0131da dosya bulunmas\u0131n\u0131 \u00f6nleyin.<\/p>\n","protected":false},"featured_media":57668,"template":"","meta":{"_acf_changed":false,"inline_featured_image":false},"product_brand":[],"product_cat":[267,268],"product_tag":[],"class_list":{"0":"post-57667","1":"product","2":"type-product","3":"status-publish","4":"has-post-thumbnail","6":"product_cat-student","7":"product_cat-teacher","9":"first","10":"instock","11":"virtual","12":"sold-individually","13":"product-type-simple"},"acf":[],"yoast_head":"<!-- This site is optimized with the Yoast SEO plugin v25.3.1 - https:\/\/yoast.com\/wordpress\/plugins\/seo\/ -->\n<title>Ders Plan\u0131 Veritaban\u0131 \u015eablonu - Sales AI Agents<\/title>\n<meta name=\"description\" content=\"Bu veritaban\u0131 \u015fablonu ile t\u00fcm ders planlar\u0131n\u0131z\u0131 tek bir yerde organize edebilirsiniz. Nimbus ile bilgisayar\u0131n\u0131zda \u00e7ok say\u0131da dosya olmas\u0131n\u0131 \u00f6nleyin!\" \/>\n<meta name=\"robots\" content=\"index, follow, max-snippet:-1, max-image-preview:large, max-video-preview:-1\" \/>\n<link rel=\"canonical\" href=\"https:\/\/sales-ai-agents.com\/tr\/templates\/lesson-plan-database\/\" \/>\n<meta property=\"og:locale\" content=\"tr_TR\" \/>\n<meta property=\"og:type\" content=\"article\" \/>\n<meta property=\"og:title\" content=\"Ders Plan\u0131 Veritaban\u0131 \u015eablonu - Sales AI Agents\" \/>\n<meta property=\"og:description\" content=\"Bu veritaban\u0131 \u015fablonu ile t\u00fcm ders planlar\u0131n\u0131z\u0131 tek bir yerde organize edebilirsiniz. Nimbus ile bilgisayar\u0131n\u0131zda \u00e7ok say\u0131da dosya olmas\u0131n\u0131 \u00f6nleyin!\" \/>\n<meta property=\"og:url\" content=\"https:\/\/sales-ai-agents.com\/tr\/templates\/lesson-plan-database\/\" \/>\n<meta property=\"og:site_name\" content=\"Sales AI Agents\" \/>\n<meta property=\"article:modified_time\" content=\"2024-01-02T11:25:37+00:00\" \/>\n<meta property=\"og:image\" content=\"https:\/\/sales-ai-agents.com\/wp-content\/uploads\/2023\/01\/image-preview121810.png\" \/>\n\t<meta property=\"og:image:width\" content=\"1078\" \/>\n\t<meta property=\"og:image:height\" content=\"760\" \/>\n\t<meta property=\"og:image:type\" content=\"image\/png\" \/>\n<meta name=\"twitter:card\" content=\"summary_large_image\" \/>\n<script type=\"application\/ld+json\" class=\"yoast-schema-graph\">{\"@context\":\"https:\/\/schema.org\",\"@graph\":[{\"@type\":\"WebPage\",\"@id\":\"https:\/\/sales-ai-agents.com\/tr\/templates\/lesson-plan-database\/\",\"url\":\"https:\/\/sales-ai-agents.com\/tr\/templates\/lesson-plan-database\/\",\"name\":\"Ders Plan\u0131 Veritaban\u0131 \u015eablonu - Sales AI Agents\",\"isPartOf\":{\"@id\":\"https:\/\/sales-ai-agents.com\/#website\"},\"primaryImageOfPage\":{\"@id\":\"https:\/\/sales-ai-agents.com\/tr\/templates\/lesson-plan-database\/#primaryimage\"},\"image\":{\"@id\":\"https:\/\/sales-ai-agents.com\/tr\/templates\/lesson-plan-database\/#primaryimage\"},\"thumbnailUrl\":\"https:\/\/sales-ai-agents.com\/wp-content\/uploads\/2023\/01\/image-preview121810.png\",\"datePublished\":\"2022-09-26T12:12:50+00:00\",\"dateModified\":\"2024-01-02T11:25:37+00:00\",\"description\":\"Bu veritaban\u0131 \u015fablonu ile t\u00fcm ders planlar\u0131n\u0131z\u0131 tek bir yerde organize edebilirsiniz. Nimbus ile bilgisayar\u0131n\u0131zda \u00e7ok say\u0131da dosya olmas\u0131n\u0131 \u00f6nleyin!\",\"inLanguage\":\"tr\",\"potentialAction\":[{\"@type\":\"ReadAction\",\"target\":[\"https:\/\/sales-ai-agents.com\/tr\/templates\/lesson-plan-database\/\"]}]},{\"@type\":\"ImageObject\",\"inLanguage\":\"tr\",\"@id\":\"https:\/\/sales-ai-agents.com\/tr\/templates\/lesson-plan-database\/#primaryimage\",\"url\":\"https:\/\/sales-ai-agents.com\/wp-content\/uploads\/2023\/01\/image-preview121810.png\",\"contentUrl\":\"https:\/\/sales-ai-agents.com\/wp-content\/uploads\/2023\/01\/image-preview121810.png\",\"width\":1078,\"height\":760},{\"@type\":\"WebSite\",\"@id\":\"https:\/\/sales-ai-agents.com\/#website\",\"url\":\"https:\/\/sales-ai-agents.com\/\",\"name\":\"FuseBase\",\"description\":\"Sales AI Agents - Free Online Collaboration Software for Remote Teams. Build your wikis, client portals and more with the Nimbus Platform collaboration tool ? A perfect space for online work\",\"publisher\":{\"@id\":\"https:\/\/sales-ai-agents.com\/#organization\"},\"potentialAction\":[{\"@type\":\"SearchAction\",\"target\":{\"@type\":\"EntryPoint\",\"urlTemplate\":\"https:\/\/sales-ai-agents.com\/?s={search_term_string}\"},\"query-input\":{\"@type\":\"PropertyValueSpecification\",\"valueRequired\":true,\"valueName\":\"search_term_string\"}}],\"inLanguage\":\"tr\"},{\"@type\":\"Organization\",\"@id\":\"https:\/\/sales-ai-agents.com\/#organization\",\"name\":\"FuseBase\",\"url\":\"https:\/\/sales-ai-agents.com\/\",\"logo\":{\"@type\":\"ImageObject\",\"inLanguage\":\"tr\",\"@id\":\"https:\/\/sales-ai-agents.com\/#\/schema\/logo\/image\/\",\"url\":\"https:\/\/sales-ai-agents.com\/wp-content\/uploads\/2023\/11\/icon-7.svg\",\"contentUrl\":\"https:\/\/sales-ai-agents.com\/wp-content\/uploads\/2023\/11\/icon-7.svg\",\"width\":128,\"height\":128,\"caption\":\"FuseBase\"},\"image\":{\"@id\":\"https:\/\/sales-ai-agents.com\/#\/schema\/logo\/image\/\"}}]}<\/script>\n<!-- \/ Yoast SEO plugin. -->","yoast_head_json":{"title":"Ders Plan\u0131 Veritaban\u0131 \u015eablonu - Sales AI Agents","description":"Bu veritaban\u0131 \u015fablonu ile t\u00fcm ders planlar\u0131n\u0131z\u0131 tek bir yerde organize edebilirsiniz. Nimbus ile bilgisayar\u0131n\u0131zda \u00e7ok say\u0131da dosya olmas\u0131n\u0131 \u00f6nleyin!","robots":{"index":"index","follow":"follow","max-snippet":"max-snippet:-1","max-image-preview":"max-image-preview:large","max-video-preview":"max-video-preview:-1"},"canonical":"https:\/\/sales-ai-agents.com\/tr\/templates\/lesson-plan-database\/","og_locale":"tr_TR","og_type":"article","og_title":"Ders Plan\u0131 Veritaban\u0131 \u015eablonu - Sales AI Agents","og_description":"Bu veritaban\u0131 \u015fablonu ile t\u00fcm ders planlar\u0131n\u0131z\u0131 tek bir yerde organize edebilirsiniz. Nimbus ile bilgisayar\u0131n\u0131zda \u00e7ok say\u0131da dosya olmas\u0131n\u0131 \u00f6nleyin!","og_url":"https:\/\/sales-ai-agents.com\/tr\/templates\/lesson-plan-database\/","og_site_name":"Sales AI Agents","article_modified_time":"2024-01-02T11:25:37+00:00","og_image":[{"width":1078,"height":760,"url":"https:\/\/sales-ai-agents.com\/wp-content\/uploads\/2023\/01\/image-preview121810.png","type":"image\/png"}],"twitter_card":"summary_large_image","schema":{"@context":"https:\/\/schema.org","@graph":[{"@type":"WebPage","@id":"https:\/\/sales-ai-agents.com\/tr\/templates\/lesson-plan-database\/","url":"https:\/\/sales-ai-agents.com\/tr\/templates\/lesson-plan-database\/","name":"Ders Plan\u0131 Veritaban\u0131 \u015eablonu - Sales AI Agents","isPartOf":{"@id":"https:\/\/sales-ai-agents.com\/#website"},"primaryImageOfPage":{"@id":"https:\/\/sales-ai-agents.com\/tr\/templates\/lesson-plan-database\/#primaryimage"},"image":{"@id":"https:\/\/sales-ai-agents.com\/tr\/templates\/lesson-plan-database\/#primaryimage"},"thumbnailUrl":"https:\/\/sales-ai-agents.com\/wp-content\/uploads\/2023\/01\/image-preview121810.png","datePublished":"2022-09-26T12:12:50+00:00","dateModified":"2024-01-02T11:25:37+00:00","description":"Bu veritaban\u0131 \u015fablonu ile t\u00fcm ders planlar\u0131n\u0131z\u0131 tek bir yerde organize edebilirsiniz. Nimbus ile bilgisayar\u0131n\u0131zda \u00e7ok say\u0131da dosya olmas\u0131n\u0131 \u00f6nleyin!","inLanguage":"tr","potentialAction":[{"@type":"ReadAction","target":["https:\/\/sales-ai-agents.com\/tr\/templates\/lesson-plan-database\/"]}]},{"@type":"ImageObject","inLanguage":"tr","@id":"https:\/\/sales-ai-agents.com\/tr\/templates\/lesson-plan-database\/#primaryimage","url":"https:\/\/sales-ai-agents.com\/wp-content\/uploads\/2023\/01\/image-preview121810.png","contentUrl":"https:\/\/sales-ai-agents.com\/wp-content\/uploads\/2023\/01\/image-preview121810.png","width":1078,"height":760},{"@type":"WebSite","@id":"https:\/\/sales-ai-agents.com\/#website","url":"https:\/\/sales-ai-agents.com\/","name":"FuseBase","description":"Sales AI Agents - Free Online Collaboration Software for Remote Teams. Build your wikis, client portals and more with the Nimbus Platform collaboration tool ? A perfect space for online work","publisher":{"@id":"https:\/\/sales-ai-agents.com\/#organization"},"potentialAction":[{"@type":"SearchAction","target":{"@type":"EntryPoint","urlTemplate":"https:\/\/sales-ai-agents.com\/?s={search_term_string}"},"query-input":{"@type":"PropertyValueSpecification","valueRequired":true,"valueName":"search_term_string"}}],"inLanguage":"tr"},{"@type":"Organization","@id":"https:\/\/sales-ai-agents.com\/#organization","name":"FuseBase","url":"https:\/\/sales-ai-agents.com\/","logo":{"@type":"ImageObject","inLanguage":"tr","@id":"https:\/\/sales-ai-agents.com\/#\/schema\/logo\/image\/","url":"https:\/\/sales-ai-agents.com\/wp-content\/uploads\/2023\/11\/icon-7.svg","contentUrl":"https:\/\/sales-ai-agents.com\/wp-content\/uploads\/2023\/11\/icon-7.svg","width":128,"height":128,"caption":"FuseBase"},"image":{"@id":"https:\/\/sales-ai-agents.com\/#\/schema\/logo\/image\/"}}]}},"_links":{"self":[{"href":"https:\/\/sales-ai-agents.com\/tr\/wp-json\/wp\/v2\/product\/57667","targetHints":{"allow":["GET"]}}],"collection":[{"href":"https:\/\/sales-ai-agents.com\/tr\/wp-json\/wp\/v2\/product"}],"about":[{"href":"https:\/\/sales-ai-agents.com\/tr\/wp-json\/wp\/v2\/types\/product"}],"wp:featuredmedia":[{"embeddable":true,"href":"https:\/\/sales-ai-agents.com\/tr\/wp-json\/wp\/v2\/media\/57668"}],"wp:attachment":[{"href":"https:\/\/sales-ai-agents.com\/tr\/wp-json\/wp\/v2\/media?parent=57667"}],"wp:term":[{"taxonomy":"product_brand","embeddable":true,"href":"https:\/\/sales-ai-agents.com\/tr\/wp-json\/wp\/v2\/product_brand?post=57667"},{"taxonomy":"product_cat","embeddable":true,"href":"https:\/\/sales-ai-agents.com\/tr\/wp-json\/wp\/v2\/product_cat?post=57667"},{"taxonomy":"product_tag","embeddable":true,"href":"https:\/\/sales-ai-agents.com\/tr\/wp-json\/wp\/v2\/product_tag?post=57667"}],"curies":[{"name":"wp","href":"https:\/\/api.w.org\/{rel}","templated":true}]}}