{"id":57670,"date":"2022-09-26T12:10:32","date_gmt":"2022-09-26T12:10:32","guid":{"rendered":"https:\/\/sales-ai-agents.com\/templates\/product-initiative-description\/"},"modified":"2024-01-02T14:02:21","modified_gmt":"2024-01-02T14:02:21","slug":"product-initiative-description","status":"publish","type":"product","link":"https:\/\/sales-ai-agents.com\/tr\/templates\/product-initiative-description\/","title":{"rendered":"\u00dcr\u00fcn Giri\u015fimi A\u00e7\u0131klamas\u0131"},"content":{"rendered":"<p>&nbsp;<\/p>\n<h2>\u00dcr\u00fcn Giri\u015fimi A\u00e7\u0131klama \u015eablonu<\/h2>\n<p class=\"desc-text\">Bu \u015fablonu kullanarak \u00fcr\u00fcnleriniz i\u00e7in bir plan olu\u015fturabilirsiniz. T\u00fcm \u00f6zelliklerinizi bu okunmas\u0131 kolay belgede takip edin. Planlar\u0131n\u0131z\u0131, \u00f6zelliklerinizi ve notlar\u0131n\u0131z\u0131 ortaya koyarak ekibinizin \u00f6nemli ayr\u0131nt\u0131lardan haberdar olmas\u0131n\u0131 sa\u011flayabilirsiniz. Herkesin \u00f6nemli \u00fcr\u00fcn bilgilerinden haberdar olmas\u0131n\u0131 sa\u011flamak i\u00e7in bu \u015fablonu payla\u015f\u0131n.<\/p>\n<h5>Nas\u0131l kullan\u0131l\u0131r?<\/h5>\n<ul class=\"desc-item_list\">\n<li class=\"desc-item_list__point\">\u00d6nemli arka plan bilgilerini ekleyin<\/li>\n<li class=\"desc-item_list__point\">Potansiyel kullan\u0131c\u0131 sorunlar\u0131n\u0131 ve problemlerini listeleyin<\/li>\n<li class=\"desc-item_list__point\">\u00c7\u00f6z\u00fcm bulmak i\u00e7in ekibinizle beyin f\u0131rt\u0131nas\u0131 yap\u0131n<\/li>\n<li class=\"desc-item_list__point\">Ger\u00e7ek verilerle ara\u015ft\u0131rma ekleyin<\/li>\n<li class=\"desc-item_list__point\">Ba\u015far\u0131 i\u00e7in hedefleri ve \u00f6l\u00e7\u00fctleri tan\u0131mlay\u0131n<\/li>\n<li class=\"desc-item_list__point\">Her \u015fey bittikten sonra \u00e7al\u0131\u015fman\u0131z\u0131 de\u011ferlendirin<\/li>\n<\/ul>\n","protected":false},"excerpt":{"rendered":"<p>Ba\u015far\u0131l\u0131 \u00fcr\u00fcnleriniz i\u00e7in bir plan olu\u015fturmak \u00fczere bu \u00fccretsiz \u00f6zelle\u015ftirilebilir \u015fablonu kullan\u0131n. T\u00fcm \u00f6zelliklerinizi bu okunmas\u0131 kolay belgede takip edin<\/p>\n","protected":false},"featured_media":57671,"template":"","meta":{"_acf_changed":false,"inline_featured_image":false},"product_brand":[],"product_cat":[252,253],"product_tag":[],"class_list":{"0":"post-57670","1":"product","2":"type-product","3":"status-publish","4":"has-post-thumbnail","6":"product_cat-product","7":"product_cat-product-documents","9":"first","10":"instock","11":"virtual","12":"sold-individually","13":"product-type-simple"},"acf":[],"yoast_head":"<!-- This site is optimized with the Yoast SEO plugin v25.3.1 - https:\/\/yoast.com\/wordpress\/plugins\/seo\/ -->\n<title>\u00dcr\u00fcn \u00d6zellikleri \u015eablonu - Sales AI Agents<\/title>\n<meta name=\"description\" content=\"Ba\u015far\u0131l\u0131 \u00fcr\u00fcnleriniz i\u00e7in bir plan olu\u015fturmak \u00fczere bu \u00fccretsiz \u00f6zelle\u015ftirilebilir \u015fablonu kullan\u0131n. Nimbus ile t\u00fcm \u00f6zelliklerinizi takip edin!\" \/>\n<meta name=\"robots\" content=\"index, follow, max-snippet:-1, max-image-preview:large, max-video-preview:-1\" \/>\n<link rel=\"canonical\" href=\"https:\/\/sales-ai-agents.com\/tr\/templates\/product-initiative-description\/\" \/>\n<meta property=\"og:locale\" content=\"tr_TR\" \/>\n<meta property=\"og:type\" content=\"article\" \/>\n<meta property=\"og:title\" content=\"\u00dcr\u00fcn \u00d6zellikleri \u015eablonu - Sales AI Agents\" \/>\n<meta property=\"og:description\" content=\"Ba\u015far\u0131l\u0131 \u00fcr\u00fcnleriniz i\u00e7in bir plan olu\u015fturmak \u00fczere bu \u00fccretsiz \u00f6zelle\u015ftirilebilir \u015fablonu kullan\u0131n. Nimbus ile t\u00fcm \u00f6zelliklerinizi takip edin!\" \/>\n<meta property=\"og:url\" content=\"https:\/\/sales-ai-agents.com\/tr\/templates\/product-initiative-description\/\" \/>\n<meta property=\"og:site_name\" content=\"Sales AI Agents\" \/>\n<meta property=\"article:modified_time\" content=\"2024-01-02T14:02:21+00:00\" \/>\n<meta property=\"og:image\" content=\"https:\/\/sales-ai-agents.com\/wp-content\/uploads\/2022\/09\/Product-Initiative-Description-Template.png\" \/>\n\t<meta property=\"og:image:width\" content=\"1700\" \/>\n\t<meta property=\"og:image:height\" content=\"1100\" \/>\n\t<meta property=\"og:image:type\" content=\"image\/png\" \/>\n<meta name=\"twitter:card\" content=\"summary_large_image\" \/>\n<script type=\"application\/ld+json\" class=\"yoast-schema-graph\">{\"@context\":\"https:\/\/schema.org\",\"@graph\":[{\"@type\":\"WebPage\",\"@id\":\"https:\/\/sales-ai-agents.com\/tr\/templates\/product-initiative-description\/\",\"url\":\"https:\/\/sales-ai-agents.com\/tr\/templates\/product-initiative-description\/\",\"name\":\"\u00dcr\u00fcn \u00d6zellikleri \u015eablonu - Sales AI Agents\",\"isPartOf\":{\"@id\":\"https:\/\/sales-ai-agents.com\/#website\"},\"primaryImageOfPage\":{\"@id\":\"https:\/\/sales-ai-agents.com\/tr\/templates\/product-initiative-description\/#primaryimage\"},\"image\":{\"@id\":\"https:\/\/sales-ai-agents.com\/tr\/templates\/product-initiative-description\/#primaryimage\"},\"thumbnailUrl\":\"https:\/\/sales-ai-agents.com\/wp-content\/uploads\/2022\/09\/Product-Initiative-Description-Template.png\",\"datePublished\":\"2022-09-26T12:10:32+00:00\",\"dateModified\":\"2024-01-02T14:02:21+00:00\",\"description\":\"Ba\u015far\u0131l\u0131 \u00fcr\u00fcnleriniz i\u00e7in bir plan olu\u015fturmak \u00fczere bu \u00fccretsiz \u00f6zelle\u015ftirilebilir \u015fablonu kullan\u0131n. Nimbus ile t\u00fcm \u00f6zelliklerinizi takip edin!\",\"inLanguage\":\"tr\",\"potentialAction\":[{\"@type\":\"ReadAction\",\"target\":[\"https:\/\/sales-ai-agents.com\/tr\/templates\/product-initiative-description\/\"]}]},{\"@type\":\"ImageObject\",\"inLanguage\":\"tr\",\"@id\":\"https:\/\/sales-ai-agents.com\/tr\/templates\/product-initiative-description\/#primaryimage\",\"url\":\"https:\/\/sales-ai-agents.com\/wp-content\/uploads\/2022\/09\/Product-Initiative-Description-Template.png\",\"contentUrl\":\"https:\/\/sales-ai-agents.com\/wp-content\/uploads\/2022\/09\/Product-Initiative-Description-Template.png\",\"width\":1700,\"height\":1100},{\"@type\":\"WebSite\",\"@id\":\"https:\/\/sales-ai-agents.com\/#website\",\"url\":\"https:\/\/sales-ai-agents.com\/\",\"name\":\"FuseBase\",\"description\":\"Sales AI Agents - Free Online Collaboration Software for Remote Teams. Build your wikis, client portals and more with the Nimbus Platform collaboration tool ? A perfect space for online work\",\"publisher\":{\"@id\":\"https:\/\/sales-ai-agents.com\/#organization\"},\"potentialAction\":[{\"@type\":\"SearchAction\",\"target\":{\"@type\":\"EntryPoint\",\"urlTemplate\":\"https:\/\/sales-ai-agents.com\/?s={search_term_string}\"},\"query-input\":{\"@type\":\"PropertyValueSpecification\",\"valueRequired\":true,\"valueName\":\"search_term_string\"}}],\"inLanguage\":\"tr\"},{\"@type\":\"Organization\",\"@id\":\"https:\/\/sales-ai-agents.com\/#organization\",\"name\":\"FuseBase\",\"url\":\"https:\/\/sales-ai-agents.com\/\",\"logo\":{\"@type\":\"ImageObject\",\"inLanguage\":\"tr\",\"@id\":\"https:\/\/sales-ai-agents.com\/#\/schema\/logo\/image\/\",\"url\":\"https:\/\/sales-ai-agents.com\/wp-content\/uploads\/2023\/11\/icon-7.svg\",\"contentUrl\":\"https:\/\/sales-ai-agents.com\/wp-content\/uploads\/2023\/11\/icon-7.svg\",\"width\":128,\"height\":128,\"caption\":\"FuseBase\"},\"image\":{\"@id\":\"https:\/\/sales-ai-agents.com\/#\/schema\/logo\/image\/\"}}]}<\/script>\n<!-- \/ Yoast SEO plugin. -->","yoast_head_json":{"title":"\u00dcr\u00fcn \u00d6zellikleri \u015eablonu - Sales AI Agents","description":"Ba\u015far\u0131l\u0131 \u00fcr\u00fcnleriniz i\u00e7in bir plan olu\u015fturmak \u00fczere bu \u00fccretsiz \u00f6zelle\u015ftirilebilir \u015fablonu kullan\u0131n. Nimbus ile t\u00fcm \u00f6zelliklerinizi takip edin!","robots":{"index":"index","follow":"follow","max-snippet":"max-snippet:-1","max-image-preview":"max-image-preview:large","max-video-preview":"max-video-preview:-1"},"canonical":"https:\/\/sales-ai-agents.com\/tr\/templates\/product-initiative-description\/","og_locale":"tr_TR","og_type":"article","og_title":"\u00dcr\u00fcn \u00d6zellikleri \u015eablonu - Sales AI Agents","og_description":"Ba\u015far\u0131l\u0131 \u00fcr\u00fcnleriniz i\u00e7in bir plan olu\u015fturmak \u00fczere bu \u00fccretsiz \u00f6zelle\u015ftirilebilir \u015fablonu kullan\u0131n. Nimbus ile t\u00fcm \u00f6zelliklerinizi takip edin!","og_url":"https:\/\/sales-ai-agents.com\/tr\/templates\/product-initiative-description\/","og_site_name":"Sales AI Agents","article_modified_time":"2024-01-02T14:02:21+00:00","og_image":[{"width":1700,"height":1100,"url":"https:\/\/sales-ai-agents.com\/wp-content\/uploads\/2022\/09\/Product-Initiative-Description-Template.png","type":"image\/png"}],"twitter_card":"summary_large_image","schema":{"@context":"https:\/\/schema.org","@graph":[{"@type":"WebPage","@id":"https:\/\/sales-ai-agents.com\/tr\/templates\/product-initiative-description\/","url":"https:\/\/sales-ai-agents.com\/tr\/templates\/product-initiative-description\/","name":"\u00dcr\u00fcn \u00d6zellikleri \u015eablonu - Sales AI Agents","isPartOf":{"@id":"https:\/\/sales-ai-agents.com\/#website"},"primaryImageOfPage":{"@id":"https:\/\/sales-ai-agents.com\/tr\/templates\/product-initiative-description\/#primaryimage"},"image":{"@id":"https:\/\/sales-ai-agents.com\/tr\/templates\/product-initiative-description\/#primaryimage"},"thumbnailUrl":"https:\/\/sales-ai-agents.com\/wp-content\/uploads\/2022\/09\/Product-Initiative-Description-Template.png","datePublished":"2022-09-26T12:10:32+00:00","dateModified":"2024-01-02T14:02:21+00:00","description":"Ba\u015far\u0131l\u0131 \u00fcr\u00fcnleriniz i\u00e7in bir plan olu\u015fturmak \u00fczere bu \u00fccretsiz \u00f6zelle\u015ftirilebilir \u015fablonu kullan\u0131n. Nimbus ile t\u00fcm \u00f6zelliklerinizi takip edin!","inLanguage":"tr","potentialAction":[{"@type":"ReadAction","target":["https:\/\/sales-ai-agents.com\/tr\/templates\/product-initiative-description\/"]}]},{"@type":"ImageObject","inLanguage":"tr","@id":"https:\/\/sales-ai-agents.com\/tr\/templates\/product-initiative-description\/#primaryimage","url":"https:\/\/sales-ai-agents.com\/wp-content\/uploads\/2022\/09\/Product-Initiative-Description-Template.png","contentUrl":"https:\/\/sales-ai-agents.com\/wp-content\/uploads\/2022\/09\/Product-Initiative-Description-Template.png","width":1700,"height":1100},{"@type":"WebSite","@id":"https:\/\/sales-ai-agents.com\/#website","url":"https:\/\/sales-ai-agents.com\/","name":"FuseBase","description":"Sales AI Agents - Free Online Collaboration Software for Remote Teams. Build your wikis, client portals and more with the Nimbus Platform collaboration tool ? A perfect space for online work","publisher":{"@id":"https:\/\/sales-ai-agents.com\/#organization"},"potentialAction":[{"@type":"SearchAction","target":{"@type":"EntryPoint","urlTemplate":"https:\/\/sales-ai-agents.com\/?s={search_term_string}"},"query-input":{"@type":"PropertyValueSpecification","valueRequired":true,"valueName":"search_term_string"}}],"inLanguage":"tr"},{"@type":"Organization","@id":"https:\/\/sales-ai-agents.com\/#organization","name":"FuseBase","url":"https:\/\/sales-ai-agents.com\/","logo":{"@type":"ImageObject","inLanguage":"tr","@id":"https:\/\/sales-ai-agents.com\/#\/schema\/logo\/image\/","url":"https:\/\/sales-ai-agents.com\/wp-content\/uploads\/2023\/11\/icon-7.svg","contentUrl":"https:\/\/sales-ai-agents.com\/wp-content\/uploads\/2023\/11\/icon-7.svg","width":128,"height":128,"caption":"FuseBase"},"image":{"@id":"https:\/\/sales-ai-agents.com\/#\/schema\/logo\/image\/"}}]}},"_links":{"self":[{"href":"https:\/\/sales-ai-agents.com\/tr\/wp-json\/wp\/v2\/product\/57670","targetHints":{"allow":["GET"]}}],"collection":[{"href":"https:\/\/sales-ai-agents.com\/tr\/wp-json\/wp\/v2\/product"}],"about":[{"href":"https:\/\/sales-ai-agents.com\/tr\/wp-json\/wp\/v2\/types\/product"}],"wp:featuredmedia":[{"embeddable":true,"href":"https:\/\/sales-ai-agents.com\/tr\/wp-json\/wp\/v2\/media\/57671"}],"wp:attachment":[{"href":"https:\/\/sales-ai-agents.com\/tr\/wp-json\/wp\/v2\/media?parent=57670"}],"wp:term":[{"taxonomy":"product_brand","embeddable":true,"href":"https:\/\/sales-ai-agents.com\/tr\/wp-json\/wp\/v2\/product_brand?post=57670"},{"taxonomy":"product_cat","embeddable":true,"href":"https:\/\/sales-ai-agents.com\/tr\/wp-json\/wp\/v2\/product_cat?post=57670"},{"taxonomy":"product_tag","embeddable":true,"href":"https:\/\/sales-ai-agents.com\/tr\/wp-json\/wp\/v2\/product_tag?post=57670"}],"curies":[{"name":"wp","href":"https:\/\/api.w.org\/{rel}","templated":true}]}}