{"id":57679,"date":"2022-09-26T12:10:25","date_gmt":"2022-09-26T12:10:25","guid":{"rendered":"https:\/\/sales-ai-agents.com\/templates\/weekly-meetings\/"},"modified":"2023-12-31T17:37:54","modified_gmt":"2023-12-31T17:37:54","slug":"weekly-meetings","status":"publish","type":"product","link":"https:\/\/sales-ai-agents.com\/tr\/templates\/weekly-meetings\/","title":{"rendered":"Haftal\u0131k Toplant\u0131lar"},"content":{"rendered":"<p>&nbsp;<\/p>\n<h2>Haftal\u0131k Toplant\u0131lar \u015eablonu<\/h2>\n<p class=\"desc-text\">Haftal\u0131k toplant\u0131lar ekibinizin i\u015fbirli\u011fi yapmas\u0131na ve birlikte d\u00fc\u015f\u00fcnmesine yard\u0131mc\u0131 olur. Haftal\u0131k toplant\u0131 \u015fablonumuzu kullanarak toplant\u0131lar\u0131n\u0131za yap\u0131 kat\u0131n. Bu \u015fablonda tart\u0131\u015fmalar\u0131n\u0131z\u0131 d\u00fczenlemek i\u00e7in \u00e7e\u015fitli tablolar bulunmaktad\u0131r. \u00c7al\u0131\u015fmay\u0131 de\u011ferlendirmek i\u00e7in di\u011fer \u00fcyelerle birlikte geriye d\u00f6n\u00fck bir inceleme yap\u0131n. Neyin iyi gitti\u011fini d\u00fc\u015f\u00fcn\u00fcn ve geli\u015ftirilecek alanlar\u0131 de\u011ferlendirin. Toplant\u0131 notlar\u0131n\u0131z\u0131 proje stratejilerinizi geli\u015ftirmek i\u00e7in kullan\u0131n, b\u00f6ylece ekibiniz hedeflerine her zaman ula\u015fabilir.<\/p>\n<h5>Nas\u0131l kullan\u0131l\u0131r?<\/h5>\n<ul class=\"desc-item_list\">\n<li class=\"desc-item_list__point\">Toplant\u0131 tarihlerini ve \u00fcyelerini ekleyin<\/li>\n<li class=\"desc-item_list__point\">Projenizin y\u00f6nlerini ekibinizle tart\u0131\u015f\u0131n<\/li>\n<li class=\"desc-item_list__point\">\u0130lk tabloyu ekibinizin be\u011fendi\u011fi \u00f6\u011felerle doldurun<\/li>\n<li class=\"desc-item_list__point\">Eksik olan \u00f6\u011feleri kaydetmek i\u00e7in ikinci tabloyu kullan\u0131n<\/li>\n<li class=\"desc-item_list__point\">\u00dc\u00e7\u00fcnc\u00fc tabloda, ekibinizin istedi\u011fi \u00f6zellikleri ekleyin<\/li>\n<li class=\"desc-item_list__point\">Projenizi yans\u0131tmak i\u00e7in sorular\u0131 yan\u0131tlay\u0131n<\/li>\n<li class=\"desc-item_list__point\">Gelecekteki stratejileri geli\u015ftirmek i\u00e7in ekibinizin yan\u0131tlar\u0131n\u0131 kullan\u0131n<\/li>\n<\/ul>\n","protected":false},"excerpt":{"rendered":"<p>Haftal\u0131k toplant\u0131lar ekibinizin i\u015fbirli\u011fi yapmas\u0131na ve birlikte d\u00fc\u015f\u00fcnmesine yard\u0131mc\u0131 olur. \u00dccretsiz \u00f6zelle\u015ftirilebilir haftal\u0131k toplant\u0131 \u015fablonumuzu kullanarak toplant\u0131lar\u0131n\u0131za yap\u0131 kat\u0131n.<\/p>\n","protected":false},"featured_media":57680,"template":"","meta":{"_acf_changed":false,"inline_featured_image":false},"product_brand":[],"product_cat":[218,230],"product_tag":[],"class_list":{"0":"post-57679","1":"product","2":"type-product","3":"status-publish","4":"has-post-thumbnail","6":"product_cat-operations","7":"product_cat-meeting","8":"collections-team","10":"first","11":"instock","12":"virtual","13":"sold-individually","14":"product-type-simple"},"acf":[],"yoast_head":"<!-- This site is optimized with the Yoast SEO plugin v25.3.1 - https:\/\/yoast.com\/wordpress\/plugins\/seo\/ -->\n<title>Haftal\u0131k Toplant\u0131 \u015eablonu - Sales AI Agents<\/title>\n<meta name=\"description\" content=\"Haftal\u0131k toplant\u0131lar ekibinizin i\u015fbirli\u011fi yapmas\u0131na ve birlikte d\u00fc\u015f\u00fcnmesine yard\u0131mc\u0131 olur. \u00dccretsiz \u00f6zelle\u015ftirilebilir toplant\u0131 \u015fablonumuzu kullanarak toplant\u0131lar\u0131n\u0131za yap\u0131 kat\u0131n.\" \/>\n<meta name=\"robots\" content=\"index, follow, max-snippet:-1, max-image-preview:large, max-video-preview:-1\" \/>\n<link rel=\"canonical\" href=\"https:\/\/sales-ai-agents.com\/tr\/templates\/weekly-meetings\/\" \/>\n<meta property=\"og:locale\" content=\"tr_TR\" \/>\n<meta property=\"og:type\" content=\"article\" \/>\n<meta property=\"og:title\" content=\"Haftal\u0131k Toplant\u0131 \u015eablonu - Sales AI Agents\" \/>\n<meta property=\"og:description\" content=\"Haftal\u0131k toplant\u0131lar ekibinizin i\u015fbirli\u011fi yapmas\u0131na ve birlikte d\u00fc\u015f\u00fcnmesine yard\u0131mc\u0131 olur. \u00dccretsiz \u00f6zelle\u015ftirilebilir toplant\u0131 \u015fablonumuzu kullanarak toplant\u0131lar\u0131n\u0131za yap\u0131 kat\u0131n.\" \/>\n<meta property=\"og:url\" content=\"https:\/\/sales-ai-agents.com\/tr\/templates\/weekly-meetings\/\" \/>\n<meta property=\"og:site_name\" content=\"Sales AI Agents\" \/>\n<meta property=\"article:modified_time\" content=\"2023-12-31T17:37:54+00:00\" \/>\n<meta property=\"og:image\" content=\"https:\/\/sales-ai-agents.com\/wp-content\/uploads\/2022\/09\/Weekly-Meetings-Template.png\" \/>\n\t<meta property=\"og:image:width\" content=\"1700\" \/>\n\t<meta property=\"og:image:height\" content=\"1100\" \/>\n\t<meta property=\"og:image:type\" content=\"image\/png\" \/>\n<meta name=\"twitter:card\" content=\"summary_large_image\" \/>\n<script type=\"application\/ld+json\" class=\"yoast-schema-graph\">{\"@context\":\"https:\/\/schema.org\",\"@graph\":[{\"@type\":\"WebPage\",\"@id\":\"https:\/\/sales-ai-agents.com\/tr\/templates\/weekly-meetings\/\",\"url\":\"https:\/\/sales-ai-agents.com\/tr\/templates\/weekly-meetings\/\",\"name\":\"Haftal\u0131k Toplant\u0131 \u015eablonu - Sales AI Agents\",\"isPartOf\":{\"@id\":\"https:\/\/sales-ai-agents.com\/#website\"},\"primaryImageOfPage\":{\"@id\":\"https:\/\/sales-ai-agents.com\/tr\/templates\/weekly-meetings\/#primaryimage\"},\"image\":{\"@id\":\"https:\/\/sales-ai-agents.com\/tr\/templates\/weekly-meetings\/#primaryimage\"},\"thumbnailUrl\":\"https:\/\/sales-ai-agents.com\/wp-content\/uploads\/2022\/09\/Weekly-Meetings-Template.png\",\"datePublished\":\"2022-09-26T12:10:25+00:00\",\"dateModified\":\"2023-12-31T17:37:54+00:00\",\"description\":\"Haftal\u0131k toplant\u0131lar ekibinizin i\u015fbirli\u011fi yapmas\u0131na ve birlikte d\u00fc\u015f\u00fcnmesine yard\u0131mc\u0131 olur. \u00dccretsiz \u00f6zelle\u015ftirilebilir toplant\u0131 \u015fablonumuzu kullanarak toplant\u0131lar\u0131n\u0131za yap\u0131 kat\u0131n.\",\"inLanguage\":\"tr\",\"potentialAction\":[{\"@type\":\"ReadAction\",\"target\":[\"https:\/\/sales-ai-agents.com\/tr\/templates\/weekly-meetings\/\"]}]},{\"@type\":\"ImageObject\",\"inLanguage\":\"tr\",\"@id\":\"https:\/\/sales-ai-agents.com\/tr\/templates\/weekly-meetings\/#primaryimage\",\"url\":\"https:\/\/sales-ai-agents.com\/wp-content\/uploads\/2022\/09\/Weekly-Meetings-Template.png\",\"contentUrl\":\"https:\/\/sales-ai-agents.com\/wp-content\/uploads\/2022\/09\/Weekly-Meetings-Template.png\",\"width\":1700,\"height\":1100},{\"@type\":\"WebSite\",\"@id\":\"https:\/\/sales-ai-agents.com\/#website\",\"url\":\"https:\/\/sales-ai-agents.com\/\",\"name\":\"FuseBase\",\"description\":\"Sales AI Agents - Free Online Collaboration Software for Remote Teams. Build your wikis, client portals and more with the Nimbus Platform collaboration tool ? A perfect space for online work\",\"publisher\":{\"@id\":\"https:\/\/sales-ai-agents.com\/#organization\"},\"potentialAction\":[{\"@type\":\"SearchAction\",\"target\":{\"@type\":\"EntryPoint\",\"urlTemplate\":\"https:\/\/sales-ai-agents.com\/?s={search_term_string}\"},\"query-input\":{\"@type\":\"PropertyValueSpecification\",\"valueRequired\":true,\"valueName\":\"search_term_string\"}}],\"inLanguage\":\"tr\"},{\"@type\":\"Organization\",\"@id\":\"https:\/\/sales-ai-agents.com\/#organization\",\"name\":\"FuseBase\",\"url\":\"https:\/\/sales-ai-agents.com\/\",\"logo\":{\"@type\":\"ImageObject\",\"inLanguage\":\"tr\",\"@id\":\"https:\/\/sales-ai-agents.com\/#\/schema\/logo\/image\/\",\"url\":\"https:\/\/sales-ai-agents.com\/wp-content\/uploads\/2023\/11\/icon-7.svg\",\"contentUrl\":\"https:\/\/sales-ai-agents.com\/wp-content\/uploads\/2023\/11\/icon-7.svg\",\"width\":128,\"height\":128,\"caption\":\"FuseBase\"},\"image\":{\"@id\":\"https:\/\/sales-ai-agents.com\/#\/schema\/logo\/image\/\"}}]}<\/script>\n<!-- \/ Yoast SEO plugin. -->","yoast_head_json":{"title":"Haftal\u0131k Toplant\u0131 \u015eablonu - Sales AI Agents","description":"Haftal\u0131k toplant\u0131lar ekibinizin i\u015fbirli\u011fi yapmas\u0131na ve birlikte d\u00fc\u015f\u00fcnmesine yard\u0131mc\u0131 olur. \u00dccretsiz \u00f6zelle\u015ftirilebilir toplant\u0131 \u015fablonumuzu kullanarak toplant\u0131lar\u0131n\u0131za yap\u0131 kat\u0131n.","robots":{"index":"index","follow":"follow","max-snippet":"max-snippet:-1","max-image-preview":"max-image-preview:large","max-video-preview":"max-video-preview:-1"},"canonical":"https:\/\/sales-ai-agents.com\/tr\/templates\/weekly-meetings\/","og_locale":"tr_TR","og_type":"article","og_title":"Haftal\u0131k Toplant\u0131 \u015eablonu - Sales AI Agents","og_description":"Haftal\u0131k toplant\u0131lar ekibinizin i\u015fbirli\u011fi yapmas\u0131na ve birlikte d\u00fc\u015f\u00fcnmesine yard\u0131mc\u0131 olur. \u00dccretsiz \u00f6zelle\u015ftirilebilir toplant\u0131 \u015fablonumuzu kullanarak toplant\u0131lar\u0131n\u0131za yap\u0131 kat\u0131n.","og_url":"https:\/\/sales-ai-agents.com\/tr\/templates\/weekly-meetings\/","og_site_name":"Sales AI Agents","article_modified_time":"2023-12-31T17:37:54+00:00","og_image":[{"width":1700,"height":1100,"url":"https:\/\/sales-ai-agents.com\/wp-content\/uploads\/2022\/09\/Weekly-Meetings-Template.png","type":"image\/png"}],"twitter_card":"summary_large_image","schema":{"@context":"https:\/\/schema.org","@graph":[{"@type":"WebPage","@id":"https:\/\/sales-ai-agents.com\/tr\/templates\/weekly-meetings\/","url":"https:\/\/sales-ai-agents.com\/tr\/templates\/weekly-meetings\/","name":"Haftal\u0131k Toplant\u0131 \u015eablonu - Sales AI Agents","isPartOf":{"@id":"https:\/\/sales-ai-agents.com\/#website"},"primaryImageOfPage":{"@id":"https:\/\/sales-ai-agents.com\/tr\/templates\/weekly-meetings\/#primaryimage"},"image":{"@id":"https:\/\/sales-ai-agents.com\/tr\/templates\/weekly-meetings\/#primaryimage"},"thumbnailUrl":"https:\/\/sales-ai-agents.com\/wp-content\/uploads\/2022\/09\/Weekly-Meetings-Template.png","datePublished":"2022-09-26T12:10:25+00:00","dateModified":"2023-12-31T17:37:54+00:00","description":"Haftal\u0131k toplant\u0131lar ekibinizin i\u015fbirli\u011fi yapmas\u0131na ve birlikte d\u00fc\u015f\u00fcnmesine yard\u0131mc\u0131 olur. \u00dccretsiz \u00f6zelle\u015ftirilebilir toplant\u0131 \u015fablonumuzu kullanarak toplant\u0131lar\u0131n\u0131za yap\u0131 kat\u0131n.","inLanguage":"tr","potentialAction":[{"@type":"ReadAction","target":["https:\/\/sales-ai-agents.com\/tr\/templates\/weekly-meetings\/"]}]},{"@type":"ImageObject","inLanguage":"tr","@id":"https:\/\/sales-ai-agents.com\/tr\/templates\/weekly-meetings\/#primaryimage","url":"https:\/\/sales-ai-agents.com\/wp-content\/uploads\/2022\/09\/Weekly-Meetings-Template.png","contentUrl":"https:\/\/sales-ai-agents.com\/wp-content\/uploads\/2022\/09\/Weekly-Meetings-Template.png","width":1700,"height":1100},{"@type":"WebSite","@id":"https:\/\/sales-ai-agents.com\/#website","url":"https:\/\/sales-ai-agents.com\/","name":"FuseBase","description":"Sales AI Agents - Free Online Collaboration Software for Remote Teams. Build your wikis, client portals and more with the Nimbus Platform collaboration tool ? A perfect space for online work","publisher":{"@id":"https:\/\/sales-ai-agents.com\/#organization"},"potentialAction":[{"@type":"SearchAction","target":{"@type":"EntryPoint","urlTemplate":"https:\/\/sales-ai-agents.com\/?s={search_term_string}"},"query-input":{"@type":"PropertyValueSpecification","valueRequired":true,"valueName":"search_term_string"}}],"inLanguage":"tr"},{"@type":"Organization","@id":"https:\/\/sales-ai-agents.com\/#organization","name":"FuseBase","url":"https:\/\/sales-ai-agents.com\/","logo":{"@type":"ImageObject","inLanguage":"tr","@id":"https:\/\/sales-ai-agents.com\/#\/schema\/logo\/image\/","url":"https:\/\/sales-ai-agents.com\/wp-content\/uploads\/2023\/11\/icon-7.svg","contentUrl":"https:\/\/sales-ai-agents.com\/wp-content\/uploads\/2023\/11\/icon-7.svg","width":128,"height":128,"caption":"FuseBase"},"image":{"@id":"https:\/\/sales-ai-agents.com\/#\/schema\/logo\/image\/"}}]}},"_links":{"self":[{"href":"https:\/\/sales-ai-agents.com\/tr\/wp-json\/wp\/v2\/product\/57679","targetHints":{"allow":["GET"]}}],"collection":[{"href":"https:\/\/sales-ai-agents.com\/tr\/wp-json\/wp\/v2\/product"}],"about":[{"href":"https:\/\/sales-ai-agents.com\/tr\/wp-json\/wp\/v2\/types\/product"}],"wp:featuredmedia":[{"embeddable":true,"href":"https:\/\/sales-ai-agents.com\/tr\/wp-json\/wp\/v2\/media\/57680"}],"wp:attachment":[{"href":"https:\/\/sales-ai-agents.com\/tr\/wp-json\/wp\/v2\/media?parent=57679"}],"wp:term":[{"taxonomy":"product_brand","embeddable":true,"href":"https:\/\/sales-ai-agents.com\/tr\/wp-json\/wp\/v2\/product_brand?post=57679"},{"taxonomy":"product_cat","embeddable":true,"href":"https:\/\/sales-ai-agents.com\/tr\/wp-json\/wp\/v2\/product_cat?post=57679"},{"taxonomy":"product_tag","embeddable":true,"href":"https:\/\/sales-ai-agents.com\/tr\/wp-json\/wp\/v2\/product_tag?post=57679"}],"curies":[{"name":"wp","href":"https:\/\/api.w.org\/{rel}","templated":true}]}}