{"id":57683,"date":"2022-09-26T12:10:21","date_gmt":"2022-09-26T12:10:21","guid":{"rendered":"https:\/\/sales-ai-agents.com\/templates\/week-planner\/"},"modified":"2023-12-31T17:00:42","modified_gmt":"2023-12-31T17:00:42","slug":"week-planner","status":"publish","type":"product","link":"https:\/\/sales-ai-agents.com\/tr\/templates\/week-planner\/","title":{"rendered":"Hafta Planlay\u0131c\u0131s\u0131"},"content":{"rendered":"<p>&nbsp;<\/p>\n<h2>Hafta Planlay\u0131c\u0131 \u015eablonu<\/h2>\n<p class=\"desc-text\">Basit bir haftal\u0131k program olu\u015fturmak, d\u00fczenli kalman\u0131za ve ileriyi planlaman\u0131za yard\u0131mc\u0131 olur ve \u00f6nceden bi\u00e7imlendirilmi\u015f bir \u015fablon kullanmak bunu daha da kolayla\u015ft\u0131r\u0131r. Bu haftal\u0131k planlay\u0131c\u0131 \u015fablonu yap\u0131lacak i\u015flerinizi, g\u00f6revlerinizi ve randevular\u0131n\u0131z\u0131 takip etmenize yard\u0131mc\u0131 olur ve ki\u015fisel, okul veya i\u015f program\u0131n\u0131z\u0131 kolayca d\u00fczenlemenizi sa\u011flar.<\/p>\n<h5>Nas\u0131l kullan\u0131l\u0131r?<\/h5>\n<ul class=\"desc-item_list\">\n<li class=\"desc-item_list__point\">G\u00fcnl\u00fck kay\u0131tlar\u0131n\u0131z\u0131 istedi\u011finiz g\u00fcn\u00fcn yan\u0131na girin veya tamamlanm\u0131\u015f ba\u015fka bir g\u00fcnl\u00fck kay\u0131t notundan bahsedin.<\/li>\n<li class=\"desc-item_list__point\">Tamamlanan g\u00fcnl\u00fck g\u00f6revleri i\u015faretleyin, g\u00fcnl\u00fck ilerlemeyi g\u00f6sterin ve gerekirse ruh halinizle ilgili notlar ekleyin.<\/li>\n<li class=\"desc-item_list__point\">Tabloyu haftal\u0131k hedefleriniz ve etkinlik\/randevu listelerinizle doldurun.<\/li>\n<\/ul>\n","protected":false},"excerpt":{"rendered":"<p>Bu haftal\u0131k planlay\u0131c\u0131 \u015fablonu yap\u0131lacak i\u015flerinizi, g\u00f6revlerinizi ve randevular\u0131n\u0131z\u0131 takip etmenize yard\u0131mc\u0131 olur ve ki\u015fisel, okul veya i\u015f program\u0131n\u0131z\u0131 kolayca d\u00fczenlemenizi sa\u011flar.<\/p>\n","protected":false},"featured_media":57684,"template":"","meta":{"_acf_changed":false,"inline_featured_image":false},"product_brand":[],"product_cat":[257,256],"product_tag":[],"class_list":{"0":"post-57683","1":"product","2":"type-product","3":"status-publish","4":"has-post-thumbnail","6":"product_cat-personal","7":"product_cat-organizers-planners","9":"first","10":"instock","11":"virtual","12":"sold-individually","13":"product-type-simple"},"acf":[],"yoast_head":"<!-- This site is optimized with the Yoast SEO plugin v25.3.1 - https:\/\/yoast.com\/wordpress\/plugins\/seo\/ -->\n<title>Hafta Planlay\u0131c\u0131 \u015eablonu - Sales AI Agents<\/title>\n<meta name=\"description\" content=\"Bu haftal\u0131k planlay\u0131c\u0131 \u015fablonu yap\u0131lacak i\u015flerinizi, g\u00f6revlerinizi ve randevular\u0131n\u0131z\u0131 takip etmenize yard\u0131mc\u0131 olur ve ki\u015fisel, okul veya i\u015f program\u0131n\u0131z\u0131 kolayca d\u00fczenlemenizi sa\u011flar\" \/>\n<meta name=\"robots\" content=\"index, follow, max-snippet:-1, max-image-preview:large, max-video-preview:-1\" \/>\n<link rel=\"canonical\" href=\"https:\/\/sales-ai-agents.com\/tr\/templates\/week-planner\/\" \/>\n<meta property=\"og:locale\" content=\"tr_TR\" \/>\n<meta property=\"og:type\" content=\"article\" \/>\n<meta property=\"og:title\" content=\"Hafta Planlay\u0131c\u0131 \u015eablonu - Sales AI Agents\" \/>\n<meta property=\"og:description\" content=\"Bu haftal\u0131k planlay\u0131c\u0131 \u015fablonu yap\u0131lacak i\u015flerinizi, g\u00f6revlerinizi ve randevular\u0131n\u0131z\u0131 takip etmenize yard\u0131mc\u0131 olur ve ki\u015fisel, okul veya i\u015f program\u0131n\u0131z\u0131 kolayca d\u00fczenlemenizi sa\u011flar\" \/>\n<meta property=\"og:url\" content=\"https:\/\/sales-ai-agents.com\/tr\/templates\/week-planner\/\" \/>\n<meta property=\"og:site_name\" content=\"Sales AI Agents\" \/>\n<meta property=\"article:modified_time\" content=\"2023-12-31T17:00:42+00:00\" \/>\n<meta property=\"og:image\" content=\"https:\/\/sales-ai-agents.com\/wp-content\/uploads\/2022\/09\/Week-Planner-Template.png\" \/>\n\t<meta property=\"og:image:width\" content=\"1700\" \/>\n\t<meta property=\"og:image:height\" content=\"1100\" \/>\n\t<meta property=\"og:image:type\" content=\"image\/png\" \/>\n<meta name=\"twitter:card\" content=\"summary_large_image\" \/>\n<script type=\"application\/ld+json\" class=\"yoast-schema-graph\">{\"@context\":\"https:\/\/schema.org\",\"@graph\":[{\"@type\":\"WebPage\",\"@id\":\"https:\/\/sales-ai-agents.com\/tr\/templates\/week-planner\/\",\"url\":\"https:\/\/sales-ai-agents.com\/tr\/templates\/week-planner\/\",\"name\":\"Hafta Planlay\u0131c\u0131 \u015eablonu - Sales AI Agents\",\"isPartOf\":{\"@id\":\"https:\/\/sales-ai-agents.com\/#website\"},\"primaryImageOfPage\":{\"@id\":\"https:\/\/sales-ai-agents.com\/tr\/templates\/week-planner\/#primaryimage\"},\"image\":{\"@id\":\"https:\/\/sales-ai-agents.com\/tr\/templates\/week-planner\/#primaryimage\"},\"thumbnailUrl\":\"https:\/\/sales-ai-agents.com\/wp-content\/uploads\/2022\/09\/Week-Planner-Template.png\",\"datePublished\":\"2022-09-26T12:10:21+00:00\",\"dateModified\":\"2023-12-31T17:00:42+00:00\",\"description\":\"Bu haftal\u0131k planlay\u0131c\u0131 \u015fablonu yap\u0131lacak i\u015flerinizi, g\u00f6revlerinizi ve randevular\u0131n\u0131z\u0131 takip etmenize yard\u0131mc\u0131 olur ve ki\u015fisel, okul veya i\u015f program\u0131n\u0131z\u0131 kolayca d\u00fczenlemenizi sa\u011flar\",\"inLanguage\":\"tr\",\"potentialAction\":[{\"@type\":\"ReadAction\",\"target\":[\"https:\/\/sales-ai-agents.com\/tr\/templates\/week-planner\/\"]}]},{\"@type\":\"ImageObject\",\"inLanguage\":\"tr\",\"@id\":\"https:\/\/sales-ai-agents.com\/tr\/templates\/week-planner\/#primaryimage\",\"url\":\"https:\/\/sales-ai-agents.com\/wp-content\/uploads\/2022\/09\/Week-Planner-Template.png\",\"contentUrl\":\"https:\/\/sales-ai-agents.com\/wp-content\/uploads\/2022\/09\/Week-Planner-Template.png\",\"width\":1700,\"height\":1100},{\"@type\":\"WebSite\",\"@id\":\"https:\/\/sales-ai-agents.com\/#website\",\"url\":\"https:\/\/sales-ai-agents.com\/\",\"name\":\"FuseBase\",\"description\":\"Sales AI Agents - Free Online Collaboration Software for Remote Teams. Build your wikis, client portals and more with the Nimbus Platform collaboration tool ? A perfect space for online work\",\"publisher\":{\"@id\":\"https:\/\/sales-ai-agents.com\/#organization\"},\"potentialAction\":[{\"@type\":\"SearchAction\",\"target\":{\"@type\":\"EntryPoint\",\"urlTemplate\":\"https:\/\/sales-ai-agents.com\/?s={search_term_string}\"},\"query-input\":{\"@type\":\"PropertyValueSpecification\",\"valueRequired\":true,\"valueName\":\"search_term_string\"}}],\"inLanguage\":\"tr\"},{\"@type\":\"Organization\",\"@id\":\"https:\/\/sales-ai-agents.com\/#organization\",\"name\":\"FuseBase\",\"url\":\"https:\/\/sales-ai-agents.com\/\",\"logo\":{\"@type\":\"ImageObject\",\"inLanguage\":\"tr\",\"@id\":\"https:\/\/sales-ai-agents.com\/#\/schema\/logo\/image\/\",\"url\":\"https:\/\/sales-ai-agents.com\/wp-content\/uploads\/2023\/11\/icon-7.svg\",\"contentUrl\":\"https:\/\/sales-ai-agents.com\/wp-content\/uploads\/2023\/11\/icon-7.svg\",\"width\":128,\"height\":128,\"caption\":\"FuseBase\"},\"image\":{\"@id\":\"https:\/\/sales-ai-agents.com\/#\/schema\/logo\/image\/\"}}]}<\/script>\n<!-- \/ Yoast SEO plugin. -->","yoast_head_json":{"title":"Hafta Planlay\u0131c\u0131 \u015eablonu - Sales AI Agents","description":"Bu haftal\u0131k planlay\u0131c\u0131 \u015fablonu yap\u0131lacak i\u015flerinizi, g\u00f6revlerinizi ve randevular\u0131n\u0131z\u0131 takip etmenize yard\u0131mc\u0131 olur ve ki\u015fisel, okul veya i\u015f program\u0131n\u0131z\u0131 kolayca d\u00fczenlemenizi sa\u011flar","robots":{"index":"index","follow":"follow","max-snippet":"max-snippet:-1","max-image-preview":"max-image-preview:large","max-video-preview":"max-video-preview:-1"},"canonical":"https:\/\/sales-ai-agents.com\/tr\/templates\/week-planner\/","og_locale":"tr_TR","og_type":"article","og_title":"Hafta Planlay\u0131c\u0131 \u015eablonu - Sales AI Agents","og_description":"Bu haftal\u0131k planlay\u0131c\u0131 \u015fablonu yap\u0131lacak i\u015flerinizi, g\u00f6revlerinizi ve randevular\u0131n\u0131z\u0131 takip etmenize yard\u0131mc\u0131 olur ve ki\u015fisel, okul veya i\u015f program\u0131n\u0131z\u0131 kolayca d\u00fczenlemenizi sa\u011flar","og_url":"https:\/\/sales-ai-agents.com\/tr\/templates\/week-planner\/","og_site_name":"Sales AI Agents","article_modified_time":"2023-12-31T17:00:42+00:00","og_image":[{"width":1700,"height":1100,"url":"https:\/\/sales-ai-agents.com\/wp-content\/uploads\/2022\/09\/Week-Planner-Template.png","type":"image\/png"}],"twitter_card":"summary_large_image","schema":{"@context":"https:\/\/schema.org","@graph":[{"@type":"WebPage","@id":"https:\/\/sales-ai-agents.com\/tr\/templates\/week-planner\/","url":"https:\/\/sales-ai-agents.com\/tr\/templates\/week-planner\/","name":"Hafta Planlay\u0131c\u0131 \u015eablonu - Sales AI Agents","isPartOf":{"@id":"https:\/\/sales-ai-agents.com\/#website"},"primaryImageOfPage":{"@id":"https:\/\/sales-ai-agents.com\/tr\/templates\/week-planner\/#primaryimage"},"image":{"@id":"https:\/\/sales-ai-agents.com\/tr\/templates\/week-planner\/#primaryimage"},"thumbnailUrl":"https:\/\/sales-ai-agents.com\/wp-content\/uploads\/2022\/09\/Week-Planner-Template.png","datePublished":"2022-09-26T12:10:21+00:00","dateModified":"2023-12-31T17:00:42+00:00","description":"Bu haftal\u0131k planlay\u0131c\u0131 \u015fablonu yap\u0131lacak i\u015flerinizi, g\u00f6revlerinizi ve randevular\u0131n\u0131z\u0131 takip etmenize yard\u0131mc\u0131 olur ve ki\u015fisel, okul veya i\u015f program\u0131n\u0131z\u0131 kolayca d\u00fczenlemenizi sa\u011flar","inLanguage":"tr","potentialAction":[{"@type":"ReadAction","target":["https:\/\/sales-ai-agents.com\/tr\/templates\/week-planner\/"]}]},{"@type":"ImageObject","inLanguage":"tr","@id":"https:\/\/sales-ai-agents.com\/tr\/templates\/week-planner\/#primaryimage","url":"https:\/\/sales-ai-agents.com\/wp-content\/uploads\/2022\/09\/Week-Planner-Template.png","contentUrl":"https:\/\/sales-ai-agents.com\/wp-content\/uploads\/2022\/09\/Week-Planner-Template.png","width":1700,"height":1100},{"@type":"WebSite","@id":"https:\/\/sales-ai-agents.com\/#website","url":"https:\/\/sales-ai-agents.com\/","name":"FuseBase","description":"Sales AI Agents - Free Online Collaboration Software for Remote Teams. Build your wikis, client portals and more with the Nimbus Platform collaboration tool ? A perfect space for online work","publisher":{"@id":"https:\/\/sales-ai-agents.com\/#organization"},"potentialAction":[{"@type":"SearchAction","target":{"@type":"EntryPoint","urlTemplate":"https:\/\/sales-ai-agents.com\/?s={search_term_string}"},"query-input":{"@type":"PropertyValueSpecification","valueRequired":true,"valueName":"search_term_string"}}],"inLanguage":"tr"},{"@type":"Organization","@id":"https:\/\/sales-ai-agents.com\/#organization","name":"FuseBase","url":"https:\/\/sales-ai-agents.com\/","logo":{"@type":"ImageObject","inLanguage":"tr","@id":"https:\/\/sales-ai-agents.com\/#\/schema\/logo\/image\/","url":"https:\/\/sales-ai-agents.com\/wp-content\/uploads\/2023\/11\/icon-7.svg","contentUrl":"https:\/\/sales-ai-agents.com\/wp-content\/uploads\/2023\/11\/icon-7.svg","width":128,"height":128,"caption":"FuseBase"},"image":{"@id":"https:\/\/sales-ai-agents.com\/#\/schema\/logo\/image\/"}}]}},"_links":{"self":[{"href":"https:\/\/sales-ai-agents.com\/tr\/wp-json\/wp\/v2\/product\/57683","targetHints":{"allow":["GET"]}}],"collection":[{"href":"https:\/\/sales-ai-agents.com\/tr\/wp-json\/wp\/v2\/product"}],"about":[{"href":"https:\/\/sales-ai-agents.com\/tr\/wp-json\/wp\/v2\/types\/product"}],"wp:featuredmedia":[{"embeddable":true,"href":"https:\/\/sales-ai-agents.com\/tr\/wp-json\/wp\/v2\/media\/57684"}],"wp:attachment":[{"href":"https:\/\/sales-ai-agents.com\/tr\/wp-json\/wp\/v2\/media?parent=57683"}],"wp:term":[{"taxonomy":"product_brand","embeddable":true,"href":"https:\/\/sales-ai-agents.com\/tr\/wp-json\/wp\/v2\/product_brand?post=57683"},{"taxonomy":"product_cat","embeddable":true,"href":"https:\/\/sales-ai-agents.com\/tr\/wp-json\/wp\/v2\/product_cat?post=57683"},{"taxonomy":"product_tag","embeddable":true,"href":"https:\/\/sales-ai-agents.com\/tr\/wp-json\/wp\/v2\/product_tag?post=57683"}],"curies":[{"name":"wp","href":"https:\/\/api.w.org\/{rel}","templated":true}]}}