{"id":57689,"date":"2022-09-26T12:10:17","date_gmt":"2022-09-26T12:10:17","guid":{"rendered":"https:\/\/sales-ai-agents.com\/templates\/marketing-plan-tables\/"},"modified":"2024-01-02T11:37:35","modified_gmt":"2024-01-02T11:37:35","slug":"marketing-plan-tables","status":"publish","type":"product","link":"https:\/\/sales-ai-agents.com\/tr\/templates\/marketing-plan-tables\/","title":{"rendered":"Pazarlama Plan\u0131 (tablolar)"},"content":{"rendered":"<p>&nbsp;<\/p>\n<h2>Pazarlama Plan\u0131 \u015eablonu<\/h2>\n<p class=\"desc-text\">Pazarlama kampanyalar\u0131n\u0131z i\u00e7in kapsaml\u0131 bir plan olu\u015fturmak, ba\u015far\u0131y\u0131 garantilemenin kesin bir yoludur. Bir pazarlama kampanyas\u0131 ba\u015flat\u0131rken denetlenmesi gereken bir\u00e7ok farkl\u0131 alan vard\u0131r &#8211; son tarihler, payda\u015flar, farkl\u0131 ad\u0131mlar ve a\u015famalar. Her ad\u0131m\u0131 planlamak i\u00e7in pazarlama \u015fablonumuzu kullan\u0131n. Yap\u0131land\u0131r\u0131lm\u0131\u015f ve tamamen i\u015flevsel tablolar\u0131m\u0131zda her ad\u0131m\u0131n \u00f6nceli\u011fini ve durumunu renklerle kodlay\u0131n. Her kampanya a\u015famas\u0131n\u0131 kolayca g\u00f6rselle\u015ftirin ve sonraki ad\u0131mlar\u0131 g\u00fcvenle at\u0131n.<\/p>\n<h5>Nas\u0131l kullan\u0131l\u0131r?<\/h5>\n<ul class=\"desc-item_list\">\n<li class=\"desc-item_list__point\">Farkl\u0131 a\u015famalar\u0131 d\u00fczenlemek i\u00e7in tablolar\u0131 kullan\u0131n<\/li>\n<li class=\"desc-item_list__point\">Her ad\u0131m i\u00e7in bir ba\u015fl\u0131k ekleyin<\/li>\n<li class=\"desc-item_list__point\">Her g\u00f6rev i\u00e7in bir zaman \u00e7izelgesi olu\u015fturun<\/li>\n<li class=\"desc-item_list__point\">\u00d6nceli\u011fi belirtmek i\u00e7in s\u00fctunu renkle kodlay\u0131n<\/li>\n<li class=\"desc-item_list__point\">\u0130lerlemeyi izlemek i\u00e7in renk kullan\u0131n<\/li>\n<li class=\"desc-item_list__point\">Her ad\u0131mdan sorumlu ekibi ekleyin<\/li>\n<\/ul>\n","protected":false},"excerpt":{"rendered":"<p>Pazarlama kampanyalar\u0131n\u0131n her ad\u0131m\u0131n\u0131 d\u00fczenlemek i\u00e7in \u00fccretsiz \u00f6zelle\u015ftirilebilir pazarlama \u015fablonumuzu kullan\u0131n. Kolayca denetleyin &#8211; son tarihler, payda\u015flar ve farkl\u0131 a\u015famalar.<\/p>\n","protected":false},"featured_media":57691,"template":"","meta":{"_acf_changed":false,"inline_featured_image":false},"product_brand":[],"product_cat":[256,250,262],"product_tag":[232],"class_list":{"0":"post-57689","1":"product","2":"type-product","3":"status-publish","4":"has-post-thumbnail","6":"product_cat-organizers-planners","7":"product_cat-marketing","8":"product_cat-marketing-strategy","9":"product_tag-hit","11":"first","12":"instock","13":"virtual","14":"sold-individually","15":"product-type-simple"},"acf":[],"yoast_head":"<!-- This site is optimized with the Yoast SEO plugin v25.3.1 - https:\/\/yoast.com\/wordpress\/plugins\/seo\/ -->\n<title>Pazarlama Plan\u0131 (tablolar) \u015eablonu - Sales AI Agents<\/title>\n<meta name=\"description\" content=\"Pazarlama kampanyalar\u0131n\u0131n her ad\u0131m\u0131n\u0131 d\u00fczenlemek i\u00e7in \u00fccretsiz \u00f6zelle\u015ftirilebilir pazarlama \u015fablonumuzu kullan\u0131n. Kolayca denetleyin - son tarihler, payda\u015flar ve farkl\u0131 a\u015famalar.\" \/>\n<meta name=\"robots\" content=\"index, follow, max-snippet:-1, max-image-preview:large, max-video-preview:-1\" \/>\n<link rel=\"canonical\" href=\"https:\/\/sales-ai-agents.com\/tr\/templates\/marketing-plan-tables\/\" \/>\n<meta property=\"og:locale\" content=\"tr_TR\" \/>\n<meta property=\"og:type\" content=\"article\" \/>\n<meta property=\"og:title\" content=\"Pazarlama Plan\u0131 (tablolar) \u015eablonu - Sales AI Agents\" \/>\n<meta property=\"og:description\" content=\"Pazarlama kampanyalar\u0131n\u0131n her ad\u0131m\u0131n\u0131 d\u00fczenlemek i\u00e7in \u00fccretsiz \u00f6zelle\u015ftirilebilir pazarlama \u015fablonumuzu kullan\u0131n. Kolayca denetleyin - son tarihler, payda\u015flar ve farkl\u0131 a\u015famalar.\" \/>\n<meta property=\"og:url\" content=\"https:\/\/sales-ai-agents.com\/tr\/templates\/marketing-plan-tables\/\" \/>\n<meta property=\"og:site_name\" content=\"Sales AI Agents\" \/>\n<meta property=\"article:modified_time\" content=\"2024-01-02T11:37:35+00:00\" \/>\n<meta property=\"og:image\" content=\"https:\/\/sales-ai-agents.com\/wp-content\/uploads\/2022\/09\/Marketing-Plan-tables-Template.png\" \/>\n\t<meta property=\"og:image:width\" content=\"1700\" \/>\n\t<meta property=\"og:image:height\" content=\"1100\" \/>\n\t<meta property=\"og:image:type\" content=\"image\/png\" \/>\n<meta name=\"twitter:card\" content=\"summary_large_image\" \/>\n<script type=\"application\/ld+json\" class=\"yoast-schema-graph\">{\"@context\":\"https:\/\/schema.org\",\"@graph\":[{\"@type\":\"WebPage\",\"@id\":\"https:\/\/sales-ai-agents.com\/tr\/templates\/marketing-plan-tables\/\",\"url\":\"https:\/\/sales-ai-agents.com\/tr\/templates\/marketing-plan-tables\/\",\"name\":\"Pazarlama Plan\u0131 (tablolar) \u015eablonu - Sales AI Agents\",\"isPartOf\":{\"@id\":\"https:\/\/sales-ai-agents.com\/#website\"},\"primaryImageOfPage\":{\"@id\":\"https:\/\/sales-ai-agents.com\/tr\/templates\/marketing-plan-tables\/#primaryimage\"},\"image\":{\"@id\":\"https:\/\/sales-ai-agents.com\/tr\/templates\/marketing-plan-tables\/#primaryimage\"},\"thumbnailUrl\":\"https:\/\/sales-ai-agents.com\/wp-content\/uploads\/2022\/09\/Marketing-Plan-tables-Template.png\",\"datePublished\":\"2022-09-26T12:10:17+00:00\",\"dateModified\":\"2024-01-02T11:37:35+00:00\",\"description\":\"Pazarlama kampanyalar\u0131n\u0131n her ad\u0131m\u0131n\u0131 d\u00fczenlemek i\u00e7in \u00fccretsiz \u00f6zelle\u015ftirilebilir pazarlama \u015fablonumuzu kullan\u0131n. Kolayca denetleyin - son tarihler, payda\u015flar ve farkl\u0131 a\u015famalar.\",\"inLanguage\":\"tr\",\"potentialAction\":[{\"@type\":\"ReadAction\",\"target\":[\"https:\/\/sales-ai-agents.com\/tr\/templates\/marketing-plan-tables\/\"]}]},{\"@type\":\"ImageObject\",\"inLanguage\":\"tr\",\"@id\":\"https:\/\/sales-ai-agents.com\/tr\/templates\/marketing-plan-tables\/#primaryimage\",\"url\":\"https:\/\/sales-ai-agents.com\/wp-content\/uploads\/2022\/09\/Marketing-Plan-tables-Template.png\",\"contentUrl\":\"https:\/\/sales-ai-agents.com\/wp-content\/uploads\/2022\/09\/Marketing-Plan-tables-Template.png\",\"width\":1700,\"height\":1100},{\"@type\":\"WebSite\",\"@id\":\"https:\/\/sales-ai-agents.com\/#website\",\"url\":\"https:\/\/sales-ai-agents.com\/\",\"name\":\"FuseBase\",\"description\":\"Sales AI Agents - Free Online Collaboration Software for Remote Teams. Build your wikis, client portals and more with the Nimbus Platform collaboration tool ? A perfect space for online work\",\"publisher\":{\"@id\":\"https:\/\/sales-ai-agents.com\/#organization\"},\"potentialAction\":[{\"@type\":\"SearchAction\",\"target\":{\"@type\":\"EntryPoint\",\"urlTemplate\":\"https:\/\/sales-ai-agents.com\/?s={search_term_string}\"},\"query-input\":{\"@type\":\"PropertyValueSpecification\",\"valueRequired\":true,\"valueName\":\"search_term_string\"}}],\"inLanguage\":\"tr\"},{\"@type\":\"Organization\",\"@id\":\"https:\/\/sales-ai-agents.com\/#organization\",\"name\":\"FuseBase\",\"url\":\"https:\/\/sales-ai-agents.com\/\",\"logo\":{\"@type\":\"ImageObject\",\"inLanguage\":\"tr\",\"@id\":\"https:\/\/sales-ai-agents.com\/#\/schema\/logo\/image\/\",\"url\":\"https:\/\/sales-ai-agents.com\/wp-content\/uploads\/2023\/11\/icon-7.svg\",\"contentUrl\":\"https:\/\/sales-ai-agents.com\/wp-content\/uploads\/2023\/11\/icon-7.svg\",\"width\":128,\"height\":128,\"caption\":\"FuseBase\"},\"image\":{\"@id\":\"https:\/\/sales-ai-agents.com\/#\/schema\/logo\/image\/\"}}]}<\/script>\n<!-- \/ Yoast SEO plugin. -->","yoast_head_json":{"title":"Pazarlama Plan\u0131 (tablolar) \u015eablonu - Sales AI Agents","description":"Pazarlama kampanyalar\u0131n\u0131n her ad\u0131m\u0131n\u0131 d\u00fczenlemek i\u00e7in \u00fccretsiz \u00f6zelle\u015ftirilebilir pazarlama \u015fablonumuzu kullan\u0131n. Kolayca denetleyin - son tarihler, payda\u015flar ve farkl\u0131 a\u015famalar.","robots":{"index":"index","follow":"follow","max-snippet":"max-snippet:-1","max-image-preview":"max-image-preview:large","max-video-preview":"max-video-preview:-1"},"canonical":"https:\/\/sales-ai-agents.com\/tr\/templates\/marketing-plan-tables\/","og_locale":"tr_TR","og_type":"article","og_title":"Pazarlama Plan\u0131 (tablolar) \u015eablonu - Sales AI Agents","og_description":"Pazarlama kampanyalar\u0131n\u0131n her ad\u0131m\u0131n\u0131 d\u00fczenlemek i\u00e7in \u00fccretsiz \u00f6zelle\u015ftirilebilir pazarlama \u015fablonumuzu kullan\u0131n. Kolayca denetleyin - son tarihler, payda\u015flar ve farkl\u0131 a\u015famalar.","og_url":"https:\/\/sales-ai-agents.com\/tr\/templates\/marketing-plan-tables\/","og_site_name":"Sales AI Agents","article_modified_time":"2024-01-02T11:37:35+00:00","og_image":[{"width":1700,"height":1100,"url":"https:\/\/sales-ai-agents.com\/wp-content\/uploads\/2022\/09\/Marketing-Plan-tables-Template.png","type":"image\/png"}],"twitter_card":"summary_large_image","schema":{"@context":"https:\/\/schema.org","@graph":[{"@type":"WebPage","@id":"https:\/\/sales-ai-agents.com\/tr\/templates\/marketing-plan-tables\/","url":"https:\/\/sales-ai-agents.com\/tr\/templates\/marketing-plan-tables\/","name":"Pazarlama Plan\u0131 (tablolar) \u015eablonu - Sales AI Agents","isPartOf":{"@id":"https:\/\/sales-ai-agents.com\/#website"},"primaryImageOfPage":{"@id":"https:\/\/sales-ai-agents.com\/tr\/templates\/marketing-plan-tables\/#primaryimage"},"image":{"@id":"https:\/\/sales-ai-agents.com\/tr\/templates\/marketing-plan-tables\/#primaryimage"},"thumbnailUrl":"https:\/\/sales-ai-agents.com\/wp-content\/uploads\/2022\/09\/Marketing-Plan-tables-Template.png","datePublished":"2022-09-26T12:10:17+00:00","dateModified":"2024-01-02T11:37:35+00:00","description":"Pazarlama kampanyalar\u0131n\u0131n her ad\u0131m\u0131n\u0131 d\u00fczenlemek i\u00e7in \u00fccretsiz \u00f6zelle\u015ftirilebilir pazarlama \u015fablonumuzu kullan\u0131n. Kolayca denetleyin - son tarihler, payda\u015flar ve farkl\u0131 a\u015famalar.","inLanguage":"tr","potentialAction":[{"@type":"ReadAction","target":["https:\/\/sales-ai-agents.com\/tr\/templates\/marketing-plan-tables\/"]}]},{"@type":"ImageObject","inLanguage":"tr","@id":"https:\/\/sales-ai-agents.com\/tr\/templates\/marketing-plan-tables\/#primaryimage","url":"https:\/\/sales-ai-agents.com\/wp-content\/uploads\/2022\/09\/Marketing-Plan-tables-Template.png","contentUrl":"https:\/\/sales-ai-agents.com\/wp-content\/uploads\/2022\/09\/Marketing-Plan-tables-Template.png","width":1700,"height":1100},{"@type":"WebSite","@id":"https:\/\/sales-ai-agents.com\/#website","url":"https:\/\/sales-ai-agents.com\/","name":"FuseBase","description":"Sales AI Agents - Free Online Collaboration Software for Remote Teams. Build your wikis, client portals and more with the Nimbus Platform collaboration tool ? A perfect space for online work","publisher":{"@id":"https:\/\/sales-ai-agents.com\/#organization"},"potentialAction":[{"@type":"SearchAction","target":{"@type":"EntryPoint","urlTemplate":"https:\/\/sales-ai-agents.com\/?s={search_term_string}"},"query-input":{"@type":"PropertyValueSpecification","valueRequired":true,"valueName":"search_term_string"}}],"inLanguage":"tr"},{"@type":"Organization","@id":"https:\/\/sales-ai-agents.com\/#organization","name":"FuseBase","url":"https:\/\/sales-ai-agents.com\/","logo":{"@type":"ImageObject","inLanguage":"tr","@id":"https:\/\/sales-ai-agents.com\/#\/schema\/logo\/image\/","url":"https:\/\/sales-ai-agents.com\/wp-content\/uploads\/2023\/11\/icon-7.svg","contentUrl":"https:\/\/sales-ai-agents.com\/wp-content\/uploads\/2023\/11\/icon-7.svg","width":128,"height":128,"caption":"FuseBase"},"image":{"@id":"https:\/\/sales-ai-agents.com\/#\/schema\/logo\/image\/"}}]}},"_links":{"self":[{"href":"https:\/\/sales-ai-agents.com\/tr\/wp-json\/wp\/v2\/product\/57689","targetHints":{"allow":["GET"]}}],"collection":[{"href":"https:\/\/sales-ai-agents.com\/tr\/wp-json\/wp\/v2\/product"}],"about":[{"href":"https:\/\/sales-ai-agents.com\/tr\/wp-json\/wp\/v2\/types\/product"}],"wp:featuredmedia":[{"embeddable":true,"href":"https:\/\/sales-ai-agents.com\/tr\/wp-json\/wp\/v2\/media\/57691"}],"wp:attachment":[{"href":"https:\/\/sales-ai-agents.com\/tr\/wp-json\/wp\/v2\/media?parent=57689"}],"wp:term":[{"taxonomy":"product_brand","embeddable":true,"href":"https:\/\/sales-ai-agents.com\/tr\/wp-json\/wp\/v2\/product_brand?post=57689"},{"taxonomy":"product_cat","embeddable":true,"href":"https:\/\/sales-ai-agents.com\/tr\/wp-json\/wp\/v2\/product_cat?post=57689"},{"taxonomy":"product_tag","embeddable":true,"href":"https:\/\/sales-ai-agents.com\/tr\/wp-json\/wp\/v2\/product_tag?post=57689"}],"curies":[{"name":"wp","href":"https:\/\/api.w.org\/{rel}","templated":true}]}}