{"id":57694,"date":"2022-09-26T12:10:13","date_gmt":"2022-09-26T12:10:13","guid":{"rendered":"https:\/\/sales-ai-agents.com\/templates\/job-board\/"},"modified":"2023-12-27T14:56:21","modified_gmt":"2023-12-27T14:56:21","slug":"job-board","status":"publish","type":"product","link":"https:\/\/sales-ai-agents.com\/tr\/templates\/job-board\/","title":{"rendered":"\u0130\u015f Kurulu"},"content":{"rendered":"<p>&nbsp;<\/p>\n<h2>\u0130\u015f Panosu \u015eablonu<\/h2>\n<p class=\"desc-text\">\u015eirketinizin i\u015f ilanlar\u0131 i\u00e7in bu kullan\u0131\u015fl\u0131 \u015fablonu olu\u015fturduk. Yetenekleri \u00e7ekmek i\u00e7in i\u015f ilanlar\u0131n\u0131za faydal\u0131 bilgiler eklemeniz hayati \u00f6nem ta\u015f\u0131r. Bu belge ile i\u015fyerinizin de\u011ferleri, hedefleri ve \u00e7al\u0131\u015fma k\u00fclt\u00fcr\u00fc hakk\u0131nda ayr\u0131nt\u0131lara yer verebilirsiniz. \u015eirketiniz i\u00e7in fark\u0131ndal\u0131k yaratabilmek ve do\u011fru adaylar\u0131 bulabilmek i\u00e7in kurulu\u015funuzun ve rollerin tam bir profilini verin.<\/p>\n<h5>Nas\u0131l kullan\u0131l\u0131r?<\/h5>\n<ul class=\"desc-item_list\">\n<li class=\"desc-item_list__point\">\u015eirketinizin vizyonu ve de\u011ferleri hakk\u0131nda yaz\u0131n<\/li>\n<li class=\"desc-item_list__point\">A\u00e7\u0131k i\u015f pozisyonlar\u0131n\u0131 tablolarda listeleyin<\/li>\n<li class=\"desc-item_list__point\">\u015eirketinizin k\u00fclt\u00fcr\u00fcn\u00fc g\u00f6steren g\u00f6rseller y\u00fckleyin<\/li>\n<li class=\"desc-item_list__point\">\u015eablonun herhangi bir b\u00f6l\u00fcm\u00fcn\u00fc gerekti\u011fi gibi \u00f6zelle\u015ftirin<\/li>\n<\/ul>\n","protected":false},"excerpt":{"rendered":"<p>Bu kullan\u0131\u015fl\u0131 \u015fablon, \u015firketinizin i\u015f ilanlar\u0131 i\u00e7indir. Bu \u015fablon ile i\u015fyerinizin de\u011ferleri, hedefleri ve \u00e7al\u0131\u015fma k\u00fclt\u00fcr\u00fc hakk\u0131nda ayr\u0131nt\u0131lar ekleyebilirsiniz.<\/p>\n","protected":false},"featured_media":57695,"template":"","meta":{"_acf_changed":false,"inline_featured_image":false},"product_brand":[],"product_cat":[218],"product_tag":[],"class_list":{"0":"post-57694","1":"product","2":"type-product","3":"status-publish","4":"has-post-thumbnail","6":"product_cat-operations","8":"first","9":"instock","10":"virtual","11":"sold-individually","12":"product-type-simple"},"acf":[],"yoast_head":"<!-- This site is optimized with the Yoast SEO plugin v25.3.1 - https:\/\/yoast.com\/wordpress\/plugins\/seo\/ -->\n<title>\u0130\u015f Panosu \u015eablonu - Sales AI Agents<\/title>\n<meta name=\"description\" content=\"Bu kullan\u0131\u015fl\u0131 \u015fablon, \u015firketinizin i\u015f ilanlar\u0131 i\u00e7indir. Bu \u015fablon ile i\u015fyerinizin de\u011ferleri, hedefleri ve \u00e7al\u0131\u015fma k\u00fclt\u00fcr\u00fc hakk\u0131nda ayr\u0131nt\u0131lar ekleyebilirsiniz.\" \/>\n<meta name=\"robots\" content=\"index, follow, max-snippet:-1, max-image-preview:large, max-video-preview:-1\" \/>\n<link rel=\"canonical\" href=\"https:\/\/sales-ai-agents.com\/tr\/templates\/job-board\/\" \/>\n<meta property=\"og:locale\" content=\"tr_TR\" \/>\n<meta property=\"og:type\" content=\"article\" \/>\n<meta property=\"og:title\" content=\"\u0130\u015f Panosu \u015eablonu - Sales AI Agents\" \/>\n<meta property=\"og:description\" content=\"Bu kullan\u0131\u015fl\u0131 \u015fablon, \u015firketinizin i\u015f ilanlar\u0131 i\u00e7indir. Bu \u015fablon ile i\u015fyerinizin de\u011ferleri, hedefleri ve \u00e7al\u0131\u015fma k\u00fclt\u00fcr\u00fc hakk\u0131nda ayr\u0131nt\u0131lar ekleyebilirsiniz.\" \/>\n<meta property=\"og:url\" content=\"https:\/\/sales-ai-agents.com\/tr\/templates\/job-board\/\" \/>\n<meta property=\"og:site_name\" content=\"Sales AI Agents\" \/>\n<meta property=\"article:modified_time\" content=\"2023-12-27T14:56:21+00:00\" \/>\n<meta property=\"og:image\" content=\"https:\/\/sales-ai-agents.com\/wp-content\/uploads\/2023\/01\/image-preview121819.png\" \/>\n\t<meta property=\"og:image:width\" content=\"1078\" \/>\n\t<meta property=\"og:image:height\" content=\"1262\" \/>\n\t<meta property=\"og:image:type\" content=\"image\/png\" \/>\n<meta name=\"twitter:card\" content=\"summary_large_image\" \/>\n<script type=\"application\/ld+json\" class=\"yoast-schema-graph\">{\"@context\":\"https:\/\/schema.org\",\"@graph\":[{\"@type\":\"WebPage\",\"@id\":\"https:\/\/sales-ai-agents.com\/tr\/templates\/job-board\/\",\"url\":\"https:\/\/sales-ai-agents.com\/tr\/templates\/job-board\/\",\"name\":\"\u0130\u015f Panosu \u015eablonu - Sales AI Agents\",\"isPartOf\":{\"@id\":\"https:\/\/sales-ai-agents.com\/#website\"},\"primaryImageOfPage\":{\"@id\":\"https:\/\/sales-ai-agents.com\/tr\/templates\/job-board\/#primaryimage\"},\"image\":{\"@id\":\"https:\/\/sales-ai-agents.com\/tr\/templates\/job-board\/#primaryimage\"},\"thumbnailUrl\":\"https:\/\/sales-ai-agents.com\/wp-content\/uploads\/2023\/01\/image-preview121819.png\",\"datePublished\":\"2022-09-26T12:10:13+00:00\",\"dateModified\":\"2023-12-27T14:56:21+00:00\",\"description\":\"Bu kullan\u0131\u015fl\u0131 \u015fablon, \u015firketinizin i\u015f ilanlar\u0131 i\u00e7indir. Bu \u015fablon ile i\u015fyerinizin de\u011ferleri, hedefleri ve \u00e7al\u0131\u015fma k\u00fclt\u00fcr\u00fc hakk\u0131nda ayr\u0131nt\u0131lar ekleyebilirsiniz.\",\"inLanguage\":\"tr\",\"potentialAction\":[{\"@type\":\"ReadAction\",\"target\":[\"https:\/\/sales-ai-agents.com\/tr\/templates\/job-board\/\"]}]},{\"@type\":\"ImageObject\",\"inLanguage\":\"tr\",\"@id\":\"https:\/\/sales-ai-agents.com\/tr\/templates\/job-board\/#primaryimage\",\"url\":\"https:\/\/sales-ai-agents.com\/wp-content\/uploads\/2023\/01\/image-preview121819.png\",\"contentUrl\":\"https:\/\/sales-ai-agents.com\/wp-content\/uploads\/2023\/01\/image-preview121819.png\",\"width\":1078,\"height\":1262},{\"@type\":\"WebSite\",\"@id\":\"https:\/\/sales-ai-agents.com\/#website\",\"url\":\"https:\/\/sales-ai-agents.com\/\",\"name\":\"FuseBase\",\"description\":\"Sales AI Agents - Free Online Collaboration Software for Remote Teams. Build your wikis, client portals and more with the Nimbus Platform collaboration tool ? A perfect space for online work\",\"publisher\":{\"@id\":\"https:\/\/sales-ai-agents.com\/#organization\"},\"potentialAction\":[{\"@type\":\"SearchAction\",\"target\":{\"@type\":\"EntryPoint\",\"urlTemplate\":\"https:\/\/sales-ai-agents.com\/?s={search_term_string}\"},\"query-input\":{\"@type\":\"PropertyValueSpecification\",\"valueRequired\":true,\"valueName\":\"search_term_string\"}}],\"inLanguage\":\"tr\"},{\"@type\":\"Organization\",\"@id\":\"https:\/\/sales-ai-agents.com\/#organization\",\"name\":\"FuseBase\",\"url\":\"https:\/\/sales-ai-agents.com\/\",\"logo\":{\"@type\":\"ImageObject\",\"inLanguage\":\"tr\",\"@id\":\"https:\/\/sales-ai-agents.com\/#\/schema\/logo\/image\/\",\"url\":\"https:\/\/sales-ai-agents.com\/wp-content\/uploads\/2023\/11\/icon-7.svg\",\"contentUrl\":\"https:\/\/sales-ai-agents.com\/wp-content\/uploads\/2023\/11\/icon-7.svg\",\"width\":128,\"height\":128,\"caption\":\"FuseBase\"},\"image\":{\"@id\":\"https:\/\/sales-ai-agents.com\/#\/schema\/logo\/image\/\"}}]}<\/script>\n<!-- \/ Yoast SEO plugin. -->","yoast_head_json":{"title":"\u0130\u015f Panosu \u015eablonu - Sales AI Agents","description":"Bu kullan\u0131\u015fl\u0131 \u015fablon, \u015firketinizin i\u015f ilanlar\u0131 i\u00e7indir. Bu \u015fablon ile i\u015fyerinizin de\u011ferleri, hedefleri ve \u00e7al\u0131\u015fma k\u00fclt\u00fcr\u00fc hakk\u0131nda ayr\u0131nt\u0131lar ekleyebilirsiniz.","robots":{"index":"index","follow":"follow","max-snippet":"max-snippet:-1","max-image-preview":"max-image-preview:large","max-video-preview":"max-video-preview:-1"},"canonical":"https:\/\/sales-ai-agents.com\/tr\/templates\/job-board\/","og_locale":"tr_TR","og_type":"article","og_title":"\u0130\u015f Panosu \u015eablonu - Sales AI Agents","og_description":"Bu kullan\u0131\u015fl\u0131 \u015fablon, \u015firketinizin i\u015f ilanlar\u0131 i\u00e7indir. Bu \u015fablon ile i\u015fyerinizin de\u011ferleri, hedefleri ve \u00e7al\u0131\u015fma k\u00fclt\u00fcr\u00fc hakk\u0131nda ayr\u0131nt\u0131lar ekleyebilirsiniz.","og_url":"https:\/\/sales-ai-agents.com\/tr\/templates\/job-board\/","og_site_name":"Sales AI Agents","article_modified_time":"2023-12-27T14:56:21+00:00","og_image":[{"width":1078,"height":1262,"url":"https:\/\/sales-ai-agents.com\/wp-content\/uploads\/2023\/01\/image-preview121819.png","type":"image\/png"}],"twitter_card":"summary_large_image","schema":{"@context":"https:\/\/schema.org","@graph":[{"@type":"WebPage","@id":"https:\/\/sales-ai-agents.com\/tr\/templates\/job-board\/","url":"https:\/\/sales-ai-agents.com\/tr\/templates\/job-board\/","name":"\u0130\u015f Panosu \u015eablonu - Sales AI Agents","isPartOf":{"@id":"https:\/\/sales-ai-agents.com\/#website"},"primaryImageOfPage":{"@id":"https:\/\/sales-ai-agents.com\/tr\/templates\/job-board\/#primaryimage"},"image":{"@id":"https:\/\/sales-ai-agents.com\/tr\/templates\/job-board\/#primaryimage"},"thumbnailUrl":"https:\/\/sales-ai-agents.com\/wp-content\/uploads\/2023\/01\/image-preview121819.png","datePublished":"2022-09-26T12:10:13+00:00","dateModified":"2023-12-27T14:56:21+00:00","description":"Bu kullan\u0131\u015fl\u0131 \u015fablon, \u015firketinizin i\u015f ilanlar\u0131 i\u00e7indir. Bu \u015fablon ile i\u015fyerinizin de\u011ferleri, hedefleri ve \u00e7al\u0131\u015fma k\u00fclt\u00fcr\u00fc hakk\u0131nda ayr\u0131nt\u0131lar ekleyebilirsiniz.","inLanguage":"tr","potentialAction":[{"@type":"ReadAction","target":["https:\/\/sales-ai-agents.com\/tr\/templates\/job-board\/"]}]},{"@type":"ImageObject","inLanguage":"tr","@id":"https:\/\/sales-ai-agents.com\/tr\/templates\/job-board\/#primaryimage","url":"https:\/\/sales-ai-agents.com\/wp-content\/uploads\/2023\/01\/image-preview121819.png","contentUrl":"https:\/\/sales-ai-agents.com\/wp-content\/uploads\/2023\/01\/image-preview121819.png","width":1078,"height":1262},{"@type":"WebSite","@id":"https:\/\/sales-ai-agents.com\/#website","url":"https:\/\/sales-ai-agents.com\/","name":"FuseBase","description":"Sales AI Agents - Free Online Collaboration Software for Remote Teams. Build your wikis, client portals and more with the Nimbus Platform collaboration tool ? A perfect space for online work","publisher":{"@id":"https:\/\/sales-ai-agents.com\/#organization"},"potentialAction":[{"@type":"SearchAction","target":{"@type":"EntryPoint","urlTemplate":"https:\/\/sales-ai-agents.com\/?s={search_term_string}"},"query-input":{"@type":"PropertyValueSpecification","valueRequired":true,"valueName":"search_term_string"}}],"inLanguage":"tr"},{"@type":"Organization","@id":"https:\/\/sales-ai-agents.com\/#organization","name":"FuseBase","url":"https:\/\/sales-ai-agents.com\/","logo":{"@type":"ImageObject","inLanguage":"tr","@id":"https:\/\/sales-ai-agents.com\/#\/schema\/logo\/image\/","url":"https:\/\/sales-ai-agents.com\/wp-content\/uploads\/2023\/11\/icon-7.svg","contentUrl":"https:\/\/sales-ai-agents.com\/wp-content\/uploads\/2023\/11\/icon-7.svg","width":128,"height":128,"caption":"FuseBase"},"image":{"@id":"https:\/\/sales-ai-agents.com\/#\/schema\/logo\/image\/"}}]}},"_links":{"self":[{"href":"https:\/\/sales-ai-agents.com\/tr\/wp-json\/wp\/v2\/product\/57694","targetHints":{"allow":["GET"]}}],"collection":[{"href":"https:\/\/sales-ai-agents.com\/tr\/wp-json\/wp\/v2\/product"}],"about":[{"href":"https:\/\/sales-ai-agents.com\/tr\/wp-json\/wp\/v2\/types\/product"}],"wp:featuredmedia":[{"embeddable":true,"href":"https:\/\/sales-ai-agents.com\/tr\/wp-json\/wp\/v2\/media\/57695"}],"wp:attachment":[{"href":"https:\/\/sales-ai-agents.com\/tr\/wp-json\/wp\/v2\/media?parent=57694"}],"wp:term":[{"taxonomy":"product_brand","embeddable":true,"href":"https:\/\/sales-ai-agents.com\/tr\/wp-json\/wp\/v2\/product_brand?post=57694"},{"taxonomy":"product_cat","embeddable":true,"href":"https:\/\/sales-ai-agents.com\/tr\/wp-json\/wp\/v2\/product_cat?post=57694"},{"taxonomy":"product_tag","embeddable":true,"href":"https:\/\/sales-ai-agents.com\/tr\/wp-json\/wp\/v2\/product_tag?post=57694"}],"curies":[{"name":"wp","href":"https:\/\/api.w.org\/{rel}","templated":true}]}}