{"id":57697,"date":"2022-09-26T12:10:09","date_gmt":"2022-09-26T12:10:09","guid":{"rendered":"https:\/\/sales-ai-agents.com\/templates\/summer-bucket-list\/"},"modified":"2024-01-02T13:48:29","modified_gmt":"2024-01-02T13:48:29","slug":"summer-bucket-list","status":"publish","type":"product","link":"https:\/\/sales-ai-agents.com\/tr\/templates\/summer-bucket-list\/","title":{"rendered":"Yaz Yap\u0131lacaklar Listesi"},"content":{"rendered":"<p>&nbsp;<\/p>\n<h2>Yaz Yap\u0131lacaklar Listesi \u015eablonu<\/h2>\n<p class=\"desc-text\">Yaz\u0131n\u0131z\u0131 yeni olumlu duygularla doldurun. Bu \u015fablon, yeni aktiviteler denemenize ve g\u00fcne\u015fli g\u00fcnleri keyifle ge\u00e7irmenize yard\u0131mc\u0131 olacak. \u015eablonun g\u00fczelli\u011fi, ihtiya\u00e7lar\u0131n\u0131za g\u00f6re ayarlayabilmenizdir. Se\u00e7eneklerinizi listeye ekleyin. Denemek istedi\u011finiz etkinlikleri renklerle vurgulay\u0131n. Bitmi\u015f olanlar\u0131 kontrol edin ve 1 Eyl\u00fcl&#8217;den \u00f6nce listenin sonuna gelin!<\/p>\n<h5>Nas\u0131l kullan\u0131l\u0131r?<\/h5>\n<ul class=\"desc-item_list\">\n<li class=\"desc-item_list__point\">Listeye g\u00f6z at\u0131n<\/li>\n<li class=\"desc-item_list__point\">Yapmak istedi\u011finiz aktiviteleri bulun<\/li>\n<li class=\"desc-item_list__point\">Renklerin \u00f6nemini vurgulay\u0131n<\/li>\n<li class=\"desc-item_list__point\">Se\u00e7eneklerinizi ekleyin<\/li>\n<li class=\"desc-item_list__point\">Tamamland\u0131\u011f\u0131nda her bir faaliyeti i\u015faretleyin<\/li>\n<\/ul>\n","protected":false},"excerpt":{"rendered":"<p>Yaz\u0131n\u0131z\u0131 yeni olumlu duygularla doldurun. Bu \u00fccretsiz \u00f6zelle\u015ftirilebilir \u015fablon, yeni aktiviteler denemenize ve g\u00fcne\u015fli g\u00fcnleri keyifle ge\u00e7irmenize yard\u0131mc\u0131 olacak.<\/p>\n","protected":false},"featured_media":57698,"template":"","meta":{"_acf_changed":false,"inline_featured_image":false},"product_brand":[],"product_cat":[257,276],"product_tag":[],"class_list":{"0":"post-57697","1":"product","2":"type-product","3":"status-publish","4":"has-post-thumbnail","6":"product_cat-personal","7":"product_cat-holidays-planning","9":"first","10":"instock","11":"virtual","12":"sold-individually","13":"product-type-simple"},"acf":[],"yoast_head":"<!-- This site is optimized with the Yoast SEO plugin v25.3.1 - https:\/\/yoast.com\/wordpress\/plugins\/seo\/ -->\n<title>Yaz i\u00e7in yap\u0131lacaklar listesi\ufe0f \u015eablon - Sales AI Agents<\/title>\n<meta name=\"description\" content=\"Yaz\u0131n\u0131z\u0131 yeni olumlu duygularla doldurun. Bu \u00fccretsiz \u00f6zelle\u015ftirilebilir \u015fablon, yeni aktiviteler denemenize ve g\u00fcne\u015fli g\u00fcnleri keyifle ge\u00e7irmenize yard\u0131mc\u0131 olacak.\" \/>\n<meta name=\"robots\" content=\"index, follow, max-snippet:-1, max-image-preview:large, max-video-preview:-1\" \/>\n<link rel=\"canonical\" href=\"https:\/\/sales-ai-agents.com\/tr\/templates\/summer-bucket-list\/\" \/>\n<meta property=\"og:locale\" content=\"tr_TR\" \/>\n<meta property=\"og:type\" content=\"article\" \/>\n<meta property=\"og:title\" content=\"Yaz i\u00e7in yap\u0131lacaklar listesi\ufe0f \u015eablon - Sales AI Agents\" \/>\n<meta property=\"og:description\" content=\"Yaz\u0131n\u0131z\u0131 yeni olumlu duygularla doldurun. Bu \u00fccretsiz \u00f6zelle\u015ftirilebilir \u015fablon, yeni aktiviteler denemenize ve g\u00fcne\u015fli g\u00fcnleri keyifle ge\u00e7irmenize yard\u0131mc\u0131 olacak.\" \/>\n<meta property=\"og:url\" content=\"https:\/\/sales-ai-agents.com\/tr\/templates\/summer-bucket-list\/\" \/>\n<meta property=\"og:site_name\" content=\"Sales AI Agents\" \/>\n<meta property=\"article:modified_time\" content=\"2024-01-02T13:48:29+00:00\" \/>\n<meta property=\"og:image\" content=\"https:\/\/sales-ai-agents.com\/wp-content\/uploads\/2023\/01\/image-preview121751.png\" \/>\n\t<meta property=\"og:image:width\" content=\"1078\" \/>\n\t<meta property=\"og:image:height\" content=\"1026\" \/>\n\t<meta property=\"og:image:type\" content=\"image\/png\" \/>\n<meta name=\"twitter:card\" content=\"summary_large_image\" \/>\n<script type=\"application\/ld+json\" class=\"yoast-schema-graph\">{\"@context\":\"https:\/\/schema.org\",\"@graph\":[{\"@type\":\"WebPage\",\"@id\":\"https:\/\/sales-ai-agents.com\/tr\/templates\/summer-bucket-list\/\",\"url\":\"https:\/\/sales-ai-agents.com\/tr\/templates\/summer-bucket-list\/\",\"name\":\"Yaz i\u00e7in yap\u0131lacaklar listesi\ufe0f \u015eablon - Sales AI Agents\",\"isPartOf\":{\"@id\":\"https:\/\/sales-ai-agents.com\/#website\"},\"primaryImageOfPage\":{\"@id\":\"https:\/\/sales-ai-agents.com\/tr\/templates\/summer-bucket-list\/#primaryimage\"},\"image\":{\"@id\":\"https:\/\/sales-ai-agents.com\/tr\/templates\/summer-bucket-list\/#primaryimage\"},\"thumbnailUrl\":\"https:\/\/sales-ai-agents.com\/wp-content\/uploads\/2023\/01\/image-preview121751.png\",\"datePublished\":\"2022-09-26T12:10:09+00:00\",\"dateModified\":\"2024-01-02T13:48:29+00:00\",\"description\":\"Yaz\u0131n\u0131z\u0131 yeni olumlu duygularla doldurun. Bu \u00fccretsiz \u00f6zelle\u015ftirilebilir \u015fablon, yeni aktiviteler denemenize ve g\u00fcne\u015fli g\u00fcnleri keyifle ge\u00e7irmenize yard\u0131mc\u0131 olacak.\",\"inLanguage\":\"tr\",\"potentialAction\":[{\"@type\":\"ReadAction\",\"target\":[\"https:\/\/sales-ai-agents.com\/tr\/templates\/summer-bucket-list\/\"]}]},{\"@type\":\"ImageObject\",\"inLanguage\":\"tr\",\"@id\":\"https:\/\/sales-ai-agents.com\/tr\/templates\/summer-bucket-list\/#primaryimage\",\"url\":\"https:\/\/sales-ai-agents.com\/wp-content\/uploads\/2023\/01\/image-preview121751.png\",\"contentUrl\":\"https:\/\/sales-ai-agents.com\/wp-content\/uploads\/2023\/01\/image-preview121751.png\",\"width\":1078,\"height\":1026},{\"@type\":\"WebSite\",\"@id\":\"https:\/\/sales-ai-agents.com\/#website\",\"url\":\"https:\/\/sales-ai-agents.com\/\",\"name\":\"FuseBase\",\"description\":\"Sales AI Agents - Free Online Collaboration Software for Remote Teams. Build your wikis, client portals and more with the Nimbus Platform collaboration tool ? A perfect space for online work\",\"publisher\":{\"@id\":\"https:\/\/sales-ai-agents.com\/#organization\"},\"potentialAction\":[{\"@type\":\"SearchAction\",\"target\":{\"@type\":\"EntryPoint\",\"urlTemplate\":\"https:\/\/sales-ai-agents.com\/?s={search_term_string}\"},\"query-input\":{\"@type\":\"PropertyValueSpecification\",\"valueRequired\":true,\"valueName\":\"search_term_string\"}}],\"inLanguage\":\"tr\"},{\"@type\":\"Organization\",\"@id\":\"https:\/\/sales-ai-agents.com\/#organization\",\"name\":\"FuseBase\",\"url\":\"https:\/\/sales-ai-agents.com\/\",\"logo\":{\"@type\":\"ImageObject\",\"inLanguage\":\"tr\",\"@id\":\"https:\/\/sales-ai-agents.com\/#\/schema\/logo\/image\/\",\"url\":\"https:\/\/sales-ai-agents.com\/wp-content\/uploads\/2023\/11\/icon-7.svg\",\"contentUrl\":\"https:\/\/sales-ai-agents.com\/wp-content\/uploads\/2023\/11\/icon-7.svg\",\"width\":128,\"height\":128,\"caption\":\"FuseBase\"},\"image\":{\"@id\":\"https:\/\/sales-ai-agents.com\/#\/schema\/logo\/image\/\"}}]}<\/script>\n<!-- \/ Yoast SEO plugin. -->","yoast_head_json":{"title":"Yaz i\u00e7in yap\u0131lacaklar listesi\ufe0f \u015eablon - Sales AI Agents","description":"Yaz\u0131n\u0131z\u0131 yeni olumlu duygularla doldurun. Bu \u00fccretsiz \u00f6zelle\u015ftirilebilir \u015fablon, yeni aktiviteler denemenize ve g\u00fcne\u015fli g\u00fcnleri keyifle ge\u00e7irmenize yard\u0131mc\u0131 olacak.","robots":{"index":"index","follow":"follow","max-snippet":"max-snippet:-1","max-image-preview":"max-image-preview:large","max-video-preview":"max-video-preview:-1"},"canonical":"https:\/\/sales-ai-agents.com\/tr\/templates\/summer-bucket-list\/","og_locale":"tr_TR","og_type":"article","og_title":"Yaz i\u00e7in yap\u0131lacaklar listesi\ufe0f \u015eablon - Sales AI Agents","og_description":"Yaz\u0131n\u0131z\u0131 yeni olumlu duygularla doldurun. Bu \u00fccretsiz \u00f6zelle\u015ftirilebilir \u015fablon, yeni aktiviteler denemenize ve g\u00fcne\u015fli g\u00fcnleri keyifle ge\u00e7irmenize yard\u0131mc\u0131 olacak.","og_url":"https:\/\/sales-ai-agents.com\/tr\/templates\/summer-bucket-list\/","og_site_name":"Sales AI Agents","article_modified_time":"2024-01-02T13:48:29+00:00","og_image":[{"width":1078,"height":1026,"url":"https:\/\/sales-ai-agents.com\/wp-content\/uploads\/2023\/01\/image-preview121751.png","type":"image\/png"}],"twitter_card":"summary_large_image","schema":{"@context":"https:\/\/schema.org","@graph":[{"@type":"WebPage","@id":"https:\/\/sales-ai-agents.com\/tr\/templates\/summer-bucket-list\/","url":"https:\/\/sales-ai-agents.com\/tr\/templates\/summer-bucket-list\/","name":"Yaz i\u00e7in yap\u0131lacaklar listesi\ufe0f \u015eablon - Sales AI Agents","isPartOf":{"@id":"https:\/\/sales-ai-agents.com\/#website"},"primaryImageOfPage":{"@id":"https:\/\/sales-ai-agents.com\/tr\/templates\/summer-bucket-list\/#primaryimage"},"image":{"@id":"https:\/\/sales-ai-agents.com\/tr\/templates\/summer-bucket-list\/#primaryimage"},"thumbnailUrl":"https:\/\/sales-ai-agents.com\/wp-content\/uploads\/2023\/01\/image-preview121751.png","datePublished":"2022-09-26T12:10:09+00:00","dateModified":"2024-01-02T13:48:29+00:00","description":"Yaz\u0131n\u0131z\u0131 yeni olumlu duygularla doldurun. Bu \u00fccretsiz \u00f6zelle\u015ftirilebilir \u015fablon, yeni aktiviteler denemenize ve g\u00fcne\u015fli g\u00fcnleri keyifle ge\u00e7irmenize yard\u0131mc\u0131 olacak.","inLanguage":"tr","potentialAction":[{"@type":"ReadAction","target":["https:\/\/sales-ai-agents.com\/tr\/templates\/summer-bucket-list\/"]}]},{"@type":"ImageObject","inLanguage":"tr","@id":"https:\/\/sales-ai-agents.com\/tr\/templates\/summer-bucket-list\/#primaryimage","url":"https:\/\/sales-ai-agents.com\/wp-content\/uploads\/2023\/01\/image-preview121751.png","contentUrl":"https:\/\/sales-ai-agents.com\/wp-content\/uploads\/2023\/01\/image-preview121751.png","width":1078,"height":1026},{"@type":"WebSite","@id":"https:\/\/sales-ai-agents.com\/#website","url":"https:\/\/sales-ai-agents.com\/","name":"FuseBase","description":"Sales AI Agents - Free Online Collaboration Software for Remote Teams. Build your wikis, client portals and more with the Nimbus Platform collaboration tool ? A perfect space for online work","publisher":{"@id":"https:\/\/sales-ai-agents.com\/#organization"},"potentialAction":[{"@type":"SearchAction","target":{"@type":"EntryPoint","urlTemplate":"https:\/\/sales-ai-agents.com\/?s={search_term_string}"},"query-input":{"@type":"PropertyValueSpecification","valueRequired":true,"valueName":"search_term_string"}}],"inLanguage":"tr"},{"@type":"Organization","@id":"https:\/\/sales-ai-agents.com\/#organization","name":"FuseBase","url":"https:\/\/sales-ai-agents.com\/","logo":{"@type":"ImageObject","inLanguage":"tr","@id":"https:\/\/sales-ai-agents.com\/#\/schema\/logo\/image\/","url":"https:\/\/sales-ai-agents.com\/wp-content\/uploads\/2023\/11\/icon-7.svg","contentUrl":"https:\/\/sales-ai-agents.com\/wp-content\/uploads\/2023\/11\/icon-7.svg","width":128,"height":128,"caption":"FuseBase"},"image":{"@id":"https:\/\/sales-ai-agents.com\/#\/schema\/logo\/image\/"}}]}},"_links":{"self":[{"href":"https:\/\/sales-ai-agents.com\/tr\/wp-json\/wp\/v2\/product\/57697","targetHints":{"allow":["GET"]}}],"collection":[{"href":"https:\/\/sales-ai-agents.com\/tr\/wp-json\/wp\/v2\/product"}],"about":[{"href":"https:\/\/sales-ai-agents.com\/tr\/wp-json\/wp\/v2\/types\/product"}],"wp:featuredmedia":[{"embeddable":true,"href":"https:\/\/sales-ai-agents.com\/tr\/wp-json\/wp\/v2\/media\/57698"}],"wp:attachment":[{"href":"https:\/\/sales-ai-agents.com\/tr\/wp-json\/wp\/v2\/media?parent=57697"}],"wp:term":[{"taxonomy":"product_brand","embeddable":true,"href":"https:\/\/sales-ai-agents.com\/tr\/wp-json\/wp\/v2\/product_brand?post=57697"},{"taxonomy":"product_cat","embeddable":true,"href":"https:\/\/sales-ai-agents.com\/tr\/wp-json\/wp\/v2\/product_cat?post=57697"},{"taxonomy":"product_tag","embeddable":true,"href":"https:\/\/sales-ai-agents.com\/tr\/wp-json\/wp\/v2\/product_tag?post=57697"}],"curies":[{"name":"wp","href":"https:\/\/api.w.org\/{rel}","templated":true}]}}