{"id":57700,"date":"2022-09-26T12:10:06","date_gmt":"2022-09-26T12:10:06","guid":{"rendered":"https:\/\/sales-ai-agents.com\/templates\/daily-schedule\/"},"modified":"2024-01-02T11:30:33","modified_gmt":"2024-01-02T11:30:33","slug":"daily-schedule","status":"publish","type":"product","link":"https:\/\/sales-ai-agents.com\/tr\/templates\/daily-schedule\/","title":{"rendered":"G\u00fcnl\u00fck Program"},"content":{"rendered":"<p>&nbsp;<\/p>\n<h2>G\u00fcnl\u00fck Program \u015eablonu<\/h2>\n<p class=\"desc-text\">Tek bir g\u00fcn birden fazla etkinlik, g\u00f6rev ve son teslim tarihi ile dolu olabilir. G\u00f6revler ve sorumluluklar kar\u015f\u0131s\u0131nda bunalmak kolayd\u0131r, ancak endi\u015felenmeyin \u00e7\u00fcnk\u00fc her \u015feyi takip etmenize yard\u0131mc\u0131 olmak i\u00e7in bu g\u00fcnl\u00fck program \u015fablonunu ekledik. T\u00fcm haftan\u0131z i\u00e7in yap\u0131lacak i\u015fleri, aktiviteleri ve etkinlikleri planlamak i\u00e7in bu \u015fablonu kullan\u0131n. \u00c7al\u0131\u015fmalar\u0131n\u0131z\u0131 saatine kadar d\u00fczenleyin. Kapsaml\u0131 bir program olu\u015fturarak hi\u00e7bir \u015feyi ka\u00e7\u0131rmazs\u0131n\u0131z.<\/p>\n<h5>Nas\u0131l kullan\u0131l\u0131r?<\/h5>\n<ul class=\"desc-item_list\">\n<li class=\"desc-item_list__point\">Etkinli\u011finizin tam g\u00fcn\u00fcn\u00fc ve saatini bulun<\/li>\n<li class=\"desc-item_list__point\">G\u00f6revi tabloya ekleyin<\/li>\n<li class=\"desc-item_list__point\">Etkinlikleri tam saate g\u00f6re d\u00fczenleyin<\/li>\n<li class=\"desc-item_list__point\">Haftan\u0131z\u0131 planlarken program\u0131n\u0131za dan\u0131\u015f\u0131n<\/li>\n<\/ul>\n","protected":false},"excerpt":{"rendered":"<p>Tek bir g\u00fcn birden fazla etkinlik, g\u00f6rev ve son teslim tarihi ile dolu olabilir. Her \u015feyi takip etmenize yard\u0131mc\u0131 olmas\u0131 i\u00e7in bu \u00fccretsiz \u00f6zelle\u015ftirilebilir g\u00fcnl\u00fck program \u015fablonunu kullan\u0131n.<\/p>\n","protected":false},"featured_media":57701,"template":"","meta":{"_acf_changed":false,"inline_featured_image":false},"product_brand":[],"product_cat":[257,256],"product_tag":[],"class_list":{"0":"post-57700","1":"product","2":"type-product","3":"status-publish","4":"has-post-thumbnail","6":"product_cat-personal","7":"product_cat-organizers-planners","9":"first","10":"instock","11":"virtual","12":"sold-individually","13":"product-type-simple"},"acf":[],"yoast_head":"<!-- This site is optimized with the Yoast SEO plugin v25.3.1 - https:\/\/yoast.com\/wordpress\/plugins\/seo\/ -->\n<title>G\u00fcnl\u00fck Program \u015eablonu - Sales AI Agents<\/title>\n<meta name=\"description\" content=\"Tek bir g\u00fcn birden fazla etkinlik, g\u00f6rev ve son teslim tarihi ile dolu olabilir. Her \u015feyi takip etmek i\u00e7in bu \u00fccretsiz \u00f6zelle\u015ftirilebilir g\u00fcnl\u00fck program \u015fablonunu kullan\u0131n.\" \/>\n<meta name=\"robots\" content=\"index, follow, max-snippet:-1, max-image-preview:large, max-video-preview:-1\" \/>\n<link rel=\"canonical\" href=\"https:\/\/sales-ai-agents.com\/tr\/templates\/daily-schedule\/\" \/>\n<meta property=\"og:locale\" content=\"tr_TR\" \/>\n<meta property=\"og:type\" content=\"article\" \/>\n<meta property=\"og:title\" content=\"G\u00fcnl\u00fck Program \u015eablonu - Sales AI Agents\" \/>\n<meta property=\"og:description\" content=\"Tek bir g\u00fcn birden fazla etkinlik, g\u00f6rev ve son teslim tarihi ile dolu olabilir. Her \u015feyi takip etmek i\u00e7in bu \u00fccretsiz \u00f6zelle\u015ftirilebilir g\u00fcnl\u00fck program \u015fablonunu kullan\u0131n.\" \/>\n<meta property=\"og:url\" content=\"https:\/\/sales-ai-agents.com\/tr\/templates\/daily-schedule\/\" \/>\n<meta property=\"og:site_name\" content=\"Sales AI Agents\" \/>\n<meta property=\"article:modified_time\" content=\"2024-01-02T11:30:33+00:00\" \/>\n<meta property=\"og:image\" content=\"https:\/\/sales-ai-agents.com\/wp-content\/uploads\/2022\/09\/Daily-Schedule-Template.png\" \/>\n\t<meta property=\"og:image:width\" content=\"1700\" \/>\n\t<meta property=\"og:image:height\" content=\"1100\" \/>\n\t<meta property=\"og:image:type\" content=\"image\/png\" \/>\n<meta name=\"twitter:card\" content=\"summary_large_image\" \/>\n<script type=\"application\/ld+json\" class=\"yoast-schema-graph\">{\"@context\":\"https:\/\/schema.org\",\"@graph\":[{\"@type\":\"WebPage\",\"@id\":\"https:\/\/sales-ai-agents.com\/tr\/templates\/daily-schedule\/\",\"url\":\"https:\/\/sales-ai-agents.com\/tr\/templates\/daily-schedule\/\",\"name\":\"G\u00fcnl\u00fck Program \u015eablonu - Sales AI Agents\",\"isPartOf\":{\"@id\":\"https:\/\/sales-ai-agents.com\/#website\"},\"primaryImageOfPage\":{\"@id\":\"https:\/\/sales-ai-agents.com\/tr\/templates\/daily-schedule\/#primaryimage\"},\"image\":{\"@id\":\"https:\/\/sales-ai-agents.com\/tr\/templates\/daily-schedule\/#primaryimage\"},\"thumbnailUrl\":\"https:\/\/sales-ai-agents.com\/wp-content\/uploads\/2022\/09\/Daily-Schedule-Template.png\",\"datePublished\":\"2022-09-26T12:10:06+00:00\",\"dateModified\":\"2024-01-02T11:30:33+00:00\",\"description\":\"Tek bir g\u00fcn birden fazla etkinlik, g\u00f6rev ve son teslim tarihi ile dolu olabilir. Her \u015feyi takip etmek i\u00e7in bu \u00fccretsiz \u00f6zelle\u015ftirilebilir g\u00fcnl\u00fck program \u015fablonunu kullan\u0131n.\",\"inLanguage\":\"tr\",\"potentialAction\":[{\"@type\":\"ReadAction\",\"target\":[\"https:\/\/sales-ai-agents.com\/tr\/templates\/daily-schedule\/\"]}]},{\"@type\":\"ImageObject\",\"inLanguage\":\"tr\",\"@id\":\"https:\/\/sales-ai-agents.com\/tr\/templates\/daily-schedule\/#primaryimage\",\"url\":\"https:\/\/sales-ai-agents.com\/wp-content\/uploads\/2022\/09\/Daily-Schedule-Template.png\",\"contentUrl\":\"https:\/\/sales-ai-agents.com\/wp-content\/uploads\/2022\/09\/Daily-Schedule-Template.png\",\"width\":1700,\"height\":1100},{\"@type\":\"WebSite\",\"@id\":\"https:\/\/sales-ai-agents.com\/#website\",\"url\":\"https:\/\/sales-ai-agents.com\/\",\"name\":\"FuseBase\",\"description\":\"Sales AI Agents - Free Online Collaboration Software for Remote Teams. Build your wikis, client portals and more with the Nimbus Platform collaboration tool ? A perfect space for online work\",\"publisher\":{\"@id\":\"https:\/\/sales-ai-agents.com\/#organization\"},\"potentialAction\":[{\"@type\":\"SearchAction\",\"target\":{\"@type\":\"EntryPoint\",\"urlTemplate\":\"https:\/\/sales-ai-agents.com\/?s={search_term_string}\"},\"query-input\":{\"@type\":\"PropertyValueSpecification\",\"valueRequired\":true,\"valueName\":\"search_term_string\"}}],\"inLanguage\":\"tr\"},{\"@type\":\"Organization\",\"@id\":\"https:\/\/sales-ai-agents.com\/#organization\",\"name\":\"FuseBase\",\"url\":\"https:\/\/sales-ai-agents.com\/\",\"logo\":{\"@type\":\"ImageObject\",\"inLanguage\":\"tr\",\"@id\":\"https:\/\/sales-ai-agents.com\/#\/schema\/logo\/image\/\",\"url\":\"https:\/\/sales-ai-agents.com\/wp-content\/uploads\/2023\/11\/icon-7.svg\",\"contentUrl\":\"https:\/\/sales-ai-agents.com\/wp-content\/uploads\/2023\/11\/icon-7.svg\",\"width\":128,\"height\":128,\"caption\":\"FuseBase\"},\"image\":{\"@id\":\"https:\/\/sales-ai-agents.com\/#\/schema\/logo\/image\/\"}}]}<\/script>\n<!-- \/ Yoast SEO plugin. -->","yoast_head_json":{"title":"G\u00fcnl\u00fck Program \u015eablonu - Sales AI Agents","description":"Tek bir g\u00fcn birden fazla etkinlik, g\u00f6rev ve son teslim tarihi ile dolu olabilir. Her \u015feyi takip etmek i\u00e7in bu \u00fccretsiz \u00f6zelle\u015ftirilebilir g\u00fcnl\u00fck program \u015fablonunu kullan\u0131n.","robots":{"index":"index","follow":"follow","max-snippet":"max-snippet:-1","max-image-preview":"max-image-preview:large","max-video-preview":"max-video-preview:-1"},"canonical":"https:\/\/sales-ai-agents.com\/tr\/templates\/daily-schedule\/","og_locale":"tr_TR","og_type":"article","og_title":"G\u00fcnl\u00fck Program \u015eablonu - Sales AI Agents","og_description":"Tek bir g\u00fcn birden fazla etkinlik, g\u00f6rev ve son teslim tarihi ile dolu olabilir. Her \u015feyi takip etmek i\u00e7in bu \u00fccretsiz \u00f6zelle\u015ftirilebilir g\u00fcnl\u00fck program \u015fablonunu kullan\u0131n.","og_url":"https:\/\/sales-ai-agents.com\/tr\/templates\/daily-schedule\/","og_site_name":"Sales AI Agents","article_modified_time":"2024-01-02T11:30:33+00:00","og_image":[{"width":1700,"height":1100,"url":"https:\/\/sales-ai-agents.com\/wp-content\/uploads\/2022\/09\/Daily-Schedule-Template.png","type":"image\/png"}],"twitter_card":"summary_large_image","schema":{"@context":"https:\/\/schema.org","@graph":[{"@type":"WebPage","@id":"https:\/\/sales-ai-agents.com\/tr\/templates\/daily-schedule\/","url":"https:\/\/sales-ai-agents.com\/tr\/templates\/daily-schedule\/","name":"G\u00fcnl\u00fck Program \u015eablonu - Sales AI Agents","isPartOf":{"@id":"https:\/\/sales-ai-agents.com\/#website"},"primaryImageOfPage":{"@id":"https:\/\/sales-ai-agents.com\/tr\/templates\/daily-schedule\/#primaryimage"},"image":{"@id":"https:\/\/sales-ai-agents.com\/tr\/templates\/daily-schedule\/#primaryimage"},"thumbnailUrl":"https:\/\/sales-ai-agents.com\/wp-content\/uploads\/2022\/09\/Daily-Schedule-Template.png","datePublished":"2022-09-26T12:10:06+00:00","dateModified":"2024-01-02T11:30:33+00:00","description":"Tek bir g\u00fcn birden fazla etkinlik, g\u00f6rev ve son teslim tarihi ile dolu olabilir. Her \u015feyi takip etmek i\u00e7in bu \u00fccretsiz \u00f6zelle\u015ftirilebilir g\u00fcnl\u00fck program \u015fablonunu kullan\u0131n.","inLanguage":"tr","potentialAction":[{"@type":"ReadAction","target":["https:\/\/sales-ai-agents.com\/tr\/templates\/daily-schedule\/"]}]},{"@type":"ImageObject","inLanguage":"tr","@id":"https:\/\/sales-ai-agents.com\/tr\/templates\/daily-schedule\/#primaryimage","url":"https:\/\/sales-ai-agents.com\/wp-content\/uploads\/2022\/09\/Daily-Schedule-Template.png","contentUrl":"https:\/\/sales-ai-agents.com\/wp-content\/uploads\/2022\/09\/Daily-Schedule-Template.png","width":1700,"height":1100},{"@type":"WebSite","@id":"https:\/\/sales-ai-agents.com\/#website","url":"https:\/\/sales-ai-agents.com\/","name":"FuseBase","description":"Sales AI Agents - Free Online Collaboration Software for Remote Teams. Build your wikis, client portals and more with the Nimbus Platform collaboration tool ? A perfect space for online work","publisher":{"@id":"https:\/\/sales-ai-agents.com\/#organization"},"potentialAction":[{"@type":"SearchAction","target":{"@type":"EntryPoint","urlTemplate":"https:\/\/sales-ai-agents.com\/?s={search_term_string}"},"query-input":{"@type":"PropertyValueSpecification","valueRequired":true,"valueName":"search_term_string"}}],"inLanguage":"tr"},{"@type":"Organization","@id":"https:\/\/sales-ai-agents.com\/#organization","name":"FuseBase","url":"https:\/\/sales-ai-agents.com\/","logo":{"@type":"ImageObject","inLanguage":"tr","@id":"https:\/\/sales-ai-agents.com\/#\/schema\/logo\/image\/","url":"https:\/\/sales-ai-agents.com\/wp-content\/uploads\/2023\/11\/icon-7.svg","contentUrl":"https:\/\/sales-ai-agents.com\/wp-content\/uploads\/2023\/11\/icon-7.svg","width":128,"height":128,"caption":"FuseBase"},"image":{"@id":"https:\/\/sales-ai-agents.com\/#\/schema\/logo\/image\/"}}]}},"_links":{"self":[{"href":"https:\/\/sales-ai-agents.com\/tr\/wp-json\/wp\/v2\/product\/57700","targetHints":{"allow":["GET"]}}],"collection":[{"href":"https:\/\/sales-ai-agents.com\/tr\/wp-json\/wp\/v2\/product"}],"about":[{"href":"https:\/\/sales-ai-agents.com\/tr\/wp-json\/wp\/v2\/types\/product"}],"wp:featuredmedia":[{"embeddable":true,"href":"https:\/\/sales-ai-agents.com\/tr\/wp-json\/wp\/v2\/media\/57701"}],"wp:attachment":[{"href":"https:\/\/sales-ai-agents.com\/tr\/wp-json\/wp\/v2\/media?parent=57700"}],"wp:term":[{"taxonomy":"product_brand","embeddable":true,"href":"https:\/\/sales-ai-agents.com\/tr\/wp-json\/wp\/v2\/product_brand?post=57700"},{"taxonomy":"product_cat","embeddable":true,"href":"https:\/\/sales-ai-agents.com\/tr\/wp-json\/wp\/v2\/product_cat?post=57700"},{"taxonomy":"product_tag","embeddable":true,"href":"https:\/\/sales-ai-agents.com\/tr\/wp-json\/wp\/v2\/product_tag?post=57700"}],"curies":[{"name":"wp","href":"https:\/\/api.w.org\/{rel}","templated":true}]}}