{"id":57704,"date":"2022-09-26T12:10:02","date_gmt":"2022-09-26T12:10:02","guid":{"rendered":"https:\/\/sales-ai-agents.com\/templates\/character-profile\/"},"modified":"2023-12-31T17:20:20","modified_gmt":"2023-12-31T17:20:20","slug":"character-profile","status":"publish","type":"product","link":"https:\/\/sales-ai-agents.com\/tr\/templates\/character-profile\/","title":{"rendered":"Karakter Profili"},"content":{"rendered":"<p>&nbsp;<\/p>\n<h2>Karakter Profili \u015eablonu<\/h2>\n<p class=\"desc-text\">Karakterinizin ge\u00e7mi\u015fini ve \u00f6zelliklerini haritaland\u0131rarak, canl\u0131 bir profil olu\u015fturabilir ve onlara hayat verebilirsiniz. Hikayeler, benzersiz ge\u00e7mi\u015fleri, motivasyonlar\u0131 ve ki\u015filikleri olan karma\u015f\u0131k karakterleri i\u00e7erir. Yaz\u0131m\u0131n\u0131za rehberlik etmesi i\u00e7in bu \u015fablonu olu\u015fturduk. Ana karakterlerinizin her biri i\u00e7in bir profil olu\u015fturun. Onlar\u0131 daha iyi anlay\u0131n, b\u00f6ylece net bir hikaye olu\u015fturabilirsiniz.<\/p>\n<h5>Nas\u0131l kullan\u0131l\u0131r?<\/h5>\n<ul class=\"desc-item_list\">\n<li class=\"desc-item_list__point\">Karakterinizin bir resmini ekleyin<\/li>\n<li class=\"desc-item_list__point\">Ge\u00e7mi\u015fleri hakk\u0131nda ayr\u0131nt\u0131lar ekleyin<\/li>\n<li class=\"desc-item_list__point\">Ki\u015filiklerinin bir tan\u0131m\u0131n\u0131 ekleyin<\/li>\n<li class=\"desc-item_list__point\">Fiziksel \u00f6zellikleri hakk\u0131nda yaz\u0131n<\/li>\n<li class=\"desc-item_list__point\">Al\u0131\u015fkanl\u0131klar\u0131n\u0131 ve tav\u0131rlar\u0131n\u0131 listelemeyi unutmay\u0131n<\/li>\n<\/ul>\n","protected":false},"excerpt":{"rendered":"<p>Karakterinizin ge\u00e7mi\u015fini ve \u00f6zelliklerini haritaland\u0131rarak, canl\u0131 bir profil olu\u015fturabilir ve onlara hayat verebilirsiniz. Bunun i\u00e7in \u00fccretsiz \u00f6zelle\u015ftirilebilir \u015fablonu kullan\u0131n.<\/p>\n","protected":false},"featured_media":57705,"template":"","meta":{"_acf_changed":false,"inline_featured_image":false},"product_brand":[],"product_cat":[218],"product_tag":[],"class_list":{"0":"post-57704","1":"product","2":"type-product","3":"status-publish","4":"has-post-thumbnail","6":"product_cat-operations","8":"first","9":"instock","10":"virtual","11":"sold-individually","12":"product-type-simple"},"acf":[],"yoast_head":"<!-- This site is optimized with the Yoast SEO plugin v25.3.1 - https:\/\/yoast.com\/wordpress\/plugins\/seo\/ -->\n<title>Karakter Profili \u015eablonu - Sales AI Agents<\/title>\n<meta name=\"description\" content=\"Karakterinizin ge\u00e7mi\u015fini ve \u00f6zelliklerini haritaland\u0131rarak, canl\u0131 bir profil olu\u015fturabilir ve onlara hayat verebilirsiniz. Bunun i\u00e7in \u00fccretsiz \u00f6zelle\u015ftirilebilir \u015fablonu kullan\u0131n.\" \/>\n<meta name=\"robots\" content=\"index, follow, max-snippet:-1, max-image-preview:large, max-video-preview:-1\" \/>\n<link rel=\"canonical\" href=\"https:\/\/sales-ai-agents.com\/tr\/templates\/character-profile\/\" \/>\n<meta property=\"og:locale\" content=\"tr_TR\" \/>\n<meta property=\"og:type\" content=\"article\" \/>\n<meta property=\"og:title\" content=\"Karakter Profili \u015eablonu - Sales AI Agents\" \/>\n<meta property=\"og:description\" content=\"Karakterinizin ge\u00e7mi\u015fini ve \u00f6zelliklerini haritaland\u0131rarak, canl\u0131 bir profil olu\u015fturabilir ve onlara hayat verebilirsiniz. Bunun i\u00e7in \u00fccretsiz \u00f6zelle\u015ftirilebilir \u015fablonu kullan\u0131n.\" \/>\n<meta property=\"og:url\" content=\"https:\/\/sales-ai-agents.com\/tr\/templates\/character-profile\/\" \/>\n<meta property=\"og:site_name\" content=\"Sales AI Agents\" \/>\n<meta property=\"article:modified_time\" content=\"2023-12-31T17:20:20+00:00\" \/>\n<meta property=\"og:image\" content=\"https:\/\/sales-ai-agents.com\/wp-content\/uploads\/2023\/01\/image-preview121747.png\" \/>\n\t<meta property=\"og:image:width\" content=\"1078\" \/>\n\t<meta property=\"og:image:height\" content=\"935\" \/>\n\t<meta property=\"og:image:type\" content=\"image\/png\" \/>\n<meta name=\"twitter:card\" content=\"summary_large_image\" \/>\n<script type=\"application\/ld+json\" class=\"yoast-schema-graph\">{\"@context\":\"https:\/\/schema.org\",\"@graph\":[{\"@type\":\"WebPage\",\"@id\":\"https:\/\/sales-ai-agents.com\/tr\/templates\/character-profile\/\",\"url\":\"https:\/\/sales-ai-agents.com\/tr\/templates\/character-profile\/\",\"name\":\"Karakter Profili \u015eablonu - Sales AI Agents\",\"isPartOf\":{\"@id\":\"https:\/\/sales-ai-agents.com\/#website\"},\"primaryImageOfPage\":{\"@id\":\"https:\/\/sales-ai-agents.com\/tr\/templates\/character-profile\/#primaryimage\"},\"image\":{\"@id\":\"https:\/\/sales-ai-agents.com\/tr\/templates\/character-profile\/#primaryimage\"},\"thumbnailUrl\":\"https:\/\/sales-ai-agents.com\/wp-content\/uploads\/2023\/01\/image-preview121747.png\",\"datePublished\":\"2022-09-26T12:10:02+00:00\",\"dateModified\":\"2023-12-31T17:20:20+00:00\",\"description\":\"Karakterinizin ge\u00e7mi\u015fini ve \u00f6zelliklerini haritaland\u0131rarak, canl\u0131 bir profil olu\u015fturabilir ve onlara hayat verebilirsiniz. Bunun i\u00e7in \u00fccretsiz \u00f6zelle\u015ftirilebilir \u015fablonu kullan\u0131n.\",\"inLanguage\":\"tr\",\"potentialAction\":[{\"@type\":\"ReadAction\",\"target\":[\"https:\/\/sales-ai-agents.com\/tr\/templates\/character-profile\/\"]}]},{\"@type\":\"ImageObject\",\"inLanguage\":\"tr\",\"@id\":\"https:\/\/sales-ai-agents.com\/tr\/templates\/character-profile\/#primaryimage\",\"url\":\"https:\/\/sales-ai-agents.com\/wp-content\/uploads\/2023\/01\/image-preview121747.png\",\"contentUrl\":\"https:\/\/sales-ai-agents.com\/wp-content\/uploads\/2023\/01\/image-preview121747.png\",\"width\":1078,\"height\":935},{\"@type\":\"WebSite\",\"@id\":\"https:\/\/sales-ai-agents.com\/#website\",\"url\":\"https:\/\/sales-ai-agents.com\/\",\"name\":\"FuseBase\",\"description\":\"Sales AI Agents - Free Online Collaboration Software for Remote Teams. Build your wikis, client portals and more with the Nimbus Platform collaboration tool ? A perfect space for online work\",\"publisher\":{\"@id\":\"https:\/\/sales-ai-agents.com\/#organization\"},\"potentialAction\":[{\"@type\":\"SearchAction\",\"target\":{\"@type\":\"EntryPoint\",\"urlTemplate\":\"https:\/\/sales-ai-agents.com\/?s={search_term_string}\"},\"query-input\":{\"@type\":\"PropertyValueSpecification\",\"valueRequired\":true,\"valueName\":\"search_term_string\"}}],\"inLanguage\":\"tr\"},{\"@type\":\"Organization\",\"@id\":\"https:\/\/sales-ai-agents.com\/#organization\",\"name\":\"FuseBase\",\"url\":\"https:\/\/sales-ai-agents.com\/\",\"logo\":{\"@type\":\"ImageObject\",\"inLanguage\":\"tr\",\"@id\":\"https:\/\/sales-ai-agents.com\/#\/schema\/logo\/image\/\",\"url\":\"https:\/\/sales-ai-agents.com\/wp-content\/uploads\/2023\/11\/icon-7.svg\",\"contentUrl\":\"https:\/\/sales-ai-agents.com\/wp-content\/uploads\/2023\/11\/icon-7.svg\",\"width\":128,\"height\":128,\"caption\":\"FuseBase\"},\"image\":{\"@id\":\"https:\/\/sales-ai-agents.com\/#\/schema\/logo\/image\/\"}}]}<\/script>\n<!-- \/ Yoast SEO plugin. -->","yoast_head_json":{"title":"Karakter Profili \u015eablonu - Sales AI Agents","description":"Karakterinizin ge\u00e7mi\u015fini ve \u00f6zelliklerini haritaland\u0131rarak, canl\u0131 bir profil olu\u015fturabilir ve onlara hayat verebilirsiniz. Bunun i\u00e7in \u00fccretsiz \u00f6zelle\u015ftirilebilir \u015fablonu kullan\u0131n.","robots":{"index":"index","follow":"follow","max-snippet":"max-snippet:-1","max-image-preview":"max-image-preview:large","max-video-preview":"max-video-preview:-1"},"canonical":"https:\/\/sales-ai-agents.com\/tr\/templates\/character-profile\/","og_locale":"tr_TR","og_type":"article","og_title":"Karakter Profili \u015eablonu - Sales AI Agents","og_description":"Karakterinizin ge\u00e7mi\u015fini ve \u00f6zelliklerini haritaland\u0131rarak, canl\u0131 bir profil olu\u015fturabilir ve onlara hayat verebilirsiniz. Bunun i\u00e7in \u00fccretsiz \u00f6zelle\u015ftirilebilir \u015fablonu kullan\u0131n.","og_url":"https:\/\/sales-ai-agents.com\/tr\/templates\/character-profile\/","og_site_name":"Sales AI Agents","article_modified_time":"2023-12-31T17:20:20+00:00","og_image":[{"width":1078,"height":935,"url":"https:\/\/sales-ai-agents.com\/wp-content\/uploads\/2023\/01\/image-preview121747.png","type":"image\/png"}],"twitter_card":"summary_large_image","schema":{"@context":"https:\/\/schema.org","@graph":[{"@type":"WebPage","@id":"https:\/\/sales-ai-agents.com\/tr\/templates\/character-profile\/","url":"https:\/\/sales-ai-agents.com\/tr\/templates\/character-profile\/","name":"Karakter Profili \u015eablonu - Sales AI Agents","isPartOf":{"@id":"https:\/\/sales-ai-agents.com\/#website"},"primaryImageOfPage":{"@id":"https:\/\/sales-ai-agents.com\/tr\/templates\/character-profile\/#primaryimage"},"image":{"@id":"https:\/\/sales-ai-agents.com\/tr\/templates\/character-profile\/#primaryimage"},"thumbnailUrl":"https:\/\/sales-ai-agents.com\/wp-content\/uploads\/2023\/01\/image-preview121747.png","datePublished":"2022-09-26T12:10:02+00:00","dateModified":"2023-12-31T17:20:20+00:00","description":"Karakterinizin ge\u00e7mi\u015fini ve \u00f6zelliklerini haritaland\u0131rarak, canl\u0131 bir profil olu\u015fturabilir ve onlara hayat verebilirsiniz. Bunun i\u00e7in \u00fccretsiz \u00f6zelle\u015ftirilebilir \u015fablonu kullan\u0131n.","inLanguage":"tr","potentialAction":[{"@type":"ReadAction","target":["https:\/\/sales-ai-agents.com\/tr\/templates\/character-profile\/"]}]},{"@type":"ImageObject","inLanguage":"tr","@id":"https:\/\/sales-ai-agents.com\/tr\/templates\/character-profile\/#primaryimage","url":"https:\/\/sales-ai-agents.com\/wp-content\/uploads\/2023\/01\/image-preview121747.png","contentUrl":"https:\/\/sales-ai-agents.com\/wp-content\/uploads\/2023\/01\/image-preview121747.png","width":1078,"height":935},{"@type":"WebSite","@id":"https:\/\/sales-ai-agents.com\/#website","url":"https:\/\/sales-ai-agents.com\/","name":"FuseBase","description":"Sales AI Agents - Free Online Collaboration Software for Remote Teams. Build your wikis, client portals and more with the Nimbus Platform collaboration tool ? A perfect space for online work","publisher":{"@id":"https:\/\/sales-ai-agents.com\/#organization"},"potentialAction":[{"@type":"SearchAction","target":{"@type":"EntryPoint","urlTemplate":"https:\/\/sales-ai-agents.com\/?s={search_term_string}"},"query-input":{"@type":"PropertyValueSpecification","valueRequired":true,"valueName":"search_term_string"}}],"inLanguage":"tr"},{"@type":"Organization","@id":"https:\/\/sales-ai-agents.com\/#organization","name":"FuseBase","url":"https:\/\/sales-ai-agents.com\/","logo":{"@type":"ImageObject","inLanguage":"tr","@id":"https:\/\/sales-ai-agents.com\/#\/schema\/logo\/image\/","url":"https:\/\/sales-ai-agents.com\/wp-content\/uploads\/2023\/11\/icon-7.svg","contentUrl":"https:\/\/sales-ai-agents.com\/wp-content\/uploads\/2023\/11\/icon-7.svg","width":128,"height":128,"caption":"FuseBase"},"image":{"@id":"https:\/\/sales-ai-agents.com\/#\/schema\/logo\/image\/"}}]}},"_links":{"self":[{"href":"https:\/\/sales-ai-agents.com\/tr\/wp-json\/wp\/v2\/product\/57704","targetHints":{"allow":["GET"]}}],"collection":[{"href":"https:\/\/sales-ai-agents.com\/tr\/wp-json\/wp\/v2\/product"}],"about":[{"href":"https:\/\/sales-ai-agents.com\/tr\/wp-json\/wp\/v2\/types\/product"}],"wp:featuredmedia":[{"embeddable":true,"href":"https:\/\/sales-ai-agents.com\/tr\/wp-json\/wp\/v2\/media\/57705"}],"wp:attachment":[{"href":"https:\/\/sales-ai-agents.com\/tr\/wp-json\/wp\/v2\/media?parent=57704"}],"wp:term":[{"taxonomy":"product_brand","embeddable":true,"href":"https:\/\/sales-ai-agents.com\/tr\/wp-json\/wp\/v2\/product_brand?post=57704"},{"taxonomy":"product_cat","embeddable":true,"href":"https:\/\/sales-ai-agents.com\/tr\/wp-json\/wp\/v2\/product_cat?post=57704"},{"taxonomy":"product_tag","embeddable":true,"href":"https:\/\/sales-ai-agents.com\/tr\/wp-json\/wp\/v2\/product_tag?post=57704"}],"curies":[{"name":"wp","href":"https:\/\/api.w.org\/{rel}","templated":true}]}}