{"id":57707,"date":"2022-09-26T12:09:58","date_gmt":"2022-09-26T12:09:58","guid":{"rendered":"https:\/\/sales-ai-agents.com\/templates\/brainstorm-session\/"},"modified":"2023-12-31T16:42:04","modified_gmt":"2023-12-31T16:42:04","slug":"brainstorm-session","status":"publish","type":"product","link":"https:\/\/sales-ai-agents.com\/tr\/templates\/brainstorm-session\/","title":{"rendered":"Beyin F\u0131rt\u0131nas\u0131 Oturumu"},"content":{"rendered":"<p>&nbsp;<\/p>\n<h2>Beyin F\u0131rt\u0131nas\u0131 Oturum \u015eablonu<\/h2>\n<p class=\"desc-text\">Bir etkinlik i\u00e7in planlama yaparken, beyin f\u0131rt\u0131nas\u0131 yapmak yararl\u0131 olabilir. Bu Beyin F\u0131rt\u0131nas\u0131 \u015fablonu ile etkinli\u011finiz i\u00e7in fikirlerinizi listeleyebilirsiniz. Yiyecek ve i\u00e7ecekler, e\u011flence ve temalar i\u00e7in ilham kayna\u011f\u0131n\u0131z\u0131 ekleyin. \u0130lham\u0131n\u0131z\u0131 nereden ald\u0131\u011f\u0131n\u0131z\u0131 g\u00f6stermek i\u00e7in bir ba\u011flant\u0131 yap\u0131\u015ft\u0131r\u0131n. Farkl\u0131 \u00f6nerileri listeleyerek, etkinli\u011finiz i\u00e7in neleri dahil edece\u011finize karar verebilirsiniz.<\/p>\n<h5>Nas\u0131l kullan\u0131l\u0131r?<\/h5>\n<ul class=\"desc-item_list\">\n<li class=\"desc-item_list__point\">Etkinli\u011finiz hakk\u0131nda ayr\u0131nt\u0131lar ekleyin<\/li>\n<li class=\"desc-item_list__point\">Haz\u0131rlanmak i\u00e7in farkl\u0131 kategoriler d\u00fc\u015f\u00fcn\u00fcn<\/li>\n<li class=\"desc-item_list__point\">Her kategori i\u00e7in beyin f\u0131rt\u0131nas\u0131 fikirleri<\/li>\n<li class=\"desc-item_list__point\">\u0130lham almak i\u00e7in kaynaklar ekleyin<\/li>\n<li class=\"desc-item_list__point\">Beyin f\u0131rt\u0131nas\u0131n\u0131 bitirdi\u011finizde nihai planlara karar verin<\/li>\n<\/ul>\n","protected":false},"excerpt":{"rendered":"<p>Bu Beyin F\u0131rt\u0131nas\u0131 \u015fablonu ile etkinli\u011finiz i\u00e7in farkl\u0131 fikirleri listeleyebilirsiniz. Yiyecek ve i\u00e7ecekler, e\u011flence ve temalar i\u00e7in ilham kayna\u011f\u0131n\u0131z\u0131 ekleyin.<\/p>\n","protected":false},"featured_media":57708,"template":"","meta":{"_acf_changed":false,"inline_featured_image":false},"product_brand":[],"product_cat":[260],"product_tag":[],"class_list":{"0":"post-57707","1":"product","2":"type-product","3":"status-publish","4":"has-post-thumbnail","6":"product_cat-events","8":"first","9":"instock","10":"virtual","11":"sold-individually","12":"product-type-simple"},"acf":[],"yoast_head":"<!-- This site is optimized with the Yoast SEO plugin v25.3.1 - https:\/\/yoast.com\/wordpress\/plugins\/seo\/ -->\n<title>Beyin F\u0131rt\u0131nas\u0131 Oturum \u015eablonu - Sales AI Agents<\/title>\n<meta name=\"description\" content=\"Bu beyin f\u0131rt\u0131nas\u0131 \u015fablonu ile etkinli\u011finiz i\u00e7in farkl\u0131 fikirleri listeleyebilirsiniz. Yiyecek ve i\u00e7ecekler, e\u011flence ve temalar i\u00e7in ilham kayna\u011f\u0131n\u0131z\u0131 ekleyin.\" \/>\n<meta name=\"robots\" content=\"index, follow, max-snippet:-1, max-image-preview:large, max-video-preview:-1\" \/>\n<link rel=\"canonical\" href=\"https:\/\/sales-ai-agents.com\/tr\/templates\/brainstorm-session\/\" \/>\n<meta property=\"og:locale\" content=\"tr_TR\" \/>\n<meta property=\"og:type\" content=\"article\" \/>\n<meta property=\"og:title\" content=\"Beyin F\u0131rt\u0131nas\u0131 Oturum \u015eablonu - Sales AI Agents\" \/>\n<meta property=\"og:description\" content=\"Bu beyin f\u0131rt\u0131nas\u0131 \u015fablonu ile etkinli\u011finiz i\u00e7in farkl\u0131 fikirleri listeleyebilirsiniz. Yiyecek ve i\u00e7ecekler, e\u011flence ve temalar i\u00e7in ilham kayna\u011f\u0131n\u0131z\u0131 ekleyin.\" \/>\n<meta property=\"og:url\" content=\"https:\/\/sales-ai-agents.com\/tr\/templates\/brainstorm-session\/\" \/>\n<meta property=\"og:site_name\" content=\"Sales AI Agents\" \/>\n<meta property=\"article:modified_time\" content=\"2023-12-31T16:42:04+00:00\" \/>\n<meta property=\"og:image\" content=\"https:\/\/sales-ai-agents.com\/wp-content\/uploads\/2023\/01\/image-preview122202.png\" \/>\n\t<meta property=\"og:image:width\" content=\"1078\" \/>\n\t<meta property=\"og:image:height\" content=\"1515\" \/>\n\t<meta property=\"og:image:type\" content=\"image\/png\" \/>\n<meta name=\"twitter:card\" content=\"summary_large_image\" \/>\n<script type=\"application\/ld+json\" class=\"yoast-schema-graph\">{\"@context\":\"https:\/\/schema.org\",\"@graph\":[{\"@type\":\"WebPage\",\"@id\":\"https:\/\/sales-ai-agents.com\/tr\/templates\/brainstorm-session\/\",\"url\":\"https:\/\/sales-ai-agents.com\/tr\/templates\/brainstorm-session\/\",\"name\":\"Beyin F\u0131rt\u0131nas\u0131 Oturum \u015eablonu - Sales AI Agents\",\"isPartOf\":{\"@id\":\"https:\/\/sales-ai-agents.com\/#website\"},\"primaryImageOfPage\":{\"@id\":\"https:\/\/sales-ai-agents.com\/tr\/templates\/brainstorm-session\/#primaryimage\"},\"image\":{\"@id\":\"https:\/\/sales-ai-agents.com\/tr\/templates\/brainstorm-session\/#primaryimage\"},\"thumbnailUrl\":\"https:\/\/sales-ai-agents.com\/wp-content\/uploads\/2023\/01\/image-preview122202.png\",\"datePublished\":\"2022-09-26T12:09:58+00:00\",\"dateModified\":\"2023-12-31T16:42:04+00:00\",\"description\":\"Bu beyin f\u0131rt\u0131nas\u0131 \u015fablonu ile etkinli\u011finiz i\u00e7in farkl\u0131 fikirleri listeleyebilirsiniz. Yiyecek ve i\u00e7ecekler, e\u011flence ve temalar i\u00e7in ilham kayna\u011f\u0131n\u0131z\u0131 ekleyin.\",\"inLanguage\":\"tr\",\"potentialAction\":[{\"@type\":\"ReadAction\",\"target\":[\"https:\/\/sales-ai-agents.com\/tr\/templates\/brainstorm-session\/\"]}]},{\"@type\":\"ImageObject\",\"inLanguage\":\"tr\",\"@id\":\"https:\/\/sales-ai-agents.com\/tr\/templates\/brainstorm-session\/#primaryimage\",\"url\":\"https:\/\/sales-ai-agents.com\/wp-content\/uploads\/2023\/01\/image-preview122202.png\",\"contentUrl\":\"https:\/\/sales-ai-agents.com\/wp-content\/uploads\/2023\/01\/image-preview122202.png\",\"width\":1078,\"height\":1515},{\"@type\":\"WebSite\",\"@id\":\"https:\/\/sales-ai-agents.com\/#website\",\"url\":\"https:\/\/sales-ai-agents.com\/\",\"name\":\"FuseBase\",\"description\":\"Sales AI Agents - Free Online Collaboration Software for Remote Teams. Build your wikis, client portals and more with the Nimbus Platform collaboration tool ? A perfect space for online work\",\"publisher\":{\"@id\":\"https:\/\/sales-ai-agents.com\/#organization\"},\"potentialAction\":[{\"@type\":\"SearchAction\",\"target\":{\"@type\":\"EntryPoint\",\"urlTemplate\":\"https:\/\/sales-ai-agents.com\/?s={search_term_string}\"},\"query-input\":{\"@type\":\"PropertyValueSpecification\",\"valueRequired\":true,\"valueName\":\"search_term_string\"}}],\"inLanguage\":\"tr\"},{\"@type\":\"Organization\",\"@id\":\"https:\/\/sales-ai-agents.com\/#organization\",\"name\":\"FuseBase\",\"url\":\"https:\/\/sales-ai-agents.com\/\",\"logo\":{\"@type\":\"ImageObject\",\"inLanguage\":\"tr\",\"@id\":\"https:\/\/sales-ai-agents.com\/#\/schema\/logo\/image\/\",\"url\":\"https:\/\/sales-ai-agents.com\/wp-content\/uploads\/2023\/11\/icon-7.svg\",\"contentUrl\":\"https:\/\/sales-ai-agents.com\/wp-content\/uploads\/2023\/11\/icon-7.svg\",\"width\":128,\"height\":128,\"caption\":\"FuseBase\"},\"image\":{\"@id\":\"https:\/\/sales-ai-agents.com\/#\/schema\/logo\/image\/\"}}]}<\/script>\n<!-- \/ Yoast SEO plugin. -->","yoast_head_json":{"title":"Beyin F\u0131rt\u0131nas\u0131 Oturum \u015eablonu - Sales AI Agents","description":"Bu beyin f\u0131rt\u0131nas\u0131 \u015fablonu ile etkinli\u011finiz i\u00e7in farkl\u0131 fikirleri listeleyebilirsiniz. Yiyecek ve i\u00e7ecekler, e\u011flence ve temalar i\u00e7in ilham kayna\u011f\u0131n\u0131z\u0131 ekleyin.","robots":{"index":"index","follow":"follow","max-snippet":"max-snippet:-1","max-image-preview":"max-image-preview:large","max-video-preview":"max-video-preview:-1"},"canonical":"https:\/\/sales-ai-agents.com\/tr\/templates\/brainstorm-session\/","og_locale":"tr_TR","og_type":"article","og_title":"Beyin F\u0131rt\u0131nas\u0131 Oturum \u015eablonu - Sales AI Agents","og_description":"Bu beyin f\u0131rt\u0131nas\u0131 \u015fablonu ile etkinli\u011finiz i\u00e7in farkl\u0131 fikirleri listeleyebilirsiniz. Yiyecek ve i\u00e7ecekler, e\u011flence ve temalar i\u00e7in ilham kayna\u011f\u0131n\u0131z\u0131 ekleyin.","og_url":"https:\/\/sales-ai-agents.com\/tr\/templates\/brainstorm-session\/","og_site_name":"Sales AI Agents","article_modified_time":"2023-12-31T16:42:04+00:00","og_image":[{"width":1078,"height":1515,"url":"https:\/\/sales-ai-agents.com\/wp-content\/uploads\/2023\/01\/image-preview122202.png","type":"image\/png"}],"twitter_card":"summary_large_image","schema":{"@context":"https:\/\/schema.org","@graph":[{"@type":"WebPage","@id":"https:\/\/sales-ai-agents.com\/tr\/templates\/brainstorm-session\/","url":"https:\/\/sales-ai-agents.com\/tr\/templates\/brainstorm-session\/","name":"Beyin F\u0131rt\u0131nas\u0131 Oturum \u015eablonu - Sales AI Agents","isPartOf":{"@id":"https:\/\/sales-ai-agents.com\/#website"},"primaryImageOfPage":{"@id":"https:\/\/sales-ai-agents.com\/tr\/templates\/brainstorm-session\/#primaryimage"},"image":{"@id":"https:\/\/sales-ai-agents.com\/tr\/templates\/brainstorm-session\/#primaryimage"},"thumbnailUrl":"https:\/\/sales-ai-agents.com\/wp-content\/uploads\/2023\/01\/image-preview122202.png","datePublished":"2022-09-26T12:09:58+00:00","dateModified":"2023-12-31T16:42:04+00:00","description":"Bu beyin f\u0131rt\u0131nas\u0131 \u015fablonu ile etkinli\u011finiz i\u00e7in farkl\u0131 fikirleri listeleyebilirsiniz. Yiyecek ve i\u00e7ecekler, e\u011flence ve temalar i\u00e7in ilham kayna\u011f\u0131n\u0131z\u0131 ekleyin.","inLanguage":"tr","potentialAction":[{"@type":"ReadAction","target":["https:\/\/sales-ai-agents.com\/tr\/templates\/brainstorm-session\/"]}]},{"@type":"ImageObject","inLanguage":"tr","@id":"https:\/\/sales-ai-agents.com\/tr\/templates\/brainstorm-session\/#primaryimage","url":"https:\/\/sales-ai-agents.com\/wp-content\/uploads\/2023\/01\/image-preview122202.png","contentUrl":"https:\/\/sales-ai-agents.com\/wp-content\/uploads\/2023\/01\/image-preview122202.png","width":1078,"height":1515},{"@type":"WebSite","@id":"https:\/\/sales-ai-agents.com\/#website","url":"https:\/\/sales-ai-agents.com\/","name":"FuseBase","description":"Sales AI Agents - Free Online Collaboration Software for Remote Teams. Build your wikis, client portals and more with the Nimbus Platform collaboration tool ? A perfect space for online work","publisher":{"@id":"https:\/\/sales-ai-agents.com\/#organization"},"potentialAction":[{"@type":"SearchAction","target":{"@type":"EntryPoint","urlTemplate":"https:\/\/sales-ai-agents.com\/?s={search_term_string}"},"query-input":{"@type":"PropertyValueSpecification","valueRequired":true,"valueName":"search_term_string"}}],"inLanguage":"tr"},{"@type":"Organization","@id":"https:\/\/sales-ai-agents.com\/#organization","name":"FuseBase","url":"https:\/\/sales-ai-agents.com\/","logo":{"@type":"ImageObject","inLanguage":"tr","@id":"https:\/\/sales-ai-agents.com\/#\/schema\/logo\/image\/","url":"https:\/\/sales-ai-agents.com\/wp-content\/uploads\/2023\/11\/icon-7.svg","contentUrl":"https:\/\/sales-ai-agents.com\/wp-content\/uploads\/2023\/11\/icon-7.svg","width":128,"height":128,"caption":"FuseBase"},"image":{"@id":"https:\/\/sales-ai-agents.com\/#\/schema\/logo\/image\/"}}]}},"_links":{"self":[{"href":"https:\/\/sales-ai-agents.com\/tr\/wp-json\/wp\/v2\/product\/57707","targetHints":{"allow":["GET"]}}],"collection":[{"href":"https:\/\/sales-ai-agents.com\/tr\/wp-json\/wp\/v2\/product"}],"about":[{"href":"https:\/\/sales-ai-agents.com\/tr\/wp-json\/wp\/v2\/types\/product"}],"wp:featuredmedia":[{"embeddable":true,"href":"https:\/\/sales-ai-agents.com\/tr\/wp-json\/wp\/v2\/media\/57708"}],"wp:attachment":[{"href":"https:\/\/sales-ai-agents.com\/tr\/wp-json\/wp\/v2\/media?parent=57707"}],"wp:term":[{"taxonomy":"product_brand","embeddable":true,"href":"https:\/\/sales-ai-agents.com\/tr\/wp-json\/wp\/v2\/product_brand?post=57707"},{"taxonomy":"product_cat","embeddable":true,"href":"https:\/\/sales-ai-agents.com\/tr\/wp-json\/wp\/v2\/product_cat?post=57707"},{"taxonomy":"product_tag","embeddable":true,"href":"https:\/\/sales-ai-agents.com\/tr\/wp-json\/wp\/v2\/product_tag?post=57707"}],"curies":[{"name":"wp","href":"https:\/\/api.w.org\/{rel}","templated":true}]}}