{"id":57711,"date":"2022-09-26T12:09:55","date_gmt":"2022-09-26T12:09:55","guid":{"rendered":"https:\/\/sales-ai-agents.com\/templates\/progress-update\/"},"modified":"2024-01-02T13:19:59","modified_gmt":"2024-01-02T13:19:59","slug":"progress-update","status":"publish","type":"product","link":"https:\/\/sales-ai-agents.com\/tr\/templates\/progress-update\/","title":{"rendered":"\u0130lerleme G\u00fcncellemesi"},"content":{"rendered":"<p>&nbsp;<\/p>\n<h2>\u0130lerleme G\u00fcncelleme \u015eablonu<\/h2>\n<p class=\"desc-text\">Ekibinizin ayn\u0131 fikirde oldu\u011fundan emin olun. Toplant\u0131lar d\u00fczenleyerek ilerlemeyi takip edin. \u00d6nceki toplant\u0131lardan gelen bilgileri g\u00f6zden ge\u00e7irin ve tart\u0131\u015fmak i\u00e7in ilgili konular\u0131 haz\u0131rlay\u0131n. Herkesi neler olup bitti\u011finden haberdar edin ve sorunlar\u0131 \u00e7\u00f6zerek ekibinizin ilerleyi\u015finin istikrarl\u0131 kalmas\u0131n\u0131 sa\u011flay\u0131n.<\/p>\n<h5>Nas\u0131l kullan\u0131l\u0131r?<\/h5>\n<ul class=\"desc-item_list\">\n<li class=\"desc-item_list__point\">Daha \u00f6nce i\u015flenen konular\u0131 g\u00f6zden ge\u00e7irme<\/li>\n<li class=\"desc-item_list__point\">Tart\u0131\u015f\u0131lacak yeni konular\u0131 payla\u015f\u0131n<\/li>\n<li class=\"desc-item_list__point\">Potansiyel engelleri belirleyin<\/li>\n<li class=\"desc-item_list__point\">Sonraki ad\u0131mlar\u0131 olu\u015fturun<\/li>\n<\/ul>\n","protected":false},"excerpt":{"rendered":"<p>Bu \u00fccretsiz \u00f6zelle\u015ftirilebilir \u015fablon ile herkesi projeniz hakk\u0131nda bilgilendirebilirsiniz. Ekibinizin ilerlemesinin istikrarl\u0131 kalmas\u0131 i\u00e7in sorunlar\u0131 tart\u0131\u015f\u0131n ve \u00e7\u00f6z\u00fcn<\/p>\n","protected":false},"featured_media":57712,"template":"","meta":{"_acf_changed":false,"inline_featured_image":false},"product_brand":[],"product_cat":[218,256,231],"product_tag":[],"class_list":{"0":"post-57711","1":"product","2":"type-product","3":"status-publish","4":"has-post-thumbnail","6":"product_cat-operations","7":"product_cat-organizers-planners","8":"product_cat-project-management","9":"collections-team","11":"first","12":"instock","13":"virtual","14":"sold-individually","15":"product-type-simple"},"acf":[],"yoast_head":"<!-- This site is optimized with the Yoast SEO plugin v25.3.1 - https:\/\/yoast.com\/wordpress\/plugins\/seo\/ -->\n<title>\u0130lerleme G\u00fcncelleme \u015eablonu - Sales AI Agents<\/title>\n<meta name=\"description\" content=\"Bu \u00fccretsiz \u00f6zelle\u015ftirilebilir \u015fablon ile herkesi projeniz hakk\u0131nda bilgilendirebilirsiniz. Ekibinizin ilerlemesinin istikrarl\u0131 kalmas\u0131 i\u00e7in sorunlar\u0131 tart\u0131\u015f\u0131n ve \u00e7\u00f6z\u00fcn\" \/>\n<meta name=\"robots\" content=\"index, follow, max-snippet:-1, max-image-preview:large, max-video-preview:-1\" \/>\n<link rel=\"canonical\" href=\"https:\/\/sales-ai-agents.com\/tr\/templates\/progress-update\/\" \/>\n<meta property=\"og:locale\" content=\"tr_TR\" \/>\n<meta property=\"og:type\" content=\"article\" \/>\n<meta property=\"og:title\" content=\"\u0130lerleme G\u00fcncelleme \u015eablonu - Sales AI Agents\" \/>\n<meta property=\"og:description\" content=\"Bu \u00fccretsiz \u00f6zelle\u015ftirilebilir \u015fablon ile herkesi projeniz hakk\u0131nda bilgilendirebilirsiniz. Ekibinizin ilerlemesinin istikrarl\u0131 kalmas\u0131 i\u00e7in sorunlar\u0131 tart\u0131\u015f\u0131n ve \u00e7\u00f6z\u00fcn\" \/>\n<meta property=\"og:url\" content=\"https:\/\/sales-ai-agents.com\/tr\/templates\/progress-update\/\" \/>\n<meta property=\"og:site_name\" content=\"Sales AI Agents\" \/>\n<meta property=\"article:modified_time\" content=\"2024-01-02T13:19:59+00:00\" \/>\n<meta property=\"og:image\" content=\"https:\/\/sales-ai-agents.com\/wp-content\/uploads\/2023\/01\/image-preview122223.png\" \/>\n\t<meta property=\"og:image:width\" content=\"1078\" \/>\n\t<meta property=\"og:image:height\" content=\"1056\" \/>\n\t<meta property=\"og:image:type\" content=\"image\/png\" \/>\n<meta name=\"twitter:card\" content=\"summary_large_image\" \/>\n<script type=\"application\/ld+json\" class=\"yoast-schema-graph\">{\"@context\":\"https:\/\/schema.org\",\"@graph\":[{\"@type\":\"WebPage\",\"@id\":\"https:\/\/sales-ai-agents.com\/tr\/templates\/progress-update\/\",\"url\":\"https:\/\/sales-ai-agents.com\/tr\/templates\/progress-update\/\",\"name\":\"\u0130lerleme G\u00fcncelleme \u015eablonu - Sales AI Agents\",\"isPartOf\":{\"@id\":\"https:\/\/sales-ai-agents.com\/#website\"},\"primaryImageOfPage\":{\"@id\":\"https:\/\/sales-ai-agents.com\/tr\/templates\/progress-update\/#primaryimage\"},\"image\":{\"@id\":\"https:\/\/sales-ai-agents.com\/tr\/templates\/progress-update\/#primaryimage\"},\"thumbnailUrl\":\"https:\/\/sales-ai-agents.com\/wp-content\/uploads\/2023\/01\/image-preview122223.png\",\"datePublished\":\"2022-09-26T12:09:55+00:00\",\"dateModified\":\"2024-01-02T13:19:59+00:00\",\"description\":\"Bu \u00fccretsiz \u00f6zelle\u015ftirilebilir \u015fablon ile herkesi projeniz hakk\u0131nda bilgilendirebilirsiniz. Ekibinizin ilerlemesinin istikrarl\u0131 kalmas\u0131 i\u00e7in sorunlar\u0131 tart\u0131\u015f\u0131n ve \u00e7\u00f6z\u00fcn\",\"inLanguage\":\"tr\",\"potentialAction\":[{\"@type\":\"ReadAction\",\"target\":[\"https:\/\/sales-ai-agents.com\/tr\/templates\/progress-update\/\"]}]},{\"@type\":\"ImageObject\",\"inLanguage\":\"tr\",\"@id\":\"https:\/\/sales-ai-agents.com\/tr\/templates\/progress-update\/#primaryimage\",\"url\":\"https:\/\/sales-ai-agents.com\/wp-content\/uploads\/2023\/01\/image-preview122223.png\",\"contentUrl\":\"https:\/\/sales-ai-agents.com\/wp-content\/uploads\/2023\/01\/image-preview122223.png\",\"width\":1078,\"height\":1056},{\"@type\":\"WebSite\",\"@id\":\"https:\/\/sales-ai-agents.com\/#website\",\"url\":\"https:\/\/sales-ai-agents.com\/\",\"name\":\"FuseBase\",\"description\":\"Sales AI Agents - Free Online Collaboration Software for Remote Teams. Build your wikis, client portals and more with the Nimbus Platform collaboration tool ? A perfect space for online work\",\"publisher\":{\"@id\":\"https:\/\/sales-ai-agents.com\/#organization\"},\"potentialAction\":[{\"@type\":\"SearchAction\",\"target\":{\"@type\":\"EntryPoint\",\"urlTemplate\":\"https:\/\/sales-ai-agents.com\/?s={search_term_string}\"},\"query-input\":{\"@type\":\"PropertyValueSpecification\",\"valueRequired\":true,\"valueName\":\"search_term_string\"}}],\"inLanguage\":\"tr\"},{\"@type\":\"Organization\",\"@id\":\"https:\/\/sales-ai-agents.com\/#organization\",\"name\":\"FuseBase\",\"url\":\"https:\/\/sales-ai-agents.com\/\",\"logo\":{\"@type\":\"ImageObject\",\"inLanguage\":\"tr\",\"@id\":\"https:\/\/sales-ai-agents.com\/#\/schema\/logo\/image\/\",\"url\":\"https:\/\/sales-ai-agents.com\/wp-content\/uploads\/2023\/11\/icon-7.svg\",\"contentUrl\":\"https:\/\/sales-ai-agents.com\/wp-content\/uploads\/2023\/11\/icon-7.svg\",\"width\":128,\"height\":128,\"caption\":\"FuseBase\"},\"image\":{\"@id\":\"https:\/\/sales-ai-agents.com\/#\/schema\/logo\/image\/\"}}]}<\/script>\n<!-- \/ Yoast SEO plugin. -->","yoast_head_json":{"title":"\u0130lerleme G\u00fcncelleme \u015eablonu - Sales AI Agents","description":"Bu \u00fccretsiz \u00f6zelle\u015ftirilebilir \u015fablon ile herkesi projeniz hakk\u0131nda bilgilendirebilirsiniz. Ekibinizin ilerlemesinin istikrarl\u0131 kalmas\u0131 i\u00e7in sorunlar\u0131 tart\u0131\u015f\u0131n ve \u00e7\u00f6z\u00fcn","robots":{"index":"index","follow":"follow","max-snippet":"max-snippet:-1","max-image-preview":"max-image-preview:large","max-video-preview":"max-video-preview:-1"},"canonical":"https:\/\/sales-ai-agents.com\/tr\/templates\/progress-update\/","og_locale":"tr_TR","og_type":"article","og_title":"\u0130lerleme G\u00fcncelleme \u015eablonu - Sales AI Agents","og_description":"Bu \u00fccretsiz \u00f6zelle\u015ftirilebilir \u015fablon ile herkesi projeniz hakk\u0131nda bilgilendirebilirsiniz. Ekibinizin ilerlemesinin istikrarl\u0131 kalmas\u0131 i\u00e7in sorunlar\u0131 tart\u0131\u015f\u0131n ve \u00e7\u00f6z\u00fcn","og_url":"https:\/\/sales-ai-agents.com\/tr\/templates\/progress-update\/","og_site_name":"Sales AI Agents","article_modified_time":"2024-01-02T13:19:59+00:00","og_image":[{"width":1078,"height":1056,"url":"https:\/\/sales-ai-agents.com\/wp-content\/uploads\/2023\/01\/image-preview122223.png","type":"image\/png"}],"twitter_card":"summary_large_image","schema":{"@context":"https:\/\/schema.org","@graph":[{"@type":"WebPage","@id":"https:\/\/sales-ai-agents.com\/tr\/templates\/progress-update\/","url":"https:\/\/sales-ai-agents.com\/tr\/templates\/progress-update\/","name":"\u0130lerleme G\u00fcncelleme \u015eablonu - Sales AI Agents","isPartOf":{"@id":"https:\/\/sales-ai-agents.com\/#website"},"primaryImageOfPage":{"@id":"https:\/\/sales-ai-agents.com\/tr\/templates\/progress-update\/#primaryimage"},"image":{"@id":"https:\/\/sales-ai-agents.com\/tr\/templates\/progress-update\/#primaryimage"},"thumbnailUrl":"https:\/\/sales-ai-agents.com\/wp-content\/uploads\/2023\/01\/image-preview122223.png","datePublished":"2022-09-26T12:09:55+00:00","dateModified":"2024-01-02T13:19:59+00:00","description":"Bu \u00fccretsiz \u00f6zelle\u015ftirilebilir \u015fablon ile herkesi projeniz hakk\u0131nda bilgilendirebilirsiniz. Ekibinizin ilerlemesinin istikrarl\u0131 kalmas\u0131 i\u00e7in sorunlar\u0131 tart\u0131\u015f\u0131n ve \u00e7\u00f6z\u00fcn","inLanguage":"tr","potentialAction":[{"@type":"ReadAction","target":["https:\/\/sales-ai-agents.com\/tr\/templates\/progress-update\/"]}]},{"@type":"ImageObject","inLanguage":"tr","@id":"https:\/\/sales-ai-agents.com\/tr\/templates\/progress-update\/#primaryimage","url":"https:\/\/sales-ai-agents.com\/wp-content\/uploads\/2023\/01\/image-preview122223.png","contentUrl":"https:\/\/sales-ai-agents.com\/wp-content\/uploads\/2023\/01\/image-preview122223.png","width":1078,"height":1056},{"@type":"WebSite","@id":"https:\/\/sales-ai-agents.com\/#website","url":"https:\/\/sales-ai-agents.com\/","name":"FuseBase","description":"Sales AI Agents - Free Online Collaboration Software for Remote Teams. Build your wikis, client portals and more with the Nimbus Platform collaboration tool ? A perfect space for online work","publisher":{"@id":"https:\/\/sales-ai-agents.com\/#organization"},"potentialAction":[{"@type":"SearchAction","target":{"@type":"EntryPoint","urlTemplate":"https:\/\/sales-ai-agents.com\/?s={search_term_string}"},"query-input":{"@type":"PropertyValueSpecification","valueRequired":true,"valueName":"search_term_string"}}],"inLanguage":"tr"},{"@type":"Organization","@id":"https:\/\/sales-ai-agents.com\/#organization","name":"FuseBase","url":"https:\/\/sales-ai-agents.com\/","logo":{"@type":"ImageObject","inLanguage":"tr","@id":"https:\/\/sales-ai-agents.com\/#\/schema\/logo\/image\/","url":"https:\/\/sales-ai-agents.com\/wp-content\/uploads\/2023\/11\/icon-7.svg","contentUrl":"https:\/\/sales-ai-agents.com\/wp-content\/uploads\/2023\/11\/icon-7.svg","width":128,"height":128,"caption":"FuseBase"},"image":{"@id":"https:\/\/sales-ai-agents.com\/#\/schema\/logo\/image\/"}}]}},"_links":{"self":[{"href":"https:\/\/sales-ai-agents.com\/tr\/wp-json\/wp\/v2\/product\/57711","targetHints":{"allow":["GET"]}}],"collection":[{"href":"https:\/\/sales-ai-agents.com\/tr\/wp-json\/wp\/v2\/product"}],"about":[{"href":"https:\/\/sales-ai-agents.com\/tr\/wp-json\/wp\/v2\/types\/product"}],"wp:featuredmedia":[{"embeddable":true,"href":"https:\/\/sales-ai-agents.com\/tr\/wp-json\/wp\/v2\/media\/57712"}],"wp:attachment":[{"href":"https:\/\/sales-ai-agents.com\/tr\/wp-json\/wp\/v2\/media?parent=57711"}],"wp:term":[{"taxonomy":"product_brand","embeddable":true,"href":"https:\/\/sales-ai-agents.com\/tr\/wp-json\/wp\/v2\/product_brand?post=57711"},{"taxonomy":"product_cat","embeddable":true,"href":"https:\/\/sales-ai-agents.com\/tr\/wp-json\/wp\/v2\/product_cat?post=57711"},{"taxonomy":"product_tag","embeddable":true,"href":"https:\/\/sales-ai-agents.com\/tr\/wp-json\/wp\/v2\/product_tag?post=57711"}],"curies":[{"name":"wp","href":"https:\/\/api.w.org\/{rel}","templated":true}]}}