{"id":57716,"date":"2022-09-26T12:09:52","date_gmt":"2022-09-26T12:09:52","guid":{"rendered":"https:\/\/sales-ai-agents.com\/templates\/sales-lead-card\/"},"modified":"2023-12-31T16:59:51","modified_gmt":"2023-12-31T16:59:51","slug":"sales-lead-card","status":"publish","type":"product","link":"https:\/\/sales-ai-agents.com\/tr\/templates\/sales-lead-card\/","title":{"rendered":"Sat\u0131\u015f Lideri Kart\u0131"},"content":{"rendered":"<p>&nbsp;<\/p>\n<h2>Sat\u0131\u015f Potansiyel Kart\u0131 \u015eablonu<\/h2>\n<p class=\"desc-text\">Bu \u015fablonla, bir \u00e7a\u011fr\u0131ya haz\u0131rlanmak i\u00e7in \u00f6nemli ayr\u0131nt\u0131lar\u0131 kontrol edebilirsiniz. M\u00fc\u015fterinizle g\u00f6r\u00fc\u015fmeden \u00f6nce iyice plan yapt\u0131\u011f\u0131n\u0131zdan ve \u00f6nemli noktalar\u0131 g\u00f6zden ge\u00e7irdi\u011finizden emin olun. Bu kontrol listesini kullanarak hedeflerinizi tan\u0131mlayabilir, \u00f6nemli m\u00fc\u015fteri bilgilerini ekleyebilir ve dahil edilmesi gereken sorunlu noktalar\u0131 not edebilirsiniz.<\/p>\n<h5>Nas\u0131l kullan\u0131l\u0131r?<\/h5>\n<ul class=\"desc-item_list\">\n<li class=\"desc-item_list__point\">\u00c7a\u011fr\u0131 i\u00e7in hedefleri listeleyin<\/li>\n<li class=\"desc-item_list__point\">M\u00fc\u015fteri hakk\u0131nda \u00f6nemli bilgiler toplay\u0131n<\/li>\n<li class=\"desc-item_list__point\">M\u00fc\u015fterinin ihtiya\u00e7 ve isteklerini not edin<\/li>\n<li class=\"desc-item_list__point\">Sorulacak sorular\u0131 planlay\u0131n<\/li>\n<\/ul>\n","protected":false},"excerpt":{"rendered":"<p>Bu sat\u0131\u015f m\u00fc\u015fteri aday\u0131 kart\u0131yla, bir aramaya haz\u0131rlanmak i\u00e7in \u00f6nemli ayr\u0131nt\u0131lar\u0131 i\u015faretleyebilirsiniz. M\u00fc\u015fteri bilgileri de dahil olmak \u00fczere hedeflerinizi tan\u0131mlay\u0131n ve sorunlu noktalar\u0131 not edin.<\/p>\n","protected":false},"featured_media":57717,"template":"","meta":{"_acf_changed":false,"inline_featured_image":false},"product_brand":[],"product_cat":[270,254],"product_tag":[],"class_list":{"0":"post-57716","1":"product","2":"type-product","3":"status-publish","4":"has-post-thumbnail","6":"product_cat-sales-management","7":"product_cat-sales","9":"first","10":"instock","11":"virtual","12":"sold-individually","13":"product-type-simple"},"acf":[],"yoast_head":"<!-- This site is optimized with the Yoast SEO plugin v25.3.1 - https:\/\/yoast.com\/wordpress\/plugins\/seo\/ -->\n<title>Sat\u0131\u015f Potansiyel M\u00fc\u015fteri Kart\u0131 \u015eablonu - Sales AI Agents<\/title>\n<meta name=\"description\" content=\"Bu \u015fablonla, bir \u00e7a\u011fr\u0131ya haz\u0131rlanmak i\u00e7in \u00f6nemli ayr\u0131nt\u0131lar\u0131 kontrol edebilirsiniz. Hedeflerinizi tan\u0131mlay\u0131n, m\u00fc\u015fteri bilgilerini ekleyin ve sorunlu noktalar\u0131 not edin.\" \/>\n<meta name=\"robots\" content=\"index, follow, max-snippet:-1, max-image-preview:large, max-video-preview:-1\" \/>\n<link rel=\"canonical\" href=\"https:\/\/sales-ai-agents.com\/tr\/templates\/sales-lead-card\/\" \/>\n<meta property=\"og:locale\" content=\"tr_TR\" \/>\n<meta property=\"og:type\" content=\"article\" \/>\n<meta property=\"og:title\" content=\"Sat\u0131\u015f Potansiyel M\u00fc\u015fteri Kart\u0131 \u015eablonu - Sales AI Agents\" \/>\n<meta property=\"og:description\" content=\"Bu \u015fablonla, bir \u00e7a\u011fr\u0131ya haz\u0131rlanmak i\u00e7in \u00f6nemli ayr\u0131nt\u0131lar\u0131 kontrol edebilirsiniz. Hedeflerinizi tan\u0131mlay\u0131n, m\u00fc\u015fteri bilgilerini ekleyin ve sorunlu noktalar\u0131 not edin.\" \/>\n<meta property=\"og:url\" content=\"https:\/\/sales-ai-agents.com\/tr\/templates\/sales-lead-card\/\" \/>\n<meta property=\"og:site_name\" content=\"Sales AI Agents\" \/>\n<meta property=\"article:modified_time\" content=\"2023-12-31T16:59:51+00:00\" \/>\n<meta property=\"og:image\" content=\"https:\/\/sales-ai-agents.com\/wp-content\/uploads\/2022\/09\/Sales-Lead-Card-Template.png\" \/>\n\t<meta property=\"og:image:width\" content=\"1700\" \/>\n\t<meta property=\"og:image:height\" content=\"1100\" \/>\n\t<meta property=\"og:image:type\" content=\"image\/png\" \/>\n<meta name=\"twitter:card\" content=\"summary_large_image\" \/>\n<script type=\"application\/ld+json\" class=\"yoast-schema-graph\">{\"@context\":\"https:\/\/schema.org\",\"@graph\":[{\"@type\":\"WebPage\",\"@id\":\"https:\/\/sales-ai-agents.com\/tr\/templates\/sales-lead-card\/\",\"url\":\"https:\/\/sales-ai-agents.com\/tr\/templates\/sales-lead-card\/\",\"name\":\"Sat\u0131\u015f Potansiyel M\u00fc\u015fteri Kart\u0131 \u015eablonu - Sales AI Agents\",\"isPartOf\":{\"@id\":\"https:\/\/sales-ai-agents.com\/#website\"},\"primaryImageOfPage\":{\"@id\":\"https:\/\/sales-ai-agents.com\/tr\/templates\/sales-lead-card\/#primaryimage\"},\"image\":{\"@id\":\"https:\/\/sales-ai-agents.com\/tr\/templates\/sales-lead-card\/#primaryimage\"},\"thumbnailUrl\":\"https:\/\/sales-ai-agents.com\/wp-content\/uploads\/2022\/09\/Sales-Lead-Card-Template.png\",\"datePublished\":\"2022-09-26T12:09:52+00:00\",\"dateModified\":\"2023-12-31T16:59:51+00:00\",\"description\":\"Bu \u015fablonla, bir \u00e7a\u011fr\u0131ya haz\u0131rlanmak i\u00e7in \u00f6nemli ayr\u0131nt\u0131lar\u0131 kontrol edebilirsiniz. Hedeflerinizi tan\u0131mlay\u0131n, m\u00fc\u015fteri bilgilerini ekleyin ve sorunlu noktalar\u0131 not edin.\",\"inLanguage\":\"tr\",\"potentialAction\":[{\"@type\":\"ReadAction\",\"target\":[\"https:\/\/sales-ai-agents.com\/tr\/templates\/sales-lead-card\/\"]}]},{\"@type\":\"ImageObject\",\"inLanguage\":\"tr\",\"@id\":\"https:\/\/sales-ai-agents.com\/tr\/templates\/sales-lead-card\/#primaryimage\",\"url\":\"https:\/\/sales-ai-agents.com\/wp-content\/uploads\/2022\/09\/Sales-Lead-Card-Template.png\",\"contentUrl\":\"https:\/\/sales-ai-agents.com\/wp-content\/uploads\/2022\/09\/Sales-Lead-Card-Template.png\",\"width\":1700,\"height\":1100},{\"@type\":\"WebSite\",\"@id\":\"https:\/\/sales-ai-agents.com\/#website\",\"url\":\"https:\/\/sales-ai-agents.com\/\",\"name\":\"FuseBase\",\"description\":\"Sales AI Agents - Free Online Collaboration Software for Remote Teams. Build your wikis, client portals and more with the Nimbus Platform collaboration tool ? A perfect space for online work\",\"publisher\":{\"@id\":\"https:\/\/sales-ai-agents.com\/#organization\"},\"potentialAction\":[{\"@type\":\"SearchAction\",\"target\":{\"@type\":\"EntryPoint\",\"urlTemplate\":\"https:\/\/sales-ai-agents.com\/?s={search_term_string}\"},\"query-input\":{\"@type\":\"PropertyValueSpecification\",\"valueRequired\":true,\"valueName\":\"search_term_string\"}}],\"inLanguage\":\"tr\"},{\"@type\":\"Organization\",\"@id\":\"https:\/\/sales-ai-agents.com\/#organization\",\"name\":\"FuseBase\",\"url\":\"https:\/\/sales-ai-agents.com\/\",\"logo\":{\"@type\":\"ImageObject\",\"inLanguage\":\"tr\",\"@id\":\"https:\/\/sales-ai-agents.com\/#\/schema\/logo\/image\/\",\"url\":\"https:\/\/sales-ai-agents.com\/wp-content\/uploads\/2023\/11\/icon-7.svg\",\"contentUrl\":\"https:\/\/sales-ai-agents.com\/wp-content\/uploads\/2023\/11\/icon-7.svg\",\"width\":128,\"height\":128,\"caption\":\"FuseBase\"},\"image\":{\"@id\":\"https:\/\/sales-ai-agents.com\/#\/schema\/logo\/image\/\"}}]}<\/script>\n<!-- \/ Yoast SEO plugin. -->","yoast_head_json":{"title":"Sat\u0131\u015f Potansiyel M\u00fc\u015fteri Kart\u0131 \u015eablonu - Sales AI Agents","description":"Bu \u015fablonla, bir \u00e7a\u011fr\u0131ya haz\u0131rlanmak i\u00e7in \u00f6nemli ayr\u0131nt\u0131lar\u0131 kontrol edebilirsiniz. Hedeflerinizi tan\u0131mlay\u0131n, m\u00fc\u015fteri bilgilerini ekleyin ve sorunlu noktalar\u0131 not edin.","robots":{"index":"index","follow":"follow","max-snippet":"max-snippet:-1","max-image-preview":"max-image-preview:large","max-video-preview":"max-video-preview:-1"},"canonical":"https:\/\/sales-ai-agents.com\/tr\/templates\/sales-lead-card\/","og_locale":"tr_TR","og_type":"article","og_title":"Sat\u0131\u015f Potansiyel M\u00fc\u015fteri Kart\u0131 \u015eablonu - Sales AI Agents","og_description":"Bu \u015fablonla, bir \u00e7a\u011fr\u0131ya haz\u0131rlanmak i\u00e7in \u00f6nemli ayr\u0131nt\u0131lar\u0131 kontrol edebilirsiniz. Hedeflerinizi tan\u0131mlay\u0131n, m\u00fc\u015fteri bilgilerini ekleyin ve sorunlu noktalar\u0131 not edin.","og_url":"https:\/\/sales-ai-agents.com\/tr\/templates\/sales-lead-card\/","og_site_name":"Sales AI Agents","article_modified_time":"2023-12-31T16:59:51+00:00","og_image":[{"width":1700,"height":1100,"url":"https:\/\/sales-ai-agents.com\/wp-content\/uploads\/2022\/09\/Sales-Lead-Card-Template.png","type":"image\/png"}],"twitter_card":"summary_large_image","schema":{"@context":"https:\/\/schema.org","@graph":[{"@type":"WebPage","@id":"https:\/\/sales-ai-agents.com\/tr\/templates\/sales-lead-card\/","url":"https:\/\/sales-ai-agents.com\/tr\/templates\/sales-lead-card\/","name":"Sat\u0131\u015f Potansiyel M\u00fc\u015fteri Kart\u0131 \u015eablonu - Sales AI Agents","isPartOf":{"@id":"https:\/\/sales-ai-agents.com\/#website"},"primaryImageOfPage":{"@id":"https:\/\/sales-ai-agents.com\/tr\/templates\/sales-lead-card\/#primaryimage"},"image":{"@id":"https:\/\/sales-ai-agents.com\/tr\/templates\/sales-lead-card\/#primaryimage"},"thumbnailUrl":"https:\/\/sales-ai-agents.com\/wp-content\/uploads\/2022\/09\/Sales-Lead-Card-Template.png","datePublished":"2022-09-26T12:09:52+00:00","dateModified":"2023-12-31T16:59:51+00:00","description":"Bu \u015fablonla, bir \u00e7a\u011fr\u0131ya haz\u0131rlanmak i\u00e7in \u00f6nemli ayr\u0131nt\u0131lar\u0131 kontrol edebilirsiniz. Hedeflerinizi tan\u0131mlay\u0131n, m\u00fc\u015fteri bilgilerini ekleyin ve sorunlu noktalar\u0131 not edin.","inLanguage":"tr","potentialAction":[{"@type":"ReadAction","target":["https:\/\/sales-ai-agents.com\/tr\/templates\/sales-lead-card\/"]}]},{"@type":"ImageObject","inLanguage":"tr","@id":"https:\/\/sales-ai-agents.com\/tr\/templates\/sales-lead-card\/#primaryimage","url":"https:\/\/sales-ai-agents.com\/wp-content\/uploads\/2022\/09\/Sales-Lead-Card-Template.png","contentUrl":"https:\/\/sales-ai-agents.com\/wp-content\/uploads\/2022\/09\/Sales-Lead-Card-Template.png","width":1700,"height":1100},{"@type":"WebSite","@id":"https:\/\/sales-ai-agents.com\/#website","url":"https:\/\/sales-ai-agents.com\/","name":"FuseBase","description":"Sales AI Agents - Free Online Collaboration Software for Remote Teams. Build your wikis, client portals and more with the Nimbus Platform collaboration tool ? A perfect space for online work","publisher":{"@id":"https:\/\/sales-ai-agents.com\/#organization"},"potentialAction":[{"@type":"SearchAction","target":{"@type":"EntryPoint","urlTemplate":"https:\/\/sales-ai-agents.com\/?s={search_term_string}"},"query-input":{"@type":"PropertyValueSpecification","valueRequired":true,"valueName":"search_term_string"}}],"inLanguage":"tr"},{"@type":"Organization","@id":"https:\/\/sales-ai-agents.com\/#organization","name":"FuseBase","url":"https:\/\/sales-ai-agents.com\/","logo":{"@type":"ImageObject","inLanguage":"tr","@id":"https:\/\/sales-ai-agents.com\/#\/schema\/logo\/image\/","url":"https:\/\/sales-ai-agents.com\/wp-content\/uploads\/2023\/11\/icon-7.svg","contentUrl":"https:\/\/sales-ai-agents.com\/wp-content\/uploads\/2023\/11\/icon-7.svg","width":128,"height":128,"caption":"FuseBase"},"image":{"@id":"https:\/\/sales-ai-agents.com\/#\/schema\/logo\/image\/"}}]}},"_links":{"self":[{"href":"https:\/\/sales-ai-agents.com\/tr\/wp-json\/wp\/v2\/product\/57716","targetHints":{"allow":["GET"]}}],"collection":[{"href":"https:\/\/sales-ai-agents.com\/tr\/wp-json\/wp\/v2\/product"}],"about":[{"href":"https:\/\/sales-ai-agents.com\/tr\/wp-json\/wp\/v2\/types\/product"}],"wp:featuredmedia":[{"embeddable":true,"href":"https:\/\/sales-ai-agents.com\/tr\/wp-json\/wp\/v2\/media\/57717"}],"wp:attachment":[{"href":"https:\/\/sales-ai-agents.com\/tr\/wp-json\/wp\/v2\/media?parent=57716"}],"wp:term":[{"taxonomy":"product_brand","embeddable":true,"href":"https:\/\/sales-ai-agents.com\/tr\/wp-json\/wp\/v2\/product_brand?post=57716"},{"taxonomy":"product_cat","embeddable":true,"href":"https:\/\/sales-ai-agents.com\/tr\/wp-json\/wp\/v2\/product_cat?post=57716"},{"taxonomy":"product_tag","embeddable":true,"href":"https:\/\/sales-ai-agents.com\/tr\/wp-json\/wp\/v2\/product_tag?post=57716"}],"curies":[{"name":"wp","href":"https:\/\/api.w.org\/{rel}","templated":true}]}}