{"id":57720,"date":"2022-09-26T12:09:48","date_gmt":"2022-09-26T12:09:48","guid":{"rendered":"https:\/\/sales-ai-agents.com\/templates\/my-plans-for-the-week-ahead-vertical\/"},"modified":"2024-01-02T12:59:08","modified_gmt":"2024-01-02T12:59:08","slug":"my-plans-for-the-week-ahead-vertical","status":"publish","type":"product","link":"https:\/\/sales-ai-agents.com\/tr\/templates\/my-plans-for-the-week-ahead-vertical\/","title":{"rendered":"\u00d6n\u00fcm\u00fczdeki Hafta \u0130\u00e7in Planlar\u0131m (Dikey)"},"content":{"rendered":"<p>&nbsp;<\/p>\n<h2>\u00d6n\u00fcm\u00fczdeki Hafta \u0130\u00e7in Planlar\u0131m (Dikey) \u015eablonu<\/h2>\n<p class=\"desc-text\">Yeni bir haftan\u0131n ba\u015flang\u0131c\u0131 endi\u015fe verici olabilir. Yakla\u015fan son teslim tarihlerini, g\u00f6revleri ve \u00f6devleri \u00f6nceden d\u00fc\u015f\u00fcnmek, taba\u011f\u0131n\u0131zdakiler konusunda endi\u015feli hissetmenize neden olabilir. Bu nedenle planlar\u0131n\u0131z\u0131 haritaland\u0131rman\u0131z i\u00e7in bu \u015fablonu ekledik. \u00d6nceden planlama yaparak kendinizi stresten ve son dakika tela\u015f\u0131ndan kurtarabilirsiniz. T\u00fcm haftan\u0131z\u0131 d\u00fczenlemek ve temel g\u00f6revleri dahil etmek i\u00e7in bu \u015fablonu kullan\u0131n. Zaman\u0131n\u0131z\u0131 en \u00fcst d\u00fczeye \u00e7\u0131karabilmek ve verimli \u00e7al\u0131\u015fabilmek i\u00e7in planlar\u0131n\u0131z\u0131 yap\u0131land\u0131r\u0131n.<\/p>\n<h5>Nas\u0131l kullan\u0131l\u0131r?<\/h5>\n<ul class=\"desc-item_list\">\n<li class=\"desc-item_list__point\">Her g\u00fcn i\u00e7in \u00f6\u011feleri, son tarihleri ve g\u00f6revleri listeleyin<\/li>\n<li class=\"desc-item_list__point\">Yap\u0131lacaklar i\u00e7in bir kontrol listesi olu\u015fturun<\/li>\n<li class=\"desc-item_list__point\">\u00c7a\u011fr\u0131lar\u0131 ve e-postalar\u0131 izlemek i\u00e7in onay kutular\u0131n\u0131 kullan\u0131n<\/li>\n<li class=\"desc-item_list__point\">Yap\u0131lacak i\u015flerin tam bir listesini yap\u0131n<\/li>\n<li class=\"desc-item_list__point\">Hafta i\u00e7in notlar ekleyin<\/li>\n<\/ul>\n","protected":false},"excerpt":{"rendered":"<p>Yakla\u015fan son teslim tarihlerini, g\u00f6revleri ve \u00f6devleri d\u00fc\u015f\u00fcnmek sizi endi\u015felendirebilir. Stresi azaltmak ve \u00e7al\u0131\u015fma haftan\u0131z\u0131 planlamak i\u00e7in bu \u015fablonu kullan\u0131n.<\/p>\n","protected":false},"featured_media":57721,"template":"","meta":{"_acf_changed":false,"inline_featured_image":false},"product_brand":[],"product_cat":[257,266,256],"product_tag":[],"class_list":{"0":"post-57720","1":"product","2":"type-product","3":"status-publish","4":"has-post-thumbnail","6":"product_cat-personal","7":"product_cat-personal-work","8":"product_cat-organizers-planners","10":"first","11":"instock","12":"virtual","13":"sold-individually","14":"product-type-simple"},"acf":[],"yoast_head":"<!-- This site is optimized with the Yoast SEO plugin v25.3.1 - https:\/\/yoast.com\/wordpress\/plugins\/seo\/ -->\n<title>\u00d6n\u00fcm\u00fczdeki Hafta \u0130\u00e7in Planlar\u0131m \u015eablonu - Sales AI Agents<\/title>\n<meta name=\"description\" content=\"Yakla\u015fan son teslim tarihlerini, g\u00f6revleri ve \u00f6devleri d\u00fc\u015f\u00fcnmek sizi endi\u015felendirebilir. Stresi azaltmak ve \u00e7al\u0131\u015fma haftan\u0131z\u0131 planlamak i\u00e7in bu \u015fablonu kullan\u0131n.\" \/>\n<meta name=\"robots\" content=\"index, follow, max-snippet:-1, max-image-preview:large, max-video-preview:-1\" \/>\n<link rel=\"canonical\" href=\"https:\/\/sales-ai-agents.com\/tr\/templates\/my-plans-for-the-week-ahead-vertical\/\" \/>\n<meta property=\"og:locale\" content=\"tr_TR\" \/>\n<meta property=\"og:type\" content=\"article\" \/>\n<meta property=\"og:title\" content=\"\u00d6n\u00fcm\u00fczdeki Hafta \u0130\u00e7in Planlar\u0131m \u015eablonu - Sales AI Agents\" \/>\n<meta property=\"og:description\" content=\"Yakla\u015fan son teslim tarihlerini, g\u00f6revleri ve \u00f6devleri d\u00fc\u015f\u00fcnmek sizi endi\u015felendirebilir. Stresi azaltmak ve \u00e7al\u0131\u015fma haftan\u0131z\u0131 planlamak i\u00e7in bu \u015fablonu kullan\u0131n.\" \/>\n<meta property=\"og:url\" content=\"https:\/\/sales-ai-agents.com\/tr\/templates\/my-plans-for-the-week-ahead-vertical\/\" \/>\n<meta property=\"og:site_name\" content=\"Sales AI Agents\" \/>\n<meta property=\"article:modified_time\" content=\"2024-01-02T12:59:08+00:00\" \/>\n<meta property=\"og:image\" content=\"https:\/\/sales-ai-agents.com\/wp-content\/uploads\/2023\/01\/image-preview122137.png\" \/>\n\t<meta property=\"og:image:width\" content=\"1078\" \/>\n\t<meta property=\"og:image:height\" content=\"1521\" \/>\n\t<meta property=\"og:image:type\" content=\"image\/png\" \/>\n<meta name=\"twitter:card\" content=\"summary_large_image\" \/>\n<script type=\"application\/ld+json\" class=\"yoast-schema-graph\">{\"@context\":\"https:\/\/schema.org\",\"@graph\":[{\"@type\":\"WebPage\",\"@id\":\"https:\/\/sales-ai-agents.com\/tr\/templates\/my-plans-for-the-week-ahead-vertical\/\",\"url\":\"https:\/\/sales-ai-agents.com\/tr\/templates\/my-plans-for-the-week-ahead-vertical\/\",\"name\":\"\u00d6n\u00fcm\u00fczdeki Hafta \u0130\u00e7in Planlar\u0131m \u015eablonu - Sales AI Agents\",\"isPartOf\":{\"@id\":\"https:\/\/sales-ai-agents.com\/#website\"},\"primaryImageOfPage\":{\"@id\":\"https:\/\/sales-ai-agents.com\/tr\/templates\/my-plans-for-the-week-ahead-vertical\/#primaryimage\"},\"image\":{\"@id\":\"https:\/\/sales-ai-agents.com\/tr\/templates\/my-plans-for-the-week-ahead-vertical\/#primaryimage\"},\"thumbnailUrl\":\"https:\/\/sales-ai-agents.com\/wp-content\/uploads\/2023\/01\/image-preview122137.png\",\"datePublished\":\"2022-09-26T12:09:48+00:00\",\"dateModified\":\"2024-01-02T12:59:08+00:00\",\"description\":\"Yakla\u015fan son teslim tarihlerini, g\u00f6revleri ve \u00f6devleri d\u00fc\u015f\u00fcnmek sizi endi\u015felendirebilir. Stresi azaltmak ve \u00e7al\u0131\u015fma haftan\u0131z\u0131 planlamak i\u00e7in bu \u015fablonu kullan\u0131n.\",\"inLanguage\":\"tr\",\"potentialAction\":[{\"@type\":\"ReadAction\",\"target\":[\"https:\/\/sales-ai-agents.com\/tr\/templates\/my-plans-for-the-week-ahead-vertical\/\"]}]},{\"@type\":\"ImageObject\",\"inLanguage\":\"tr\",\"@id\":\"https:\/\/sales-ai-agents.com\/tr\/templates\/my-plans-for-the-week-ahead-vertical\/#primaryimage\",\"url\":\"https:\/\/sales-ai-agents.com\/wp-content\/uploads\/2023\/01\/image-preview122137.png\",\"contentUrl\":\"https:\/\/sales-ai-agents.com\/wp-content\/uploads\/2023\/01\/image-preview122137.png\",\"width\":1078,\"height\":1521},{\"@type\":\"WebSite\",\"@id\":\"https:\/\/sales-ai-agents.com\/#website\",\"url\":\"https:\/\/sales-ai-agents.com\/\",\"name\":\"FuseBase\",\"description\":\"Sales AI Agents - Free Online Collaboration Software for Remote Teams. Build your wikis, client portals and more with the Nimbus Platform collaboration tool ? A perfect space for online work\",\"publisher\":{\"@id\":\"https:\/\/sales-ai-agents.com\/#organization\"},\"potentialAction\":[{\"@type\":\"SearchAction\",\"target\":{\"@type\":\"EntryPoint\",\"urlTemplate\":\"https:\/\/sales-ai-agents.com\/?s={search_term_string}\"},\"query-input\":{\"@type\":\"PropertyValueSpecification\",\"valueRequired\":true,\"valueName\":\"search_term_string\"}}],\"inLanguage\":\"tr\"},{\"@type\":\"Organization\",\"@id\":\"https:\/\/sales-ai-agents.com\/#organization\",\"name\":\"FuseBase\",\"url\":\"https:\/\/sales-ai-agents.com\/\",\"logo\":{\"@type\":\"ImageObject\",\"inLanguage\":\"tr\",\"@id\":\"https:\/\/sales-ai-agents.com\/#\/schema\/logo\/image\/\",\"url\":\"https:\/\/sales-ai-agents.com\/wp-content\/uploads\/2023\/11\/icon-7.svg\",\"contentUrl\":\"https:\/\/sales-ai-agents.com\/wp-content\/uploads\/2023\/11\/icon-7.svg\",\"width\":128,\"height\":128,\"caption\":\"FuseBase\"},\"image\":{\"@id\":\"https:\/\/sales-ai-agents.com\/#\/schema\/logo\/image\/\"}}]}<\/script>\n<!-- \/ Yoast SEO plugin. -->","yoast_head_json":{"title":"\u00d6n\u00fcm\u00fczdeki Hafta \u0130\u00e7in Planlar\u0131m \u015eablonu - Sales AI Agents","description":"Yakla\u015fan son teslim tarihlerini, g\u00f6revleri ve \u00f6devleri d\u00fc\u015f\u00fcnmek sizi endi\u015felendirebilir. Stresi azaltmak ve \u00e7al\u0131\u015fma haftan\u0131z\u0131 planlamak i\u00e7in bu \u015fablonu kullan\u0131n.","robots":{"index":"index","follow":"follow","max-snippet":"max-snippet:-1","max-image-preview":"max-image-preview:large","max-video-preview":"max-video-preview:-1"},"canonical":"https:\/\/sales-ai-agents.com\/tr\/templates\/my-plans-for-the-week-ahead-vertical\/","og_locale":"tr_TR","og_type":"article","og_title":"\u00d6n\u00fcm\u00fczdeki Hafta \u0130\u00e7in Planlar\u0131m \u015eablonu - Sales AI Agents","og_description":"Yakla\u015fan son teslim tarihlerini, g\u00f6revleri ve \u00f6devleri d\u00fc\u015f\u00fcnmek sizi endi\u015felendirebilir. Stresi azaltmak ve \u00e7al\u0131\u015fma haftan\u0131z\u0131 planlamak i\u00e7in bu \u015fablonu kullan\u0131n.","og_url":"https:\/\/sales-ai-agents.com\/tr\/templates\/my-plans-for-the-week-ahead-vertical\/","og_site_name":"Sales AI Agents","article_modified_time":"2024-01-02T12:59:08+00:00","og_image":[{"width":1078,"height":1521,"url":"https:\/\/sales-ai-agents.com\/wp-content\/uploads\/2023\/01\/image-preview122137.png","type":"image\/png"}],"twitter_card":"summary_large_image","schema":{"@context":"https:\/\/schema.org","@graph":[{"@type":"WebPage","@id":"https:\/\/sales-ai-agents.com\/tr\/templates\/my-plans-for-the-week-ahead-vertical\/","url":"https:\/\/sales-ai-agents.com\/tr\/templates\/my-plans-for-the-week-ahead-vertical\/","name":"\u00d6n\u00fcm\u00fczdeki Hafta \u0130\u00e7in Planlar\u0131m \u015eablonu - Sales AI Agents","isPartOf":{"@id":"https:\/\/sales-ai-agents.com\/#website"},"primaryImageOfPage":{"@id":"https:\/\/sales-ai-agents.com\/tr\/templates\/my-plans-for-the-week-ahead-vertical\/#primaryimage"},"image":{"@id":"https:\/\/sales-ai-agents.com\/tr\/templates\/my-plans-for-the-week-ahead-vertical\/#primaryimage"},"thumbnailUrl":"https:\/\/sales-ai-agents.com\/wp-content\/uploads\/2023\/01\/image-preview122137.png","datePublished":"2022-09-26T12:09:48+00:00","dateModified":"2024-01-02T12:59:08+00:00","description":"Yakla\u015fan son teslim tarihlerini, g\u00f6revleri ve \u00f6devleri d\u00fc\u015f\u00fcnmek sizi endi\u015felendirebilir. Stresi azaltmak ve \u00e7al\u0131\u015fma haftan\u0131z\u0131 planlamak i\u00e7in bu \u015fablonu kullan\u0131n.","inLanguage":"tr","potentialAction":[{"@type":"ReadAction","target":["https:\/\/sales-ai-agents.com\/tr\/templates\/my-plans-for-the-week-ahead-vertical\/"]}]},{"@type":"ImageObject","inLanguage":"tr","@id":"https:\/\/sales-ai-agents.com\/tr\/templates\/my-plans-for-the-week-ahead-vertical\/#primaryimage","url":"https:\/\/sales-ai-agents.com\/wp-content\/uploads\/2023\/01\/image-preview122137.png","contentUrl":"https:\/\/sales-ai-agents.com\/wp-content\/uploads\/2023\/01\/image-preview122137.png","width":1078,"height":1521},{"@type":"WebSite","@id":"https:\/\/sales-ai-agents.com\/#website","url":"https:\/\/sales-ai-agents.com\/","name":"FuseBase","description":"Sales AI Agents - Free Online Collaboration Software for Remote Teams. Build your wikis, client portals and more with the Nimbus Platform collaboration tool ? A perfect space for online work","publisher":{"@id":"https:\/\/sales-ai-agents.com\/#organization"},"potentialAction":[{"@type":"SearchAction","target":{"@type":"EntryPoint","urlTemplate":"https:\/\/sales-ai-agents.com\/?s={search_term_string}"},"query-input":{"@type":"PropertyValueSpecification","valueRequired":true,"valueName":"search_term_string"}}],"inLanguage":"tr"},{"@type":"Organization","@id":"https:\/\/sales-ai-agents.com\/#organization","name":"FuseBase","url":"https:\/\/sales-ai-agents.com\/","logo":{"@type":"ImageObject","inLanguage":"tr","@id":"https:\/\/sales-ai-agents.com\/#\/schema\/logo\/image\/","url":"https:\/\/sales-ai-agents.com\/wp-content\/uploads\/2023\/11\/icon-7.svg","contentUrl":"https:\/\/sales-ai-agents.com\/wp-content\/uploads\/2023\/11\/icon-7.svg","width":128,"height":128,"caption":"FuseBase"},"image":{"@id":"https:\/\/sales-ai-agents.com\/#\/schema\/logo\/image\/"}}]}},"_links":{"self":[{"href":"https:\/\/sales-ai-agents.com\/tr\/wp-json\/wp\/v2\/product\/57720","targetHints":{"allow":["GET"]}}],"collection":[{"href":"https:\/\/sales-ai-agents.com\/tr\/wp-json\/wp\/v2\/product"}],"about":[{"href":"https:\/\/sales-ai-agents.com\/tr\/wp-json\/wp\/v2\/types\/product"}],"wp:featuredmedia":[{"embeddable":true,"href":"https:\/\/sales-ai-agents.com\/tr\/wp-json\/wp\/v2\/media\/57721"}],"wp:attachment":[{"href":"https:\/\/sales-ai-agents.com\/tr\/wp-json\/wp\/v2\/media?parent=57720"}],"wp:term":[{"taxonomy":"product_brand","embeddable":true,"href":"https:\/\/sales-ai-agents.com\/tr\/wp-json\/wp\/v2\/product_brand?post=57720"},{"taxonomy":"product_cat","embeddable":true,"href":"https:\/\/sales-ai-agents.com\/tr\/wp-json\/wp\/v2\/product_cat?post=57720"},{"taxonomy":"product_tag","embeddable":true,"href":"https:\/\/sales-ai-agents.com\/tr\/wp-json\/wp\/v2\/product_tag?post=57720"}],"curies":[{"name":"wp","href":"https:\/\/api.w.org\/{rel}","templated":true}]}}