{"id":57723,"date":"2022-09-26T12:09:15","date_gmt":"2022-09-26T12:09:15","guid":{"rendered":"https:\/\/sales-ai-agents.com\/templates\/sprint-plans\/"},"modified":"2024-01-02T11:10:45","modified_gmt":"2024-01-02T11:10:45","slug":"sprint-plans","status":"publish","type":"product","link":"https:\/\/sales-ai-agents.com\/tr\/templates\/sprint-plans\/","title":{"rendered":"Sprint Planlar\u0131"},"content":{"rendered":"<p>&nbsp;<\/p>\n<h2>Sprint Planlar\u0131 \u015eablonu<\/h2>\n<p class=\"desc-text\">Projeler i\u00e7in zaman \u00e7izelgelerini y\u00f6netirken, birden fazla g\u00f6rev ve son teslim tarihi ile bo\u011fulmu\u015f hissetmek kolay olabilir. Ekibiniz her \u015feyi tek bir yerde yap\u0131land\u0131rmak istiyorsa, sprint planlar\u0131 \u015fablonumuza bir g\u00f6z at\u0131n. Yinelemelerinizi ayr\u0131 tablolarla sprintlere ay\u0131rarak planlayabilirsiniz. G\u00f6revler ekleyin ve her ekip \u00fcyesine i\u015f atay\u0131n. Tek bir belge ile planlar\u0131n\u0131z\u0131 belirleyin ve t\u00fcm ekibinizi sorumlu tutun.<\/p>\n<h5>Nas\u0131l kullan\u0131l\u0131r?<\/h5>\n<ul class=\"desc-item_list\">\n<li class=\"desc-item_list__point\">Her sprint i\u00e7in g\u00f6revler ekleyin<\/li>\n<li class=\"desc-item_list__point\">Her g\u00f6rev i\u00e7in bir ekip \u00fcyesi atay\u0131n<\/li>\n<li class=\"desc-item_list__point\">\u00d6ncelik seviyelerini ve durumu etiketlemek i\u00e7in renkleri kullan\u0131n<\/li>\n<li class=\"desc-item_list__point\">Her bir g\u00f6revin zaman s\u00fcresini tahmin edin<\/li>\n<li class=\"desc-item_list__point\">\u0130htiyac\u0131n\u0131z kadar sprint olu\u015fturun<\/li>\n<li class=\"desc-item_list__point\">T\u00fcm ekibinizle payla\u015f\u0131n<\/li>\n<\/ul>\n","protected":false},"excerpt":{"rendered":"<p>Projeler i\u00e7in zaman \u00e7izelgelerini y\u00f6netirken, g\u00f6revler ve son teslim tarihleriyle bo\u011fulmu\u015f hissetmek kolay olabilir. Her \u015feyi tek bir yerde yap\u0131land\u0131rmak i\u00e7in bir sprint plan\u0131 \u015fablonu kullan\u0131n!<\/p>\n","protected":false},"featured_media":57724,"template":"","meta":{"_acf_changed":false,"inline_featured_image":false},"product_brand":[],"product_cat":[278,231],"product_tag":[],"class_list":{"0":"post-57723","1":"product","2":"type-product","3":"status-publish","4":"has-post-thumbnail","6":"product_cat-programmer-engineer","7":"product_cat-project-management","9":"first","10":"instock","11":"virtual","12":"sold-individually","13":"product-type-simple"},"acf":[],"yoast_head":"<!-- This site is optimized with the Yoast SEO plugin v25.3.1 - https:\/\/yoast.com\/wordpress\/plugins\/seo\/ -->\n<title>Sprint Planlar\u0131 \u015eablonu - Sales AI Agents<\/title>\n<meta name=\"description\" content=\"Projeler i\u00e7in zaman \u00e7izelgelerini y\u00f6netirken, g\u00f6revler ve son teslim tarihleriyle bo\u011fulmu\u015f hissetmek kolay olabilir. Her \u015feyi tek bir yerde yap\u0131land\u0131rmak i\u00e7in bir sprint plan\u0131 \u015fablonu kullan\u0131n!\" \/>\n<meta name=\"robots\" content=\"index, follow, max-snippet:-1, max-image-preview:large, max-video-preview:-1\" \/>\n<link rel=\"canonical\" href=\"https:\/\/sales-ai-agents.com\/tr\/templates\/sprint-plans\/\" \/>\n<meta property=\"og:locale\" content=\"tr_TR\" \/>\n<meta property=\"og:type\" content=\"article\" \/>\n<meta property=\"og:title\" content=\"Sprint Planlar\u0131 \u015eablonu - Sales AI Agents\" \/>\n<meta property=\"og:description\" content=\"Projeler i\u00e7in zaman \u00e7izelgelerini y\u00f6netirken, g\u00f6revler ve son teslim tarihleriyle bo\u011fulmu\u015f hissetmek kolay olabilir. Her \u015feyi tek bir yerde yap\u0131land\u0131rmak i\u00e7in bir sprint plan\u0131 \u015fablonu kullan\u0131n!\" \/>\n<meta property=\"og:url\" content=\"https:\/\/sales-ai-agents.com\/tr\/templates\/sprint-plans\/\" \/>\n<meta property=\"og:site_name\" content=\"Sales AI Agents\" \/>\n<meta property=\"article:modified_time\" content=\"2024-01-02T11:10:45+00:00\" \/>\n<meta property=\"og:image\" content=\"https:\/\/sales-ai-agents.com\/wp-content\/uploads\/2022\/09\/Sprint-Plans-Template.png\" \/>\n\t<meta property=\"og:image:width\" content=\"1700\" \/>\n\t<meta property=\"og:image:height\" content=\"1100\" \/>\n\t<meta property=\"og:image:type\" content=\"image\/png\" \/>\n<meta name=\"twitter:card\" content=\"summary_large_image\" \/>\n<script type=\"application\/ld+json\" class=\"yoast-schema-graph\">{\"@context\":\"https:\/\/schema.org\",\"@graph\":[{\"@type\":\"WebPage\",\"@id\":\"https:\/\/sales-ai-agents.com\/tr\/templates\/sprint-plans\/\",\"url\":\"https:\/\/sales-ai-agents.com\/tr\/templates\/sprint-plans\/\",\"name\":\"Sprint Planlar\u0131 \u015eablonu - Sales AI Agents\",\"isPartOf\":{\"@id\":\"https:\/\/sales-ai-agents.com\/#website\"},\"primaryImageOfPage\":{\"@id\":\"https:\/\/sales-ai-agents.com\/tr\/templates\/sprint-plans\/#primaryimage\"},\"image\":{\"@id\":\"https:\/\/sales-ai-agents.com\/tr\/templates\/sprint-plans\/#primaryimage\"},\"thumbnailUrl\":\"https:\/\/sales-ai-agents.com\/wp-content\/uploads\/2022\/09\/Sprint-Plans-Template.png\",\"datePublished\":\"2022-09-26T12:09:15+00:00\",\"dateModified\":\"2024-01-02T11:10:45+00:00\",\"description\":\"Projeler i\u00e7in zaman \u00e7izelgelerini y\u00f6netirken, g\u00f6revler ve son teslim tarihleriyle bo\u011fulmu\u015f hissetmek kolay olabilir. Her \u015feyi tek bir yerde yap\u0131land\u0131rmak i\u00e7in bir sprint plan\u0131 \u015fablonu kullan\u0131n!\",\"inLanguage\":\"tr\",\"potentialAction\":[{\"@type\":\"ReadAction\",\"target\":[\"https:\/\/sales-ai-agents.com\/tr\/templates\/sprint-plans\/\"]}]},{\"@type\":\"ImageObject\",\"inLanguage\":\"tr\",\"@id\":\"https:\/\/sales-ai-agents.com\/tr\/templates\/sprint-plans\/#primaryimage\",\"url\":\"https:\/\/sales-ai-agents.com\/wp-content\/uploads\/2022\/09\/Sprint-Plans-Template.png\",\"contentUrl\":\"https:\/\/sales-ai-agents.com\/wp-content\/uploads\/2022\/09\/Sprint-Plans-Template.png\",\"width\":1700,\"height\":1100},{\"@type\":\"WebSite\",\"@id\":\"https:\/\/sales-ai-agents.com\/#website\",\"url\":\"https:\/\/sales-ai-agents.com\/\",\"name\":\"FuseBase\",\"description\":\"Sales AI Agents - Free Online Collaboration Software for Remote Teams. Build your wikis, client portals and more with the Nimbus Platform collaboration tool ? A perfect space for online work\",\"publisher\":{\"@id\":\"https:\/\/sales-ai-agents.com\/#organization\"},\"potentialAction\":[{\"@type\":\"SearchAction\",\"target\":{\"@type\":\"EntryPoint\",\"urlTemplate\":\"https:\/\/sales-ai-agents.com\/?s={search_term_string}\"},\"query-input\":{\"@type\":\"PropertyValueSpecification\",\"valueRequired\":true,\"valueName\":\"search_term_string\"}}],\"inLanguage\":\"tr\"},{\"@type\":\"Organization\",\"@id\":\"https:\/\/sales-ai-agents.com\/#organization\",\"name\":\"FuseBase\",\"url\":\"https:\/\/sales-ai-agents.com\/\",\"logo\":{\"@type\":\"ImageObject\",\"inLanguage\":\"tr\",\"@id\":\"https:\/\/sales-ai-agents.com\/#\/schema\/logo\/image\/\",\"url\":\"https:\/\/sales-ai-agents.com\/wp-content\/uploads\/2023\/11\/icon-7.svg\",\"contentUrl\":\"https:\/\/sales-ai-agents.com\/wp-content\/uploads\/2023\/11\/icon-7.svg\",\"width\":128,\"height\":128,\"caption\":\"FuseBase\"},\"image\":{\"@id\":\"https:\/\/sales-ai-agents.com\/#\/schema\/logo\/image\/\"}}]}<\/script>\n<!-- \/ Yoast SEO plugin. -->","yoast_head_json":{"title":"Sprint Planlar\u0131 \u015eablonu - Sales AI Agents","description":"Projeler i\u00e7in zaman \u00e7izelgelerini y\u00f6netirken, g\u00f6revler ve son teslim tarihleriyle bo\u011fulmu\u015f hissetmek kolay olabilir. Her \u015feyi tek bir yerde yap\u0131land\u0131rmak i\u00e7in bir sprint plan\u0131 \u015fablonu kullan\u0131n!","robots":{"index":"index","follow":"follow","max-snippet":"max-snippet:-1","max-image-preview":"max-image-preview:large","max-video-preview":"max-video-preview:-1"},"canonical":"https:\/\/sales-ai-agents.com\/tr\/templates\/sprint-plans\/","og_locale":"tr_TR","og_type":"article","og_title":"Sprint Planlar\u0131 \u015eablonu - Sales AI Agents","og_description":"Projeler i\u00e7in zaman \u00e7izelgelerini y\u00f6netirken, g\u00f6revler ve son teslim tarihleriyle bo\u011fulmu\u015f hissetmek kolay olabilir. Her \u015feyi tek bir yerde yap\u0131land\u0131rmak i\u00e7in bir sprint plan\u0131 \u015fablonu kullan\u0131n!","og_url":"https:\/\/sales-ai-agents.com\/tr\/templates\/sprint-plans\/","og_site_name":"Sales AI Agents","article_modified_time":"2024-01-02T11:10:45+00:00","og_image":[{"width":1700,"height":1100,"url":"https:\/\/sales-ai-agents.com\/wp-content\/uploads\/2022\/09\/Sprint-Plans-Template.png","type":"image\/png"}],"twitter_card":"summary_large_image","schema":{"@context":"https:\/\/schema.org","@graph":[{"@type":"WebPage","@id":"https:\/\/sales-ai-agents.com\/tr\/templates\/sprint-plans\/","url":"https:\/\/sales-ai-agents.com\/tr\/templates\/sprint-plans\/","name":"Sprint Planlar\u0131 \u015eablonu - Sales AI Agents","isPartOf":{"@id":"https:\/\/sales-ai-agents.com\/#website"},"primaryImageOfPage":{"@id":"https:\/\/sales-ai-agents.com\/tr\/templates\/sprint-plans\/#primaryimage"},"image":{"@id":"https:\/\/sales-ai-agents.com\/tr\/templates\/sprint-plans\/#primaryimage"},"thumbnailUrl":"https:\/\/sales-ai-agents.com\/wp-content\/uploads\/2022\/09\/Sprint-Plans-Template.png","datePublished":"2022-09-26T12:09:15+00:00","dateModified":"2024-01-02T11:10:45+00:00","description":"Projeler i\u00e7in zaman \u00e7izelgelerini y\u00f6netirken, g\u00f6revler ve son teslim tarihleriyle bo\u011fulmu\u015f hissetmek kolay olabilir. Her \u015feyi tek bir yerde yap\u0131land\u0131rmak i\u00e7in bir sprint plan\u0131 \u015fablonu kullan\u0131n!","inLanguage":"tr","potentialAction":[{"@type":"ReadAction","target":["https:\/\/sales-ai-agents.com\/tr\/templates\/sprint-plans\/"]}]},{"@type":"ImageObject","inLanguage":"tr","@id":"https:\/\/sales-ai-agents.com\/tr\/templates\/sprint-plans\/#primaryimage","url":"https:\/\/sales-ai-agents.com\/wp-content\/uploads\/2022\/09\/Sprint-Plans-Template.png","contentUrl":"https:\/\/sales-ai-agents.com\/wp-content\/uploads\/2022\/09\/Sprint-Plans-Template.png","width":1700,"height":1100},{"@type":"WebSite","@id":"https:\/\/sales-ai-agents.com\/#website","url":"https:\/\/sales-ai-agents.com\/","name":"FuseBase","description":"Sales AI Agents - Free Online Collaboration Software for Remote Teams. Build your wikis, client portals and more with the Nimbus Platform collaboration tool ? A perfect space for online work","publisher":{"@id":"https:\/\/sales-ai-agents.com\/#organization"},"potentialAction":[{"@type":"SearchAction","target":{"@type":"EntryPoint","urlTemplate":"https:\/\/sales-ai-agents.com\/?s={search_term_string}"},"query-input":{"@type":"PropertyValueSpecification","valueRequired":true,"valueName":"search_term_string"}}],"inLanguage":"tr"},{"@type":"Organization","@id":"https:\/\/sales-ai-agents.com\/#organization","name":"FuseBase","url":"https:\/\/sales-ai-agents.com\/","logo":{"@type":"ImageObject","inLanguage":"tr","@id":"https:\/\/sales-ai-agents.com\/#\/schema\/logo\/image\/","url":"https:\/\/sales-ai-agents.com\/wp-content\/uploads\/2023\/11\/icon-7.svg","contentUrl":"https:\/\/sales-ai-agents.com\/wp-content\/uploads\/2023\/11\/icon-7.svg","width":128,"height":128,"caption":"FuseBase"},"image":{"@id":"https:\/\/sales-ai-agents.com\/#\/schema\/logo\/image\/"}}]}},"_links":{"self":[{"href":"https:\/\/sales-ai-agents.com\/tr\/wp-json\/wp\/v2\/product\/57723","targetHints":{"allow":["GET"]}}],"collection":[{"href":"https:\/\/sales-ai-agents.com\/tr\/wp-json\/wp\/v2\/product"}],"about":[{"href":"https:\/\/sales-ai-agents.com\/tr\/wp-json\/wp\/v2\/types\/product"}],"wp:featuredmedia":[{"embeddable":true,"href":"https:\/\/sales-ai-agents.com\/tr\/wp-json\/wp\/v2\/media\/57724"}],"wp:attachment":[{"href":"https:\/\/sales-ai-agents.com\/tr\/wp-json\/wp\/v2\/media?parent=57723"}],"wp:term":[{"taxonomy":"product_brand","embeddable":true,"href":"https:\/\/sales-ai-agents.com\/tr\/wp-json\/wp\/v2\/product_brand?post=57723"},{"taxonomy":"product_cat","embeddable":true,"href":"https:\/\/sales-ai-agents.com\/tr\/wp-json\/wp\/v2\/product_cat?post=57723"},{"taxonomy":"product_tag","embeddable":true,"href":"https:\/\/sales-ai-agents.com\/tr\/wp-json\/wp\/v2\/product_tag?post=57723"}],"curies":[{"name":"wp","href":"https:\/\/api.w.org\/{rel}","templated":true}]}}