{"id":57726,"date":"2022-09-26T12:09:12","date_gmt":"2022-09-26T12:09:12","guid":{"rendered":"https:\/\/sales-ai-agents.com\/templates\/personal-relationship-manager\/"},"modified":"2024-01-02T13:25:38","modified_gmt":"2024-01-02T13:25:38","slug":"personal-relationship-manager","status":"publish","type":"product","link":"https:\/\/sales-ai-agents.com\/tr\/templates\/personal-relationship-manager\/","title":{"rendered":"Ki\u015fisel \u0130li\u015fki Y\u00f6neticisi"},"content":{"rendered":"<p>&nbsp;<\/p>\n<h2>Ki\u015fisel \u0130li\u015fki Y\u00f6neticisi \u015eablonu<\/h2>\n<p class=\"desc-text\">Bu Ki\u015fisel \u0130li\u015fki Y\u00f6neticisi \u015fablonu aileniz, arkada\u015flar\u0131n\u0131z, meslekta\u015flar\u0131n\u0131z veya m\u00fc\u015fterilerinizle ileti\u015fim kurman\u0131z\u0131 kolayla\u015ft\u0131r\u0131r. \u00d6nemli telefon numaralar\u0131n\u0131, e-postalar\u0131 veya sosyal medya hesaplar\u0131n\u0131 asla unutmay\u0131n. Temel bilgileri almak i\u00e7in tek bir belge kullan\u0131n. Aramalar\u0131n ve e-postalar\u0131n tarih ve saatlerini takip edin, b\u00f6ylece yaz\u0131\u015fmalar\u0131n\u0131z\u0131n izini kaybetme endi\u015fesi ya\u015famazs\u0131n\u0131z. En \u00f6nemli ki\u015filerle ba\u011flant\u0131da kalmak i\u00e7in bu \u015fablonu kullan\u0131n.<\/p>\n<h5>Nas\u0131l kullan\u0131l\u0131r?<\/h5>\n<ul class=\"desc-item_list\">\n<li class=\"desc-item_list__point\">Ki\u015filerinizin adlar\u0131n\u0131 listeleyin<\/li>\n<li class=\"desc-item_list__point\">Gecikmi\u015f yaz\u0131\u015fmalar\u0131 belirtmek i\u00e7in onay kutular\u0131n\u0131 kullan\u0131n<\/li>\n<li class=\"desc-item_list__point\">Son temas tarihlerini ekleyin<\/li>\n<li class=\"desc-item_list__point\">Ge\u00e7erli konumlar\u0131n\u0131 ekleyin<\/li>\n<li class=\"desc-item_list__point\">Telefon numaralar\u0131, e-postalar ve sosyal medya hesaplar\u0131 ekleyin<\/li>\n<\/ul>\n","protected":false},"excerpt":{"rendered":"<p>Bu ki\u015fisel CRM \u015fablonu, ekibiniz ve m\u00fc\u015fterilerinizle ileti\u015fim kurman\u0131z\u0131 kolayla\u015ft\u0131r\u0131r. Telefon numaralar\u0131n\u0131, e-postalar\u0131 veya sosyal medya hesaplar\u0131n\u0131 asla unutmay\u0131n<\/p>\n","protected":false},"featured_media":57727,"template":"","meta":{"_acf_changed":false,"inline_featured_image":false},"product_brand":[],"product_cat":[257,266],"product_tag":[],"class_list":{"0":"post-57726","1":"product","2":"type-product","3":"status-publish","4":"has-post-thumbnail","6":"product_cat-personal","7":"product_cat-personal-work","9":"first","10":"instock","11":"virtual","12":"sold-individually","13":"product-type-simple"},"acf":[],"yoast_head":"<!-- This site is optimized with the Yoast SEO plugin v25.3.1 - https:\/\/yoast.com\/wordpress\/plugins\/seo\/ -->\n<title>Ki\u015fisel \u0130li\u015fki Y\u00f6neticisi \u015eablonu - Sales AI Agents<\/title>\n<meta name=\"description\" content=\"Bu ki\u015fisel CRM \u015fablonu, ekibiniz ve m\u00fc\u015fterilerinizle ileti\u015fim kurman\u0131z\u0131 kolayla\u015ft\u0131r\u0131r. Telefon numaralar\u0131n\u0131, e-postalar\u0131 veya sosyal medya hesaplar\u0131n\u0131 asla unutmay\u0131n\" \/>\n<meta name=\"robots\" content=\"index, follow, max-snippet:-1, max-image-preview:large, max-video-preview:-1\" \/>\n<link rel=\"canonical\" href=\"https:\/\/sales-ai-agents.com\/tr\/templates\/personal-relationship-manager\/\" \/>\n<meta property=\"og:locale\" content=\"tr_TR\" \/>\n<meta property=\"og:type\" content=\"article\" \/>\n<meta property=\"og:title\" content=\"Ki\u015fisel \u0130li\u015fki Y\u00f6neticisi \u015eablonu - Sales AI Agents\" \/>\n<meta property=\"og:description\" content=\"Bu ki\u015fisel CRM \u015fablonu, ekibiniz ve m\u00fc\u015fterilerinizle ileti\u015fim kurman\u0131z\u0131 kolayla\u015ft\u0131r\u0131r. Telefon numaralar\u0131n\u0131, e-postalar\u0131 veya sosyal medya hesaplar\u0131n\u0131 asla unutmay\u0131n\" \/>\n<meta property=\"og:url\" content=\"https:\/\/sales-ai-agents.com\/tr\/templates\/personal-relationship-manager\/\" \/>\n<meta property=\"og:site_name\" content=\"Sales AI Agents\" \/>\n<meta property=\"article:modified_time\" content=\"2024-01-02T13:25:38+00:00\" \/>\n<meta property=\"og:image\" content=\"https:\/\/sales-ai-agents.com\/wp-content\/uploads\/2022\/09\/Personal-Relationship-Manager-Template.png\" \/>\n\t<meta property=\"og:image:width\" content=\"1700\" \/>\n\t<meta property=\"og:image:height\" content=\"1100\" \/>\n\t<meta property=\"og:image:type\" content=\"image\/png\" \/>\n<meta name=\"twitter:card\" content=\"summary_large_image\" \/>\n<script type=\"application\/ld+json\" class=\"yoast-schema-graph\">{\"@context\":\"https:\/\/schema.org\",\"@graph\":[{\"@type\":\"WebPage\",\"@id\":\"https:\/\/sales-ai-agents.com\/tr\/templates\/personal-relationship-manager\/\",\"url\":\"https:\/\/sales-ai-agents.com\/tr\/templates\/personal-relationship-manager\/\",\"name\":\"Ki\u015fisel \u0130li\u015fki Y\u00f6neticisi \u015eablonu - Sales AI Agents\",\"isPartOf\":{\"@id\":\"https:\/\/sales-ai-agents.com\/#website\"},\"primaryImageOfPage\":{\"@id\":\"https:\/\/sales-ai-agents.com\/tr\/templates\/personal-relationship-manager\/#primaryimage\"},\"image\":{\"@id\":\"https:\/\/sales-ai-agents.com\/tr\/templates\/personal-relationship-manager\/#primaryimage\"},\"thumbnailUrl\":\"https:\/\/sales-ai-agents.com\/wp-content\/uploads\/2022\/09\/Personal-Relationship-Manager-Template.png\",\"datePublished\":\"2022-09-26T12:09:12+00:00\",\"dateModified\":\"2024-01-02T13:25:38+00:00\",\"description\":\"Bu ki\u015fisel CRM \u015fablonu, ekibiniz ve m\u00fc\u015fterilerinizle ileti\u015fim kurman\u0131z\u0131 kolayla\u015ft\u0131r\u0131r. Telefon numaralar\u0131n\u0131, e-postalar\u0131 veya sosyal medya hesaplar\u0131n\u0131 asla unutmay\u0131n\",\"inLanguage\":\"tr\",\"potentialAction\":[{\"@type\":\"ReadAction\",\"target\":[\"https:\/\/sales-ai-agents.com\/tr\/templates\/personal-relationship-manager\/\"]}]},{\"@type\":\"ImageObject\",\"inLanguage\":\"tr\",\"@id\":\"https:\/\/sales-ai-agents.com\/tr\/templates\/personal-relationship-manager\/#primaryimage\",\"url\":\"https:\/\/sales-ai-agents.com\/wp-content\/uploads\/2022\/09\/Personal-Relationship-Manager-Template.png\",\"contentUrl\":\"https:\/\/sales-ai-agents.com\/wp-content\/uploads\/2022\/09\/Personal-Relationship-Manager-Template.png\",\"width\":1700,\"height\":1100},{\"@type\":\"WebSite\",\"@id\":\"https:\/\/sales-ai-agents.com\/#website\",\"url\":\"https:\/\/sales-ai-agents.com\/\",\"name\":\"FuseBase\",\"description\":\"Sales AI Agents - Free Online Collaboration Software for Remote Teams. Build your wikis, client portals and more with the Nimbus Platform collaboration tool ? A perfect space for online work\",\"publisher\":{\"@id\":\"https:\/\/sales-ai-agents.com\/#organization\"},\"potentialAction\":[{\"@type\":\"SearchAction\",\"target\":{\"@type\":\"EntryPoint\",\"urlTemplate\":\"https:\/\/sales-ai-agents.com\/?s={search_term_string}\"},\"query-input\":{\"@type\":\"PropertyValueSpecification\",\"valueRequired\":true,\"valueName\":\"search_term_string\"}}],\"inLanguage\":\"tr\"},{\"@type\":\"Organization\",\"@id\":\"https:\/\/sales-ai-agents.com\/#organization\",\"name\":\"FuseBase\",\"url\":\"https:\/\/sales-ai-agents.com\/\",\"logo\":{\"@type\":\"ImageObject\",\"inLanguage\":\"tr\",\"@id\":\"https:\/\/sales-ai-agents.com\/#\/schema\/logo\/image\/\",\"url\":\"https:\/\/sales-ai-agents.com\/wp-content\/uploads\/2023\/11\/icon-7.svg\",\"contentUrl\":\"https:\/\/sales-ai-agents.com\/wp-content\/uploads\/2023\/11\/icon-7.svg\",\"width\":128,\"height\":128,\"caption\":\"FuseBase\"},\"image\":{\"@id\":\"https:\/\/sales-ai-agents.com\/#\/schema\/logo\/image\/\"}}]}<\/script>\n<!-- \/ Yoast SEO plugin. -->","yoast_head_json":{"title":"Ki\u015fisel \u0130li\u015fki Y\u00f6neticisi \u015eablonu - Sales AI Agents","description":"Bu ki\u015fisel CRM \u015fablonu, ekibiniz ve m\u00fc\u015fterilerinizle ileti\u015fim kurman\u0131z\u0131 kolayla\u015ft\u0131r\u0131r. Telefon numaralar\u0131n\u0131, e-postalar\u0131 veya sosyal medya hesaplar\u0131n\u0131 asla unutmay\u0131n","robots":{"index":"index","follow":"follow","max-snippet":"max-snippet:-1","max-image-preview":"max-image-preview:large","max-video-preview":"max-video-preview:-1"},"canonical":"https:\/\/sales-ai-agents.com\/tr\/templates\/personal-relationship-manager\/","og_locale":"tr_TR","og_type":"article","og_title":"Ki\u015fisel \u0130li\u015fki Y\u00f6neticisi \u015eablonu - Sales AI Agents","og_description":"Bu ki\u015fisel CRM \u015fablonu, ekibiniz ve m\u00fc\u015fterilerinizle ileti\u015fim kurman\u0131z\u0131 kolayla\u015ft\u0131r\u0131r. Telefon numaralar\u0131n\u0131, e-postalar\u0131 veya sosyal medya hesaplar\u0131n\u0131 asla unutmay\u0131n","og_url":"https:\/\/sales-ai-agents.com\/tr\/templates\/personal-relationship-manager\/","og_site_name":"Sales AI Agents","article_modified_time":"2024-01-02T13:25:38+00:00","og_image":[{"width":1700,"height":1100,"url":"https:\/\/sales-ai-agents.com\/wp-content\/uploads\/2022\/09\/Personal-Relationship-Manager-Template.png","type":"image\/png"}],"twitter_card":"summary_large_image","schema":{"@context":"https:\/\/schema.org","@graph":[{"@type":"WebPage","@id":"https:\/\/sales-ai-agents.com\/tr\/templates\/personal-relationship-manager\/","url":"https:\/\/sales-ai-agents.com\/tr\/templates\/personal-relationship-manager\/","name":"Ki\u015fisel \u0130li\u015fki Y\u00f6neticisi \u015eablonu - Sales AI Agents","isPartOf":{"@id":"https:\/\/sales-ai-agents.com\/#website"},"primaryImageOfPage":{"@id":"https:\/\/sales-ai-agents.com\/tr\/templates\/personal-relationship-manager\/#primaryimage"},"image":{"@id":"https:\/\/sales-ai-agents.com\/tr\/templates\/personal-relationship-manager\/#primaryimage"},"thumbnailUrl":"https:\/\/sales-ai-agents.com\/wp-content\/uploads\/2022\/09\/Personal-Relationship-Manager-Template.png","datePublished":"2022-09-26T12:09:12+00:00","dateModified":"2024-01-02T13:25:38+00:00","description":"Bu ki\u015fisel CRM \u015fablonu, ekibiniz ve m\u00fc\u015fterilerinizle ileti\u015fim kurman\u0131z\u0131 kolayla\u015ft\u0131r\u0131r. Telefon numaralar\u0131n\u0131, e-postalar\u0131 veya sosyal medya hesaplar\u0131n\u0131 asla unutmay\u0131n","inLanguage":"tr","potentialAction":[{"@type":"ReadAction","target":["https:\/\/sales-ai-agents.com\/tr\/templates\/personal-relationship-manager\/"]}]},{"@type":"ImageObject","inLanguage":"tr","@id":"https:\/\/sales-ai-agents.com\/tr\/templates\/personal-relationship-manager\/#primaryimage","url":"https:\/\/sales-ai-agents.com\/wp-content\/uploads\/2022\/09\/Personal-Relationship-Manager-Template.png","contentUrl":"https:\/\/sales-ai-agents.com\/wp-content\/uploads\/2022\/09\/Personal-Relationship-Manager-Template.png","width":1700,"height":1100},{"@type":"WebSite","@id":"https:\/\/sales-ai-agents.com\/#website","url":"https:\/\/sales-ai-agents.com\/","name":"FuseBase","description":"Sales AI Agents - Free Online Collaboration Software for Remote Teams. Build your wikis, client portals and more with the Nimbus Platform collaboration tool ? A perfect space for online work","publisher":{"@id":"https:\/\/sales-ai-agents.com\/#organization"},"potentialAction":[{"@type":"SearchAction","target":{"@type":"EntryPoint","urlTemplate":"https:\/\/sales-ai-agents.com\/?s={search_term_string}"},"query-input":{"@type":"PropertyValueSpecification","valueRequired":true,"valueName":"search_term_string"}}],"inLanguage":"tr"},{"@type":"Organization","@id":"https:\/\/sales-ai-agents.com\/#organization","name":"FuseBase","url":"https:\/\/sales-ai-agents.com\/","logo":{"@type":"ImageObject","inLanguage":"tr","@id":"https:\/\/sales-ai-agents.com\/#\/schema\/logo\/image\/","url":"https:\/\/sales-ai-agents.com\/wp-content\/uploads\/2023\/11\/icon-7.svg","contentUrl":"https:\/\/sales-ai-agents.com\/wp-content\/uploads\/2023\/11\/icon-7.svg","width":128,"height":128,"caption":"FuseBase"},"image":{"@id":"https:\/\/sales-ai-agents.com\/#\/schema\/logo\/image\/"}}]}},"_links":{"self":[{"href":"https:\/\/sales-ai-agents.com\/tr\/wp-json\/wp\/v2\/product\/57726","targetHints":{"allow":["GET"]}}],"collection":[{"href":"https:\/\/sales-ai-agents.com\/tr\/wp-json\/wp\/v2\/product"}],"about":[{"href":"https:\/\/sales-ai-agents.com\/tr\/wp-json\/wp\/v2\/types\/product"}],"wp:featuredmedia":[{"embeddable":true,"href":"https:\/\/sales-ai-agents.com\/tr\/wp-json\/wp\/v2\/media\/57727"}],"wp:attachment":[{"href":"https:\/\/sales-ai-agents.com\/tr\/wp-json\/wp\/v2\/media?parent=57726"}],"wp:term":[{"taxonomy":"product_brand","embeddable":true,"href":"https:\/\/sales-ai-agents.com\/tr\/wp-json\/wp\/v2\/product_brand?post=57726"},{"taxonomy":"product_cat","embeddable":true,"href":"https:\/\/sales-ai-agents.com\/tr\/wp-json\/wp\/v2\/product_cat?post=57726"},{"taxonomy":"product_tag","embeddable":true,"href":"https:\/\/sales-ai-agents.com\/tr\/wp-json\/wp\/v2\/product_tag?post=57726"}],"curies":[{"name":"wp","href":"https:\/\/api.w.org\/{rel}","templated":true}]}}