{"id":57739,"date":"2022-09-26T12:08:58","date_gmt":"2022-09-26T12:08:58","guid":{"rendered":"https:\/\/sales-ai-agents.com\/templates\/project-overview\/"},"modified":"2023-12-31T17:12:15","modified_gmt":"2023-12-31T17:12:15","slug":"project-overview","status":"publish","type":"product","link":"https:\/\/sales-ai-agents.com\/tr\/templates\/project-overview\/","title":{"rendered":"Projeye Genel Bak\u0131\u015f"},"content":{"rendered":"<p>&nbsp;<\/p>\n<h2>Projeye Genel Bak\u0131\u015f \u015eablonu<\/h2>\n<p class=\"desc-text\">Projeye genel bak\u0131\u015f \u015fablonu, t\u00fcm ayr\u0131nt\u0131lar\u0131n\u0131z\u0131 \u00e7al\u0131\u015fman\u0131z\u0131n t\u00fcm s\u00fcrecini g\u00f6rebilece\u011finiz tek bir sayfada toplaman\u0131za yard\u0131mc\u0131 olacakt\u0131r. Bu, g\u00f6revleri h\u0131zl\u0131 ve verimli bir \u015fekilde ger\u00e7ekle\u015ftirmenizi ve kontrol etmenizi sa\u011flayacakt\u0131r.<\/p>\n<h5>Nas\u0131l kullan\u0131l\u0131r?<\/h5>\n<ul class=\"desc-item_list\">\n<li class=\"desc-item_list__point\">Proje bilgilerini ekleyin<\/li>\n<li class=\"desc-item_list__point\">Sorumlu \u00fcyeyi belirtin<\/li>\n<li class=\"desc-item_list__point\">Proje teslim tarihlerini belirleyin<\/li>\n<li class=\"desc-item_list__point\">Projeleri \u00f6nceliklendirin<\/li>\n<li class=\"desc-item_list__point\">Tamamlarken uygun alanlar\u0131 doldurun<\/li>\n<li class=\"desc-item_list__point\">Uygulaman\u0131n ilerleyi\u015fini takip edin<\/li>\n<li class=\"desc-item_list__point\">Bir sonraki ay\u0131n \u00e7al\u0131\u015fmalar\u0131n\u0131 planlamak i\u00e7in \u015fablonu \u00e7o\u011falt\u0131n<\/li>\n<\/ul>\n","protected":false},"excerpt":{"rendered":"<p>\u00dccretsiz \u00f6zelle\u015ftirilebilir projeye genel bak\u0131\u015f \u015fablonu, t\u00fcm ayr\u0131nt\u0131lar\u0131n\u0131z\u0131 i\u015finizin t\u00fcm s\u00fcrecini g\u00f6rebilece\u011finiz tek bir sayfada toplaman\u0131za yard\u0131mc\u0131 olacakt\u0131r.<\/p>\n","protected":false},"featured_media":57740,"template":"","meta":{"_acf_changed":false,"inline_featured_image":false},"product_brand":[],"product_cat":[231,252],"product_tag":[],"class_list":{"0":"post-57739","1":"product","2":"type-product","3":"status-publish","4":"has-post-thumbnail","6":"product_cat-project-management","7":"product_cat-product","9":"first","10":"instock","11":"virtual","12":"sold-individually","13":"product-type-simple"},"acf":[],"yoast_head":"<!-- This site is optimized with the Yoast SEO plugin v25.3.1 - https:\/\/yoast.com\/wordpress\/plugins\/seo\/ -->\n<title>Projeye Genel Bak\u0131\u015f \u015eablonu - Sales AI Agents<\/title>\n<meta name=\"description\" content=\"\u00dccretsiz \u00f6zelle\u015ftirilebilir projeye genel bak\u0131\u015f \u015fablonu, t\u00fcm ayr\u0131nt\u0131lar\u0131n\u0131z\u0131 i\u015finizin t\u00fcm s\u00fcrecini g\u00f6rebilece\u011finiz tek bir sayfada toplaman\u0131za yard\u0131mc\u0131 olacakt\u0131r.\" \/>\n<meta name=\"robots\" content=\"index, follow, max-snippet:-1, max-image-preview:large, max-video-preview:-1\" \/>\n<link rel=\"canonical\" href=\"https:\/\/sales-ai-agents.com\/tr\/templates\/project-overview\/\" \/>\n<meta property=\"og:locale\" content=\"tr_TR\" \/>\n<meta property=\"og:type\" content=\"article\" \/>\n<meta property=\"og:title\" content=\"Projeye Genel Bak\u0131\u015f \u015eablonu - Sales AI Agents\" \/>\n<meta property=\"og:description\" content=\"\u00dccretsiz \u00f6zelle\u015ftirilebilir projeye genel bak\u0131\u015f \u015fablonu, t\u00fcm ayr\u0131nt\u0131lar\u0131n\u0131z\u0131 i\u015finizin t\u00fcm s\u00fcrecini g\u00f6rebilece\u011finiz tek bir sayfada toplaman\u0131za yard\u0131mc\u0131 olacakt\u0131r.\" \/>\n<meta property=\"og:url\" content=\"https:\/\/sales-ai-agents.com\/tr\/templates\/project-overview\/\" \/>\n<meta property=\"og:site_name\" content=\"Sales AI Agents\" \/>\n<meta property=\"article:modified_time\" content=\"2023-12-31T17:12:15+00:00\" \/>\n<meta property=\"og:image\" content=\"https:\/\/sales-ai-agents.com\/wp-content\/uploads\/2022\/09\/Project-Overview-Template.png\" \/>\n\t<meta property=\"og:image:width\" content=\"1700\" \/>\n\t<meta property=\"og:image:height\" content=\"1100\" \/>\n\t<meta property=\"og:image:type\" content=\"image\/png\" \/>\n<meta name=\"twitter:card\" content=\"summary_large_image\" \/>\n<script type=\"application\/ld+json\" class=\"yoast-schema-graph\">{\"@context\":\"https:\/\/schema.org\",\"@graph\":[{\"@type\":\"WebPage\",\"@id\":\"https:\/\/sales-ai-agents.com\/tr\/templates\/project-overview\/\",\"url\":\"https:\/\/sales-ai-agents.com\/tr\/templates\/project-overview\/\",\"name\":\"Projeye Genel Bak\u0131\u015f \u015eablonu - Sales AI Agents\",\"isPartOf\":{\"@id\":\"https:\/\/sales-ai-agents.com\/#website\"},\"primaryImageOfPage\":{\"@id\":\"https:\/\/sales-ai-agents.com\/tr\/templates\/project-overview\/#primaryimage\"},\"image\":{\"@id\":\"https:\/\/sales-ai-agents.com\/tr\/templates\/project-overview\/#primaryimage\"},\"thumbnailUrl\":\"https:\/\/sales-ai-agents.com\/wp-content\/uploads\/2022\/09\/Project-Overview-Template.png\",\"datePublished\":\"2022-09-26T12:08:58+00:00\",\"dateModified\":\"2023-12-31T17:12:15+00:00\",\"description\":\"\u00dccretsiz \u00f6zelle\u015ftirilebilir projeye genel bak\u0131\u015f \u015fablonu, t\u00fcm ayr\u0131nt\u0131lar\u0131n\u0131z\u0131 i\u015finizin t\u00fcm s\u00fcrecini g\u00f6rebilece\u011finiz tek bir sayfada toplaman\u0131za yard\u0131mc\u0131 olacakt\u0131r.\",\"inLanguage\":\"tr\",\"potentialAction\":[{\"@type\":\"ReadAction\",\"target\":[\"https:\/\/sales-ai-agents.com\/tr\/templates\/project-overview\/\"]}]},{\"@type\":\"ImageObject\",\"inLanguage\":\"tr\",\"@id\":\"https:\/\/sales-ai-agents.com\/tr\/templates\/project-overview\/#primaryimage\",\"url\":\"https:\/\/sales-ai-agents.com\/wp-content\/uploads\/2022\/09\/Project-Overview-Template.png\",\"contentUrl\":\"https:\/\/sales-ai-agents.com\/wp-content\/uploads\/2022\/09\/Project-Overview-Template.png\",\"width\":1700,\"height\":1100},{\"@type\":\"WebSite\",\"@id\":\"https:\/\/sales-ai-agents.com\/#website\",\"url\":\"https:\/\/sales-ai-agents.com\/\",\"name\":\"FuseBase\",\"description\":\"Sales AI Agents - Free Online Collaboration Software for Remote Teams. Build your wikis, client portals and more with the Nimbus Platform collaboration tool ? A perfect space for online work\",\"publisher\":{\"@id\":\"https:\/\/sales-ai-agents.com\/#organization\"},\"potentialAction\":[{\"@type\":\"SearchAction\",\"target\":{\"@type\":\"EntryPoint\",\"urlTemplate\":\"https:\/\/sales-ai-agents.com\/?s={search_term_string}\"},\"query-input\":{\"@type\":\"PropertyValueSpecification\",\"valueRequired\":true,\"valueName\":\"search_term_string\"}}],\"inLanguage\":\"tr\"},{\"@type\":\"Organization\",\"@id\":\"https:\/\/sales-ai-agents.com\/#organization\",\"name\":\"FuseBase\",\"url\":\"https:\/\/sales-ai-agents.com\/\",\"logo\":{\"@type\":\"ImageObject\",\"inLanguage\":\"tr\",\"@id\":\"https:\/\/sales-ai-agents.com\/#\/schema\/logo\/image\/\",\"url\":\"https:\/\/sales-ai-agents.com\/wp-content\/uploads\/2023\/11\/icon-7.svg\",\"contentUrl\":\"https:\/\/sales-ai-agents.com\/wp-content\/uploads\/2023\/11\/icon-7.svg\",\"width\":128,\"height\":128,\"caption\":\"FuseBase\"},\"image\":{\"@id\":\"https:\/\/sales-ai-agents.com\/#\/schema\/logo\/image\/\"}}]}<\/script>\n<!-- \/ Yoast SEO plugin. -->","yoast_head_json":{"title":"Projeye Genel Bak\u0131\u015f \u015eablonu - Sales AI Agents","description":"\u00dccretsiz \u00f6zelle\u015ftirilebilir projeye genel bak\u0131\u015f \u015fablonu, t\u00fcm ayr\u0131nt\u0131lar\u0131n\u0131z\u0131 i\u015finizin t\u00fcm s\u00fcrecini g\u00f6rebilece\u011finiz tek bir sayfada toplaman\u0131za yard\u0131mc\u0131 olacakt\u0131r.","robots":{"index":"index","follow":"follow","max-snippet":"max-snippet:-1","max-image-preview":"max-image-preview:large","max-video-preview":"max-video-preview:-1"},"canonical":"https:\/\/sales-ai-agents.com\/tr\/templates\/project-overview\/","og_locale":"tr_TR","og_type":"article","og_title":"Projeye Genel Bak\u0131\u015f \u015eablonu - Sales AI Agents","og_description":"\u00dccretsiz \u00f6zelle\u015ftirilebilir projeye genel bak\u0131\u015f \u015fablonu, t\u00fcm ayr\u0131nt\u0131lar\u0131n\u0131z\u0131 i\u015finizin t\u00fcm s\u00fcrecini g\u00f6rebilece\u011finiz tek bir sayfada toplaman\u0131za yard\u0131mc\u0131 olacakt\u0131r.","og_url":"https:\/\/sales-ai-agents.com\/tr\/templates\/project-overview\/","og_site_name":"Sales AI Agents","article_modified_time":"2023-12-31T17:12:15+00:00","og_image":[{"width":1700,"height":1100,"url":"https:\/\/sales-ai-agents.com\/wp-content\/uploads\/2022\/09\/Project-Overview-Template.png","type":"image\/png"}],"twitter_card":"summary_large_image","schema":{"@context":"https:\/\/schema.org","@graph":[{"@type":"WebPage","@id":"https:\/\/sales-ai-agents.com\/tr\/templates\/project-overview\/","url":"https:\/\/sales-ai-agents.com\/tr\/templates\/project-overview\/","name":"Projeye Genel Bak\u0131\u015f \u015eablonu - Sales AI Agents","isPartOf":{"@id":"https:\/\/sales-ai-agents.com\/#website"},"primaryImageOfPage":{"@id":"https:\/\/sales-ai-agents.com\/tr\/templates\/project-overview\/#primaryimage"},"image":{"@id":"https:\/\/sales-ai-agents.com\/tr\/templates\/project-overview\/#primaryimage"},"thumbnailUrl":"https:\/\/sales-ai-agents.com\/wp-content\/uploads\/2022\/09\/Project-Overview-Template.png","datePublished":"2022-09-26T12:08:58+00:00","dateModified":"2023-12-31T17:12:15+00:00","description":"\u00dccretsiz \u00f6zelle\u015ftirilebilir projeye genel bak\u0131\u015f \u015fablonu, t\u00fcm ayr\u0131nt\u0131lar\u0131n\u0131z\u0131 i\u015finizin t\u00fcm s\u00fcrecini g\u00f6rebilece\u011finiz tek bir sayfada toplaman\u0131za yard\u0131mc\u0131 olacakt\u0131r.","inLanguage":"tr","potentialAction":[{"@type":"ReadAction","target":["https:\/\/sales-ai-agents.com\/tr\/templates\/project-overview\/"]}]},{"@type":"ImageObject","inLanguage":"tr","@id":"https:\/\/sales-ai-agents.com\/tr\/templates\/project-overview\/#primaryimage","url":"https:\/\/sales-ai-agents.com\/wp-content\/uploads\/2022\/09\/Project-Overview-Template.png","contentUrl":"https:\/\/sales-ai-agents.com\/wp-content\/uploads\/2022\/09\/Project-Overview-Template.png","width":1700,"height":1100},{"@type":"WebSite","@id":"https:\/\/sales-ai-agents.com\/#website","url":"https:\/\/sales-ai-agents.com\/","name":"FuseBase","description":"Sales AI Agents - Free Online Collaboration Software for Remote Teams. Build your wikis, client portals and more with the Nimbus Platform collaboration tool ? A perfect space for online work","publisher":{"@id":"https:\/\/sales-ai-agents.com\/#organization"},"potentialAction":[{"@type":"SearchAction","target":{"@type":"EntryPoint","urlTemplate":"https:\/\/sales-ai-agents.com\/?s={search_term_string}"},"query-input":{"@type":"PropertyValueSpecification","valueRequired":true,"valueName":"search_term_string"}}],"inLanguage":"tr"},{"@type":"Organization","@id":"https:\/\/sales-ai-agents.com\/#organization","name":"FuseBase","url":"https:\/\/sales-ai-agents.com\/","logo":{"@type":"ImageObject","inLanguage":"tr","@id":"https:\/\/sales-ai-agents.com\/#\/schema\/logo\/image\/","url":"https:\/\/sales-ai-agents.com\/wp-content\/uploads\/2023\/11\/icon-7.svg","contentUrl":"https:\/\/sales-ai-agents.com\/wp-content\/uploads\/2023\/11\/icon-7.svg","width":128,"height":128,"caption":"FuseBase"},"image":{"@id":"https:\/\/sales-ai-agents.com\/#\/schema\/logo\/image\/"}}]}},"_links":{"self":[{"href":"https:\/\/sales-ai-agents.com\/tr\/wp-json\/wp\/v2\/product\/57739","targetHints":{"allow":["GET"]}}],"collection":[{"href":"https:\/\/sales-ai-agents.com\/tr\/wp-json\/wp\/v2\/product"}],"about":[{"href":"https:\/\/sales-ai-agents.com\/tr\/wp-json\/wp\/v2\/types\/product"}],"wp:featuredmedia":[{"embeddable":true,"href":"https:\/\/sales-ai-agents.com\/tr\/wp-json\/wp\/v2\/media\/57740"}],"wp:attachment":[{"href":"https:\/\/sales-ai-agents.com\/tr\/wp-json\/wp\/v2\/media?parent=57739"}],"wp:term":[{"taxonomy":"product_brand","embeddable":true,"href":"https:\/\/sales-ai-agents.com\/tr\/wp-json\/wp\/v2\/product_brand?post=57739"},{"taxonomy":"product_cat","embeddable":true,"href":"https:\/\/sales-ai-agents.com\/tr\/wp-json\/wp\/v2\/product_cat?post=57739"},{"taxonomy":"product_tag","embeddable":true,"href":"https:\/\/sales-ai-agents.com\/tr\/wp-json\/wp\/v2\/product_tag?post=57739"}],"curies":[{"name":"wp","href":"https:\/\/api.w.org\/{rel}","templated":true}]}}