{"id":57743,"date":"2022-09-26T12:08:55","date_gmt":"2022-09-26T12:08:55","guid":{"rendered":"https:\/\/sales-ai-agents.com\/templates\/product-specification-sheet\/"},"modified":"2023-12-31T16:56:00","modified_gmt":"2023-12-31T16:56:00","slug":"product-specification-sheet","status":"publish","type":"product","link":"https:\/\/sales-ai-agents.com\/tr\/templates\/product-specification-sheet\/","title":{"rendered":"\u00dcr\u00fcn Spesifikasyon Sayfas\u0131"},"content":{"rendered":"<p>&nbsp;<\/p>\n<h2>\u00dcr\u00fcn Spesifikasyon Sayfas\u0131 \u015eablonu<\/h2>\n<p class=\"desc-text\">Bir \u00fcr\u00fcn spesifikasyon sayfas\u0131, \u00fcr\u00fcn\u00fcn\u00fcz\u00fcn ne hakk\u0131nda oldu\u011funu tan\u0131mlaman\u0131za yard\u0131mc\u0131 olur. Bir \u00fcr\u00fcn\u00fcn \u00f6zellikleri, yetenekleri ve g\u00f6r\u00fcn\u00fcm\u00fc gibi bilgileri i\u00e7erir. Size zaman kazand\u0131rmak i\u00e7in bu \u00fcr\u00fcn spesifikasyon \u015fablonunu sizin i\u00e7in olu\u015fturduk. Ekiplerinizle veya payda\u015flar\u0131n\u0131zla bilgi payla\u015fmak i\u00e7in kullanabilirsiniz. Bunu projeniz i\u00e7in bir \u00e7er\u00e7eve olarak kullan\u0131n ve t\u00fcm temel gereksinimlerinizi kar\u015f\u0131lad\u0131\u011f\u0131n\u0131zdan emin olmak i\u00e7in referans al\u0131n.<\/p>\n<h5>Nas\u0131l kullan\u0131l\u0131r?<\/h5>\n<ul class=\"desc-item_list\">\n<li class=\"desc-item_list__point\">\u015eirket logonuzun bir resmini y\u00fckleyin<\/li>\n<li class=\"desc-item_list__point\">Spesifikasyon ayr\u0131nt\u0131lar\u0131n\u0131 tabloya dahil edin<\/li>\n<li class=\"desc-item_list__point\">Arka plan bilgisi ekleyin<\/li>\n<li class=\"desc-item_list__point\">Test sonu\u00e7lar\u0131n\u0131 tabloya dahil edin<\/li>\n<li class=\"desc-item_list__point\">\u00dcr\u00fcn\u00fcn\u00fcz\u00fcn foto\u011fraflar\u0131n\u0131 ekleyin<\/li>\n<li class=\"desc-item_list__point\">Ekibinizle payla\u015f\u0131n<\/li>\n<\/ul>\n","protected":false},"excerpt":{"rendered":"<p>\u00dcr\u00fcn spesifikasyon \u015fablonu, \u00fcr\u00fcn\u00fcn\u00fcz\u00fcn ne hakk\u0131nda oldu\u011funu tan\u0131mlaman\u0131za yard\u0131mc\u0131 olur. Bir \u00fcr\u00fcn\u00fcn \u00f6zellikleri, yetenekleri ve g\u00f6r\u00fcn\u00fcm\u00fc gibi bilgileri i\u00e7erir.<\/p>\n","protected":false},"featured_media":57744,"template":"","meta":{"_acf_changed":false,"inline_featured_image":false},"product_brand":[],"product_cat":[252,253],"product_tag":[],"class_list":{"0":"post-57743","1":"product","2":"type-product","3":"status-publish","4":"has-post-thumbnail","6":"product_cat-product","7":"product_cat-product-documents","9":"first","10":"instock","11":"virtual","12":"sold-individually","13":"product-type-simple"},"acf":[],"yoast_head":"<!-- This site is optimized with the Yoast SEO plugin v25.3.1 - https:\/\/yoast.com\/wordpress\/plugins\/seo\/ -->\n<title>\u00dcr\u00fcn Spesifikasyon Sayfas\u0131 \u015eablonu - Sales AI Agents<\/title>\n<meta name=\"description\" content=\"\u00dcr\u00fcn spesifikasyon \u015fablonu, \u00fcr\u00fcn\u00fcn\u00fcz\u00fcn ne hakk\u0131nda oldu\u011funu tan\u0131mlaman\u0131za yard\u0131mc\u0131 olur. \u00dcr\u00fcn\u00fcn \u00f6zelliklerini, yeteneklerini ve g\u00f6r\u00fcn\u00fcm\u00fcn\u00fc takip etmek i\u00e7in kullan\u0131n.\" \/>\n<meta name=\"robots\" content=\"index, follow, max-snippet:-1, max-image-preview:large, max-video-preview:-1\" \/>\n<link rel=\"canonical\" href=\"https:\/\/sales-ai-agents.com\/tr\/templates\/product-specification-sheet\/\" \/>\n<meta property=\"og:locale\" content=\"tr_TR\" \/>\n<meta property=\"og:type\" content=\"article\" \/>\n<meta property=\"og:title\" content=\"\u00dcr\u00fcn Spesifikasyon Sayfas\u0131 \u015eablonu - Sales AI Agents\" \/>\n<meta property=\"og:description\" content=\"\u00dcr\u00fcn spesifikasyon \u015fablonu, \u00fcr\u00fcn\u00fcn\u00fcz\u00fcn ne hakk\u0131nda oldu\u011funu tan\u0131mlaman\u0131za yard\u0131mc\u0131 olur. \u00dcr\u00fcn\u00fcn \u00f6zelliklerini, yeteneklerini ve g\u00f6r\u00fcn\u00fcm\u00fcn\u00fc takip etmek i\u00e7in kullan\u0131n.\" \/>\n<meta property=\"og:url\" content=\"https:\/\/sales-ai-agents.com\/tr\/templates\/product-specification-sheet\/\" \/>\n<meta property=\"og:site_name\" content=\"Sales AI Agents\" \/>\n<meta property=\"article:modified_time\" content=\"2023-12-31T16:56:00+00:00\" \/>\n<meta property=\"og:image\" content=\"https:\/\/sales-ai-agents.com\/wp-content\/uploads\/2023\/01\/image-preview122050.png\" \/>\n\t<meta property=\"og:image:width\" content=\"1078\" \/>\n\t<meta property=\"og:image:height\" content=\"1497\" \/>\n\t<meta property=\"og:image:type\" content=\"image\/png\" \/>\n<meta name=\"twitter:card\" content=\"summary_large_image\" \/>\n<script type=\"application\/ld+json\" class=\"yoast-schema-graph\">{\"@context\":\"https:\/\/schema.org\",\"@graph\":[{\"@type\":\"WebPage\",\"@id\":\"https:\/\/sales-ai-agents.com\/tr\/templates\/product-specification-sheet\/\",\"url\":\"https:\/\/sales-ai-agents.com\/tr\/templates\/product-specification-sheet\/\",\"name\":\"\u00dcr\u00fcn Spesifikasyon Sayfas\u0131 \u015eablonu - Sales AI Agents\",\"isPartOf\":{\"@id\":\"https:\/\/sales-ai-agents.com\/#website\"},\"primaryImageOfPage\":{\"@id\":\"https:\/\/sales-ai-agents.com\/tr\/templates\/product-specification-sheet\/#primaryimage\"},\"image\":{\"@id\":\"https:\/\/sales-ai-agents.com\/tr\/templates\/product-specification-sheet\/#primaryimage\"},\"thumbnailUrl\":\"https:\/\/sales-ai-agents.com\/wp-content\/uploads\/2023\/01\/image-preview122050.png\",\"datePublished\":\"2022-09-26T12:08:55+00:00\",\"dateModified\":\"2023-12-31T16:56:00+00:00\",\"description\":\"\u00dcr\u00fcn spesifikasyon \u015fablonu, \u00fcr\u00fcn\u00fcn\u00fcz\u00fcn ne hakk\u0131nda oldu\u011funu tan\u0131mlaman\u0131za yard\u0131mc\u0131 olur. \u00dcr\u00fcn\u00fcn \u00f6zelliklerini, yeteneklerini ve g\u00f6r\u00fcn\u00fcm\u00fcn\u00fc takip etmek i\u00e7in kullan\u0131n.\",\"inLanguage\":\"tr\",\"potentialAction\":[{\"@type\":\"ReadAction\",\"target\":[\"https:\/\/sales-ai-agents.com\/tr\/templates\/product-specification-sheet\/\"]}]},{\"@type\":\"ImageObject\",\"inLanguage\":\"tr\",\"@id\":\"https:\/\/sales-ai-agents.com\/tr\/templates\/product-specification-sheet\/#primaryimage\",\"url\":\"https:\/\/sales-ai-agents.com\/wp-content\/uploads\/2023\/01\/image-preview122050.png\",\"contentUrl\":\"https:\/\/sales-ai-agents.com\/wp-content\/uploads\/2023\/01\/image-preview122050.png\",\"width\":1078,\"height\":1497},{\"@type\":\"WebSite\",\"@id\":\"https:\/\/sales-ai-agents.com\/#website\",\"url\":\"https:\/\/sales-ai-agents.com\/\",\"name\":\"FuseBase\",\"description\":\"Sales AI Agents - Free Online Collaboration Software for Remote Teams. Build your wikis, client portals and more with the Nimbus Platform collaboration tool ? A perfect space for online work\",\"publisher\":{\"@id\":\"https:\/\/sales-ai-agents.com\/#organization\"},\"potentialAction\":[{\"@type\":\"SearchAction\",\"target\":{\"@type\":\"EntryPoint\",\"urlTemplate\":\"https:\/\/sales-ai-agents.com\/?s={search_term_string}\"},\"query-input\":{\"@type\":\"PropertyValueSpecification\",\"valueRequired\":true,\"valueName\":\"search_term_string\"}}],\"inLanguage\":\"tr\"},{\"@type\":\"Organization\",\"@id\":\"https:\/\/sales-ai-agents.com\/#organization\",\"name\":\"FuseBase\",\"url\":\"https:\/\/sales-ai-agents.com\/\",\"logo\":{\"@type\":\"ImageObject\",\"inLanguage\":\"tr\",\"@id\":\"https:\/\/sales-ai-agents.com\/#\/schema\/logo\/image\/\",\"url\":\"https:\/\/sales-ai-agents.com\/wp-content\/uploads\/2023\/11\/icon-7.svg\",\"contentUrl\":\"https:\/\/sales-ai-agents.com\/wp-content\/uploads\/2023\/11\/icon-7.svg\",\"width\":128,\"height\":128,\"caption\":\"FuseBase\"},\"image\":{\"@id\":\"https:\/\/sales-ai-agents.com\/#\/schema\/logo\/image\/\"}}]}<\/script>\n<!-- \/ Yoast SEO plugin. -->","yoast_head_json":{"title":"\u00dcr\u00fcn Spesifikasyon Sayfas\u0131 \u015eablonu - Sales AI Agents","description":"\u00dcr\u00fcn spesifikasyon \u015fablonu, \u00fcr\u00fcn\u00fcn\u00fcz\u00fcn ne hakk\u0131nda oldu\u011funu tan\u0131mlaman\u0131za yard\u0131mc\u0131 olur. \u00dcr\u00fcn\u00fcn \u00f6zelliklerini, yeteneklerini ve g\u00f6r\u00fcn\u00fcm\u00fcn\u00fc takip etmek i\u00e7in kullan\u0131n.","robots":{"index":"index","follow":"follow","max-snippet":"max-snippet:-1","max-image-preview":"max-image-preview:large","max-video-preview":"max-video-preview:-1"},"canonical":"https:\/\/sales-ai-agents.com\/tr\/templates\/product-specification-sheet\/","og_locale":"tr_TR","og_type":"article","og_title":"\u00dcr\u00fcn Spesifikasyon Sayfas\u0131 \u015eablonu - Sales AI Agents","og_description":"\u00dcr\u00fcn spesifikasyon \u015fablonu, \u00fcr\u00fcn\u00fcn\u00fcz\u00fcn ne hakk\u0131nda oldu\u011funu tan\u0131mlaman\u0131za yard\u0131mc\u0131 olur. \u00dcr\u00fcn\u00fcn \u00f6zelliklerini, yeteneklerini ve g\u00f6r\u00fcn\u00fcm\u00fcn\u00fc takip etmek i\u00e7in kullan\u0131n.","og_url":"https:\/\/sales-ai-agents.com\/tr\/templates\/product-specification-sheet\/","og_site_name":"Sales AI Agents","article_modified_time":"2023-12-31T16:56:00+00:00","og_image":[{"width":1078,"height":1497,"url":"https:\/\/sales-ai-agents.com\/wp-content\/uploads\/2023\/01\/image-preview122050.png","type":"image\/png"}],"twitter_card":"summary_large_image","schema":{"@context":"https:\/\/schema.org","@graph":[{"@type":"WebPage","@id":"https:\/\/sales-ai-agents.com\/tr\/templates\/product-specification-sheet\/","url":"https:\/\/sales-ai-agents.com\/tr\/templates\/product-specification-sheet\/","name":"\u00dcr\u00fcn Spesifikasyon Sayfas\u0131 \u015eablonu - Sales AI Agents","isPartOf":{"@id":"https:\/\/sales-ai-agents.com\/#website"},"primaryImageOfPage":{"@id":"https:\/\/sales-ai-agents.com\/tr\/templates\/product-specification-sheet\/#primaryimage"},"image":{"@id":"https:\/\/sales-ai-agents.com\/tr\/templates\/product-specification-sheet\/#primaryimage"},"thumbnailUrl":"https:\/\/sales-ai-agents.com\/wp-content\/uploads\/2023\/01\/image-preview122050.png","datePublished":"2022-09-26T12:08:55+00:00","dateModified":"2023-12-31T16:56:00+00:00","description":"\u00dcr\u00fcn spesifikasyon \u015fablonu, \u00fcr\u00fcn\u00fcn\u00fcz\u00fcn ne hakk\u0131nda oldu\u011funu tan\u0131mlaman\u0131za yard\u0131mc\u0131 olur. \u00dcr\u00fcn\u00fcn \u00f6zelliklerini, yeteneklerini ve g\u00f6r\u00fcn\u00fcm\u00fcn\u00fc takip etmek i\u00e7in kullan\u0131n.","inLanguage":"tr","potentialAction":[{"@type":"ReadAction","target":["https:\/\/sales-ai-agents.com\/tr\/templates\/product-specification-sheet\/"]}]},{"@type":"ImageObject","inLanguage":"tr","@id":"https:\/\/sales-ai-agents.com\/tr\/templates\/product-specification-sheet\/#primaryimage","url":"https:\/\/sales-ai-agents.com\/wp-content\/uploads\/2023\/01\/image-preview122050.png","contentUrl":"https:\/\/sales-ai-agents.com\/wp-content\/uploads\/2023\/01\/image-preview122050.png","width":1078,"height":1497},{"@type":"WebSite","@id":"https:\/\/sales-ai-agents.com\/#website","url":"https:\/\/sales-ai-agents.com\/","name":"FuseBase","description":"Sales AI Agents - Free Online Collaboration Software for Remote Teams. Build your wikis, client portals and more with the Nimbus Platform collaboration tool ? A perfect space for online work","publisher":{"@id":"https:\/\/sales-ai-agents.com\/#organization"},"potentialAction":[{"@type":"SearchAction","target":{"@type":"EntryPoint","urlTemplate":"https:\/\/sales-ai-agents.com\/?s={search_term_string}"},"query-input":{"@type":"PropertyValueSpecification","valueRequired":true,"valueName":"search_term_string"}}],"inLanguage":"tr"},{"@type":"Organization","@id":"https:\/\/sales-ai-agents.com\/#organization","name":"FuseBase","url":"https:\/\/sales-ai-agents.com\/","logo":{"@type":"ImageObject","inLanguage":"tr","@id":"https:\/\/sales-ai-agents.com\/#\/schema\/logo\/image\/","url":"https:\/\/sales-ai-agents.com\/wp-content\/uploads\/2023\/11\/icon-7.svg","contentUrl":"https:\/\/sales-ai-agents.com\/wp-content\/uploads\/2023\/11\/icon-7.svg","width":128,"height":128,"caption":"FuseBase"},"image":{"@id":"https:\/\/sales-ai-agents.com\/#\/schema\/logo\/image\/"}}]}},"_links":{"self":[{"href":"https:\/\/sales-ai-agents.com\/tr\/wp-json\/wp\/v2\/product\/57743","targetHints":{"allow":["GET"]}}],"collection":[{"href":"https:\/\/sales-ai-agents.com\/tr\/wp-json\/wp\/v2\/product"}],"about":[{"href":"https:\/\/sales-ai-agents.com\/tr\/wp-json\/wp\/v2\/types\/product"}],"wp:featuredmedia":[{"embeddable":true,"href":"https:\/\/sales-ai-agents.com\/tr\/wp-json\/wp\/v2\/media\/57744"}],"wp:attachment":[{"href":"https:\/\/sales-ai-agents.com\/tr\/wp-json\/wp\/v2\/media?parent=57743"}],"wp:term":[{"taxonomy":"product_brand","embeddable":true,"href":"https:\/\/sales-ai-agents.com\/tr\/wp-json\/wp\/v2\/product_brand?post=57743"},{"taxonomy":"product_cat","embeddable":true,"href":"https:\/\/sales-ai-agents.com\/tr\/wp-json\/wp\/v2\/product_cat?post=57743"},{"taxonomy":"product_tag","embeddable":true,"href":"https:\/\/sales-ai-agents.com\/tr\/wp-json\/wp\/v2\/product_tag?post=57743"}],"curies":[{"name":"wp","href":"https:\/\/api.w.org\/{rel}","templated":true}]}}