{"id":57746,"date":"2022-09-26T12:08:52","date_gmt":"2022-09-26T12:08:52","guid":{"rendered":"https:\/\/sales-ai-agents.com\/templates\/project-tracker-2\/"},"modified":"2024-01-02T11:31:46","modified_gmt":"2024-01-02T11:31:46","slug":"project-tracker-2","status":"publish","type":"product","link":"https:\/\/sales-ai-agents.com\/tr\/templates\/project-tracker-2\/","title":{"rendered":"Proje G\u00f6rev Takibi"},"content":{"rendered":"<p>&nbsp;<\/p>\n<h2>Proje G\u00f6rev Takip \u015eablonu<\/h2>\n<p class=\"desc-text\">Grup projelerinde herkese bir rol verilir. \u00dcyelerin g\u00f6revlerini takip etmek ve iyi bir okul projesi ger\u00e7ekle\u015ftirmek i\u00e7in bu kullan\u0131\u015fl\u0131 takip formunu doldurun. Her a\u015famay\u0131 g\u00fcncelleyin ve hangi g\u00f6revlerin dikkat gerektirdi\u011fini g\u00f6r\u00fcn. Daha fazlas\u0131n\u0131 yapabilmeniz i\u00e7in herkesi g\u00fcncel tutun. Ortak \u00e7al\u0131\u015fma, yetkin bir proje y\u00f6netimi ve biraz planlama ile basittir.<\/p>\n<h5>Nas\u0131l kullan\u0131l\u0131r?<\/h5>\n<ul class=\"desc-item_list\">\n<li class=\"desc-item_list__point\">Tabloda yer alan \u00fcyelerden bahsedin<\/li>\n<li class=\"desc-item_list__point\">Mevcut a\u015famalar\u0131n\u0131 etiketleyin<\/li>\n<li class=\"desc-item_list__point\">Tamamlanacak g\u00f6revleri listeleyin<\/li>\n<li class=\"desc-item_list__point\">Son tarihleri belirleyin ve \u00f6ncelik seviyesini i\u015faretleyin<\/li>\n<\/ul>\n","protected":false},"excerpt":{"rendered":"<p>Grup projelerinde herkesin tamamlamas\u0131 gereken bir rol\u00fc vard\u0131r. \u00dcyelerinizin g\u00f6revlerini takip etmek, ilerlemelerini ve notlar\u0131n\u0131 izlemek ve bu \u00fccretsiz \u00f6zelle\u015ftirilebilir \u015fablonu doldurmak i\u00e7in.<\/p>\n","protected":false},"featured_media":57747,"template":"","meta":{"_acf_changed":false,"inline_featured_image":false},"product_brand":[],"product_cat":[267,231],"product_tag":[],"class_list":{"0":"post-57746","1":"product","2":"type-product","3":"status-publish","4":"has-post-thumbnail","6":"product_cat-student","7":"product_cat-project-management","9":"first","10":"instock","11":"virtual","12":"sold-individually","13":"product-type-simple"},"acf":[],"yoast_head":"<!-- This site is optimized with the Yoast SEO plugin v25.3.1 - https:\/\/yoast.com\/wordpress\/plugins\/seo\/ -->\n<title>Proje G\u00f6rev Takip \u015eablonu - Sales AI Agents<\/title>\n<meta name=\"description\" content=\"Grup projelerinde herkesin tamamlamas\u0131 gereken bir rol\u00fc vard\u0131r. Nimbus \u015fablonu ile \u00fcye g\u00f6revlerinizi, ilerlemelerini ve notlar\u0131n\u0131 takip edin!\" \/>\n<meta name=\"robots\" content=\"index, follow, max-snippet:-1, max-image-preview:large, max-video-preview:-1\" \/>\n<link rel=\"canonical\" href=\"https:\/\/sales-ai-agents.com\/tr\/templates\/project-tracker-2\/\" \/>\n<meta property=\"og:locale\" content=\"tr_TR\" \/>\n<meta property=\"og:type\" content=\"article\" \/>\n<meta property=\"og:title\" content=\"Proje G\u00f6rev Takip \u015eablonu - Sales AI Agents\" \/>\n<meta property=\"og:description\" content=\"Grup projelerinde herkesin tamamlamas\u0131 gereken bir rol\u00fc vard\u0131r. Nimbus \u015fablonu ile \u00fcye g\u00f6revlerinizi, ilerlemelerini ve notlar\u0131n\u0131 takip edin!\" \/>\n<meta property=\"og:url\" content=\"https:\/\/sales-ai-agents.com\/tr\/templates\/project-tracker-2\/\" \/>\n<meta property=\"og:site_name\" content=\"Sales AI Agents\" \/>\n<meta property=\"article:modified_time\" content=\"2024-01-02T11:31:46+00:00\" \/>\n<meta property=\"og:image\" content=\"https:\/\/sales-ai-agents.com\/wp-content\/uploads\/2023\/01\/image-preview122439.png\" \/>\n\t<meta property=\"og:image:width\" content=\"1078\" \/>\n\t<meta property=\"og:image:height\" content=\"760\" \/>\n\t<meta property=\"og:image:type\" content=\"image\/png\" \/>\n<meta name=\"twitter:card\" content=\"summary_large_image\" \/>\n<script type=\"application\/ld+json\" class=\"yoast-schema-graph\">{\"@context\":\"https:\/\/schema.org\",\"@graph\":[{\"@type\":\"WebPage\",\"@id\":\"https:\/\/sales-ai-agents.com\/tr\/templates\/project-tracker-2\/\",\"url\":\"https:\/\/sales-ai-agents.com\/tr\/templates\/project-tracker-2\/\",\"name\":\"Proje G\u00f6rev Takip \u015eablonu - Sales AI Agents\",\"isPartOf\":{\"@id\":\"https:\/\/sales-ai-agents.com\/#website\"},\"primaryImageOfPage\":{\"@id\":\"https:\/\/sales-ai-agents.com\/tr\/templates\/project-tracker-2\/#primaryimage\"},\"image\":{\"@id\":\"https:\/\/sales-ai-agents.com\/tr\/templates\/project-tracker-2\/#primaryimage\"},\"thumbnailUrl\":\"https:\/\/sales-ai-agents.com\/wp-content\/uploads\/2023\/01\/image-preview122439.png\",\"datePublished\":\"2022-09-26T12:08:52+00:00\",\"dateModified\":\"2024-01-02T11:31:46+00:00\",\"description\":\"Grup projelerinde herkesin tamamlamas\u0131 gereken bir rol\u00fc vard\u0131r. Nimbus \u015fablonu ile \u00fcye g\u00f6revlerinizi, ilerlemelerini ve notlar\u0131n\u0131 takip edin!\",\"inLanguage\":\"tr\",\"potentialAction\":[{\"@type\":\"ReadAction\",\"target\":[\"https:\/\/sales-ai-agents.com\/tr\/templates\/project-tracker-2\/\"]}]},{\"@type\":\"ImageObject\",\"inLanguage\":\"tr\",\"@id\":\"https:\/\/sales-ai-agents.com\/tr\/templates\/project-tracker-2\/#primaryimage\",\"url\":\"https:\/\/sales-ai-agents.com\/wp-content\/uploads\/2023\/01\/image-preview122439.png\",\"contentUrl\":\"https:\/\/sales-ai-agents.com\/wp-content\/uploads\/2023\/01\/image-preview122439.png\",\"width\":1078,\"height\":760},{\"@type\":\"WebSite\",\"@id\":\"https:\/\/sales-ai-agents.com\/#website\",\"url\":\"https:\/\/sales-ai-agents.com\/\",\"name\":\"FuseBase\",\"description\":\"Sales AI Agents - Free Online Collaboration Software for Remote Teams. Build your wikis, client portals and more with the Nimbus Platform collaboration tool ? A perfect space for online work\",\"publisher\":{\"@id\":\"https:\/\/sales-ai-agents.com\/#organization\"},\"potentialAction\":[{\"@type\":\"SearchAction\",\"target\":{\"@type\":\"EntryPoint\",\"urlTemplate\":\"https:\/\/sales-ai-agents.com\/?s={search_term_string}\"},\"query-input\":{\"@type\":\"PropertyValueSpecification\",\"valueRequired\":true,\"valueName\":\"search_term_string\"}}],\"inLanguage\":\"tr\"},{\"@type\":\"Organization\",\"@id\":\"https:\/\/sales-ai-agents.com\/#organization\",\"name\":\"FuseBase\",\"url\":\"https:\/\/sales-ai-agents.com\/\",\"logo\":{\"@type\":\"ImageObject\",\"inLanguage\":\"tr\",\"@id\":\"https:\/\/sales-ai-agents.com\/#\/schema\/logo\/image\/\",\"url\":\"https:\/\/sales-ai-agents.com\/wp-content\/uploads\/2023\/11\/icon-7.svg\",\"contentUrl\":\"https:\/\/sales-ai-agents.com\/wp-content\/uploads\/2023\/11\/icon-7.svg\",\"width\":128,\"height\":128,\"caption\":\"FuseBase\"},\"image\":{\"@id\":\"https:\/\/sales-ai-agents.com\/#\/schema\/logo\/image\/\"}}]}<\/script>\n<!-- \/ Yoast SEO plugin. -->","yoast_head_json":{"title":"Proje G\u00f6rev Takip \u015eablonu - Sales AI Agents","description":"Grup projelerinde herkesin tamamlamas\u0131 gereken bir rol\u00fc vard\u0131r. Nimbus \u015fablonu ile \u00fcye g\u00f6revlerinizi, ilerlemelerini ve notlar\u0131n\u0131 takip edin!","robots":{"index":"index","follow":"follow","max-snippet":"max-snippet:-1","max-image-preview":"max-image-preview:large","max-video-preview":"max-video-preview:-1"},"canonical":"https:\/\/sales-ai-agents.com\/tr\/templates\/project-tracker-2\/","og_locale":"tr_TR","og_type":"article","og_title":"Proje G\u00f6rev Takip \u015eablonu - Sales AI Agents","og_description":"Grup projelerinde herkesin tamamlamas\u0131 gereken bir rol\u00fc vard\u0131r. Nimbus \u015fablonu ile \u00fcye g\u00f6revlerinizi, ilerlemelerini ve notlar\u0131n\u0131 takip edin!","og_url":"https:\/\/sales-ai-agents.com\/tr\/templates\/project-tracker-2\/","og_site_name":"Sales AI Agents","article_modified_time":"2024-01-02T11:31:46+00:00","og_image":[{"width":1078,"height":760,"url":"https:\/\/sales-ai-agents.com\/wp-content\/uploads\/2023\/01\/image-preview122439.png","type":"image\/png"}],"twitter_card":"summary_large_image","schema":{"@context":"https:\/\/schema.org","@graph":[{"@type":"WebPage","@id":"https:\/\/sales-ai-agents.com\/tr\/templates\/project-tracker-2\/","url":"https:\/\/sales-ai-agents.com\/tr\/templates\/project-tracker-2\/","name":"Proje G\u00f6rev Takip \u015eablonu - Sales AI Agents","isPartOf":{"@id":"https:\/\/sales-ai-agents.com\/#website"},"primaryImageOfPage":{"@id":"https:\/\/sales-ai-agents.com\/tr\/templates\/project-tracker-2\/#primaryimage"},"image":{"@id":"https:\/\/sales-ai-agents.com\/tr\/templates\/project-tracker-2\/#primaryimage"},"thumbnailUrl":"https:\/\/sales-ai-agents.com\/wp-content\/uploads\/2023\/01\/image-preview122439.png","datePublished":"2022-09-26T12:08:52+00:00","dateModified":"2024-01-02T11:31:46+00:00","description":"Grup projelerinde herkesin tamamlamas\u0131 gereken bir rol\u00fc vard\u0131r. Nimbus \u015fablonu ile \u00fcye g\u00f6revlerinizi, ilerlemelerini ve notlar\u0131n\u0131 takip edin!","inLanguage":"tr","potentialAction":[{"@type":"ReadAction","target":["https:\/\/sales-ai-agents.com\/tr\/templates\/project-tracker-2\/"]}]},{"@type":"ImageObject","inLanguage":"tr","@id":"https:\/\/sales-ai-agents.com\/tr\/templates\/project-tracker-2\/#primaryimage","url":"https:\/\/sales-ai-agents.com\/wp-content\/uploads\/2023\/01\/image-preview122439.png","contentUrl":"https:\/\/sales-ai-agents.com\/wp-content\/uploads\/2023\/01\/image-preview122439.png","width":1078,"height":760},{"@type":"WebSite","@id":"https:\/\/sales-ai-agents.com\/#website","url":"https:\/\/sales-ai-agents.com\/","name":"FuseBase","description":"Sales AI Agents - Free Online Collaboration Software for Remote Teams. Build your wikis, client portals and more with the Nimbus Platform collaboration tool ? A perfect space for online work","publisher":{"@id":"https:\/\/sales-ai-agents.com\/#organization"},"potentialAction":[{"@type":"SearchAction","target":{"@type":"EntryPoint","urlTemplate":"https:\/\/sales-ai-agents.com\/?s={search_term_string}"},"query-input":{"@type":"PropertyValueSpecification","valueRequired":true,"valueName":"search_term_string"}}],"inLanguage":"tr"},{"@type":"Organization","@id":"https:\/\/sales-ai-agents.com\/#organization","name":"FuseBase","url":"https:\/\/sales-ai-agents.com\/","logo":{"@type":"ImageObject","inLanguage":"tr","@id":"https:\/\/sales-ai-agents.com\/#\/schema\/logo\/image\/","url":"https:\/\/sales-ai-agents.com\/wp-content\/uploads\/2023\/11\/icon-7.svg","contentUrl":"https:\/\/sales-ai-agents.com\/wp-content\/uploads\/2023\/11\/icon-7.svg","width":128,"height":128,"caption":"FuseBase"},"image":{"@id":"https:\/\/sales-ai-agents.com\/#\/schema\/logo\/image\/"}}]}},"_links":{"self":[{"href":"https:\/\/sales-ai-agents.com\/tr\/wp-json\/wp\/v2\/product\/57746","targetHints":{"allow":["GET"]}}],"collection":[{"href":"https:\/\/sales-ai-agents.com\/tr\/wp-json\/wp\/v2\/product"}],"about":[{"href":"https:\/\/sales-ai-agents.com\/tr\/wp-json\/wp\/v2\/types\/product"}],"wp:featuredmedia":[{"embeddable":true,"href":"https:\/\/sales-ai-agents.com\/tr\/wp-json\/wp\/v2\/media\/57747"}],"wp:attachment":[{"href":"https:\/\/sales-ai-agents.com\/tr\/wp-json\/wp\/v2\/media?parent=57746"}],"wp:term":[{"taxonomy":"product_brand","embeddable":true,"href":"https:\/\/sales-ai-agents.com\/tr\/wp-json\/wp\/v2\/product_brand?post=57746"},{"taxonomy":"product_cat","embeddable":true,"href":"https:\/\/sales-ai-agents.com\/tr\/wp-json\/wp\/v2\/product_cat?post=57746"},{"taxonomy":"product_tag","embeddable":true,"href":"https:\/\/sales-ai-agents.com\/tr\/wp-json\/wp\/v2\/product_tag?post=57746"}],"curies":[{"name":"wp","href":"https:\/\/api.w.org\/{rel}","templated":true}]}}