{"id":57750,"date":"2022-09-26T12:08:49","date_gmt":"2022-09-26T12:08:49","guid":{"rendered":"https:\/\/sales-ai-agents.com\/templates\/project-plan\/"},"modified":"2024-01-02T11:52:44","modified_gmt":"2024-01-02T11:52:44","slug":"project-plan","status":"publish","type":"product","link":"https:\/\/sales-ai-agents.com\/tr\/templates\/project-plan\/","title":{"rendered":"Proje Plan\u0131"},"content":{"rendered":"<p>&nbsp;<\/p>\n<h2>Proje Plan\u0131 \u015eablonu<\/h2>\n<p class=\"desc-text\">Etkili bir planlama, projenizin hedefleri do\u011frultusunda daha verimli ve etkili bir \u015fekilde \u00e7al\u0131\u015fman\u0131za yard\u0131mc\u0131 olabilir. Bu proje planlama \u015fablonu, amac\u0131n\u0131z\u0131 ve hedeflerinizi tan\u0131mlaman\u0131za olanak tan\u0131r. Ekibinizle birlikte at\u0131lacak temel ad\u0131mlara karar verin ve g\u00f6revleri uygun \u015fekilde delege edin. T\u00fcm karar alma \u00fcyeleri bu s\u00fcreci h\u0131zland\u0131rabilir.<\/p>\n<h5>Nas\u0131l kullan\u0131l\u0131r?<\/h5>\n<ul class=\"desc-item_list\">\n<li class=\"desc-item_list__point\">Projenizin hedeflerini ortaya koyun<\/li>\n<li class=\"desc-item_list__point\">Ba\u015flang\u0131\u00e7 tarihi ve \u00f6ncelik seviyesi de dahil olmak \u00fczere ayr\u0131nt\u0131lar\u0131 ekleyin<\/li>\n<li class=\"desc-item_list__point\">Ula\u015f\u0131lacak \u00f6nemli kilometre ta\u015flar\u0131n\u0131 ekleyin<\/li>\n<li class=\"desc-item_list__point\">\u00c7al\u0131\u015f\u0131rken kilometre ta\u015flar\u0131n\u0131n durumunu g\u00fcncelleyin<\/li>\n<li class=\"desc-item_list__point\">Herkesin eri\u015febilmesi i\u00e7in ekip \u00fcyelerini etiketleyin<\/li>\n<\/ul>\n","protected":false},"excerpt":{"rendered":"<p>Etkili bir planlama, proje hedefleriniz do\u011frultusunda daha verimli \u00e7al\u0131\u015fman\u0131za yard\u0131mc\u0131 olabilir. Bu proje planlama \u015fablonu, amac\u0131n\u0131z\u0131 ve hedeflerinizi tan\u0131mlaman\u0131za yard\u0131mc\u0131 olur.<\/p>\n","protected":false},"featured_media":57751,"template":"","meta":{"_acf_changed":false,"inline_featured_image":false},"product_brand":[],"product_cat":[231,252],"product_tag":[],"class_list":{"0":"post-57750","1":"product","2":"type-product","3":"status-publish","4":"has-post-thumbnail","6":"product_cat-project-management","7":"product_cat-product","9":"first","10":"instock","11":"virtual","12":"sold-individually","13":"product-type-simple"},"acf":[],"yoast_head":"<!-- This site is optimized with the Yoast SEO plugin v25.3.1 - https:\/\/yoast.com\/wordpress\/plugins\/seo\/ -->\n<title>Proje Plan\u0131 \u015eablonu - Sales AI Agents<\/title>\n<meta name=\"description\" content=\"Etkili bir planlama, proje hedefleriniz do\u011frultusunda daha verimli \u00e7al\u0131\u015fman\u0131za yard\u0131mc\u0131 olabilir. Bu Nimbus \u015fablonu, amac\u0131n\u0131z\u0131 ve hedeflerinizi tan\u0131mlaman\u0131za yard\u0131mc\u0131 olur.\" \/>\n<meta name=\"robots\" content=\"index, follow, max-snippet:-1, max-image-preview:large, max-video-preview:-1\" \/>\n<link rel=\"canonical\" href=\"https:\/\/sales-ai-agents.com\/tr\/templates\/project-plan\/\" \/>\n<meta property=\"og:locale\" content=\"tr_TR\" \/>\n<meta property=\"og:type\" content=\"article\" \/>\n<meta property=\"og:title\" content=\"Proje Plan\u0131 \u015eablonu - Sales AI Agents\" \/>\n<meta property=\"og:description\" content=\"Etkili bir planlama, proje hedefleriniz do\u011frultusunda daha verimli \u00e7al\u0131\u015fman\u0131za yard\u0131mc\u0131 olabilir. Bu Nimbus \u015fablonu, amac\u0131n\u0131z\u0131 ve hedeflerinizi tan\u0131mlaman\u0131za yard\u0131mc\u0131 olur.\" \/>\n<meta property=\"og:url\" content=\"https:\/\/sales-ai-agents.com\/tr\/templates\/project-plan\/\" \/>\n<meta property=\"og:site_name\" content=\"Sales AI Agents\" \/>\n<meta property=\"article:modified_time\" content=\"2024-01-02T11:52:44+00:00\" \/>\n<meta property=\"og:image\" content=\"https:\/\/sales-ai-agents.com\/wp-content\/uploads\/2023\/01\/image-preview122437.png\" \/>\n\t<meta property=\"og:image:width\" content=\"1078\" \/>\n\t<meta property=\"og:image:height\" content=\"1290\" \/>\n\t<meta property=\"og:image:type\" content=\"image\/png\" \/>\n<meta name=\"twitter:card\" content=\"summary_large_image\" \/>\n<script type=\"application\/ld+json\" class=\"yoast-schema-graph\">{\"@context\":\"https:\/\/schema.org\",\"@graph\":[{\"@type\":\"WebPage\",\"@id\":\"https:\/\/sales-ai-agents.com\/tr\/templates\/project-plan\/\",\"url\":\"https:\/\/sales-ai-agents.com\/tr\/templates\/project-plan\/\",\"name\":\"Proje Plan\u0131 \u015eablonu - Sales AI Agents\",\"isPartOf\":{\"@id\":\"https:\/\/sales-ai-agents.com\/#website\"},\"primaryImageOfPage\":{\"@id\":\"https:\/\/sales-ai-agents.com\/tr\/templates\/project-plan\/#primaryimage\"},\"image\":{\"@id\":\"https:\/\/sales-ai-agents.com\/tr\/templates\/project-plan\/#primaryimage\"},\"thumbnailUrl\":\"https:\/\/sales-ai-agents.com\/wp-content\/uploads\/2023\/01\/image-preview122437.png\",\"datePublished\":\"2022-09-26T12:08:49+00:00\",\"dateModified\":\"2024-01-02T11:52:44+00:00\",\"description\":\"Etkili bir planlama, proje hedefleriniz do\u011frultusunda daha verimli \u00e7al\u0131\u015fman\u0131za yard\u0131mc\u0131 olabilir. Bu Nimbus \u015fablonu, amac\u0131n\u0131z\u0131 ve hedeflerinizi tan\u0131mlaman\u0131za yard\u0131mc\u0131 olur.\",\"inLanguage\":\"tr\",\"potentialAction\":[{\"@type\":\"ReadAction\",\"target\":[\"https:\/\/sales-ai-agents.com\/tr\/templates\/project-plan\/\"]}]},{\"@type\":\"ImageObject\",\"inLanguage\":\"tr\",\"@id\":\"https:\/\/sales-ai-agents.com\/tr\/templates\/project-plan\/#primaryimage\",\"url\":\"https:\/\/sales-ai-agents.com\/wp-content\/uploads\/2023\/01\/image-preview122437.png\",\"contentUrl\":\"https:\/\/sales-ai-agents.com\/wp-content\/uploads\/2023\/01\/image-preview122437.png\",\"width\":1078,\"height\":1290},{\"@type\":\"WebSite\",\"@id\":\"https:\/\/sales-ai-agents.com\/#website\",\"url\":\"https:\/\/sales-ai-agents.com\/\",\"name\":\"FuseBase\",\"description\":\"Sales AI Agents - Free Online Collaboration Software for Remote Teams. Build your wikis, client portals and more with the Nimbus Platform collaboration tool ? A perfect space for online work\",\"publisher\":{\"@id\":\"https:\/\/sales-ai-agents.com\/#organization\"},\"potentialAction\":[{\"@type\":\"SearchAction\",\"target\":{\"@type\":\"EntryPoint\",\"urlTemplate\":\"https:\/\/sales-ai-agents.com\/?s={search_term_string}\"},\"query-input\":{\"@type\":\"PropertyValueSpecification\",\"valueRequired\":true,\"valueName\":\"search_term_string\"}}],\"inLanguage\":\"tr\"},{\"@type\":\"Organization\",\"@id\":\"https:\/\/sales-ai-agents.com\/#organization\",\"name\":\"FuseBase\",\"url\":\"https:\/\/sales-ai-agents.com\/\",\"logo\":{\"@type\":\"ImageObject\",\"inLanguage\":\"tr\",\"@id\":\"https:\/\/sales-ai-agents.com\/#\/schema\/logo\/image\/\",\"url\":\"https:\/\/sales-ai-agents.com\/wp-content\/uploads\/2023\/11\/icon-7.svg\",\"contentUrl\":\"https:\/\/sales-ai-agents.com\/wp-content\/uploads\/2023\/11\/icon-7.svg\",\"width\":128,\"height\":128,\"caption\":\"FuseBase\"},\"image\":{\"@id\":\"https:\/\/sales-ai-agents.com\/#\/schema\/logo\/image\/\"}}]}<\/script>\n<!-- \/ Yoast SEO plugin. -->","yoast_head_json":{"title":"Proje Plan\u0131 \u015eablonu - Sales AI Agents","description":"Etkili bir planlama, proje hedefleriniz do\u011frultusunda daha verimli \u00e7al\u0131\u015fman\u0131za yard\u0131mc\u0131 olabilir. Bu Nimbus \u015fablonu, amac\u0131n\u0131z\u0131 ve hedeflerinizi tan\u0131mlaman\u0131za yard\u0131mc\u0131 olur.","robots":{"index":"index","follow":"follow","max-snippet":"max-snippet:-1","max-image-preview":"max-image-preview:large","max-video-preview":"max-video-preview:-1"},"canonical":"https:\/\/sales-ai-agents.com\/tr\/templates\/project-plan\/","og_locale":"tr_TR","og_type":"article","og_title":"Proje Plan\u0131 \u015eablonu - Sales AI Agents","og_description":"Etkili bir planlama, proje hedefleriniz do\u011frultusunda daha verimli \u00e7al\u0131\u015fman\u0131za yard\u0131mc\u0131 olabilir. Bu Nimbus \u015fablonu, amac\u0131n\u0131z\u0131 ve hedeflerinizi tan\u0131mlaman\u0131za yard\u0131mc\u0131 olur.","og_url":"https:\/\/sales-ai-agents.com\/tr\/templates\/project-plan\/","og_site_name":"Sales AI Agents","article_modified_time":"2024-01-02T11:52:44+00:00","og_image":[{"width":1078,"height":1290,"url":"https:\/\/sales-ai-agents.com\/wp-content\/uploads\/2023\/01\/image-preview122437.png","type":"image\/png"}],"twitter_card":"summary_large_image","schema":{"@context":"https:\/\/schema.org","@graph":[{"@type":"WebPage","@id":"https:\/\/sales-ai-agents.com\/tr\/templates\/project-plan\/","url":"https:\/\/sales-ai-agents.com\/tr\/templates\/project-plan\/","name":"Proje Plan\u0131 \u015eablonu - Sales AI Agents","isPartOf":{"@id":"https:\/\/sales-ai-agents.com\/#website"},"primaryImageOfPage":{"@id":"https:\/\/sales-ai-agents.com\/tr\/templates\/project-plan\/#primaryimage"},"image":{"@id":"https:\/\/sales-ai-agents.com\/tr\/templates\/project-plan\/#primaryimage"},"thumbnailUrl":"https:\/\/sales-ai-agents.com\/wp-content\/uploads\/2023\/01\/image-preview122437.png","datePublished":"2022-09-26T12:08:49+00:00","dateModified":"2024-01-02T11:52:44+00:00","description":"Etkili bir planlama, proje hedefleriniz do\u011frultusunda daha verimli \u00e7al\u0131\u015fman\u0131za yard\u0131mc\u0131 olabilir. Bu Nimbus \u015fablonu, amac\u0131n\u0131z\u0131 ve hedeflerinizi tan\u0131mlaman\u0131za yard\u0131mc\u0131 olur.","inLanguage":"tr","potentialAction":[{"@type":"ReadAction","target":["https:\/\/sales-ai-agents.com\/tr\/templates\/project-plan\/"]}]},{"@type":"ImageObject","inLanguage":"tr","@id":"https:\/\/sales-ai-agents.com\/tr\/templates\/project-plan\/#primaryimage","url":"https:\/\/sales-ai-agents.com\/wp-content\/uploads\/2023\/01\/image-preview122437.png","contentUrl":"https:\/\/sales-ai-agents.com\/wp-content\/uploads\/2023\/01\/image-preview122437.png","width":1078,"height":1290},{"@type":"WebSite","@id":"https:\/\/sales-ai-agents.com\/#website","url":"https:\/\/sales-ai-agents.com\/","name":"FuseBase","description":"Sales AI Agents - Free Online Collaboration Software for Remote Teams. Build your wikis, client portals and more with the Nimbus Platform collaboration tool ? A perfect space for online work","publisher":{"@id":"https:\/\/sales-ai-agents.com\/#organization"},"potentialAction":[{"@type":"SearchAction","target":{"@type":"EntryPoint","urlTemplate":"https:\/\/sales-ai-agents.com\/?s={search_term_string}"},"query-input":{"@type":"PropertyValueSpecification","valueRequired":true,"valueName":"search_term_string"}}],"inLanguage":"tr"},{"@type":"Organization","@id":"https:\/\/sales-ai-agents.com\/#organization","name":"FuseBase","url":"https:\/\/sales-ai-agents.com\/","logo":{"@type":"ImageObject","inLanguage":"tr","@id":"https:\/\/sales-ai-agents.com\/#\/schema\/logo\/image\/","url":"https:\/\/sales-ai-agents.com\/wp-content\/uploads\/2023\/11\/icon-7.svg","contentUrl":"https:\/\/sales-ai-agents.com\/wp-content\/uploads\/2023\/11\/icon-7.svg","width":128,"height":128,"caption":"FuseBase"},"image":{"@id":"https:\/\/sales-ai-agents.com\/#\/schema\/logo\/image\/"}}]}},"_links":{"self":[{"href":"https:\/\/sales-ai-agents.com\/tr\/wp-json\/wp\/v2\/product\/57750","targetHints":{"allow":["GET"]}}],"collection":[{"href":"https:\/\/sales-ai-agents.com\/tr\/wp-json\/wp\/v2\/product"}],"about":[{"href":"https:\/\/sales-ai-agents.com\/tr\/wp-json\/wp\/v2\/types\/product"}],"wp:featuredmedia":[{"embeddable":true,"href":"https:\/\/sales-ai-agents.com\/tr\/wp-json\/wp\/v2\/media\/57751"}],"wp:attachment":[{"href":"https:\/\/sales-ai-agents.com\/tr\/wp-json\/wp\/v2\/media?parent=57750"}],"wp:term":[{"taxonomy":"product_brand","embeddable":true,"href":"https:\/\/sales-ai-agents.com\/tr\/wp-json\/wp\/v2\/product_brand?post=57750"},{"taxonomy":"product_cat","embeddable":true,"href":"https:\/\/sales-ai-agents.com\/tr\/wp-json\/wp\/v2\/product_cat?post=57750"},{"taxonomy":"product_tag","embeddable":true,"href":"https:\/\/sales-ai-agents.com\/tr\/wp-json\/wp\/v2\/product_tag?post=57750"}],"curies":[{"name":"wp","href":"https:\/\/api.w.org\/{rel}","templated":true}]}}