{"id":57812,"date":"2022-09-26T12:08:33","date_gmt":"2022-09-26T12:08:33","guid":{"rendered":"https:\/\/sales-ai-agents.com\/templates\/one-on-one-meetings\/"},"modified":"2023-12-31T17:58:42","modified_gmt":"2023-12-31T17:58:42","slug":"one-on-one-meetings","status":"publish","type":"product","link":"https:\/\/sales-ai-agents.com\/tr\/templates\/one-on-one-meetings\/","title":{"rendered":"Bire Bir Toplant\u0131lar"},"content":{"rendered":"<p>&nbsp;<\/p>\n<h2>Bire Bir Toplant\u0131lar \u015eablonu<\/h2>\n<p class=\"desc-text\">Bireysel toplant\u0131lar, \u00e7al\u0131\u015fanlarla ileti\u015fim kurman\u0131za ve onlar\u0131n proje ve g\u00f6revlerini takip etmenize olanak tan\u0131r. Etkili bire bir toplant\u0131lar yapmak i\u00e7in bir g\u00fcndem olu\u015fturun ve notlar al\u0131n. Bu \u015fablon, hedefler olu\u015fturman\u0131za ve \u00f6nemli bilgileri hat\u0131rlaman\u0131za yard\u0131mc\u0131 olur.<\/p>\n<h5>Nas\u0131l kullan\u0131l\u0131r?<\/h5>\n<ul class=\"desc-item_list\">\n<li class=\"desc-item_list__point\">Bir g\u00fcndem olu\u015fturun<\/li>\n<li class=\"desc-item_list__point\">\u0130lgili bilgileri not al\u0131n<\/li>\n<li class=\"desc-item_list__point\">Takip g\u00f6revleriyle toplant\u0131y\u0131 ba\u011flay\u0131n<\/li>\n<\/ul>\n","protected":false},"excerpt":{"rendered":"<p>Bireysel toplant\u0131lar, \u00e7al\u0131\u015fanlarla ileti\u015fim kurman\u0131za ve g\u00f6revleri hakk\u0131nda bilgi edinmenize olanak tan\u0131r. Hedefler olu\u015fturmak ve \u00f6nemli bilgileri hat\u0131rlamak i\u00e7in bu \u015fablonu kullan\u0131n.<\/p>\n","protected":false},"featured_media":57813,"template":"","meta":{"_acf_changed":false,"inline_featured_image":false},"product_brand":[],"product_cat":[218,230],"product_tag":[],"class_list":{"0":"post-57812","1":"product","2":"type-product","3":"status-publish","4":"has-post-thumbnail","6":"product_cat-operations","7":"product_cat-meeting","9":"first","10":"instock","11":"virtual","12":"sold-individually","13":"product-type-simple"},"acf":[],"yoast_head":"<!-- This site is optimized with the Yoast SEO plugin v25.3.1 - https:\/\/yoast.com\/wordpress\/plugins\/seo\/ -->\n<title>Bire Bir Toplant\u0131lar \u015eablonu - Sales AI Agents<\/title>\n<meta name=\"description\" content=\"Bireysel toplant\u0131lar, \u00e7al\u0131\u015fanlarla ileti\u015fim kurman\u0131za ve g\u00f6revleri hakk\u0131nda bilgi edinmenize olanak tan\u0131r. Hedefler olu\u015fturmak ve bilgileri hat\u0131rlamak i\u00e7in bu \u015fablonu kullan\u0131n!\" \/>\n<meta name=\"robots\" content=\"index, follow, max-snippet:-1, max-image-preview:large, max-video-preview:-1\" \/>\n<link rel=\"canonical\" href=\"https:\/\/sales-ai-agents.com\/tr\/templates\/one-on-one-meetings\/\" \/>\n<meta property=\"og:locale\" content=\"tr_TR\" \/>\n<meta property=\"og:type\" content=\"article\" \/>\n<meta property=\"og:title\" content=\"Bire Bir Toplant\u0131lar \u015eablonu - Sales AI Agents\" \/>\n<meta property=\"og:description\" content=\"Bireysel toplant\u0131lar, \u00e7al\u0131\u015fanlarla ileti\u015fim kurman\u0131za ve g\u00f6revleri hakk\u0131nda bilgi edinmenize olanak tan\u0131r. Hedefler olu\u015fturmak ve bilgileri hat\u0131rlamak i\u00e7in bu \u015fablonu kullan\u0131n!\" \/>\n<meta property=\"og:url\" content=\"https:\/\/sales-ai-agents.com\/tr\/templates\/one-on-one-meetings\/\" \/>\n<meta property=\"og:site_name\" content=\"Sales AI Agents\" \/>\n<meta property=\"article:modified_time\" content=\"2023-12-31T17:58:42+00:00\" \/>\n<meta property=\"og:image\" content=\"https:\/\/sales-ai-agents.com\/wp-content\/uploads\/2022\/09\/One-On-One-Meetings-Template-Nimbus-Platform.png\" \/>\n\t<meta property=\"og:image:width\" content=\"1700\" \/>\n\t<meta property=\"og:image:height\" content=\"1100\" \/>\n\t<meta property=\"og:image:type\" content=\"image\/png\" \/>\n<meta name=\"twitter:card\" content=\"summary_large_image\" \/>\n<script type=\"application\/ld+json\" class=\"yoast-schema-graph\">{\"@context\":\"https:\/\/schema.org\",\"@graph\":[{\"@type\":\"WebPage\",\"@id\":\"https:\/\/sales-ai-agents.com\/tr\/templates\/one-on-one-meetings\/\",\"url\":\"https:\/\/sales-ai-agents.com\/tr\/templates\/one-on-one-meetings\/\",\"name\":\"Bire Bir Toplant\u0131lar \u015eablonu - Sales AI Agents\",\"isPartOf\":{\"@id\":\"https:\/\/sales-ai-agents.com\/#website\"},\"primaryImageOfPage\":{\"@id\":\"https:\/\/sales-ai-agents.com\/tr\/templates\/one-on-one-meetings\/#primaryimage\"},\"image\":{\"@id\":\"https:\/\/sales-ai-agents.com\/tr\/templates\/one-on-one-meetings\/#primaryimage\"},\"thumbnailUrl\":\"https:\/\/sales-ai-agents.com\/wp-content\/uploads\/2022\/09\/One-On-One-Meetings-Template-Nimbus-Platform.png\",\"datePublished\":\"2022-09-26T12:08:33+00:00\",\"dateModified\":\"2023-12-31T17:58:42+00:00\",\"description\":\"Bireysel toplant\u0131lar, \u00e7al\u0131\u015fanlarla ileti\u015fim kurman\u0131za ve g\u00f6revleri hakk\u0131nda bilgi edinmenize olanak tan\u0131r. Hedefler olu\u015fturmak ve bilgileri hat\u0131rlamak i\u00e7in bu \u015fablonu kullan\u0131n!\",\"inLanguage\":\"tr\",\"potentialAction\":[{\"@type\":\"ReadAction\",\"target\":[\"https:\/\/sales-ai-agents.com\/tr\/templates\/one-on-one-meetings\/\"]}]},{\"@type\":\"ImageObject\",\"inLanguage\":\"tr\",\"@id\":\"https:\/\/sales-ai-agents.com\/tr\/templates\/one-on-one-meetings\/#primaryimage\",\"url\":\"https:\/\/sales-ai-agents.com\/wp-content\/uploads\/2022\/09\/One-On-One-Meetings-Template-Nimbus-Platform.png\",\"contentUrl\":\"https:\/\/sales-ai-agents.com\/wp-content\/uploads\/2022\/09\/One-On-One-Meetings-Template-Nimbus-Platform.png\",\"width\":1700,\"height\":1100},{\"@type\":\"WebSite\",\"@id\":\"https:\/\/sales-ai-agents.com\/#website\",\"url\":\"https:\/\/sales-ai-agents.com\/\",\"name\":\"FuseBase\",\"description\":\"Sales AI Agents - Free Online Collaboration Software for Remote Teams. Build your wikis, client portals and more with the Nimbus Platform collaboration tool ? A perfect space for online work\",\"publisher\":{\"@id\":\"https:\/\/sales-ai-agents.com\/#organization\"},\"potentialAction\":[{\"@type\":\"SearchAction\",\"target\":{\"@type\":\"EntryPoint\",\"urlTemplate\":\"https:\/\/sales-ai-agents.com\/?s={search_term_string}\"},\"query-input\":{\"@type\":\"PropertyValueSpecification\",\"valueRequired\":true,\"valueName\":\"search_term_string\"}}],\"inLanguage\":\"tr\"},{\"@type\":\"Organization\",\"@id\":\"https:\/\/sales-ai-agents.com\/#organization\",\"name\":\"FuseBase\",\"url\":\"https:\/\/sales-ai-agents.com\/\",\"logo\":{\"@type\":\"ImageObject\",\"inLanguage\":\"tr\",\"@id\":\"https:\/\/sales-ai-agents.com\/#\/schema\/logo\/image\/\",\"url\":\"https:\/\/sales-ai-agents.com\/wp-content\/uploads\/2023\/11\/icon-7.svg\",\"contentUrl\":\"https:\/\/sales-ai-agents.com\/wp-content\/uploads\/2023\/11\/icon-7.svg\",\"width\":128,\"height\":128,\"caption\":\"FuseBase\"},\"image\":{\"@id\":\"https:\/\/sales-ai-agents.com\/#\/schema\/logo\/image\/\"}}]}<\/script>\n<!-- \/ Yoast SEO plugin. -->","yoast_head_json":{"title":"Bire Bir Toplant\u0131lar \u015eablonu - Sales AI Agents","description":"Bireysel toplant\u0131lar, \u00e7al\u0131\u015fanlarla ileti\u015fim kurman\u0131za ve g\u00f6revleri hakk\u0131nda bilgi edinmenize olanak tan\u0131r. Hedefler olu\u015fturmak ve bilgileri hat\u0131rlamak i\u00e7in bu \u015fablonu kullan\u0131n!","robots":{"index":"index","follow":"follow","max-snippet":"max-snippet:-1","max-image-preview":"max-image-preview:large","max-video-preview":"max-video-preview:-1"},"canonical":"https:\/\/sales-ai-agents.com\/tr\/templates\/one-on-one-meetings\/","og_locale":"tr_TR","og_type":"article","og_title":"Bire Bir Toplant\u0131lar \u015eablonu - Sales AI Agents","og_description":"Bireysel toplant\u0131lar, \u00e7al\u0131\u015fanlarla ileti\u015fim kurman\u0131za ve g\u00f6revleri hakk\u0131nda bilgi edinmenize olanak tan\u0131r. Hedefler olu\u015fturmak ve bilgileri hat\u0131rlamak i\u00e7in bu \u015fablonu kullan\u0131n!","og_url":"https:\/\/sales-ai-agents.com\/tr\/templates\/one-on-one-meetings\/","og_site_name":"Sales AI Agents","article_modified_time":"2023-12-31T17:58:42+00:00","og_image":[{"width":1700,"height":1100,"url":"https:\/\/sales-ai-agents.com\/wp-content\/uploads\/2022\/09\/One-On-One-Meetings-Template-Nimbus-Platform.png","type":"image\/png"}],"twitter_card":"summary_large_image","schema":{"@context":"https:\/\/schema.org","@graph":[{"@type":"WebPage","@id":"https:\/\/sales-ai-agents.com\/tr\/templates\/one-on-one-meetings\/","url":"https:\/\/sales-ai-agents.com\/tr\/templates\/one-on-one-meetings\/","name":"Bire Bir Toplant\u0131lar \u015eablonu - Sales AI Agents","isPartOf":{"@id":"https:\/\/sales-ai-agents.com\/#website"},"primaryImageOfPage":{"@id":"https:\/\/sales-ai-agents.com\/tr\/templates\/one-on-one-meetings\/#primaryimage"},"image":{"@id":"https:\/\/sales-ai-agents.com\/tr\/templates\/one-on-one-meetings\/#primaryimage"},"thumbnailUrl":"https:\/\/sales-ai-agents.com\/wp-content\/uploads\/2022\/09\/One-On-One-Meetings-Template-Nimbus-Platform.png","datePublished":"2022-09-26T12:08:33+00:00","dateModified":"2023-12-31T17:58:42+00:00","description":"Bireysel toplant\u0131lar, \u00e7al\u0131\u015fanlarla ileti\u015fim kurman\u0131za ve g\u00f6revleri hakk\u0131nda bilgi edinmenize olanak tan\u0131r. Hedefler olu\u015fturmak ve bilgileri hat\u0131rlamak i\u00e7in bu \u015fablonu kullan\u0131n!","inLanguage":"tr","potentialAction":[{"@type":"ReadAction","target":["https:\/\/sales-ai-agents.com\/tr\/templates\/one-on-one-meetings\/"]}]},{"@type":"ImageObject","inLanguage":"tr","@id":"https:\/\/sales-ai-agents.com\/tr\/templates\/one-on-one-meetings\/#primaryimage","url":"https:\/\/sales-ai-agents.com\/wp-content\/uploads\/2022\/09\/One-On-One-Meetings-Template-Nimbus-Platform.png","contentUrl":"https:\/\/sales-ai-agents.com\/wp-content\/uploads\/2022\/09\/One-On-One-Meetings-Template-Nimbus-Platform.png","width":1700,"height":1100},{"@type":"WebSite","@id":"https:\/\/sales-ai-agents.com\/#website","url":"https:\/\/sales-ai-agents.com\/","name":"FuseBase","description":"Sales AI Agents - Free Online Collaboration Software for Remote Teams. Build your wikis, client portals and more with the Nimbus Platform collaboration tool ? A perfect space for online work","publisher":{"@id":"https:\/\/sales-ai-agents.com\/#organization"},"potentialAction":[{"@type":"SearchAction","target":{"@type":"EntryPoint","urlTemplate":"https:\/\/sales-ai-agents.com\/?s={search_term_string}"},"query-input":{"@type":"PropertyValueSpecification","valueRequired":true,"valueName":"search_term_string"}}],"inLanguage":"tr"},{"@type":"Organization","@id":"https:\/\/sales-ai-agents.com\/#organization","name":"FuseBase","url":"https:\/\/sales-ai-agents.com\/","logo":{"@type":"ImageObject","inLanguage":"tr","@id":"https:\/\/sales-ai-agents.com\/#\/schema\/logo\/image\/","url":"https:\/\/sales-ai-agents.com\/wp-content\/uploads\/2023\/11\/icon-7.svg","contentUrl":"https:\/\/sales-ai-agents.com\/wp-content\/uploads\/2023\/11\/icon-7.svg","width":128,"height":128,"caption":"FuseBase"},"image":{"@id":"https:\/\/sales-ai-agents.com\/#\/schema\/logo\/image\/"}}]}},"_links":{"self":[{"href":"https:\/\/sales-ai-agents.com\/tr\/wp-json\/wp\/v2\/product\/57812","targetHints":{"allow":["GET"]}}],"collection":[{"href":"https:\/\/sales-ai-agents.com\/tr\/wp-json\/wp\/v2\/product"}],"about":[{"href":"https:\/\/sales-ai-agents.com\/tr\/wp-json\/wp\/v2\/types\/product"}],"wp:featuredmedia":[{"embeddable":true,"href":"https:\/\/sales-ai-agents.com\/tr\/wp-json\/wp\/v2\/media\/57813"}],"wp:attachment":[{"href":"https:\/\/sales-ai-agents.com\/tr\/wp-json\/wp\/v2\/media?parent=57812"}],"wp:term":[{"taxonomy":"product_brand","embeddable":true,"href":"https:\/\/sales-ai-agents.com\/tr\/wp-json\/wp\/v2\/product_brand?post=57812"},{"taxonomy":"product_cat","embeddable":true,"href":"https:\/\/sales-ai-agents.com\/tr\/wp-json\/wp\/v2\/product_cat?post=57812"},{"taxonomy":"product_tag","embeddable":true,"href":"https:\/\/sales-ai-agents.com\/tr\/wp-json\/wp\/v2\/product_tag?post=57812"}],"curies":[{"name":"wp","href":"https:\/\/api.w.org\/{rel}","templated":true}]}}