{"id":57817,"date":"2022-09-26T12:08:31","date_gmt":"2022-09-26T12:08:31","guid":{"rendered":"https:\/\/sales-ai-agents.com\/templates\/competitors-analysis\/"},"modified":"2023-12-31T17:09:40","modified_gmt":"2023-12-31T17:09:40","slug":"competitors-analysis","status":"publish","type":"product","link":"https:\/\/sales-ai-agents.com\/tr\/templates\/competitors-analysis\/","title":{"rendered":"Rakip Analizi"},"content":{"rendered":"<p>&nbsp;<\/p>\n<h2>Rakip Analizi \u015eablonu<\/h2>\n<p>Rakipleriniz hakk\u0131ndaki bilgileri d\u00fczenlemek i\u00e7in bu \u015fablonu kullan\u0131n. Rakibinizin bir profilini olu\u015fturun ve temel \u00f6zelliklerini, misyonunu ve yeteneklerini listeleyin. Stratejilerini analiz edin ve sosyal medya veya \u00e7evrimi\u00e7i reklamc\u0131l\u0131k gibi farkl\u0131 ara\u00e7lar\u0131 nas\u0131l kulland\u0131klar\u0131na dikkat edin. Markan\u0131z i\u00e7in strateji olu\u015fturmak amac\u0131yla tekliflerini kapsaml\u0131 bir \u015fekilde analiz edin.<\/p>\n","protected":false},"excerpt":{"rendered":"<p>Pazarlama kampanyalar\u0131 i\u00e7in bu \u00f6zelle\u015ftirilebilir \u015fablonu kullan\u0131n. Rakip ara\u015ft\u0131rmas\u0131 ve mesajla\u015fmadan y\u00fcr\u00fctece\u011finiz pazarlama programlar\u0131na kadar her \u015feyi ana hatlar\u0131yla belirtin<\/p>\n","protected":false},"featured_media":57818,"template":"","meta":{"_acf_changed":false,"inline_featured_image":false},"product_brand":[],"product_cat":[256,250,258],"product_tag":[],"class_list":{"0":"post-57817","1":"product","2":"type-product","3":"status-publish","4":"has-post-thumbnail","6":"product_cat-organizers-planners","7":"product_cat-marketing","8":"product_cat-marketing-analysis","10":"first","11":"instock","12":"virtual","13":"sold-individually","14":"product-type-simple"},"acf":[],"yoast_head":"<!-- This site is optimized with the Yoast SEO plugin v25.3.1 - https:\/\/yoast.com\/wordpress\/plugins\/seo\/ -->\n<title>Rakip Analizi \u015eablonu - Sales AI Agents<\/title>\n<meta name=\"description\" content=\"Pazarlama kampanyalar\u0131 i\u00e7in bu \u00f6zelle\u015ftirilebilir \u015fablonu kullan\u0131n. Rakip ara\u015ft\u0131rmas\u0131 ve mesajla\u015fmadan y\u00fcr\u00fctt\u00fc\u011f\u00fcn\u00fcz pazarlama programlar\u0131na kadar her \u015feyi ana hatlar\u0131yla belirtin.\" \/>\n<meta name=\"robots\" content=\"index, follow, max-snippet:-1, max-image-preview:large, max-video-preview:-1\" \/>\n<link rel=\"canonical\" href=\"https:\/\/sales-ai-agents.com\/tr\/templates\/competitors-analysis\/\" \/>\n<meta property=\"og:locale\" content=\"tr_TR\" \/>\n<meta property=\"og:type\" content=\"article\" \/>\n<meta property=\"og:title\" content=\"Rakip Analizi \u015eablonu - Sales AI Agents\" \/>\n<meta property=\"og:description\" content=\"Pazarlama kampanyalar\u0131 i\u00e7in bu \u00f6zelle\u015ftirilebilir \u015fablonu kullan\u0131n. Rakip ara\u015ft\u0131rmas\u0131 ve mesajla\u015fmadan y\u00fcr\u00fctt\u00fc\u011f\u00fcn\u00fcz pazarlama programlar\u0131na kadar her \u015feyi ana hatlar\u0131yla belirtin.\" \/>\n<meta property=\"og:url\" content=\"https:\/\/sales-ai-agents.com\/tr\/templates\/competitors-analysis\/\" \/>\n<meta property=\"og:site_name\" content=\"Sales AI Agents\" \/>\n<meta property=\"article:modified_time\" content=\"2023-12-31T17:09:40+00:00\" \/>\n<meta property=\"og:image\" content=\"https:\/\/sales-ai-agents.com\/wp-content\/uploads\/2022\/09\/Competitors-Analysis.png\" \/>\n\t<meta property=\"og:image:width\" content=\"1700\" \/>\n\t<meta property=\"og:image:height\" content=\"1100\" \/>\n\t<meta property=\"og:image:type\" content=\"image\/png\" \/>\n<meta name=\"twitter:card\" content=\"summary_large_image\" \/>\n<script type=\"application\/ld+json\" class=\"yoast-schema-graph\">{\"@context\":\"https:\/\/schema.org\",\"@graph\":[{\"@type\":\"WebPage\",\"@id\":\"https:\/\/sales-ai-agents.com\/tr\/templates\/competitors-analysis\/\",\"url\":\"https:\/\/sales-ai-agents.com\/tr\/templates\/competitors-analysis\/\",\"name\":\"Rakip Analizi \u015eablonu - Sales AI Agents\",\"isPartOf\":{\"@id\":\"https:\/\/sales-ai-agents.com\/#website\"},\"primaryImageOfPage\":{\"@id\":\"https:\/\/sales-ai-agents.com\/tr\/templates\/competitors-analysis\/#primaryimage\"},\"image\":{\"@id\":\"https:\/\/sales-ai-agents.com\/tr\/templates\/competitors-analysis\/#primaryimage\"},\"thumbnailUrl\":\"https:\/\/sales-ai-agents.com\/wp-content\/uploads\/2022\/09\/Competitors-Analysis.png\",\"datePublished\":\"2022-09-26T12:08:31+00:00\",\"dateModified\":\"2023-12-31T17:09:40+00:00\",\"description\":\"Pazarlama kampanyalar\u0131 i\u00e7in bu \u00f6zelle\u015ftirilebilir \u015fablonu kullan\u0131n. Rakip ara\u015ft\u0131rmas\u0131 ve mesajla\u015fmadan y\u00fcr\u00fctt\u00fc\u011f\u00fcn\u00fcz pazarlama programlar\u0131na kadar her \u015feyi ana hatlar\u0131yla belirtin.\",\"inLanguage\":\"tr\",\"potentialAction\":[{\"@type\":\"ReadAction\",\"target\":[\"https:\/\/sales-ai-agents.com\/tr\/templates\/competitors-analysis\/\"]}]},{\"@type\":\"ImageObject\",\"inLanguage\":\"tr\",\"@id\":\"https:\/\/sales-ai-agents.com\/tr\/templates\/competitors-analysis\/#primaryimage\",\"url\":\"https:\/\/sales-ai-agents.com\/wp-content\/uploads\/2022\/09\/Competitors-Analysis.png\",\"contentUrl\":\"https:\/\/sales-ai-agents.com\/wp-content\/uploads\/2022\/09\/Competitors-Analysis.png\",\"width\":1700,\"height\":1100},{\"@type\":\"WebSite\",\"@id\":\"https:\/\/sales-ai-agents.com\/#website\",\"url\":\"https:\/\/sales-ai-agents.com\/\",\"name\":\"FuseBase\",\"description\":\"Sales AI Agents - Free Online Collaboration Software for Remote Teams. Build your wikis, client portals and more with the Nimbus Platform collaboration tool ? A perfect space for online work\",\"publisher\":{\"@id\":\"https:\/\/sales-ai-agents.com\/#organization\"},\"potentialAction\":[{\"@type\":\"SearchAction\",\"target\":{\"@type\":\"EntryPoint\",\"urlTemplate\":\"https:\/\/sales-ai-agents.com\/?s={search_term_string}\"},\"query-input\":{\"@type\":\"PropertyValueSpecification\",\"valueRequired\":true,\"valueName\":\"search_term_string\"}}],\"inLanguage\":\"tr\"},{\"@type\":\"Organization\",\"@id\":\"https:\/\/sales-ai-agents.com\/#organization\",\"name\":\"FuseBase\",\"url\":\"https:\/\/sales-ai-agents.com\/\",\"logo\":{\"@type\":\"ImageObject\",\"inLanguage\":\"tr\",\"@id\":\"https:\/\/sales-ai-agents.com\/#\/schema\/logo\/image\/\",\"url\":\"https:\/\/sales-ai-agents.com\/wp-content\/uploads\/2023\/11\/icon-7.svg\",\"contentUrl\":\"https:\/\/sales-ai-agents.com\/wp-content\/uploads\/2023\/11\/icon-7.svg\",\"width\":128,\"height\":128,\"caption\":\"FuseBase\"},\"image\":{\"@id\":\"https:\/\/sales-ai-agents.com\/#\/schema\/logo\/image\/\"}}]}<\/script>\n<!-- \/ Yoast SEO plugin. -->","yoast_head_json":{"title":"Rakip Analizi \u015eablonu - Sales AI Agents","description":"Pazarlama kampanyalar\u0131 i\u00e7in bu \u00f6zelle\u015ftirilebilir \u015fablonu kullan\u0131n. Rakip ara\u015ft\u0131rmas\u0131 ve mesajla\u015fmadan y\u00fcr\u00fctt\u00fc\u011f\u00fcn\u00fcz pazarlama programlar\u0131na kadar her \u015feyi ana hatlar\u0131yla belirtin.","robots":{"index":"index","follow":"follow","max-snippet":"max-snippet:-1","max-image-preview":"max-image-preview:large","max-video-preview":"max-video-preview:-1"},"canonical":"https:\/\/sales-ai-agents.com\/tr\/templates\/competitors-analysis\/","og_locale":"tr_TR","og_type":"article","og_title":"Rakip Analizi \u015eablonu - Sales AI Agents","og_description":"Pazarlama kampanyalar\u0131 i\u00e7in bu \u00f6zelle\u015ftirilebilir \u015fablonu kullan\u0131n. Rakip ara\u015ft\u0131rmas\u0131 ve mesajla\u015fmadan y\u00fcr\u00fctt\u00fc\u011f\u00fcn\u00fcz pazarlama programlar\u0131na kadar her \u015feyi ana hatlar\u0131yla belirtin.","og_url":"https:\/\/sales-ai-agents.com\/tr\/templates\/competitors-analysis\/","og_site_name":"Sales AI Agents","article_modified_time":"2023-12-31T17:09:40+00:00","og_image":[{"width":1700,"height":1100,"url":"https:\/\/sales-ai-agents.com\/wp-content\/uploads\/2022\/09\/Competitors-Analysis.png","type":"image\/png"}],"twitter_card":"summary_large_image","schema":{"@context":"https:\/\/schema.org","@graph":[{"@type":"WebPage","@id":"https:\/\/sales-ai-agents.com\/tr\/templates\/competitors-analysis\/","url":"https:\/\/sales-ai-agents.com\/tr\/templates\/competitors-analysis\/","name":"Rakip Analizi \u015eablonu - Sales AI Agents","isPartOf":{"@id":"https:\/\/sales-ai-agents.com\/#website"},"primaryImageOfPage":{"@id":"https:\/\/sales-ai-agents.com\/tr\/templates\/competitors-analysis\/#primaryimage"},"image":{"@id":"https:\/\/sales-ai-agents.com\/tr\/templates\/competitors-analysis\/#primaryimage"},"thumbnailUrl":"https:\/\/sales-ai-agents.com\/wp-content\/uploads\/2022\/09\/Competitors-Analysis.png","datePublished":"2022-09-26T12:08:31+00:00","dateModified":"2023-12-31T17:09:40+00:00","description":"Pazarlama kampanyalar\u0131 i\u00e7in bu \u00f6zelle\u015ftirilebilir \u015fablonu kullan\u0131n. Rakip ara\u015ft\u0131rmas\u0131 ve mesajla\u015fmadan y\u00fcr\u00fctt\u00fc\u011f\u00fcn\u00fcz pazarlama programlar\u0131na kadar her \u015feyi ana hatlar\u0131yla belirtin.","inLanguage":"tr","potentialAction":[{"@type":"ReadAction","target":["https:\/\/sales-ai-agents.com\/tr\/templates\/competitors-analysis\/"]}]},{"@type":"ImageObject","inLanguage":"tr","@id":"https:\/\/sales-ai-agents.com\/tr\/templates\/competitors-analysis\/#primaryimage","url":"https:\/\/sales-ai-agents.com\/wp-content\/uploads\/2022\/09\/Competitors-Analysis.png","contentUrl":"https:\/\/sales-ai-agents.com\/wp-content\/uploads\/2022\/09\/Competitors-Analysis.png","width":1700,"height":1100},{"@type":"WebSite","@id":"https:\/\/sales-ai-agents.com\/#website","url":"https:\/\/sales-ai-agents.com\/","name":"FuseBase","description":"Sales AI Agents - Free Online Collaboration Software for Remote Teams. Build your wikis, client portals and more with the Nimbus Platform collaboration tool ? A perfect space for online work","publisher":{"@id":"https:\/\/sales-ai-agents.com\/#organization"},"potentialAction":[{"@type":"SearchAction","target":{"@type":"EntryPoint","urlTemplate":"https:\/\/sales-ai-agents.com\/?s={search_term_string}"},"query-input":{"@type":"PropertyValueSpecification","valueRequired":true,"valueName":"search_term_string"}}],"inLanguage":"tr"},{"@type":"Organization","@id":"https:\/\/sales-ai-agents.com\/#organization","name":"FuseBase","url":"https:\/\/sales-ai-agents.com\/","logo":{"@type":"ImageObject","inLanguage":"tr","@id":"https:\/\/sales-ai-agents.com\/#\/schema\/logo\/image\/","url":"https:\/\/sales-ai-agents.com\/wp-content\/uploads\/2023\/11\/icon-7.svg","contentUrl":"https:\/\/sales-ai-agents.com\/wp-content\/uploads\/2023\/11\/icon-7.svg","width":128,"height":128,"caption":"FuseBase"},"image":{"@id":"https:\/\/sales-ai-agents.com\/#\/schema\/logo\/image\/"}}]}},"_links":{"self":[{"href":"https:\/\/sales-ai-agents.com\/tr\/wp-json\/wp\/v2\/product\/57817","targetHints":{"allow":["GET"]}}],"collection":[{"href":"https:\/\/sales-ai-agents.com\/tr\/wp-json\/wp\/v2\/product"}],"about":[{"href":"https:\/\/sales-ai-agents.com\/tr\/wp-json\/wp\/v2\/types\/product"}],"wp:featuredmedia":[{"embeddable":true,"href":"https:\/\/sales-ai-agents.com\/tr\/wp-json\/wp\/v2\/media\/57818"}],"wp:attachment":[{"href":"https:\/\/sales-ai-agents.com\/tr\/wp-json\/wp\/v2\/media?parent=57817"}],"wp:term":[{"taxonomy":"product_brand","embeddable":true,"href":"https:\/\/sales-ai-agents.com\/tr\/wp-json\/wp\/v2\/product_brand?post=57817"},{"taxonomy":"product_cat","embeddable":true,"href":"https:\/\/sales-ai-agents.com\/tr\/wp-json\/wp\/v2\/product_cat?post=57817"},{"taxonomy":"product_tag","embeddable":true,"href":"https:\/\/sales-ai-agents.com\/tr\/wp-json\/wp\/v2\/product_tag?post=57817"}],"curies":[{"name":"wp","href":"https:\/\/api.w.org\/{rel}","templated":true}]}}