{"id":57839,"date":"2022-09-26T12:08:24","date_gmt":"2022-09-26T12:08:24","guid":{"rendered":"https:\/\/sales-ai-agents.com\/templates\/student-tracking\/"},"modified":"2023-12-26T20:29:08","modified_gmt":"2023-12-26T20:29:08","slug":"student-tracking","status":"publish","type":"product","link":"https:\/\/sales-ai-agents.com\/tr\/templates\/student-tracking\/","title":{"rendered":"\u00d6\u011frenci Takibi"},"content":{"rendered":"<p>&nbsp;<\/p>\n<h2>\u00d6\u011frenci Takip \u015eablonu<\/h2>\n<p class=\"desc-text\">Denetlenmesi gereken bir avu\u00e7 \u00f6\u011frenci varken, t\u00fcm bu bilgileri y\u00f6netmek bir ton i\u015f gerektirir. \u00d6zelle\u015ftirilebilir izleme \u015fablonumuz, her \u00f6\u011frenci hakk\u0131ndaki verilerin d\u00fczenlenmesine yard\u0131mc\u0131 olur. \u0130ster kamp\u00fcs i\u00e7i \u00f6\u011frencileri y\u00f6netiyor olun, ister \u00e7evrimi\u00e7i bir e\u011fitim platformunda \u00e7al\u0131\u015f\u0131yor olun, faydal\u0131d\u0131r. Mezuniyet tarihlerini, tamamlanan kredileri, dan\u0131\u015fmanlar\u0131 ve daha fazlas\u0131n\u0131 ekleyin. T\u00fcm verileri tamamen i\u015flevsel bir tabloda tutun. Kolay \u00f6\u011fretim ara\u00e7lar\u0131yla t\u00fcm \u00f6\u011frencilerin do\u011fru yolda oldu\u011fundan emin olabilirsiniz. Bilgi payla\u015fmak, program olu\u015fturmak, akademik seviyeleri gruplamak ve daha fazlas\u0131 i\u00e7in kullan\u0131n.<\/p>\n<h5>Nas\u0131l kullan\u0131l\u0131r?<\/h5>\n<ul class=\"desc-item_list\">\n<li class=\"desc-item_list__point\">Tabloya \u00f6\u011frenci adlar\u0131n\u0131 ve kimliklerini ekleyin<\/li>\n<li class=\"desc-item_list__point\">Her \u00f6\u011frencinin bir foto\u011fraf\u0131n\u0131 veya vesikal\u0131k foto\u011fraf\u0131n\u0131 ekleyin<\/li>\n<li class=\"desc-item_list__point\">B\u00f6l\u00fcmleri ve mezuniyet d\u00f6nemlerini g\u00f6stermek i\u00e7in renkli etiketleri se\u00e7in<\/li>\n<li class=\"desc-item_list__point\">Staj durumunu takip etmek i\u00e7in \u00e7ekleri kullan\u0131n<\/li>\n<li class=\"desc-item_list__point\">Tamamlanan birimleri ekleyin ve durum i\u00e7in renkli etiketleri se\u00e7in<\/li>\n<li class=\"desc-item_list__point\">Akademik dan\u0131\u015fman ileti\u015fim bilgilerini ekleyin<\/li>\n<\/ul>\n","protected":false},"excerpt":{"rendered":"<p>\u00c7ok say\u0131da \u00f6\u011frenciniz varsa, t\u00fcm bilgilerini y\u00f6netmek zor olabilir. Bu izleme \u015fablonu, her \u00f6\u011frenci hakk\u0131ndaki verilerinizi d\u00fczenlemenize yard\u0131mc\u0131 olabilir.<\/p>\n","protected":false},"featured_media":57840,"template":"","meta":{"_acf_changed":false,"inline_featured_image":false},"product_brand":[],"product_cat":[268],"product_tag":[],"class_list":{"0":"post-57839","1":"product","2":"type-product","3":"status-publish","4":"has-post-thumbnail","6":"product_cat-teacher","8":"first","9":"instock","10":"virtual","11":"sold-individually","12":"product-type-simple"},"acf":[],"yoast_head":"<!-- This site is optimized with the Yoast SEO plugin v25.3.1 - https:\/\/yoast.com\/wordpress\/plugins\/seo\/ -->\n<title>\u00d6\u011frenci Takip \u015eablonu - Sales AI Agents<\/title>\n<meta name=\"description\" content=\"\u00c7ok say\u0131da \u00f6\u011frenciniz varsa, t\u00fcm bilgilerini y\u00f6netmek zor olabilir. Bu izleme \u015fablonu, her \u00f6\u011frenci hakk\u0131ndaki verilerinizi d\u00fczenlemenize yard\u0131mc\u0131 olabilir.\" \/>\n<meta name=\"robots\" content=\"index, follow, max-snippet:-1, max-image-preview:large, max-video-preview:-1\" \/>\n<link rel=\"canonical\" href=\"https:\/\/sales-ai-agents.com\/tr\/templates\/student-tracking\/\" \/>\n<meta property=\"og:locale\" content=\"tr_TR\" \/>\n<meta property=\"og:type\" content=\"article\" \/>\n<meta property=\"og:title\" content=\"\u00d6\u011frenci Takip \u015eablonu - Sales AI Agents\" \/>\n<meta property=\"og:description\" content=\"\u00c7ok say\u0131da \u00f6\u011frenciniz varsa, t\u00fcm bilgilerini y\u00f6netmek zor olabilir. Bu izleme \u015fablonu, her \u00f6\u011frenci hakk\u0131ndaki verilerinizi d\u00fczenlemenize yard\u0131mc\u0131 olabilir.\" \/>\n<meta property=\"og:url\" content=\"https:\/\/sales-ai-agents.com\/tr\/templates\/student-tracking\/\" \/>\n<meta property=\"og:site_name\" content=\"Sales AI Agents\" \/>\n<meta property=\"article:modified_time\" content=\"2023-12-26T20:29:08+00:00\" \/>\n<meta property=\"og:image\" content=\"https:\/\/sales-ai-agents.com\/wp-content\/uploads\/2023\/01\/image-preview122045.png\" \/>\n\t<meta property=\"og:image:width\" content=\"1078\" \/>\n\t<meta property=\"og:image:height\" content=\"760\" \/>\n\t<meta property=\"og:image:type\" content=\"image\/png\" \/>\n<meta name=\"twitter:card\" content=\"summary_large_image\" \/>\n<script type=\"application\/ld+json\" class=\"yoast-schema-graph\">{\"@context\":\"https:\/\/schema.org\",\"@graph\":[{\"@type\":\"WebPage\",\"@id\":\"https:\/\/sales-ai-agents.com\/tr\/templates\/student-tracking\/\",\"url\":\"https:\/\/sales-ai-agents.com\/tr\/templates\/student-tracking\/\",\"name\":\"\u00d6\u011frenci Takip \u015eablonu - Sales AI Agents\",\"isPartOf\":{\"@id\":\"https:\/\/sales-ai-agents.com\/#website\"},\"primaryImageOfPage\":{\"@id\":\"https:\/\/sales-ai-agents.com\/tr\/templates\/student-tracking\/#primaryimage\"},\"image\":{\"@id\":\"https:\/\/sales-ai-agents.com\/tr\/templates\/student-tracking\/#primaryimage\"},\"thumbnailUrl\":\"https:\/\/sales-ai-agents.com\/wp-content\/uploads\/2023\/01\/image-preview122045.png\",\"datePublished\":\"2022-09-26T12:08:24+00:00\",\"dateModified\":\"2023-12-26T20:29:08+00:00\",\"description\":\"\u00c7ok say\u0131da \u00f6\u011frenciniz varsa, t\u00fcm bilgilerini y\u00f6netmek zor olabilir. Bu izleme \u015fablonu, her \u00f6\u011frenci hakk\u0131ndaki verilerinizi d\u00fczenlemenize yard\u0131mc\u0131 olabilir.\",\"inLanguage\":\"tr\",\"potentialAction\":[{\"@type\":\"ReadAction\",\"target\":[\"https:\/\/sales-ai-agents.com\/tr\/templates\/student-tracking\/\"]}]},{\"@type\":\"ImageObject\",\"inLanguage\":\"tr\",\"@id\":\"https:\/\/sales-ai-agents.com\/tr\/templates\/student-tracking\/#primaryimage\",\"url\":\"https:\/\/sales-ai-agents.com\/wp-content\/uploads\/2023\/01\/image-preview122045.png\",\"contentUrl\":\"https:\/\/sales-ai-agents.com\/wp-content\/uploads\/2023\/01\/image-preview122045.png\",\"width\":1078,\"height\":760},{\"@type\":\"WebSite\",\"@id\":\"https:\/\/sales-ai-agents.com\/#website\",\"url\":\"https:\/\/sales-ai-agents.com\/\",\"name\":\"FuseBase\",\"description\":\"Sales AI Agents - Free Online Collaboration Software for Remote Teams. Build your wikis, client portals and more with the Nimbus Platform collaboration tool ? A perfect space for online work\",\"publisher\":{\"@id\":\"https:\/\/sales-ai-agents.com\/#organization\"},\"potentialAction\":[{\"@type\":\"SearchAction\",\"target\":{\"@type\":\"EntryPoint\",\"urlTemplate\":\"https:\/\/sales-ai-agents.com\/?s={search_term_string}\"},\"query-input\":{\"@type\":\"PropertyValueSpecification\",\"valueRequired\":true,\"valueName\":\"search_term_string\"}}],\"inLanguage\":\"tr\"},{\"@type\":\"Organization\",\"@id\":\"https:\/\/sales-ai-agents.com\/#organization\",\"name\":\"FuseBase\",\"url\":\"https:\/\/sales-ai-agents.com\/\",\"logo\":{\"@type\":\"ImageObject\",\"inLanguage\":\"tr\",\"@id\":\"https:\/\/sales-ai-agents.com\/#\/schema\/logo\/image\/\",\"url\":\"https:\/\/sales-ai-agents.com\/wp-content\/uploads\/2023\/11\/icon-7.svg\",\"contentUrl\":\"https:\/\/sales-ai-agents.com\/wp-content\/uploads\/2023\/11\/icon-7.svg\",\"width\":128,\"height\":128,\"caption\":\"FuseBase\"},\"image\":{\"@id\":\"https:\/\/sales-ai-agents.com\/#\/schema\/logo\/image\/\"}}]}<\/script>\n<!-- \/ Yoast SEO plugin. -->","yoast_head_json":{"title":"\u00d6\u011frenci Takip \u015eablonu - Sales AI Agents","description":"\u00c7ok say\u0131da \u00f6\u011frenciniz varsa, t\u00fcm bilgilerini y\u00f6netmek zor olabilir. Bu izleme \u015fablonu, her \u00f6\u011frenci hakk\u0131ndaki verilerinizi d\u00fczenlemenize yard\u0131mc\u0131 olabilir.","robots":{"index":"index","follow":"follow","max-snippet":"max-snippet:-1","max-image-preview":"max-image-preview:large","max-video-preview":"max-video-preview:-1"},"canonical":"https:\/\/sales-ai-agents.com\/tr\/templates\/student-tracking\/","og_locale":"tr_TR","og_type":"article","og_title":"\u00d6\u011frenci Takip \u015eablonu - Sales AI Agents","og_description":"\u00c7ok say\u0131da \u00f6\u011frenciniz varsa, t\u00fcm bilgilerini y\u00f6netmek zor olabilir. Bu izleme \u015fablonu, her \u00f6\u011frenci hakk\u0131ndaki verilerinizi d\u00fczenlemenize yard\u0131mc\u0131 olabilir.","og_url":"https:\/\/sales-ai-agents.com\/tr\/templates\/student-tracking\/","og_site_name":"Sales AI Agents","article_modified_time":"2023-12-26T20:29:08+00:00","og_image":[{"width":1078,"height":760,"url":"https:\/\/sales-ai-agents.com\/wp-content\/uploads\/2023\/01\/image-preview122045.png","type":"image\/png"}],"twitter_card":"summary_large_image","schema":{"@context":"https:\/\/schema.org","@graph":[{"@type":"WebPage","@id":"https:\/\/sales-ai-agents.com\/tr\/templates\/student-tracking\/","url":"https:\/\/sales-ai-agents.com\/tr\/templates\/student-tracking\/","name":"\u00d6\u011frenci Takip \u015eablonu - Sales AI Agents","isPartOf":{"@id":"https:\/\/sales-ai-agents.com\/#website"},"primaryImageOfPage":{"@id":"https:\/\/sales-ai-agents.com\/tr\/templates\/student-tracking\/#primaryimage"},"image":{"@id":"https:\/\/sales-ai-agents.com\/tr\/templates\/student-tracking\/#primaryimage"},"thumbnailUrl":"https:\/\/sales-ai-agents.com\/wp-content\/uploads\/2023\/01\/image-preview122045.png","datePublished":"2022-09-26T12:08:24+00:00","dateModified":"2023-12-26T20:29:08+00:00","description":"\u00c7ok say\u0131da \u00f6\u011frenciniz varsa, t\u00fcm bilgilerini y\u00f6netmek zor olabilir. Bu izleme \u015fablonu, her \u00f6\u011frenci hakk\u0131ndaki verilerinizi d\u00fczenlemenize yard\u0131mc\u0131 olabilir.","inLanguage":"tr","potentialAction":[{"@type":"ReadAction","target":["https:\/\/sales-ai-agents.com\/tr\/templates\/student-tracking\/"]}]},{"@type":"ImageObject","inLanguage":"tr","@id":"https:\/\/sales-ai-agents.com\/tr\/templates\/student-tracking\/#primaryimage","url":"https:\/\/sales-ai-agents.com\/wp-content\/uploads\/2023\/01\/image-preview122045.png","contentUrl":"https:\/\/sales-ai-agents.com\/wp-content\/uploads\/2023\/01\/image-preview122045.png","width":1078,"height":760},{"@type":"WebSite","@id":"https:\/\/sales-ai-agents.com\/#website","url":"https:\/\/sales-ai-agents.com\/","name":"FuseBase","description":"Sales AI Agents - Free Online Collaboration Software for Remote Teams. Build your wikis, client portals and more with the Nimbus Platform collaboration tool ? A perfect space for online work","publisher":{"@id":"https:\/\/sales-ai-agents.com\/#organization"},"potentialAction":[{"@type":"SearchAction","target":{"@type":"EntryPoint","urlTemplate":"https:\/\/sales-ai-agents.com\/?s={search_term_string}"},"query-input":{"@type":"PropertyValueSpecification","valueRequired":true,"valueName":"search_term_string"}}],"inLanguage":"tr"},{"@type":"Organization","@id":"https:\/\/sales-ai-agents.com\/#organization","name":"FuseBase","url":"https:\/\/sales-ai-agents.com\/","logo":{"@type":"ImageObject","inLanguage":"tr","@id":"https:\/\/sales-ai-agents.com\/#\/schema\/logo\/image\/","url":"https:\/\/sales-ai-agents.com\/wp-content\/uploads\/2023\/11\/icon-7.svg","contentUrl":"https:\/\/sales-ai-agents.com\/wp-content\/uploads\/2023\/11\/icon-7.svg","width":128,"height":128,"caption":"FuseBase"},"image":{"@id":"https:\/\/sales-ai-agents.com\/#\/schema\/logo\/image\/"}}]}},"_links":{"self":[{"href":"https:\/\/sales-ai-agents.com\/tr\/wp-json\/wp\/v2\/product\/57839","targetHints":{"allow":["GET"]}}],"collection":[{"href":"https:\/\/sales-ai-agents.com\/tr\/wp-json\/wp\/v2\/product"}],"about":[{"href":"https:\/\/sales-ai-agents.com\/tr\/wp-json\/wp\/v2\/types\/product"}],"wp:featuredmedia":[{"embeddable":true,"href":"https:\/\/sales-ai-agents.com\/tr\/wp-json\/wp\/v2\/media\/57840"}],"wp:attachment":[{"href":"https:\/\/sales-ai-agents.com\/tr\/wp-json\/wp\/v2\/media?parent=57839"}],"wp:term":[{"taxonomy":"product_brand","embeddable":true,"href":"https:\/\/sales-ai-agents.com\/tr\/wp-json\/wp\/v2\/product_brand?post=57839"},{"taxonomy":"product_cat","embeddable":true,"href":"https:\/\/sales-ai-agents.com\/tr\/wp-json\/wp\/v2\/product_cat?post=57839"},{"taxonomy":"product_tag","embeddable":true,"href":"https:\/\/sales-ai-agents.com\/tr\/wp-json\/wp\/v2\/product_tag?post=57839"}],"curies":[{"name":"wp","href":"https:\/\/api.w.org\/{rel}","templated":true}]}}