{"id":57844,"date":"2022-09-26T12:08:20","date_gmt":"2022-09-26T12:08:20","guid":{"rendered":"https:\/\/sales-ai-agents.com\/templates\/cv\/"},"modified":"2024-01-02T11:28:03","modified_gmt":"2024-01-02T11:28:03","slug":"cv","status":"publish","type":"product","link":"https:\/\/sales-ai-agents.com\/tr\/templates\/cv\/","title":{"rendered":"CV"},"content":{"rendered":"<p>&nbsp;<\/p>\n<h2>CV \u015eablonu<\/h2>\n<p class=\"desc-text\">\u0130ster tam zamanl\u0131, ister yar\u0131 zamanl\u0131, ister dahili veya harici pozisyonlar ar\u0131yor olun, iyi bir CV&#8217;ye sahip olmak i\u015f ba\u015fvurular\u0131 i\u00e7in \u00e7ok \u00f6nemlidir. Terfiler, kariyer de\u011fi\u015fiklikleri ve stajlar i\u00e7in de gereklidirler &#8211; temel olarak bir i\u015fveren veya karar verici ba\u015fvuru sahiplerini k\u0131sa listeye ald\u0131\u011f\u0131nda, m\u00fclakat yapt\u0131\u011f\u0131nda veya se\u00e7ti\u011finde. Deneyiminizi daha iyi bir \u015fekilde g\u00f6sterecek bir CV olu\u015fturmak i\u00e7in bu \u015fablonu kullan\u0131n.<\/p>\n<h5>Nas\u0131l kullan\u0131l\u0131r?<\/h5>\n<ul class=\"desc-item_list\">\n<li class=\"desc-item_list__point\">\u0130leti\u015fim bilgilerinizi ekleyin<\/li>\n<li class=\"desc-item_list__point\">Foto\u011fraf\u0131n\u0131z\u0131 y\u00fckleyin<\/li>\n<li class=\"desc-item_list__point\">Profil b\u00f6l\u00fcm\u00fcnde hedefleriniz hakk\u0131nda daha fazla bilgi verin<\/li>\n<li class=\"desc-item_list__point\">\u0130\u015f deneyiminiz ve e\u011fitiminizle ilgili bilgileri doldurun<\/li>\n<li class=\"desc-item_list__point\">Dil yeterlilik seviyenizi g\u00f6stermek i\u00e7in derecelendirme \u00e7ubu\u011funu kullan\u0131n<\/li>\n<li class=\"desc-item_list__point\">Bili\u015fsel \u00f6zelliklerinizin seviyesini g\u00f6stermek i\u00e7in ilerleme \u00e7ubu\u011funu kullan\u0131n<\/li>\n<\/ul>\n","protected":false},"excerpt":{"rendered":"<p>\u0130yi bir CV&#8217;ye sahip olmak i\u015f ba\u015fvurular\u0131 i\u00e7in \u00e7ok \u00f6nemlidir. Bu \u00fccretsiz \u00f6zelle\u015ftirilebilir \u015fablon size bu konuda yard\u0131mc\u0131 olabilir. \u0130\u015f bulmak i\u00e7in deneyiminizi ve ge\u00e7mi\u015finizi doldurun.<\/p>\n","protected":false},"featured_media":57845,"template":"","meta":{"_acf_changed":false,"inline_featured_image":false},"product_brand":[],"product_cat":[257,266,267],"product_tag":[],"class_list":{"0":"post-57844","1":"product","2":"type-product","3":"status-publish","4":"has-post-thumbnail","6":"product_cat-personal","7":"product_cat-personal-work","8":"product_cat-student","10":"first","11":"instock","12":"virtual","13":"sold-individually","14":"product-type-simple"},"acf":[],"yoast_head":"<!-- This site is optimized with the Yoast SEO plugin v25.3.1 - https:\/\/yoast.com\/wordpress\/plugins\/seo\/ -->\n<title>CV \u015eablonlar\u0131 \u015eablonu - Sales AI Agents<\/title>\n<meta name=\"description\" content=\"\u0130yi bir CV&#039;ye sahip olmak i\u015f ba\u015fvurular\u0131 i\u00e7in \u00e7ok \u00f6nemlidir. Bu \u00fccretsiz \u00f6zelle\u015ftirilebilir \u015fablon, bir i\u015f bulmak i\u00e7in deneyiminizi ve ge\u00e7mi\u015finizi doldurman\u0131za yard\u0131mc\u0131 olabilir!\" \/>\n<meta name=\"robots\" content=\"index, follow, max-snippet:-1, max-image-preview:large, max-video-preview:-1\" \/>\n<link rel=\"canonical\" href=\"https:\/\/sales-ai-agents.com\/tr\/templates\/cv\/\" \/>\n<meta property=\"og:locale\" content=\"tr_TR\" \/>\n<meta property=\"og:type\" content=\"article\" \/>\n<meta property=\"og:title\" content=\"CV \u015eablonlar\u0131 \u015eablonu - Sales AI Agents\" \/>\n<meta property=\"og:description\" content=\"\u0130yi bir CV&#039;ye sahip olmak i\u015f ba\u015fvurular\u0131 i\u00e7in \u00e7ok \u00f6nemlidir. Bu \u00fccretsiz \u00f6zelle\u015ftirilebilir \u015fablon, bir i\u015f bulmak i\u00e7in deneyiminizi ve ge\u00e7mi\u015finizi doldurman\u0131za yard\u0131mc\u0131 olabilir!\" \/>\n<meta property=\"og:url\" content=\"https:\/\/sales-ai-agents.com\/tr\/templates\/cv\/\" \/>\n<meta property=\"og:site_name\" content=\"Sales AI Agents\" \/>\n<meta property=\"article:modified_time\" content=\"2024-01-02T11:28:03+00:00\" \/>\n<meta property=\"og:image\" content=\"https:\/\/sales-ai-agents.com\/wp-content\/uploads\/2023\/01\/image-preview122042.png\" \/>\n\t<meta property=\"og:image:width\" content=\"1078\" \/>\n\t<meta property=\"og:image:height\" content=\"2500\" \/>\n\t<meta property=\"og:image:type\" content=\"image\/png\" \/>\n<meta name=\"twitter:card\" content=\"summary_large_image\" \/>\n<script type=\"application\/ld+json\" class=\"yoast-schema-graph\">{\"@context\":\"https:\/\/schema.org\",\"@graph\":[{\"@type\":\"WebPage\",\"@id\":\"https:\/\/sales-ai-agents.com\/tr\/templates\/cv\/\",\"url\":\"https:\/\/sales-ai-agents.com\/tr\/templates\/cv\/\",\"name\":\"CV \u015eablonlar\u0131 \u015eablonu - Sales AI Agents\",\"isPartOf\":{\"@id\":\"https:\/\/sales-ai-agents.com\/#website\"},\"primaryImageOfPage\":{\"@id\":\"https:\/\/sales-ai-agents.com\/tr\/templates\/cv\/#primaryimage\"},\"image\":{\"@id\":\"https:\/\/sales-ai-agents.com\/tr\/templates\/cv\/#primaryimage\"},\"thumbnailUrl\":\"https:\/\/sales-ai-agents.com\/wp-content\/uploads\/2023\/01\/image-preview122042.png\",\"datePublished\":\"2022-09-26T12:08:20+00:00\",\"dateModified\":\"2024-01-02T11:28:03+00:00\",\"description\":\"\u0130yi bir CV'ye sahip olmak i\u015f ba\u015fvurular\u0131 i\u00e7in \u00e7ok \u00f6nemlidir. Bu \u00fccretsiz \u00f6zelle\u015ftirilebilir \u015fablon, bir i\u015f bulmak i\u00e7in deneyiminizi ve ge\u00e7mi\u015finizi doldurman\u0131za yard\u0131mc\u0131 olabilir!\",\"inLanguage\":\"tr\",\"potentialAction\":[{\"@type\":\"ReadAction\",\"target\":[\"https:\/\/sales-ai-agents.com\/tr\/templates\/cv\/\"]}]},{\"@type\":\"ImageObject\",\"inLanguage\":\"tr\",\"@id\":\"https:\/\/sales-ai-agents.com\/tr\/templates\/cv\/#primaryimage\",\"url\":\"https:\/\/sales-ai-agents.com\/wp-content\/uploads\/2023\/01\/image-preview122042.png\",\"contentUrl\":\"https:\/\/sales-ai-agents.com\/wp-content\/uploads\/2023\/01\/image-preview122042.png\",\"width\":1078,\"height\":2500},{\"@type\":\"WebSite\",\"@id\":\"https:\/\/sales-ai-agents.com\/#website\",\"url\":\"https:\/\/sales-ai-agents.com\/\",\"name\":\"FuseBase\",\"description\":\"Sales AI Agents - Free Online Collaboration Software for Remote Teams. Build your wikis, client portals and more with the Nimbus Platform collaboration tool ? A perfect space for online work\",\"publisher\":{\"@id\":\"https:\/\/sales-ai-agents.com\/#organization\"},\"potentialAction\":[{\"@type\":\"SearchAction\",\"target\":{\"@type\":\"EntryPoint\",\"urlTemplate\":\"https:\/\/sales-ai-agents.com\/?s={search_term_string}\"},\"query-input\":{\"@type\":\"PropertyValueSpecification\",\"valueRequired\":true,\"valueName\":\"search_term_string\"}}],\"inLanguage\":\"tr\"},{\"@type\":\"Organization\",\"@id\":\"https:\/\/sales-ai-agents.com\/#organization\",\"name\":\"FuseBase\",\"url\":\"https:\/\/sales-ai-agents.com\/\",\"logo\":{\"@type\":\"ImageObject\",\"inLanguage\":\"tr\",\"@id\":\"https:\/\/sales-ai-agents.com\/#\/schema\/logo\/image\/\",\"url\":\"https:\/\/sales-ai-agents.com\/wp-content\/uploads\/2023\/11\/icon-7.svg\",\"contentUrl\":\"https:\/\/sales-ai-agents.com\/wp-content\/uploads\/2023\/11\/icon-7.svg\",\"width\":128,\"height\":128,\"caption\":\"FuseBase\"},\"image\":{\"@id\":\"https:\/\/sales-ai-agents.com\/#\/schema\/logo\/image\/\"}}]}<\/script>\n<!-- \/ Yoast SEO plugin. -->","yoast_head_json":{"title":"CV \u015eablonlar\u0131 \u015eablonu - Sales AI Agents","description":"\u0130yi bir CV'ye sahip olmak i\u015f ba\u015fvurular\u0131 i\u00e7in \u00e7ok \u00f6nemlidir. Bu \u00fccretsiz \u00f6zelle\u015ftirilebilir \u015fablon, bir i\u015f bulmak i\u00e7in deneyiminizi ve ge\u00e7mi\u015finizi doldurman\u0131za yard\u0131mc\u0131 olabilir!","robots":{"index":"index","follow":"follow","max-snippet":"max-snippet:-1","max-image-preview":"max-image-preview:large","max-video-preview":"max-video-preview:-1"},"canonical":"https:\/\/sales-ai-agents.com\/tr\/templates\/cv\/","og_locale":"tr_TR","og_type":"article","og_title":"CV \u015eablonlar\u0131 \u015eablonu - Sales AI Agents","og_description":"\u0130yi bir CV'ye sahip olmak i\u015f ba\u015fvurular\u0131 i\u00e7in \u00e7ok \u00f6nemlidir. Bu \u00fccretsiz \u00f6zelle\u015ftirilebilir \u015fablon, bir i\u015f bulmak i\u00e7in deneyiminizi ve ge\u00e7mi\u015finizi doldurman\u0131za yard\u0131mc\u0131 olabilir!","og_url":"https:\/\/sales-ai-agents.com\/tr\/templates\/cv\/","og_site_name":"Sales AI Agents","article_modified_time":"2024-01-02T11:28:03+00:00","og_image":[{"width":1078,"height":2500,"url":"https:\/\/sales-ai-agents.com\/wp-content\/uploads\/2023\/01\/image-preview122042.png","type":"image\/png"}],"twitter_card":"summary_large_image","schema":{"@context":"https:\/\/schema.org","@graph":[{"@type":"WebPage","@id":"https:\/\/sales-ai-agents.com\/tr\/templates\/cv\/","url":"https:\/\/sales-ai-agents.com\/tr\/templates\/cv\/","name":"CV \u015eablonlar\u0131 \u015eablonu - Sales AI Agents","isPartOf":{"@id":"https:\/\/sales-ai-agents.com\/#website"},"primaryImageOfPage":{"@id":"https:\/\/sales-ai-agents.com\/tr\/templates\/cv\/#primaryimage"},"image":{"@id":"https:\/\/sales-ai-agents.com\/tr\/templates\/cv\/#primaryimage"},"thumbnailUrl":"https:\/\/sales-ai-agents.com\/wp-content\/uploads\/2023\/01\/image-preview122042.png","datePublished":"2022-09-26T12:08:20+00:00","dateModified":"2024-01-02T11:28:03+00:00","description":"\u0130yi bir CV'ye sahip olmak i\u015f ba\u015fvurular\u0131 i\u00e7in \u00e7ok \u00f6nemlidir. Bu \u00fccretsiz \u00f6zelle\u015ftirilebilir \u015fablon, bir i\u015f bulmak i\u00e7in deneyiminizi ve ge\u00e7mi\u015finizi doldurman\u0131za yard\u0131mc\u0131 olabilir!","inLanguage":"tr","potentialAction":[{"@type":"ReadAction","target":["https:\/\/sales-ai-agents.com\/tr\/templates\/cv\/"]}]},{"@type":"ImageObject","inLanguage":"tr","@id":"https:\/\/sales-ai-agents.com\/tr\/templates\/cv\/#primaryimage","url":"https:\/\/sales-ai-agents.com\/wp-content\/uploads\/2023\/01\/image-preview122042.png","contentUrl":"https:\/\/sales-ai-agents.com\/wp-content\/uploads\/2023\/01\/image-preview122042.png","width":1078,"height":2500},{"@type":"WebSite","@id":"https:\/\/sales-ai-agents.com\/#website","url":"https:\/\/sales-ai-agents.com\/","name":"FuseBase","description":"Sales AI Agents - Free Online Collaboration Software for Remote Teams. Build your wikis, client portals and more with the Nimbus Platform collaboration tool ? A perfect space for online work","publisher":{"@id":"https:\/\/sales-ai-agents.com\/#organization"},"potentialAction":[{"@type":"SearchAction","target":{"@type":"EntryPoint","urlTemplate":"https:\/\/sales-ai-agents.com\/?s={search_term_string}"},"query-input":{"@type":"PropertyValueSpecification","valueRequired":true,"valueName":"search_term_string"}}],"inLanguage":"tr"},{"@type":"Organization","@id":"https:\/\/sales-ai-agents.com\/#organization","name":"FuseBase","url":"https:\/\/sales-ai-agents.com\/","logo":{"@type":"ImageObject","inLanguage":"tr","@id":"https:\/\/sales-ai-agents.com\/#\/schema\/logo\/image\/","url":"https:\/\/sales-ai-agents.com\/wp-content\/uploads\/2023\/11\/icon-7.svg","contentUrl":"https:\/\/sales-ai-agents.com\/wp-content\/uploads\/2023\/11\/icon-7.svg","width":128,"height":128,"caption":"FuseBase"},"image":{"@id":"https:\/\/sales-ai-agents.com\/#\/schema\/logo\/image\/"}}]}},"_links":{"self":[{"href":"https:\/\/sales-ai-agents.com\/tr\/wp-json\/wp\/v2\/product\/57844","targetHints":{"allow":["GET"]}}],"collection":[{"href":"https:\/\/sales-ai-agents.com\/tr\/wp-json\/wp\/v2\/product"}],"about":[{"href":"https:\/\/sales-ai-agents.com\/tr\/wp-json\/wp\/v2\/types\/product"}],"wp:featuredmedia":[{"embeddable":true,"href":"https:\/\/sales-ai-agents.com\/tr\/wp-json\/wp\/v2\/media\/57845"}],"wp:attachment":[{"href":"https:\/\/sales-ai-agents.com\/tr\/wp-json\/wp\/v2\/media?parent=57844"}],"wp:term":[{"taxonomy":"product_brand","embeddable":true,"href":"https:\/\/sales-ai-agents.com\/tr\/wp-json\/wp\/v2\/product_brand?post=57844"},{"taxonomy":"product_cat","embeddable":true,"href":"https:\/\/sales-ai-agents.com\/tr\/wp-json\/wp\/v2\/product_cat?post=57844"},{"taxonomy":"product_tag","embeddable":true,"href":"https:\/\/sales-ai-agents.com\/tr\/wp-json\/wp\/v2\/product_tag?post=57844"}],"curies":[{"name":"wp","href":"https:\/\/api.w.org\/{rel}","templated":true}]}}