{"id":57847,"date":"2022-09-26T12:05:51","date_gmt":"2022-09-26T12:05:51","guid":{"rendered":"https:\/\/sales-ai-agents.com\/templates\/workout-log\/"},"modified":"2024-01-02T13:15:04","modified_gmt":"2024-01-02T13:15:04","slug":"workout-log","status":"publish","type":"product","link":"https:\/\/sales-ai-agents.com\/tr\/templates\/workout-log\/","title":{"rendered":"Egzersiz G\u00fcnl\u00fc\u011f\u00fc"},"content":{"rendered":"<p>&nbsp;<\/p>\n<h2>Egzersiz G\u00fcnl\u00fc\u011f\u00fc \u015eablonu<\/h2>\n<p class=\"desc-text\">Ak\u0131ll\u0131ca bir uygulama, her antrenman\u0131n kayd\u0131n\u0131 tutmakt\u0131r. Bu \u015fablon, kaslar\u0131n\u0131z\u0131n ve g\u00fcc\u00fcn\u00fcz\u00fcn geli\u015fimindeki ilerlemenizi takip etmenize yard\u0131mc\u0131 olacakt\u0131r. B\u00fcy\u00fcmeye izin vermek i\u00e7in say\u0131lar\u0131n\u0131z\u0131 art\u0131r\u0131n.<\/p>\n<h5>Nas\u0131l kullan\u0131l\u0131r?<\/h5>\n<ul class=\"desc-item_list\">\n<li class=\"desc-item_list__point\">Bir tarih, \u00e7al\u0131\u015fmay\u0131 planlad\u0131\u011f\u0131n\u0131z kas gruplar\u0131, egzersiz s\u00fcresi ve kilonuzu ekleyin<\/li>\n<li class=\"desc-item_list__point\">Egzersiz t\u00fcr\u00fcn\u00fc, tekrar say\u0131s\u0131n\u0131 ve her set i\u00e7in a\u011f\u0131rl\u0131klar\u0131 ekleyerek egzersizlerinizi planlay\u0131n<\/li>\n<li class=\"desc-item_list__point\">Antrenman\u0131 de\u011ferlendirin<\/li>\n<li class=\"desc-item_list__point\">Bir sonraki antrenman\u0131n\u0131z\u0131 planlamak ve ilerlemenizi takip etmek i\u00e7in tabloyu kopyalay\u0131n<\/li>\n<\/ul>\n","protected":false},"excerpt":{"rendered":"<p>Ak\u0131ll\u0131ca bir uygulama, her antrenman\u0131n kayd\u0131n\u0131 tutmakt\u0131r. Bu \u00fccretsiz \u015fablon, kaslar\u0131n\u0131z\u0131n ve g\u00fcc\u00fcn\u00fcz\u00fcn geli\u015fimindeki ilerlemenizi takip etmenize yard\u0131mc\u0131 olacakt\u0131r.<\/p>\n","protected":false},"featured_media":57848,"template":"","meta":{"_acf_changed":false,"inline_featured_image":false},"product_brand":[],"product_cat":[257,259,256],"product_tag":[],"class_list":{"0":"post-57847","1":"product","2":"type-product","3":"status-publish","4":"has-post-thumbnail","6":"product_cat-personal","7":"product_cat-personal-health","8":"product_cat-organizers-planners","10":"first","11":"instock","12":"virtual","13":"sold-individually","14":"product-type-simple"},"acf":[],"yoast_head":"<!-- This site is optimized with the Yoast SEO plugin v25.3.1 - https:\/\/yoast.com\/wordpress\/plugins\/seo\/ -->\n<title>Egzersiz G\u00fcnl\u00fc\u011f\u00fc \u015eablonu - Sales AI Agents<\/title>\n<meta name=\"description\" content=\"Ak\u0131ll\u0131ca bir uygulama, her antrenman\u0131n kayd\u0131n\u0131 tutmakt\u0131r. Bu \u00fccretsiz \u015fablon, kaslar\u0131n\u0131z\u0131n ve g\u00fcc\u00fcn\u00fcz\u00fcn geli\u015fimindeki ilerlemenizi takip etmenize yard\u0131mc\u0131 olacakt\u0131r.\" \/>\n<meta name=\"robots\" content=\"index, follow, max-snippet:-1, max-image-preview:large, max-video-preview:-1\" \/>\n<link rel=\"canonical\" href=\"https:\/\/sales-ai-agents.com\/tr\/templates\/workout-log\/\" \/>\n<meta property=\"og:locale\" content=\"tr_TR\" \/>\n<meta property=\"og:type\" content=\"article\" \/>\n<meta property=\"og:title\" content=\"Egzersiz G\u00fcnl\u00fc\u011f\u00fc \u015eablonu - Sales AI Agents\" \/>\n<meta property=\"og:description\" content=\"Ak\u0131ll\u0131ca bir uygulama, her antrenman\u0131n kayd\u0131n\u0131 tutmakt\u0131r. Bu \u00fccretsiz \u015fablon, kaslar\u0131n\u0131z\u0131n ve g\u00fcc\u00fcn\u00fcz\u00fcn geli\u015fimindeki ilerlemenizi takip etmenize yard\u0131mc\u0131 olacakt\u0131r.\" \/>\n<meta property=\"og:url\" content=\"https:\/\/sales-ai-agents.com\/tr\/templates\/workout-log\/\" \/>\n<meta property=\"og:site_name\" content=\"Sales AI Agents\" \/>\n<meta property=\"article:modified_time\" content=\"2024-01-02T13:15:04+00:00\" \/>\n<meta property=\"og:image\" content=\"https:\/\/sales-ai-agents.com\/wp-content\/uploads\/2023\/01\/image-preview122808.png\" \/>\n\t<meta property=\"og:image:width\" content=\"1078\" \/>\n\t<meta property=\"og:image:height\" content=\"1342\" \/>\n\t<meta property=\"og:image:type\" content=\"image\/png\" \/>\n<meta name=\"twitter:card\" content=\"summary_large_image\" \/>\n<script type=\"application\/ld+json\" class=\"yoast-schema-graph\">{\"@context\":\"https:\/\/schema.org\",\"@graph\":[{\"@type\":\"WebPage\",\"@id\":\"https:\/\/sales-ai-agents.com\/tr\/templates\/workout-log\/\",\"url\":\"https:\/\/sales-ai-agents.com\/tr\/templates\/workout-log\/\",\"name\":\"Egzersiz G\u00fcnl\u00fc\u011f\u00fc \u015eablonu - Sales AI Agents\",\"isPartOf\":{\"@id\":\"https:\/\/sales-ai-agents.com\/#website\"},\"primaryImageOfPage\":{\"@id\":\"https:\/\/sales-ai-agents.com\/tr\/templates\/workout-log\/#primaryimage\"},\"image\":{\"@id\":\"https:\/\/sales-ai-agents.com\/tr\/templates\/workout-log\/#primaryimage\"},\"thumbnailUrl\":\"https:\/\/sales-ai-agents.com\/wp-content\/uploads\/2023\/01\/image-preview122808.png\",\"datePublished\":\"2022-09-26T12:05:51+00:00\",\"dateModified\":\"2024-01-02T13:15:04+00:00\",\"description\":\"Ak\u0131ll\u0131ca bir uygulama, her antrenman\u0131n kayd\u0131n\u0131 tutmakt\u0131r. Bu \u00fccretsiz \u015fablon, kaslar\u0131n\u0131z\u0131n ve g\u00fcc\u00fcn\u00fcz\u00fcn geli\u015fimindeki ilerlemenizi takip etmenize yard\u0131mc\u0131 olacakt\u0131r.\",\"inLanguage\":\"tr\",\"potentialAction\":[{\"@type\":\"ReadAction\",\"target\":[\"https:\/\/sales-ai-agents.com\/tr\/templates\/workout-log\/\"]}]},{\"@type\":\"ImageObject\",\"inLanguage\":\"tr\",\"@id\":\"https:\/\/sales-ai-agents.com\/tr\/templates\/workout-log\/#primaryimage\",\"url\":\"https:\/\/sales-ai-agents.com\/wp-content\/uploads\/2023\/01\/image-preview122808.png\",\"contentUrl\":\"https:\/\/sales-ai-agents.com\/wp-content\/uploads\/2023\/01\/image-preview122808.png\",\"width\":1078,\"height\":1342},{\"@type\":\"WebSite\",\"@id\":\"https:\/\/sales-ai-agents.com\/#website\",\"url\":\"https:\/\/sales-ai-agents.com\/\",\"name\":\"FuseBase\",\"description\":\"Sales AI Agents - Free Online Collaboration Software for Remote Teams. Build your wikis, client portals and more with the Nimbus Platform collaboration tool ? A perfect space for online work\",\"publisher\":{\"@id\":\"https:\/\/sales-ai-agents.com\/#organization\"},\"potentialAction\":[{\"@type\":\"SearchAction\",\"target\":{\"@type\":\"EntryPoint\",\"urlTemplate\":\"https:\/\/sales-ai-agents.com\/?s={search_term_string}\"},\"query-input\":{\"@type\":\"PropertyValueSpecification\",\"valueRequired\":true,\"valueName\":\"search_term_string\"}}],\"inLanguage\":\"tr\"},{\"@type\":\"Organization\",\"@id\":\"https:\/\/sales-ai-agents.com\/#organization\",\"name\":\"FuseBase\",\"url\":\"https:\/\/sales-ai-agents.com\/\",\"logo\":{\"@type\":\"ImageObject\",\"inLanguage\":\"tr\",\"@id\":\"https:\/\/sales-ai-agents.com\/#\/schema\/logo\/image\/\",\"url\":\"https:\/\/sales-ai-agents.com\/wp-content\/uploads\/2023\/11\/icon-7.svg\",\"contentUrl\":\"https:\/\/sales-ai-agents.com\/wp-content\/uploads\/2023\/11\/icon-7.svg\",\"width\":128,\"height\":128,\"caption\":\"FuseBase\"},\"image\":{\"@id\":\"https:\/\/sales-ai-agents.com\/#\/schema\/logo\/image\/\"}}]}<\/script>\n<!-- \/ Yoast SEO plugin. -->","yoast_head_json":{"title":"Egzersiz G\u00fcnl\u00fc\u011f\u00fc \u015eablonu - Sales AI Agents","description":"Ak\u0131ll\u0131ca bir uygulama, her antrenman\u0131n kayd\u0131n\u0131 tutmakt\u0131r. Bu \u00fccretsiz \u015fablon, kaslar\u0131n\u0131z\u0131n ve g\u00fcc\u00fcn\u00fcz\u00fcn geli\u015fimindeki ilerlemenizi takip etmenize yard\u0131mc\u0131 olacakt\u0131r.","robots":{"index":"index","follow":"follow","max-snippet":"max-snippet:-1","max-image-preview":"max-image-preview:large","max-video-preview":"max-video-preview:-1"},"canonical":"https:\/\/sales-ai-agents.com\/tr\/templates\/workout-log\/","og_locale":"tr_TR","og_type":"article","og_title":"Egzersiz G\u00fcnl\u00fc\u011f\u00fc \u015eablonu - Sales AI Agents","og_description":"Ak\u0131ll\u0131ca bir uygulama, her antrenman\u0131n kayd\u0131n\u0131 tutmakt\u0131r. Bu \u00fccretsiz \u015fablon, kaslar\u0131n\u0131z\u0131n ve g\u00fcc\u00fcn\u00fcz\u00fcn geli\u015fimindeki ilerlemenizi takip etmenize yard\u0131mc\u0131 olacakt\u0131r.","og_url":"https:\/\/sales-ai-agents.com\/tr\/templates\/workout-log\/","og_site_name":"Sales AI Agents","article_modified_time":"2024-01-02T13:15:04+00:00","og_image":[{"width":1078,"height":1342,"url":"https:\/\/sales-ai-agents.com\/wp-content\/uploads\/2023\/01\/image-preview122808.png","type":"image\/png"}],"twitter_card":"summary_large_image","schema":{"@context":"https:\/\/schema.org","@graph":[{"@type":"WebPage","@id":"https:\/\/sales-ai-agents.com\/tr\/templates\/workout-log\/","url":"https:\/\/sales-ai-agents.com\/tr\/templates\/workout-log\/","name":"Egzersiz G\u00fcnl\u00fc\u011f\u00fc \u015eablonu - Sales AI Agents","isPartOf":{"@id":"https:\/\/sales-ai-agents.com\/#website"},"primaryImageOfPage":{"@id":"https:\/\/sales-ai-agents.com\/tr\/templates\/workout-log\/#primaryimage"},"image":{"@id":"https:\/\/sales-ai-agents.com\/tr\/templates\/workout-log\/#primaryimage"},"thumbnailUrl":"https:\/\/sales-ai-agents.com\/wp-content\/uploads\/2023\/01\/image-preview122808.png","datePublished":"2022-09-26T12:05:51+00:00","dateModified":"2024-01-02T13:15:04+00:00","description":"Ak\u0131ll\u0131ca bir uygulama, her antrenman\u0131n kayd\u0131n\u0131 tutmakt\u0131r. Bu \u00fccretsiz \u015fablon, kaslar\u0131n\u0131z\u0131n ve g\u00fcc\u00fcn\u00fcz\u00fcn geli\u015fimindeki ilerlemenizi takip etmenize yard\u0131mc\u0131 olacakt\u0131r.","inLanguage":"tr","potentialAction":[{"@type":"ReadAction","target":["https:\/\/sales-ai-agents.com\/tr\/templates\/workout-log\/"]}]},{"@type":"ImageObject","inLanguage":"tr","@id":"https:\/\/sales-ai-agents.com\/tr\/templates\/workout-log\/#primaryimage","url":"https:\/\/sales-ai-agents.com\/wp-content\/uploads\/2023\/01\/image-preview122808.png","contentUrl":"https:\/\/sales-ai-agents.com\/wp-content\/uploads\/2023\/01\/image-preview122808.png","width":1078,"height":1342},{"@type":"WebSite","@id":"https:\/\/sales-ai-agents.com\/#website","url":"https:\/\/sales-ai-agents.com\/","name":"FuseBase","description":"Sales AI Agents - Free Online Collaboration Software for Remote Teams. Build your wikis, client portals and more with the Nimbus Platform collaboration tool ? A perfect space for online work","publisher":{"@id":"https:\/\/sales-ai-agents.com\/#organization"},"potentialAction":[{"@type":"SearchAction","target":{"@type":"EntryPoint","urlTemplate":"https:\/\/sales-ai-agents.com\/?s={search_term_string}"},"query-input":{"@type":"PropertyValueSpecification","valueRequired":true,"valueName":"search_term_string"}}],"inLanguage":"tr"},{"@type":"Organization","@id":"https:\/\/sales-ai-agents.com\/#organization","name":"FuseBase","url":"https:\/\/sales-ai-agents.com\/","logo":{"@type":"ImageObject","inLanguage":"tr","@id":"https:\/\/sales-ai-agents.com\/#\/schema\/logo\/image\/","url":"https:\/\/sales-ai-agents.com\/wp-content\/uploads\/2023\/11\/icon-7.svg","contentUrl":"https:\/\/sales-ai-agents.com\/wp-content\/uploads\/2023\/11\/icon-7.svg","width":128,"height":128,"caption":"FuseBase"},"image":{"@id":"https:\/\/sales-ai-agents.com\/#\/schema\/logo\/image\/"}}]}},"_links":{"self":[{"href":"https:\/\/sales-ai-agents.com\/tr\/wp-json\/wp\/v2\/product\/57847","targetHints":{"allow":["GET"]}}],"collection":[{"href":"https:\/\/sales-ai-agents.com\/tr\/wp-json\/wp\/v2\/product"}],"about":[{"href":"https:\/\/sales-ai-agents.com\/tr\/wp-json\/wp\/v2\/types\/product"}],"wp:featuredmedia":[{"embeddable":true,"href":"https:\/\/sales-ai-agents.com\/tr\/wp-json\/wp\/v2\/media\/57848"}],"wp:attachment":[{"href":"https:\/\/sales-ai-agents.com\/tr\/wp-json\/wp\/v2\/media?parent=57847"}],"wp:term":[{"taxonomy":"product_brand","embeddable":true,"href":"https:\/\/sales-ai-agents.com\/tr\/wp-json\/wp\/v2\/product_brand?post=57847"},{"taxonomy":"product_cat","embeddable":true,"href":"https:\/\/sales-ai-agents.com\/tr\/wp-json\/wp\/v2\/product_cat?post=57847"},{"taxonomy":"product_tag","embeddable":true,"href":"https:\/\/sales-ai-agents.com\/tr\/wp-json\/wp\/v2\/product_tag?post=57847"}],"curies":[{"name":"wp","href":"https:\/\/api.w.org\/{rel}","templated":true}]}}