{"id":57851,"date":"2022-09-26T12:05:47","date_gmt":"2022-09-26T12:05:47","guid":{"rendered":"https:\/\/sales-ai-agents.com\/templates\/rolling-quarters\/"},"modified":"2024-01-02T11:17:14","modified_gmt":"2024-01-02T11:17:14","slug":"rolling-quarters","status":"publish","type":"product","link":"https:\/\/sales-ai-agents.com\/tr\/templates\/rolling-quarters\/","title":{"rendered":"Rolling Quarters"},"content":{"rendered":"<p>&nbsp;<\/p>\n<h2>Rolling Quarters \u015eablonu<\/h2>\n<p class=\"desc-text\">\u00d6n\u00fcm\u00fczdeki \u00e7eyrekler i\u00e7in hedeflerinize ula\u015fma durumunuzu takip edebilmek i\u00e7in aylar \u00f6ncesinden plan yap\u0131n. Bir sonraki \u00e7eyrekte ula\u015fmay\u0131 planlad\u0131\u011f\u0131n\u0131z t\u00fcm hedefleri numaraland\u0131rmak ve kontrol listesini kullanarak ilerlemeyi s\u00fcrd\u00fcrmek i\u00e7in bu \u015fablonu kullan\u0131n.<\/p>\n<h5>Nas\u0131l kullan\u0131l\u0131r?<\/h5>\n<ul class=\"desc-item_list\">\n<li class=\"desc-item_list__point\">\u00c7eyrek numaras\u0131n\u0131 ve y\u0131l\u0131 girin<\/li>\n<li class=\"desc-item_list__point\">Bir sonraki \u00e7eyrekte ger\u00e7ekle\u015ftirmeyi planlad\u0131\u011f\u0131n\u0131z t\u00fcm hedefleri ekleyin<\/li>\n<li class=\"desc-item_list__point\">Yap\u0131lanlar\u0131 i\u015faretlemek i\u00e7in kontrol listesi kullan\u0131n<\/li>\n<\/ul>\n","protected":false},"excerpt":{"rendered":"<p>Hedefinize ula\u015f\u0131p ula\u015fmad\u0131\u011f\u0131n\u0131z\u0131 takip etmek i\u00e7in aylar \u00f6ncesinden plan yap\u0131n. \u00d6n\u00fcm\u00fczdeki \u00e7eyrekte ula\u015fmay\u0131 planlad\u0131\u011f\u0131n\u0131z t\u00fcm hedefleri numaraland\u0131rmak i\u00e7in bu \u00f6zelle\u015ftirilebilir \u015fablonu kullan\u0131n.<\/p>\n","protected":false},"featured_media":57852,"template":"","meta":{"_acf_changed":false,"inline_featured_image":false},"product_brand":[],"product_cat":[257,256],"product_tag":[],"class_list":{"0":"post-57851","1":"product","2":"type-product","3":"status-publish","4":"has-post-thumbnail","6":"product_cat-personal","7":"product_cat-organizers-planners","9":"first","10":"instock","11":"virtual","12":"sold-individually","13":"product-type-simple"},"acf":[],"yoast_head":"<!-- This site is optimized with the Yoast SEO plugin v25.3.1 - https:\/\/yoast.com\/wordpress\/plugins\/seo\/ -->\n<title>Rolling Quarters \u015eablonu - Sales AI Agents<\/title>\n<meta name=\"description\" content=\"Hedefinize ula\u015f\u0131p ula\u015fmad\u0131\u011f\u0131n\u0131z\u0131 takip etmek i\u00e7in aylar \u00f6ncesinden plan yap\u0131n. \u00d6n\u00fcm\u00fczdeki \u00e7eyrekte ger\u00e7ekle\u015ftirmeyi planlad\u0131\u011f\u0131n\u0131z t\u00fcm hedefleri numaraland\u0131rmak i\u00e7in bu \u00f6zelle\u015ftirilebilir \u015fablonu kullan\u0131n\" \/>\n<meta name=\"robots\" content=\"index, follow, max-snippet:-1, max-image-preview:large, max-video-preview:-1\" \/>\n<link rel=\"canonical\" href=\"https:\/\/sales-ai-agents.com\/tr\/templates\/rolling-quarters\/\" \/>\n<meta property=\"og:locale\" content=\"tr_TR\" \/>\n<meta property=\"og:type\" content=\"article\" \/>\n<meta property=\"og:title\" content=\"Rolling Quarters \u015eablonu - Sales AI Agents\" \/>\n<meta property=\"og:description\" content=\"Hedefinize ula\u015f\u0131p ula\u015fmad\u0131\u011f\u0131n\u0131z\u0131 takip etmek i\u00e7in aylar \u00f6ncesinden plan yap\u0131n. \u00d6n\u00fcm\u00fczdeki \u00e7eyrekte ger\u00e7ekle\u015ftirmeyi planlad\u0131\u011f\u0131n\u0131z t\u00fcm hedefleri numaraland\u0131rmak i\u00e7in bu \u00f6zelle\u015ftirilebilir \u015fablonu kullan\u0131n\" \/>\n<meta property=\"og:url\" content=\"https:\/\/sales-ai-agents.com\/tr\/templates\/rolling-quarters\/\" \/>\n<meta property=\"og:site_name\" content=\"Sales AI Agents\" \/>\n<meta property=\"article:modified_time\" content=\"2024-01-02T11:17:14+00:00\" \/>\n<meta property=\"og:image\" content=\"https:\/\/sales-ai-agents.com\/wp-content\/uploads\/2022\/09\/Rolling-Quarters-Template.png\" \/>\n\t<meta property=\"og:image:width\" content=\"1700\" \/>\n\t<meta property=\"og:image:height\" content=\"1100\" \/>\n\t<meta property=\"og:image:type\" content=\"image\/png\" \/>\n<meta name=\"twitter:card\" content=\"summary_large_image\" \/>\n<script type=\"application\/ld+json\" class=\"yoast-schema-graph\">{\"@context\":\"https:\/\/schema.org\",\"@graph\":[{\"@type\":\"WebPage\",\"@id\":\"https:\/\/sales-ai-agents.com\/tr\/templates\/rolling-quarters\/\",\"url\":\"https:\/\/sales-ai-agents.com\/tr\/templates\/rolling-quarters\/\",\"name\":\"Rolling Quarters \u015eablonu - Sales AI Agents\",\"isPartOf\":{\"@id\":\"https:\/\/sales-ai-agents.com\/#website\"},\"primaryImageOfPage\":{\"@id\":\"https:\/\/sales-ai-agents.com\/tr\/templates\/rolling-quarters\/#primaryimage\"},\"image\":{\"@id\":\"https:\/\/sales-ai-agents.com\/tr\/templates\/rolling-quarters\/#primaryimage\"},\"thumbnailUrl\":\"https:\/\/sales-ai-agents.com\/wp-content\/uploads\/2022\/09\/Rolling-Quarters-Template.png\",\"datePublished\":\"2022-09-26T12:05:47+00:00\",\"dateModified\":\"2024-01-02T11:17:14+00:00\",\"description\":\"Hedefinize ula\u015f\u0131p ula\u015fmad\u0131\u011f\u0131n\u0131z\u0131 takip etmek i\u00e7in aylar \u00f6ncesinden plan yap\u0131n. \u00d6n\u00fcm\u00fczdeki \u00e7eyrekte ger\u00e7ekle\u015ftirmeyi planlad\u0131\u011f\u0131n\u0131z t\u00fcm hedefleri numaraland\u0131rmak i\u00e7in bu \u00f6zelle\u015ftirilebilir \u015fablonu kullan\u0131n\",\"inLanguage\":\"tr\",\"potentialAction\":[{\"@type\":\"ReadAction\",\"target\":[\"https:\/\/sales-ai-agents.com\/tr\/templates\/rolling-quarters\/\"]}]},{\"@type\":\"ImageObject\",\"inLanguage\":\"tr\",\"@id\":\"https:\/\/sales-ai-agents.com\/tr\/templates\/rolling-quarters\/#primaryimage\",\"url\":\"https:\/\/sales-ai-agents.com\/wp-content\/uploads\/2022\/09\/Rolling-Quarters-Template.png\",\"contentUrl\":\"https:\/\/sales-ai-agents.com\/wp-content\/uploads\/2022\/09\/Rolling-Quarters-Template.png\",\"width\":1700,\"height\":1100},{\"@type\":\"WebSite\",\"@id\":\"https:\/\/sales-ai-agents.com\/#website\",\"url\":\"https:\/\/sales-ai-agents.com\/\",\"name\":\"FuseBase\",\"description\":\"Sales AI Agents - Free Online Collaboration Software for Remote Teams. Build your wikis, client portals and more with the Nimbus Platform collaboration tool ? A perfect space for online work\",\"publisher\":{\"@id\":\"https:\/\/sales-ai-agents.com\/#organization\"},\"potentialAction\":[{\"@type\":\"SearchAction\",\"target\":{\"@type\":\"EntryPoint\",\"urlTemplate\":\"https:\/\/sales-ai-agents.com\/?s={search_term_string}\"},\"query-input\":{\"@type\":\"PropertyValueSpecification\",\"valueRequired\":true,\"valueName\":\"search_term_string\"}}],\"inLanguage\":\"tr\"},{\"@type\":\"Organization\",\"@id\":\"https:\/\/sales-ai-agents.com\/#organization\",\"name\":\"FuseBase\",\"url\":\"https:\/\/sales-ai-agents.com\/\",\"logo\":{\"@type\":\"ImageObject\",\"inLanguage\":\"tr\",\"@id\":\"https:\/\/sales-ai-agents.com\/#\/schema\/logo\/image\/\",\"url\":\"https:\/\/sales-ai-agents.com\/wp-content\/uploads\/2023\/11\/icon-7.svg\",\"contentUrl\":\"https:\/\/sales-ai-agents.com\/wp-content\/uploads\/2023\/11\/icon-7.svg\",\"width\":128,\"height\":128,\"caption\":\"FuseBase\"},\"image\":{\"@id\":\"https:\/\/sales-ai-agents.com\/#\/schema\/logo\/image\/\"}}]}<\/script>\n<!-- \/ Yoast SEO plugin. -->","yoast_head_json":{"title":"Rolling Quarters \u015eablonu - Sales AI Agents","description":"Hedefinize ula\u015f\u0131p ula\u015fmad\u0131\u011f\u0131n\u0131z\u0131 takip etmek i\u00e7in aylar \u00f6ncesinden plan yap\u0131n. \u00d6n\u00fcm\u00fczdeki \u00e7eyrekte ger\u00e7ekle\u015ftirmeyi planlad\u0131\u011f\u0131n\u0131z t\u00fcm hedefleri numaraland\u0131rmak i\u00e7in bu \u00f6zelle\u015ftirilebilir \u015fablonu kullan\u0131n","robots":{"index":"index","follow":"follow","max-snippet":"max-snippet:-1","max-image-preview":"max-image-preview:large","max-video-preview":"max-video-preview:-1"},"canonical":"https:\/\/sales-ai-agents.com\/tr\/templates\/rolling-quarters\/","og_locale":"tr_TR","og_type":"article","og_title":"Rolling Quarters \u015eablonu - Sales AI Agents","og_description":"Hedefinize ula\u015f\u0131p ula\u015fmad\u0131\u011f\u0131n\u0131z\u0131 takip etmek i\u00e7in aylar \u00f6ncesinden plan yap\u0131n. \u00d6n\u00fcm\u00fczdeki \u00e7eyrekte ger\u00e7ekle\u015ftirmeyi planlad\u0131\u011f\u0131n\u0131z t\u00fcm hedefleri numaraland\u0131rmak i\u00e7in bu \u00f6zelle\u015ftirilebilir \u015fablonu kullan\u0131n","og_url":"https:\/\/sales-ai-agents.com\/tr\/templates\/rolling-quarters\/","og_site_name":"Sales AI Agents","article_modified_time":"2024-01-02T11:17:14+00:00","og_image":[{"width":1700,"height":1100,"url":"https:\/\/sales-ai-agents.com\/wp-content\/uploads\/2022\/09\/Rolling-Quarters-Template.png","type":"image\/png"}],"twitter_card":"summary_large_image","schema":{"@context":"https:\/\/schema.org","@graph":[{"@type":"WebPage","@id":"https:\/\/sales-ai-agents.com\/tr\/templates\/rolling-quarters\/","url":"https:\/\/sales-ai-agents.com\/tr\/templates\/rolling-quarters\/","name":"Rolling Quarters \u015eablonu - Sales AI Agents","isPartOf":{"@id":"https:\/\/sales-ai-agents.com\/#website"},"primaryImageOfPage":{"@id":"https:\/\/sales-ai-agents.com\/tr\/templates\/rolling-quarters\/#primaryimage"},"image":{"@id":"https:\/\/sales-ai-agents.com\/tr\/templates\/rolling-quarters\/#primaryimage"},"thumbnailUrl":"https:\/\/sales-ai-agents.com\/wp-content\/uploads\/2022\/09\/Rolling-Quarters-Template.png","datePublished":"2022-09-26T12:05:47+00:00","dateModified":"2024-01-02T11:17:14+00:00","description":"Hedefinize ula\u015f\u0131p ula\u015fmad\u0131\u011f\u0131n\u0131z\u0131 takip etmek i\u00e7in aylar \u00f6ncesinden plan yap\u0131n. \u00d6n\u00fcm\u00fczdeki \u00e7eyrekte ger\u00e7ekle\u015ftirmeyi planlad\u0131\u011f\u0131n\u0131z t\u00fcm hedefleri numaraland\u0131rmak i\u00e7in bu \u00f6zelle\u015ftirilebilir \u015fablonu kullan\u0131n","inLanguage":"tr","potentialAction":[{"@type":"ReadAction","target":["https:\/\/sales-ai-agents.com\/tr\/templates\/rolling-quarters\/"]}]},{"@type":"ImageObject","inLanguage":"tr","@id":"https:\/\/sales-ai-agents.com\/tr\/templates\/rolling-quarters\/#primaryimage","url":"https:\/\/sales-ai-agents.com\/wp-content\/uploads\/2022\/09\/Rolling-Quarters-Template.png","contentUrl":"https:\/\/sales-ai-agents.com\/wp-content\/uploads\/2022\/09\/Rolling-Quarters-Template.png","width":1700,"height":1100},{"@type":"WebSite","@id":"https:\/\/sales-ai-agents.com\/#website","url":"https:\/\/sales-ai-agents.com\/","name":"FuseBase","description":"Sales AI Agents - Free Online Collaboration Software for Remote Teams. Build your wikis, client portals and more with the Nimbus Platform collaboration tool ? A perfect space for online work","publisher":{"@id":"https:\/\/sales-ai-agents.com\/#organization"},"potentialAction":[{"@type":"SearchAction","target":{"@type":"EntryPoint","urlTemplate":"https:\/\/sales-ai-agents.com\/?s={search_term_string}"},"query-input":{"@type":"PropertyValueSpecification","valueRequired":true,"valueName":"search_term_string"}}],"inLanguage":"tr"},{"@type":"Organization","@id":"https:\/\/sales-ai-agents.com\/#organization","name":"FuseBase","url":"https:\/\/sales-ai-agents.com\/","logo":{"@type":"ImageObject","inLanguage":"tr","@id":"https:\/\/sales-ai-agents.com\/#\/schema\/logo\/image\/","url":"https:\/\/sales-ai-agents.com\/wp-content\/uploads\/2023\/11\/icon-7.svg","contentUrl":"https:\/\/sales-ai-agents.com\/wp-content\/uploads\/2023\/11\/icon-7.svg","width":128,"height":128,"caption":"FuseBase"},"image":{"@id":"https:\/\/sales-ai-agents.com\/#\/schema\/logo\/image\/"}}]}},"_links":{"self":[{"href":"https:\/\/sales-ai-agents.com\/tr\/wp-json\/wp\/v2\/product\/57851","targetHints":{"allow":["GET"]}}],"collection":[{"href":"https:\/\/sales-ai-agents.com\/tr\/wp-json\/wp\/v2\/product"}],"about":[{"href":"https:\/\/sales-ai-agents.com\/tr\/wp-json\/wp\/v2\/types\/product"}],"wp:featuredmedia":[{"embeddable":true,"href":"https:\/\/sales-ai-agents.com\/tr\/wp-json\/wp\/v2\/media\/57852"}],"wp:attachment":[{"href":"https:\/\/sales-ai-agents.com\/tr\/wp-json\/wp\/v2\/media?parent=57851"}],"wp:term":[{"taxonomy":"product_brand","embeddable":true,"href":"https:\/\/sales-ai-agents.com\/tr\/wp-json\/wp\/v2\/product_brand?post=57851"},{"taxonomy":"product_cat","embeddable":true,"href":"https:\/\/sales-ai-agents.com\/tr\/wp-json\/wp\/v2\/product_cat?post=57851"},{"taxonomy":"product_tag","embeddable":true,"href":"https:\/\/sales-ai-agents.com\/tr\/wp-json\/wp\/v2\/product_tag?post=57851"}],"curies":[{"name":"wp","href":"https:\/\/api.w.org\/{rel}","templated":true}]}}