{"id":57858,"date":"2022-09-26T12:05:17","date_gmt":"2022-09-26T12:05:17","guid":{"rendered":"https:\/\/sales-ai-agents.com\/templates\/sales-pipeline-table\/"},"modified":"2024-01-02T11:43:09","modified_gmt":"2024-01-02T11:43:09","slug":"sales-pipeline-table","status":"publish","type":"product","link":"https:\/\/sales-ai-agents.com\/tr\/templates\/sales-pipeline-table\/","title":{"rendered":"Sat\u0131\u015f Boru Hatt\u0131 Tablosu"},"content":{"rendered":"<p>&nbsp;<\/p>\n<h2>Sat\u0131\u015f Boru Hatt\u0131 Tablosu \u015eablonu<\/h2>\n<p class=\"desc-text\">Bu tabloyu sat\u0131\u015f boru hatlar\u0131n\u0131z i\u00e7in bir veritaban\u0131 olarak kullan\u0131n. T\u00fcm potansiyel m\u00fc\u015fterilerinizi tek bir yerde d\u00fczenleyin ve \u00f6nerdi\u011finiz anla\u015fmalarla ilgili temel bilgileri ekleyin. Ekibinizle birlikte en iyi eylem plan\u0131n\u0131 belirleyin. Tabloyu ilerledik\u00e7e g\u00fcncelleyin ve at\u0131lacak sonraki ad\u0131mlar\u0131 takip edin.<\/p>\n<h5>Bu \u015fablonu kullanmak i\u00e7in:<\/h5>\n<ul class=\"desc-item_list\">\n<li class=\"desc-item_list__point\">Potansiyel anla\u015fmalar\u0131n\u0131z\u0131 tabloda listeleyin<\/li>\n<li class=\"desc-item_list__point\">Sahneyi ilerledik\u00e7e g\u00fcncelleyin<\/li>\n<li class=\"desc-item_list__point\">Anla\u015fma tutar\u0131n\u0131 belirtin<\/li>\n<li class=\"desc-item_list__point\">Kazanma olas\u0131l\u0131\u011f\u0131n\u0131z\u0131 g\u00f6stermek i\u00e7in ilerleme \u00e7ubu\u011funu kullan\u0131n<\/li>\n<li class=\"desc-item_list__point\">A\u011f\u0131rl\u0131kl\u0131 bir tahmin ekleyin<\/li>\n<li class=\"desc-item_list__point\">Bir sat\u0131\u015f temsilcisini etiketlemek i\u00e7in @ mention&#8217;lar\u0131n\u0131 kullan\u0131n<\/li>\n<li class=\"desc-item_list__point\">Sonraki ad\u0131mlar\u0131 ekleyin<\/li>\n<\/ul>\n","protected":false},"excerpt":{"rendered":"<p>Bu tabloyu sat\u0131\u015f boru hatlar\u0131n\u0131z i\u00e7in bir veritaban\u0131 olarak kullan\u0131n. T\u00fcm potansiyel m\u00fc\u015fterilerinizi tek bir yerde d\u00fczenleyin ve \u00f6nerdi\u011finiz anla\u015fmalarla ilgili temel bilgileri ekleyin.<\/p>\n","protected":false},"featured_media":57859,"template":"","meta":{"_acf_changed":false,"inline_featured_image":false},"product_brand":[],"product_cat":[270,254,228],"product_tag":[232],"class_list":{"0":"post-57858","1":"product","2":"type-product","3":"status-publish","4":"has-post-thumbnail","6":"product_cat-sales-management","7":"product_cat-sales","8":"product_cat-sales-account","9":"product_tag-hit","11":"first","12":"instock","13":"virtual","14":"sold-individually","15":"product-type-simple"},"acf":[],"yoast_head":"<!-- This site is optimized with the Yoast SEO plugin v25.3.1 - https:\/\/yoast.com\/wordpress\/plugins\/seo\/ -->\n<title>Sat\u0131\u015f Boru Hatt\u0131 Tablosu \u015eablonu - Sales AI Agents<\/title>\n<meta name=\"description\" content=\"Bu tabloyu sat\u0131\u015f boru hatlar\u0131n\u0131z i\u00e7in bir veritaban\u0131 olarak kullan\u0131n. T\u00fcm potansiyel m\u00fc\u015fterilerinizi tek bir yerde d\u00fczenleyin ve \u00f6nerdi\u011finiz anla\u015fmalarla ilgili temel bilgileri ekleyin.\" \/>\n<meta name=\"robots\" content=\"index, follow, max-snippet:-1, max-image-preview:large, max-video-preview:-1\" \/>\n<link rel=\"canonical\" href=\"https:\/\/sales-ai-agents.com\/tr\/templates\/sales-pipeline-table\/\" \/>\n<meta property=\"og:locale\" content=\"tr_TR\" \/>\n<meta property=\"og:type\" content=\"article\" \/>\n<meta property=\"og:title\" content=\"Sat\u0131\u015f Boru Hatt\u0131 Tablosu \u015eablonu - Sales AI Agents\" \/>\n<meta property=\"og:description\" content=\"Bu tabloyu sat\u0131\u015f boru hatlar\u0131n\u0131z i\u00e7in bir veritaban\u0131 olarak kullan\u0131n. T\u00fcm potansiyel m\u00fc\u015fterilerinizi tek bir yerde d\u00fczenleyin ve \u00f6nerdi\u011finiz anla\u015fmalarla ilgili temel bilgileri ekleyin.\" \/>\n<meta property=\"og:url\" content=\"https:\/\/sales-ai-agents.com\/tr\/templates\/sales-pipeline-table\/\" \/>\n<meta property=\"og:site_name\" content=\"Sales AI Agents\" \/>\n<meta property=\"article:modified_time\" content=\"2024-01-02T11:43:09+00:00\" \/>\n<meta property=\"og:image\" content=\"https:\/\/sales-ai-agents.com\/wp-content\/uploads\/2022\/09\/Sales-Pipeline-Table-Template.png\" \/>\n\t<meta property=\"og:image:width\" content=\"1700\" \/>\n\t<meta property=\"og:image:height\" content=\"1100\" \/>\n\t<meta property=\"og:image:type\" content=\"image\/png\" \/>\n<meta name=\"twitter:card\" content=\"summary_large_image\" \/>\n<script type=\"application\/ld+json\" class=\"yoast-schema-graph\">{\"@context\":\"https:\/\/schema.org\",\"@graph\":[{\"@type\":\"WebPage\",\"@id\":\"https:\/\/sales-ai-agents.com\/tr\/templates\/sales-pipeline-table\/\",\"url\":\"https:\/\/sales-ai-agents.com\/tr\/templates\/sales-pipeline-table\/\",\"name\":\"Sat\u0131\u015f Boru Hatt\u0131 Tablosu \u015eablonu - Sales AI Agents\",\"isPartOf\":{\"@id\":\"https:\/\/sales-ai-agents.com\/#website\"},\"primaryImageOfPage\":{\"@id\":\"https:\/\/sales-ai-agents.com\/tr\/templates\/sales-pipeline-table\/#primaryimage\"},\"image\":{\"@id\":\"https:\/\/sales-ai-agents.com\/tr\/templates\/sales-pipeline-table\/#primaryimage\"},\"thumbnailUrl\":\"https:\/\/sales-ai-agents.com\/wp-content\/uploads\/2022\/09\/Sales-Pipeline-Table-Template.png\",\"datePublished\":\"2022-09-26T12:05:17+00:00\",\"dateModified\":\"2024-01-02T11:43:09+00:00\",\"description\":\"Bu tabloyu sat\u0131\u015f boru hatlar\u0131n\u0131z i\u00e7in bir veritaban\u0131 olarak kullan\u0131n. T\u00fcm potansiyel m\u00fc\u015fterilerinizi tek bir yerde d\u00fczenleyin ve \u00f6nerdi\u011finiz anla\u015fmalarla ilgili temel bilgileri ekleyin.\",\"inLanguage\":\"tr\",\"potentialAction\":[{\"@type\":\"ReadAction\",\"target\":[\"https:\/\/sales-ai-agents.com\/tr\/templates\/sales-pipeline-table\/\"]}]},{\"@type\":\"ImageObject\",\"inLanguage\":\"tr\",\"@id\":\"https:\/\/sales-ai-agents.com\/tr\/templates\/sales-pipeline-table\/#primaryimage\",\"url\":\"https:\/\/sales-ai-agents.com\/wp-content\/uploads\/2022\/09\/Sales-Pipeline-Table-Template.png\",\"contentUrl\":\"https:\/\/sales-ai-agents.com\/wp-content\/uploads\/2022\/09\/Sales-Pipeline-Table-Template.png\",\"width\":1700,\"height\":1100},{\"@type\":\"WebSite\",\"@id\":\"https:\/\/sales-ai-agents.com\/#website\",\"url\":\"https:\/\/sales-ai-agents.com\/\",\"name\":\"FuseBase\",\"description\":\"Sales AI Agents - Free Online Collaboration Software for Remote Teams. Build your wikis, client portals and more with the Nimbus Platform collaboration tool ? A perfect space for online work\",\"publisher\":{\"@id\":\"https:\/\/sales-ai-agents.com\/#organization\"},\"potentialAction\":[{\"@type\":\"SearchAction\",\"target\":{\"@type\":\"EntryPoint\",\"urlTemplate\":\"https:\/\/sales-ai-agents.com\/?s={search_term_string}\"},\"query-input\":{\"@type\":\"PropertyValueSpecification\",\"valueRequired\":true,\"valueName\":\"search_term_string\"}}],\"inLanguage\":\"tr\"},{\"@type\":\"Organization\",\"@id\":\"https:\/\/sales-ai-agents.com\/#organization\",\"name\":\"FuseBase\",\"url\":\"https:\/\/sales-ai-agents.com\/\",\"logo\":{\"@type\":\"ImageObject\",\"inLanguage\":\"tr\",\"@id\":\"https:\/\/sales-ai-agents.com\/#\/schema\/logo\/image\/\",\"url\":\"https:\/\/sales-ai-agents.com\/wp-content\/uploads\/2023\/11\/icon-7.svg\",\"contentUrl\":\"https:\/\/sales-ai-agents.com\/wp-content\/uploads\/2023\/11\/icon-7.svg\",\"width\":128,\"height\":128,\"caption\":\"FuseBase\"},\"image\":{\"@id\":\"https:\/\/sales-ai-agents.com\/#\/schema\/logo\/image\/\"}}]}<\/script>\n<!-- \/ Yoast SEO plugin. -->","yoast_head_json":{"title":"Sat\u0131\u015f Boru Hatt\u0131 Tablosu \u015eablonu - Sales AI Agents","description":"Bu tabloyu sat\u0131\u015f boru hatlar\u0131n\u0131z i\u00e7in bir veritaban\u0131 olarak kullan\u0131n. T\u00fcm potansiyel m\u00fc\u015fterilerinizi tek bir yerde d\u00fczenleyin ve \u00f6nerdi\u011finiz anla\u015fmalarla ilgili temel bilgileri ekleyin.","robots":{"index":"index","follow":"follow","max-snippet":"max-snippet:-1","max-image-preview":"max-image-preview:large","max-video-preview":"max-video-preview:-1"},"canonical":"https:\/\/sales-ai-agents.com\/tr\/templates\/sales-pipeline-table\/","og_locale":"tr_TR","og_type":"article","og_title":"Sat\u0131\u015f Boru Hatt\u0131 Tablosu \u015eablonu - Sales AI Agents","og_description":"Bu tabloyu sat\u0131\u015f boru hatlar\u0131n\u0131z i\u00e7in bir veritaban\u0131 olarak kullan\u0131n. T\u00fcm potansiyel m\u00fc\u015fterilerinizi tek bir yerde d\u00fczenleyin ve \u00f6nerdi\u011finiz anla\u015fmalarla ilgili temel bilgileri ekleyin.","og_url":"https:\/\/sales-ai-agents.com\/tr\/templates\/sales-pipeline-table\/","og_site_name":"Sales AI Agents","article_modified_time":"2024-01-02T11:43:09+00:00","og_image":[{"width":1700,"height":1100,"url":"https:\/\/sales-ai-agents.com\/wp-content\/uploads\/2022\/09\/Sales-Pipeline-Table-Template.png","type":"image\/png"}],"twitter_card":"summary_large_image","schema":{"@context":"https:\/\/schema.org","@graph":[{"@type":"WebPage","@id":"https:\/\/sales-ai-agents.com\/tr\/templates\/sales-pipeline-table\/","url":"https:\/\/sales-ai-agents.com\/tr\/templates\/sales-pipeline-table\/","name":"Sat\u0131\u015f Boru Hatt\u0131 Tablosu \u015eablonu - Sales AI Agents","isPartOf":{"@id":"https:\/\/sales-ai-agents.com\/#website"},"primaryImageOfPage":{"@id":"https:\/\/sales-ai-agents.com\/tr\/templates\/sales-pipeline-table\/#primaryimage"},"image":{"@id":"https:\/\/sales-ai-agents.com\/tr\/templates\/sales-pipeline-table\/#primaryimage"},"thumbnailUrl":"https:\/\/sales-ai-agents.com\/wp-content\/uploads\/2022\/09\/Sales-Pipeline-Table-Template.png","datePublished":"2022-09-26T12:05:17+00:00","dateModified":"2024-01-02T11:43:09+00:00","description":"Bu tabloyu sat\u0131\u015f boru hatlar\u0131n\u0131z i\u00e7in bir veritaban\u0131 olarak kullan\u0131n. T\u00fcm potansiyel m\u00fc\u015fterilerinizi tek bir yerde d\u00fczenleyin ve \u00f6nerdi\u011finiz anla\u015fmalarla ilgili temel bilgileri ekleyin.","inLanguage":"tr","potentialAction":[{"@type":"ReadAction","target":["https:\/\/sales-ai-agents.com\/tr\/templates\/sales-pipeline-table\/"]}]},{"@type":"ImageObject","inLanguage":"tr","@id":"https:\/\/sales-ai-agents.com\/tr\/templates\/sales-pipeline-table\/#primaryimage","url":"https:\/\/sales-ai-agents.com\/wp-content\/uploads\/2022\/09\/Sales-Pipeline-Table-Template.png","contentUrl":"https:\/\/sales-ai-agents.com\/wp-content\/uploads\/2022\/09\/Sales-Pipeline-Table-Template.png","width":1700,"height":1100},{"@type":"WebSite","@id":"https:\/\/sales-ai-agents.com\/#website","url":"https:\/\/sales-ai-agents.com\/","name":"FuseBase","description":"Sales AI Agents - Free Online Collaboration Software for Remote Teams. Build your wikis, client portals and more with the Nimbus Platform collaboration tool ? A perfect space for online work","publisher":{"@id":"https:\/\/sales-ai-agents.com\/#organization"},"potentialAction":[{"@type":"SearchAction","target":{"@type":"EntryPoint","urlTemplate":"https:\/\/sales-ai-agents.com\/?s={search_term_string}"},"query-input":{"@type":"PropertyValueSpecification","valueRequired":true,"valueName":"search_term_string"}}],"inLanguage":"tr"},{"@type":"Organization","@id":"https:\/\/sales-ai-agents.com\/#organization","name":"FuseBase","url":"https:\/\/sales-ai-agents.com\/","logo":{"@type":"ImageObject","inLanguage":"tr","@id":"https:\/\/sales-ai-agents.com\/#\/schema\/logo\/image\/","url":"https:\/\/sales-ai-agents.com\/wp-content\/uploads\/2023\/11\/icon-7.svg","contentUrl":"https:\/\/sales-ai-agents.com\/wp-content\/uploads\/2023\/11\/icon-7.svg","width":128,"height":128,"caption":"FuseBase"},"image":{"@id":"https:\/\/sales-ai-agents.com\/#\/schema\/logo\/image\/"}}]}},"_links":{"self":[{"href":"https:\/\/sales-ai-agents.com\/tr\/wp-json\/wp\/v2\/product\/57858","targetHints":{"allow":["GET"]}}],"collection":[{"href":"https:\/\/sales-ai-agents.com\/tr\/wp-json\/wp\/v2\/product"}],"about":[{"href":"https:\/\/sales-ai-agents.com\/tr\/wp-json\/wp\/v2\/types\/product"}],"wp:featuredmedia":[{"embeddable":true,"href":"https:\/\/sales-ai-agents.com\/tr\/wp-json\/wp\/v2\/media\/57859"}],"wp:attachment":[{"href":"https:\/\/sales-ai-agents.com\/tr\/wp-json\/wp\/v2\/media?parent=57858"}],"wp:term":[{"taxonomy":"product_brand","embeddable":true,"href":"https:\/\/sales-ai-agents.com\/tr\/wp-json\/wp\/v2\/product_brand?post=57858"},{"taxonomy":"product_cat","embeddable":true,"href":"https:\/\/sales-ai-agents.com\/tr\/wp-json\/wp\/v2\/product_cat?post=57858"},{"taxonomy":"product_tag","embeddable":true,"href":"https:\/\/sales-ai-agents.com\/tr\/wp-json\/wp\/v2\/product_tag?post=57858"}],"curies":[{"name":"wp","href":"https:\/\/api.w.org\/{rel}","templated":true}]}}