{"id":57863,"date":"2022-09-26T12:05:12","date_gmt":"2022-09-26T12:05:12","guid":{"rendered":"https:\/\/sales-ai-agents.com\/templates\/daily-log\/"},"modified":"2023-12-31T17:46:28","modified_gmt":"2023-12-31T17:46:28","slug":"daily-log","status":"publish","type":"product","link":"https:\/\/sales-ai-agents.com\/tr\/templates\/daily-log\/","title":{"rendered":"G\u00fcnl\u00fck Kay\u0131t"},"content":{"rendered":"<p>&nbsp;<\/p>\n<h2>G\u00fcnl\u00fck Kay\u0131t \u015eablonu<\/h2>\n<p class=\"desc-text\">G\u00fcnl\u00fck Kay\u0131t \u015fablonu, tamamlad\u0131\u011f\u0131n\u0131z veya yap\u0131lmas\u0131 gereken t\u00fcm eylemleri takip etmenize yard\u0131mc\u0131 olur. Ayr\u0131ca bu g\u00fcnl\u00fck ile yap\u0131lacaklar listenizi kolayca y\u00f6netebilirsiniz. \u0130\u015f g\u00fcn\u00fcn\u00fcz\u00fc d\u00fczenleyin ve \u00f6nemli randevular\u0131, etkinlikleri ve tarihleri \u00f6nceden planlay\u0131n. Bu \u015fablonu i\u015f arkada\u015flar\u0131n\u0131zla veya meslekta\u015flar\u0131n\u0131zla da payla\u015fabilirsiniz, b\u00f6ylece program\u0131n\u0131z\u0131 bilirler ve buna g\u00f6re \u00e7al\u0131\u015fabilirler.<\/p>\n<h5>Nas\u0131l kullan\u0131l\u0131r?<\/h5>\n<ul class=\"desc-item_list\">\n<li class=\"desc-item_list__point\">G\u00fcn i\u00e7in en \u00f6nemli g\u00f6revi belirleyin.<\/li>\n<li class=\"desc-item_list__point\">Yapmak istedi\u011finiz ek faaliyetleri tan\u0131mlay\u0131n.<\/li>\n<li class=\"desc-item_list__point\">Tabloyu yapman\u0131z gereken g\u00f6revlerle doldurun.<\/li>\n<li class=\"desc-item_list__point\">Verimli bir \u015fekilde tamamlad\u0131\u011f\u0131n\u0131z g\u00f6revleri i\u015faretleyin.<\/li>\n<li class=\"desc-item_list__point\">\u00d6ncelikleri ve \u00f6nemli hat\u0131rlatmalar\u0131 takip etmek i\u00e7in notlar b\u00f6l\u00fcm\u00fcn\u00fc kullan\u0131n.<\/li>\n<\/ul>\n","protected":false},"excerpt":{"rendered":"<p>G\u00fcnl\u00fck Kay\u0131t \u015fablonu t\u00fcm eylemleri takip etmenize yard\u0131mc\u0131 olur. \u0130\u015f g\u00fcn\u00fcn\u00fcz\u00fc d\u00fczenleyin ve \u00f6nemli randevular\u0131, etkinlikleri ve tarihleri planlay\u0131n.<\/p>\n","protected":false},"featured_media":57864,"template":"","meta":{"_acf_changed":false,"inline_featured_image":false},"product_brand":[],"product_cat":[257,266],"product_tag":[],"class_list":{"0":"post-57863","1":"product","2":"type-product","3":"status-publish","4":"has-post-thumbnail","6":"product_cat-personal","7":"product_cat-personal-work","9":"first","10":"instock","11":"virtual","12":"sold-individually","13":"product-type-simple"},"acf":[],"yoast_head":"<!-- This site is optimized with the Yoast SEO plugin v25.3.1 - https:\/\/yoast.com\/wordpress\/plugins\/seo\/ -->\n<title>G\u00fcnl\u00fck Kay\u0131t \u015eablonu - Sales AI Agents<\/title>\n<meta name=\"description\" content=\"G\u00fcnl\u00fck Kay\u0131t \u015fablonu t\u00fcm eylemleri takip etmenize yard\u0131mc\u0131 olur. \u0130\u015f g\u00fcn\u00fcn\u00fcz\u00fc d\u00fczenleyin ve \u00f6nemli randevular\u0131, etkinlikleri ve tarihleri \u00f6nceden planlay\u0131n.\" \/>\n<meta name=\"robots\" content=\"index, follow, max-snippet:-1, max-image-preview:large, max-video-preview:-1\" \/>\n<link rel=\"canonical\" href=\"https:\/\/sales-ai-agents.com\/tr\/templates\/daily-log\/\" \/>\n<meta property=\"og:locale\" content=\"tr_TR\" \/>\n<meta property=\"og:type\" content=\"article\" \/>\n<meta property=\"og:title\" content=\"G\u00fcnl\u00fck Kay\u0131t \u015eablonu - Sales AI Agents\" \/>\n<meta property=\"og:description\" content=\"G\u00fcnl\u00fck Kay\u0131t \u015fablonu t\u00fcm eylemleri takip etmenize yard\u0131mc\u0131 olur. \u0130\u015f g\u00fcn\u00fcn\u00fcz\u00fc d\u00fczenleyin ve \u00f6nemli randevular\u0131, etkinlikleri ve tarihleri \u00f6nceden planlay\u0131n.\" \/>\n<meta property=\"og:url\" content=\"https:\/\/sales-ai-agents.com\/tr\/templates\/daily-log\/\" \/>\n<meta property=\"og:site_name\" content=\"Sales AI Agents\" \/>\n<meta property=\"article:modified_time\" content=\"2023-12-31T17:46:28+00:00\" \/>\n<meta property=\"og:image\" content=\"https:\/\/sales-ai-agents.com\/wp-content\/uploads\/2022\/09\/Daily-Log-Template.png\" \/>\n\t<meta property=\"og:image:width\" content=\"1700\" \/>\n\t<meta property=\"og:image:height\" content=\"1047\" \/>\n\t<meta property=\"og:image:type\" content=\"image\/png\" \/>\n<meta name=\"twitter:card\" content=\"summary_large_image\" \/>\n<script type=\"application\/ld+json\" class=\"yoast-schema-graph\">{\"@context\":\"https:\/\/schema.org\",\"@graph\":[{\"@type\":\"WebPage\",\"@id\":\"https:\/\/sales-ai-agents.com\/tr\/templates\/daily-log\/\",\"url\":\"https:\/\/sales-ai-agents.com\/tr\/templates\/daily-log\/\",\"name\":\"G\u00fcnl\u00fck Kay\u0131t \u015eablonu - Sales AI Agents\",\"isPartOf\":{\"@id\":\"https:\/\/sales-ai-agents.com\/#website\"},\"primaryImageOfPage\":{\"@id\":\"https:\/\/sales-ai-agents.com\/tr\/templates\/daily-log\/#primaryimage\"},\"image\":{\"@id\":\"https:\/\/sales-ai-agents.com\/tr\/templates\/daily-log\/#primaryimage\"},\"thumbnailUrl\":\"https:\/\/sales-ai-agents.com\/wp-content\/uploads\/2022\/09\/Daily-Log-Template.png\",\"datePublished\":\"2022-09-26T12:05:12+00:00\",\"dateModified\":\"2023-12-31T17:46:28+00:00\",\"description\":\"G\u00fcnl\u00fck Kay\u0131t \u015fablonu t\u00fcm eylemleri takip etmenize yard\u0131mc\u0131 olur. \u0130\u015f g\u00fcn\u00fcn\u00fcz\u00fc d\u00fczenleyin ve \u00f6nemli randevular\u0131, etkinlikleri ve tarihleri \u00f6nceden planlay\u0131n.\",\"inLanguage\":\"tr\",\"potentialAction\":[{\"@type\":\"ReadAction\",\"target\":[\"https:\/\/sales-ai-agents.com\/tr\/templates\/daily-log\/\"]}]},{\"@type\":\"ImageObject\",\"inLanguage\":\"tr\",\"@id\":\"https:\/\/sales-ai-agents.com\/tr\/templates\/daily-log\/#primaryimage\",\"url\":\"https:\/\/sales-ai-agents.com\/wp-content\/uploads\/2022\/09\/Daily-Log-Template.png\",\"contentUrl\":\"https:\/\/sales-ai-agents.com\/wp-content\/uploads\/2022\/09\/Daily-Log-Template.png\",\"width\":1700,\"height\":1047},{\"@type\":\"WebSite\",\"@id\":\"https:\/\/sales-ai-agents.com\/#website\",\"url\":\"https:\/\/sales-ai-agents.com\/\",\"name\":\"FuseBase\",\"description\":\"Sales AI Agents - Free Online Collaboration Software for Remote Teams. Build your wikis, client portals and more with the Nimbus Platform collaboration tool ? A perfect space for online work\",\"publisher\":{\"@id\":\"https:\/\/sales-ai-agents.com\/#organization\"},\"potentialAction\":[{\"@type\":\"SearchAction\",\"target\":{\"@type\":\"EntryPoint\",\"urlTemplate\":\"https:\/\/sales-ai-agents.com\/?s={search_term_string}\"},\"query-input\":{\"@type\":\"PropertyValueSpecification\",\"valueRequired\":true,\"valueName\":\"search_term_string\"}}],\"inLanguage\":\"tr\"},{\"@type\":\"Organization\",\"@id\":\"https:\/\/sales-ai-agents.com\/#organization\",\"name\":\"FuseBase\",\"url\":\"https:\/\/sales-ai-agents.com\/\",\"logo\":{\"@type\":\"ImageObject\",\"inLanguage\":\"tr\",\"@id\":\"https:\/\/sales-ai-agents.com\/#\/schema\/logo\/image\/\",\"url\":\"https:\/\/sales-ai-agents.com\/wp-content\/uploads\/2023\/11\/icon-7.svg\",\"contentUrl\":\"https:\/\/sales-ai-agents.com\/wp-content\/uploads\/2023\/11\/icon-7.svg\",\"width\":128,\"height\":128,\"caption\":\"FuseBase\"},\"image\":{\"@id\":\"https:\/\/sales-ai-agents.com\/#\/schema\/logo\/image\/\"}}]}<\/script>\n<!-- \/ Yoast SEO plugin. -->","yoast_head_json":{"title":"G\u00fcnl\u00fck Kay\u0131t \u015eablonu - Sales AI Agents","description":"G\u00fcnl\u00fck Kay\u0131t \u015fablonu t\u00fcm eylemleri takip etmenize yard\u0131mc\u0131 olur. \u0130\u015f g\u00fcn\u00fcn\u00fcz\u00fc d\u00fczenleyin ve \u00f6nemli randevular\u0131, etkinlikleri ve tarihleri \u00f6nceden planlay\u0131n.","robots":{"index":"index","follow":"follow","max-snippet":"max-snippet:-1","max-image-preview":"max-image-preview:large","max-video-preview":"max-video-preview:-1"},"canonical":"https:\/\/sales-ai-agents.com\/tr\/templates\/daily-log\/","og_locale":"tr_TR","og_type":"article","og_title":"G\u00fcnl\u00fck Kay\u0131t \u015eablonu - Sales AI Agents","og_description":"G\u00fcnl\u00fck Kay\u0131t \u015fablonu t\u00fcm eylemleri takip etmenize yard\u0131mc\u0131 olur. \u0130\u015f g\u00fcn\u00fcn\u00fcz\u00fc d\u00fczenleyin ve \u00f6nemli randevular\u0131, etkinlikleri ve tarihleri \u00f6nceden planlay\u0131n.","og_url":"https:\/\/sales-ai-agents.com\/tr\/templates\/daily-log\/","og_site_name":"Sales AI Agents","article_modified_time":"2023-12-31T17:46:28+00:00","og_image":[{"width":1700,"height":1047,"url":"https:\/\/sales-ai-agents.com\/wp-content\/uploads\/2022\/09\/Daily-Log-Template.png","type":"image\/png"}],"twitter_card":"summary_large_image","schema":{"@context":"https:\/\/schema.org","@graph":[{"@type":"WebPage","@id":"https:\/\/sales-ai-agents.com\/tr\/templates\/daily-log\/","url":"https:\/\/sales-ai-agents.com\/tr\/templates\/daily-log\/","name":"G\u00fcnl\u00fck Kay\u0131t \u015eablonu - Sales AI Agents","isPartOf":{"@id":"https:\/\/sales-ai-agents.com\/#website"},"primaryImageOfPage":{"@id":"https:\/\/sales-ai-agents.com\/tr\/templates\/daily-log\/#primaryimage"},"image":{"@id":"https:\/\/sales-ai-agents.com\/tr\/templates\/daily-log\/#primaryimage"},"thumbnailUrl":"https:\/\/sales-ai-agents.com\/wp-content\/uploads\/2022\/09\/Daily-Log-Template.png","datePublished":"2022-09-26T12:05:12+00:00","dateModified":"2023-12-31T17:46:28+00:00","description":"G\u00fcnl\u00fck Kay\u0131t \u015fablonu t\u00fcm eylemleri takip etmenize yard\u0131mc\u0131 olur. \u0130\u015f g\u00fcn\u00fcn\u00fcz\u00fc d\u00fczenleyin ve \u00f6nemli randevular\u0131, etkinlikleri ve tarihleri \u00f6nceden planlay\u0131n.","inLanguage":"tr","potentialAction":[{"@type":"ReadAction","target":["https:\/\/sales-ai-agents.com\/tr\/templates\/daily-log\/"]}]},{"@type":"ImageObject","inLanguage":"tr","@id":"https:\/\/sales-ai-agents.com\/tr\/templates\/daily-log\/#primaryimage","url":"https:\/\/sales-ai-agents.com\/wp-content\/uploads\/2022\/09\/Daily-Log-Template.png","contentUrl":"https:\/\/sales-ai-agents.com\/wp-content\/uploads\/2022\/09\/Daily-Log-Template.png","width":1700,"height":1047},{"@type":"WebSite","@id":"https:\/\/sales-ai-agents.com\/#website","url":"https:\/\/sales-ai-agents.com\/","name":"FuseBase","description":"Sales AI Agents - Free Online Collaboration Software for Remote Teams. Build your wikis, client portals and more with the Nimbus Platform collaboration tool ? A perfect space for online work","publisher":{"@id":"https:\/\/sales-ai-agents.com\/#organization"},"potentialAction":[{"@type":"SearchAction","target":{"@type":"EntryPoint","urlTemplate":"https:\/\/sales-ai-agents.com\/?s={search_term_string}"},"query-input":{"@type":"PropertyValueSpecification","valueRequired":true,"valueName":"search_term_string"}}],"inLanguage":"tr"},{"@type":"Organization","@id":"https:\/\/sales-ai-agents.com\/#organization","name":"FuseBase","url":"https:\/\/sales-ai-agents.com\/","logo":{"@type":"ImageObject","inLanguage":"tr","@id":"https:\/\/sales-ai-agents.com\/#\/schema\/logo\/image\/","url":"https:\/\/sales-ai-agents.com\/wp-content\/uploads\/2023\/11\/icon-7.svg","contentUrl":"https:\/\/sales-ai-agents.com\/wp-content\/uploads\/2023\/11\/icon-7.svg","width":128,"height":128,"caption":"FuseBase"},"image":{"@id":"https:\/\/sales-ai-agents.com\/#\/schema\/logo\/image\/"}}]}},"_links":{"self":[{"href":"https:\/\/sales-ai-agents.com\/tr\/wp-json\/wp\/v2\/product\/57863","targetHints":{"allow":["GET"]}}],"collection":[{"href":"https:\/\/sales-ai-agents.com\/tr\/wp-json\/wp\/v2\/product"}],"about":[{"href":"https:\/\/sales-ai-agents.com\/tr\/wp-json\/wp\/v2\/types\/product"}],"wp:featuredmedia":[{"embeddable":true,"href":"https:\/\/sales-ai-agents.com\/tr\/wp-json\/wp\/v2\/media\/57864"}],"wp:attachment":[{"href":"https:\/\/sales-ai-agents.com\/tr\/wp-json\/wp\/v2\/media?parent=57863"}],"wp:term":[{"taxonomy":"product_brand","embeddable":true,"href":"https:\/\/sales-ai-agents.com\/tr\/wp-json\/wp\/v2\/product_brand?post=57863"},{"taxonomy":"product_cat","embeddable":true,"href":"https:\/\/sales-ai-agents.com\/tr\/wp-json\/wp\/v2\/product_cat?post=57863"},{"taxonomy":"product_tag","embeddable":true,"href":"https:\/\/sales-ai-agents.com\/tr\/wp-json\/wp\/v2\/product_tag?post=57863"}],"curies":[{"name":"wp","href":"https:\/\/api.w.org\/{rel}","templated":true}]}}