{"id":57868,"date":"2022-09-26T12:05:08","date_gmt":"2022-09-26T12:05:08","guid":{"rendered":"https:\/\/sales-ai-agents.com\/templates\/design-system\/"},"modified":"2023-12-26T15:01:35","modified_gmt":"2023-12-26T15:01:35","slug":"design-system","status":"publish","type":"product","link":"https:\/\/sales-ai-agents.com\/tr\/templates\/design-system\/","title":{"rendered":"Tasar\u0131m Sistemi"},"content":{"rendered":"<p>&nbsp;<\/p>\n<h2>Tasar\u0131m Sistemi \u015eablonu<\/h2>\n<p class=\"desc-text\">G\u00f6rseller ve g\u00f6rsel markalama, sosyal medya ve reklamlar\u0131n\u0131zda tutarl\u0131 bir \u015fekilde kullan\u0131lmal\u0131d\u0131r. Bu \u015fablonu kullanarak g\u00f6rsellerinizi ve tasar\u0131m varl\u0131klar\u0131n\u0131z\u0131 kataloglayabilirsiniz. \u0130htiya\u00e7lar\u0131n\u0131za g\u00f6re ki\u015fiselle\u015ftirin. Markan\u0131z\u0131 yakalay\u0131n ve herkesin ayn\u0131 sayfada olmas\u0131 i\u00e7in belgeyi tasar\u0131m ekibinizle payla\u015f\u0131n.<\/p>\n<h5>Nas\u0131l kullan\u0131l\u0131r?<\/h5>\n<ul class=\"desc-item_list\">\n<li class=\"desc-item_list__point\">Her tasar\u0131m unsuru i\u00e7in resim ekleyin<\/li>\n<li class=\"desc-item_list__point\">\u015eirketinizin g\u00f6rsel tasar\u0131m\u0131na ili\u015fkin \u00f6nemli notlar ekleyin<\/li>\n<li class=\"desc-item_list__point\">T\u00fcm g\u00f6rsellerinizi ve tasar\u0131mlar\u0131n\u0131z\u0131 tutarl\u0131 tutun<\/li>\n<li class=\"desc-item_list__point\">Herkesin haberdar olmas\u0131 i\u00e7in ekibinizle payla\u015f\u0131n<\/li>\n<li class=\"desc-item_list__point\">\u015eablonu \u00f6zelle\u015ftirin ve t\u00fcm \u00f6nemli g\u00f6rsel \u00f6\u011feler i\u00e7in b\u00f6l\u00fcmler ekleyin<\/li>\n<\/ul>\n","protected":false},"excerpt":{"rendered":"<p>Sosyal medya ve reklamlar\u0131n\u0131zda tutarl\u0131 bir \u015fekilde g\u00f6rseller ve g\u00f6rsel marka kullan\u0131n. Bu \u015fablonu deneyin ve g\u00f6rsellerinizi ve tasar\u0131m varl\u0131klar\u0131n\u0131z\u0131 kataloglay\u0131n!<\/p>\n","protected":false},"featured_media":57869,"template":"","meta":{"_acf_changed":false,"inline_featured_image":false},"product_brand":[],"product_cat":[251],"product_tag":[],"class_list":{"0":"post-57868","1":"product","2":"type-product","3":"status-publish","4":"has-post-thumbnail","6":"product_cat-designer","8":"first","9":"instock","10":"virtual","11":"sold-individually","12":"product-type-simple"},"acf":[],"yoast_head":"<!-- This site is optimized with the Yoast SEO plugin v25.3.1 - https:\/\/yoast.com\/wordpress\/plugins\/seo\/ -->\n<title>Tasar\u0131m Sistemi \u015eablonu - Sales AI Agents<\/title>\n<meta name=\"description\" content=\"Sosyal medya ve reklamlar\u0131n\u0131zda tutarl\u0131 bir \u015fekilde g\u00f6rseller ve g\u00f6rsel marka kullan\u0131n. Bu \u015fablonu deneyin ve g\u00f6rsellerinizi ve tasar\u0131m varl\u0131klar\u0131n\u0131z\u0131 kataloglay\u0131n!\" \/>\n<meta name=\"robots\" content=\"index, follow, max-snippet:-1, max-image-preview:large, max-video-preview:-1\" \/>\n<link rel=\"canonical\" href=\"https:\/\/sales-ai-agents.com\/tr\/templates\/design-system\/\" \/>\n<meta property=\"og:locale\" content=\"tr_TR\" \/>\n<meta property=\"og:type\" content=\"article\" \/>\n<meta property=\"og:title\" content=\"Tasar\u0131m Sistemi \u015eablonu - Sales AI Agents\" \/>\n<meta property=\"og:description\" content=\"Sosyal medya ve reklamlar\u0131n\u0131zda tutarl\u0131 bir \u015fekilde g\u00f6rseller ve g\u00f6rsel marka kullan\u0131n. Bu \u015fablonu deneyin ve g\u00f6rsellerinizi ve tasar\u0131m varl\u0131klar\u0131n\u0131z\u0131 kataloglay\u0131n!\" \/>\n<meta property=\"og:url\" content=\"https:\/\/sales-ai-agents.com\/tr\/templates\/design-system\/\" \/>\n<meta property=\"og:site_name\" content=\"Sales AI Agents\" \/>\n<meta property=\"article:modified_time\" content=\"2023-12-26T15:01:35+00:00\" \/>\n<meta property=\"og:image\" content=\"https:\/\/sales-ai-agents.com\/wp-content\/uploads\/2023\/01\/image-preview122231.png\" \/>\n\t<meta property=\"og:image:width\" content=\"1078\" \/>\n\t<meta property=\"og:image:height\" content=\"1985\" \/>\n\t<meta property=\"og:image:type\" content=\"image\/png\" \/>\n<meta name=\"twitter:card\" content=\"summary_large_image\" \/>\n<script type=\"application\/ld+json\" class=\"yoast-schema-graph\">{\"@context\":\"https:\/\/schema.org\",\"@graph\":[{\"@type\":\"WebPage\",\"@id\":\"https:\/\/sales-ai-agents.com\/tr\/templates\/design-system\/\",\"url\":\"https:\/\/sales-ai-agents.com\/tr\/templates\/design-system\/\",\"name\":\"Tasar\u0131m Sistemi \u015eablonu - Sales AI Agents\",\"isPartOf\":{\"@id\":\"https:\/\/sales-ai-agents.com\/#website\"},\"primaryImageOfPage\":{\"@id\":\"https:\/\/sales-ai-agents.com\/tr\/templates\/design-system\/#primaryimage\"},\"image\":{\"@id\":\"https:\/\/sales-ai-agents.com\/tr\/templates\/design-system\/#primaryimage\"},\"thumbnailUrl\":\"https:\/\/sales-ai-agents.com\/wp-content\/uploads\/2023\/01\/image-preview122231.png\",\"datePublished\":\"2022-09-26T12:05:08+00:00\",\"dateModified\":\"2023-12-26T15:01:35+00:00\",\"description\":\"Sosyal medya ve reklamlar\u0131n\u0131zda tutarl\u0131 bir \u015fekilde g\u00f6rseller ve g\u00f6rsel marka kullan\u0131n. Bu \u015fablonu deneyin ve g\u00f6rsellerinizi ve tasar\u0131m varl\u0131klar\u0131n\u0131z\u0131 kataloglay\u0131n!\",\"inLanguage\":\"tr\",\"potentialAction\":[{\"@type\":\"ReadAction\",\"target\":[\"https:\/\/sales-ai-agents.com\/tr\/templates\/design-system\/\"]}]},{\"@type\":\"ImageObject\",\"inLanguage\":\"tr\",\"@id\":\"https:\/\/sales-ai-agents.com\/tr\/templates\/design-system\/#primaryimage\",\"url\":\"https:\/\/sales-ai-agents.com\/wp-content\/uploads\/2023\/01\/image-preview122231.png\",\"contentUrl\":\"https:\/\/sales-ai-agents.com\/wp-content\/uploads\/2023\/01\/image-preview122231.png\",\"width\":1078,\"height\":1985},{\"@type\":\"WebSite\",\"@id\":\"https:\/\/sales-ai-agents.com\/#website\",\"url\":\"https:\/\/sales-ai-agents.com\/\",\"name\":\"FuseBase\",\"description\":\"Sales AI Agents - Free Online Collaboration Software for Remote Teams. Build your wikis, client portals and more with the Nimbus Platform collaboration tool ? A perfect space for online work\",\"publisher\":{\"@id\":\"https:\/\/sales-ai-agents.com\/#organization\"},\"potentialAction\":[{\"@type\":\"SearchAction\",\"target\":{\"@type\":\"EntryPoint\",\"urlTemplate\":\"https:\/\/sales-ai-agents.com\/?s={search_term_string}\"},\"query-input\":{\"@type\":\"PropertyValueSpecification\",\"valueRequired\":true,\"valueName\":\"search_term_string\"}}],\"inLanguage\":\"tr\"},{\"@type\":\"Organization\",\"@id\":\"https:\/\/sales-ai-agents.com\/#organization\",\"name\":\"FuseBase\",\"url\":\"https:\/\/sales-ai-agents.com\/\",\"logo\":{\"@type\":\"ImageObject\",\"inLanguage\":\"tr\",\"@id\":\"https:\/\/sales-ai-agents.com\/#\/schema\/logo\/image\/\",\"url\":\"https:\/\/sales-ai-agents.com\/wp-content\/uploads\/2023\/11\/icon-7.svg\",\"contentUrl\":\"https:\/\/sales-ai-agents.com\/wp-content\/uploads\/2023\/11\/icon-7.svg\",\"width\":128,\"height\":128,\"caption\":\"FuseBase\"},\"image\":{\"@id\":\"https:\/\/sales-ai-agents.com\/#\/schema\/logo\/image\/\"}}]}<\/script>\n<!-- \/ Yoast SEO plugin. -->","yoast_head_json":{"title":"Tasar\u0131m Sistemi \u015eablonu - Sales AI Agents","description":"Sosyal medya ve reklamlar\u0131n\u0131zda tutarl\u0131 bir \u015fekilde g\u00f6rseller ve g\u00f6rsel marka kullan\u0131n. Bu \u015fablonu deneyin ve g\u00f6rsellerinizi ve tasar\u0131m varl\u0131klar\u0131n\u0131z\u0131 kataloglay\u0131n!","robots":{"index":"index","follow":"follow","max-snippet":"max-snippet:-1","max-image-preview":"max-image-preview:large","max-video-preview":"max-video-preview:-1"},"canonical":"https:\/\/sales-ai-agents.com\/tr\/templates\/design-system\/","og_locale":"tr_TR","og_type":"article","og_title":"Tasar\u0131m Sistemi \u015eablonu - Sales AI Agents","og_description":"Sosyal medya ve reklamlar\u0131n\u0131zda tutarl\u0131 bir \u015fekilde g\u00f6rseller ve g\u00f6rsel marka kullan\u0131n. Bu \u015fablonu deneyin ve g\u00f6rsellerinizi ve tasar\u0131m varl\u0131klar\u0131n\u0131z\u0131 kataloglay\u0131n!","og_url":"https:\/\/sales-ai-agents.com\/tr\/templates\/design-system\/","og_site_name":"Sales AI Agents","article_modified_time":"2023-12-26T15:01:35+00:00","og_image":[{"width":1078,"height":1985,"url":"https:\/\/sales-ai-agents.com\/wp-content\/uploads\/2023\/01\/image-preview122231.png","type":"image\/png"}],"twitter_card":"summary_large_image","schema":{"@context":"https:\/\/schema.org","@graph":[{"@type":"WebPage","@id":"https:\/\/sales-ai-agents.com\/tr\/templates\/design-system\/","url":"https:\/\/sales-ai-agents.com\/tr\/templates\/design-system\/","name":"Tasar\u0131m Sistemi \u015eablonu - Sales AI Agents","isPartOf":{"@id":"https:\/\/sales-ai-agents.com\/#website"},"primaryImageOfPage":{"@id":"https:\/\/sales-ai-agents.com\/tr\/templates\/design-system\/#primaryimage"},"image":{"@id":"https:\/\/sales-ai-agents.com\/tr\/templates\/design-system\/#primaryimage"},"thumbnailUrl":"https:\/\/sales-ai-agents.com\/wp-content\/uploads\/2023\/01\/image-preview122231.png","datePublished":"2022-09-26T12:05:08+00:00","dateModified":"2023-12-26T15:01:35+00:00","description":"Sosyal medya ve reklamlar\u0131n\u0131zda tutarl\u0131 bir \u015fekilde g\u00f6rseller ve g\u00f6rsel marka kullan\u0131n. Bu \u015fablonu deneyin ve g\u00f6rsellerinizi ve tasar\u0131m varl\u0131klar\u0131n\u0131z\u0131 kataloglay\u0131n!","inLanguage":"tr","potentialAction":[{"@type":"ReadAction","target":["https:\/\/sales-ai-agents.com\/tr\/templates\/design-system\/"]}]},{"@type":"ImageObject","inLanguage":"tr","@id":"https:\/\/sales-ai-agents.com\/tr\/templates\/design-system\/#primaryimage","url":"https:\/\/sales-ai-agents.com\/wp-content\/uploads\/2023\/01\/image-preview122231.png","contentUrl":"https:\/\/sales-ai-agents.com\/wp-content\/uploads\/2023\/01\/image-preview122231.png","width":1078,"height":1985},{"@type":"WebSite","@id":"https:\/\/sales-ai-agents.com\/#website","url":"https:\/\/sales-ai-agents.com\/","name":"FuseBase","description":"Sales AI Agents - Free Online Collaboration Software for Remote Teams. Build your wikis, client portals and more with the Nimbus Platform collaboration tool ? A perfect space for online work","publisher":{"@id":"https:\/\/sales-ai-agents.com\/#organization"},"potentialAction":[{"@type":"SearchAction","target":{"@type":"EntryPoint","urlTemplate":"https:\/\/sales-ai-agents.com\/?s={search_term_string}"},"query-input":{"@type":"PropertyValueSpecification","valueRequired":true,"valueName":"search_term_string"}}],"inLanguage":"tr"},{"@type":"Organization","@id":"https:\/\/sales-ai-agents.com\/#organization","name":"FuseBase","url":"https:\/\/sales-ai-agents.com\/","logo":{"@type":"ImageObject","inLanguage":"tr","@id":"https:\/\/sales-ai-agents.com\/#\/schema\/logo\/image\/","url":"https:\/\/sales-ai-agents.com\/wp-content\/uploads\/2023\/11\/icon-7.svg","contentUrl":"https:\/\/sales-ai-agents.com\/wp-content\/uploads\/2023\/11\/icon-7.svg","width":128,"height":128,"caption":"FuseBase"},"image":{"@id":"https:\/\/sales-ai-agents.com\/#\/schema\/logo\/image\/"}}]}},"_links":{"self":[{"href":"https:\/\/sales-ai-agents.com\/tr\/wp-json\/wp\/v2\/product\/57868","targetHints":{"allow":["GET"]}}],"collection":[{"href":"https:\/\/sales-ai-agents.com\/tr\/wp-json\/wp\/v2\/product"}],"about":[{"href":"https:\/\/sales-ai-agents.com\/tr\/wp-json\/wp\/v2\/types\/product"}],"wp:featuredmedia":[{"embeddable":true,"href":"https:\/\/sales-ai-agents.com\/tr\/wp-json\/wp\/v2\/media\/57869"}],"wp:attachment":[{"href":"https:\/\/sales-ai-agents.com\/tr\/wp-json\/wp\/v2\/media?parent=57868"}],"wp:term":[{"taxonomy":"product_brand","embeddable":true,"href":"https:\/\/sales-ai-agents.com\/tr\/wp-json\/wp\/v2\/product_brand?post=57868"},{"taxonomy":"product_cat","embeddable":true,"href":"https:\/\/sales-ai-agents.com\/tr\/wp-json\/wp\/v2\/product_cat?post=57868"},{"taxonomy":"product_tag","embeddable":true,"href":"https:\/\/sales-ai-agents.com\/tr\/wp-json\/wp\/v2\/product_tag?post=57868"}],"curies":[{"name":"wp","href":"https:\/\/api.w.org\/{rel}","templated":true}]}}