{"id":57879,"date":"2022-09-26T12:04:34","date_gmt":"2022-09-26T12:04:34","guid":{"rendered":"https:\/\/sales-ai-agents.com\/templates\/opportunity-notes\/"},"modified":"2023-12-31T17:40:04","modified_gmt":"2023-12-31T17:40:04","slug":"opportunity-notes","status":"publish","type":"product","link":"https:\/\/sales-ai-agents.com\/tr\/templates\/opportunity-notes\/","title":{"rendered":"F\u0131rsat Notlar\u0131"},"content":{"rendered":"<p>&nbsp;<\/p>\n<h2>F\u0131rsat Notlar\u0131 \u015eablonu<\/h2>\n<p class=\"desc-text\">Bu not \u015fablonuyla devam eden toplant\u0131lar\u0131 ve anla\u015fmalar\u0131 takip edin. Kilit ki\u015fileri ve \u00f6nemli bilgileri takip etmek i\u00e7in tek bir belge kullan\u0131n. M\u00fc\u015fteri toplant\u0131lar\u0131 s\u0131ras\u0131nda konu\u015fulan her \u015feyi hat\u0131rlamak i\u00e7in notlar olu\u015fturun. D\u00fczenli olun, b\u00f6ylece anla\u015fmalar\u0131 verimli bir \u015fekilde kapatabilirsiniz.<\/p>\n<h5>Nas\u0131l kullan\u0131l\u0131r?<\/h5>\n<ul class=\"desc-item_list\">\n<li class=\"desc-item_list__point\">Anla\u015fma hakk\u0131nda bilgi ekleyin<\/li>\n<li class=\"desc-item_list__point\">Kazanan planlar\u0131 ekleyin<\/li>\n<li class=\"desc-item_list__point\">\u0130lgili ki\u015fileri etiketleyin<\/li>\n<li class=\"desc-item_list__point\">\u00d6nemli m\u00fc\u015fteri bilgilerini not edin<\/li>\n<li class=\"desc-item_list__point\">M\u00fc\u015fteri toplant\u0131lar\u0131 s\u0131ras\u0131nda notlar\u0131 kaydedin<\/li>\n<\/ul>\n","protected":false},"excerpt":{"rendered":"<p>Bu \u00fccretsiz \u00f6zelle\u015ftirilebilir not \u015fablonuyla toplant\u0131lar\u0131 ve devam eden anla\u015fmalar\u0131 takip edin. Kilit ki\u015fileri ve \u00f6nemli bilgileri takip etmek i\u00e7in tek bir belge kullan\u0131n.<\/p>\n","protected":false},"featured_media":57880,"template":"","meta":{"_acf_changed":false,"inline_featured_image":false},"product_brand":[],"product_cat":[270,230],"product_tag":[],"class_list":{"0":"post-57879","1":"product","2":"type-product","3":"status-publish","4":"has-post-thumbnail","6":"product_cat-sales-management","7":"product_cat-meeting","8":"collections-team","10":"first","11":"instock","12":"virtual","13":"sold-individually","14":"product-type-simple"},"acf":[],"yoast_head":"<!-- This site is optimized with the Yoast SEO plugin v25.3.1 - https:\/\/yoast.com\/wordpress\/plugins\/seo\/ -->\n<title>F\u0131rsat Notlar\u0131 \u015eablonu - Sales AI Agents<\/title>\n<meta name=\"description\" content=\"Bu \u00fccretsiz \u00f6zelle\u015ftirilebilir not \u015fablonuyla toplant\u0131lar\u0131 ve anla\u015fmalar\u0131 takip edin. Kilit ki\u015fileri ve \u00f6nemli bilgileri takip etmek i\u00e7in tek bir belge kullan\u0131n.\" \/>\n<meta name=\"robots\" content=\"index, follow, max-snippet:-1, max-image-preview:large, max-video-preview:-1\" \/>\n<link rel=\"canonical\" href=\"https:\/\/sales-ai-agents.com\/tr\/templates\/opportunity-notes\/\" \/>\n<meta property=\"og:locale\" content=\"tr_TR\" \/>\n<meta property=\"og:type\" content=\"article\" \/>\n<meta property=\"og:title\" content=\"F\u0131rsat Notlar\u0131 \u015eablonu - Sales AI Agents\" \/>\n<meta property=\"og:description\" content=\"Bu \u00fccretsiz \u00f6zelle\u015ftirilebilir not \u015fablonuyla toplant\u0131lar\u0131 ve anla\u015fmalar\u0131 takip edin. Kilit ki\u015fileri ve \u00f6nemli bilgileri takip etmek i\u00e7in tek bir belge kullan\u0131n.\" \/>\n<meta property=\"og:url\" content=\"https:\/\/sales-ai-agents.com\/tr\/templates\/opportunity-notes\/\" \/>\n<meta property=\"og:site_name\" content=\"Sales AI Agents\" \/>\n<meta property=\"article:modified_time\" content=\"2023-12-31T17:40:04+00:00\" \/>\n<meta property=\"og:image\" content=\"https:\/\/sales-ai-agents.com\/wp-content\/uploads\/2022\/09\/Opportunity-Notes-Templates.png\" \/>\n\t<meta property=\"og:image:width\" content=\"1700\" \/>\n\t<meta property=\"og:image:height\" content=\"1100\" \/>\n\t<meta property=\"og:image:type\" content=\"image\/png\" \/>\n<meta name=\"twitter:card\" content=\"summary_large_image\" \/>\n<script type=\"application\/ld+json\" class=\"yoast-schema-graph\">{\"@context\":\"https:\/\/schema.org\",\"@graph\":[{\"@type\":\"WebPage\",\"@id\":\"https:\/\/sales-ai-agents.com\/tr\/templates\/opportunity-notes\/\",\"url\":\"https:\/\/sales-ai-agents.com\/tr\/templates\/opportunity-notes\/\",\"name\":\"F\u0131rsat Notlar\u0131 \u015eablonu - Sales AI Agents\",\"isPartOf\":{\"@id\":\"https:\/\/sales-ai-agents.com\/#website\"},\"primaryImageOfPage\":{\"@id\":\"https:\/\/sales-ai-agents.com\/tr\/templates\/opportunity-notes\/#primaryimage\"},\"image\":{\"@id\":\"https:\/\/sales-ai-agents.com\/tr\/templates\/opportunity-notes\/#primaryimage\"},\"thumbnailUrl\":\"https:\/\/sales-ai-agents.com\/wp-content\/uploads\/2022\/09\/Opportunity-Notes-Templates.png\",\"datePublished\":\"2022-09-26T12:04:34+00:00\",\"dateModified\":\"2023-12-31T17:40:04+00:00\",\"description\":\"Bu \u00fccretsiz \u00f6zelle\u015ftirilebilir not \u015fablonuyla toplant\u0131lar\u0131 ve anla\u015fmalar\u0131 takip edin. Kilit ki\u015fileri ve \u00f6nemli bilgileri takip etmek i\u00e7in tek bir belge kullan\u0131n.\",\"inLanguage\":\"tr\",\"potentialAction\":[{\"@type\":\"ReadAction\",\"target\":[\"https:\/\/sales-ai-agents.com\/tr\/templates\/opportunity-notes\/\"]}]},{\"@type\":\"ImageObject\",\"inLanguage\":\"tr\",\"@id\":\"https:\/\/sales-ai-agents.com\/tr\/templates\/opportunity-notes\/#primaryimage\",\"url\":\"https:\/\/sales-ai-agents.com\/wp-content\/uploads\/2022\/09\/Opportunity-Notes-Templates.png\",\"contentUrl\":\"https:\/\/sales-ai-agents.com\/wp-content\/uploads\/2022\/09\/Opportunity-Notes-Templates.png\",\"width\":1700,\"height\":1100},{\"@type\":\"WebSite\",\"@id\":\"https:\/\/sales-ai-agents.com\/#website\",\"url\":\"https:\/\/sales-ai-agents.com\/\",\"name\":\"FuseBase\",\"description\":\"Sales AI Agents - Free Online Collaboration Software for Remote Teams. Build your wikis, client portals and more with the Nimbus Platform collaboration tool ? A perfect space for online work\",\"publisher\":{\"@id\":\"https:\/\/sales-ai-agents.com\/#organization\"},\"potentialAction\":[{\"@type\":\"SearchAction\",\"target\":{\"@type\":\"EntryPoint\",\"urlTemplate\":\"https:\/\/sales-ai-agents.com\/?s={search_term_string}\"},\"query-input\":{\"@type\":\"PropertyValueSpecification\",\"valueRequired\":true,\"valueName\":\"search_term_string\"}}],\"inLanguage\":\"tr\"},{\"@type\":\"Organization\",\"@id\":\"https:\/\/sales-ai-agents.com\/#organization\",\"name\":\"FuseBase\",\"url\":\"https:\/\/sales-ai-agents.com\/\",\"logo\":{\"@type\":\"ImageObject\",\"inLanguage\":\"tr\",\"@id\":\"https:\/\/sales-ai-agents.com\/#\/schema\/logo\/image\/\",\"url\":\"https:\/\/sales-ai-agents.com\/wp-content\/uploads\/2023\/11\/icon-7.svg\",\"contentUrl\":\"https:\/\/sales-ai-agents.com\/wp-content\/uploads\/2023\/11\/icon-7.svg\",\"width\":128,\"height\":128,\"caption\":\"FuseBase\"},\"image\":{\"@id\":\"https:\/\/sales-ai-agents.com\/#\/schema\/logo\/image\/\"}}]}<\/script>\n<!-- \/ Yoast SEO plugin. -->","yoast_head_json":{"title":"F\u0131rsat Notlar\u0131 \u015eablonu - Sales AI Agents","description":"Bu \u00fccretsiz \u00f6zelle\u015ftirilebilir not \u015fablonuyla toplant\u0131lar\u0131 ve anla\u015fmalar\u0131 takip edin. Kilit ki\u015fileri ve \u00f6nemli bilgileri takip etmek i\u00e7in tek bir belge kullan\u0131n.","robots":{"index":"index","follow":"follow","max-snippet":"max-snippet:-1","max-image-preview":"max-image-preview:large","max-video-preview":"max-video-preview:-1"},"canonical":"https:\/\/sales-ai-agents.com\/tr\/templates\/opportunity-notes\/","og_locale":"tr_TR","og_type":"article","og_title":"F\u0131rsat Notlar\u0131 \u015eablonu - Sales AI Agents","og_description":"Bu \u00fccretsiz \u00f6zelle\u015ftirilebilir not \u015fablonuyla toplant\u0131lar\u0131 ve anla\u015fmalar\u0131 takip edin. Kilit ki\u015fileri ve \u00f6nemli bilgileri takip etmek i\u00e7in tek bir belge kullan\u0131n.","og_url":"https:\/\/sales-ai-agents.com\/tr\/templates\/opportunity-notes\/","og_site_name":"Sales AI Agents","article_modified_time":"2023-12-31T17:40:04+00:00","og_image":[{"width":1700,"height":1100,"url":"https:\/\/sales-ai-agents.com\/wp-content\/uploads\/2022\/09\/Opportunity-Notes-Templates.png","type":"image\/png"}],"twitter_card":"summary_large_image","schema":{"@context":"https:\/\/schema.org","@graph":[{"@type":"WebPage","@id":"https:\/\/sales-ai-agents.com\/tr\/templates\/opportunity-notes\/","url":"https:\/\/sales-ai-agents.com\/tr\/templates\/opportunity-notes\/","name":"F\u0131rsat Notlar\u0131 \u015eablonu - Sales AI Agents","isPartOf":{"@id":"https:\/\/sales-ai-agents.com\/#website"},"primaryImageOfPage":{"@id":"https:\/\/sales-ai-agents.com\/tr\/templates\/opportunity-notes\/#primaryimage"},"image":{"@id":"https:\/\/sales-ai-agents.com\/tr\/templates\/opportunity-notes\/#primaryimage"},"thumbnailUrl":"https:\/\/sales-ai-agents.com\/wp-content\/uploads\/2022\/09\/Opportunity-Notes-Templates.png","datePublished":"2022-09-26T12:04:34+00:00","dateModified":"2023-12-31T17:40:04+00:00","description":"Bu \u00fccretsiz \u00f6zelle\u015ftirilebilir not \u015fablonuyla toplant\u0131lar\u0131 ve anla\u015fmalar\u0131 takip edin. Kilit ki\u015fileri ve \u00f6nemli bilgileri takip etmek i\u00e7in tek bir belge kullan\u0131n.","inLanguage":"tr","potentialAction":[{"@type":"ReadAction","target":["https:\/\/sales-ai-agents.com\/tr\/templates\/opportunity-notes\/"]}]},{"@type":"ImageObject","inLanguage":"tr","@id":"https:\/\/sales-ai-agents.com\/tr\/templates\/opportunity-notes\/#primaryimage","url":"https:\/\/sales-ai-agents.com\/wp-content\/uploads\/2022\/09\/Opportunity-Notes-Templates.png","contentUrl":"https:\/\/sales-ai-agents.com\/wp-content\/uploads\/2022\/09\/Opportunity-Notes-Templates.png","width":1700,"height":1100},{"@type":"WebSite","@id":"https:\/\/sales-ai-agents.com\/#website","url":"https:\/\/sales-ai-agents.com\/","name":"FuseBase","description":"Sales AI Agents - Free Online Collaboration Software for Remote Teams. Build your wikis, client portals and more with the Nimbus Platform collaboration tool ? A perfect space for online work","publisher":{"@id":"https:\/\/sales-ai-agents.com\/#organization"},"potentialAction":[{"@type":"SearchAction","target":{"@type":"EntryPoint","urlTemplate":"https:\/\/sales-ai-agents.com\/?s={search_term_string}"},"query-input":{"@type":"PropertyValueSpecification","valueRequired":true,"valueName":"search_term_string"}}],"inLanguage":"tr"},{"@type":"Organization","@id":"https:\/\/sales-ai-agents.com\/#organization","name":"FuseBase","url":"https:\/\/sales-ai-agents.com\/","logo":{"@type":"ImageObject","inLanguage":"tr","@id":"https:\/\/sales-ai-agents.com\/#\/schema\/logo\/image\/","url":"https:\/\/sales-ai-agents.com\/wp-content\/uploads\/2023\/11\/icon-7.svg","contentUrl":"https:\/\/sales-ai-agents.com\/wp-content\/uploads\/2023\/11\/icon-7.svg","width":128,"height":128,"caption":"FuseBase"},"image":{"@id":"https:\/\/sales-ai-agents.com\/#\/schema\/logo\/image\/"}}]}},"_links":{"self":[{"href":"https:\/\/sales-ai-agents.com\/tr\/wp-json\/wp\/v2\/product\/57879","targetHints":{"allow":["GET"]}}],"collection":[{"href":"https:\/\/sales-ai-agents.com\/tr\/wp-json\/wp\/v2\/product"}],"about":[{"href":"https:\/\/sales-ai-agents.com\/tr\/wp-json\/wp\/v2\/types\/product"}],"wp:featuredmedia":[{"embeddable":true,"href":"https:\/\/sales-ai-agents.com\/tr\/wp-json\/wp\/v2\/media\/57880"}],"wp:attachment":[{"href":"https:\/\/sales-ai-agents.com\/tr\/wp-json\/wp\/v2\/media?parent=57879"}],"wp:term":[{"taxonomy":"product_brand","embeddable":true,"href":"https:\/\/sales-ai-agents.com\/tr\/wp-json\/wp\/v2\/product_brand?post=57879"},{"taxonomy":"product_cat","embeddable":true,"href":"https:\/\/sales-ai-agents.com\/tr\/wp-json\/wp\/v2\/product_cat?post=57879"},{"taxonomy":"product_tag","embeddable":true,"href":"https:\/\/sales-ai-agents.com\/tr\/wp-json\/wp\/v2\/product_tag?post=57879"}],"curies":[{"name":"wp","href":"https:\/\/api.w.org\/{rel}","templated":true}]}}