{"id":57886,"date":"2022-09-26T12:04:18","date_gmt":"2022-09-26T12:04:18","guid":{"rendered":"https:\/\/sales-ai-agents.com\/templates\/meal-planner\/"},"modified":"2024-01-02T14:03:14","modified_gmt":"2024-01-02T14:03:14","slug":"meal-planner","status":"publish","type":"product","link":"https:\/\/sales-ai-agents.com\/tr\/templates\/meal-planner\/","title":{"rendered":"Yemek Planlay\u0131c\u0131s\u0131"},"content":{"rendered":"<p>&nbsp;<\/p>\n<h2>Yemek Planlay\u0131c\u0131 \u015eablonu<\/h2>\n<p class=\"desc-text\">\u00d6\u011f\u00fcnlerinizi planlamak g\u00fcn\u00fcn\u00fcz\u00fc basitle\u015ftirmenize yard\u0131mc\u0131 olabilir. Tarifler \u00fczerinde d\u00fc\u015f\u00fcnmek ve son dakika market al\u0131\u015fveri\u015fi yapmak yerine, planlar\u0131n\u0131z\u0131 d\u00fczenlemek i\u00e7in bu \u015fablonu kullan\u0131n. Her g\u00fcn i\u00e7in \u00fc\u00e7 \u00f6\u011f\u00fcn yemek ekleyin ve her yeme\u011fin malzemelerini kategorize etmek i\u00e7in haz\u0131r tablolar\u0131m\u0131z\u0131 kullan\u0131n. \u00d6\u011feleri takip etmek ve hi\u00e7bir \u015feyi ka\u00e7\u0131rmad\u0131\u011f\u0131n\u0131zdan emin olmak i\u00e7in kontrol listeleri kullan\u0131n. Markette reyonlara g\u00f6z atarken bu \u015fablonu referans al\u0131n. \u00d6nceden haz\u0131rl\u0131k yaparak, hafta boyunca endi\u015felenecek bir \u015feyiniz daha azal\u0131r.<\/p>\n<h5>Nas\u0131l kullan\u0131l\u0131r?<\/h5>\n<ul class=\"desc-item_list\">\n<li class=\"desc-item_list__point\">Haftan\u0131n her g\u00fcn\u00fc i\u00e7in yemek fikirleri ekleyin<\/li>\n<li class=\"desc-item_list__point\">Kategoriye g\u00f6re malzemeleri listeleyin<\/li>\n<li class=\"desc-item_list__point\">Market al\u0131\u015fveri\u015fi yaparken listeyi referans al\u0131n<\/li>\n<li class=\"desc-item_list__point\">Sahip oldu\u011funuz malzemeleri i\u015faretleyin<\/li>\n<\/ul>\n","protected":false},"excerpt":{"rendered":"<p>\u00d6\u011f\u00fcnlerinizi planlamak g\u00fcn\u00fcn\u00fcz\u00fc basitle\u015ftirmenize yard\u0131mc\u0131 olabilir. Bunun i\u00e7in bu \u015fablonu kullan\u0131n. \u00dc\u00e7 \u00f6\u011f\u00fcn yemek ekleyin ve malzemeleri kategorize etmek i\u00e7in haz\u0131r tablolar\u0131m\u0131z\u0131 kullan\u0131n.<\/p>\n","protected":false},"featured_media":57887,"template":"","meta":{"_acf_changed":false,"inline_featured_image":false},"product_brand":[],"product_cat":[257,259],"product_tag":[],"class_list":{"0":"post-57886","1":"product","2":"type-product","3":"status-publish","4":"has-post-thumbnail","6":"product_cat-personal","7":"product_cat-personal-health","9":"first","10":"instock","11":"virtual","12":"sold-individually","13":"product-type-simple"},"acf":[],"yoast_head":"<!-- This site is optimized with the Yoast SEO plugin v25.3.1 - https:\/\/yoast.com\/wordpress\/plugins\/seo\/ -->\n<title>Yemek Planlay\u0131c\u0131s\u0131 \u015eablonu - Sales AI Agents<\/title>\n<meta name=\"description\" content=\"\u00d6\u011f\u00fcnlerinizi planlamak g\u00fcn\u00fcn\u00fcz\u00fc basitle\u015ftirmenize yard\u0131mc\u0131 olabilir. Bunun i\u00e7in bu \u015fablonu kullan\u0131n. \u00dc\u00e7 \u00f6\u011f\u00fcn yemek ekleyin ve malzemeleri kategorize etmek i\u00e7in haz\u0131r tablolar\u0131m\u0131z\u0131 kullan\u0131n.\" \/>\n<meta name=\"robots\" content=\"index, follow, max-snippet:-1, max-image-preview:large, max-video-preview:-1\" \/>\n<link rel=\"canonical\" href=\"https:\/\/sales-ai-agents.com\/tr\/templates\/meal-planner\/\" \/>\n<meta property=\"og:locale\" content=\"tr_TR\" \/>\n<meta property=\"og:type\" content=\"article\" \/>\n<meta property=\"og:title\" content=\"Yemek Planlay\u0131c\u0131s\u0131 \u015eablonu - Sales AI Agents\" \/>\n<meta property=\"og:description\" content=\"\u00d6\u011f\u00fcnlerinizi planlamak g\u00fcn\u00fcn\u00fcz\u00fc basitle\u015ftirmenize yard\u0131mc\u0131 olabilir. Bunun i\u00e7in bu \u015fablonu kullan\u0131n. \u00dc\u00e7 \u00f6\u011f\u00fcn yemek ekleyin ve malzemeleri kategorize etmek i\u00e7in haz\u0131r tablolar\u0131m\u0131z\u0131 kullan\u0131n.\" \/>\n<meta property=\"og:url\" content=\"https:\/\/sales-ai-agents.com\/tr\/templates\/meal-planner\/\" \/>\n<meta property=\"og:site_name\" content=\"Sales AI Agents\" \/>\n<meta property=\"article:modified_time\" content=\"2024-01-02T14:03:14+00:00\" \/>\n<meta property=\"og:image\" content=\"https:\/\/sales-ai-agents.com\/wp-content\/uploads\/2023\/01\/image-preview122248.png\" \/>\n\t<meta property=\"og:image:width\" content=\"1078\" \/>\n\t<meta property=\"og:image:height\" content=\"2540\" \/>\n\t<meta property=\"og:image:type\" content=\"image\/png\" \/>\n<meta name=\"twitter:card\" content=\"summary_large_image\" \/>\n<script type=\"application\/ld+json\" class=\"yoast-schema-graph\">{\"@context\":\"https:\/\/schema.org\",\"@graph\":[{\"@type\":\"WebPage\",\"@id\":\"https:\/\/sales-ai-agents.com\/tr\/templates\/meal-planner\/\",\"url\":\"https:\/\/sales-ai-agents.com\/tr\/templates\/meal-planner\/\",\"name\":\"Yemek Planlay\u0131c\u0131s\u0131 \u015eablonu - Sales AI Agents\",\"isPartOf\":{\"@id\":\"https:\/\/sales-ai-agents.com\/#website\"},\"primaryImageOfPage\":{\"@id\":\"https:\/\/sales-ai-agents.com\/tr\/templates\/meal-planner\/#primaryimage\"},\"image\":{\"@id\":\"https:\/\/sales-ai-agents.com\/tr\/templates\/meal-planner\/#primaryimage\"},\"thumbnailUrl\":\"https:\/\/sales-ai-agents.com\/wp-content\/uploads\/2023\/01\/image-preview122248.png\",\"datePublished\":\"2022-09-26T12:04:18+00:00\",\"dateModified\":\"2024-01-02T14:03:14+00:00\",\"description\":\"\u00d6\u011f\u00fcnlerinizi planlamak g\u00fcn\u00fcn\u00fcz\u00fc basitle\u015ftirmenize yard\u0131mc\u0131 olabilir. Bunun i\u00e7in bu \u015fablonu kullan\u0131n. \u00dc\u00e7 \u00f6\u011f\u00fcn yemek ekleyin ve malzemeleri kategorize etmek i\u00e7in haz\u0131r tablolar\u0131m\u0131z\u0131 kullan\u0131n.\",\"inLanguage\":\"tr\",\"potentialAction\":[{\"@type\":\"ReadAction\",\"target\":[\"https:\/\/sales-ai-agents.com\/tr\/templates\/meal-planner\/\"]}]},{\"@type\":\"ImageObject\",\"inLanguage\":\"tr\",\"@id\":\"https:\/\/sales-ai-agents.com\/tr\/templates\/meal-planner\/#primaryimage\",\"url\":\"https:\/\/sales-ai-agents.com\/wp-content\/uploads\/2023\/01\/image-preview122248.png\",\"contentUrl\":\"https:\/\/sales-ai-agents.com\/wp-content\/uploads\/2023\/01\/image-preview122248.png\",\"width\":1078,\"height\":2540},{\"@type\":\"WebSite\",\"@id\":\"https:\/\/sales-ai-agents.com\/#website\",\"url\":\"https:\/\/sales-ai-agents.com\/\",\"name\":\"FuseBase\",\"description\":\"Sales AI Agents - Free Online Collaboration Software for Remote Teams. Build your wikis, client portals and more with the Nimbus Platform collaboration tool ? A perfect space for online work\",\"publisher\":{\"@id\":\"https:\/\/sales-ai-agents.com\/#organization\"},\"potentialAction\":[{\"@type\":\"SearchAction\",\"target\":{\"@type\":\"EntryPoint\",\"urlTemplate\":\"https:\/\/sales-ai-agents.com\/?s={search_term_string}\"},\"query-input\":{\"@type\":\"PropertyValueSpecification\",\"valueRequired\":true,\"valueName\":\"search_term_string\"}}],\"inLanguage\":\"tr\"},{\"@type\":\"Organization\",\"@id\":\"https:\/\/sales-ai-agents.com\/#organization\",\"name\":\"FuseBase\",\"url\":\"https:\/\/sales-ai-agents.com\/\",\"logo\":{\"@type\":\"ImageObject\",\"inLanguage\":\"tr\",\"@id\":\"https:\/\/sales-ai-agents.com\/#\/schema\/logo\/image\/\",\"url\":\"https:\/\/sales-ai-agents.com\/wp-content\/uploads\/2023\/11\/icon-7.svg\",\"contentUrl\":\"https:\/\/sales-ai-agents.com\/wp-content\/uploads\/2023\/11\/icon-7.svg\",\"width\":128,\"height\":128,\"caption\":\"FuseBase\"},\"image\":{\"@id\":\"https:\/\/sales-ai-agents.com\/#\/schema\/logo\/image\/\"}}]}<\/script>\n<!-- \/ Yoast SEO plugin. -->","yoast_head_json":{"title":"Yemek Planlay\u0131c\u0131s\u0131 \u015eablonu - Sales AI Agents","description":"\u00d6\u011f\u00fcnlerinizi planlamak g\u00fcn\u00fcn\u00fcz\u00fc basitle\u015ftirmenize yard\u0131mc\u0131 olabilir. Bunun i\u00e7in bu \u015fablonu kullan\u0131n. \u00dc\u00e7 \u00f6\u011f\u00fcn yemek ekleyin ve malzemeleri kategorize etmek i\u00e7in haz\u0131r tablolar\u0131m\u0131z\u0131 kullan\u0131n.","robots":{"index":"index","follow":"follow","max-snippet":"max-snippet:-1","max-image-preview":"max-image-preview:large","max-video-preview":"max-video-preview:-1"},"canonical":"https:\/\/sales-ai-agents.com\/tr\/templates\/meal-planner\/","og_locale":"tr_TR","og_type":"article","og_title":"Yemek Planlay\u0131c\u0131s\u0131 \u015eablonu - Sales AI Agents","og_description":"\u00d6\u011f\u00fcnlerinizi planlamak g\u00fcn\u00fcn\u00fcz\u00fc basitle\u015ftirmenize yard\u0131mc\u0131 olabilir. Bunun i\u00e7in bu \u015fablonu kullan\u0131n. \u00dc\u00e7 \u00f6\u011f\u00fcn yemek ekleyin ve malzemeleri kategorize etmek i\u00e7in haz\u0131r tablolar\u0131m\u0131z\u0131 kullan\u0131n.","og_url":"https:\/\/sales-ai-agents.com\/tr\/templates\/meal-planner\/","og_site_name":"Sales AI Agents","article_modified_time":"2024-01-02T14:03:14+00:00","og_image":[{"width":1078,"height":2540,"url":"https:\/\/sales-ai-agents.com\/wp-content\/uploads\/2023\/01\/image-preview122248.png","type":"image\/png"}],"twitter_card":"summary_large_image","schema":{"@context":"https:\/\/schema.org","@graph":[{"@type":"WebPage","@id":"https:\/\/sales-ai-agents.com\/tr\/templates\/meal-planner\/","url":"https:\/\/sales-ai-agents.com\/tr\/templates\/meal-planner\/","name":"Yemek Planlay\u0131c\u0131s\u0131 \u015eablonu - Sales AI Agents","isPartOf":{"@id":"https:\/\/sales-ai-agents.com\/#website"},"primaryImageOfPage":{"@id":"https:\/\/sales-ai-agents.com\/tr\/templates\/meal-planner\/#primaryimage"},"image":{"@id":"https:\/\/sales-ai-agents.com\/tr\/templates\/meal-planner\/#primaryimage"},"thumbnailUrl":"https:\/\/sales-ai-agents.com\/wp-content\/uploads\/2023\/01\/image-preview122248.png","datePublished":"2022-09-26T12:04:18+00:00","dateModified":"2024-01-02T14:03:14+00:00","description":"\u00d6\u011f\u00fcnlerinizi planlamak g\u00fcn\u00fcn\u00fcz\u00fc basitle\u015ftirmenize yard\u0131mc\u0131 olabilir. Bunun i\u00e7in bu \u015fablonu kullan\u0131n. \u00dc\u00e7 \u00f6\u011f\u00fcn yemek ekleyin ve malzemeleri kategorize etmek i\u00e7in haz\u0131r tablolar\u0131m\u0131z\u0131 kullan\u0131n.","inLanguage":"tr","potentialAction":[{"@type":"ReadAction","target":["https:\/\/sales-ai-agents.com\/tr\/templates\/meal-planner\/"]}]},{"@type":"ImageObject","inLanguage":"tr","@id":"https:\/\/sales-ai-agents.com\/tr\/templates\/meal-planner\/#primaryimage","url":"https:\/\/sales-ai-agents.com\/wp-content\/uploads\/2023\/01\/image-preview122248.png","contentUrl":"https:\/\/sales-ai-agents.com\/wp-content\/uploads\/2023\/01\/image-preview122248.png","width":1078,"height":2540},{"@type":"WebSite","@id":"https:\/\/sales-ai-agents.com\/#website","url":"https:\/\/sales-ai-agents.com\/","name":"FuseBase","description":"Sales AI Agents - Free Online Collaboration Software for Remote Teams. Build your wikis, client portals and more with the Nimbus Platform collaboration tool ? A perfect space for online work","publisher":{"@id":"https:\/\/sales-ai-agents.com\/#organization"},"potentialAction":[{"@type":"SearchAction","target":{"@type":"EntryPoint","urlTemplate":"https:\/\/sales-ai-agents.com\/?s={search_term_string}"},"query-input":{"@type":"PropertyValueSpecification","valueRequired":true,"valueName":"search_term_string"}}],"inLanguage":"tr"},{"@type":"Organization","@id":"https:\/\/sales-ai-agents.com\/#organization","name":"FuseBase","url":"https:\/\/sales-ai-agents.com\/","logo":{"@type":"ImageObject","inLanguage":"tr","@id":"https:\/\/sales-ai-agents.com\/#\/schema\/logo\/image\/","url":"https:\/\/sales-ai-agents.com\/wp-content\/uploads\/2023\/11\/icon-7.svg","contentUrl":"https:\/\/sales-ai-agents.com\/wp-content\/uploads\/2023\/11\/icon-7.svg","width":128,"height":128,"caption":"FuseBase"},"image":{"@id":"https:\/\/sales-ai-agents.com\/#\/schema\/logo\/image\/"}}]}},"_links":{"self":[{"href":"https:\/\/sales-ai-agents.com\/tr\/wp-json\/wp\/v2\/product\/57886","targetHints":{"allow":["GET"]}}],"collection":[{"href":"https:\/\/sales-ai-agents.com\/tr\/wp-json\/wp\/v2\/product"}],"about":[{"href":"https:\/\/sales-ai-agents.com\/tr\/wp-json\/wp\/v2\/types\/product"}],"wp:featuredmedia":[{"embeddable":true,"href":"https:\/\/sales-ai-agents.com\/tr\/wp-json\/wp\/v2\/media\/57887"}],"wp:attachment":[{"href":"https:\/\/sales-ai-agents.com\/tr\/wp-json\/wp\/v2\/media?parent=57886"}],"wp:term":[{"taxonomy":"product_brand","embeddable":true,"href":"https:\/\/sales-ai-agents.com\/tr\/wp-json\/wp\/v2\/product_brand?post=57886"},{"taxonomy":"product_cat","embeddable":true,"href":"https:\/\/sales-ai-agents.com\/tr\/wp-json\/wp\/v2\/product_cat?post=57886"},{"taxonomy":"product_tag","embeddable":true,"href":"https:\/\/sales-ai-agents.com\/tr\/wp-json\/wp\/v2\/product_tag?post=57886"}],"curies":[{"name":"wp","href":"https:\/\/api.w.org\/{rel}","templated":true}]}}