{"id":57891,"date":"2022-09-26T12:04:14","date_gmt":"2022-09-26T12:04:14","guid":{"rendered":"https:\/\/sales-ai-agents.com\/templates\/to-do-for-engineers\/"},"modified":"2023-12-26T15:17:25","modified_gmt":"2023-12-26T15:17:25","slug":"to-do-for-engineers","status":"publish","type":"product","link":"https:\/\/sales-ai-agents.com\/tr\/templates\/to-do-for-engineers\/","title":{"rendered":"M\u00fchendisler i\u00e7in Yap\u0131lacaklar"},"content":{"rendered":"<p>&nbsp;<\/p>\n<h2>M\u00fchendisler i\u00e7in Yap\u0131lacaklar \u015eablonu<\/h2>\n<p class=\"desc-text\">Bu renk kodlu ve tamamen \u00f6zelle\u015ftirilebilir yap\u0131lacaklar listesi ile t\u00fcm ekibinizin g\u00f6revlerini takip edebilirsiniz. Herkes birlikte \u00e7al\u0131\u015fabilir ve at\u0131lacak yeni ad\u0131mlar i\u00e7in beyin f\u0131rt\u0131nas\u0131 yapabilir. Acil veya \u00f6nemli \u00f6\u011feleri renklerle kodlayarak teslim tarihlerinizden haberdar olun.<\/p>\n<h5>Nas\u0131l kullan\u0131l\u0131r?<\/h5>\n<ul class=\"desc-item_list\">\n<li class=\"desc-item_list__point\">G\u00f6revleri uygun s\u00fctunlar alt\u0131nda listeleyin<\/li>\n<li class=\"desc-item_list__point\">mention&#8217;lar\u0131 kullanarak i\u015f atay\u0131n<\/li>\n<li class=\"desc-item_list__point\">Her bir \u00f6\u011feyi \u00f6ncelik seviyesine g\u00f6re vurgulay\u0131n<\/li>\n<li class=\"desc-item_list__point\">Durumlar\u0131 de\u011fi\u015ftik\u00e7e g\u00f6revleri farkl\u0131 s\u00fctunlara s\u00fcr\u00fckleyin<\/li>\n<li class=\"desc-item_list__point\">Tamamlanan g\u00f6revleri kontrol edin<\/li>\n<\/ul>\n","protected":false},"excerpt":{"rendered":"<p>Bu \u00fccretsiz \u00f6zelle\u015ftirilebilir yap\u0131lacaklar listesi ile t\u00fcm ekibinizin g\u00f6revlerini takip edebilirsiniz. Herkes i\u015fbirli\u011fi yapabilir ve at\u0131lacak yeni ad\u0131mlar i\u00e7in beyin f\u0131rt\u0131nas\u0131 yapabilir<\/p>\n","protected":false},"featured_media":57892,"template":"","meta":{"_acf_changed":false,"inline_featured_image":false},"product_brand":[],"product_cat":[278],"product_tag":[],"class_list":{"0":"post-57891","1":"product","2":"type-product","3":"status-publish","4":"has-post-thumbnail","6":"product_cat-programmer-engineer","8":"first","9":"instock","10":"virtual","11":"sold-individually","12":"product-type-simple"},"acf":[],"yoast_head":"<!-- This site is optimized with the Yoast SEO plugin v25.3.1 - https:\/\/yoast.com\/wordpress\/plugins\/seo\/ -->\n<title>M\u00fchendisler i\u00e7in Yap\u0131lacaklar \u015eablonu - Sales AI Agents<\/title>\n<meta name=\"description\" content=\"Bu \u00fccretsiz \u00f6zelle\u015ftirilebilir yap\u0131lacaklar listesi ile t\u00fcm ekibinizin g\u00f6revlerini takip edebilirsiniz. Herkes i\u015fbirli\u011fi yapabilir ve at\u0131lacak yeni ad\u0131mlar i\u00e7in beyin f\u0131rt\u0131nas\u0131 yapabilir.\" \/>\n<meta name=\"robots\" content=\"index, follow, max-snippet:-1, max-image-preview:large, max-video-preview:-1\" \/>\n<link rel=\"canonical\" href=\"https:\/\/sales-ai-agents.com\/tr\/templates\/to-do-for-engineers\/\" \/>\n<meta property=\"og:locale\" content=\"tr_TR\" \/>\n<meta property=\"og:type\" content=\"article\" \/>\n<meta property=\"og:title\" content=\"M\u00fchendisler i\u00e7in Yap\u0131lacaklar \u015eablonu - Sales AI Agents\" \/>\n<meta property=\"og:description\" content=\"Bu \u00fccretsiz \u00f6zelle\u015ftirilebilir yap\u0131lacaklar listesi ile t\u00fcm ekibinizin g\u00f6revlerini takip edebilirsiniz. Herkes i\u015fbirli\u011fi yapabilir ve at\u0131lacak yeni ad\u0131mlar i\u00e7in beyin f\u0131rt\u0131nas\u0131 yapabilir.\" \/>\n<meta property=\"og:url\" content=\"https:\/\/sales-ai-agents.com\/tr\/templates\/to-do-for-engineers\/\" \/>\n<meta property=\"og:site_name\" content=\"Sales AI Agents\" \/>\n<meta property=\"article:modified_time\" content=\"2023-12-26T15:17:25+00:00\" \/>\n<meta property=\"og:image\" content=\"https:\/\/sales-ai-agents.com\/wp-content\/uploads\/2023\/01\/image-preview122229.png\" \/>\n\t<meta property=\"og:image:width\" content=\"1078\" \/>\n\t<meta property=\"og:image:height\" content=\"760\" \/>\n\t<meta property=\"og:image:type\" content=\"image\/png\" \/>\n<meta name=\"twitter:card\" content=\"summary_large_image\" \/>\n<script type=\"application\/ld+json\" class=\"yoast-schema-graph\">{\"@context\":\"https:\/\/schema.org\",\"@graph\":[{\"@type\":\"WebPage\",\"@id\":\"https:\/\/sales-ai-agents.com\/tr\/templates\/to-do-for-engineers\/\",\"url\":\"https:\/\/sales-ai-agents.com\/tr\/templates\/to-do-for-engineers\/\",\"name\":\"M\u00fchendisler i\u00e7in Yap\u0131lacaklar \u015eablonu - Sales AI Agents\",\"isPartOf\":{\"@id\":\"https:\/\/sales-ai-agents.com\/#website\"},\"primaryImageOfPage\":{\"@id\":\"https:\/\/sales-ai-agents.com\/tr\/templates\/to-do-for-engineers\/#primaryimage\"},\"image\":{\"@id\":\"https:\/\/sales-ai-agents.com\/tr\/templates\/to-do-for-engineers\/#primaryimage\"},\"thumbnailUrl\":\"https:\/\/sales-ai-agents.com\/wp-content\/uploads\/2023\/01\/image-preview122229.png\",\"datePublished\":\"2022-09-26T12:04:14+00:00\",\"dateModified\":\"2023-12-26T15:17:25+00:00\",\"description\":\"Bu \u00fccretsiz \u00f6zelle\u015ftirilebilir yap\u0131lacaklar listesi ile t\u00fcm ekibinizin g\u00f6revlerini takip edebilirsiniz. Herkes i\u015fbirli\u011fi yapabilir ve at\u0131lacak yeni ad\u0131mlar i\u00e7in beyin f\u0131rt\u0131nas\u0131 yapabilir.\",\"inLanguage\":\"tr\",\"potentialAction\":[{\"@type\":\"ReadAction\",\"target\":[\"https:\/\/sales-ai-agents.com\/tr\/templates\/to-do-for-engineers\/\"]}]},{\"@type\":\"ImageObject\",\"inLanguage\":\"tr\",\"@id\":\"https:\/\/sales-ai-agents.com\/tr\/templates\/to-do-for-engineers\/#primaryimage\",\"url\":\"https:\/\/sales-ai-agents.com\/wp-content\/uploads\/2023\/01\/image-preview122229.png\",\"contentUrl\":\"https:\/\/sales-ai-agents.com\/wp-content\/uploads\/2023\/01\/image-preview122229.png\",\"width\":1078,\"height\":760},{\"@type\":\"WebSite\",\"@id\":\"https:\/\/sales-ai-agents.com\/#website\",\"url\":\"https:\/\/sales-ai-agents.com\/\",\"name\":\"FuseBase\",\"description\":\"Sales AI Agents - Free Online Collaboration Software for Remote Teams. Build your wikis, client portals and more with the Nimbus Platform collaboration tool ? A perfect space for online work\",\"publisher\":{\"@id\":\"https:\/\/sales-ai-agents.com\/#organization\"},\"potentialAction\":[{\"@type\":\"SearchAction\",\"target\":{\"@type\":\"EntryPoint\",\"urlTemplate\":\"https:\/\/sales-ai-agents.com\/?s={search_term_string}\"},\"query-input\":{\"@type\":\"PropertyValueSpecification\",\"valueRequired\":true,\"valueName\":\"search_term_string\"}}],\"inLanguage\":\"tr\"},{\"@type\":\"Organization\",\"@id\":\"https:\/\/sales-ai-agents.com\/#organization\",\"name\":\"FuseBase\",\"url\":\"https:\/\/sales-ai-agents.com\/\",\"logo\":{\"@type\":\"ImageObject\",\"inLanguage\":\"tr\",\"@id\":\"https:\/\/sales-ai-agents.com\/#\/schema\/logo\/image\/\",\"url\":\"https:\/\/sales-ai-agents.com\/wp-content\/uploads\/2023\/11\/icon-7.svg\",\"contentUrl\":\"https:\/\/sales-ai-agents.com\/wp-content\/uploads\/2023\/11\/icon-7.svg\",\"width\":128,\"height\":128,\"caption\":\"FuseBase\"},\"image\":{\"@id\":\"https:\/\/sales-ai-agents.com\/#\/schema\/logo\/image\/\"}}]}<\/script>\n<!-- \/ Yoast SEO plugin. -->","yoast_head_json":{"title":"M\u00fchendisler i\u00e7in Yap\u0131lacaklar \u015eablonu - Sales AI Agents","description":"Bu \u00fccretsiz \u00f6zelle\u015ftirilebilir yap\u0131lacaklar listesi ile t\u00fcm ekibinizin g\u00f6revlerini takip edebilirsiniz. Herkes i\u015fbirli\u011fi yapabilir ve at\u0131lacak yeni ad\u0131mlar i\u00e7in beyin f\u0131rt\u0131nas\u0131 yapabilir.","robots":{"index":"index","follow":"follow","max-snippet":"max-snippet:-1","max-image-preview":"max-image-preview:large","max-video-preview":"max-video-preview:-1"},"canonical":"https:\/\/sales-ai-agents.com\/tr\/templates\/to-do-for-engineers\/","og_locale":"tr_TR","og_type":"article","og_title":"M\u00fchendisler i\u00e7in Yap\u0131lacaklar \u015eablonu - Sales AI Agents","og_description":"Bu \u00fccretsiz \u00f6zelle\u015ftirilebilir yap\u0131lacaklar listesi ile t\u00fcm ekibinizin g\u00f6revlerini takip edebilirsiniz. Herkes i\u015fbirli\u011fi yapabilir ve at\u0131lacak yeni ad\u0131mlar i\u00e7in beyin f\u0131rt\u0131nas\u0131 yapabilir.","og_url":"https:\/\/sales-ai-agents.com\/tr\/templates\/to-do-for-engineers\/","og_site_name":"Sales AI Agents","article_modified_time":"2023-12-26T15:17:25+00:00","og_image":[{"width":1078,"height":760,"url":"https:\/\/sales-ai-agents.com\/wp-content\/uploads\/2023\/01\/image-preview122229.png","type":"image\/png"}],"twitter_card":"summary_large_image","schema":{"@context":"https:\/\/schema.org","@graph":[{"@type":"WebPage","@id":"https:\/\/sales-ai-agents.com\/tr\/templates\/to-do-for-engineers\/","url":"https:\/\/sales-ai-agents.com\/tr\/templates\/to-do-for-engineers\/","name":"M\u00fchendisler i\u00e7in Yap\u0131lacaklar \u015eablonu - Sales AI Agents","isPartOf":{"@id":"https:\/\/sales-ai-agents.com\/#website"},"primaryImageOfPage":{"@id":"https:\/\/sales-ai-agents.com\/tr\/templates\/to-do-for-engineers\/#primaryimage"},"image":{"@id":"https:\/\/sales-ai-agents.com\/tr\/templates\/to-do-for-engineers\/#primaryimage"},"thumbnailUrl":"https:\/\/sales-ai-agents.com\/wp-content\/uploads\/2023\/01\/image-preview122229.png","datePublished":"2022-09-26T12:04:14+00:00","dateModified":"2023-12-26T15:17:25+00:00","description":"Bu \u00fccretsiz \u00f6zelle\u015ftirilebilir yap\u0131lacaklar listesi ile t\u00fcm ekibinizin g\u00f6revlerini takip edebilirsiniz. Herkes i\u015fbirli\u011fi yapabilir ve at\u0131lacak yeni ad\u0131mlar i\u00e7in beyin f\u0131rt\u0131nas\u0131 yapabilir.","inLanguage":"tr","potentialAction":[{"@type":"ReadAction","target":["https:\/\/sales-ai-agents.com\/tr\/templates\/to-do-for-engineers\/"]}]},{"@type":"ImageObject","inLanguage":"tr","@id":"https:\/\/sales-ai-agents.com\/tr\/templates\/to-do-for-engineers\/#primaryimage","url":"https:\/\/sales-ai-agents.com\/wp-content\/uploads\/2023\/01\/image-preview122229.png","contentUrl":"https:\/\/sales-ai-agents.com\/wp-content\/uploads\/2023\/01\/image-preview122229.png","width":1078,"height":760},{"@type":"WebSite","@id":"https:\/\/sales-ai-agents.com\/#website","url":"https:\/\/sales-ai-agents.com\/","name":"FuseBase","description":"Sales AI Agents - Free Online Collaboration Software for Remote Teams. Build your wikis, client portals and more with the Nimbus Platform collaboration tool ? A perfect space for online work","publisher":{"@id":"https:\/\/sales-ai-agents.com\/#organization"},"potentialAction":[{"@type":"SearchAction","target":{"@type":"EntryPoint","urlTemplate":"https:\/\/sales-ai-agents.com\/?s={search_term_string}"},"query-input":{"@type":"PropertyValueSpecification","valueRequired":true,"valueName":"search_term_string"}}],"inLanguage":"tr"},{"@type":"Organization","@id":"https:\/\/sales-ai-agents.com\/#organization","name":"FuseBase","url":"https:\/\/sales-ai-agents.com\/","logo":{"@type":"ImageObject","inLanguage":"tr","@id":"https:\/\/sales-ai-agents.com\/#\/schema\/logo\/image\/","url":"https:\/\/sales-ai-agents.com\/wp-content\/uploads\/2023\/11\/icon-7.svg","contentUrl":"https:\/\/sales-ai-agents.com\/wp-content\/uploads\/2023\/11\/icon-7.svg","width":128,"height":128,"caption":"FuseBase"},"image":{"@id":"https:\/\/sales-ai-agents.com\/#\/schema\/logo\/image\/"}}]}},"_links":{"self":[{"href":"https:\/\/sales-ai-agents.com\/tr\/wp-json\/wp\/v2\/product\/57891","targetHints":{"allow":["GET"]}}],"collection":[{"href":"https:\/\/sales-ai-agents.com\/tr\/wp-json\/wp\/v2\/product"}],"about":[{"href":"https:\/\/sales-ai-agents.com\/tr\/wp-json\/wp\/v2\/types\/product"}],"wp:featuredmedia":[{"embeddable":true,"href":"https:\/\/sales-ai-agents.com\/tr\/wp-json\/wp\/v2\/media\/57892"}],"wp:attachment":[{"href":"https:\/\/sales-ai-agents.com\/tr\/wp-json\/wp\/v2\/media?parent=57891"}],"wp:term":[{"taxonomy":"product_brand","embeddable":true,"href":"https:\/\/sales-ai-agents.com\/tr\/wp-json\/wp\/v2\/product_brand?post=57891"},{"taxonomy":"product_cat","embeddable":true,"href":"https:\/\/sales-ai-agents.com\/tr\/wp-json\/wp\/v2\/product_cat?post=57891"},{"taxonomy":"product_tag","embeddable":true,"href":"https:\/\/sales-ai-agents.com\/tr\/wp-json\/wp\/v2\/product_tag?post=57891"}],"curies":[{"name":"wp","href":"https:\/\/api.w.org\/{rel}","templated":true}]}}