{"id":57925,"date":"2022-09-26T12:04:11","date_gmt":"2022-09-26T12:04:11","guid":{"rendered":"https:\/\/sales-ai-agents.com\/templates\/performance-rating-review\/"},"modified":"2023-12-26T20:41:46","modified_gmt":"2023-12-26T20:41:46","slug":"performance-rating-review","status":"publish","type":"product","link":"https:\/\/sales-ai-agents.com\/tr\/templates\/performance-rating-review\/","title":{"rendered":"Performans Derecelendirme \u0130ncelemesi"},"content":{"rendered":"<p>&nbsp;<\/p>\n<h2>Performans Derecelendirme \u0130nceleme \u015eablonu<\/h2>\n<p class=\"desc-text\">Bu \u015fablon, \u00e7al\u0131\u015fanlar\u0131n\u0131z\u0131n bir y\u0131ld\u0131z derecelendirme sistemi kullanarak becerilerini ve niteliklerini derecelendirmelerine olanak tan\u0131r. Masa, ihtiya\u00e7lar\u0131n\u0131za uyacak \u015fekilde \u00f6zelle\u015ftirilebilir. Yeni nitelikler eklenebilir ve ilgisiz olanlar silinebilir. Bu performans de\u011ferlendirmesini hedefler belirlemek ve \u00e7al\u0131\u015fanlar\u0131 ba\u015far\u0131l\u0131 olmalar\u0131 i\u00e7in motive etmek i\u00e7in kullan\u0131n.<\/p>\n<h5>Nas\u0131l kullan\u0131l\u0131r?<\/h5>\n<ul class=\"desc-item_list\">\n<li class=\"desc-item_list__point\">\u00c7al\u0131\u015fan\u0131 ve yorumcuyu etiketlemek i\u00e7in @ mention&#8217;lar\u0131n\u0131 kullan\u0131n<\/li>\n<li class=\"desc-item_list__point\">\u00c7al\u0131\u015fana her bir \u00f6zelli\u011fi derecelendirmesini s\u00f6yleyin<\/li>\n<li class=\"desc-item_list__point\">\u00c7al\u0131\u015fandan derecelendirmesini destekleyecek \u00f6rnekler vermesini isteyin<\/li>\n<li class=\"desc-item_list__point\">\u0130ncelemeye dayal\u0131 bir plan olu\u015fturun<\/li>\n<li class=\"desc-item_list__point\">Hedefleri tan\u0131mlay\u0131n ve ba\u015fka yorumlar veya notlar ekleyin<\/li>\n<li class=\"desc-item_list__point\">Hedefleri ve ba\u015far\u0131lar\u0131 birlikte tart\u0131\u015f\u0131n<\/li>\n<\/ul>\n","protected":false},"excerpt":{"rendered":"<p>Bu \u015fablon, \u00e7al\u0131\u015fanlar\u0131n\u0131z\u0131n becerilerini ve niteliklerini bir y\u0131ld\u0131z sistemiyle derecelendirmelerini sa\u011flar. Bu performans de\u011ferlendirmesini hedef belirlemek ve ekibi motive etmek i\u00e7in kullan\u0131n.<\/p>\n","protected":false},"featured_media":57926,"template":"","meta":{"_acf_changed":false,"inline_featured_image":false},"product_brand":[],"product_cat":[218],"product_tag":[],"class_list":{"0":"post-57925","1":"product","2":"type-product","3":"status-publish","4":"has-post-thumbnail","6":"product_cat-operations","8":"first","9":"instock","10":"virtual","11":"sold-individually","12":"product-type-simple"},"acf":[],"yoast_head":"<!-- This site is optimized with the Yoast SEO plugin v25.3.1 - https:\/\/yoast.com\/wordpress\/plugins\/seo\/ -->\n<title>Performans Derecelendirme \u0130nceleme \u015eablonu - Sales AI Agents<\/title>\n<meta name=\"description\" content=\"Bu \u015fablon, \u00e7al\u0131\u015fanlar\u0131n\u0131z\u0131n becerilerini ve niteliklerini y\u0131ld\u0131z sistemiyle derecelendirmelerini sa\u011flar. Bu performans de\u011ferlendirmesini hedef belirlemek ve ekibi motive etmek i\u00e7in kullan\u0131n\" \/>\n<meta name=\"robots\" content=\"index, follow, max-snippet:-1, max-image-preview:large, max-video-preview:-1\" \/>\n<link rel=\"canonical\" href=\"https:\/\/sales-ai-agents.com\/tr\/templates\/performance-rating-review\/\" \/>\n<meta property=\"og:locale\" content=\"tr_TR\" \/>\n<meta property=\"og:type\" content=\"article\" \/>\n<meta property=\"og:title\" content=\"Performans Derecelendirme \u0130nceleme \u015eablonu - Sales AI Agents\" \/>\n<meta property=\"og:description\" content=\"Bu \u015fablon, \u00e7al\u0131\u015fanlar\u0131n\u0131z\u0131n becerilerini ve niteliklerini y\u0131ld\u0131z sistemiyle derecelendirmelerini sa\u011flar. Bu performans de\u011ferlendirmesini hedef belirlemek ve ekibi motive etmek i\u00e7in kullan\u0131n\" \/>\n<meta property=\"og:url\" content=\"https:\/\/sales-ai-agents.com\/tr\/templates\/performance-rating-review\/\" \/>\n<meta property=\"og:site_name\" content=\"Sales AI Agents\" \/>\n<meta property=\"article:modified_time\" content=\"2023-12-26T20:41:46+00:00\" \/>\n<meta property=\"og:image\" content=\"https:\/\/sales-ai-agents.com\/wp-content\/uploads\/2023\/01\/image-preview122226.png\" \/>\n\t<meta property=\"og:image:width\" content=\"1078\" \/>\n\t<meta property=\"og:image:height\" content=\"1692\" \/>\n\t<meta property=\"og:image:type\" content=\"image\/png\" \/>\n<meta name=\"twitter:card\" content=\"summary_large_image\" \/>\n<script type=\"application\/ld+json\" class=\"yoast-schema-graph\">{\"@context\":\"https:\/\/schema.org\",\"@graph\":[{\"@type\":\"WebPage\",\"@id\":\"https:\/\/sales-ai-agents.com\/tr\/templates\/performance-rating-review\/\",\"url\":\"https:\/\/sales-ai-agents.com\/tr\/templates\/performance-rating-review\/\",\"name\":\"Performans Derecelendirme \u0130nceleme \u015eablonu - Sales AI Agents\",\"isPartOf\":{\"@id\":\"https:\/\/sales-ai-agents.com\/#website\"},\"primaryImageOfPage\":{\"@id\":\"https:\/\/sales-ai-agents.com\/tr\/templates\/performance-rating-review\/#primaryimage\"},\"image\":{\"@id\":\"https:\/\/sales-ai-agents.com\/tr\/templates\/performance-rating-review\/#primaryimage\"},\"thumbnailUrl\":\"https:\/\/sales-ai-agents.com\/wp-content\/uploads\/2023\/01\/image-preview122226.png\",\"datePublished\":\"2022-09-26T12:04:11+00:00\",\"dateModified\":\"2023-12-26T20:41:46+00:00\",\"description\":\"Bu \u015fablon, \u00e7al\u0131\u015fanlar\u0131n\u0131z\u0131n becerilerini ve niteliklerini y\u0131ld\u0131z sistemiyle derecelendirmelerini sa\u011flar. Bu performans de\u011ferlendirmesini hedef belirlemek ve ekibi motive etmek i\u00e7in kullan\u0131n\",\"inLanguage\":\"tr\",\"potentialAction\":[{\"@type\":\"ReadAction\",\"target\":[\"https:\/\/sales-ai-agents.com\/tr\/templates\/performance-rating-review\/\"]}]},{\"@type\":\"ImageObject\",\"inLanguage\":\"tr\",\"@id\":\"https:\/\/sales-ai-agents.com\/tr\/templates\/performance-rating-review\/#primaryimage\",\"url\":\"https:\/\/sales-ai-agents.com\/wp-content\/uploads\/2023\/01\/image-preview122226.png\",\"contentUrl\":\"https:\/\/sales-ai-agents.com\/wp-content\/uploads\/2023\/01\/image-preview122226.png\",\"width\":1078,\"height\":1692},{\"@type\":\"WebSite\",\"@id\":\"https:\/\/sales-ai-agents.com\/#website\",\"url\":\"https:\/\/sales-ai-agents.com\/\",\"name\":\"FuseBase\",\"description\":\"Sales AI Agents - Free Online Collaboration Software for Remote Teams. Build your wikis, client portals and more with the Nimbus Platform collaboration tool ? A perfect space for online work\",\"publisher\":{\"@id\":\"https:\/\/sales-ai-agents.com\/#organization\"},\"potentialAction\":[{\"@type\":\"SearchAction\",\"target\":{\"@type\":\"EntryPoint\",\"urlTemplate\":\"https:\/\/sales-ai-agents.com\/?s={search_term_string}\"},\"query-input\":{\"@type\":\"PropertyValueSpecification\",\"valueRequired\":true,\"valueName\":\"search_term_string\"}}],\"inLanguage\":\"tr\"},{\"@type\":\"Organization\",\"@id\":\"https:\/\/sales-ai-agents.com\/#organization\",\"name\":\"FuseBase\",\"url\":\"https:\/\/sales-ai-agents.com\/\",\"logo\":{\"@type\":\"ImageObject\",\"inLanguage\":\"tr\",\"@id\":\"https:\/\/sales-ai-agents.com\/#\/schema\/logo\/image\/\",\"url\":\"https:\/\/sales-ai-agents.com\/wp-content\/uploads\/2023\/11\/icon-7.svg\",\"contentUrl\":\"https:\/\/sales-ai-agents.com\/wp-content\/uploads\/2023\/11\/icon-7.svg\",\"width\":128,\"height\":128,\"caption\":\"FuseBase\"},\"image\":{\"@id\":\"https:\/\/sales-ai-agents.com\/#\/schema\/logo\/image\/\"}}]}<\/script>\n<!-- \/ Yoast SEO plugin. -->","yoast_head_json":{"title":"Performans Derecelendirme \u0130nceleme \u015eablonu - Sales AI Agents","description":"Bu \u015fablon, \u00e7al\u0131\u015fanlar\u0131n\u0131z\u0131n becerilerini ve niteliklerini y\u0131ld\u0131z sistemiyle derecelendirmelerini sa\u011flar. Bu performans de\u011ferlendirmesini hedef belirlemek ve ekibi motive etmek i\u00e7in kullan\u0131n","robots":{"index":"index","follow":"follow","max-snippet":"max-snippet:-1","max-image-preview":"max-image-preview:large","max-video-preview":"max-video-preview:-1"},"canonical":"https:\/\/sales-ai-agents.com\/tr\/templates\/performance-rating-review\/","og_locale":"tr_TR","og_type":"article","og_title":"Performans Derecelendirme \u0130nceleme \u015eablonu - Sales AI Agents","og_description":"Bu \u015fablon, \u00e7al\u0131\u015fanlar\u0131n\u0131z\u0131n becerilerini ve niteliklerini y\u0131ld\u0131z sistemiyle derecelendirmelerini sa\u011flar. Bu performans de\u011ferlendirmesini hedef belirlemek ve ekibi motive etmek i\u00e7in kullan\u0131n","og_url":"https:\/\/sales-ai-agents.com\/tr\/templates\/performance-rating-review\/","og_site_name":"Sales AI Agents","article_modified_time":"2023-12-26T20:41:46+00:00","og_image":[{"width":1078,"height":1692,"url":"https:\/\/sales-ai-agents.com\/wp-content\/uploads\/2023\/01\/image-preview122226.png","type":"image\/png"}],"twitter_card":"summary_large_image","schema":{"@context":"https:\/\/schema.org","@graph":[{"@type":"WebPage","@id":"https:\/\/sales-ai-agents.com\/tr\/templates\/performance-rating-review\/","url":"https:\/\/sales-ai-agents.com\/tr\/templates\/performance-rating-review\/","name":"Performans Derecelendirme \u0130nceleme \u015eablonu - Sales AI Agents","isPartOf":{"@id":"https:\/\/sales-ai-agents.com\/#website"},"primaryImageOfPage":{"@id":"https:\/\/sales-ai-agents.com\/tr\/templates\/performance-rating-review\/#primaryimage"},"image":{"@id":"https:\/\/sales-ai-agents.com\/tr\/templates\/performance-rating-review\/#primaryimage"},"thumbnailUrl":"https:\/\/sales-ai-agents.com\/wp-content\/uploads\/2023\/01\/image-preview122226.png","datePublished":"2022-09-26T12:04:11+00:00","dateModified":"2023-12-26T20:41:46+00:00","description":"Bu \u015fablon, \u00e7al\u0131\u015fanlar\u0131n\u0131z\u0131n becerilerini ve niteliklerini y\u0131ld\u0131z sistemiyle derecelendirmelerini sa\u011flar. Bu performans de\u011ferlendirmesini hedef belirlemek ve ekibi motive etmek i\u00e7in kullan\u0131n","inLanguage":"tr","potentialAction":[{"@type":"ReadAction","target":["https:\/\/sales-ai-agents.com\/tr\/templates\/performance-rating-review\/"]}]},{"@type":"ImageObject","inLanguage":"tr","@id":"https:\/\/sales-ai-agents.com\/tr\/templates\/performance-rating-review\/#primaryimage","url":"https:\/\/sales-ai-agents.com\/wp-content\/uploads\/2023\/01\/image-preview122226.png","contentUrl":"https:\/\/sales-ai-agents.com\/wp-content\/uploads\/2023\/01\/image-preview122226.png","width":1078,"height":1692},{"@type":"WebSite","@id":"https:\/\/sales-ai-agents.com\/#website","url":"https:\/\/sales-ai-agents.com\/","name":"FuseBase","description":"Sales AI Agents - Free Online Collaboration Software for Remote Teams. Build your wikis, client portals and more with the Nimbus Platform collaboration tool ? A perfect space for online work","publisher":{"@id":"https:\/\/sales-ai-agents.com\/#organization"},"potentialAction":[{"@type":"SearchAction","target":{"@type":"EntryPoint","urlTemplate":"https:\/\/sales-ai-agents.com\/?s={search_term_string}"},"query-input":{"@type":"PropertyValueSpecification","valueRequired":true,"valueName":"search_term_string"}}],"inLanguage":"tr"},{"@type":"Organization","@id":"https:\/\/sales-ai-agents.com\/#organization","name":"FuseBase","url":"https:\/\/sales-ai-agents.com\/","logo":{"@type":"ImageObject","inLanguage":"tr","@id":"https:\/\/sales-ai-agents.com\/#\/schema\/logo\/image\/","url":"https:\/\/sales-ai-agents.com\/wp-content\/uploads\/2023\/11\/icon-7.svg","contentUrl":"https:\/\/sales-ai-agents.com\/wp-content\/uploads\/2023\/11\/icon-7.svg","width":128,"height":128,"caption":"FuseBase"},"image":{"@id":"https:\/\/sales-ai-agents.com\/#\/schema\/logo\/image\/"}}]}},"_links":{"self":[{"href":"https:\/\/sales-ai-agents.com\/tr\/wp-json\/wp\/v2\/product\/57925","targetHints":{"allow":["GET"]}}],"collection":[{"href":"https:\/\/sales-ai-agents.com\/tr\/wp-json\/wp\/v2\/product"}],"about":[{"href":"https:\/\/sales-ai-agents.com\/tr\/wp-json\/wp\/v2\/types\/product"}],"wp:featuredmedia":[{"embeddable":true,"href":"https:\/\/sales-ai-agents.com\/tr\/wp-json\/wp\/v2\/media\/57926"}],"wp:attachment":[{"href":"https:\/\/sales-ai-agents.com\/tr\/wp-json\/wp\/v2\/media?parent=57925"}],"wp:term":[{"taxonomy":"product_brand","embeddable":true,"href":"https:\/\/sales-ai-agents.com\/tr\/wp-json\/wp\/v2\/product_brand?post=57925"},{"taxonomy":"product_cat","embeddable":true,"href":"https:\/\/sales-ai-agents.com\/tr\/wp-json\/wp\/v2\/product_cat?post=57925"},{"taxonomy":"product_tag","embeddable":true,"href":"https:\/\/sales-ai-agents.com\/tr\/wp-json\/wp\/v2\/product_tag?post=57925"}],"curies":[{"name":"wp","href":"https:\/\/api.w.org\/{rel}","templated":true}]}}