{"id":57928,"date":"2022-09-26T12:03:35","date_gmt":"2022-09-26T12:03:35","guid":{"rendered":"https:\/\/sales-ai-agents.com\/templates\/employee-directory\/"},"modified":"2023-12-27T15:49:17","modified_gmt":"2023-12-27T15:49:17","slug":"employee-directory","status":"publish","type":"product","link":"https:\/\/sales-ai-agents.com\/tr\/templates\/employee-directory\/","title":{"rendered":"\u00c7al\u0131\u015fan Rehberi"},"content":{"rendered":"<p>&nbsp;<\/p>\n<h2>\u00c7al\u0131\u015fan Rehberi \u015eablonu<\/h2>\n<p class=\"desc-text\">Ekiplerinizi geni\u015fletiyor musunuz? Kurumunuza yeni kat\u0131lan \u00e7al\u0131\u015fanlar\u0131n\u0131z m\u0131 var? \u015eirketinizde tam olarak kimlerin oldu\u011funu g\u00f6stermek i\u00e7in dizinler gereklidir. \u0130ster giri\u015fimci, ister \u0130K y\u00f6neticisi ya da grup lideri olun, bu \u00e7al\u0131\u015fan rehberi \u015fablonu ekibinizin yap\u0131s\u0131n\u0131 belirlemek i\u00e7in m\u00fckemmeldir. \u0130leti\u015fim bilgileri, resimler, i\u015f unvanlar\u0131 ve daha fazlas\u0131n\u0131 ekleyin. T\u00fcm kurulu\u015funuzun d\u00f6ng\u00fc i\u00e7inde kalmas\u0131 i\u00e7in her \u015feyi eri\u015filebilir hale getirin.<\/p>\n<h5>Nas\u0131l kullan\u0131l\u0131r?<\/h5>\n<ul class=\"desc-item_list\">\n<li class=\"desc-item_list__point\">T\u00fcm \u00e7al\u0131\u015fanlar\u0131n\u0131z\u0131n isimlerini ekleyin<\/li>\n<li class=\"desc-item_list__point\">Foto\u011fraf veya vesikal\u0131k y\u00fckleyin<\/li>\n<li class=\"desc-item_list__point\">\u0130\u015f unvanlar\u0131n\u0131 ekleyin ve her \u00e7al\u0131\u015fan\u0131n amirini listeleyin<\/li>\n<li class=\"desc-item_list__point\">\u0130stihdam durumunu g\u00f6stermek i\u00e7in renk kodlu etiketler kullan\u0131n<\/li>\n<li class=\"desc-item_list__point\">\u0130leti\u015fim bilgileri, do\u011fum g\u00fcnleri ve biyografiler ekleyin<\/li>\n<li class=\"desc-item_list__point\">Her \u00e7al\u0131\u015fan\u0131n ilgi alanlar\u0131n\u0131 ve hobilerini belirtmek i\u00e7in etiketler se\u00e7in<\/li>\n<\/ul>\n","protected":false},"excerpt":{"rendered":"<p>\u0130ster bir giri\u015fimci, ister bir \u0130K y\u00f6neticisi veya grup lideri olun, bu \u00fccretsiz \u00f6zelle\u015ftirilebilir \u00e7al\u0131\u015fan rehberi \u015fablonu ekip yap\u0131n\u0131z\u0131n haritas\u0131n\u0131 \u00e7\u0131karmak i\u00e7in m\u00fckemmeldir.<\/p>\n","protected":false},"featured_media":57929,"template":"","meta":{"_acf_changed":false,"inline_featured_image":false},"product_brand":[],"product_cat":[218],"product_tag":[],"class_list":{"0":"post-57928","1":"product","2":"type-product","3":"status-publish","4":"has-post-thumbnail","6":"product_cat-operations","8":"first","9":"instock","10":"virtual","11":"sold-individually","12":"product-type-simple"},"acf":[],"yoast_head":"<!-- This site is optimized with the Yoast SEO plugin v25.3.1 - https:\/\/yoast.com\/wordpress\/plugins\/seo\/ -->\n<title>\u00c7al\u0131\u015fan Rehberi \u015eablonu - Sales AI Agents<\/title>\n<meta name=\"description\" content=\"\u0130ster bir giri\u015fimci ister bir \u0130K y\u00f6neticisi olun, bu \u00fccretsiz \u00f6zelle\u015ftirilebilir \u00e7al\u0131\u015fan rehberi \u015fablonu ekip yap\u0131n\u0131z\u0131n haritas\u0131n\u0131 \u00e7\u0131karmak i\u00e7in m\u00fckemmeldir.\" \/>\n<meta name=\"robots\" content=\"index, follow, max-snippet:-1, max-image-preview:large, max-video-preview:-1\" \/>\n<link rel=\"canonical\" href=\"https:\/\/sales-ai-agents.com\/tr\/templates\/employee-directory\/\" \/>\n<meta property=\"og:locale\" content=\"tr_TR\" \/>\n<meta property=\"og:type\" content=\"article\" \/>\n<meta property=\"og:title\" content=\"\u00c7al\u0131\u015fan Rehberi \u015eablonu - Sales AI Agents\" \/>\n<meta property=\"og:description\" content=\"\u0130ster bir giri\u015fimci ister bir \u0130K y\u00f6neticisi olun, bu \u00fccretsiz \u00f6zelle\u015ftirilebilir \u00e7al\u0131\u015fan rehberi \u015fablonu ekip yap\u0131n\u0131z\u0131n haritas\u0131n\u0131 \u00e7\u0131karmak i\u00e7in m\u00fckemmeldir.\" \/>\n<meta property=\"og:url\" content=\"https:\/\/sales-ai-agents.com\/tr\/templates\/employee-directory\/\" \/>\n<meta property=\"og:site_name\" content=\"Sales AI Agents\" \/>\n<meta property=\"article:modified_time\" content=\"2023-12-27T15:49:17+00:00\" \/>\n<meta property=\"og:image\" content=\"https:\/\/sales-ai-agents.com\/wp-content\/uploads\/2023\/01\/image-preview122738.png\" \/>\n\t<meta property=\"og:image:width\" content=\"1078\" \/>\n\t<meta property=\"og:image:height\" content=\"760\" \/>\n\t<meta property=\"og:image:type\" content=\"image\/png\" \/>\n<meta name=\"twitter:card\" content=\"summary_large_image\" \/>\n<script type=\"application\/ld+json\" class=\"yoast-schema-graph\">{\"@context\":\"https:\/\/schema.org\",\"@graph\":[{\"@type\":\"WebPage\",\"@id\":\"https:\/\/sales-ai-agents.com\/tr\/templates\/employee-directory\/\",\"url\":\"https:\/\/sales-ai-agents.com\/tr\/templates\/employee-directory\/\",\"name\":\"\u00c7al\u0131\u015fan Rehberi \u015eablonu - Sales AI Agents\",\"isPartOf\":{\"@id\":\"https:\/\/sales-ai-agents.com\/#website\"},\"primaryImageOfPage\":{\"@id\":\"https:\/\/sales-ai-agents.com\/tr\/templates\/employee-directory\/#primaryimage\"},\"image\":{\"@id\":\"https:\/\/sales-ai-agents.com\/tr\/templates\/employee-directory\/#primaryimage\"},\"thumbnailUrl\":\"https:\/\/sales-ai-agents.com\/wp-content\/uploads\/2023\/01\/image-preview122738.png\",\"datePublished\":\"2022-09-26T12:03:35+00:00\",\"dateModified\":\"2023-12-27T15:49:17+00:00\",\"description\":\"\u0130ster bir giri\u015fimci ister bir \u0130K y\u00f6neticisi olun, bu \u00fccretsiz \u00f6zelle\u015ftirilebilir \u00e7al\u0131\u015fan rehberi \u015fablonu ekip yap\u0131n\u0131z\u0131n haritas\u0131n\u0131 \u00e7\u0131karmak i\u00e7in m\u00fckemmeldir.\",\"inLanguage\":\"tr\",\"potentialAction\":[{\"@type\":\"ReadAction\",\"target\":[\"https:\/\/sales-ai-agents.com\/tr\/templates\/employee-directory\/\"]}]},{\"@type\":\"ImageObject\",\"inLanguage\":\"tr\",\"@id\":\"https:\/\/sales-ai-agents.com\/tr\/templates\/employee-directory\/#primaryimage\",\"url\":\"https:\/\/sales-ai-agents.com\/wp-content\/uploads\/2023\/01\/image-preview122738.png\",\"contentUrl\":\"https:\/\/sales-ai-agents.com\/wp-content\/uploads\/2023\/01\/image-preview122738.png\",\"width\":1078,\"height\":760},{\"@type\":\"WebSite\",\"@id\":\"https:\/\/sales-ai-agents.com\/#website\",\"url\":\"https:\/\/sales-ai-agents.com\/\",\"name\":\"FuseBase\",\"description\":\"Sales AI Agents - Free Online Collaboration Software for Remote Teams. Build your wikis, client portals and more with the Nimbus Platform collaboration tool ? A perfect space for online work\",\"publisher\":{\"@id\":\"https:\/\/sales-ai-agents.com\/#organization\"},\"potentialAction\":[{\"@type\":\"SearchAction\",\"target\":{\"@type\":\"EntryPoint\",\"urlTemplate\":\"https:\/\/sales-ai-agents.com\/?s={search_term_string}\"},\"query-input\":{\"@type\":\"PropertyValueSpecification\",\"valueRequired\":true,\"valueName\":\"search_term_string\"}}],\"inLanguage\":\"tr\"},{\"@type\":\"Organization\",\"@id\":\"https:\/\/sales-ai-agents.com\/#organization\",\"name\":\"FuseBase\",\"url\":\"https:\/\/sales-ai-agents.com\/\",\"logo\":{\"@type\":\"ImageObject\",\"inLanguage\":\"tr\",\"@id\":\"https:\/\/sales-ai-agents.com\/#\/schema\/logo\/image\/\",\"url\":\"https:\/\/sales-ai-agents.com\/wp-content\/uploads\/2023\/11\/icon-7.svg\",\"contentUrl\":\"https:\/\/sales-ai-agents.com\/wp-content\/uploads\/2023\/11\/icon-7.svg\",\"width\":128,\"height\":128,\"caption\":\"FuseBase\"},\"image\":{\"@id\":\"https:\/\/sales-ai-agents.com\/#\/schema\/logo\/image\/\"}}]}<\/script>\n<!-- \/ Yoast SEO plugin. -->","yoast_head_json":{"title":"\u00c7al\u0131\u015fan Rehberi \u015eablonu - Sales AI Agents","description":"\u0130ster bir giri\u015fimci ister bir \u0130K y\u00f6neticisi olun, bu \u00fccretsiz \u00f6zelle\u015ftirilebilir \u00e7al\u0131\u015fan rehberi \u015fablonu ekip yap\u0131n\u0131z\u0131n haritas\u0131n\u0131 \u00e7\u0131karmak i\u00e7in m\u00fckemmeldir.","robots":{"index":"index","follow":"follow","max-snippet":"max-snippet:-1","max-image-preview":"max-image-preview:large","max-video-preview":"max-video-preview:-1"},"canonical":"https:\/\/sales-ai-agents.com\/tr\/templates\/employee-directory\/","og_locale":"tr_TR","og_type":"article","og_title":"\u00c7al\u0131\u015fan Rehberi \u015eablonu - Sales AI Agents","og_description":"\u0130ster bir giri\u015fimci ister bir \u0130K y\u00f6neticisi olun, bu \u00fccretsiz \u00f6zelle\u015ftirilebilir \u00e7al\u0131\u015fan rehberi \u015fablonu ekip yap\u0131n\u0131z\u0131n haritas\u0131n\u0131 \u00e7\u0131karmak i\u00e7in m\u00fckemmeldir.","og_url":"https:\/\/sales-ai-agents.com\/tr\/templates\/employee-directory\/","og_site_name":"Sales AI Agents","article_modified_time":"2023-12-27T15:49:17+00:00","og_image":[{"width":1078,"height":760,"url":"https:\/\/sales-ai-agents.com\/wp-content\/uploads\/2023\/01\/image-preview122738.png","type":"image\/png"}],"twitter_card":"summary_large_image","schema":{"@context":"https:\/\/schema.org","@graph":[{"@type":"WebPage","@id":"https:\/\/sales-ai-agents.com\/tr\/templates\/employee-directory\/","url":"https:\/\/sales-ai-agents.com\/tr\/templates\/employee-directory\/","name":"\u00c7al\u0131\u015fan Rehberi \u015eablonu - Sales AI Agents","isPartOf":{"@id":"https:\/\/sales-ai-agents.com\/#website"},"primaryImageOfPage":{"@id":"https:\/\/sales-ai-agents.com\/tr\/templates\/employee-directory\/#primaryimage"},"image":{"@id":"https:\/\/sales-ai-agents.com\/tr\/templates\/employee-directory\/#primaryimage"},"thumbnailUrl":"https:\/\/sales-ai-agents.com\/wp-content\/uploads\/2023\/01\/image-preview122738.png","datePublished":"2022-09-26T12:03:35+00:00","dateModified":"2023-12-27T15:49:17+00:00","description":"\u0130ster bir giri\u015fimci ister bir \u0130K y\u00f6neticisi olun, bu \u00fccretsiz \u00f6zelle\u015ftirilebilir \u00e7al\u0131\u015fan rehberi \u015fablonu ekip yap\u0131n\u0131z\u0131n haritas\u0131n\u0131 \u00e7\u0131karmak i\u00e7in m\u00fckemmeldir.","inLanguage":"tr","potentialAction":[{"@type":"ReadAction","target":["https:\/\/sales-ai-agents.com\/tr\/templates\/employee-directory\/"]}]},{"@type":"ImageObject","inLanguage":"tr","@id":"https:\/\/sales-ai-agents.com\/tr\/templates\/employee-directory\/#primaryimage","url":"https:\/\/sales-ai-agents.com\/wp-content\/uploads\/2023\/01\/image-preview122738.png","contentUrl":"https:\/\/sales-ai-agents.com\/wp-content\/uploads\/2023\/01\/image-preview122738.png","width":1078,"height":760},{"@type":"WebSite","@id":"https:\/\/sales-ai-agents.com\/#website","url":"https:\/\/sales-ai-agents.com\/","name":"FuseBase","description":"Sales AI Agents - Free Online Collaboration Software for Remote Teams. Build your wikis, client portals and more with the Nimbus Platform collaboration tool ? A perfect space for online work","publisher":{"@id":"https:\/\/sales-ai-agents.com\/#organization"},"potentialAction":[{"@type":"SearchAction","target":{"@type":"EntryPoint","urlTemplate":"https:\/\/sales-ai-agents.com\/?s={search_term_string}"},"query-input":{"@type":"PropertyValueSpecification","valueRequired":true,"valueName":"search_term_string"}}],"inLanguage":"tr"},{"@type":"Organization","@id":"https:\/\/sales-ai-agents.com\/#organization","name":"FuseBase","url":"https:\/\/sales-ai-agents.com\/","logo":{"@type":"ImageObject","inLanguage":"tr","@id":"https:\/\/sales-ai-agents.com\/#\/schema\/logo\/image\/","url":"https:\/\/sales-ai-agents.com\/wp-content\/uploads\/2023\/11\/icon-7.svg","contentUrl":"https:\/\/sales-ai-agents.com\/wp-content\/uploads\/2023\/11\/icon-7.svg","width":128,"height":128,"caption":"FuseBase"},"image":{"@id":"https:\/\/sales-ai-agents.com\/#\/schema\/logo\/image\/"}}]}},"_links":{"self":[{"href":"https:\/\/sales-ai-agents.com\/tr\/wp-json\/wp\/v2\/product\/57928","targetHints":{"allow":["GET"]}}],"collection":[{"href":"https:\/\/sales-ai-agents.com\/tr\/wp-json\/wp\/v2\/product"}],"about":[{"href":"https:\/\/sales-ai-agents.com\/tr\/wp-json\/wp\/v2\/types\/product"}],"wp:featuredmedia":[{"embeddable":true,"href":"https:\/\/sales-ai-agents.com\/tr\/wp-json\/wp\/v2\/media\/57929"}],"wp:attachment":[{"href":"https:\/\/sales-ai-agents.com\/tr\/wp-json\/wp\/v2\/media?parent=57928"}],"wp:term":[{"taxonomy":"product_brand","embeddable":true,"href":"https:\/\/sales-ai-agents.com\/tr\/wp-json\/wp\/v2\/product_brand?post=57928"},{"taxonomy":"product_cat","embeddable":true,"href":"https:\/\/sales-ai-agents.com\/tr\/wp-json\/wp\/v2\/product_cat?post=57928"},{"taxonomy":"product_tag","embeddable":true,"href":"https:\/\/sales-ai-agents.com\/tr\/wp-json\/wp\/v2\/product_tag?post=57928"}],"curies":[{"name":"wp","href":"https:\/\/api.w.org\/{rel}","templated":true}]}}