{"id":57931,"date":"2022-09-26T12:03:32","date_gmt":"2022-09-26T12:03:32","guid":{"rendered":"https:\/\/sales-ai-agents.com\/templates\/candidate-interview\/"},"modified":"2023-12-31T17:26:47","modified_gmt":"2023-12-31T17:26:47","slug":"candidate-interview","status":"publish","type":"product","link":"https:\/\/sales-ai-agents.com\/tr\/templates\/candidate-interview\/","title":{"rendered":"Aday M\u00fclakat\u0131"},"content":{"rendered":"<p>&nbsp;<\/p>\n<h2>Adaylarla M\u00fclakat \u015eablonu<\/h2>\n<p class=\"desc-text\">\u0130\u015fe al\u0131m s\u00fcrecinde, bir rol i\u00e7in farkl\u0131 ekip \u00fcyeleriyle birka\u00e7 eleme yap\u0131lmas\u0131 gerekebilir. Yol boyunca pek \u00e7ok farkl\u0131 ad\u0131m at\u0131ld\u0131\u011f\u0131 i\u00e7in kaybolmak veya bilgilerin izini kaybetmek kolay olabilir. Bu nedenle, ekibinizin her g\u00f6r\u00fc\u015fmeden sonra birbirleriyle ileti\u015fim kurmas\u0131na ve birbirlerini bilgilendirmesine yard\u0131mc\u0131 olmak i\u00e7in bu \u015fablonu haz\u0131rlad\u0131k. T\u00fcm ekibinizin do\u011fru i\u015fe al\u0131m kararlar\u0131 verebilmesi i\u00e7in s\u00fcre\u00e7lerinizi kolayla\u015ft\u0131r\u0131n.<\/p>\n<h5>Nas\u0131l kullan\u0131l\u0131r?<\/h5>\n<ul class=\"desc-item_list\">\n<li class=\"desc-item_list__point\">Temel aday bilgilerini ekleyin<\/li>\n<li class=\"desc-item_list__point\">Sosyal medya hesaplar\u0131n\u0131 ba\u011flay\u0131n ve \u00f6zge\u00e7mi\u015fleri y\u00fckleyin<\/li>\n<li class=\"desc-item_list__point\">G\u00f6r\u00fc\u015fme program\u0131 olu\u015fturmak i\u00e7in onay kutular\u0131n\u0131 kullan\u0131n<\/li>\n<li class=\"desc-item_list__point\">G\u00f6r\u00fc\u015fmeler i\u00e7in tarih ve saatleri ekleyin<\/li>\n<li class=\"desc-item_list__point\">Kolay eri\u015fim i\u00e7in payda\u015flar\u0131 etiketleyin<\/li>\n<li class=\"desc-item_list__point\">Her g\u00f6r\u00fc\u015fmeden sonra uygun kutular\u0131 i\u015faretleyin<\/li>\n<li class=\"desc-item_list__point\">Alt k\u0131sma notlar ekleyin<\/li>\n<li class=\"desc-item_list__point\">Sonraki ad\u0131mlar hakk\u0131nda ekibinizle ileti\u015fim kurun<\/li>\n<\/ul>\n","protected":false},"excerpt":{"rendered":"<p>\u0130\u015fe al\u0131m s\u0131ras\u0131nda, bir rol i\u00e7in bir ekiple birka\u00e7 eleme yap\u0131lmas\u0131 gerekebilir. Her g\u00f6r\u00fc\u015fmeden sonra ekibinizin birbiriyle ileti\u015fim kurmas\u0131na ve birbirini bilgilendirmesine yard\u0131mc\u0131 olmak i\u00e7in bu \u015fablonu kullan\u0131n.<\/p>\n","protected":false},"featured_media":57932,"template":"","meta":{"_acf_changed":false,"inline_featured_image":false},"product_brand":[],"product_cat":[218,230],"product_tag":[],"class_list":{"0":"post-57931","1":"product","2":"type-product","3":"status-publish","4":"has-post-thumbnail","6":"product_cat-operations","7":"product_cat-meeting","9":"first","10":"instock","11":"virtual","12":"sold-individually","13":"product-type-simple"},"acf":[],"yoast_head":"<!-- This site is optimized with the Yoast SEO plugin v25.3.1 - https:\/\/yoast.com\/wordpress\/plugins\/seo\/ -->\n<title>Aday M\u00fclakat \u015eablonu - Sales AI Agents<\/title>\n<meta name=\"description\" content=\"\u0130\u015fe al\u0131m s\u0131ras\u0131nda, bir rol i\u00e7in bir ekiple birka\u00e7 eleme yap\u0131lmas\u0131 gerekebilir. Her g\u00f6r\u00fc\u015fmeden sonra ekibinizin birbiriyle ileti\u015fim kurmas\u0131na yard\u0131mc\u0131 olmak i\u00e7in bu \u015fablonu kullan\u0131n.\" \/>\n<meta name=\"robots\" content=\"index, follow, max-snippet:-1, max-image-preview:large, max-video-preview:-1\" \/>\n<link rel=\"canonical\" href=\"https:\/\/sales-ai-agents.com\/tr\/templates\/candidate-interview\/\" \/>\n<meta property=\"og:locale\" content=\"tr_TR\" \/>\n<meta property=\"og:type\" content=\"article\" \/>\n<meta property=\"og:title\" content=\"Aday M\u00fclakat \u015eablonu - Sales AI Agents\" \/>\n<meta property=\"og:description\" content=\"\u0130\u015fe al\u0131m s\u0131ras\u0131nda, bir rol i\u00e7in bir ekiple birka\u00e7 eleme yap\u0131lmas\u0131 gerekebilir. Her g\u00f6r\u00fc\u015fmeden sonra ekibinizin birbiriyle ileti\u015fim kurmas\u0131na yard\u0131mc\u0131 olmak i\u00e7in bu \u015fablonu kullan\u0131n.\" \/>\n<meta property=\"og:url\" content=\"https:\/\/sales-ai-agents.com\/tr\/templates\/candidate-interview\/\" \/>\n<meta property=\"og:site_name\" content=\"Sales AI Agents\" \/>\n<meta property=\"article:modified_time\" content=\"2023-12-31T17:26:47+00:00\" \/>\n<meta property=\"og:image\" content=\"https:\/\/sales-ai-agents.com\/wp-content\/uploads\/2023\/01\/image-preview122701.png\" \/>\n\t<meta property=\"og:image:width\" content=\"1078\" \/>\n\t<meta property=\"og:image:height\" content=\"969\" \/>\n\t<meta property=\"og:image:type\" content=\"image\/png\" \/>\n<meta name=\"twitter:card\" content=\"summary_large_image\" \/>\n<script type=\"application\/ld+json\" class=\"yoast-schema-graph\">{\"@context\":\"https:\/\/schema.org\",\"@graph\":[{\"@type\":\"WebPage\",\"@id\":\"https:\/\/sales-ai-agents.com\/tr\/templates\/candidate-interview\/\",\"url\":\"https:\/\/sales-ai-agents.com\/tr\/templates\/candidate-interview\/\",\"name\":\"Aday M\u00fclakat \u015eablonu - Sales AI Agents\",\"isPartOf\":{\"@id\":\"https:\/\/sales-ai-agents.com\/#website\"},\"primaryImageOfPage\":{\"@id\":\"https:\/\/sales-ai-agents.com\/tr\/templates\/candidate-interview\/#primaryimage\"},\"image\":{\"@id\":\"https:\/\/sales-ai-agents.com\/tr\/templates\/candidate-interview\/#primaryimage\"},\"thumbnailUrl\":\"https:\/\/sales-ai-agents.com\/wp-content\/uploads\/2023\/01\/image-preview122701.png\",\"datePublished\":\"2022-09-26T12:03:32+00:00\",\"dateModified\":\"2023-12-31T17:26:47+00:00\",\"description\":\"\u0130\u015fe al\u0131m s\u0131ras\u0131nda, bir rol i\u00e7in bir ekiple birka\u00e7 eleme yap\u0131lmas\u0131 gerekebilir. Her g\u00f6r\u00fc\u015fmeden sonra ekibinizin birbiriyle ileti\u015fim kurmas\u0131na yard\u0131mc\u0131 olmak i\u00e7in bu \u015fablonu kullan\u0131n.\",\"inLanguage\":\"tr\",\"potentialAction\":[{\"@type\":\"ReadAction\",\"target\":[\"https:\/\/sales-ai-agents.com\/tr\/templates\/candidate-interview\/\"]}]},{\"@type\":\"ImageObject\",\"inLanguage\":\"tr\",\"@id\":\"https:\/\/sales-ai-agents.com\/tr\/templates\/candidate-interview\/#primaryimage\",\"url\":\"https:\/\/sales-ai-agents.com\/wp-content\/uploads\/2023\/01\/image-preview122701.png\",\"contentUrl\":\"https:\/\/sales-ai-agents.com\/wp-content\/uploads\/2023\/01\/image-preview122701.png\",\"width\":1078,\"height\":969},{\"@type\":\"WebSite\",\"@id\":\"https:\/\/sales-ai-agents.com\/#website\",\"url\":\"https:\/\/sales-ai-agents.com\/\",\"name\":\"FuseBase\",\"description\":\"Sales AI Agents - Free Online Collaboration Software for Remote Teams. Build your wikis, client portals and more with the Nimbus Platform collaboration tool ? A perfect space for online work\",\"publisher\":{\"@id\":\"https:\/\/sales-ai-agents.com\/#organization\"},\"potentialAction\":[{\"@type\":\"SearchAction\",\"target\":{\"@type\":\"EntryPoint\",\"urlTemplate\":\"https:\/\/sales-ai-agents.com\/?s={search_term_string}\"},\"query-input\":{\"@type\":\"PropertyValueSpecification\",\"valueRequired\":true,\"valueName\":\"search_term_string\"}}],\"inLanguage\":\"tr\"},{\"@type\":\"Organization\",\"@id\":\"https:\/\/sales-ai-agents.com\/#organization\",\"name\":\"FuseBase\",\"url\":\"https:\/\/sales-ai-agents.com\/\",\"logo\":{\"@type\":\"ImageObject\",\"inLanguage\":\"tr\",\"@id\":\"https:\/\/sales-ai-agents.com\/#\/schema\/logo\/image\/\",\"url\":\"https:\/\/sales-ai-agents.com\/wp-content\/uploads\/2023\/11\/icon-7.svg\",\"contentUrl\":\"https:\/\/sales-ai-agents.com\/wp-content\/uploads\/2023\/11\/icon-7.svg\",\"width\":128,\"height\":128,\"caption\":\"FuseBase\"},\"image\":{\"@id\":\"https:\/\/sales-ai-agents.com\/#\/schema\/logo\/image\/\"}}]}<\/script>\n<!-- \/ Yoast SEO plugin. -->","yoast_head_json":{"title":"Aday M\u00fclakat \u015eablonu - Sales AI Agents","description":"\u0130\u015fe al\u0131m s\u0131ras\u0131nda, bir rol i\u00e7in bir ekiple birka\u00e7 eleme yap\u0131lmas\u0131 gerekebilir. Her g\u00f6r\u00fc\u015fmeden sonra ekibinizin birbiriyle ileti\u015fim kurmas\u0131na yard\u0131mc\u0131 olmak i\u00e7in bu \u015fablonu kullan\u0131n.","robots":{"index":"index","follow":"follow","max-snippet":"max-snippet:-1","max-image-preview":"max-image-preview:large","max-video-preview":"max-video-preview:-1"},"canonical":"https:\/\/sales-ai-agents.com\/tr\/templates\/candidate-interview\/","og_locale":"tr_TR","og_type":"article","og_title":"Aday M\u00fclakat \u015eablonu - Sales AI Agents","og_description":"\u0130\u015fe al\u0131m s\u0131ras\u0131nda, bir rol i\u00e7in bir ekiple birka\u00e7 eleme yap\u0131lmas\u0131 gerekebilir. Her g\u00f6r\u00fc\u015fmeden sonra ekibinizin birbiriyle ileti\u015fim kurmas\u0131na yard\u0131mc\u0131 olmak i\u00e7in bu \u015fablonu kullan\u0131n.","og_url":"https:\/\/sales-ai-agents.com\/tr\/templates\/candidate-interview\/","og_site_name":"Sales AI Agents","article_modified_time":"2023-12-31T17:26:47+00:00","og_image":[{"width":1078,"height":969,"url":"https:\/\/sales-ai-agents.com\/wp-content\/uploads\/2023\/01\/image-preview122701.png","type":"image\/png"}],"twitter_card":"summary_large_image","schema":{"@context":"https:\/\/schema.org","@graph":[{"@type":"WebPage","@id":"https:\/\/sales-ai-agents.com\/tr\/templates\/candidate-interview\/","url":"https:\/\/sales-ai-agents.com\/tr\/templates\/candidate-interview\/","name":"Aday M\u00fclakat \u015eablonu - Sales AI Agents","isPartOf":{"@id":"https:\/\/sales-ai-agents.com\/#website"},"primaryImageOfPage":{"@id":"https:\/\/sales-ai-agents.com\/tr\/templates\/candidate-interview\/#primaryimage"},"image":{"@id":"https:\/\/sales-ai-agents.com\/tr\/templates\/candidate-interview\/#primaryimage"},"thumbnailUrl":"https:\/\/sales-ai-agents.com\/wp-content\/uploads\/2023\/01\/image-preview122701.png","datePublished":"2022-09-26T12:03:32+00:00","dateModified":"2023-12-31T17:26:47+00:00","description":"\u0130\u015fe al\u0131m s\u0131ras\u0131nda, bir rol i\u00e7in bir ekiple birka\u00e7 eleme yap\u0131lmas\u0131 gerekebilir. Her g\u00f6r\u00fc\u015fmeden sonra ekibinizin birbiriyle ileti\u015fim kurmas\u0131na yard\u0131mc\u0131 olmak i\u00e7in bu \u015fablonu kullan\u0131n.","inLanguage":"tr","potentialAction":[{"@type":"ReadAction","target":["https:\/\/sales-ai-agents.com\/tr\/templates\/candidate-interview\/"]}]},{"@type":"ImageObject","inLanguage":"tr","@id":"https:\/\/sales-ai-agents.com\/tr\/templates\/candidate-interview\/#primaryimage","url":"https:\/\/sales-ai-agents.com\/wp-content\/uploads\/2023\/01\/image-preview122701.png","contentUrl":"https:\/\/sales-ai-agents.com\/wp-content\/uploads\/2023\/01\/image-preview122701.png","width":1078,"height":969},{"@type":"WebSite","@id":"https:\/\/sales-ai-agents.com\/#website","url":"https:\/\/sales-ai-agents.com\/","name":"FuseBase","description":"Sales AI Agents - Free Online Collaboration Software for Remote Teams. Build your wikis, client portals and more with the Nimbus Platform collaboration tool ? A perfect space for online work","publisher":{"@id":"https:\/\/sales-ai-agents.com\/#organization"},"potentialAction":[{"@type":"SearchAction","target":{"@type":"EntryPoint","urlTemplate":"https:\/\/sales-ai-agents.com\/?s={search_term_string}"},"query-input":{"@type":"PropertyValueSpecification","valueRequired":true,"valueName":"search_term_string"}}],"inLanguage":"tr"},{"@type":"Organization","@id":"https:\/\/sales-ai-agents.com\/#organization","name":"FuseBase","url":"https:\/\/sales-ai-agents.com\/","logo":{"@type":"ImageObject","inLanguage":"tr","@id":"https:\/\/sales-ai-agents.com\/#\/schema\/logo\/image\/","url":"https:\/\/sales-ai-agents.com\/wp-content\/uploads\/2023\/11\/icon-7.svg","contentUrl":"https:\/\/sales-ai-agents.com\/wp-content\/uploads\/2023\/11\/icon-7.svg","width":128,"height":128,"caption":"FuseBase"},"image":{"@id":"https:\/\/sales-ai-agents.com\/#\/schema\/logo\/image\/"}}]}},"_links":{"self":[{"href":"https:\/\/sales-ai-agents.com\/tr\/wp-json\/wp\/v2\/product\/57931","targetHints":{"allow":["GET"]}}],"collection":[{"href":"https:\/\/sales-ai-agents.com\/tr\/wp-json\/wp\/v2\/product"}],"about":[{"href":"https:\/\/sales-ai-agents.com\/tr\/wp-json\/wp\/v2\/types\/product"}],"wp:featuredmedia":[{"embeddable":true,"href":"https:\/\/sales-ai-agents.com\/tr\/wp-json\/wp\/v2\/media\/57932"}],"wp:attachment":[{"href":"https:\/\/sales-ai-agents.com\/tr\/wp-json\/wp\/v2\/media?parent=57931"}],"wp:term":[{"taxonomy":"product_brand","embeddable":true,"href":"https:\/\/sales-ai-agents.com\/tr\/wp-json\/wp\/v2\/product_brand?post=57931"},{"taxonomy":"product_cat","embeddable":true,"href":"https:\/\/sales-ai-agents.com\/tr\/wp-json\/wp\/v2\/product_cat?post=57931"},{"taxonomy":"product_tag","embeddable":true,"href":"https:\/\/sales-ai-agents.com\/tr\/wp-json\/wp\/v2\/product_tag?post=57931"}],"curies":[{"name":"wp","href":"https:\/\/api.w.org\/{rel}","templated":true}]}}