{"id":57934,"date":"2022-09-26T12:03:29","date_gmt":"2022-09-26T12:03:29","guid":{"rendered":"https:\/\/sales-ai-agents.com\/templates\/consolidate-job-descriptions-2\/"},"modified":"2023-12-26T15:41:52","modified_gmt":"2023-12-26T15:41:52","slug":"consolidate-job-descriptions-2","status":"publish","type":"product","link":"https:\/\/sales-ai-agents.com\/tr\/templates\/consolidate-job-descriptions-2\/","title":{"rendered":"\u0130\u015f Tan\u0131m\u0131"},"content":{"rendered":"<p>&nbsp;<\/p>\n<h2>\u0130\u015f Tan\u0131m\u0131 \u015eablonu<\/h2>\n<p class=\"desc-text\">\u0130\u015f tan\u0131m\u0131 \u015fablonumuzu kullanarak kapsaml\u0131 i\u015f ilanlar\u0131 olu\u015fturun. A\u00e7\u0131k roller hakk\u0131ndaki bilgileri d\u00fczenlemek i\u00e7in bu \u015fablonu kullan\u0131n. \u0130\u015f ilanlar\u0131, adaylar\u0131n \u015firketiniz ve pozisyonlar\u0131n\u0131z hakk\u0131nda daha fazla bilgi edinmesini sa\u011flar. Yap\u0131land\u0131r\u0131lm\u0131\u015f tablolar\u0131m\u0131z\u0131 kullanarak hedeflerinizi \u00f6zetleyin ve her \u015feyin okunmas\u0131n\u0131 kolayla\u015ft\u0131r\u0131n. Kolay payla\u015f\u0131m i\u00e7in \u015fablonu \u015firketinizin web sitesinde yay\u0131nlay\u0131n. \u015eirketinizin rollerine a\u00e7\u0131kl\u0131k getirebilmek i\u00e7in t\u00fcm ayr\u0131nt\u0131lar\u0131 d\u00fczenleyin.<\/p>\n<h5>Nas\u0131l kullan\u0131l\u0131r?<\/h5>\n<ul class=\"desc-item_list\">\n<li class=\"desc-item_list__point\">Pozisyonla ilgili temel ayr\u0131nt\u0131lar\u0131 ekleyin<\/li>\n<li class=\"desc-item_list__point\">G\u00f6rev tasla\u011f\u0131 haz\u0131rlamak i\u00e7in ekibinizle i\u015fbirli\u011fi yap\u0131n<\/li>\n<li class=\"desc-item_list__point\">Bir i\u015f \u00f6zeti, gereklilikler ve sorumluluklar yaz\u0131n<\/li>\n<li class=\"desc-item_list__point\">\u0130leti\u015fim bilgilerini ekleyin<\/li>\n<li class=\"desc-item_list__point\">Kategoriyi belirtmek i\u00e7in renkli etiketler kullan\u0131n<\/li>\n<\/ul>\n","protected":false},"excerpt":{"rendered":"<p>\u00dccretsiz \u00f6zelle\u015ftirilebilir i\u015f tan\u0131m\u0131 \u015fablonumuzu deneyerek kapsaml\u0131 i\u015f ilanlar\u0131 olu\u015fturun. A\u00e7\u0131k roller hakk\u0131ndaki bilgileri d\u00fczenlemek i\u00e7in bu \u015fablonu kullan\u0131n.<\/p>\n","protected":false},"featured_media":57935,"template":"","meta":{"_acf_changed":false,"inline_featured_image":false},"product_brand":[],"product_cat":[218],"product_tag":[],"class_list":{"0":"post-57934","1":"product","2":"type-product","3":"status-publish","4":"has-post-thumbnail","6":"product_cat-operations","8":"first","9":"instock","10":"virtual","11":"sold-individually","12":"product-type-simple"},"acf":[],"yoast_head":"<!-- This site is optimized with the Yoast SEO plugin v25.3.1 - https:\/\/yoast.com\/wordpress\/plugins\/seo\/ -->\n<title>\u0130\u015f Tan\u0131m\u0131 \u015eablonu - Sales AI Agents<\/title>\n<meta name=\"description\" content=\"\u00dccretsiz \u00f6zelle\u015ftirilebilir i\u015f tan\u0131m\u0131 \u015fablonumuzu deneyerek kapsaml\u0131 i\u015f ilanlar\u0131 olu\u015fturun. A\u00e7\u0131k roller hakk\u0131ndaki bilgileri d\u00fczenlemek i\u00e7in bu \u015fablonu kullan\u0131n.\" \/>\n<meta name=\"robots\" content=\"index, follow, max-snippet:-1, max-image-preview:large, max-video-preview:-1\" \/>\n<link rel=\"canonical\" href=\"https:\/\/sales-ai-agents.com\/tr\/templates\/consolidate-job-descriptions-2\/\" \/>\n<meta property=\"og:locale\" content=\"tr_TR\" \/>\n<meta property=\"og:type\" content=\"article\" \/>\n<meta property=\"og:title\" content=\"\u0130\u015f Tan\u0131m\u0131 \u015eablonu - Sales AI Agents\" \/>\n<meta property=\"og:description\" content=\"\u00dccretsiz \u00f6zelle\u015ftirilebilir i\u015f tan\u0131m\u0131 \u015fablonumuzu deneyerek kapsaml\u0131 i\u015f ilanlar\u0131 olu\u015fturun. A\u00e7\u0131k roller hakk\u0131ndaki bilgileri d\u00fczenlemek i\u00e7in bu \u015fablonu kullan\u0131n.\" \/>\n<meta property=\"og:url\" content=\"https:\/\/sales-ai-agents.com\/tr\/templates\/consolidate-job-descriptions-2\/\" \/>\n<meta property=\"og:site_name\" content=\"Sales AI Agents\" \/>\n<meta property=\"article:modified_time\" content=\"2023-12-26T15:41:52+00:00\" \/>\n<meta property=\"og:image\" content=\"https:\/\/sales-ai-agents.com\/wp-content\/uploads\/2022\/09\/Job-Description-Template.png\" \/>\n\t<meta property=\"og:image:width\" content=\"1700\" \/>\n\t<meta property=\"og:image:height\" content=\"1100\" \/>\n\t<meta property=\"og:image:type\" content=\"image\/png\" \/>\n<meta name=\"twitter:card\" content=\"summary_large_image\" \/>\n<script type=\"application\/ld+json\" class=\"yoast-schema-graph\">{\"@context\":\"https:\/\/schema.org\",\"@graph\":[{\"@type\":\"WebPage\",\"@id\":\"https:\/\/sales-ai-agents.com\/tr\/templates\/consolidate-job-descriptions-2\/\",\"url\":\"https:\/\/sales-ai-agents.com\/tr\/templates\/consolidate-job-descriptions-2\/\",\"name\":\"\u0130\u015f Tan\u0131m\u0131 \u015eablonu - Sales AI Agents\",\"isPartOf\":{\"@id\":\"https:\/\/sales-ai-agents.com\/#website\"},\"primaryImageOfPage\":{\"@id\":\"https:\/\/sales-ai-agents.com\/tr\/templates\/consolidate-job-descriptions-2\/#primaryimage\"},\"image\":{\"@id\":\"https:\/\/sales-ai-agents.com\/tr\/templates\/consolidate-job-descriptions-2\/#primaryimage\"},\"thumbnailUrl\":\"https:\/\/sales-ai-agents.com\/wp-content\/uploads\/2022\/09\/Job-Description-Template.png\",\"datePublished\":\"2022-09-26T12:03:29+00:00\",\"dateModified\":\"2023-12-26T15:41:52+00:00\",\"description\":\"\u00dccretsiz \u00f6zelle\u015ftirilebilir i\u015f tan\u0131m\u0131 \u015fablonumuzu deneyerek kapsaml\u0131 i\u015f ilanlar\u0131 olu\u015fturun. A\u00e7\u0131k roller hakk\u0131ndaki bilgileri d\u00fczenlemek i\u00e7in bu \u015fablonu kullan\u0131n.\",\"inLanguage\":\"tr\",\"potentialAction\":[{\"@type\":\"ReadAction\",\"target\":[\"https:\/\/sales-ai-agents.com\/tr\/templates\/consolidate-job-descriptions-2\/\"]}]},{\"@type\":\"ImageObject\",\"inLanguage\":\"tr\",\"@id\":\"https:\/\/sales-ai-agents.com\/tr\/templates\/consolidate-job-descriptions-2\/#primaryimage\",\"url\":\"https:\/\/sales-ai-agents.com\/wp-content\/uploads\/2022\/09\/Job-Description-Template.png\",\"contentUrl\":\"https:\/\/sales-ai-agents.com\/wp-content\/uploads\/2022\/09\/Job-Description-Template.png\",\"width\":1700,\"height\":1100},{\"@type\":\"WebSite\",\"@id\":\"https:\/\/sales-ai-agents.com\/#website\",\"url\":\"https:\/\/sales-ai-agents.com\/\",\"name\":\"FuseBase\",\"description\":\"Sales AI Agents - Free Online Collaboration Software for Remote Teams. Build your wikis, client portals and more with the Nimbus Platform collaboration tool ? A perfect space for online work\",\"publisher\":{\"@id\":\"https:\/\/sales-ai-agents.com\/#organization\"},\"potentialAction\":[{\"@type\":\"SearchAction\",\"target\":{\"@type\":\"EntryPoint\",\"urlTemplate\":\"https:\/\/sales-ai-agents.com\/?s={search_term_string}\"},\"query-input\":{\"@type\":\"PropertyValueSpecification\",\"valueRequired\":true,\"valueName\":\"search_term_string\"}}],\"inLanguage\":\"tr\"},{\"@type\":\"Organization\",\"@id\":\"https:\/\/sales-ai-agents.com\/#organization\",\"name\":\"FuseBase\",\"url\":\"https:\/\/sales-ai-agents.com\/\",\"logo\":{\"@type\":\"ImageObject\",\"inLanguage\":\"tr\",\"@id\":\"https:\/\/sales-ai-agents.com\/#\/schema\/logo\/image\/\",\"url\":\"https:\/\/sales-ai-agents.com\/wp-content\/uploads\/2023\/11\/icon-7.svg\",\"contentUrl\":\"https:\/\/sales-ai-agents.com\/wp-content\/uploads\/2023\/11\/icon-7.svg\",\"width\":128,\"height\":128,\"caption\":\"FuseBase\"},\"image\":{\"@id\":\"https:\/\/sales-ai-agents.com\/#\/schema\/logo\/image\/\"}}]}<\/script>\n<!-- \/ Yoast SEO plugin. -->","yoast_head_json":{"title":"\u0130\u015f Tan\u0131m\u0131 \u015eablonu - Sales AI Agents","description":"\u00dccretsiz \u00f6zelle\u015ftirilebilir i\u015f tan\u0131m\u0131 \u015fablonumuzu deneyerek kapsaml\u0131 i\u015f ilanlar\u0131 olu\u015fturun. A\u00e7\u0131k roller hakk\u0131ndaki bilgileri d\u00fczenlemek i\u00e7in bu \u015fablonu kullan\u0131n.","robots":{"index":"index","follow":"follow","max-snippet":"max-snippet:-1","max-image-preview":"max-image-preview:large","max-video-preview":"max-video-preview:-1"},"canonical":"https:\/\/sales-ai-agents.com\/tr\/templates\/consolidate-job-descriptions-2\/","og_locale":"tr_TR","og_type":"article","og_title":"\u0130\u015f Tan\u0131m\u0131 \u015eablonu - Sales AI Agents","og_description":"\u00dccretsiz \u00f6zelle\u015ftirilebilir i\u015f tan\u0131m\u0131 \u015fablonumuzu deneyerek kapsaml\u0131 i\u015f ilanlar\u0131 olu\u015fturun. A\u00e7\u0131k roller hakk\u0131ndaki bilgileri d\u00fczenlemek i\u00e7in bu \u015fablonu kullan\u0131n.","og_url":"https:\/\/sales-ai-agents.com\/tr\/templates\/consolidate-job-descriptions-2\/","og_site_name":"Sales AI Agents","article_modified_time":"2023-12-26T15:41:52+00:00","og_image":[{"width":1700,"height":1100,"url":"https:\/\/sales-ai-agents.com\/wp-content\/uploads\/2022\/09\/Job-Description-Template.png","type":"image\/png"}],"twitter_card":"summary_large_image","schema":{"@context":"https:\/\/schema.org","@graph":[{"@type":"WebPage","@id":"https:\/\/sales-ai-agents.com\/tr\/templates\/consolidate-job-descriptions-2\/","url":"https:\/\/sales-ai-agents.com\/tr\/templates\/consolidate-job-descriptions-2\/","name":"\u0130\u015f Tan\u0131m\u0131 \u015eablonu - Sales AI Agents","isPartOf":{"@id":"https:\/\/sales-ai-agents.com\/#website"},"primaryImageOfPage":{"@id":"https:\/\/sales-ai-agents.com\/tr\/templates\/consolidate-job-descriptions-2\/#primaryimage"},"image":{"@id":"https:\/\/sales-ai-agents.com\/tr\/templates\/consolidate-job-descriptions-2\/#primaryimage"},"thumbnailUrl":"https:\/\/sales-ai-agents.com\/wp-content\/uploads\/2022\/09\/Job-Description-Template.png","datePublished":"2022-09-26T12:03:29+00:00","dateModified":"2023-12-26T15:41:52+00:00","description":"\u00dccretsiz \u00f6zelle\u015ftirilebilir i\u015f tan\u0131m\u0131 \u015fablonumuzu deneyerek kapsaml\u0131 i\u015f ilanlar\u0131 olu\u015fturun. A\u00e7\u0131k roller hakk\u0131ndaki bilgileri d\u00fczenlemek i\u00e7in bu \u015fablonu kullan\u0131n.","inLanguage":"tr","potentialAction":[{"@type":"ReadAction","target":["https:\/\/sales-ai-agents.com\/tr\/templates\/consolidate-job-descriptions-2\/"]}]},{"@type":"ImageObject","inLanguage":"tr","@id":"https:\/\/sales-ai-agents.com\/tr\/templates\/consolidate-job-descriptions-2\/#primaryimage","url":"https:\/\/sales-ai-agents.com\/wp-content\/uploads\/2022\/09\/Job-Description-Template.png","contentUrl":"https:\/\/sales-ai-agents.com\/wp-content\/uploads\/2022\/09\/Job-Description-Template.png","width":1700,"height":1100},{"@type":"WebSite","@id":"https:\/\/sales-ai-agents.com\/#website","url":"https:\/\/sales-ai-agents.com\/","name":"FuseBase","description":"Sales AI Agents - Free Online Collaboration Software for Remote Teams. Build your wikis, client portals and more with the Nimbus Platform collaboration tool ? A perfect space for online work","publisher":{"@id":"https:\/\/sales-ai-agents.com\/#organization"},"potentialAction":[{"@type":"SearchAction","target":{"@type":"EntryPoint","urlTemplate":"https:\/\/sales-ai-agents.com\/?s={search_term_string}"},"query-input":{"@type":"PropertyValueSpecification","valueRequired":true,"valueName":"search_term_string"}}],"inLanguage":"tr"},{"@type":"Organization","@id":"https:\/\/sales-ai-agents.com\/#organization","name":"FuseBase","url":"https:\/\/sales-ai-agents.com\/","logo":{"@type":"ImageObject","inLanguage":"tr","@id":"https:\/\/sales-ai-agents.com\/#\/schema\/logo\/image\/","url":"https:\/\/sales-ai-agents.com\/wp-content\/uploads\/2023\/11\/icon-7.svg","contentUrl":"https:\/\/sales-ai-agents.com\/wp-content\/uploads\/2023\/11\/icon-7.svg","width":128,"height":128,"caption":"FuseBase"},"image":{"@id":"https:\/\/sales-ai-agents.com\/#\/schema\/logo\/image\/"}}]}},"_links":{"self":[{"href":"https:\/\/sales-ai-agents.com\/tr\/wp-json\/wp\/v2\/product\/57934","targetHints":{"allow":["GET"]}}],"collection":[{"href":"https:\/\/sales-ai-agents.com\/tr\/wp-json\/wp\/v2\/product"}],"about":[{"href":"https:\/\/sales-ai-agents.com\/tr\/wp-json\/wp\/v2\/types\/product"}],"wp:featuredmedia":[{"embeddable":true,"href":"https:\/\/sales-ai-agents.com\/tr\/wp-json\/wp\/v2\/media\/57935"}],"wp:attachment":[{"href":"https:\/\/sales-ai-agents.com\/tr\/wp-json\/wp\/v2\/media?parent=57934"}],"wp:term":[{"taxonomy":"product_brand","embeddable":true,"href":"https:\/\/sales-ai-agents.com\/tr\/wp-json\/wp\/v2\/product_brand?post=57934"},{"taxonomy":"product_cat","embeddable":true,"href":"https:\/\/sales-ai-agents.com\/tr\/wp-json\/wp\/v2\/product_cat?post=57934"},{"taxonomy":"product_tag","embeddable":true,"href":"https:\/\/sales-ai-agents.com\/tr\/wp-json\/wp\/v2\/product_tag?post=57934"}],"curies":[{"name":"wp","href":"https:\/\/api.w.org\/{rel}","templated":true}]}}