{"id":57938,"date":"2022-09-26T12:03:26","date_gmt":"2022-09-26T12:03:26","guid":{"rendered":"https:\/\/sales-ai-agents.com\/templates\/user-story-table\/"},"modified":"2023-12-31T16:53:46","modified_gmt":"2023-12-31T16:53:46","slug":"user-story-table","status":"publish","type":"product","link":"https:\/\/sales-ai-agents.com\/tr\/templates\/user-story-table\/","title":{"rendered":"Kullan\u0131c\u0131 Hikayesi Tablosu"},"content":{"rendered":"<p>&nbsp;<\/p>\n<h2>Kullan\u0131c\u0131 Hikayesi Tablosu \u015eablonu<\/h2>\n<p class=\"desc-text\">Bu \u015fablon, hedef personalar\u0131n\u0131z hakk\u0131nda hayati bilgileri ortaya koyman\u0131z\u0131 sa\u011flar. Ekibiniz, hedef kitlenizin isteklerini ve sorunlu noktalar\u0131n\u0131 yakalayarak onlar\u0131n ihtiya\u00e7lar\u0131n\u0131 g\u00f6z \u00f6n\u00fcnde bulundurarak tasar\u0131m yapabilir. Bu belge veri ve ara\u015ft\u0131rma kullan\u0131larak doldurulmal\u0131d\u0131r. M\u00fc\u015fteri profilleri olu\u015fturmak i\u00e7in ekibinizle birlikte \u00e7al\u0131\u015f\u0131n, b\u00f6ylece kullan\u0131c\u0131lar\u0131n\u0131zla daha iyi ba\u011flant\u0131 kuran bir \u00fcr\u00fcn olu\u015fturabilirsiniz.<\/p>\n<h5>Nas\u0131l kullan\u0131l\u0131r?<\/h5>\n<ul class=\"desc-item_list\">\n<li class=\"desc-item_list__point\">Konunuzun bir resmini y\u00fckleyin<\/li>\n<li class=\"desc-item_list__point\">Ge\u00e7mi\u015fleri hakk\u0131nda bir biyografi ekleyin<\/li>\n<li class=\"desc-item_list__point\">Tabloyu \u00f6nemli bilgilerle doldurun<\/li>\n<li class=\"desc-item_list__point\">Hedefleri, arzular\u0131 ve sorunlu noktalar\u0131 listeleyin<\/li>\n<li class=\"desc-item_list__point\">\u015eu anda kullanabilecekleri kaynaklar\u0131 yaz\u0131n<\/li>\n<\/ul>\n","protected":false},"excerpt":{"rendered":"<p>Bu \u015fablon, hedef ki\u015fili\u011finiz hakk\u0131nda hayati bilgileri ortaya koyman\u0131za yard\u0131mc\u0131 olur. Hedef kitlenin isteklerini ve ac\u0131 noktalar\u0131n\u0131 yakalay\u0131n ve m\u00fckemmel bir tasar\u0131m olu\u015fturun.<\/p>\n","protected":false},"featured_media":57940,"template":"","meta":{"_acf_changed":false,"inline_featured_image":false},"product_brand":[],"product_cat":[250,258,252],"product_tag":[],"class_list":{"0":"post-57938","1":"product","2":"type-product","3":"status-publish","4":"has-post-thumbnail","6":"product_cat-marketing","7":"product_cat-marketing-analysis","8":"product_cat-product","10":"first","11":"instock","12":"virtual","13":"sold-individually","14":"product-type-simple"},"acf":[],"yoast_head":"<!-- This site is optimized with the Yoast SEO plugin v25.3.1 - https:\/\/yoast.com\/wordpress\/plugins\/seo\/ -->\n<title>Kullan\u0131c\u0131 Hikayesi Tablosu \u015eablonu - Sales AI Agents<\/title>\n<meta name=\"description\" content=\"Bu \u015fablon, hedef ki\u015fili\u011finiz hakk\u0131nda hayati bilgileri ortaya koyman\u0131za yard\u0131mc\u0131 olur. Hedef kitlenin isteklerini ve ac\u0131 noktalar\u0131n\u0131 yakalay\u0131n ve m\u00fckemmel bir tasar\u0131m olu\u015fturun!\" \/>\n<meta name=\"robots\" content=\"index, follow, max-snippet:-1, max-image-preview:large, max-video-preview:-1\" \/>\n<link rel=\"canonical\" href=\"https:\/\/sales-ai-agents.com\/tr\/templates\/user-story-table\/\" \/>\n<meta property=\"og:locale\" content=\"tr_TR\" \/>\n<meta property=\"og:type\" content=\"article\" \/>\n<meta property=\"og:title\" content=\"Kullan\u0131c\u0131 Hikayesi Tablosu \u015eablonu - Sales AI Agents\" \/>\n<meta property=\"og:description\" content=\"Bu \u015fablon, hedef ki\u015fili\u011finiz hakk\u0131nda hayati bilgileri ortaya koyman\u0131za yard\u0131mc\u0131 olur. Hedef kitlenin isteklerini ve ac\u0131 noktalar\u0131n\u0131 yakalay\u0131n ve m\u00fckemmel bir tasar\u0131m olu\u015fturun!\" \/>\n<meta property=\"og:url\" content=\"https:\/\/sales-ai-agents.com\/tr\/templates\/user-story-table\/\" \/>\n<meta property=\"og:site_name\" content=\"Sales AI Agents\" \/>\n<meta property=\"article:modified_time\" content=\"2023-12-31T16:53:46+00:00\" \/>\n<meta property=\"og:image\" content=\"https:\/\/sales-ai-agents.com\/wp-content\/uploads\/2022\/09\/User-Story-Table-Template.png\" \/>\n\t<meta property=\"og:image:width\" content=\"1700\" \/>\n\t<meta property=\"og:image:height\" content=\"1100\" \/>\n\t<meta property=\"og:image:type\" content=\"image\/png\" \/>\n<meta name=\"twitter:card\" content=\"summary_large_image\" \/>\n<script type=\"application\/ld+json\" class=\"yoast-schema-graph\">{\"@context\":\"https:\/\/schema.org\",\"@graph\":[{\"@type\":\"WebPage\",\"@id\":\"https:\/\/sales-ai-agents.com\/tr\/templates\/user-story-table\/\",\"url\":\"https:\/\/sales-ai-agents.com\/tr\/templates\/user-story-table\/\",\"name\":\"Kullan\u0131c\u0131 Hikayesi Tablosu \u015eablonu - Sales AI Agents\",\"isPartOf\":{\"@id\":\"https:\/\/sales-ai-agents.com\/#website\"},\"primaryImageOfPage\":{\"@id\":\"https:\/\/sales-ai-agents.com\/tr\/templates\/user-story-table\/#primaryimage\"},\"image\":{\"@id\":\"https:\/\/sales-ai-agents.com\/tr\/templates\/user-story-table\/#primaryimage\"},\"thumbnailUrl\":\"https:\/\/sales-ai-agents.com\/wp-content\/uploads\/2022\/09\/User-Story-Table-Template.png\",\"datePublished\":\"2022-09-26T12:03:26+00:00\",\"dateModified\":\"2023-12-31T16:53:46+00:00\",\"description\":\"Bu \u015fablon, hedef ki\u015fili\u011finiz hakk\u0131nda hayati bilgileri ortaya koyman\u0131za yard\u0131mc\u0131 olur. Hedef kitlenin isteklerini ve ac\u0131 noktalar\u0131n\u0131 yakalay\u0131n ve m\u00fckemmel bir tasar\u0131m olu\u015fturun!\",\"inLanguage\":\"tr\",\"potentialAction\":[{\"@type\":\"ReadAction\",\"target\":[\"https:\/\/sales-ai-agents.com\/tr\/templates\/user-story-table\/\"]}]},{\"@type\":\"ImageObject\",\"inLanguage\":\"tr\",\"@id\":\"https:\/\/sales-ai-agents.com\/tr\/templates\/user-story-table\/#primaryimage\",\"url\":\"https:\/\/sales-ai-agents.com\/wp-content\/uploads\/2022\/09\/User-Story-Table-Template.png\",\"contentUrl\":\"https:\/\/sales-ai-agents.com\/wp-content\/uploads\/2022\/09\/User-Story-Table-Template.png\",\"width\":1700,\"height\":1100},{\"@type\":\"WebSite\",\"@id\":\"https:\/\/sales-ai-agents.com\/#website\",\"url\":\"https:\/\/sales-ai-agents.com\/\",\"name\":\"FuseBase\",\"description\":\"Sales AI Agents - Free Online Collaboration Software for Remote Teams. Build your wikis, client portals and more with the Nimbus Platform collaboration tool ? A perfect space for online work\",\"publisher\":{\"@id\":\"https:\/\/sales-ai-agents.com\/#organization\"},\"potentialAction\":[{\"@type\":\"SearchAction\",\"target\":{\"@type\":\"EntryPoint\",\"urlTemplate\":\"https:\/\/sales-ai-agents.com\/?s={search_term_string}\"},\"query-input\":{\"@type\":\"PropertyValueSpecification\",\"valueRequired\":true,\"valueName\":\"search_term_string\"}}],\"inLanguage\":\"tr\"},{\"@type\":\"Organization\",\"@id\":\"https:\/\/sales-ai-agents.com\/#organization\",\"name\":\"FuseBase\",\"url\":\"https:\/\/sales-ai-agents.com\/\",\"logo\":{\"@type\":\"ImageObject\",\"inLanguage\":\"tr\",\"@id\":\"https:\/\/sales-ai-agents.com\/#\/schema\/logo\/image\/\",\"url\":\"https:\/\/sales-ai-agents.com\/wp-content\/uploads\/2023\/11\/icon-7.svg\",\"contentUrl\":\"https:\/\/sales-ai-agents.com\/wp-content\/uploads\/2023\/11\/icon-7.svg\",\"width\":128,\"height\":128,\"caption\":\"FuseBase\"},\"image\":{\"@id\":\"https:\/\/sales-ai-agents.com\/#\/schema\/logo\/image\/\"}}]}<\/script>\n<!-- \/ Yoast SEO plugin. -->","yoast_head_json":{"title":"Kullan\u0131c\u0131 Hikayesi Tablosu \u015eablonu - Sales AI Agents","description":"Bu \u015fablon, hedef ki\u015fili\u011finiz hakk\u0131nda hayati bilgileri ortaya koyman\u0131za yard\u0131mc\u0131 olur. Hedef kitlenin isteklerini ve ac\u0131 noktalar\u0131n\u0131 yakalay\u0131n ve m\u00fckemmel bir tasar\u0131m olu\u015fturun!","robots":{"index":"index","follow":"follow","max-snippet":"max-snippet:-1","max-image-preview":"max-image-preview:large","max-video-preview":"max-video-preview:-1"},"canonical":"https:\/\/sales-ai-agents.com\/tr\/templates\/user-story-table\/","og_locale":"tr_TR","og_type":"article","og_title":"Kullan\u0131c\u0131 Hikayesi Tablosu \u015eablonu - Sales AI Agents","og_description":"Bu \u015fablon, hedef ki\u015fili\u011finiz hakk\u0131nda hayati bilgileri ortaya koyman\u0131za yard\u0131mc\u0131 olur. Hedef kitlenin isteklerini ve ac\u0131 noktalar\u0131n\u0131 yakalay\u0131n ve m\u00fckemmel bir tasar\u0131m olu\u015fturun!","og_url":"https:\/\/sales-ai-agents.com\/tr\/templates\/user-story-table\/","og_site_name":"Sales AI Agents","article_modified_time":"2023-12-31T16:53:46+00:00","og_image":[{"width":1700,"height":1100,"url":"https:\/\/sales-ai-agents.com\/wp-content\/uploads\/2022\/09\/User-Story-Table-Template.png","type":"image\/png"}],"twitter_card":"summary_large_image","schema":{"@context":"https:\/\/schema.org","@graph":[{"@type":"WebPage","@id":"https:\/\/sales-ai-agents.com\/tr\/templates\/user-story-table\/","url":"https:\/\/sales-ai-agents.com\/tr\/templates\/user-story-table\/","name":"Kullan\u0131c\u0131 Hikayesi Tablosu \u015eablonu - Sales AI Agents","isPartOf":{"@id":"https:\/\/sales-ai-agents.com\/#website"},"primaryImageOfPage":{"@id":"https:\/\/sales-ai-agents.com\/tr\/templates\/user-story-table\/#primaryimage"},"image":{"@id":"https:\/\/sales-ai-agents.com\/tr\/templates\/user-story-table\/#primaryimage"},"thumbnailUrl":"https:\/\/sales-ai-agents.com\/wp-content\/uploads\/2022\/09\/User-Story-Table-Template.png","datePublished":"2022-09-26T12:03:26+00:00","dateModified":"2023-12-31T16:53:46+00:00","description":"Bu \u015fablon, hedef ki\u015fili\u011finiz hakk\u0131nda hayati bilgileri ortaya koyman\u0131za yard\u0131mc\u0131 olur. Hedef kitlenin isteklerini ve ac\u0131 noktalar\u0131n\u0131 yakalay\u0131n ve m\u00fckemmel bir tasar\u0131m olu\u015fturun!","inLanguage":"tr","potentialAction":[{"@type":"ReadAction","target":["https:\/\/sales-ai-agents.com\/tr\/templates\/user-story-table\/"]}]},{"@type":"ImageObject","inLanguage":"tr","@id":"https:\/\/sales-ai-agents.com\/tr\/templates\/user-story-table\/#primaryimage","url":"https:\/\/sales-ai-agents.com\/wp-content\/uploads\/2022\/09\/User-Story-Table-Template.png","contentUrl":"https:\/\/sales-ai-agents.com\/wp-content\/uploads\/2022\/09\/User-Story-Table-Template.png","width":1700,"height":1100},{"@type":"WebSite","@id":"https:\/\/sales-ai-agents.com\/#website","url":"https:\/\/sales-ai-agents.com\/","name":"FuseBase","description":"Sales AI Agents - Free Online Collaboration Software for Remote Teams. Build your wikis, client portals and more with the Nimbus Platform collaboration tool ? A perfect space for online work","publisher":{"@id":"https:\/\/sales-ai-agents.com\/#organization"},"potentialAction":[{"@type":"SearchAction","target":{"@type":"EntryPoint","urlTemplate":"https:\/\/sales-ai-agents.com\/?s={search_term_string}"},"query-input":{"@type":"PropertyValueSpecification","valueRequired":true,"valueName":"search_term_string"}}],"inLanguage":"tr"},{"@type":"Organization","@id":"https:\/\/sales-ai-agents.com\/#organization","name":"FuseBase","url":"https:\/\/sales-ai-agents.com\/","logo":{"@type":"ImageObject","inLanguage":"tr","@id":"https:\/\/sales-ai-agents.com\/#\/schema\/logo\/image\/","url":"https:\/\/sales-ai-agents.com\/wp-content\/uploads\/2023\/11\/icon-7.svg","contentUrl":"https:\/\/sales-ai-agents.com\/wp-content\/uploads\/2023\/11\/icon-7.svg","width":128,"height":128,"caption":"FuseBase"},"image":{"@id":"https:\/\/sales-ai-agents.com\/#\/schema\/logo\/image\/"}}]}},"_links":{"self":[{"href":"https:\/\/sales-ai-agents.com\/tr\/wp-json\/wp\/v2\/product\/57938","targetHints":{"allow":["GET"]}}],"collection":[{"href":"https:\/\/sales-ai-agents.com\/tr\/wp-json\/wp\/v2\/product"}],"about":[{"href":"https:\/\/sales-ai-agents.com\/tr\/wp-json\/wp\/v2\/types\/product"}],"wp:featuredmedia":[{"embeddable":true,"href":"https:\/\/sales-ai-agents.com\/tr\/wp-json\/wp\/v2\/media\/57940"}],"wp:attachment":[{"href":"https:\/\/sales-ai-agents.com\/tr\/wp-json\/wp\/v2\/media?parent=57938"}],"wp:term":[{"taxonomy":"product_brand","embeddable":true,"href":"https:\/\/sales-ai-agents.com\/tr\/wp-json\/wp\/v2\/product_brand?post=57938"},{"taxonomy":"product_cat","embeddable":true,"href":"https:\/\/sales-ai-agents.com\/tr\/wp-json\/wp\/v2\/product_cat?post=57938"},{"taxonomy":"product_tag","embeddable":true,"href":"https:\/\/sales-ai-agents.com\/tr\/wp-json\/wp\/v2\/product_tag?post=57938"}],"curies":[{"name":"wp","href":"https:\/\/api.w.org\/{rel}","templated":true}]}}