{"id":57943,"date":"2022-09-26T12:03:22","date_gmt":"2022-09-26T12:03:22","guid":{"rendered":"https:\/\/sales-ai-agents.com\/templates\/lesson-plan-2\/"},"modified":"2024-01-02T13:36:32","modified_gmt":"2024-01-02T13:36:32","slug":"lesson-plan-2","status":"publish","type":"product","link":"https:\/\/sales-ai-agents.com\/tr\/templates\/lesson-plan-2\/","title":{"rendered":"Ders Plan\u0131"},"content":{"rendered":"<p>&nbsp;<\/p>\n<h2>Ders Plan\u0131 \u015eablonu<\/h2>\n<p class=\"desc-text\">\u00d6\u011fretmen ara\u00e7 seti olmadan ders planlar\u0131 olu\u015fturmak zaman al\u0131c\u0131d\u0131r. \u00d6\u011fretim, dikkatli bir organizasyon, zaman y\u00f6netimi ve iyi d\u00fc\u015f\u00fcn\u00fclm\u00fc\u015f bir \u00f6\u011fretim stratejisi gerektirir. T\u00fcm ad\u0131mlar\u0131 planlamak \u00e7ok \u00f6nemlidir. Bu y\u00fczden bu kullan\u0131\u015fl\u0131 ders plan\u0131 \u015fablonunu ekledik. \u00d6\u011fretmeden \u00f6nce fikirler, notlar ve planlarla doldurun. S\u0131n\u0131fta referans olarak kullan\u0131n. Uzaktan \u00e7al\u0131\u015f\u0131yorsan\u0131z \u00e7evrimi\u00e7i \u00f6\u011fretmen ders planlay\u0131c\u0131s\u0131 olarak kullan\u0131n. S\u0131n\u0131f\u0131n\u0131z\u0131 yolunda gitmesi ve hedeflerine ula\u015fmas\u0131 i\u00e7in y\u00f6nlendirin.<\/p>\n<h5>Nas\u0131l kullan\u0131l\u0131r?<\/h5>\n<ul class=\"desc-item_list\">\n<li class=\"desc-item_list__point\">Dersinizle ilgili ayr\u0131nt\u0131lar\u0131 ekleyin<\/li>\n<li class=\"desc-item_list__point\">M\u00fcfredat hedeflerinizi ekleyin<\/li>\n<li class=\"desc-item_list__point\">Her bir g\u00f6rev ve faaliyeti detayland\u0131r\u0131n<\/li>\n<li class=\"desc-item_list__point\">Her g\u00f6rev i\u00e7in zaman listelemeyi unutmay\u0131n<\/li>\n<li class=\"desc-item_list__point\">Ders i\u00e7in gerekli malzemeleri not edin<\/li>\n<li class=\"desc-item_list__point\">Web siteleri, kitaplar, \u00f6\u011fretim yaz\u0131l\u0131mlar\u0131 ve daha fazlas\u0131 gibi referanslar\u0131 not edin<\/li>\n<\/ul>\n","protected":false},"excerpt":{"rendered":"<p>Ders planlar\u0131 olu\u015fturmak \u00f6\u011fretmenler i\u00e7in zaman al\u0131c\u0131 olabilir. Bu nedenle, kolay ders organizasyonunuz i\u00e7in bu kullan\u0131\u015fl\u0131 ders plan\u0131 \u015fablonunu olu\u015fturduk.<\/p>\n","protected":false},"featured_media":57944,"template":"","meta":{"_acf_changed":false,"inline_featured_image":false},"product_brand":[],"product_cat":[267,268],"product_tag":[],"class_list":{"0":"post-57943","1":"product","2":"type-product","3":"status-publish","4":"has-post-thumbnail","6":"product_cat-student","7":"product_cat-teacher","9":"first","10":"instock","11":"virtual","12":"sold-individually","13":"product-type-simple"},"acf":[],"yoast_head":"<!-- This site is optimized with the Yoast SEO plugin v25.3.1 - https:\/\/yoast.com\/wordpress\/plugins\/seo\/ -->\n<title>Ders Plan\u0131 \u015eablonu - Sales AI Agents<\/title>\n<meta name=\"description\" content=\"Ders planlar\u0131 olu\u015fturmak \u00f6\u011fretmenler i\u00e7in zaman al\u0131c\u0131 olabilir. Bu nedenle, kolay ders organizasyonunuz i\u00e7in bu kullan\u0131\u015fl\u0131 ders plan\u0131 \u015fablonunu olu\u015fturduk.\" \/>\n<meta name=\"robots\" content=\"index, follow, max-snippet:-1, max-image-preview:large, max-video-preview:-1\" \/>\n<link rel=\"canonical\" href=\"https:\/\/sales-ai-agents.com\/tr\/templates\/lesson-plan-2\/\" \/>\n<meta property=\"og:locale\" content=\"tr_TR\" \/>\n<meta property=\"og:type\" content=\"article\" \/>\n<meta property=\"og:title\" content=\"Ders Plan\u0131 \u015eablonu - Sales AI Agents\" \/>\n<meta property=\"og:description\" content=\"Ders planlar\u0131 olu\u015fturmak \u00f6\u011fretmenler i\u00e7in zaman al\u0131c\u0131 olabilir. Bu nedenle, kolay ders organizasyonunuz i\u00e7in bu kullan\u0131\u015fl\u0131 ders plan\u0131 \u015fablonunu olu\u015fturduk.\" \/>\n<meta property=\"og:url\" content=\"https:\/\/sales-ai-agents.com\/tr\/templates\/lesson-plan-2\/\" \/>\n<meta property=\"og:site_name\" content=\"Sales AI Agents\" \/>\n<meta property=\"article:modified_time\" content=\"2024-01-02T13:36:32+00:00\" \/>\n<meta property=\"og:image\" content=\"https:\/\/sales-ai-agents.com\/wp-content\/uploads\/2023\/01\/image-preview122634.png\" \/>\n\t<meta property=\"og:image:width\" content=\"1078\" \/>\n\t<meta property=\"og:image:height\" content=\"1262\" \/>\n\t<meta property=\"og:image:type\" content=\"image\/png\" \/>\n<meta name=\"twitter:card\" content=\"summary_large_image\" \/>\n<script type=\"application\/ld+json\" class=\"yoast-schema-graph\">{\"@context\":\"https:\/\/schema.org\",\"@graph\":[{\"@type\":\"WebPage\",\"@id\":\"https:\/\/sales-ai-agents.com\/tr\/templates\/lesson-plan-2\/\",\"url\":\"https:\/\/sales-ai-agents.com\/tr\/templates\/lesson-plan-2\/\",\"name\":\"Ders Plan\u0131 \u015eablonu - Sales AI Agents\",\"isPartOf\":{\"@id\":\"https:\/\/sales-ai-agents.com\/#website\"},\"primaryImageOfPage\":{\"@id\":\"https:\/\/sales-ai-agents.com\/tr\/templates\/lesson-plan-2\/#primaryimage\"},\"image\":{\"@id\":\"https:\/\/sales-ai-agents.com\/tr\/templates\/lesson-plan-2\/#primaryimage\"},\"thumbnailUrl\":\"https:\/\/sales-ai-agents.com\/wp-content\/uploads\/2023\/01\/image-preview122634.png\",\"datePublished\":\"2022-09-26T12:03:22+00:00\",\"dateModified\":\"2024-01-02T13:36:32+00:00\",\"description\":\"Ders planlar\u0131 olu\u015fturmak \u00f6\u011fretmenler i\u00e7in zaman al\u0131c\u0131 olabilir. Bu nedenle, kolay ders organizasyonunuz i\u00e7in bu kullan\u0131\u015fl\u0131 ders plan\u0131 \u015fablonunu olu\u015fturduk.\",\"inLanguage\":\"tr\",\"potentialAction\":[{\"@type\":\"ReadAction\",\"target\":[\"https:\/\/sales-ai-agents.com\/tr\/templates\/lesson-plan-2\/\"]}]},{\"@type\":\"ImageObject\",\"inLanguage\":\"tr\",\"@id\":\"https:\/\/sales-ai-agents.com\/tr\/templates\/lesson-plan-2\/#primaryimage\",\"url\":\"https:\/\/sales-ai-agents.com\/wp-content\/uploads\/2023\/01\/image-preview122634.png\",\"contentUrl\":\"https:\/\/sales-ai-agents.com\/wp-content\/uploads\/2023\/01\/image-preview122634.png\",\"width\":1078,\"height\":1262},{\"@type\":\"WebSite\",\"@id\":\"https:\/\/sales-ai-agents.com\/#website\",\"url\":\"https:\/\/sales-ai-agents.com\/\",\"name\":\"FuseBase\",\"description\":\"Sales AI Agents - Free Online Collaboration Software for Remote Teams. Build your wikis, client portals and more with the Nimbus Platform collaboration tool ? A perfect space for online work\",\"publisher\":{\"@id\":\"https:\/\/sales-ai-agents.com\/#organization\"},\"potentialAction\":[{\"@type\":\"SearchAction\",\"target\":{\"@type\":\"EntryPoint\",\"urlTemplate\":\"https:\/\/sales-ai-agents.com\/?s={search_term_string}\"},\"query-input\":{\"@type\":\"PropertyValueSpecification\",\"valueRequired\":true,\"valueName\":\"search_term_string\"}}],\"inLanguage\":\"tr\"},{\"@type\":\"Organization\",\"@id\":\"https:\/\/sales-ai-agents.com\/#organization\",\"name\":\"FuseBase\",\"url\":\"https:\/\/sales-ai-agents.com\/\",\"logo\":{\"@type\":\"ImageObject\",\"inLanguage\":\"tr\",\"@id\":\"https:\/\/sales-ai-agents.com\/#\/schema\/logo\/image\/\",\"url\":\"https:\/\/sales-ai-agents.com\/wp-content\/uploads\/2023\/11\/icon-7.svg\",\"contentUrl\":\"https:\/\/sales-ai-agents.com\/wp-content\/uploads\/2023\/11\/icon-7.svg\",\"width\":128,\"height\":128,\"caption\":\"FuseBase\"},\"image\":{\"@id\":\"https:\/\/sales-ai-agents.com\/#\/schema\/logo\/image\/\"}}]}<\/script>\n<!-- \/ Yoast SEO plugin. -->","yoast_head_json":{"title":"Ders Plan\u0131 \u015eablonu - Sales AI Agents","description":"Ders planlar\u0131 olu\u015fturmak \u00f6\u011fretmenler i\u00e7in zaman al\u0131c\u0131 olabilir. Bu nedenle, kolay ders organizasyonunuz i\u00e7in bu kullan\u0131\u015fl\u0131 ders plan\u0131 \u015fablonunu olu\u015fturduk.","robots":{"index":"index","follow":"follow","max-snippet":"max-snippet:-1","max-image-preview":"max-image-preview:large","max-video-preview":"max-video-preview:-1"},"canonical":"https:\/\/sales-ai-agents.com\/tr\/templates\/lesson-plan-2\/","og_locale":"tr_TR","og_type":"article","og_title":"Ders Plan\u0131 \u015eablonu - Sales AI Agents","og_description":"Ders planlar\u0131 olu\u015fturmak \u00f6\u011fretmenler i\u00e7in zaman al\u0131c\u0131 olabilir. Bu nedenle, kolay ders organizasyonunuz i\u00e7in bu kullan\u0131\u015fl\u0131 ders plan\u0131 \u015fablonunu olu\u015fturduk.","og_url":"https:\/\/sales-ai-agents.com\/tr\/templates\/lesson-plan-2\/","og_site_name":"Sales AI Agents","article_modified_time":"2024-01-02T13:36:32+00:00","og_image":[{"width":1078,"height":1262,"url":"https:\/\/sales-ai-agents.com\/wp-content\/uploads\/2023\/01\/image-preview122634.png","type":"image\/png"}],"twitter_card":"summary_large_image","schema":{"@context":"https:\/\/schema.org","@graph":[{"@type":"WebPage","@id":"https:\/\/sales-ai-agents.com\/tr\/templates\/lesson-plan-2\/","url":"https:\/\/sales-ai-agents.com\/tr\/templates\/lesson-plan-2\/","name":"Ders Plan\u0131 \u015eablonu - Sales AI Agents","isPartOf":{"@id":"https:\/\/sales-ai-agents.com\/#website"},"primaryImageOfPage":{"@id":"https:\/\/sales-ai-agents.com\/tr\/templates\/lesson-plan-2\/#primaryimage"},"image":{"@id":"https:\/\/sales-ai-agents.com\/tr\/templates\/lesson-plan-2\/#primaryimage"},"thumbnailUrl":"https:\/\/sales-ai-agents.com\/wp-content\/uploads\/2023\/01\/image-preview122634.png","datePublished":"2022-09-26T12:03:22+00:00","dateModified":"2024-01-02T13:36:32+00:00","description":"Ders planlar\u0131 olu\u015fturmak \u00f6\u011fretmenler i\u00e7in zaman al\u0131c\u0131 olabilir. Bu nedenle, kolay ders organizasyonunuz i\u00e7in bu kullan\u0131\u015fl\u0131 ders plan\u0131 \u015fablonunu olu\u015fturduk.","inLanguage":"tr","potentialAction":[{"@type":"ReadAction","target":["https:\/\/sales-ai-agents.com\/tr\/templates\/lesson-plan-2\/"]}]},{"@type":"ImageObject","inLanguage":"tr","@id":"https:\/\/sales-ai-agents.com\/tr\/templates\/lesson-plan-2\/#primaryimage","url":"https:\/\/sales-ai-agents.com\/wp-content\/uploads\/2023\/01\/image-preview122634.png","contentUrl":"https:\/\/sales-ai-agents.com\/wp-content\/uploads\/2023\/01\/image-preview122634.png","width":1078,"height":1262},{"@type":"WebSite","@id":"https:\/\/sales-ai-agents.com\/#website","url":"https:\/\/sales-ai-agents.com\/","name":"FuseBase","description":"Sales AI Agents - Free Online Collaboration Software for Remote Teams. Build your wikis, client portals and more with the Nimbus Platform collaboration tool ? A perfect space for online work","publisher":{"@id":"https:\/\/sales-ai-agents.com\/#organization"},"potentialAction":[{"@type":"SearchAction","target":{"@type":"EntryPoint","urlTemplate":"https:\/\/sales-ai-agents.com\/?s={search_term_string}"},"query-input":{"@type":"PropertyValueSpecification","valueRequired":true,"valueName":"search_term_string"}}],"inLanguage":"tr"},{"@type":"Organization","@id":"https:\/\/sales-ai-agents.com\/#organization","name":"FuseBase","url":"https:\/\/sales-ai-agents.com\/","logo":{"@type":"ImageObject","inLanguage":"tr","@id":"https:\/\/sales-ai-agents.com\/#\/schema\/logo\/image\/","url":"https:\/\/sales-ai-agents.com\/wp-content\/uploads\/2023\/11\/icon-7.svg","contentUrl":"https:\/\/sales-ai-agents.com\/wp-content\/uploads\/2023\/11\/icon-7.svg","width":128,"height":128,"caption":"FuseBase"},"image":{"@id":"https:\/\/sales-ai-agents.com\/#\/schema\/logo\/image\/"}}]}},"_links":{"self":[{"href":"https:\/\/sales-ai-agents.com\/tr\/wp-json\/wp\/v2\/product\/57943","targetHints":{"allow":["GET"]}}],"collection":[{"href":"https:\/\/sales-ai-agents.com\/tr\/wp-json\/wp\/v2\/product"}],"about":[{"href":"https:\/\/sales-ai-agents.com\/tr\/wp-json\/wp\/v2\/types\/product"}],"wp:featuredmedia":[{"embeddable":true,"href":"https:\/\/sales-ai-agents.com\/tr\/wp-json\/wp\/v2\/media\/57944"}],"wp:attachment":[{"href":"https:\/\/sales-ai-agents.com\/tr\/wp-json\/wp\/v2\/media?parent=57943"}],"wp:term":[{"taxonomy":"product_brand","embeddable":true,"href":"https:\/\/sales-ai-agents.com\/tr\/wp-json\/wp\/v2\/product_brand?post=57943"},{"taxonomy":"product_cat","embeddable":true,"href":"https:\/\/sales-ai-agents.com\/tr\/wp-json\/wp\/v2\/product_cat?post=57943"},{"taxonomy":"product_tag","embeddable":true,"href":"https:\/\/sales-ai-agents.com\/tr\/wp-json\/wp\/v2\/product_tag?post=57943"}],"curies":[{"name":"wp","href":"https:\/\/api.w.org\/{rel}","templated":true}]}}