{"id":57946,"date":"2022-09-26T12:03:18","date_gmt":"2022-09-26T12:03:18","guid":{"rendered":"https:\/\/sales-ai-agents.com\/templates\/design-brief\/"},"modified":"2023-12-26T15:28:33","modified_gmt":"2023-12-26T15:28:33","slug":"design-brief","status":"publish","type":"product","link":"https:\/\/sales-ai-agents.com\/tr\/templates\/design-brief\/","title":{"rendered":"Tasar\u0131m \u00d6zeti"},"content":{"rendered":"<p>&nbsp;<\/p>\n<h2>Tasar\u0131m \u00d6zeti \u015eablonu<\/h2>\n<p class=\"desc-text\">Bir tasar\u0131m \u00f6zeti kullanmak, projelerinizi y\u00f6nlendirmenize ve fikirlerinizi d\u00fczenlemenize yard\u0131mc\u0131 olabilir. Bu \u015fablon, tasar\u0131mlar\u0131n\u0131z\u0131 planlaman\u0131za olanak tan\u0131r. \u015eablonu m\u00fc\u015fterilerinizle payla\u015f\u0131n, b\u00f6ylece birlikte beyin f\u0131rt\u0131nas\u0131 yapabilirsiniz. Etkili bir planlama yaparak, m\u00fc\u015fterinizin markas\u0131n\u0131 ve mesaj\u0131n\u0131 ba\u015far\u0131l\u0131 bir \u015fekilde iletmek i\u00e7in bir taslak olu\u015fturabilirsiniz.<\/p>\n<h5>Nas\u0131l kullan\u0131l\u0131r?<\/h5>\n<ul class=\"desc-item_list\">\n<li class=\"desc-item_list__point\">M\u00fc\u015fterinizin ve markas\u0131n\u0131n bir g\u00f6rselini ekleyin<\/li>\n<li class=\"desc-item_list__point\">Marka imajlar\u0131n\u0131 ve ki\u015filiklerini tan\u0131mlay\u0131n<\/li>\n<li class=\"desc-item_list__point\">Hedef kitle hakk\u0131nda temel ayr\u0131nt\u0131lar\u0131 ekleyin<\/li>\n<li class=\"desc-item_list__point\">Projenizin yarat\u0131c\u0131 y\u00f6n\u00fc i\u00e7in fikirler ekleyin<\/li>\n<li class=\"desc-item_list__point\">\u0130lham kayna\u011f\u0131 olarak kullanmak \u00fczere g\u00f6rseller y\u00fckleyin<\/li>\n<\/ul>\n","protected":false},"excerpt":{"rendered":"<p>Bir tasar\u0131m \u00f6zeti \u015fablonu, projelerinize rehberlik etmenize ve bunlar\u0131 kolayca d\u00fczenlemenize yard\u0131mc\u0131 olabilir. \u015eablonu m\u00fc\u015fterilerinizle payla\u015f\u0131n, b\u00f6ylece birlikte beyin f\u0131rt\u0131nas\u0131 yapabilirsiniz!<\/p>\n","protected":false},"featured_media":57947,"template":"","meta":{"_acf_changed":false,"inline_featured_image":false},"product_brand":[],"product_cat":[251],"product_tag":[],"class_list":{"0":"post-57946","1":"product","2":"type-product","3":"status-publish","4":"has-post-thumbnail","6":"product_cat-designer","8":"first","9":"instock","10":"virtual","11":"sold-individually","12":"product-type-simple"},"acf":[],"yoast_head":"<!-- This site is optimized with the Yoast SEO plugin v25.3.1 - https:\/\/yoast.com\/wordpress\/plugins\/seo\/ -->\n<title>Tasar\u0131m \u00d6zeti \u015eablonu - Sales AI Agents<\/title>\n<meta name=\"description\" content=\"Bir tasar\u0131m \u00f6zeti \u015fablonu, projelerinize rehberlik etmenize ve bunlar\u0131 kolayca d\u00fczenlemenize yard\u0131mc\u0131 olabilir. \u015eablonu m\u00fc\u015fterilerinizle payla\u015f\u0131n, b\u00f6ylece birlikte beyin f\u0131rt\u0131nas\u0131 yapabilirsiniz!\" \/>\n<meta name=\"robots\" content=\"index, follow, max-snippet:-1, max-image-preview:large, max-video-preview:-1\" \/>\n<link rel=\"canonical\" href=\"https:\/\/sales-ai-agents.com\/tr\/templates\/design-brief\/\" \/>\n<meta property=\"og:locale\" content=\"tr_TR\" \/>\n<meta property=\"og:type\" content=\"article\" \/>\n<meta property=\"og:title\" content=\"Tasar\u0131m \u00d6zeti \u015eablonu - Sales AI Agents\" \/>\n<meta property=\"og:description\" content=\"Bir tasar\u0131m \u00f6zeti \u015fablonu, projelerinize rehberlik etmenize ve bunlar\u0131 kolayca d\u00fczenlemenize yard\u0131mc\u0131 olabilir. \u015eablonu m\u00fc\u015fterilerinizle payla\u015f\u0131n, b\u00f6ylece birlikte beyin f\u0131rt\u0131nas\u0131 yapabilirsiniz!\" \/>\n<meta property=\"og:url\" content=\"https:\/\/sales-ai-agents.com\/tr\/templates\/design-brief\/\" \/>\n<meta property=\"og:site_name\" content=\"Sales AI Agents\" \/>\n<meta property=\"article:modified_time\" content=\"2023-12-26T15:28:33+00:00\" \/>\n<meta property=\"og:image\" content=\"https:\/\/sales-ai-agents.com\/wp-content\/uploads\/2023\/01\/image-preview122631.png\" \/>\n\t<meta property=\"og:image:width\" content=\"1078\" \/>\n\t<meta property=\"og:image:height\" content=\"2668\" \/>\n\t<meta property=\"og:image:type\" content=\"image\/png\" \/>\n<meta name=\"twitter:card\" content=\"summary_large_image\" \/>\n<script type=\"application\/ld+json\" class=\"yoast-schema-graph\">{\"@context\":\"https:\/\/schema.org\",\"@graph\":[{\"@type\":\"WebPage\",\"@id\":\"https:\/\/sales-ai-agents.com\/tr\/templates\/design-brief\/\",\"url\":\"https:\/\/sales-ai-agents.com\/tr\/templates\/design-brief\/\",\"name\":\"Tasar\u0131m \u00d6zeti \u015eablonu - Sales AI Agents\",\"isPartOf\":{\"@id\":\"https:\/\/sales-ai-agents.com\/#website\"},\"primaryImageOfPage\":{\"@id\":\"https:\/\/sales-ai-agents.com\/tr\/templates\/design-brief\/#primaryimage\"},\"image\":{\"@id\":\"https:\/\/sales-ai-agents.com\/tr\/templates\/design-brief\/#primaryimage\"},\"thumbnailUrl\":\"https:\/\/sales-ai-agents.com\/wp-content\/uploads\/2023\/01\/image-preview122631.png\",\"datePublished\":\"2022-09-26T12:03:18+00:00\",\"dateModified\":\"2023-12-26T15:28:33+00:00\",\"description\":\"Bir tasar\u0131m \u00f6zeti \u015fablonu, projelerinize rehberlik etmenize ve bunlar\u0131 kolayca d\u00fczenlemenize yard\u0131mc\u0131 olabilir. \u015eablonu m\u00fc\u015fterilerinizle payla\u015f\u0131n, b\u00f6ylece birlikte beyin f\u0131rt\u0131nas\u0131 yapabilirsiniz!\",\"inLanguage\":\"tr\",\"potentialAction\":[{\"@type\":\"ReadAction\",\"target\":[\"https:\/\/sales-ai-agents.com\/tr\/templates\/design-brief\/\"]}]},{\"@type\":\"ImageObject\",\"inLanguage\":\"tr\",\"@id\":\"https:\/\/sales-ai-agents.com\/tr\/templates\/design-brief\/#primaryimage\",\"url\":\"https:\/\/sales-ai-agents.com\/wp-content\/uploads\/2023\/01\/image-preview122631.png\",\"contentUrl\":\"https:\/\/sales-ai-agents.com\/wp-content\/uploads\/2023\/01\/image-preview122631.png\",\"width\":1078,\"height\":2668},{\"@type\":\"WebSite\",\"@id\":\"https:\/\/sales-ai-agents.com\/#website\",\"url\":\"https:\/\/sales-ai-agents.com\/\",\"name\":\"FuseBase\",\"description\":\"Sales AI Agents - Free Online Collaboration Software for Remote Teams. Build your wikis, client portals and more with the Nimbus Platform collaboration tool ? A perfect space for online work\",\"publisher\":{\"@id\":\"https:\/\/sales-ai-agents.com\/#organization\"},\"potentialAction\":[{\"@type\":\"SearchAction\",\"target\":{\"@type\":\"EntryPoint\",\"urlTemplate\":\"https:\/\/sales-ai-agents.com\/?s={search_term_string}\"},\"query-input\":{\"@type\":\"PropertyValueSpecification\",\"valueRequired\":true,\"valueName\":\"search_term_string\"}}],\"inLanguage\":\"tr\"},{\"@type\":\"Organization\",\"@id\":\"https:\/\/sales-ai-agents.com\/#organization\",\"name\":\"FuseBase\",\"url\":\"https:\/\/sales-ai-agents.com\/\",\"logo\":{\"@type\":\"ImageObject\",\"inLanguage\":\"tr\",\"@id\":\"https:\/\/sales-ai-agents.com\/#\/schema\/logo\/image\/\",\"url\":\"https:\/\/sales-ai-agents.com\/wp-content\/uploads\/2023\/11\/icon-7.svg\",\"contentUrl\":\"https:\/\/sales-ai-agents.com\/wp-content\/uploads\/2023\/11\/icon-7.svg\",\"width\":128,\"height\":128,\"caption\":\"FuseBase\"},\"image\":{\"@id\":\"https:\/\/sales-ai-agents.com\/#\/schema\/logo\/image\/\"}}]}<\/script>\n<!-- \/ Yoast SEO plugin. -->","yoast_head_json":{"title":"Tasar\u0131m \u00d6zeti \u015eablonu - Sales AI Agents","description":"Bir tasar\u0131m \u00f6zeti \u015fablonu, projelerinize rehberlik etmenize ve bunlar\u0131 kolayca d\u00fczenlemenize yard\u0131mc\u0131 olabilir. \u015eablonu m\u00fc\u015fterilerinizle payla\u015f\u0131n, b\u00f6ylece birlikte beyin f\u0131rt\u0131nas\u0131 yapabilirsiniz!","robots":{"index":"index","follow":"follow","max-snippet":"max-snippet:-1","max-image-preview":"max-image-preview:large","max-video-preview":"max-video-preview:-1"},"canonical":"https:\/\/sales-ai-agents.com\/tr\/templates\/design-brief\/","og_locale":"tr_TR","og_type":"article","og_title":"Tasar\u0131m \u00d6zeti \u015eablonu - Sales AI Agents","og_description":"Bir tasar\u0131m \u00f6zeti \u015fablonu, projelerinize rehberlik etmenize ve bunlar\u0131 kolayca d\u00fczenlemenize yard\u0131mc\u0131 olabilir. \u015eablonu m\u00fc\u015fterilerinizle payla\u015f\u0131n, b\u00f6ylece birlikte beyin f\u0131rt\u0131nas\u0131 yapabilirsiniz!","og_url":"https:\/\/sales-ai-agents.com\/tr\/templates\/design-brief\/","og_site_name":"Sales AI Agents","article_modified_time":"2023-12-26T15:28:33+00:00","og_image":[{"width":1078,"height":2668,"url":"https:\/\/sales-ai-agents.com\/wp-content\/uploads\/2023\/01\/image-preview122631.png","type":"image\/png"}],"twitter_card":"summary_large_image","schema":{"@context":"https:\/\/schema.org","@graph":[{"@type":"WebPage","@id":"https:\/\/sales-ai-agents.com\/tr\/templates\/design-brief\/","url":"https:\/\/sales-ai-agents.com\/tr\/templates\/design-brief\/","name":"Tasar\u0131m \u00d6zeti \u015eablonu - Sales AI Agents","isPartOf":{"@id":"https:\/\/sales-ai-agents.com\/#website"},"primaryImageOfPage":{"@id":"https:\/\/sales-ai-agents.com\/tr\/templates\/design-brief\/#primaryimage"},"image":{"@id":"https:\/\/sales-ai-agents.com\/tr\/templates\/design-brief\/#primaryimage"},"thumbnailUrl":"https:\/\/sales-ai-agents.com\/wp-content\/uploads\/2023\/01\/image-preview122631.png","datePublished":"2022-09-26T12:03:18+00:00","dateModified":"2023-12-26T15:28:33+00:00","description":"Bir tasar\u0131m \u00f6zeti \u015fablonu, projelerinize rehberlik etmenize ve bunlar\u0131 kolayca d\u00fczenlemenize yard\u0131mc\u0131 olabilir. \u015eablonu m\u00fc\u015fterilerinizle payla\u015f\u0131n, b\u00f6ylece birlikte beyin f\u0131rt\u0131nas\u0131 yapabilirsiniz!","inLanguage":"tr","potentialAction":[{"@type":"ReadAction","target":["https:\/\/sales-ai-agents.com\/tr\/templates\/design-brief\/"]}]},{"@type":"ImageObject","inLanguage":"tr","@id":"https:\/\/sales-ai-agents.com\/tr\/templates\/design-brief\/#primaryimage","url":"https:\/\/sales-ai-agents.com\/wp-content\/uploads\/2023\/01\/image-preview122631.png","contentUrl":"https:\/\/sales-ai-agents.com\/wp-content\/uploads\/2023\/01\/image-preview122631.png","width":1078,"height":2668},{"@type":"WebSite","@id":"https:\/\/sales-ai-agents.com\/#website","url":"https:\/\/sales-ai-agents.com\/","name":"FuseBase","description":"Sales AI Agents - Free Online Collaboration Software for Remote Teams. Build your wikis, client portals and more with the Nimbus Platform collaboration tool ? A perfect space for online work","publisher":{"@id":"https:\/\/sales-ai-agents.com\/#organization"},"potentialAction":[{"@type":"SearchAction","target":{"@type":"EntryPoint","urlTemplate":"https:\/\/sales-ai-agents.com\/?s={search_term_string}"},"query-input":{"@type":"PropertyValueSpecification","valueRequired":true,"valueName":"search_term_string"}}],"inLanguage":"tr"},{"@type":"Organization","@id":"https:\/\/sales-ai-agents.com\/#organization","name":"FuseBase","url":"https:\/\/sales-ai-agents.com\/","logo":{"@type":"ImageObject","inLanguage":"tr","@id":"https:\/\/sales-ai-agents.com\/#\/schema\/logo\/image\/","url":"https:\/\/sales-ai-agents.com\/wp-content\/uploads\/2023\/11\/icon-7.svg","contentUrl":"https:\/\/sales-ai-agents.com\/wp-content\/uploads\/2023\/11\/icon-7.svg","width":128,"height":128,"caption":"FuseBase"},"image":{"@id":"https:\/\/sales-ai-agents.com\/#\/schema\/logo\/image\/"}}]}},"_links":{"self":[{"href":"https:\/\/sales-ai-agents.com\/tr\/wp-json\/wp\/v2\/product\/57946","targetHints":{"allow":["GET"]}}],"collection":[{"href":"https:\/\/sales-ai-agents.com\/tr\/wp-json\/wp\/v2\/product"}],"about":[{"href":"https:\/\/sales-ai-agents.com\/tr\/wp-json\/wp\/v2\/types\/product"}],"wp:featuredmedia":[{"embeddable":true,"href":"https:\/\/sales-ai-agents.com\/tr\/wp-json\/wp\/v2\/media\/57947"}],"wp:attachment":[{"href":"https:\/\/sales-ai-agents.com\/tr\/wp-json\/wp\/v2\/media?parent=57946"}],"wp:term":[{"taxonomy":"product_brand","embeddable":true,"href":"https:\/\/sales-ai-agents.com\/tr\/wp-json\/wp\/v2\/product_brand?post=57946"},{"taxonomy":"product_cat","embeddable":true,"href":"https:\/\/sales-ai-agents.com\/tr\/wp-json\/wp\/v2\/product_cat?post=57946"},{"taxonomy":"product_tag","embeddable":true,"href":"https:\/\/sales-ai-agents.com\/tr\/wp-json\/wp\/v2\/product_tag?post=57946"}],"curies":[{"name":"wp","href":"https:\/\/api.w.org\/{rel}","templated":true}]}}