{"id":57949,"date":"2022-09-26T12:03:13","date_gmt":"2022-09-26T12:03:13","guid":{"rendered":"https:\/\/sales-ai-agents.com\/templates\/meeting-minutes\/"},"modified":"2024-01-02T11:02:59","modified_gmt":"2024-01-02T11:02:59","slug":"meeting-minutes","status":"publish","type":"product","link":"https:\/\/sales-ai-agents.com\/tr\/templates\/meeting-minutes\/","title":{"rendered":"Toplant\u0131 Tutanaklar\u0131"},"content":{"rendered":"<p>&nbsp;<\/p>\n<h2>Toplant\u0131 Tutana\u011f\u0131 \u015eablonu<\/h2>\n<p class=\"desc-text\">Bu kullan\u0131m\u0131 kolay \u015fablonla toplant\u0131lar\u0131 ve tutanaklar\u0131 takip edin. Ekibinizle birlikte sorunlar\u0131 kolayca \u00e7\u00f6zebilmek i\u00e7in tart\u0131\u015f\u0131lacak konular\u0131 organize edin. At\u0131lacak sonraki ad\u0131mlar\u0131 belirleyin ve ekibinizin do\u011fru yolda oldu\u011fundan emin olun.<\/p>\n<h5>Nas\u0131l kullan\u0131l\u0131r?<\/h5>\n<ul class=\"desc-item_list\">\n<li class=\"desc-item_list__point\">Kat\u0131l\u0131mc\u0131 kayd\u0131<\/li>\n<li class=\"desc-item_list__point\">Hedefleri ve beklentileri belirleyin<\/li>\n<li class=\"desc-item_list__point\">\u0130lgili tart\u0131\u015fma konular\u0131n\u0131 listeleyin<\/li>\n<li class=\"desc-item_list__point\">Yar\u0131m kalan i\u015fleri tamamlamak i\u00e7in eylem \u00f6\u011feleri olu\u015fturun<\/li>\n<\/ul>\n","protected":false},"excerpt":{"rendered":"<p>Bu \u00fccretsiz \u00f6zelle\u015ftirilebilir, kullan\u0131m\u0131 kolay \u015fablon ile toplant\u0131lar\u0131 ve tutanaklar\u0131 takip edin. Tart\u0131\u015f\u0131lacak konular\u0131 organize edin, b\u00f6ylece sorunlar\u0131 ekibinizle birlikte \u00e7\u00f6zebilirsiniz.<\/p>\n","protected":false},"featured_media":57950,"template":"","meta":{"_acf_changed":false,"inline_featured_image":false},"product_brand":[],"product_cat":[218,230],"product_tag":[],"class_list":{"0":"post-57949","1":"product","2":"type-product","3":"status-publish","4":"has-post-thumbnail","6":"product_cat-operations","7":"product_cat-meeting","9":"first","10":"instock","11":"virtual","12":"sold-individually","13":"product-type-simple"},"acf":[],"yoast_head":"<!-- This site is optimized with the Yoast SEO plugin v25.3.1 - https:\/\/yoast.com\/wordpress\/plugins\/seo\/ -->\n<title>Toplant\u0131 Tutana\u011f\u0131 \u015eablonu - Sales AI Agents<\/title>\n<meta name=\"description\" content=\"Bu \u00fccretsiz \u00f6zelle\u015ftirilebilir, kullan\u0131m\u0131 kolay \u015fablon ile toplant\u0131lar\u0131 ve tutanaklar\u0131 takip edin. Tart\u0131\u015f\u0131lacak konular\u0131 organize edin, b\u00f6ylece sorunlar\u0131 ekibinizle birlikte \u00e7\u00f6zebilirsiniz.\" \/>\n<meta name=\"robots\" content=\"index, follow, max-snippet:-1, max-image-preview:large, max-video-preview:-1\" \/>\n<link rel=\"canonical\" href=\"https:\/\/sales-ai-agents.com\/tr\/templates\/meeting-minutes\/\" \/>\n<meta property=\"og:locale\" content=\"tr_TR\" \/>\n<meta property=\"og:type\" content=\"article\" \/>\n<meta property=\"og:title\" content=\"Toplant\u0131 Tutana\u011f\u0131 \u015eablonu - Sales AI Agents\" \/>\n<meta property=\"og:description\" content=\"Bu \u00fccretsiz \u00f6zelle\u015ftirilebilir, kullan\u0131m\u0131 kolay \u015fablon ile toplant\u0131lar\u0131 ve tutanaklar\u0131 takip edin. Tart\u0131\u015f\u0131lacak konular\u0131 organize edin, b\u00f6ylece sorunlar\u0131 ekibinizle birlikte \u00e7\u00f6zebilirsiniz.\" \/>\n<meta property=\"og:url\" content=\"https:\/\/sales-ai-agents.com\/tr\/templates\/meeting-minutes\/\" \/>\n<meta property=\"og:site_name\" content=\"Sales AI Agents\" \/>\n<meta property=\"article:modified_time\" content=\"2024-01-02T11:02:59+00:00\" \/>\n<meta property=\"og:image\" content=\"https:\/\/sales-ai-agents.com\/wp-content\/uploads\/2022\/09\/Meeting-Minutes-Template.png\" \/>\n\t<meta property=\"og:image:width\" content=\"1700\" \/>\n\t<meta property=\"og:image:height\" content=\"1100\" \/>\n\t<meta property=\"og:image:type\" content=\"image\/png\" \/>\n<meta name=\"twitter:card\" content=\"summary_large_image\" \/>\n<script type=\"application\/ld+json\" class=\"yoast-schema-graph\">{\"@context\":\"https:\/\/schema.org\",\"@graph\":[{\"@type\":\"WebPage\",\"@id\":\"https:\/\/sales-ai-agents.com\/tr\/templates\/meeting-minutes\/\",\"url\":\"https:\/\/sales-ai-agents.com\/tr\/templates\/meeting-minutes\/\",\"name\":\"Toplant\u0131 Tutana\u011f\u0131 \u015eablonu - Sales AI Agents\",\"isPartOf\":{\"@id\":\"https:\/\/sales-ai-agents.com\/#website\"},\"primaryImageOfPage\":{\"@id\":\"https:\/\/sales-ai-agents.com\/tr\/templates\/meeting-minutes\/#primaryimage\"},\"image\":{\"@id\":\"https:\/\/sales-ai-agents.com\/tr\/templates\/meeting-minutes\/#primaryimage\"},\"thumbnailUrl\":\"https:\/\/sales-ai-agents.com\/wp-content\/uploads\/2022\/09\/Meeting-Minutes-Template.png\",\"datePublished\":\"2022-09-26T12:03:13+00:00\",\"dateModified\":\"2024-01-02T11:02:59+00:00\",\"description\":\"Bu \u00fccretsiz \u00f6zelle\u015ftirilebilir, kullan\u0131m\u0131 kolay \u015fablon ile toplant\u0131lar\u0131 ve tutanaklar\u0131 takip edin. Tart\u0131\u015f\u0131lacak konular\u0131 organize edin, b\u00f6ylece sorunlar\u0131 ekibinizle birlikte \u00e7\u00f6zebilirsiniz.\",\"inLanguage\":\"tr\",\"potentialAction\":[{\"@type\":\"ReadAction\",\"target\":[\"https:\/\/sales-ai-agents.com\/tr\/templates\/meeting-minutes\/\"]}]},{\"@type\":\"ImageObject\",\"inLanguage\":\"tr\",\"@id\":\"https:\/\/sales-ai-agents.com\/tr\/templates\/meeting-minutes\/#primaryimage\",\"url\":\"https:\/\/sales-ai-agents.com\/wp-content\/uploads\/2022\/09\/Meeting-Minutes-Template.png\",\"contentUrl\":\"https:\/\/sales-ai-agents.com\/wp-content\/uploads\/2022\/09\/Meeting-Minutes-Template.png\",\"width\":1700,\"height\":1100},{\"@type\":\"WebSite\",\"@id\":\"https:\/\/sales-ai-agents.com\/#website\",\"url\":\"https:\/\/sales-ai-agents.com\/\",\"name\":\"FuseBase\",\"description\":\"Sales AI Agents - Free Online Collaboration Software for Remote Teams. Build your wikis, client portals and more with the Nimbus Platform collaboration tool ? A perfect space for online work\",\"publisher\":{\"@id\":\"https:\/\/sales-ai-agents.com\/#organization\"},\"potentialAction\":[{\"@type\":\"SearchAction\",\"target\":{\"@type\":\"EntryPoint\",\"urlTemplate\":\"https:\/\/sales-ai-agents.com\/?s={search_term_string}\"},\"query-input\":{\"@type\":\"PropertyValueSpecification\",\"valueRequired\":true,\"valueName\":\"search_term_string\"}}],\"inLanguage\":\"tr\"},{\"@type\":\"Organization\",\"@id\":\"https:\/\/sales-ai-agents.com\/#organization\",\"name\":\"FuseBase\",\"url\":\"https:\/\/sales-ai-agents.com\/\",\"logo\":{\"@type\":\"ImageObject\",\"inLanguage\":\"tr\",\"@id\":\"https:\/\/sales-ai-agents.com\/#\/schema\/logo\/image\/\",\"url\":\"https:\/\/sales-ai-agents.com\/wp-content\/uploads\/2023\/11\/icon-7.svg\",\"contentUrl\":\"https:\/\/sales-ai-agents.com\/wp-content\/uploads\/2023\/11\/icon-7.svg\",\"width\":128,\"height\":128,\"caption\":\"FuseBase\"},\"image\":{\"@id\":\"https:\/\/sales-ai-agents.com\/#\/schema\/logo\/image\/\"}}]}<\/script>\n<!-- \/ Yoast SEO plugin. -->","yoast_head_json":{"title":"Toplant\u0131 Tutana\u011f\u0131 \u015eablonu - Sales AI Agents","description":"Bu \u00fccretsiz \u00f6zelle\u015ftirilebilir, kullan\u0131m\u0131 kolay \u015fablon ile toplant\u0131lar\u0131 ve tutanaklar\u0131 takip edin. Tart\u0131\u015f\u0131lacak konular\u0131 organize edin, b\u00f6ylece sorunlar\u0131 ekibinizle birlikte \u00e7\u00f6zebilirsiniz.","robots":{"index":"index","follow":"follow","max-snippet":"max-snippet:-1","max-image-preview":"max-image-preview:large","max-video-preview":"max-video-preview:-1"},"canonical":"https:\/\/sales-ai-agents.com\/tr\/templates\/meeting-minutes\/","og_locale":"tr_TR","og_type":"article","og_title":"Toplant\u0131 Tutana\u011f\u0131 \u015eablonu - Sales AI Agents","og_description":"Bu \u00fccretsiz \u00f6zelle\u015ftirilebilir, kullan\u0131m\u0131 kolay \u015fablon ile toplant\u0131lar\u0131 ve tutanaklar\u0131 takip edin. Tart\u0131\u015f\u0131lacak konular\u0131 organize edin, b\u00f6ylece sorunlar\u0131 ekibinizle birlikte \u00e7\u00f6zebilirsiniz.","og_url":"https:\/\/sales-ai-agents.com\/tr\/templates\/meeting-minutes\/","og_site_name":"Sales AI Agents","article_modified_time":"2024-01-02T11:02:59+00:00","og_image":[{"width":1700,"height":1100,"url":"https:\/\/sales-ai-agents.com\/wp-content\/uploads\/2022\/09\/Meeting-Minutes-Template.png","type":"image\/png"}],"twitter_card":"summary_large_image","schema":{"@context":"https:\/\/schema.org","@graph":[{"@type":"WebPage","@id":"https:\/\/sales-ai-agents.com\/tr\/templates\/meeting-minutes\/","url":"https:\/\/sales-ai-agents.com\/tr\/templates\/meeting-minutes\/","name":"Toplant\u0131 Tutana\u011f\u0131 \u015eablonu - Sales AI Agents","isPartOf":{"@id":"https:\/\/sales-ai-agents.com\/#website"},"primaryImageOfPage":{"@id":"https:\/\/sales-ai-agents.com\/tr\/templates\/meeting-minutes\/#primaryimage"},"image":{"@id":"https:\/\/sales-ai-agents.com\/tr\/templates\/meeting-minutes\/#primaryimage"},"thumbnailUrl":"https:\/\/sales-ai-agents.com\/wp-content\/uploads\/2022\/09\/Meeting-Minutes-Template.png","datePublished":"2022-09-26T12:03:13+00:00","dateModified":"2024-01-02T11:02:59+00:00","description":"Bu \u00fccretsiz \u00f6zelle\u015ftirilebilir, kullan\u0131m\u0131 kolay \u015fablon ile toplant\u0131lar\u0131 ve tutanaklar\u0131 takip edin. Tart\u0131\u015f\u0131lacak konular\u0131 organize edin, b\u00f6ylece sorunlar\u0131 ekibinizle birlikte \u00e7\u00f6zebilirsiniz.","inLanguage":"tr","potentialAction":[{"@type":"ReadAction","target":["https:\/\/sales-ai-agents.com\/tr\/templates\/meeting-minutes\/"]}]},{"@type":"ImageObject","inLanguage":"tr","@id":"https:\/\/sales-ai-agents.com\/tr\/templates\/meeting-minutes\/#primaryimage","url":"https:\/\/sales-ai-agents.com\/wp-content\/uploads\/2022\/09\/Meeting-Minutes-Template.png","contentUrl":"https:\/\/sales-ai-agents.com\/wp-content\/uploads\/2022\/09\/Meeting-Minutes-Template.png","width":1700,"height":1100},{"@type":"WebSite","@id":"https:\/\/sales-ai-agents.com\/#website","url":"https:\/\/sales-ai-agents.com\/","name":"FuseBase","description":"Sales AI Agents - Free Online Collaboration Software for Remote Teams. Build your wikis, client portals and more with the Nimbus Platform collaboration tool ? A perfect space for online work","publisher":{"@id":"https:\/\/sales-ai-agents.com\/#organization"},"potentialAction":[{"@type":"SearchAction","target":{"@type":"EntryPoint","urlTemplate":"https:\/\/sales-ai-agents.com\/?s={search_term_string}"},"query-input":{"@type":"PropertyValueSpecification","valueRequired":true,"valueName":"search_term_string"}}],"inLanguage":"tr"},{"@type":"Organization","@id":"https:\/\/sales-ai-agents.com\/#organization","name":"FuseBase","url":"https:\/\/sales-ai-agents.com\/","logo":{"@type":"ImageObject","inLanguage":"tr","@id":"https:\/\/sales-ai-agents.com\/#\/schema\/logo\/image\/","url":"https:\/\/sales-ai-agents.com\/wp-content\/uploads\/2023\/11\/icon-7.svg","contentUrl":"https:\/\/sales-ai-agents.com\/wp-content\/uploads\/2023\/11\/icon-7.svg","width":128,"height":128,"caption":"FuseBase"},"image":{"@id":"https:\/\/sales-ai-agents.com\/#\/schema\/logo\/image\/"}}]}},"_links":{"self":[{"href":"https:\/\/sales-ai-agents.com\/tr\/wp-json\/wp\/v2\/product\/57949","targetHints":{"allow":["GET"]}}],"collection":[{"href":"https:\/\/sales-ai-agents.com\/tr\/wp-json\/wp\/v2\/product"}],"about":[{"href":"https:\/\/sales-ai-agents.com\/tr\/wp-json\/wp\/v2\/types\/product"}],"wp:featuredmedia":[{"embeddable":true,"href":"https:\/\/sales-ai-agents.com\/tr\/wp-json\/wp\/v2\/media\/57950"}],"wp:attachment":[{"href":"https:\/\/sales-ai-agents.com\/tr\/wp-json\/wp\/v2\/media?parent=57949"}],"wp:term":[{"taxonomy":"product_brand","embeddable":true,"href":"https:\/\/sales-ai-agents.com\/tr\/wp-json\/wp\/v2\/product_brand?post=57949"},{"taxonomy":"product_cat","embeddable":true,"href":"https:\/\/sales-ai-agents.com\/tr\/wp-json\/wp\/v2\/product_cat?post=57949"},{"taxonomy":"product_tag","embeddable":true,"href":"https:\/\/sales-ai-agents.com\/tr\/wp-json\/wp\/v2\/product_tag?post=57949"}],"curies":[{"name":"wp","href":"https:\/\/api.w.org\/{rel}","templated":true}]}}