{"id":57953,"date":"2022-09-26T12:02:57","date_gmt":"2022-09-26T12:02:57","guid":{"rendered":"https:\/\/sales-ai-agents.com\/templates\/fitness-goals\/"},"modified":"2023-12-31T16:56:57","modified_gmt":"2023-12-31T16:56:57","slug":"fitness-goals","status":"publish","type":"product","link":"https:\/\/sales-ai-agents.com\/tr\/templates\/fitness-goals\/","title":{"rendered":"Fitness Hedefleri"},"content":{"rendered":"<p>&nbsp;<\/p>\n<h2>Fitness Hedefleri \u015eablonu<\/h2>\n<p class=\"desc-text\">Fitness hedefi belirlemek, ba\u015far\u0131lmas\u0131 en \u00f6d\u00fcllendirici hedeflerden biridir &#8211; \u00e7\u00fcnk\u00fc fark\u0131 g\u00f6rebilir ve hissedebilirsiniz. Zinde olmak yeni bir f\u0131rsatlar ufku a\u00e7ar. Fitness hedeflerini, kilometre ta\u015flar\u0131n\u0131 ve bunlara ula\u015ft\u0131\u011f\u0131n\u0131zda alaca\u011f\u0131n\u0131z \u00f6d\u00fclleri planlamak i\u00e7in bu \u015fablonu kullan\u0131n.<\/p>\n<h5>Nas\u0131l kullan\u0131l\u0131r?<\/h5>\n<ul class=\"desc-item_list\">\n<li class=\"desc-item_list__point\">Ba\u015flang\u0131\u00e7 g\u00fcn\u00fcn\u00fc, s\u00fcresini ve biti\u015f tarihini i\u015faretleyin<\/li>\n<li class=\"desc-item_list__point\">Ba\u015flang\u0131\u00e7 kilonuzu ve BMI de\u011ferinizi ve hedef kilonuzu ve BMI de\u011ferinizi girin<\/li>\n<li class=\"desc-item_list__point\">\u00d6l\u00e7\u00fcmleri ekleyin<\/li>\n<li class=\"desc-item_list__point\">Motivasyonunuzu, eylem plan\u0131n\u0131z\u0131, \u00fczerinde \u00e7al\u0131\u015faca\u011f\u0131n\u0131z iyi ve k\u00f6t\u00fc al\u0131\u015fkanl\u0131klar\u0131n\u0131z\u0131 d\u00fc\u015f\u00fcn\u00fcn<\/li>\n<li class=\"desc-item_list__point\">Kilometre ta\u015flar\u0131n\u0131 ve ba\u015far\u0131lardan sonra elde edece\u011finiz \u00f6d\u00fclleri tan\u0131mlay\u0131n<\/li>\n<li class=\"desc-item_list__point\">Son tarihte son \u00f6l\u00e7\u00fcmleri ekleyin ve sonucu analiz edin<\/li>\n<\/ul>\n","protected":false},"excerpt":{"rendered":"<p>Fitness hedeflerinizi ve kilometre ta\u015flar\u0131n\u0131z\u0131 do\u011fru bir \u015fekilde planlamak i\u00e7in bu \u00fccretsiz \u00f6zelle\u015ftirilebilir \u015fablonu kullan\u0131n. Bu arada, bu hedeflere ula\u015ft\u0131\u011f\u0131n\u0131zda alaca\u011f\u0131n\u0131z \u00f6d\u00fclleri de unutmay\u0131n.<\/p>\n","protected":false},"featured_media":57954,"template":"","meta":{"_acf_changed":false,"inline_featured_image":false},"product_brand":[],"product_cat":[257,259,256],"product_tag":[],"class_list":{"0":"post-57953","1":"product","2":"type-product","3":"status-publish","4":"has-post-thumbnail","6":"product_cat-personal","7":"product_cat-personal-health","8":"product_cat-organizers-planners","10":"first","11":"instock","12":"virtual","13":"sold-individually","14":"product-type-simple"},"acf":[],"yoast_head":"<!-- This site is optimized with the Yoast SEO plugin v25.3.1 - https:\/\/yoast.com\/wordpress\/plugins\/seo\/ -->\n<title>Fitness Hedefleri \u015eablonu - Sales AI Agents<\/title>\n<meta name=\"description\" content=\"Fitness hedeflerinizi, kilometre ta\u015flar\u0131n\u0131z\u0131 d\u00fczg\u00fcn bir \u015fekilde planlamak i\u00e7in bu \u00fccretsiz \u00f6zelle\u015ftirilebilir \u015fablonu kullan\u0131n. Bu arada, bu hedeflere ula\u015ft\u0131\u011f\u0131n\u0131zda alaca\u011f\u0131n\u0131z \u00f6d\u00fclleri de unutmay\u0131n.\" \/>\n<meta name=\"robots\" content=\"index, follow, max-snippet:-1, max-image-preview:large, max-video-preview:-1\" \/>\n<link rel=\"canonical\" href=\"https:\/\/sales-ai-agents.com\/tr\/templates\/fitness-goals\/\" \/>\n<meta property=\"og:locale\" content=\"tr_TR\" \/>\n<meta property=\"og:type\" content=\"article\" \/>\n<meta property=\"og:title\" content=\"Fitness Hedefleri \u015eablonu - Sales AI Agents\" \/>\n<meta property=\"og:description\" content=\"Fitness hedeflerinizi, kilometre ta\u015flar\u0131n\u0131z\u0131 d\u00fczg\u00fcn bir \u015fekilde planlamak i\u00e7in bu \u00fccretsiz \u00f6zelle\u015ftirilebilir \u015fablonu kullan\u0131n. Bu arada, bu hedeflere ula\u015ft\u0131\u011f\u0131n\u0131zda alaca\u011f\u0131n\u0131z \u00f6d\u00fclleri de unutmay\u0131n.\" \/>\n<meta property=\"og:url\" content=\"https:\/\/sales-ai-agents.com\/tr\/templates\/fitness-goals\/\" \/>\n<meta property=\"og:site_name\" content=\"Sales AI Agents\" \/>\n<meta property=\"article:modified_time\" content=\"2023-12-31T16:56:57+00:00\" \/>\n<meta property=\"og:image\" content=\"https:\/\/sales-ai-agents.com\/wp-content\/uploads\/2023\/01\/image-preview122532.png\" \/>\n\t<meta property=\"og:image:width\" content=\"1078\" \/>\n\t<meta property=\"og:image:height\" content=\"1365\" \/>\n\t<meta property=\"og:image:type\" content=\"image\/png\" \/>\n<meta name=\"twitter:card\" content=\"summary_large_image\" \/>\n<script type=\"application\/ld+json\" class=\"yoast-schema-graph\">{\"@context\":\"https:\/\/schema.org\",\"@graph\":[{\"@type\":\"WebPage\",\"@id\":\"https:\/\/sales-ai-agents.com\/tr\/templates\/fitness-goals\/\",\"url\":\"https:\/\/sales-ai-agents.com\/tr\/templates\/fitness-goals\/\",\"name\":\"Fitness Hedefleri \u015eablonu - Sales AI Agents\",\"isPartOf\":{\"@id\":\"https:\/\/sales-ai-agents.com\/#website\"},\"primaryImageOfPage\":{\"@id\":\"https:\/\/sales-ai-agents.com\/tr\/templates\/fitness-goals\/#primaryimage\"},\"image\":{\"@id\":\"https:\/\/sales-ai-agents.com\/tr\/templates\/fitness-goals\/#primaryimage\"},\"thumbnailUrl\":\"https:\/\/sales-ai-agents.com\/wp-content\/uploads\/2023\/01\/image-preview122532.png\",\"datePublished\":\"2022-09-26T12:02:57+00:00\",\"dateModified\":\"2023-12-31T16:56:57+00:00\",\"description\":\"Fitness hedeflerinizi, kilometre ta\u015flar\u0131n\u0131z\u0131 d\u00fczg\u00fcn bir \u015fekilde planlamak i\u00e7in bu \u00fccretsiz \u00f6zelle\u015ftirilebilir \u015fablonu kullan\u0131n. Bu arada, bu hedeflere ula\u015ft\u0131\u011f\u0131n\u0131zda alaca\u011f\u0131n\u0131z \u00f6d\u00fclleri de unutmay\u0131n.\",\"inLanguage\":\"tr\",\"potentialAction\":[{\"@type\":\"ReadAction\",\"target\":[\"https:\/\/sales-ai-agents.com\/tr\/templates\/fitness-goals\/\"]}]},{\"@type\":\"ImageObject\",\"inLanguage\":\"tr\",\"@id\":\"https:\/\/sales-ai-agents.com\/tr\/templates\/fitness-goals\/#primaryimage\",\"url\":\"https:\/\/sales-ai-agents.com\/wp-content\/uploads\/2023\/01\/image-preview122532.png\",\"contentUrl\":\"https:\/\/sales-ai-agents.com\/wp-content\/uploads\/2023\/01\/image-preview122532.png\",\"width\":1078,\"height\":1365},{\"@type\":\"WebSite\",\"@id\":\"https:\/\/sales-ai-agents.com\/#website\",\"url\":\"https:\/\/sales-ai-agents.com\/\",\"name\":\"FuseBase\",\"description\":\"Sales AI Agents - Free Online Collaboration Software for Remote Teams. Build your wikis, client portals and more with the Nimbus Platform collaboration tool ? A perfect space for online work\",\"publisher\":{\"@id\":\"https:\/\/sales-ai-agents.com\/#organization\"},\"potentialAction\":[{\"@type\":\"SearchAction\",\"target\":{\"@type\":\"EntryPoint\",\"urlTemplate\":\"https:\/\/sales-ai-agents.com\/?s={search_term_string}\"},\"query-input\":{\"@type\":\"PropertyValueSpecification\",\"valueRequired\":true,\"valueName\":\"search_term_string\"}}],\"inLanguage\":\"tr\"},{\"@type\":\"Organization\",\"@id\":\"https:\/\/sales-ai-agents.com\/#organization\",\"name\":\"FuseBase\",\"url\":\"https:\/\/sales-ai-agents.com\/\",\"logo\":{\"@type\":\"ImageObject\",\"inLanguage\":\"tr\",\"@id\":\"https:\/\/sales-ai-agents.com\/#\/schema\/logo\/image\/\",\"url\":\"https:\/\/sales-ai-agents.com\/wp-content\/uploads\/2023\/11\/icon-7.svg\",\"contentUrl\":\"https:\/\/sales-ai-agents.com\/wp-content\/uploads\/2023\/11\/icon-7.svg\",\"width\":128,\"height\":128,\"caption\":\"FuseBase\"},\"image\":{\"@id\":\"https:\/\/sales-ai-agents.com\/#\/schema\/logo\/image\/\"}}]}<\/script>\n<!-- \/ Yoast SEO plugin. -->","yoast_head_json":{"title":"Fitness Hedefleri \u015eablonu - Sales AI Agents","description":"Fitness hedeflerinizi, kilometre ta\u015flar\u0131n\u0131z\u0131 d\u00fczg\u00fcn bir \u015fekilde planlamak i\u00e7in bu \u00fccretsiz \u00f6zelle\u015ftirilebilir \u015fablonu kullan\u0131n. Bu arada, bu hedeflere ula\u015ft\u0131\u011f\u0131n\u0131zda alaca\u011f\u0131n\u0131z \u00f6d\u00fclleri de unutmay\u0131n.","robots":{"index":"index","follow":"follow","max-snippet":"max-snippet:-1","max-image-preview":"max-image-preview:large","max-video-preview":"max-video-preview:-1"},"canonical":"https:\/\/sales-ai-agents.com\/tr\/templates\/fitness-goals\/","og_locale":"tr_TR","og_type":"article","og_title":"Fitness Hedefleri \u015eablonu - Sales AI Agents","og_description":"Fitness hedeflerinizi, kilometre ta\u015flar\u0131n\u0131z\u0131 d\u00fczg\u00fcn bir \u015fekilde planlamak i\u00e7in bu \u00fccretsiz \u00f6zelle\u015ftirilebilir \u015fablonu kullan\u0131n. Bu arada, bu hedeflere ula\u015ft\u0131\u011f\u0131n\u0131zda alaca\u011f\u0131n\u0131z \u00f6d\u00fclleri de unutmay\u0131n.","og_url":"https:\/\/sales-ai-agents.com\/tr\/templates\/fitness-goals\/","og_site_name":"Sales AI Agents","article_modified_time":"2023-12-31T16:56:57+00:00","og_image":[{"width":1078,"height":1365,"url":"https:\/\/sales-ai-agents.com\/wp-content\/uploads\/2023\/01\/image-preview122532.png","type":"image\/png"}],"twitter_card":"summary_large_image","schema":{"@context":"https:\/\/schema.org","@graph":[{"@type":"WebPage","@id":"https:\/\/sales-ai-agents.com\/tr\/templates\/fitness-goals\/","url":"https:\/\/sales-ai-agents.com\/tr\/templates\/fitness-goals\/","name":"Fitness Hedefleri \u015eablonu - Sales AI Agents","isPartOf":{"@id":"https:\/\/sales-ai-agents.com\/#website"},"primaryImageOfPage":{"@id":"https:\/\/sales-ai-agents.com\/tr\/templates\/fitness-goals\/#primaryimage"},"image":{"@id":"https:\/\/sales-ai-agents.com\/tr\/templates\/fitness-goals\/#primaryimage"},"thumbnailUrl":"https:\/\/sales-ai-agents.com\/wp-content\/uploads\/2023\/01\/image-preview122532.png","datePublished":"2022-09-26T12:02:57+00:00","dateModified":"2023-12-31T16:56:57+00:00","description":"Fitness hedeflerinizi, kilometre ta\u015flar\u0131n\u0131z\u0131 d\u00fczg\u00fcn bir \u015fekilde planlamak i\u00e7in bu \u00fccretsiz \u00f6zelle\u015ftirilebilir \u015fablonu kullan\u0131n. Bu arada, bu hedeflere ula\u015ft\u0131\u011f\u0131n\u0131zda alaca\u011f\u0131n\u0131z \u00f6d\u00fclleri de unutmay\u0131n.","inLanguage":"tr","potentialAction":[{"@type":"ReadAction","target":["https:\/\/sales-ai-agents.com\/tr\/templates\/fitness-goals\/"]}]},{"@type":"ImageObject","inLanguage":"tr","@id":"https:\/\/sales-ai-agents.com\/tr\/templates\/fitness-goals\/#primaryimage","url":"https:\/\/sales-ai-agents.com\/wp-content\/uploads\/2023\/01\/image-preview122532.png","contentUrl":"https:\/\/sales-ai-agents.com\/wp-content\/uploads\/2023\/01\/image-preview122532.png","width":1078,"height":1365},{"@type":"WebSite","@id":"https:\/\/sales-ai-agents.com\/#website","url":"https:\/\/sales-ai-agents.com\/","name":"FuseBase","description":"Sales AI Agents - Free Online Collaboration Software for Remote Teams. Build your wikis, client portals and more with the Nimbus Platform collaboration tool ? A perfect space for online work","publisher":{"@id":"https:\/\/sales-ai-agents.com\/#organization"},"potentialAction":[{"@type":"SearchAction","target":{"@type":"EntryPoint","urlTemplate":"https:\/\/sales-ai-agents.com\/?s={search_term_string}"},"query-input":{"@type":"PropertyValueSpecification","valueRequired":true,"valueName":"search_term_string"}}],"inLanguage":"tr"},{"@type":"Organization","@id":"https:\/\/sales-ai-agents.com\/#organization","name":"FuseBase","url":"https:\/\/sales-ai-agents.com\/","logo":{"@type":"ImageObject","inLanguage":"tr","@id":"https:\/\/sales-ai-agents.com\/#\/schema\/logo\/image\/","url":"https:\/\/sales-ai-agents.com\/wp-content\/uploads\/2023\/11\/icon-7.svg","contentUrl":"https:\/\/sales-ai-agents.com\/wp-content\/uploads\/2023\/11\/icon-7.svg","width":128,"height":128,"caption":"FuseBase"},"image":{"@id":"https:\/\/sales-ai-agents.com\/#\/schema\/logo\/image\/"}}]}},"_links":{"self":[{"href":"https:\/\/sales-ai-agents.com\/tr\/wp-json\/wp\/v2\/product\/57953","targetHints":{"allow":["GET"]}}],"collection":[{"href":"https:\/\/sales-ai-agents.com\/tr\/wp-json\/wp\/v2\/product"}],"about":[{"href":"https:\/\/sales-ai-agents.com\/tr\/wp-json\/wp\/v2\/types\/product"}],"wp:featuredmedia":[{"embeddable":true,"href":"https:\/\/sales-ai-agents.com\/tr\/wp-json\/wp\/v2\/media\/57954"}],"wp:attachment":[{"href":"https:\/\/sales-ai-agents.com\/tr\/wp-json\/wp\/v2\/media?parent=57953"}],"wp:term":[{"taxonomy":"product_brand","embeddable":true,"href":"https:\/\/sales-ai-agents.com\/tr\/wp-json\/wp\/v2\/product_brand?post=57953"},{"taxonomy":"product_cat","embeddable":true,"href":"https:\/\/sales-ai-agents.com\/tr\/wp-json\/wp\/v2\/product_cat?post=57953"},{"taxonomy":"product_tag","embeddable":true,"href":"https:\/\/sales-ai-agents.com\/tr\/wp-json\/wp\/v2\/product_tag?post=57953"}],"curies":[{"name":"wp","href":"https:\/\/api.w.org\/{rel}","templated":true}]}}