{"id":57960,"date":"2022-09-26T12:02:50","date_gmt":"2022-09-26T12:02:50","guid":{"rendered":"https:\/\/sales-ai-agents.com\/templates\/general-persona-profile\/"},"modified":"2023-12-31T16:21:32","modified_gmt":"2023-12-31T16:21:32","slug":"general-persona-profile","status":"publish","type":"product","link":"https:\/\/sales-ai-agents.com\/tr\/templates\/general-persona-profile\/","title":{"rendered":"Genel Persona Profili"},"content":{"rendered":"<p>&nbsp;<\/p>\n<h2>Persona \u015eablonlar\u0131 b\u00fcy\u00fcmeniz i\u00e7in neden bu kadar \u00f6nemli?<\/h2>\n<p class=\"desc-text\">Bir m\u00fc\u015fterinin ana hatlar\u0131 veya hedefin i\u015fini yaparken kar\u015f\u0131la\u015ft\u0131\u011f\u0131 zorluklar.<br \/>\nM\u00fc\u015fteri tablosu temel bir Persona anlay\u0131\u015f\u0131 i\u00e7erir ve dahas\u0131 kolayca geli\u015ftirebilece\u011finiz bir \u00e7ekirdektir. Bu, m\u00fc\u015fterilerinizin ihtiya\u00e7lar\u0131na ve \u00f6zelliklerine g\u00f6re ki\u015fi hakk\u0131nda ayr\u0131nt\u0131lar ekleyebilece\u011finiz bitmi\u015f form ve temeldir, b\u00f6ylece \u015firketle alaka d\u00fczeyini anlayabilirsiniz.<\/p>\n<h5>Se\u00e7enekler Nelerdir?<\/h5>\n<p class=\"desc-text\">Bir ki\u015fi &#8211; bir not ilkesini b\u0131rakabilir ve bunlar\u0131 klas\u00f6rlerde, alt klas\u00f6rlerde ve dizinlerde toplayabilirsiniz. Ancak birka\u00e7 m\u00fc\u015fteriyi kar\u015f\u0131la\u015ft\u0131rmak istiyorsan\u0131z &#8211; sizin i\u00e7in farkl\u0131 bir form haz\u0131rlad\u0131k. Tablo, daha sonra Yumu\u015fak Beceri d\u00fczeyi gibi g\u00f6stergelere g\u00f6re s\u0131ralama olana\u011f\u0131 ile yaln\u0131zca birden fazla ki\u015fi i\u00e7in ayn\u0131 incelemeyi i\u00e7erir.<br \/>\nYolunuzda sadece en iyi insanlarla tan\u0131\u015faca\u011f\u0131n\u0131z\u0131 umuyoruz: hem i\u015f ortaklar\u0131 hem de m\u00fc\u015fteriler.<\/p>\n<h5>Sizin i\u00e7in en iyi Persona \u015eablonunu haz\u0131rlad\u0131k!<\/h5>\n<p class=\"desc-text\">\u015eablon iki b\u00f6l\u00fcmden olu\u015fmaktad\u0131r:<br \/>\n\u0130lk b\u00f6l\u00fcm olan G\u00f6rsel ile ba\u015flayal\u0131m. Burada yapabilirsiniz:<\/p>\n<ul class=\"desc-item_list\">\n<li class=\"desc-item_list__point\">Persona&#8217;n\u0131n kim oldu\u011funu g\u00f6r\u00fcn (isim, ya\u015f ve foto\u011fraf ekleyin);<\/li>\n<li class=\"desc-item_list__point\">Hem ge\u00e7mi\u015f hem de gelecekteki ger\u00e7ekli\u011fini belirleyin (\u00f6nceki mesle\u011fi veya bireyin arzulad\u0131\u011f\u0131 yeri ekleyin;<\/li>\n<li class=\"desc-item_list__point\">D\u00fc\u015f\u00fcncelerinin ve duygular\u0131n\u0131n ne oldu\u011funu anlay\u0131n; onlar ger\u00e7ek insanlar, ger\u00e7ek m\u00fc\u015fteriler, faaliyet alan\u0131ndan ba\u011f\u0131ms\u0131z olarak: teknik veya yarat\u0131c\u0131.<\/li>\n<\/ul>\n<p class=\"desc-text\">\u0130kinci b\u00f6l\u00fcm &#8211; endikasyonlar\u0131 i\u00e7eren bir tablo. Burada yapabilirsiniz:<\/p>\n<ul class=\"desc-item_list\">\n<li class=\"desc-item_list__point\">S\u00fctun t\u00fcr\u00fcn\u00fc de\u011fi\u015ftirin ve izleniminizi notlarla girin;<\/li>\n<li class=\"desc-item_list__point\">Sizin i\u00e7in \u00f6nemli olan niteliklerin bir tasla\u011f\u0131n\u0131 ekleyin;<\/li>\n<li class=\"desc-item_list__point\">Bu notu Persona ile ilgili \u00e7\u0131kar\u0131mlar\u0131n\u0131z olarak di\u011fer \u00e7al\u0131\u015fanlarla payla\u015f\u0131n;<\/li>\n<li class=\"desc-item_list__point\">M\u00fc\u015fteri hakk\u0131ndaki alg\u0131lar\u0131 t\u00fcm bir insan grubu i\u00e7inde uyumlu hale getirin;<\/li>\n<\/ul>\n<h5>Nas\u0131l kullan\u0131l\u0131r?<\/h5>\n<ul class=\"desc-item_list\">\n<li class=\"desc-item_list__point\">Sosyal a\u011flara ve profillere <a class=\"corporate-blue\" href=\"https:\/\/sales-ai-agents.com\/guides\/basics\/links-in-nimbus-note\/\" target=\"_blank\" rel=\"noopener\">ba\u011flant\u0131lar ekleyin<\/a> ve bunlar\u0131 bir <a class=\"corporate-blue\" href=\"https:\/\/sales-ai-agents.com\/guides\/basics\/button-object\/\" target=\"_blank\" rel=\"noopener\">d\u00fc\u011fme<\/a> haline getirin, hatta dahil etmek istediklerinizin bir listesini hizalay\u0131n.<\/li>\n<li class=\"desc-item_list__point\">Do\u011fum g\u00fcn\u00fc veya toplant\u0131 g\u00fcn\u00fc gibi bir <a class=\"corporate-blue\" href=\"https:\/\/sales-ai-agents.com\/guides\/basics\/time-reminders-in-nimbus-note\/\" target=\"_blank\" rel=\"noopener\">tarih ekleyin<\/a>, bu hevesli ger\u00e7eklikte m\u00fc\u015fterilerle randevuyu ka\u00e7\u0131rmamak i\u00e7in bir hat\u0131rlatma da ayarlayabilirsiniz.<\/li>\n<li class=\"desc-item_list__point\">Bir ki\u015fi taraf\u0131ndan g\u00f6nderilen \u00f6zge\u00e7mi\u015f gibi <a class=\"corporate-blue\" href=\"https:\/\/sales-ai-agents.com\/guides\/basics\/files-and-attachments\/\" target=\"_blank\" rel=\"noopener\">bir dosya ekleyin<\/a>&#8211; b\u00f6ylece her zaman elinizin alt\u0131nda olacakt\u0131r.<\/li>\n<li class=\"desc-item_list__point\">Tabloya, bir m\u00fc\u015fterinin \u00f6nemli persona olu\u015fturma \u00f6zelliklerini tan\u0131mlayan <a class=\"corporate-blue\" href=\"https:\/\/sales-ai-agents.com\/guides\/table-database\/tables\/\" target=\"_blank\" rel=\"noopener\">s\u00fctunlar<\/a>, hatta en sevdikleri kitaplar\u0131n bir listesini <a class=\"corporate-blue\" href=\"https:\/\/sales-ai-agents.com\/guides\/table-database\/tables\/\" target=\"_blank\" rel=\"noopener\">ekleyin<\/a> &#8211; yarat\u0131c\u0131 olun!<\/li>\n<li class=\"desc-item_list__point\">Ya da size uymayanlar\u0131 kald\u0131r\u0131n, \u00e7\u00fcnk\u00fc her i\u015f t\u0131pk\u0131 bir insan gibi kendine has \u00f6zelliklere sahiptir, bu nedenle zorluklar\u0131n\u0131za g\u00f6re ayr\u0131nt\u0131lar ekleyin!<\/li>\n<li class=\"desc-item_list__point\">Bazen ger\u00e7ek m\u00fc\u015fteriler size tahmin edilmesi zor ayr\u0131nt\u0131lar g\u00f6nderir &#8211; bunlar\u0131 eklemekten \u00e7ekinmeyin ve fikirlerinizi bize <a class=\"corporate-blue\" href=\"https:\/\/support.nimbusweb.co\/portal\/en\/newticket\" target=\"_blank\" rel=\"noopener\">destek<\/a> olarak g\u00f6nderin.<\/li>\n<\/ul>\n","protected":false},"excerpt":{"rendered":"<p>Genel ihtiya\u00e7lar i\u00e7in basit ve net bir \u00fccretsiz \u015fablon olarak bir Persona Profili edinin ve bu ki\u015finin \u015firketinizdeki mevcut rol i\u00e7in ne kadar de\u011ferli oldu\u011funa karar verin.<\/p>\n","protected":false},"featured_media":57962,"template":"","meta":{"_acf_changed":false,"inline_featured_image":false},"product_brand":[],"product_cat":[265,250,258,227,228],"product_tag":[274],"class_list":{"0":"post-57960","1":"product","2":"type-product","3":"status-publish","4":"has-post-thumbnail","6":"product_cat-customer-support","7":"product_cat-marketing","8":"product_cat-marketing-analysis","9":"product_cat-marketing-clients","10":"product_cat-sales-account","11":"product_tag-new","12":"collections-client","14":"first","15":"instock","16":"virtual","17":"sold-individually","18":"product-type-simple"},"acf":[],"yoast_head":"<!-- This site is optimized with the Yoast SEO plugin v25.3.1 - https:\/\/yoast.com\/wordpress\/plugins\/seo\/ -->\n<title>Genel Persona Profil \u015eablonu - Sales AI Agents<\/title>\n<meta name=\"description\" content=\"Genel ihtiya\u00e7lar i\u00e7in basit ve net bir \u00fccretsiz \u015fablon olarak bir Persona Profili edinin ve bu ki\u015finin \u015firketinizdeki mevcut rol i\u00e7in ne kadar de\u011ferli oldu\u011funa karar verin.\" \/>\n<meta name=\"robots\" content=\"index, follow, max-snippet:-1, max-image-preview:large, max-video-preview:-1\" \/>\n<link rel=\"canonical\" href=\"https:\/\/sales-ai-agents.com\/tr\/templates\/general-persona-profile\/\" \/>\n<meta property=\"og:locale\" content=\"tr_TR\" \/>\n<meta property=\"og:type\" content=\"article\" \/>\n<meta property=\"og:title\" content=\"Genel Persona Profil \u015eablonu - Sales AI Agents\" \/>\n<meta property=\"og:description\" content=\"Genel ihtiya\u00e7lar i\u00e7in basit ve net bir \u00fccretsiz \u015fablon olarak bir Persona Profili edinin ve bu ki\u015finin \u015firketinizdeki mevcut rol i\u00e7in ne kadar de\u011ferli oldu\u011funa karar verin.\" \/>\n<meta property=\"og:url\" content=\"https:\/\/sales-ai-agents.com\/tr\/templates\/general-persona-profile\/\" \/>\n<meta property=\"og:site_name\" content=\"Sales AI Agents\" \/>\n<meta property=\"article:modified_time\" content=\"2023-12-31T16:21:32+00:00\" \/>\n<meta property=\"og:image\" content=\"https:\/\/sales-ai-agents.com\/wp-content\/uploads\/2022\/09\/General-Persona-Profile-Template.png\" \/>\n\t<meta property=\"og:image:width\" content=\"1700\" \/>\n\t<meta property=\"og:image:height\" content=\"1100\" \/>\n\t<meta property=\"og:image:type\" content=\"image\/png\" \/>\n<meta name=\"twitter:card\" content=\"summary_large_image\" \/>\n<script type=\"application\/ld+json\" class=\"yoast-schema-graph\">{\"@context\":\"https:\/\/schema.org\",\"@graph\":[{\"@type\":\"WebPage\",\"@id\":\"https:\/\/sales-ai-agents.com\/tr\/templates\/general-persona-profile\/\",\"url\":\"https:\/\/sales-ai-agents.com\/tr\/templates\/general-persona-profile\/\",\"name\":\"Genel Persona Profil \u015eablonu - Sales AI Agents\",\"isPartOf\":{\"@id\":\"https:\/\/sales-ai-agents.com\/#website\"},\"primaryImageOfPage\":{\"@id\":\"https:\/\/sales-ai-agents.com\/tr\/templates\/general-persona-profile\/#primaryimage\"},\"image\":{\"@id\":\"https:\/\/sales-ai-agents.com\/tr\/templates\/general-persona-profile\/#primaryimage\"},\"thumbnailUrl\":\"https:\/\/sales-ai-agents.com\/wp-content\/uploads\/2022\/09\/General-Persona-Profile-Template.png\",\"datePublished\":\"2022-09-26T12:02:50+00:00\",\"dateModified\":\"2023-12-31T16:21:32+00:00\",\"description\":\"Genel ihtiya\u00e7lar i\u00e7in basit ve net bir \u00fccretsiz \u015fablon olarak bir Persona Profili edinin ve bu ki\u015finin \u015firketinizdeki mevcut rol i\u00e7in ne kadar de\u011ferli oldu\u011funa karar verin.\",\"inLanguage\":\"tr\",\"potentialAction\":[{\"@type\":\"ReadAction\",\"target\":[\"https:\/\/sales-ai-agents.com\/tr\/templates\/general-persona-profile\/\"]}]},{\"@type\":\"ImageObject\",\"inLanguage\":\"tr\",\"@id\":\"https:\/\/sales-ai-agents.com\/tr\/templates\/general-persona-profile\/#primaryimage\",\"url\":\"https:\/\/sales-ai-agents.com\/wp-content\/uploads\/2022\/09\/General-Persona-Profile-Template.png\",\"contentUrl\":\"https:\/\/sales-ai-agents.com\/wp-content\/uploads\/2022\/09\/General-Persona-Profile-Template.png\",\"width\":1700,\"height\":1100},{\"@type\":\"WebSite\",\"@id\":\"https:\/\/sales-ai-agents.com\/#website\",\"url\":\"https:\/\/sales-ai-agents.com\/\",\"name\":\"FuseBase\",\"description\":\"Sales AI Agents - Free Online Collaboration Software for Remote Teams. Build your wikis, client portals and more with the Nimbus Platform collaboration tool ? A perfect space for online work\",\"publisher\":{\"@id\":\"https:\/\/sales-ai-agents.com\/#organization\"},\"potentialAction\":[{\"@type\":\"SearchAction\",\"target\":{\"@type\":\"EntryPoint\",\"urlTemplate\":\"https:\/\/sales-ai-agents.com\/?s={search_term_string}\"},\"query-input\":{\"@type\":\"PropertyValueSpecification\",\"valueRequired\":true,\"valueName\":\"search_term_string\"}}],\"inLanguage\":\"tr\"},{\"@type\":\"Organization\",\"@id\":\"https:\/\/sales-ai-agents.com\/#organization\",\"name\":\"FuseBase\",\"url\":\"https:\/\/sales-ai-agents.com\/\",\"logo\":{\"@type\":\"ImageObject\",\"inLanguage\":\"tr\",\"@id\":\"https:\/\/sales-ai-agents.com\/#\/schema\/logo\/image\/\",\"url\":\"https:\/\/sales-ai-agents.com\/wp-content\/uploads\/2023\/11\/icon-7.svg\",\"contentUrl\":\"https:\/\/sales-ai-agents.com\/wp-content\/uploads\/2023\/11\/icon-7.svg\",\"width\":128,\"height\":128,\"caption\":\"FuseBase\"},\"image\":{\"@id\":\"https:\/\/sales-ai-agents.com\/#\/schema\/logo\/image\/\"}}]}<\/script>\n<!-- \/ Yoast SEO plugin. -->","yoast_head_json":{"title":"Genel Persona Profil \u015eablonu - Sales AI Agents","description":"Genel ihtiya\u00e7lar i\u00e7in basit ve net bir \u00fccretsiz \u015fablon olarak bir Persona Profili edinin ve bu ki\u015finin \u015firketinizdeki mevcut rol i\u00e7in ne kadar de\u011ferli oldu\u011funa karar verin.","robots":{"index":"index","follow":"follow","max-snippet":"max-snippet:-1","max-image-preview":"max-image-preview:large","max-video-preview":"max-video-preview:-1"},"canonical":"https:\/\/sales-ai-agents.com\/tr\/templates\/general-persona-profile\/","og_locale":"tr_TR","og_type":"article","og_title":"Genel Persona Profil \u015eablonu - Sales AI Agents","og_description":"Genel ihtiya\u00e7lar i\u00e7in basit ve net bir \u00fccretsiz \u015fablon olarak bir Persona Profili edinin ve bu ki\u015finin \u015firketinizdeki mevcut rol i\u00e7in ne kadar de\u011ferli oldu\u011funa karar verin.","og_url":"https:\/\/sales-ai-agents.com\/tr\/templates\/general-persona-profile\/","og_site_name":"Sales AI Agents","article_modified_time":"2023-12-31T16:21:32+00:00","og_image":[{"width":1700,"height":1100,"url":"https:\/\/sales-ai-agents.com\/wp-content\/uploads\/2022\/09\/General-Persona-Profile-Template.png","type":"image\/png"}],"twitter_card":"summary_large_image","schema":{"@context":"https:\/\/schema.org","@graph":[{"@type":"WebPage","@id":"https:\/\/sales-ai-agents.com\/tr\/templates\/general-persona-profile\/","url":"https:\/\/sales-ai-agents.com\/tr\/templates\/general-persona-profile\/","name":"Genel Persona Profil \u015eablonu - Sales AI Agents","isPartOf":{"@id":"https:\/\/sales-ai-agents.com\/#website"},"primaryImageOfPage":{"@id":"https:\/\/sales-ai-agents.com\/tr\/templates\/general-persona-profile\/#primaryimage"},"image":{"@id":"https:\/\/sales-ai-agents.com\/tr\/templates\/general-persona-profile\/#primaryimage"},"thumbnailUrl":"https:\/\/sales-ai-agents.com\/wp-content\/uploads\/2022\/09\/General-Persona-Profile-Template.png","datePublished":"2022-09-26T12:02:50+00:00","dateModified":"2023-12-31T16:21:32+00:00","description":"Genel ihtiya\u00e7lar i\u00e7in basit ve net bir \u00fccretsiz \u015fablon olarak bir Persona Profili edinin ve bu ki\u015finin \u015firketinizdeki mevcut rol i\u00e7in ne kadar de\u011ferli oldu\u011funa karar verin.","inLanguage":"tr","potentialAction":[{"@type":"ReadAction","target":["https:\/\/sales-ai-agents.com\/tr\/templates\/general-persona-profile\/"]}]},{"@type":"ImageObject","inLanguage":"tr","@id":"https:\/\/sales-ai-agents.com\/tr\/templates\/general-persona-profile\/#primaryimage","url":"https:\/\/sales-ai-agents.com\/wp-content\/uploads\/2022\/09\/General-Persona-Profile-Template.png","contentUrl":"https:\/\/sales-ai-agents.com\/wp-content\/uploads\/2022\/09\/General-Persona-Profile-Template.png","width":1700,"height":1100},{"@type":"WebSite","@id":"https:\/\/sales-ai-agents.com\/#website","url":"https:\/\/sales-ai-agents.com\/","name":"FuseBase","description":"Sales AI Agents - Free Online Collaboration Software for Remote Teams. Build your wikis, client portals and more with the Nimbus Platform collaboration tool ? A perfect space for online work","publisher":{"@id":"https:\/\/sales-ai-agents.com\/#organization"},"potentialAction":[{"@type":"SearchAction","target":{"@type":"EntryPoint","urlTemplate":"https:\/\/sales-ai-agents.com\/?s={search_term_string}"},"query-input":{"@type":"PropertyValueSpecification","valueRequired":true,"valueName":"search_term_string"}}],"inLanguage":"tr"},{"@type":"Organization","@id":"https:\/\/sales-ai-agents.com\/#organization","name":"FuseBase","url":"https:\/\/sales-ai-agents.com\/","logo":{"@type":"ImageObject","inLanguage":"tr","@id":"https:\/\/sales-ai-agents.com\/#\/schema\/logo\/image\/","url":"https:\/\/sales-ai-agents.com\/wp-content\/uploads\/2023\/11\/icon-7.svg","contentUrl":"https:\/\/sales-ai-agents.com\/wp-content\/uploads\/2023\/11\/icon-7.svg","width":128,"height":128,"caption":"FuseBase"},"image":{"@id":"https:\/\/sales-ai-agents.com\/#\/schema\/logo\/image\/"}}]}},"_links":{"self":[{"href":"https:\/\/sales-ai-agents.com\/tr\/wp-json\/wp\/v2\/product\/57960","targetHints":{"allow":["GET"]}}],"collection":[{"href":"https:\/\/sales-ai-agents.com\/tr\/wp-json\/wp\/v2\/product"}],"about":[{"href":"https:\/\/sales-ai-agents.com\/tr\/wp-json\/wp\/v2\/types\/product"}],"wp:featuredmedia":[{"embeddable":true,"href":"https:\/\/sales-ai-agents.com\/tr\/wp-json\/wp\/v2\/media\/57962"}],"wp:attachment":[{"href":"https:\/\/sales-ai-agents.com\/tr\/wp-json\/wp\/v2\/media?parent=57960"}],"wp:term":[{"taxonomy":"product_brand","embeddable":true,"href":"https:\/\/sales-ai-agents.com\/tr\/wp-json\/wp\/v2\/product_brand?post=57960"},{"taxonomy":"product_cat","embeddable":true,"href":"https:\/\/sales-ai-agents.com\/tr\/wp-json\/wp\/v2\/product_cat?post=57960"},{"taxonomy":"product_tag","embeddable":true,"href":"https:\/\/sales-ai-agents.com\/tr\/wp-json\/wp\/v2\/product_tag?post=57960"}],"curies":[{"name":"wp","href":"https:\/\/api.w.org\/{rel}","templated":true}]}}