{"id":58036,"date":"2022-09-26T12:02:46","date_gmt":"2022-09-26T12:02:46","guid":{"rendered":"https:\/\/sales-ai-agents.com\/templates\/release-checklist\/"},"modified":"2024-01-01T15:01:34","modified_gmt":"2024-01-01T15:01:34","slug":"release-checklist","status":"publish","type":"product","link":"https:\/\/sales-ai-agents.com\/tr\/templates\/release-checklist\/","title":{"rendered":"Serbest B\u0131rakma Kontrol Listesi"},"content":{"rendered":"<p>&nbsp;<\/p>\n<h2>Serbest B\u0131rakma Kontrol Listesi \u015eablonu<\/h2>\n<p class=\"desc-text\">Bir \u00fcr\u00fcn\u00fcn piyasaya s\u00fcr\u00fclmesi t\u00fcm ekibiniz i\u00e7in heyecan verici bir zaman olabilir. Tamamlanan \u00e7al\u0131\u015fman\u0131z\u0131 ortaya \u00e7\u0131karmadan \u00f6nce, bu s\u00fcr\u00fcm kontrol listesi \u015fablonuyla t\u00fcm eksiklerinizi tamamlad\u0131\u011f\u0131n\u0131zdan emin olun. Yay\u0131n tarihinize yakla\u015ft\u0131k\u00e7a, yar\u0131m kalan bir \u015fey olmad\u0131\u011f\u0131ndan emin olmak i\u00e7in listenizi iki kez kontrol edin. Kapsaml\u0131 bir planlamayla, s\u00fcr\u00fcm\u00fcn\u00fcz\u00fcn ba\u015far\u0131l\u0131 olmas\u0131n\u0131 ve hi\u00e7bir \u00f6nemli ad\u0131m\u0131 atlamaman\u0131z\u0131 sa\u011flayabilirsiniz.<\/p>\n<h5>Nas\u0131l kullan\u0131l\u0131r?<\/h5>\n<ul class=\"desc-item_list\">\n<li class=\"desc-item_list__point\">Temel \u00f6\u011feler ve g\u00f6revlerden olu\u015fan bir kontrol listesi olu\u015fturun<\/li>\n<li class=\"desc-item_list__point\">Tabloda test edilecek \u00f6zellikleri listeleyin<\/li>\n<li class=\"desc-item_list__point\">Her \u00f6zellik i\u00e7in bir a\u00e7\u0131klama ekleyin<\/li>\n<li class=\"desc-item_list__point\">G\u00f6z \u00f6n\u00fcnde bulundurulmas\u0131 gereken \u00f6\u011felerin bir listesini yap\u0131n<\/li>\n<li class=\"desc-item_list__point\">Ekip \u00fcyeleri veya payda\u015flarla payla\u015f\u0131n<\/li>\n<\/ul>\n","protected":false},"excerpt":{"rendered":"<p>Bir \u00fcr\u00fcn\u00fcn piyasaya s\u00fcr\u00fclmesi ekibiniz i\u00e7in heyecan verici bir zaman olabilir. Tamamlanan \u00e7al\u0131\u015fman\u0131z\u0131 ortaya \u00e7\u0131karmadan \u00f6nce, bu s\u00fcr\u00fcm kontrol listesi \u015fablonuyla her \u015feyi kapsad\u0131\u011f\u0131n\u0131zdan emin olun.<\/p>\n","protected":false},"featured_media":58037,"template":"","meta":{"_acf_changed":false,"inline_featured_image":false},"product_brand":[],"product_cat":[271,252],"product_tag":[],"class_list":{"0":"post-58036","1":"product","2":"type-product","3":"status-publish","4":"has-post-thumbnail","6":"product_cat-product-management","7":"product_cat-product","9":"first","10":"instock","11":"virtual","12":"sold-individually","13":"product-type-simple"},"acf":[],"yoast_head":"<!-- This site is optimized with the Yoast SEO plugin v25.3.1 - https:\/\/yoast.com\/wordpress\/plugins\/seo\/ -->\n<title>S\u00fcr\u00fcm kontrol listesi \u015eablonu - Sales AI Agents<\/title>\n<meta name=\"description\" content=\"Bir \u00fcr\u00fcn\u00fcn piyasaya s\u00fcr\u00fclmesi ekibiniz i\u00e7in heyecan verici bir zaman olabilir. Bu s\u00fcr\u00fcm kontrol listesi \u015fablonu ile her \u015feyi kapsad\u0131\u011f\u0131n\u0131zdan emin olun.\" \/>\n<meta name=\"robots\" content=\"index, follow, max-snippet:-1, max-image-preview:large, max-video-preview:-1\" \/>\n<link rel=\"canonical\" href=\"https:\/\/sales-ai-agents.com\/tr\/templates\/release-checklist\/\" \/>\n<meta property=\"og:locale\" content=\"tr_TR\" \/>\n<meta property=\"og:type\" content=\"article\" \/>\n<meta property=\"og:title\" content=\"S\u00fcr\u00fcm kontrol listesi \u015eablonu - Sales AI Agents\" \/>\n<meta property=\"og:description\" content=\"Bir \u00fcr\u00fcn\u00fcn piyasaya s\u00fcr\u00fclmesi ekibiniz i\u00e7in heyecan verici bir zaman olabilir. Bu s\u00fcr\u00fcm kontrol listesi \u015fablonu ile her \u015feyi kapsad\u0131\u011f\u0131n\u0131zdan emin olun.\" \/>\n<meta property=\"og:url\" content=\"https:\/\/sales-ai-agents.com\/tr\/templates\/release-checklist\/\" \/>\n<meta property=\"og:site_name\" content=\"Sales AI Agents\" \/>\n<meta property=\"article:modified_time\" content=\"2024-01-01T15:01:34+00:00\" \/>\n<meta property=\"og:image\" content=\"https:\/\/sales-ai-agents.com\/wp-content\/uploads\/2022\/09\/Release-Checklist-Template.png\" \/>\n\t<meta property=\"og:image:width\" content=\"1700\" \/>\n\t<meta property=\"og:image:height\" content=\"1100\" \/>\n\t<meta property=\"og:image:type\" content=\"image\/png\" \/>\n<meta name=\"twitter:card\" content=\"summary_large_image\" \/>\n<script type=\"application\/ld+json\" class=\"yoast-schema-graph\">{\"@context\":\"https:\/\/schema.org\",\"@graph\":[{\"@type\":\"WebPage\",\"@id\":\"https:\/\/sales-ai-agents.com\/tr\/templates\/release-checklist\/\",\"url\":\"https:\/\/sales-ai-agents.com\/tr\/templates\/release-checklist\/\",\"name\":\"S\u00fcr\u00fcm kontrol listesi \u015eablonu - Sales AI Agents\",\"isPartOf\":{\"@id\":\"https:\/\/sales-ai-agents.com\/#website\"},\"primaryImageOfPage\":{\"@id\":\"https:\/\/sales-ai-agents.com\/tr\/templates\/release-checklist\/#primaryimage\"},\"image\":{\"@id\":\"https:\/\/sales-ai-agents.com\/tr\/templates\/release-checklist\/#primaryimage\"},\"thumbnailUrl\":\"https:\/\/sales-ai-agents.com\/wp-content\/uploads\/2022\/09\/Release-Checklist-Template.png\",\"datePublished\":\"2022-09-26T12:02:46+00:00\",\"dateModified\":\"2024-01-01T15:01:34+00:00\",\"description\":\"Bir \u00fcr\u00fcn\u00fcn piyasaya s\u00fcr\u00fclmesi ekibiniz i\u00e7in heyecan verici bir zaman olabilir. Bu s\u00fcr\u00fcm kontrol listesi \u015fablonu ile her \u015feyi kapsad\u0131\u011f\u0131n\u0131zdan emin olun.\",\"inLanguage\":\"tr\",\"potentialAction\":[{\"@type\":\"ReadAction\",\"target\":[\"https:\/\/sales-ai-agents.com\/tr\/templates\/release-checklist\/\"]}]},{\"@type\":\"ImageObject\",\"inLanguage\":\"tr\",\"@id\":\"https:\/\/sales-ai-agents.com\/tr\/templates\/release-checklist\/#primaryimage\",\"url\":\"https:\/\/sales-ai-agents.com\/wp-content\/uploads\/2022\/09\/Release-Checklist-Template.png\",\"contentUrl\":\"https:\/\/sales-ai-agents.com\/wp-content\/uploads\/2022\/09\/Release-Checklist-Template.png\",\"width\":1700,\"height\":1100},{\"@type\":\"WebSite\",\"@id\":\"https:\/\/sales-ai-agents.com\/#website\",\"url\":\"https:\/\/sales-ai-agents.com\/\",\"name\":\"FuseBase\",\"description\":\"Sales AI Agents - Free Online Collaboration Software for Remote Teams. Build your wikis, client portals and more with the Nimbus Platform collaboration tool ? A perfect space for online work\",\"publisher\":{\"@id\":\"https:\/\/sales-ai-agents.com\/#organization\"},\"potentialAction\":[{\"@type\":\"SearchAction\",\"target\":{\"@type\":\"EntryPoint\",\"urlTemplate\":\"https:\/\/sales-ai-agents.com\/?s={search_term_string}\"},\"query-input\":{\"@type\":\"PropertyValueSpecification\",\"valueRequired\":true,\"valueName\":\"search_term_string\"}}],\"inLanguage\":\"tr\"},{\"@type\":\"Organization\",\"@id\":\"https:\/\/sales-ai-agents.com\/#organization\",\"name\":\"FuseBase\",\"url\":\"https:\/\/sales-ai-agents.com\/\",\"logo\":{\"@type\":\"ImageObject\",\"inLanguage\":\"tr\",\"@id\":\"https:\/\/sales-ai-agents.com\/#\/schema\/logo\/image\/\",\"url\":\"https:\/\/sales-ai-agents.com\/wp-content\/uploads\/2023\/11\/icon-7.svg\",\"contentUrl\":\"https:\/\/sales-ai-agents.com\/wp-content\/uploads\/2023\/11\/icon-7.svg\",\"width\":128,\"height\":128,\"caption\":\"FuseBase\"},\"image\":{\"@id\":\"https:\/\/sales-ai-agents.com\/#\/schema\/logo\/image\/\"}}]}<\/script>\n<!-- \/ Yoast SEO plugin. -->","yoast_head_json":{"title":"S\u00fcr\u00fcm kontrol listesi \u015eablonu - Sales AI Agents","description":"Bir \u00fcr\u00fcn\u00fcn piyasaya s\u00fcr\u00fclmesi ekibiniz i\u00e7in heyecan verici bir zaman olabilir. Bu s\u00fcr\u00fcm kontrol listesi \u015fablonu ile her \u015feyi kapsad\u0131\u011f\u0131n\u0131zdan emin olun.","robots":{"index":"index","follow":"follow","max-snippet":"max-snippet:-1","max-image-preview":"max-image-preview:large","max-video-preview":"max-video-preview:-1"},"canonical":"https:\/\/sales-ai-agents.com\/tr\/templates\/release-checklist\/","og_locale":"tr_TR","og_type":"article","og_title":"S\u00fcr\u00fcm kontrol listesi \u015eablonu - Sales AI Agents","og_description":"Bir \u00fcr\u00fcn\u00fcn piyasaya s\u00fcr\u00fclmesi ekibiniz i\u00e7in heyecan verici bir zaman olabilir. Bu s\u00fcr\u00fcm kontrol listesi \u015fablonu ile her \u015feyi kapsad\u0131\u011f\u0131n\u0131zdan emin olun.","og_url":"https:\/\/sales-ai-agents.com\/tr\/templates\/release-checklist\/","og_site_name":"Sales AI Agents","article_modified_time":"2024-01-01T15:01:34+00:00","og_image":[{"width":1700,"height":1100,"url":"https:\/\/sales-ai-agents.com\/wp-content\/uploads\/2022\/09\/Release-Checklist-Template.png","type":"image\/png"}],"twitter_card":"summary_large_image","schema":{"@context":"https:\/\/schema.org","@graph":[{"@type":"WebPage","@id":"https:\/\/sales-ai-agents.com\/tr\/templates\/release-checklist\/","url":"https:\/\/sales-ai-agents.com\/tr\/templates\/release-checklist\/","name":"S\u00fcr\u00fcm kontrol listesi \u015eablonu - Sales AI Agents","isPartOf":{"@id":"https:\/\/sales-ai-agents.com\/#website"},"primaryImageOfPage":{"@id":"https:\/\/sales-ai-agents.com\/tr\/templates\/release-checklist\/#primaryimage"},"image":{"@id":"https:\/\/sales-ai-agents.com\/tr\/templates\/release-checklist\/#primaryimage"},"thumbnailUrl":"https:\/\/sales-ai-agents.com\/wp-content\/uploads\/2022\/09\/Release-Checklist-Template.png","datePublished":"2022-09-26T12:02:46+00:00","dateModified":"2024-01-01T15:01:34+00:00","description":"Bir \u00fcr\u00fcn\u00fcn piyasaya s\u00fcr\u00fclmesi ekibiniz i\u00e7in heyecan verici bir zaman olabilir. Bu s\u00fcr\u00fcm kontrol listesi \u015fablonu ile her \u015feyi kapsad\u0131\u011f\u0131n\u0131zdan emin olun.","inLanguage":"tr","potentialAction":[{"@type":"ReadAction","target":["https:\/\/sales-ai-agents.com\/tr\/templates\/release-checklist\/"]}]},{"@type":"ImageObject","inLanguage":"tr","@id":"https:\/\/sales-ai-agents.com\/tr\/templates\/release-checklist\/#primaryimage","url":"https:\/\/sales-ai-agents.com\/wp-content\/uploads\/2022\/09\/Release-Checklist-Template.png","contentUrl":"https:\/\/sales-ai-agents.com\/wp-content\/uploads\/2022\/09\/Release-Checklist-Template.png","width":1700,"height":1100},{"@type":"WebSite","@id":"https:\/\/sales-ai-agents.com\/#website","url":"https:\/\/sales-ai-agents.com\/","name":"FuseBase","description":"Sales AI Agents - Free Online Collaboration Software for Remote Teams. Build your wikis, client portals and more with the Nimbus Platform collaboration tool ? A perfect space for online work","publisher":{"@id":"https:\/\/sales-ai-agents.com\/#organization"},"potentialAction":[{"@type":"SearchAction","target":{"@type":"EntryPoint","urlTemplate":"https:\/\/sales-ai-agents.com\/?s={search_term_string}"},"query-input":{"@type":"PropertyValueSpecification","valueRequired":true,"valueName":"search_term_string"}}],"inLanguage":"tr"},{"@type":"Organization","@id":"https:\/\/sales-ai-agents.com\/#organization","name":"FuseBase","url":"https:\/\/sales-ai-agents.com\/","logo":{"@type":"ImageObject","inLanguage":"tr","@id":"https:\/\/sales-ai-agents.com\/#\/schema\/logo\/image\/","url":"https:\/\/sales-ai-agents.com\/wp-content\/uploads\/2023\/11\/icon-7.svg","contentUrl":"https:\/\/sales-ai-agents.com\/wp-content\/uploads\/2023\/11\/icon-7.svg","width":128,"height":128,"caption":"FuseBase"},"image":{"@id":"https:\/\/sales-ai-agents.com\/#\/schema\/logo\/image\/"}}]}},"_links":{"self":[{"href":"https:\/\/sales-ai-agents.com\/tr\/wp-json\/wp\/v2\/product\/58036","targetHints":{"allow":["GET"]}}],"collection":[{"href":"https:\/\/sales-ai-agents.com\/tr\/wp-json\/wp\/v2\/product"}],"about":[{"href":"https:\/\/sales-ai-agents.com\/tr\/wp-json\/wp\/v2\/types\/product"}],"wp:featuredmedia":[{"embeddable":true,"href":"https:\/\/sales-ai-agents.com\/tr\/wp-json\/wp\/v2\/media\/58037"}],"wp:attachment":[{"href":"https:\/\/sales-ai-agents.com\/tr\/wp-json\/wp\/v2\/media?parent=58036"}],"wp:term":[{"taxonomy":"product_brand","embeddable":true,"href":"https:\/\/sales-ai-agents.com\/tr\/wp-json\/wp\/v2\/product_brand?post=58036"},{"taxonomy":"product_cat","embeddable":true,"href":"https:\/\/sales-ai-agents.com\/tr\/wp-json\/wp\/v2\/product_cat?post=58036"},{"taxonomy":"product_tag","embeddable":true,"href":"https:\/\/sales-ai-agents.com\/tr\/wp-json\/wp\/v2\/product_tag?post=58036"}],"curies":[{"name":"wp","href":"https:\/\/api.w.org\/{rel}","templated":true}]}}