{"id":58039,"date":"2022-09-26T12:02:43","date_gmt":"2022-09-26T12:02:43","guid":{"rendered":"https:\/\/sales-ai-agents.com\/templates\/reading-list\/"},"modified":"2023-12-31T17:25:54","modified_gmt":"2023-12-31T17:25:54","slug":"reading-list","status":"publish","type":"product","link":"https:\/\/sales-ai-agents.com\/tr\/templates\/reading-list\/","title":{"rendered":"Okuma Listesi"},"content":{"rendered":"<p>&nbsp;<\/p>\n<h2>Okuma Listesi \u015eablonu<\/h2>\n<p class=\"desc-text\">Okuma zaman\u0131na haz\u0131r olun! Okumak istedi\u011finiz t\u00fcm kitaplar\u0131n bir listesini yap\u0131n. Her ba\u015fl\u0131k i\u00e7in tarihleri ve derecelendirmeleri ekleyin. \u0130lerlemenizi g\u00fcncelleyin ve listenizin b\u00fcy\u00fcmesini izleyin!<\/p>\n<h5>Nas\u0131l kullan\u0131l\u0131r?<\/h5>\n<ul class=\"desc-item_list\">\n<li class=\"desc-item_list__point\">Okumay\u0131 planlad\u0131\u011f\u0131n\u0131z kitab\u0131n ad\u0131n\u0131 ve yazar\u0131n\u0131 ekleyin<\/li>\n<li class=\"desc-item_list__point\">Beklenen ba\u015flang\u0131\u00e7 tarihini ekleyin<\/li>\n<li class=\"desc-item_list__point\">Her kitab\u0131 bitirdikten sonra derecelendirme ekleyin<\/li>\n<\/ul>\n","protected":false},"excerpt":{"rendered":"<p>Okuma zaman\u0131na haz\u0131r olun! Okumak istedi\u011finiz t\u00fcm kitaplar\u0131n bir listesini yap\u0131n. Her ba\u015fl\u0131k i\u00e7in tarihleri ve derecelendirmeleri ekleyin. \u0130lerlemenizi g\u00fcncelleyin ve listenizin b\u00fcy\u00fcmesini izleyin.<\/p>\n","protected":false},"featured_media":58040,"template":"","meta":{"_acf_changed":false,"inline_featured_image":false},"product_brand":[],"product_cat":[257,267,268,277],"product_tag":[],"class_list":{"0":"post-58039","1":"product","2":"type-product","3":"status-publish","4":"has-post-thumbnail","6":"product_cat-personal","7":"product_cat-student","8":"product_cat-teacher","9":"product_cat-personal-fun","11":"first","12":"instock","13":"virtual","14":"sold-individually","15":"product-type-simple"},"acf":[],"yoast_head":"<!-- This site is optimized with the Yoast SEO plugin v25.3.1 - https:\/\/yoast.com\/wordpress\/plugins\/seo\/ -->\n<title>Okuma Listesi \u015eablonu - Sales AI Agents<\/title>\n<meta name=\"description\" content=\"Okuma zaman\u0131na haz\u0131r olun! Okumak istedi\u011finiz t\u00fcm kitaplar\u0131n bir listesini yap\u0131n. Her ba\u015fl\u0131k i\u00e7in tarihleri ve derecelendirmeleri ekleyin. Nimbus ile ilerlemenizi g\u00fcncelleyin!\" \/>\n<meta name=\"robots\" content=\"index, follow, max-snippet:-1, max-image-preview:large, max-video-preview:-1\" \/>\n<link rel=\"canonical\" href=\"https:\/\/sales-ai-agents.com\/tr\/templates\/reading-list\/\" \/>\n<meta property=\"og:locale\" content=\"tr_TR\" \/>\n<meta property=\"og:type\" content=\"article\" \/>\n<meta property=\"og:title\" content=\"Okuma Listesi \u015eablonu - Sales AI Agents\" \/>\n<meta property=\"og:description\" content=\"Okuma zaman\u0131na haz\u0131r olun! Okumak istedi\u011finiz t\u00fcm kitaplar\u0131n bir listesini yap\u0131n. Her ba\u015fl\u0131k i\u00e7in tarihleri ve derecelendirmeleri ekleyin. Nimbus ile ilerlemenizi g\u00fcncelleyin!\" \/>\n<meta property=\"og:url\" content=\"https:\/\/sales-ai-agents.com\/tr\/templates\/reading-list\/\" \/>\n<meta property=\"og:site_name\" content=\"Sales AI Agents\" \/>\n<meta property=\"article:modified_time\" content=\"2023-12-31T17:25:54+00:00\" \/>\n<meta property=\"og:image\" content=\"https:\/\/sales-ai-agents.com\/wp-content\/uploads\/2023\/01\/image-preview122527.png\" \/>\n\t<meta property=\"og:image:width\" content=\"1078\" \/>\n\t<meta property=\"og:image:height\" content=\"1028\" \/>\n\t<meta property=\"og:image:type\" content=\"image\/png\" \/>\n<meta name=\"twitter:card\" content=\"summary_large_image\" \/>\n<script type=\"application\/ld+json\" class=\"yoast-schema-graph\">{\"@context\":\"https:\/\/schema.org\",\"@graph\":[{\"@type\":\"WebPage\",\"@id\":\"https:\/\/sales-ai-agents.com\/tr\/templates\/reading-list\/\",\"url\":\"https:\/\/sales-ai-agents.com\/tr\/templates\/reading-list\/\",\"name\":\"Okuma Listesi \u015eablonu - Sales AI Agents\",\"isPartOf\":{\"@id\":\"https:\/\/sales-ai-agents.com\/#website\"},\"primaryImageOfPage\":{\"@id\":\"https:\/\/sales-ai-agents.com\/tr\/templates\/reading-list\/#primaryimage\"},\"image\":{\"@id\":\"https:\/\/sales-ai-agents.com\/tr\/templates\/reading-list\/#primaryimage\"},\"thumbnailUrl\":\"https:\/\/sales-ai-agents.com\/wp-content\/uploads\/2023\/01\/image-preview122527.png\",\"datePublished\":\"2022-09-26T12:02:43+00:00\",\"dateModified\":\"2023-12-31T17:25:54+00:00\",\"description\":\"Okuma zaman\u0131na haz\u0131r olun! Okumak istedi\u011finiz t\u00fcm kitaplar\u0131n bir listesini yap\u0131n. Her ba\u015fl\u0131k i\u00e7in tarihleri ve derecelendirmeleri ekleyin. Nimbus ile ilerlemenizi g\u00fcncelleyin!\",\"inLanguage\":\"tr\",\"potentialAction\":[{\"@type\":\"ReadAction\",\"target\":[\"https:\/\/sales-ai-agents.com\/tr\/templates\/reading-list\/\"]}]},{\"@type\":\"ImageObject\",\"inLanguage\":\"tr\",\"@id\":\"https:\/\/sales-ai-agents.com\/tr\/templates\/reading-list\/#primaryimage\",\"url\":\"https:\/\/sales-ai-agents.com\/wp-content\/uploads\/2023\/01\/image-preview122527.png\",\"contentUrl\":\"https:\/\/sales-ai-agents.com\/wp-content\/uploads\/2023\/01\/image-preview122527.png\",\"width\":1078,\"height\":1028},{\"@type\":\"WebSite\",\"@id\":\"https:\/\/sales-ai-agents.com\/#website\",\"url\":\"https:\/\/sales-ai-agents.com\/\",\"name\":\"FuseBase\",\"description\":\"Sales AI Agents - Free Online Collaboration Software for Remote Teams. Build your wikis, client portals and more with the Nimbus Platform collaboration tool ? A perfect space for online work\",\"publisher\":{\"@id\":\"https:\/\/sales-ai-agents.com\/#organization\"},\"potentialAction\":[{\"@type\":\"SearchAction\",\"target\":{\"@type\":\"EntryPoint\",\"urlTemplate\":\"https:\/\/sales-ai-agents.com\/?s={search_term_string}\"},\"query-input\":{\"@type\":\"PropertyValueSpecification\",\"valueRequired\":true,\"valueName\":\"search_term_string\"}}],\"inLanguage\":\"tr\"},{\"@type\":\"Organization\",\"@id\":\"https:\/\/sales-ai-agents.com\/#organization\",\"name\":\"FuseBase\",\"url\":\"https:\/\/sales-ai-agents.com\/\",\"logo\":{\"@type\":\"ImageObject\",\"inLanguage\":\"tr\",\"@id\":\"https:\/\/sales-ai-agents.com\/#\/schema\/logo\/image\/\",\"url\":\"https:\/\/sales-ai-agents.com\/wp-content\/uploads\/2023\/11\/icon-7.svg\",\"contentUrl\":\"https:\/\/sales-ai-agents.com\/wp-content\/uploads\/2023\/11\/icon-7.svg\",\"width\":128,\"height\":128,\"caption\":\"FuseBase\"},\"image\":{\"@id\":\"https:\/\/sales-ai-agents.com\/#\/schema\/logo\/image\/\"}}]}<\/script>\n<!-- \/ Yoast SEO plugin. -->","yoast_head_json":{"title":"Okuma Listesi \u015eablonu - Sales AI Agents","description":"Okuma zaman\u0131na haz\u0131r olun! Okumak istedi\u011finiz t\u00fcm kitaplar\u0131n bir listesini yap\u0131n. Her ba\u015fl\u0131k i\u00e7in tarihleri ve derecelendirmeleri ekleyin. Nimbus ile ilerlemenizi g\u00fcncelleyin!","robots":{"index":"index","follow":"follow","max-snippet":"max-snippet:-1","max-image-preview":"max-image-preview:large","max-video-preview":"max-video-preview:-1"},"canonical":"https:\/\/sales-ai-agents.com\/tr\/templates\/reading-list\/","og_locale":"tr_TR","og_type":"article","og_title":"Okuma Listesi \u015eablonu - Sales AI Agents","og_description":"Okuma zaman\u0131na haz\u0131r olun! Okumak istedi\u011finiz t\u00fcm kitaplar\u0131n bir listesini yap\u0131n. Her ba\u015fl\u0131k i\u00e7in tarihleri ve derecelendirmeleri ekleyin. Nimbus ile ilerlemenizi g\u00fcncelleyin!","og_url":"https:\/\/sales-ai-agents.com\/tr\/templates\/reading-list\/","og_site_name":"Sales AI Agents","article_modified_time":"2023-12-31T17:25:54+00:00","og_image":[{"width":1078,"height":1028,"url":"https:\/\/sales-ai-agents.com\/wp-content\/uploads\/2023\/01\/image-preview122527.png","type":"image\/png"}],"twitter_card":"summary_large_image","schema":{"@context":"https:\/\/schema.org","@graph":[{"@type":"WebPage","@id":"https:\/\/sales-ai-agents.com\/tr\/templates\/reading-list\/","url":"https:\/\/sales-ai-agents.com\/tr\/templates\/reading-list\/","name":"Okuma Listesi \u015eablonu - Sales AI Agents","isPartOf":{"@id":"https:\/\/sales-ai-agents.com\/#website"},"primaryImageOfPage":{"@id":"https:\/\/sales-ai-agents.com\/tr\/templates\/reading-list\/#primaryimage"},"image":{"@id":"https:\/\/sales-ai-agents.com\/tr\/templates\/reading-list\/#primaryimage"},"thumbnailUrl":"https:\/\/sales-ai-agents.com\/wp-content\/uploads\/2023\/01\/image-preview122527.png","datePublished":"2022-09-26T12:02:43+00:00","dateModified":"2023-12-31T17:25:54+00:00","description":"Okuma zaman\u0131na haz\u0131r olun! Okumak istedi\u011finiz t\u00fcm kitaplar\u0131n bir listesini yap\u0131n. Her ba\u015fl\u0131k i\u00e7in tarihleri ve derecelendirmeleri ekleyin. Nimbus ile ilerlemenizi g\u00fcncelleyin!","inLanguage":"tr","potentialAction":[{"@type":"ReadAction","target":["https:\/\/sales-ai-agents.com\/tr\/templates\/reading-list\/"]}]},{"@type":"ImageObject","inLanguage":"tr","@id":"https:\/\/sales-ai-agents.com\/tr\/templates\/reading-list\/#primaryimage","url":"https:\/\/sales-ai-agents.com\/wp-content\/uploads\/2023\/01\/image-preview122527.png","contentUrl":"https:\/\/sales-ai-agents.com\/wp-content\/uploads\/2023\/01\/image-preview122527.png","width":1078,"height":1028},{"@type":"WebSite","@id":"https:\/\/sales-ai-agents.com\/#website","url":"https:\/\/sales-ai-agents.com\/","name":"FuseBase","description":"Sales AI Agents - Free Online Collaboration Software for Remote Teams. Build your wikis, client portals and more with the Nimbus Platform collaboration tool ? A perfect space for online work","publisher":{"@id":"https:\/\/sales-ai-agents.com\/#organization"},"potentialAction":[{"@type":"SearchAction","target":{"@type":"EntryPoint","urlTemplate":"https:\/\/sales-ai-agents.com\/?s={search_term_string}"},"query-input":{"@type":"PropertyValueSpecification","valueRequired":true,"valueName":"search_term_string"}}],"inLanguage":"tr"},{"@type":"Organization","@id":"https:\/\/sales-ai-agents.com\/#organization","name":"FuseBase","url":"https:\/\/sales-ai-agents.com\/","logo":{"@type":"ImageObject","inLanguage":"tr","@id":"https:\/\/sales-ai-agents.com\/#\/schema\/logo\/image\/","url":"https:\/\/sales-ai-agents.com\/wp-content\/uploads\/2023\/11\/icon-7.svg","contentUrl":"https:\/\/sales-ai-agents.com\/wp-content\/uploads\/2023\/11\/icon-7.svg","width":128,"height":128,"caption":"FuseBase"},"image":{"@id":"https:\/\/sales-ai-agents.com\/#\/schema\/logo\/image\/"}}]}},"_links":{"self":[{"href":"https:\/\/sales-ai-agents.com\/tr\/wp-json\/wp\/v2\/product\/58039","targetHints":{"allow":["GET"]}}],"collection":[{"href":"https:\/\/sales-ai-agents.com\/tr\/wp-json\/wp\/v2\/product"}],"about":[{"href":"https:\/\/sales-ai-agents.com\/tr\/wp-json\/wp\/v2\/types\/product"}],"wp:featuredmedia":[{"embeddable":true,"href":"https:\/\/sales-ai-agents.com\/tr\/wp-json\/wp\/v2\/media\/58040"}],"wp:attachment":[{"href":"https:\/\/sales-ai-agents.com\/tr\/wp-json\/wp\/v2\/media?parent=58039"}],"wp:term":[{"taxonomy":"product_brand","embeddable":true,"href":"https:\/\/sales-ai-agents.com\/tr\/wp-json\/wp\/v2\/product_brand?post=58039"},{"taxonomy":"product_cat","embeddable":true,"href":"https:\/\/sales-ai-agents.com\/tr\/wp-json\/wp\/v2\/product_cat?post=58039"},{"taxonomy":"product_tag","embeddable":true,"href":"https:\/\/sales-ai-agents.com\/tr\/wp-json\/wp\/v2\/product_tag?post=58039"}],"curies":[{"name":"wp","href":"https:\/\/api.w.org\/{rel}","templated":true}]}}